











{"id":118182,"date":"2026-02-12T10:08:54","date_gmt":"2026-02-12T10:08:54","guid":{"rendered":"https:\/\/ses-creative.com\/?post_type=product&#038;p=118182"},"modified":"2026-02-12T10:22:39","modified_gmt":"2026-02-12T10:22:39","slug":"green-beedz-kit-de-perles-a-repasser-licorne","status":"publish","type":"product","link":"https:\/\/ses-creative.com\/fr\/produit\/green-beedz-kit-de-perles-a-repasser-licorne\/","title":{"rendered":"Green Beedz &#8211; Kit de perles \u00e0 repasser licorne"},"content":{"rendered":"<p>Ce kit Green Beedz de SES Creative permet de cr\u00e9er des d\u00e9corations en perles \u00e0 repasser tout en adoptant une approche responsable. Il contient environ 1800 perles fabriqu\u00e9es \u00e0 partir de plastique biosourc\u00e9, issu de la canne \u00e0 sucre, ainsi qu\u2019une plaque en forme de licorne con\u00e7ue en plastique recycl\u00e9 certifi\u00e9 EN71. Les perles Eco Green Beedz sont 100 % compatibles avec les autres marques, permettant une int\u00e9gration facile \u00e0 des collections existantes. Le papier \u00e0 repasser inclus compl\u00e8te ce coffret pr\u00eat \u00e0 l\u2019emploi. Con\u00e7u pour les enfants d\u00e8s 5 ans, ce kit cr\u00e9atif contribue au d\u00e9veloppement de la motricit\u00e9 fine, de l\u2019imagination et de l\u2019autonomie, tout en offrant une activit\u00e9 manuelle enrichissante \u00e0 partager entre parents et enfants. Les couleurs vives et les mat\u00e9riaux respectueux de l\u2019environnement en font une alternative durable aux perles traditionnelles. Ce jeu de loisirs cr\u00e9atifs s\u2019inscrit dans une d\u00e9marche \u00e9coresponsable gr\u00e2ce \u00e0 l\u2019utilisation de mat\u00e9riaux recycl\u00e9s et \u00e0 base v\u00e9g\u00e9tale. Un choix utile pour apprendre en s\u2019amusant tout en respectant la plan\u00e8te.<\/p>\n","protected":false},"excerpt":{"rendered":"<p>Ce kit Green Beedz de SES Creative permet de cr\u00e9er des d\u00e9corations en perles \u00e0 repasser tout en adoptant une approche responsable. Il contient environ 1800 perles fabriqu\u00e9es \u00e0 partir de plastique biosourc\u00e9, issu de la canne \u00e0 sucre, ainsi qu\u2019une plaque en forme de licorne con\u00e7ue en plastique recycl\u00e9 certifi\u00e9 EN71. Les perles Eco [&hellip;]<\/p>\n","protected":false},"featured_media":94012,"comment_status":"closed","ping_status":"closed","template":"","meta":{"_acf_changed":false},"product_brand":[],"product_cat":[125],"product_tag":[],"class_list":{"0":"post-118182","1":"product","2":"type-product","3":"status-publish","4":"has-post-thumbnail","6":"product_cat-perles-a-repasser","7":"pa_leeftijd-filter-4-6-ans","8":"pa_meest-populair-bij-garcons-filles","10":"first","11":"instock","12":"shipping-taxable","13":"product-type-simple"},"acf":[],"yoast_head":"<!-- This site is optimized with the Yoast SEO plugin v27.2 - https:\/\/yoast.com\/product\/yoast-seo-wordpress\/ -->\n<title>Green Beedz - Kit de perles \u00e0 repasser licorne - SES Creative<\/title>\n<meta name=\"robots\" content=\"index, follow, max-snippet:-1, max-image-preview:large, max-video-preview:-1\" \/>\n<link rel=\"canonical\" href=\"https:\/\/ses-creative.com\/fr\/produit\/green-beedz-kit-de-perles-a-repasser-licorne\/\" \/>\n<meta property=\"og:locale\" content=\"fr_FR\" \/>\n<meta property=\"og:type\" content=\"article\" \/>\n<meta property=\"og:title\" content=\"Green Beedz - Kit de perles \u00e0 repasser licorne - SES Creative\" \/>\n<meta property=\"og:description\" content=\"Ce kit Green Beedz de SES Creative permet de cr\u00e9er des d\u00e9corations en perles \u00e0 repasser tout en adoptant une approche responsable. Il contient environ 1800 perles fabriqu\u00e9es \u00e0 partir de plastique biosourc\u00e9, issu de la canne \u00e0 sucre, ainsi qu\u2019une plaque en forme de licorne con\u00e7ue en plastique recycl\u00e9 certifi\u00e9 EN71. Les perles Eco [&hellip;]\" \/>\n<meta property=\"og:url\" content=\"https:\/\/ses-creative.com\/fr\/produit\/green-beedz-kit-de-perles-a-repasser-licorne\/\" \/>\n<meta property=\"og:site_name\" content=\"SES Creative\" \/>\n<meta property=\"article:modified_time\" content=\"2026-02-12T10:22:39+00:00\" \/>\n<meta name=\"twitter:card\" content=\"summary_large_image\" \/>\n<meta name=\"twitter:label1\" content=\"Dur\u00e9e de lecture estim\u00e9e\" \/>\n\t<meta name=\"twitter:data1\" content=\"1 minute\" \/>\n<script type=\"application\/ld+json\" class=\"yoast-schema-graph\">{\"@context\":\"https:\/\/schema.org\",\"@graph\":[{\"@type\":\"WebPage\",\"@id\":\"https:\/\/ses-creative.com\/fr\/produit\/green-beedz-kit-de-perles-a-repasser-licorne\/\",\"url\":\"https:\/\/ses-creative.com\/fr\/produit\/green-beedz-kit-de-perles-a-repasser-licorne\/\",\"name\":\"Green Beedz - Kit de perles \u00e0 repasser licorne - SES Creative\",\"isPartOf\":{\"@id\":\"https:\/\/ses-creative.com\/#website\"},\"primaryImageOfPage\":{\"@id\":\"https:\/\/ses-creative.com\/fr\/produit\/green-beedz-kit-de-perles-a-repasser-licorne\/#primaryimage\"},\"image\":{\"@id\":\"https:\/\/ses-creative.com\/fr\/produit\/green-beedz-kit-de-perles-a-repasser-licorne\/#primaryimage\"},\"thumbnailUrl\":\"https:\/\/ses-creative.com\/wp-content\/uploads\/2026\/01\/064061.jpg\",\"datePublished\":\"2026-02-12T10:08:54+00:00\",\"dateModified\":\"2026-02-12T10:22:39+00:00\",\"breadcrumb\":{\"@id\":\"https:\/\/ses-creative.com\/fr\/produit\/green-beedz-kit-de-perles-a-repasser-licorne\/#breadcrumb\"},\"inLanguage\":\"fr-FR\",\"potentialAction\":[{\"@type\":\"ReadAction\",\"target\":[\"https:\/\/ses-creative.com\/fr\/produit\/green-beedz-kit-de-perles-a-repasser-licorne\/\"]}]},{\"@type\":\"ImageObject\",\"inLanguage\":\"fr-FR\",\"@id\":\"https:\/\/ses-creative.com\/fr\/produit\/green-beedz-kit-de-perles-a-repasser-licorne\/#primaryimage\",\"url\":\"https:\/\/ses-creative.com\/wp-content\/uploads\/2026\/01\/064061.jpg\",\"contentUrl\":\"https:\/\/ses-creative.com\/wp-content\/uploads\/2026\/01\/064061.jpg\",\"width\":1000,\"height\":1000},{\"@type\":\"BreadcrumbList\",\"@id\":\"https:\/\/ses-creative.com\/fr\/produit\/green-beedz-kit-de-perles-a-repasser-licorne\/#breadcrumb\",\"itemListElement\":[{\"@type\":\"ListItem\",\"position\":1,\"name\":\"Boutique\",\"item\":\"https:\/\/ses-creative.com\/fr\/boutique\/\"},{\"@type\":\"ListItem\",\"position\":2,\"name\":\"Perles \u00e0 repasser\",\"item\":\"https:\/\/ses-creative.com\/fr\/product-categorie\/perles-a-repasser\/\"},{\"@type\":\"ListItem\",\"position\":3,\"name\":\"Green Beedz &#8211; Kit de perles \u00e0 repasser licorne\"}]},{\"@type\":\"WebSite\",\"@id\":\"https:\/\/ses-creative.com\/#website\",\"url\":\"https:\/\/ses-creative.com\/\",\"name\":\"SES Creative\",\"description\":\"\",\"publisher\":{\"@id\":\"https:\/\/ses-creative.com\/#organization\"},\"potentialAction\":[{\"@type\":\"SearchAction\",\"target\":{\"@type\":\"EntryPoint\",\"urlTemplate\":\"https:\/\/ses-creative.com\/?s={search_term_string}\"},\"query-input\":{\"@type\":\"PropertyValueSpecification\",\"valueRequired\":true,\"valueName\":\"search_term_string\"}}],\"inLanguage\":\"fr-FR\"},{\"@type\":\"Organization\",\"@id\":\"https:\/\/ses-creative.com\/#organization\",\"name\":\"SES Creative\",\"url\":\"https:\/\/ses-creative.com\/\",\"logo\":{\"@type\":\"ImageObject\",\"inLanguage\":\"fr-FR\",\"@id\":\"https:\/\/ses-creative.com\/#\/schema\/logo\/image\/\",\"url\":\"https:\/\/ses-creative.com\/wp-content\/uploads\/2025\/10\/ses-creative-logo.jpg\",\"contentUrl\":\"https:\/\/ses-creative.com\/wp-content\/uploads\/2025\/10\/ses-creative-logo.jpg\",\"width\":2037,\"height\":2037,\"caption\":\"SES Creative\"},\"image\":{\"@id\":\"https:\/\/ses-creative.com\/#\/schema\/logo\/image\/\"}}]}<\/script>\n<!-- \/ Yoast SEO plugin. -->","yoast_head_json":{"title":"Green Beedz - Kit de perles \u00e0 repasser licorne - SES Creative","robots":{"index":"index","follow":"follow","max-snippet":"max-snippet:-1","max-image-preview":"max-image-preview:large","max-video-preview":"max-video-preview:-1"},"canonical":"https:\/\/ses-creative.com\/fr\/produit\/green-beedz-kit-de-perles-a-repasser-licorne\/","og_locale":"fr_FR","og_type":"article","og_title":"Green Beedz - Kit de perles \u00e0 repasser licorne - SES Creative","og_description":"Ce kit Green Beedz de SES Creative permet de cr\u00e9er des d\u00e9corations en perles \u00e0 repasser tout en adoptant une approche responsable. Il contient environ 1800 perles fabriqu\u00e9es \u00e0 partir de plastique biosourc\u00e9, issu de la canne \u00e0 sucre, ainsi qu\u2019une plaque en forme de licorne con\u00e7ue en plastique recycl\u00e9 certifi\u00e9 EN71. Les perles Eco [&hellip;]","og_url":"https:\/\/ses-creative.com\/fr\/produit\/green-beedz-kit-de-perles-a-repasser-licorne\/","og_site_name":"SES Creative","article_modified_time":"2026-02-12T10:22:39+00:00","twitter_card":"summary_large_image","twitter_misc":{"Dur\u00e9e de lecture estim\u00e9e":"1 minute"},"schema":{"@context":"https:\/\/schema.org","@graph":[{"@type":"WebPage","@id":"https:\/\/ses-creative.com\/fr\/produit\/green-beedz-kit-de-perles-a-repasser-licorne\/","url":"https:\/\/ses-creative.com\/fr\/produit\/green-beedz-kit-de-perles-a-repasser-licorne\/","name":"Green Beedz - Kit de perles \u00e0 repasser licorne - SES Creative","isPartOf":{"@id":"https:\/\/ses-creative.com\/#website"},"primaryImageOfPage":{"@id":"https:\/\/ses-creative.com\/fr\/produit\/green-beedz-kit-de-perles-a-repasser-licorne\/#primaryimage"},"image":{"@id":"https:\/\/ses-creative.com\/fr\/produit\/green-beedz-kit-de-perles-a-repasser-licorne\/#primaryimage"},"thumbnailUrl":"https:\/\/ses-creative.com\/wp-content\/uploads\/2026\/01\/064061.jpg","datePublished":"2026-02-12T10:08:54+00:00","dateModified":"2026-02-12T10:22:39+00:00","breadcrumb":{"@id":"https:\/\/ses-creative.com\/fr\/produit\/green-beedz-kit-de-perles-a-repasser-licorne\/#breadcrumb"},"inLanguage":"fr-FR","potentialAction":[{"@type":"ReadAction","target":["https:\/\/ses-creative.com\/fr\/produit\/green-beedz-kit-de-perles-a-repasser-licorne\/"]}]},{"@type":"ImageObject","inLanguage":"fr-FR","@id":"https:\/\/ses-creative.com\/fr\/produit\/green-beedz-kit-de-perles-a-repasser-licorne\/#primaryimage","url":"https:\/\/ses-creative.com\/wp-content\/uploads\/2026\/01\/064061.jpg","contentUrl":"https:\/\/ses-creative.com\/wp-content\/uploads\/2026\/01\/064061.jpg","width":1000,"height":1000},{"@type":"BreadcrumbList","@id":"https:\/\/ses-creative.com\/fr\/produit\/green-beedz-kit-de-perles-a-repasser-licorne\/#breadcrumb","itemListElement":[{"@type":"ListItem","position":1,"name":"Boutique","item":"https:\/\/ses-creative.com\/fr\/boutique\/"},{"@type":"ListItem","position":2,"name":"Perles \u00e0 repasser","item":"https:\/\/ses-creative.com\/fr\/product-categorie\/perles-a-repasser\/"},{"@type":"ListItem","position":3,"name":"Green Beedz &#8211; Kit de perles \u00e0 repasser licorne"}]},{"@type":"WebSite","@id":"https:\/\/ses-creative.com\/#website","url":"https:\/\/ses-creative.com\/","name":"SES Creative","description":"","publisher":{"@id":"https:\/\/ses-creative.com\/#organization"},"potentialAction":[{"@type":"SearchAction","target":{"@type":"EntryPoint","urlTemplate":"https:\/\/ses-creative.com\/?s={search_term_string}"},"query-input":{"@type":"PropertyValueSpecification","valueRequired":true,"valueName":"search_term_string"}}],"inLanguage":"fr-FR"},{"@type":"Organization","@id":"https:\/\/ses-creative.com\/#organization","name":"SES Creative","url":"https:\/\/ses-creative.com\/","logo":{"@type":"ImageObject","inLanguage":"fr-FR","@id":"https:\/\/ses-creative.com\/#\/schema\/logo\/image\/","url":"https:\/\/ses-creative.com\/wp-content\/uploads\/2025\/10\/ses-creative-logo.jpg","contentUrl":"https:\/\/ses-creative.com\/wp-content\/uploads\/2025\/10\/ses-creative-logo.jpg","width":2037,"height":2037,"caption":"SES Creative"},"image":{"@id":"https:\/\/ses-creative.com\/#\/schema\/logo\/image\/"}}]}},"_links":{"self":[{"href":"https:\/\/ses-creative.com\/fr\/wp-json\/wp\/v2\/product\/118182","targetHints":{"allow":["GET"]}}],"collection":[{"href":"https:\/\/ses-creative.com\/fr\/wp-json\/wp\/v2\/product"}],"about":[{"href":"https:\/\/ses-creative.com\/fr\/wp-json\/wp\/v2\/types\/product"}],"replies":[{"embeddable":true,"href":"https:\/\/ses-creative.com\/fr\/wp-json\/wp\/v2\/comments?post=118182"}],"wp:featuredmedia":[{"embeddable":true,"href":"https:\/\/ses-creative.com\/fr\/wp-json\/wp\/v2\/media\/94012"}],"wp:attachment":[{"href":"https:\/\/ses-creative.com\/fr\/wp-json\/wp\/v2\/media?parent=118182"}],"wp:term":[{"taxonomy":"product_brand","embeddable":true,"href":"https:\/\/ses-creative.com\/fr\/wp-json\/wp\/v2\/product_brand?post=118182"},{"taxonomy":"product_cat","embeddable":true,"href":"https:\/\/ses-creative.com\/fr\/wp-json\/wp\/v2\/product_cat?post=118182"},{"taxonomy":"product_tag","embeddable":true,"href":"https:\/\/ses-creative.com\/fr\/wp-json\/wp\/v2\/product_tag?post=118182"}],"curies":[{"name":"wp","href":"https:\/\/api.w.org\/{rel}","templated":true}]}}