











{"id":118179,"date":"2026-02-12T10:08:54","date_gmt":"2026-02-12T10:08:54","guid":{"rendered":"https:\/\/ses-creative.com\/?post_type=product&#038;p=118179"},"modified":"2026-02-12T10:22:39","modified_gmt":"2026-02-12T10:22:39","slug":"green-beedz-plateaux-de-perles-a-repasser-4x","status":"publish","type":"product","link":"https:\/\/ses-creative.com\/fr\/produit\/green-beedz-plateaux-de-perles-a-repasser-4x\/","title":{"rendered":"Green Beedz &#8211; Plateaux de perles \u00e0 repasser 4x"},"content":{"rendered":"<p>Green Beedz \u2013 4 plaques de base pour perles \u00e0 repasser : cr\u00e9ez vos propres cr\u00e9ations avec des plaques de base \u00e9cologiques<\/p>\n<p>Avec ce set Green Beedz de SES Creative, vous pouvez r\u00e9aliser les plus belles cr\u00e9ations de mani\u00e8re \u00e9cologique. Les quatre plaques de base sont fabriqu\u00e9es \u00e0 partir de mat\u00e9riaux recycl\u00e9s et offrent des possibilit\u00e9s infinies pour des cr\u00e9ations originales. Parfait pour les enfants \u00e0 partir de 5 ans qui aiment bricoler et qui souhaitent \u00eatre sensibilis\u00e9s au d\u00e9veloppement durable.<\/p>\n<p>Ce qui rend ce kit g\u00e9nial<\/p>\n<p>4 plaques de base \u00e9cologiques : hexagone, carr\u00e9, \u00e9toile et cercle<br \/>\nFabriqu\u00e9es \u00e0 partir de mat\u00e9riaux recycl\u00e9s<br \/>\nCompatible avec toutes les perles \u00e0 repasser SES<br \/>\nConvient aux enfants \u00e0 partir de 5 ans<br \/>\nStimule la cr\u00e9ativit\u00e9, la motricit\u00e9 fine et la conscience durable<\/p>\n<p>Laissez libre cours \u00e0 votre imagination<br \/>\nAvec ce set, les enfants cr\u00e9ent leurs propres motifs color\u00e9s sur des plaques de base \u00e9cologiques. Les diff\u00e9rentes formes offrent une grande vari\u00e9t\u00e9 et un plaisir cr\u00e9atif, tout en leur apprenant \u00e0 agir de mani\u00e8re durable.<\/p>\n<p>Contenu du kit<\/p>\n<p>1 plaque de base hexagonale \u00e9cologique<br \/>\n1 plaque de base carr\u00e9e \u00e9cologique<br \/>\n1 \u00e9tag\u00e8re \u00e9cologique en forme d&rsquo;\u00e9toile<br \/>\n1 tablette \u00e9cologique circulaire<\/p>\n<p>Pourquoi choisir SES Creative<br \/>\nChez SES Creative, nous accordons une grande importance \u00e0 la s\u00e9curit\u00e9 et \u00e0 la durabilit\u00e9. C&rsquo;est pourquoi nos produits sont fabriqu\u00e9s et test\u00e9s dans notre usine aux Pays-Bas, conform\u00e9ment aux normes de s\u00e9curit\u00e9 europ\u00e9ennes les plus strictes et dans le respect de l&rsquo;environnement. Green Beedz allie le plaisir de jouer de mani\u00e8re cr\u00e9ative \u00e0 la protection de notre plan\u00e8te.<\/p>\n<p>Commencez d\u00e8s aujourd&rsquo;hui votre aventure Green Beedz<br \/>\nD\u00e9couvrez le plaisir des perles \u00e0 repasser et r\u00e9alisez les plus belles cr\u00e9ations \u00e9cologiques avec ces plaques de base respectueuses de l&rsquo;environnement. Parfait pour un plaisir cr\u00e9atif et durable sans fin !<\/p>\n","protected":false},"excerpt":{"rendered":"<p>Green Beedz \u2013 4 plaques de base pour perles \u00e0 repasser : cr\u00e9ez vos propres cr\u00e9ations avec des plaques de base \u00e9cologiques Avec ce set Green Beedz de SES Creative, vous pouvez r\u00e9aliser les plus belles cr\u00e9ations de mani\u00e8re \u00e9cologique. Les quatre plaques de base sont fabriqu\u00e9es \u00e0 partir de mat\u00e9riaux recycl\u00e9s et offrent des [&hellip;]<\/p>\n","protected":false},"featured_media":93952,"comment_status":"closed","ping_status":"closed","template":"","meta":{"_acf_changed":false},"product_brand":[],"product_cat":[125],"product_tag":[],"class_list":{"0":"post-118179","1":"product","2":"type-product","3":"status-publish","4":"has-post-thumbnail","6":"product_cat-perles-a-repasser","7":"pa_leeftijd-filter-4-6-ans","8":"pa_meest-populair-bij-garcons-filles","10":"first","11":"instock","12":"shipping-taxable","13":"product-type-simple"},"acf":[],"yoast_head":"<!-- This site is optimized with the Yoast SEO plugin v27.2 - https:\/\/yoast.com\/product\/yoast-seo-wordpress\/ -->\n<title>Green Beedz - Plateaux de perles \u00e0 repasser 4x - SES Creative<\/title>\n<meta name=\"robots\" content=\"index, follow, max-snippet:-1, max-image-preview:large, max-video-preview:-1\" \/>\n<link rel=\"canonical\" href=\"https:\/\/ses-creative.com\/fr\/produit\/green-beedz-plateaux-de-perles-a-repasser-4x\/\" \/>\n<meta property=\"og:locale\" content=\"fr_FR\" \/>\n<meta property=\"og:type\" content=\"article\" \/>\n<meta property=\"og:title\" content=\"Green Beedz - Plateaux de perles \u00e0 repasser 4x - SES Creative\" \/>\n<meta property=\"og:description\" content=\"Green Beedz \u2013 4 plaques de base pour perles \u00e0 repasser : cr\u00e9ez vos propres cr\u00e9ations avec des plaques de base \u00e9cologiques Avec ce set Green Beedz de SES Creative, vous pouvez r\u00e9aliser les plus belles cr\u00e9ations de mani\u00e8re \u00e9cologique. Les quatre plaques de base sont fabriqu\u00e9es \u00e0 partir de mat\u00e9riaux recycl\u00e9s et offrent des [&hellip;]\" \/>\n<meta property=\"og:url\" content=\"https:\/\/ses-creative.com\/fr\/produit\/green-beedz-plateaux-de-perles-a-repasser-4x\/\" \/>\n<meta property=\"og:site_name\" content=\"SES Creative\" \/>\n<meta property=\"article:modified_time\" content=\"2026-02-12T10:22:39+00:00\" \/>\n<meta name=\"twitter:card\" content=\"summary_large_image\" \/>\n<meta name=\"twitter:label1\" content=\"Dur\u00e9e de lecture estim\u00e9e\" \/>\n\t<meta name=\"twitter:data1\" content=\"2 minutes\" \/>\n<script type=\"application\/ld+json\" class=\"yoast-schema-graph\">{\"@context\":\"https:\/\/schema.org\",\"@graph\":[{\"@type\":\"WebPage\",\"@id\":\"https:\/\/ses-creative.com\/fr\/produit\/green-beedz-plateaux-de-perles-a-repasser-4x\/\",\"url\":\"https:\/\/ses-creative.com\/fr\/produit\/green-beedz-plateaux-de-perles-a-repasser-4x\/\",\"name\":\"Green Beedz - Plateaux de perles \u00e0 repasser 4x - SES Creative\",\"isPartOf\":{\"@id\":\"https:\/\/ses-creative.com\/#website\"},\"primaryImageOfPage\":{\"@id\":\"https:\/\/ses-creative.com\/fr\/produit\/green-beedz-plateaux-de-perles-a-repasser-4x\/#primaryimage\"},\"image\":{\"@id\":\"https:\/\/ses-creative.com\/fr\/produit\/green-beedz-plateaux-de-perles-a-repasser-4x\/#primaryimage\"},\"thumbnailUrl\":\"https:\/\/ses-creative.com\/wp-content\/uploads\/2026\/01\/064031.jpg\",\"datePublished\":\"2026-02-12T10:08:54+00:00\",\"dateModified\":\"2026-02-12T10:22:39+00:00\",\"breadcrumb\":{\"@id\":\"https:\/\/ses-creative.com\/fr\/produit\/green-beedz-plateaux-de-perles-a-repasser-4x\/#breadcrumb\"},\"inLanguage\":\"fr-FR\",\"potentialAction\":[{\"@type\":\"ReadAction\",\"target\":[\"https:\/\/ses-creative.com\/fr\/produit\/green-beedz-plateaux-de-perles-a-repasser-4x\/\"]}]},{\"@type\":\"ImageObject\",\"inLanguage\":\"fr-FR\",\"@id\":\"https:\/\/ses-creative.com\/fr\/produit\/green-beedz-plateaux-de-perles-a-repasser-4x\/#primaryimage\",\"url\":\"https:\/\/ses-creative.com\/wp-content\/uploads\/2026\/01\/064031.jpg\",\"contentUrl\":\"https:\/\/ses-creative.com\/wp-content\/uploads\/2026\/01\/064031.jpg\",\"width\":1000,\"height\":1000},{\"@type\":\"BreadcrumbList\",\"@id\":\"https:\/\/ses-creative.com\/fr\/produit\/green-beedz-plateaux-de-perles-a-repasser-4x\/#breadcrumb\",\"itemListElement\":[{\"@type\":\"ListItem\",\"position\":1,\"name\":\"Boutique\",\"item\":\"https:\/\/ses-creative.com\/fr\/boutique\/\"},{\"@type\":\"ListItem\",\"position\":2,\"name\":\"Perles \u00e0 repasser\",\"item\":\"https:\/\/ses-creative.com\/fr\/product-categorie\/perles-a-repasser\/\"},{\"@type\":\"ListItem\",\"position\":3,\"name\":\"Green Beedz &#8211; Plateaux de perles \u00e0 repasser 4x\"}]},{\"@type\":\"WebSite\",\"@id\":\"https:\/\/ses-creative.com\/#website\",\"url\":\"https:\/\/ses-creative.com\/\",\"name\":\"SES Creative\",\"description\":\"\",\"publisher\":{\"@id\":\"https:\/\/ses-creative.com\/#organization\"},\"potentialAction\":[{\"@type\":\"SearchAction\",\"target\":{\"@type\":\"EntryPoint\",\"urlTemplate\":\"https:\/\/ses-creative.com\/?s={search_term_string}\"},\"query-input\":{\"@type\":\"PropertyValueSpecification\",\"valueRequired\":true,\"valueName\":\"search_term_string\"}}],\"inLanguage\":\"fr-FR\"},{\"@type\":\"Organization\",\"@id\":\"https:\/\/ses-creative.com\/#organization\",\"name\":\"SES Creative\",\"url\":\"https:\/\/ses-creative.com\/\",\"logo\":{\"@type\":\"ImageObject\",\"inLanguage\":\"fr-FR\",\"@id\":\"https:\/\/ses-creative.com\/#\/schema\/logo\/image\/\",\"url\":\"https:\/\/ses-creative.com\/wp-content\/uploads\/2025\/10\/ses-creative-logo.jpg\",\"contentUrl\":\"https:\/\/ses-creative.com\/wp-content\/uploads\/2025\/10\/ses-creative-logo.jpg\",\"width\":2037,\"height\":2037,\"caption\":\"SES Creative\"},\"image\":{\"@id\":\"https:\/\/ses-creative.com\/#\/schema\/logo\/image\/\"}}]}<\/script>\n<!-- \/ Yoast SEO plugin. -->","yoast_head_json":{"title":"Green Beedz - Plateaux de perles \u00e0 repasser 4x - SES Creative","robots":{"index":"index","follow":"follow","max-snippet":"max-snippet:-1","max-image-preview":"max-image-preview:large","max-video-preview":"max-video-preview:-1"},"canonical":"https:\/\/ses-creative.com\/fr\/produit\/green-beedz-plateaux-de-perles-a-repasser-4x\/","og_locale":"fr_FR","og_type":"article","og_title":"Green Beedz - Plateaux de perles \u00e0 repasser 4x - SES Creative","og_description":"Green Beedz \u2013 4 plaques de base pour perles \u00e0 repasser : cr\u00e9ez vos propres cr\u00e9ations avec des plaques de base \u00e9cologiques Avec ce set Green Beedz de SES Creative, vous pouvez r\u00e9aliser les plus belles cr\u00e9ations de mani\u00e8re \u00e9cologique. Les quatre plaques de base sont fabriqu\u00e9es \u00e0 partir de mat\u00e9riaux recycl\u00e9s et offrent des [&hellip;]","og_url":"https:\/\/ses-creative.com\/fr\/produit\/green-beedz-plateaux-de-perles-a-repasser-4x\/","og_site_name":"SES Creative","article_modified_time":"2026-02-12T10:22:39+00:00","twitter_card":"summary_large_image","twitter_misc":{"Dur\u00e9e de lecture estim\u00e9e":"2 minutes"},"schema":{"@context":"https:\/\/schema.org","@graph":[{"@type":"WebPage","@id":"https:\/\/ses-creative.com\/fr\/produit\/green-beedz-plateaux-de-perles-a-repasser-4x\/","url":"https:\/\/ses-creative.com\/fr\/produit\/green-beedz-plateaux-de-perles-a-repasser-4x\/","name":"Green Beedz - Plateaux de perles \u00e0 repasser 4x - SES Creative","isPartOf":{"@id":"https:\/\/ses-creative.com\/#website"},"primaryImageOfPage":{"@id":"https:\/\/ses-creative.com\/fr\/produit\/green-beedz-plateaux-de-perles-a-repasser-4x\/#primaryimage"},"image":{"@id":"https:\/\/ses-creative.com\/fr\/produit\/green-beedz-plateaux-de-perles-a-repasser-4x\/#primaryimage"},"thumbnailUrl":"https:\/\/ses-creative.com\/wp-content\/uploads\/2026\/01\/064031.jpg","datePublished":"2026-02-12T10:08:54+00:00","dateModified":"2026-02-12T10:22:39+00:00","breadcrumb":{"@id":"https:\/\/ses-creative.com\/fr\/produit\/green-beedz-plateaux-de-perles-a-repasser-4x\/#breadcrumb"},"inLanguage":"fr-FR","potentialAction":[{"@type":"ReadAction","target":["https:\/\/ses-creative.com\/fr\/produit\/green-beedz-plateaux-de-perles-a-repasser-4x\/"]}]},{"@type":"ImageObject","inLanguage":"fr-FR","@id":"https:\/\/ses-creative.com\/fr\/produit\/green-beedz-plateaux-de-perles-a-repasser-4x\/#primaryimage","url":"https:\/\/ses-creative.com\/wp-content\/uploads\/2026\/01\/064031.jpg","contentUrl":"https:\/\/ses-creative.com\/wp-content\/uploads\/2026\/01\/064031.jpg","width":1000,"height":1000},{"@type":"BreadcrumbList","@id":"https:\/\/ses-creative.com\/fr\/produit\/green-beedz-plateaux-de-perles-a-repasser-4x\/#breadcrumb","itemListElement":[{"@type":"ListItem","position":1,"name":"Boutique","item":"https:\/\/ses-creative.com\/fr\/boutique\/"},{"@type":"ListItem","position":2,"name":"Perles \u00e0 repasser","item":"https:\/\/ses-creative.com\/fr\/product-categorie\/perles-a-repasser\/"},{"@type":"ListItem","position":3,"name":"Green Beedz &#8211; Plateaux de perles \u00e0 repasser 4x"}]},{"@type":"WebSite","@id":"https:\/\/ses-creative.com\/#website","url":"https:\/\/ses-creative.com\/","name":"SES Creative","description":"","publisher":{"@id":"https:\/\/ses-creative.com\/#organization"},"potentialAction":[{"@type":"SearchAction","target":{"@type":"EntryPoint","urlTemplate":"https:\/\/ses-creative.com\/?s={search_term_string}"},"query-input":{"@type":"PropertyValueSpecification","valueRequired":true,"valueName":"search_term_string"}}],"inLanguage":"fr-FR"},{"@type":"Organization","@id":"https:\/\/ses-creative.com\/#organization","name":"SES Creative","url":"https:\/\/ses-creative.com\/","logo":{"@type":"ImageObject","inLanguage":"fr-FR","@id":"https:\/\/ses-creative.com\/#\/schema\/logo\/image\/","url":"https:\/\/ses-creative.com\/wp-content\/uploads\/2025\/10\/ses-creative-logo.jpg","contentUrl":"https:\/\/ses-creative.com\/wp-content\/uploads\/2025\/10\/ses-creative-logo.jpg","width":2037,"height":2037,"caption":"SES Creative"},"image":{"@id":"https:\/\/ses-creative.com\/#\/schema\/logo\/image\/"}}]}},"_links":{"self":[{"href":"https:\/\/ses-creative.com\/fr\/wp-json\/wp\/v2\/product\/118179","targetHints":{"allow":["GET"]}}],"collection":[{"href":"https:\/\/ses-creative.com\/fr\/wp-json\/wp\/v2\/product"}],"about":[{"href":"https:\/\/ses-creative.com\/fr\/wp-json\/wp\/v2\/types\/product"}],"replies":[{"embeddable":true,"href":"https:\/\/ses-creative.com\/fr\/wp-json\/wp\/v2\/comments?post=118179"}],"wp:featuredmedia":[{"embeddable":true,"href":"https:\/\/ses-creative.com\/fr\/wp-json\/wp\/v2\/media\/93952"}],"wp:attachment":[{"href":"https:\/\/ses-creative.com\/fr\/wp-json\/wp\/v2\/media?parent=118179"}],"wp:term":[{"taxonomy":"product_brand","embeddable":true,"href":"https:\/\/ses-creative.com\/fr\/wp-json\/wp\/v2\/product_brand?post=118179"},{"taxonomy":"product_cat","embeddable":true,"href":"https:\/\/ses-creative.com\/fr\/wp-json\/wp\/v2\/product_cat?post=118179"},{"taxonomy":"product_tag","embeddable":true,"href":"https:\/\/ses-creative.com\/fr\/wp-json\/wp\/v2\/product_tag?post=118179"}],"curies":[{"name":"wp","href":"https:\/\/api.w.org\/{rel}","templated":true}]}}