











{"id":118177,"date":"2026-02-12T10:08:53","date_gmt":"2026-02-12T10:08:53","guid":{"rendered":"https:\/\/ses-creative.com\/?post_type=product&#038;p=118177"},"modified":"2026-02-12T10:22:38","modified_gmt":"2026-02-12T10:22:38","slug":"melange-de-perles-a-repasser-boites-9000","status":"publish","type":"product","link":"https:\/\/ses-creative.com\/fr\/produit\/melange-de-perles-a-repasser-boites-9000\/","title":{"rendered":"M\u00e9lange de perles \u00e0 repasser &#8211; Bo\u00eetes 9000"},"content":{"rendered":"<p>Beedz \u2013 Mix 9000 perles \u00e0 repasser : un plaisir cr\u00e9atif illimit\u00e9<\/p>\n<p>Avec ce set Beedz de SES Creative, vous disposez de pas moins de 9000 perles \u00e0 repasser aux couleurs vives. Parfait comme point de d\u00e9part pour les d\u00e9butants ou comme compl\u00e9ment \u00e0 d&rsquo;autres sets. Les perles sont emball\u00e9es dans un pot pratique et refermable, ce qui facilite le rangement et la conservation. Id\u00e9al pour les enfants \u00e0 partir de 5 ans qui veulent laisser libre cours \u00e0 leur cr\u00e9ativit\u00e9.<\/p>\n<p>Ce qui rend ce kit g\u00e9nial<\/p>\n<p>Comprend 9000 perles \u00e0 repasser dans un pot refermable pratique<br \/>\nDes couleurs vives pour les plus belles cr\u00e9ations<br \/>\nPerles sans PVC pour une exp\u00e9rience de jeu en toute s\u00e9curit\u00e9<br \/>\nConvient aux enfants \u00e0 partir de 5 ans<br \/>\nStimule la cr\u00e9ativit\u00e9 et la motricit\u00e9 fine<\/p>\n<p>Laissez libre cours \u00e0 votre imagination<br \/>\nAvec cet immense assortiment de perles, les enfants peuvent cr\u00e9er des designs \u00e0 l&rsquo;infini. Des personnages joyeux aux motifs color\u00e9s : tout est possible. Le processus cr\u00e9atif aide non seulement \u00e0 d\u00e9velopper la motricit\u00e9 fine, mais procure \u00e9galement un grand sentiment de satisfaction.<\/p>\n<p>Contenu du set<\/p>\n<p>Seau contenant 9000 perles \u00e0 repasser de diff\u00e9rentes couleurs<\/p>\n<p>Pourquoi choisir SES Creative<br \/>\nChez SES Creative, nous accordons une grande importance \u00e0 la s\u00e9curit\u00e9. C&rsquo;est pourquoi nos produits sont fabriqu\u00e9s et test\u00e9s dans notre usine aux Pays-Bas, conform\u00e9ment aux normes de s\u00e9curit\u00e9 europ\u00e9ennes les plus strictes. Les jouets SES Creative sont source de plaisir et permettent aux enfants d&rsquo;\u00eatre fiers de leur travail, ce qui stimule leur cr\u00e9ativit\u00e9 et leur d\u00e9veloppement.<\/p>\n<p>Commencez d\u00e8s aujourd&rsquo;hui votre aventure Beedz<br \/>\nD\u00e9couvrez le plaisir des perles \u00e0 repasser et cr\u00e9ez les plus belles \u0153uvres d&rsquo;art avec ce m\u00e9lange color\u00e9 de 9 000 perles. Parfait pour un plaisir cr\u00e9atif sans fin !<\/p>\n","protected":false},"excerpt":{"rendered":"<p>Beedz \u2013 Mix 9000 perles \u00e0 repasser : un plaisir cr\u00e9atif illimit\u00e9 Avec ce set Beedz de SES Creative, vous disposez de pas moins de 9000 perles \u00e0 repasser aux couleurs vives. Parfait comme point de d\u00e9part pour les d\u00e9butants ou comme compl\u00e9ment \u00e0 d&rsquo;autres sets. Les perles sont emball\u00e9es dans un pot pratique et [&hellip;]<\/p>\n","protected":false},"featured_media":100348,"comment_status":"closed","ping_status":"closed","template":"","meta":{"_acf_changed":false},"product_brand":[],"product_cat":[125],"product_tag":[],"class_list":{"0":"post-118177","1":"product","2":"type-product","3":"status-publish","4":"has-post-thumbnail","6":"product_cat-perles-a-repasser","7":"pa_leeftijd-filter-4-6-ans","8":"pa_meest-populair-bij-garcons-filles","10":"first","11":"instock","12":"shipping-taxable","13":"product-type-simple"},"acf":[],"yoast_head":"<!-- This site is optimized with the Yoast SEO plugin v27.2 - https:\/\/yoast.com\/product\/yoast-seo-wordpress\/ -->\n<title>M\u00e9lange de perles \u00e0 repasser - Bo\u00eetes 9000 - SES Creative<\/title>\n<meta name=\"robots\" content=\"index, follow, max-snippet:-1, max-image-preview:large, max-video-preview:-1\" \/>\n<link rel=\"canonical\" href=\"https:\/\/ses-creative.com\/fr\/produit\/melange-de-perles-a-repasser-boites-9000\/\" \/>\n<meta property=\"og:locale\" content=\"fr_FR\" \/>\n<meta property=\"og:type\" content=\"article\" \/>\n<meta property=\"og:title\" content=\"M\u00e9lange de perles \u00e0 repasser - Bo\u00eetes 9000 - SES Creative\" \/>\n<meta property=\"og:description\" content=\"Beedz \u2013 Mix 9000 perles \u00e0 repasser : un plaisir cr\u00e9atif illimit\u00e9 Avec ce set Beedz de SES Creative, vous disposez de pas moins de 9000 perles \u00e0 repasser aux couleurs vives. Parfait comme point de d\u00e9part pour les d\u00e9butants ou comme compl\u00e9ment \u00e0 d&rsquo;autres sets. Les perles sont emball\u00e9es dans un pot pratique et [&hellip;]\" \/>\n<meta property=\"og:url\" content=\"https:\/\/ses-creative.com\/fr\/produit\/melange-de-perles-a-repasser-boites-9000\/\" \/>\n<meta property=\"og:site_name\" content=\"SES Creative\" \/>\n<meta property=\"article:modified_time\" content=\"2026-02-12T10:22:38+00:00\" \/>\n<meta name=\"twitter:card\" content=\"summary_large_image\" \/>\n<meta name=\"twitter:label1\" content=\"Dur\u00e9e de lecture estim\u00e9e\" \/>\n\t<meta name=\"twitter:data1\" content=\"1 minute\" \/>\n<script type=\"application\/ld+json\" class=\"yoast-schema-graph\">{\"@context\":\"https:\/\/schema.org\",\"@graph\":[{\"@type\":\"WebPage\",\"@id\":\"https:\/\/ses-creative.com\/fr\/produit\/melange-de-perles-a-repasser-boites-9000\/\",\"url\":\"https:\/\/ses-creative.com\/fr\/produit\/melange-de-perles-a-repasser-boites-9000\/\",\"name\":\"M\u00e9lange de perles \u00e0 repasser - Bo\u00eetes 9000 - SES Creative\",\"isPartOf\":{\"@id\":\"https:\/\/ses-creative.com\/#website\"},\"primaryImageOfPage\":{\"@id\":\"https:\/\/ses-creative.com\/fr\/produit\/melange-de-perles-a-repasser-boites-9000\/#primaryimage\"},\"image\":{\"@id\":\"https:\/\/ses-creative.com\/fr\/produit\/melange-de-perles-a-repasser-boites-9000\/#primaryimage\"},\"thumbnailUrl\":\"https:\/\/ses-creative.com\/wp-content\/uploads\/2026\/01\/063211.jpg\",\"datePublished\":\"2026-02-12T10:08:53+00:00\",\"dateModified\":\"2026-02-12T10:22:38+00:00\",\"breadcrumb\":{\"@id\":\"https:\/\/ses-creative.com\/fr\/produit\/melange-de-perles-a-repasser-boites-9000\/#breadcrumb\"},\"inLanguage\":\"fr-FR\",\"potentialAction\":[{\"@type\":\"ReadAction\",\"target\":[\"https:\/\/ses-creative.com\/fr\/produit\/melange-de-perles-a-repasser-boites-9000\/\"]}]},{\"@type\":\"ImageObject\",\"inLanguage\":\"fr-FR\",\"@id\":\"https:\/\/ses-creative.com\/fr\/produit\/melange-de-perles-a-repasser-boites-9000\/#primaryimage\",\"url\":\"https:\/\/ses-creative.com\/wp-content\/uploads\/2026\/01\/063211.jpg\",\"contentUrl\":\"https:\/\/ses-creative.com\/wp-content\/uploads\/2026\/01\/063211.jpg\",\"width\":1000,\"height\":1000},{\"@type\":\"BreadcrumbList\",\"@id\":\"https:\/\/ses-creative.com\/fr\/produit\/melange-de-perles-a-repasser-boites-9000\/#breadcrumb\",\"itemListElement\":[{\"@type\":\"ListItem\",\"position\":1,\"name\":\"Boutique\",\"item\":\"https:\/\/ses-creative.com\/fr\/boutique\/\"},{\"@type\":\"ListItem\",\"position\":2,\"name\":\"Perles \u00e0 repasser\",\"item\":\"https:\/\/ses-creative.com\/fr\/product-categorie\/perles-a-repasser\/\"},{\"@type\":\"ListItem\",\"position\":3,\"name\":\"M\u00e9lange de perles \u00e0 repasser &#8211; Bo\u00eetes 9000\"}]},{\"@type\":\"WebSite\",\"@id\":\"https:\/\/ses-creative.com\/#website\",\"url\":\"https:\/\/ses-creative.com\/\",\"name\":\"SES Creative\",\"description\":\"\",\"publisher\":{\"@id\":\"https:\/\/ses-creative.com\/#organization\"},\"potentialAction\":[{\"@type\":\"SearchAction\",\"target\":{\"@type\":\"EntryPoint\",\"urlTemplate\":\"https:\/\/ses-creative.com\/?s={search_term_string}\"},\"query-input\":{\"@type\":\"PropertyValueSpecification\",\"valueRequired\":true,\"valueName\":\"search_term_string\"}}],\"inLanguage\":\"fr-FR\"},{\"@type\":\"Organization\",\"@id\":\"https:\/\/ses-creative.com\/#organization\",\"name\":\"SES Creative\",\"url\":\"https:\/\/ses-creative.com\/\",\"logo\":{\"@type\":\"ImageObject\",\"inLanguage\":\"fr-FR\",\"@id\":\"https:\/\/ses-creative.com\/#\/schema\/logo\/image\/\",\"url\":\"https:\/\/ses-creative.com\/wp-content\/uploads\/2025\/10\/ses-creative-logo.jpg\",\"contentUrl\":\"https:\/\/ses-creative.com\/wp-content\/uploads\/2025\/10\/ses-creative-logo.jpg\",\"width\":2037,\"height\":2037,\"caption\":\"SES Creative\"},\"image\":{\"@id\":\"https:\/\/ses-creative.com\/#\/schema\/logo\/image\/\"}}]}<\/script>\n<!-- \/ Yoast SEO plugin. -->","yoast_head_json":{"title":"M\u00e9lange de perles \u00e0 repasser - Bo\u00eetes 9000 - SES Creative","robots":{"index":"index","follow":"follow","max-snippet":"max-snippet:-1","max-image-preview":"max-image-preview:large","max-video-preview":"max-video-preview:-1"},"canonical":"https:\/\/ses-creative.com\/fr\/produit\/melange-de-perles-a-repasser-boites-9000\/","og_locale":"fr_FR","og_type":"article","og_title":"M\u00e9lange de perles \u00e0 repasser - Bo\u00eetes 9000 - SES Creative","og_description":"Beedz \u2013 Mix 9000 perles \u00e0 repasser : un plaisir cr\u00e9atif illimit\u00e9 Avec ce set Beedz de SES Creative, vous disposez de pas moins de 9000 perles \u00e0 repasser aux couleurs vives. Parfait comme point de d\u00e9part pour les d\u00e9butants ou comme compl\u00e9ment \u00e0 d&rsquo;autres sets. Les perles sont emball\u00e9es dans un pot pratique et [&hellip;]","og_url":"https:\/\/ses-creative.com\/fr\/produit\/melange-de-perles-a-repasser-boites-9000\/","og_site_name":"SES Creative","article_modified_time":"2026-02-12T10:22:38+00:00","twitter_card":"summary_large_image","twitter_misc":{"Dur\u00e9e de lecture estim\u00e9e":"1 minute"},"schema":{"@context":"https:\/\/schema.org","@graph":[{"@type":"WebPage","@id":"https:\/\/ses-creative.com\/fr\/produit\/melange-de-perles-a-repasser-boites-9000\/","url":"https:\/\/ses-creative.com\/fr\/produit\/melange-de-perles-a-repasser-boites-9000\/","name":"M\u00e9lange de perles \u00e0 repasser - Bo\u00eetes 9000 - SES Creative","isPartOf":{"@id":"https:\/\/ses-creative.com\/#website"},"primaryImageOfPage":{"@id":"https:\/\/ses-creative.com\/fr\/produit\/melange-de-perles-a-repasser-boites-9000\/#primaryimage"},"image":{"@id":"https:\/\/ses-creative.com\/fr\/produit\/melange-de-perles-a-repasser-boites-9000\/#primaryimage"},"thumbnailUrl":"https:\/\/ses-creative.com\/wp-content\/uploads\/2026\/01\/063211.jpg","datePublished":"2026-02-12T10:08:53+00:00","dateModified":"2026-02-12T10:22:38+00:00","breadcrumb":{"@id":"https:\/\/ses-creative.com\/fr\/produit\/melange-de-perles-a-repasser-boites-9000\/#breadcrumb"},"inLanguage":"fr-FR","potentialAction":[{"@type":"ReadAction","target":["https:\/\/ses-creative.com\/fr\/produit\/melange-de-perles-a-repasser-boites-9000\/"]}]},{"@type":"ImageObject","inLanguage":"fr-FR","@id":"https:\/\/ses-creative.com\/fr\/produit\/melange-de-perles-a-repasser-boites-9000\/#primaryimage","url":"https:\/\/ses-creative.com\/wp-content\/uploads\/2026\/01\/063211.jpg","contentUrl":"https:\/\/ses-creative.com\/wp-content\/uploads\/2026\/01\/063211.jpg","width":1000,"height":1000},{"@type":"BreadcrumbList","@id":"https:\/\/ses-creative.com\/fr\/produit\/melange-de-perles-a-repasser-boites-9000\/#breadcrumb","itemListElement":[{"@type":"ListItem","position":1,"name":"Boutique","item":"https:\/\/ses-creative.com\/fr\/boutique\/"},{"@type":"ListItem","position":2,"name":"Perles \u00e0 repasser","item":"https:\/\/ses-creative.com\/fr\/product-categorie\/perles-a-repasser\/"},{"@type":"ListItem","position":3,"name":"M\u00e9lange de perles \u00e0 repasser &#8211; Bo\u00eetes 9000"}]},{"@type":"WebSite","@id":"https:\/\/ses-creative.com\/#website","url":"https:\/\/ses-creative.com\/","name":"SES Creative","description":"","publisher":{"@id":"https:\/\/ses-creative.com\/#organization"},"potentialAction":[{"@type":"SearchAction","target":{"@type":"EntryPoint","urlTemplate":"https:\/\/ses-creative.com\/?s={search_term_string}"},"query-input":{"@type":"PropertyValueSpecification","valueRequired":true,"valueName":"search_term_string"}}],"inLanguage":"fr-FR"},{"@type":"Organization","@id":"https:\/\/ses-creative.com\/#organization","name":"SES Creative","url":"https:\/\/ses-creative.com\/","logo":{"@type":"ImageObject","inLanguage":"fr-FR","@id":"https:\/\/ses-creative.com\/#\/schema\/logo\/image\/","url":"https:\/\/ses-creative.com\/wp-content\/uploads\/2025\/10\/ses-creative-logo.jpg","contentUrl":"https:\/\/ses-creative.com\/wp-content\/uploads\/2025\/10\/ses-creative-logo.jpg","width":2037,"height":2037,"caption":"SES Creative"},"image":{"@id":"https:\/\/ses-creative.com\/#\/schema\/logo\/image\/"}}]}},"_links":{"self":[{"href":"https:\/\/ses-creative.com\/fr\/wp-json\/wp\/v2\/product\/118177","targetHints":{"allow":["GET"]}}],"collection":[{"href":"https:\/\/ses-creative.com\/fr\/wp-json\/wp\/v2\/product"}],"about":[{"href":"https:\/\/ses-creative.com\/fr\/wp-json\/wp\/v2\/types\/product"}],"replies":[{"embeddable":true,"href":"https:\/\/ses-creative.com\/fr\/wp-json\/wp\/v2\/comments?post=118177"}],"wp:featuredmedia":[{"embeddable":true,"href":"https:\/\/ses-creative.com\/fr\/wp-json\/wp\/v2\/media\/100348"}],"wp:attachment":[{"href":"https:\/\/ses-creative.com\/fr\/wp-json\/wp\/v2\/media?parent=118177"}],"wp:term":[{"taxonomy":"product_brand","embeddable":true,"href":"https:\/\/ses-creative.com\/fr\/wp-json\/wp\/v2\/product_brand?post=118177"},{"taxonomy":"product_cat","embeddable":true,"href":"https:\/\/ses-creative.com\/fr\/wp-json\/wp\/v2\/product_cat?post=118177"},{"taxonomy":"product_tag","embeddable":true,"href":"https:\/\/ses-creative.com\/fr\/wp-json\/wp\/v2\/product_tag?post=118177"}],"curies":[{"name":"wp","href":"https:\/\/api.w.org\/{rel}","templated":true}]}}