











{"id":118176,"date":"2026-02-12T10:08:53","date_gmt":"2026-02-12T10:08:53","guid":{"rendered":"https:\/\/ses-creative.com\/?post_type=product&#038;p=118176"},"modified":"2026-02-12T10:22:38","modified_gmt":"2026-02-12T10:22:38","slug":"3-plaques-connectables-hexagonales","status":"publish","type":"product","link":"https:\/\/ses-creative.com\/fr\/produit\/3-plaques-connectables-hexagonales\/","title":{"rendered":"3 plaques connectables hexagonales"},"content":{"rendered":"<p>Beedz \u2013 Hexagone Plaques de base 3 pi\u00e8ces : cr\u00e9ez des \u0153uvres d&rsquo;art uniques avec des perles \u00e0 repasser<\/p>\n<p>Avec ce set Beedz de SES Creative, vous r\u00e9aliserez les plus belles cr\u00e9ations en perles \u00e0 repasser avec une touche moderne. Les trois plaques de base hexagonales connectables offrent des possibilit\u00e9s infinies pour cr\u00e9er des motifs et des dessins. La forme hexagonale particuli\u00e8re donne \u00e0 vos \u0153uvres d&rsquo;art un aspect contemporain. Parfait pour les enfants \u00e0 partir de 5 ans qui aiment bricoler et veulent cr\u00e9er quelque chose de sp\u00e9cial.<\/p>\n<p>Ce qui rend ce set g\u00e9nial<\/p>\n<p>Comprend 3 plaques de base hexagonales connectables<br \/>\nAssemblables pour cr\u00e9er des \u0153uvres d&rsquo;art plus grandes et plus complexes<br \/>\nForme hexagonale unique pour une libert\u00e9 cr\u00e9ative<br \/>\nConvient aux enfants \u00e0 partir de 5 ans<br \/>\nStimule la cr\u00e9ativit\u00e9 et la motricit\u00e9 fine<\/p>\n<p>Laissez libre cours \u00e0 votre imagination<br \/>\nAvec ce set, les enfants peuvent cr\u00e9er leurs propres designs modernes. En assemblant simplement les plaques, ils obtiennent une grande surface pour cr\u00e9er des motifs ou des \u0153uvres d&rsquo;art color\u00e9es. Une fa\u00e7on id\u00e9ale d&rsquo;\u00eatre cr\u00e9atif et de d\u00e9couvrir son propre style.<\/p>\n<p>Contenu du set<\/p>\n<p>3 plaques de base hexagonales \u00e0 assembler<\/p>\n<p>Pourquoi choisir SES Creative<br \/>\nChez SES Creative, nous accordons une grande importance \u00e0 la s\u00e9curit\u00e9. C&rsquo;est pourquoi nos produits sont fabriqu\u00e9s et test\u00e9s dans notre usine aux Pays-Bas, conform\u00e9ment aux normes de s\u00e9curit\u00e9 europ\u00e9ennes les plus strictes. Les jouets SES Creative sont source de plaisir et permettent aux enfants d&rsquo;\u00eatre fiers de leur travail, ce qui stimule leur cr\u00e9ativit\u00e9 et leur d\u00e9veloppement.<\/p>\n<p>Commencez d\u00e8s aujourd&rsquo;hui votre aventure Beedz<br \/>\nD\u00e9couvrez le plaisir de cr\u00e9er des \u0153uvres d&rsquo;art uniques avec ces plaques de base hexagonales. Combinez, concevez et repassez votre chef-d&rsquo;\u0153uvre : les possibilit\u00e9s sont infinies !<\/p>\n","protected":false},"excerpt":{"rendered":"<p>Beedz \u2013 Hexagone Plaques de base 3 pi\u00e8ces : cr\u00e9ez des \u0153uvres d&rsquo;art uniques avec des perles \u00e0 repasser Avec ce set Beedz de SES Creative, vous r\u00e9aliserez les plus belles cr\u00e9ations en perles \u00e0 repasser avec une touche moderne. Les trois plaques de base hexagonales connectables offrent des possibilit\u00e9s infinies pour cr\u00e9er des motifs [&hellip;]<\/p>\n","protected":false},"featured_media":93932,"comment_status":"closed","ping_status":"closed","template":"","meta":{"_acf_changed":false},"product_brand":[],"product_cat":[125],"product_tag":[],"class_list":{"0":"post-118176","1":"product","2":"type-product","3":"status-publish","4":"has-post-thumbnail","6":"product_cat-perles-a-repasser","7":"pa_leeftijd-filter-4-6-ans","8":"pa_meest-populair-bij-garcons-filles","10":"first","11":"instock","12":"shipping-taxable","13":"product-type-simple"},"acf":[],"yoast_head":"<!-- This site is optimized with the Yoast SEO plugin v27.2 - https:\/\/yoast.com\/product\/yoast-seo-wordpress\/ -->\n<title>3 plaques connectables hexagonales - SES Creative<\/title>\n<meta name=\"robots\" content=\"index, follow, max-snippet:-1, max-image-preview:large, max-video-preview:-1\" \/>\n<link rel=\"canonical\" href=\"https:\/\/ses-creative.com\/fr\/produit\/3-plaques-connectables-hexagonales\/\" \/>\n<meta property=\"og:locale\" content=\"fr_FR\" \/>\n<meta property=\"og:type\" content=\"article\" \/>\n<meta property=\"og:title\" content=\"3 plaques connectables hexagonales - SES Creative\" \/>\n<meta property=\"og:description\" content=\"Beedz \u2013 Hexagone Plaques de base 3 pi\u00e8ces : cr\u00e9ez des \u0153uvres d&rsquo;art uniques avec des perles \u00e0 repasser Avec ce set Beedz de SES Creative, vous r\u00e9aliserez les plus belles cr\u00e9ations en perles \u00e0 repasser avec une touche moderne. Les trois plaques de base hexagonales connectables offrent des possibilit\u00e9s infinies pour cr\u00e9er des motifs [&hellip;]\" \/>\n<meta property=\"og:url\" content=\"https:\/\/ses-creative.com\/fr\/produit\/3-plaques-connectables-hexagonales\/\" \/>\n<meta property=\"og:site_name\" content=\"SES Creative\" \/>\n<meta property=\"article:modified_time\" content=\"2026-02-12T10:22:38+00:00\" \/>\n<meta name=\"twitter:card\" content=\"summary_large_image\" \/>\n<meta name=\"twitter:label1\" content=\"Dur\u00e9e de lecture estim\u00e9e\" \/>\n\t<meta name=\"twitter:data1\" content=\"2 minutes\" \/>\n<script type=\"application\/ld+json\" class=\"yoast-schema-graph\">{\"@context\":\"https:\/\/schema.org\",\"@graph\":[{\"@type\":\"WebPage\",\"@id\":\"https:\/\/ses-creative.com\/fr\/produit\/3-plaques-connectables-hexagonales\/\",\"url\":\"https:\/\/ses-creative.com\/fr\/produit\/3-plaques-connectables-hexagonales\/\",\"name\":\"3 plaques connectables hexagonales - SES Creative\",\"isPartOf\":{\"@id\":\"https:\/\/ses-creative.com\/#website\"},\"primaryImageOfPage\":{\"@id\":\"https:\/\/ses-creative.com\/fr\/produit\/3-plaques-connectables-hexagonales\/#primaryimage\"},\"image\":{\"@id\":\"https:\/\/ses-creative.com\/fr\/produit\/3-plaques-connectables-hexagonales\/#primaryimage\"},\"thumbnailUrl\":\"https:\/\/ses-creative.com\/wp-content\/uploads\/2026\/01\/063141.jpg\",\"datePublished\":\"2026-02-12T10:08:53+00:00\",\"dateModified\":\"2026-02-12T10:22:38+00:00\",\"breadcrumb\":{\"@id\":\"https:\/\/ses-creative.com\/fr\/produit\/3-plaques-connectables-hexagonales\/#breadcrumb\"},\"inLanguage\":\"fr-FR\",\"potentialAction\":[{\"@type\":\"ReadAction\",\"target\":[\"https:\/\/ses-creative.com\/fr\/produit\/3-plaques-connectables-hexagonales\/\"]}]},{\"@type\":\"ImageObject\",\"inLanguage\":\"fr-FR\",\"@id\":\"https:\/\/ses-creative.com\/fr\/produit\/3-plaques-connectables-hexagonales\/#primaryimage\",\"url\":\"https:\/\/ses-creative.com\/wp-content\/uploads\/2026\/01\/063141.jpg\",\"contentUrl\":\"https:\/\/ses-creative.com\/wp-content\/uploads\/2026\/01\/063141.jpg\",\"width\":1000,\"height\":1000},{\"@type\":\"BreadcrumbList\",\"@id\":\"https:\/\/ses-creative.com\/fr\/produit\/3-plaques-connectables-hexagonales\/#breadcrumb\",\"itemListElement\":[{\"@type\":\"ListItem\",\"position\":1,\"name\":\"Boutique\",\"item\":\"https:\/\/ses-creative.com\/fr\/boutique\/\"},{\"@type\":\"ListItem\",\"position\":2,\"name\":\"Perles \u00e0 repasser\",\"item\":\"https:\/\/ses-creative.com\/fr\/product-categorie\/perles-a-repasser\/\"},{\"@type\":\"ListItem\",\"position\":3,\"name\":\"3 plaques connectables hexagonales\"}]},{\"@type\":\"WebSite\",\"@id\":\"https:\/\/ses-creative.com\/#website\",\"url\":\"https:\/\/ses-creative.com\/\",\"name\":\"SES Creative\",\"description\":\"\",\"publisher\":{\"@id\":\"https:\/\/ses-creative.com\/#organization\"},\"potentialAction\":[{\"@type\":\"SearchAction\",\"target\":{\"@type\":\"EntryPoint\",\"urlTemplate\":\"https:\/\/ses-creative.com\/?s={search_term_string}\"},\"query-input\":{\"@type\":\"PropertyValueSpecification\",\"valueRequired\":true,\"valueName\":\"search_term_string\"}}],\"inLanguage\":\"fr-FR\"},{\"@type\":\"Organization\",\"@id\":\"https:\/\/ses-creative.com\/#organization\",\"name\":\"SES Creative\",\"url\":\"https:\/\/ses-creative.com\/\",\"logo\":{\"@type\":\"ImageObject\",\"inLanguage\":\"fr-FR\",\"@id\":\"https:\/\/ses-creative.com\/#\/schema\/logo\/image\/\",\"url\":\"https:\/\/ses-creative.com\/wp-content\/uploads\/2025\/10\/ses-creative-logo.jpg\",\"contentUrl\":\"https:\/\/ses-creative.com\/wp-content\/uploads\/2025\/10\/ses-creative-logo.jpg\",\"width\":2037,\"height\":2037,\"caption\":\"SES Creative\"},\"image\":{\"@id\":\"https:\/\/ses-creative.com\/#\/schema\/logo\/image\/\"}}]}<\/script>\n<!-- \/ Yoast SEO plugin. -->","yoast_head_json":{"title":"3 plaques connectables hexagonales - SES Creative","robots":{"index":"index","follow":"follow","max-snippet":"max-snippet:-1","max-image-preview":"max-image-preview:large","max-video-preview":"max-video-preview:-1"},"canonical":"https:\/\/ses-creative.com\/fr\/produit\/3-plaques-connectables-hexagonales\/","og_locale":"fr_FR","og_type":"article","og_title":"3 plaques connectables hexagonales - SES Creative","og_description":"Beedz \u2013 Hexagone Plaques de base 3 pi\u00e8ces : cr\u00e9ez des \u0153uvres d&rsquo;art uniques avec des perles \u00e0 repasser Avec ce set Beedz de SES Creative, vous r\u00e9aliserez les plus belles cr\u00e9ations en perles \u00e0 repasser avec une touche moderne. Les trois plaques de base hexagonales connectables offrent des possibilit\u00e9s infinies pour cr\u00e9er des motifs [&hellip;]","og_url":"https:\/\/ses-creative.com\/fr\/produit\/3-plaques-connectables-hexagonales\/","og_site_name":"SES Creative","article_modified_time":"2026-02-12T10:22:38+00:00","twitter_card":"summary_large_image","twitter_misc":{"Dur\u00e9e de lecture estim\u00e9e":"2 minutes"},"schema":{"@context":"https:\/\/schema.org","@graph":[{"@type":"WebPage","@id":"https:\/\/ses-creative.com\/fr\/produit\/3-plaques-connectables-hexagonales\/","url":"https:\/\/ses-creative.com\/fr\/produit\/3-plaques-connectables-hexagonales\/","name":"3 plaques connectables hexagonales - SES Creative","isPartOf":{"@id":"https:\/\/ses-creative.com\/#website"},"primaryImageOfPage":{"@id":"https:\/\/ses-creative.com\/fr\/produit\/3-plaques-connectables-hexagonales\/#primaryimage"},"image":{"@id":"https:\/\/ses-creative.com\/fr\/produit\/3-plaques-connectables-hexagonales\/#primaryimage"},"thumbnailUrl":"https:\/\/ses-creative.com\/wp-content\/uploads\/2026\/01\/063141.jpg","datePublished":"2026-02-12T10:08:53+00:00","dateModified":"2026-02-12T10:22:38+00:00","breadcrumb":{"@id":"https:\/\/ses-creative.com\/fr\/produit\/3-plaques-connectables-hexagonales\/#breadcrumb"},"inLanguage":"fr-FR","potentialAction":[{"@type":"ReadAction","target":["https:\/\/ses-creative.com\/fr\/produit\/3-plaques-connectables-hexagonales\/"]}]},{"@type":"ImageObject","inLanguage":"fr-FR","@id":"https:\/\/ses-creative.com\/fr\/produit\/3-plaques-connectables-hexagonales\/#primaryimage","url":"https:\/\/ses-creative.com\/wp-content\/uploads\/2026\/01\/063141.jpg","contentUrl":"https:\/\/ses-creative.com\/wp-content\/uploads\/2026\/01\/063141.jpg","width":1000,"height":1000},{"@type":"BreadcrumbList","@id":"https:\/\/ses-creative.com\/fr\/produit\/3-plaques-connectables-hexagonales\/#breadcrumb","itemListElement":[{"@type":"ListItem","position":1,"name":"Boutique","item":"https:\/\/ses-creative.com\/fr\/boutique\/"},{"@type":"ListItem","position":2,"name":"Perles \u00e0 repasser","item":"https:\/\/ses-creative.com\/fr\/product-categorie\/perles-a-repasser\/"},{"@type":"ListItem","position":3,"name":"3 plaques connectables hexagonales"}]},{"@type":"WebSite","@id":"https:\/\/ses-creative.com\/#website","url":"https:\/\/ses-creative.com\/","name":"SES Creative","description":"","publisher":{"@id":"https:\/\/ses-creative.com\/#organization"},"potentialAction":[{"@type":"SearchAction","target":{"@type":"EntryPoint","urlTemplate":"https:\/\/ses-creative.com\/?s={search_term_string}"},"query-input":{"@type":"PropertyValueSpecification","valueRequired":true,"valueName":"search_term_string"}}],"inLanguage":"fr-FR"},{"@type":"Organization","@id":"https:\/\/ses-creative.com\/#organization","name":"SES Creative","url":"https:\/\/ses-creative.com\/","logo":{"@type":"ImageObject","inLanguage":"fr-FR","@id":"https:\/\/ses-creative.com\/#\/schema\/logo\/image\/","url":"https:\/\/ses-creative.com\/wp-content\/uploads\/2025\/10\/ses-creative-logo.jpg","contentUrl":"https:\/\/ses-creative.com\/wp-content\/uploads\/2025\/10\/ses-creative-logo.jpg","width":2037,"height":2037,"caption":"SES Creative"},"image":{"@id":"https:\/\/ses-creative.com\/#\/schema\/logo\/image\/"}}]}},"_links":{"self":[{"href":"https:\/\/ses-creative.com\/fr\/wp-json\/wp\/v2\/product\/118176","targetHints":{"allow":["GET"]}}],"collection":[{"href":"https:\/\/ses-creative.com\/fr\/wp-json\/wp\/v2\/product"}],"about":[{"href":"https:\/\/ses-creative.com\/fr\/wp-json\/wp\/v2\/types\/product"}],"replies":[{"embeddable":true,"href":"https:\/\/ses-creative.com\/fr\/wp-json\/wp\/v2\/comments?post=118176"}],"wp:featuredmedia":[{"embeddable":true,"href":"https:\/\/ses-creative.com\/fr\/wp-json\/wp\/v2\/media\/93932"}],"wp:attachment":[{"href":"https:\/\/ses-creative.com\/fr\/wp-json\/wp\/v2\/media?parent=118176"}],"wp:term":[{"taxonomy":"product_brand","embeddable":true,"href":"https:\/\/ses-creative.com\/fr\/wp-json\/wp\/v2\/product_brand?post=118176"},{"taxonomy":"product_cat","embeddable":true,"href":"https:\/\/ses-creative.com\/fr\/wp-json\/wp\/v2\/product_cat?post=118176"},{"taxonomy":"product_tag","embeddable":true,"href":"https:\/\/ses-creative.com\/fr\/wp-json\/wp\/v2\/product_tag?post=118176"}],"curies":[{"name":"wp","href":"https:\/\/api.w.org\/{rel}","templated":true}]}}