











{"id":118174,"date":"2026-02-12T10:08:53","date_gmt":"2026-02-12T10:08:53","guid":{"rendered":"https:\/\/ses-creative.com\/?post_type=product&#038;p=118174"},"modified":"2026-02-12T10:22:38","modified_gmt":"2026-02-12T10:22:38","slug":"perles-a-repasser-princesses","status":"publish","type":"product","link":"https:\/\/ses-creative.com\/fr\/produit\/perles-a-repasser-princesses\/","title":{"rendered":"Perles \u00e0 repasser &#8211; Princesses"},"content":{"rendered":"<p>Le coffret SES Beedz Princesses est une activit\u00e9 manuelle perles enfant con\u00e7ue pour les enfants d\u00e8s 5 ans. Il comprend 1400 perles glitter sans PVC, une plaque princesse, du papier \u00e0 repasser, des stickers d\u00e9coratifs (fleurs et diamants) et une notice simple. Ce coffret perles avec stickers permet de cr\u00e9er trois princesses color\u00e9es aux robes personnalis\u00e9es. Les perles s\u2019assemblent sur la plaque, puis se fixent avec un fer \u00e0 repasser sous la supervision d\u2019un adulte. L\u2019activit\u00e9 d\u00e9veloppe la motricit\u00e9 fine, la coordination main-\u0153il et la cr\u00e9ativit\u00e9, tout en \u00e9loignant les enfants des \u00e9crans. Ce jeu perles \u00e0 repasser 5 ans est une activit\u00e9 perles 5 ans stimulante qui favorise la concentration. Fabriqu\u00e9 aux Pays-Bas avec des mat\u00e9riaux s\u00fbrs, ce jouet perles princesses offre des r\u00e9sultats brillants et valorisants. Convient aux activit\u00e9s de loisirs cr\u00e9atifs et aux occasions comme les anniversaires, ce kit strijkkralen enfants 5 ans garantit plaisir et apprentissage \u00e0 chaque utilisation.<\/p>\n","protected":false},"excerpt":{"rendered":"<p>Le coffret SES Beedz Princesses est une activit\u00e9 manuelle perles enfant con\u00e7ue pour les enfants d\u00e8s 5 ans. Il comprend 1400 perles glitter sans PVC, une plaque princesse, du papier \u00e0 repasser, des stickers d\u00e9coratifs (fleurs et diamants) et une notice simple. Ce coffret perles avec stickers permet de cr\u00e9er trois princesses color\u00e9es aux robes [&hellip;]<\/p>\n","protected":false},"featured_media":100308,"comment_status":"closed","ping_status":"closed","template":"","meta":{"_acf_changed":false},"product_brand":[],"product_cat":[125],"product_tag":[],"class_list":{"0":"post-118174","1":"product","2":"type-product","3":"status-publish","4":"has-post-thumbnail","6":"product_cat-perles-a-repasser","7":"pa_leeftijd-filter-4-6-ans","8":"pa_meest-populair-bij-garcons-filles","10":"first","11":"instock","12":"shipping-taxable","13":"product-type-simple"},"acf":[],"yoast_head":"<!-- This site is optimized with the Yoast SEO plugin v27.2 - https:\/\/yoast.com\/product\/yoast-seo-wordpress\/ -->\n<title>Perles \u00e0 repasser - Princesses - SES Creative<\/title>\n<meta name=\"robots\" content=\"index, follow, max-snippet:-1, max-image-preview:large, max-video-preview:-1\" \/>\n<link rel=\"canonical\" href=\"https:\/\/ses-creative.com\/fr\/produit\/perles-a-repasser-princesses\/\" \/>\n<meta property=\"og:locale\" content=\"fr_FR\" \/>\n<meta property=\"og:type\" content=\"article\" \/>\n<meta property=\"og:title\" content=\"Perles \u00e0 repasser - Princesses - SES Creative\" \/>\n<meta property=\"og:description\" content=\"Le coffret SES Beedz Princesses est une activit\u00e9 manuelle perles enfant con\u00e7ue pour les enfants d\u00e8s 5 ans. Il comprend 1400 perles glitter sans PVC, une plaque princesse, du papier \u00e0 repasser, des stickers d\u00e9coratifs (fleurs et diamants) et une notice simple. Ce coffret perles avec stickers permet de cr\u00e9er trois princesses color\u00e9es aux robes [&hellip;]\" \/>\n<meta property=\"og:url\" content=\"https:\/\/ses-creative.com\/fr\/produit\/perles-a-repasser-princesses\/\" \/>\n<meta property=\"og:site_name\" content=\"SES Creative\" \/>\n<meta property=\"article:modified_time\" content=\"2026-02-12T10:22:38+00:00\" \/>\n<meta name=\"twitter:card\" content=\"summary_large_image\" \/>\n<meta name=\"twitter:label1\" content=\"Dur\u00e9e de lecture estim\u00e9e\" \/>\n\t<meta name=\"twitter:data1\" content=\"1 minute\" \/>\n<script type=\"application\/ld+json\" class=\"yoast-schema-graph\">{\"@context\":\"https:\/\/schema.org\",\"@graph\":[{\"@type\":\"WebPage\",\"@id\":\"https:\/\/ses-creative.com\/fr\/produit\/perles-a-repasser-princesses\/\",\"url\":\"https:\/\/ses-creative.com\/fr\/produit\/perles-a-repasser-princesses\/\",\"name\":\"Perles \u00e0 repasser - Princesses - SES Creative\",\"isPartOf\":{\"@id\":\"https:\/\/ses-creative.com\/#website\"},\"primaryImageOfPage\":{\"@id\":\"https:\/\/ses-creative.com\/fr\/produit\/perles-a-repasser-princesses\/#primaryimage\"},\"image\":{\"@id\":\"https:\/\/ses-creative.com\/fr\/produit\/perles-a-repasser-princesses\/#primaryimage\"},\"thumbnailUrl\":\"https:\/\/ses-creative.com\/wp-content\/uploads\/2026\/01\/062681.jpg\",\"datePublished\":\"2026-02-12T10:08:53+00:00\",\"dateModified\":\"2026-02-12T10:22:38+00:00\",\"breadcrumb\":{\"@id\":\"https:\/\/ses-creative.com\/fr\/produit\/perles-a-repasser-princesses\/#breadcrumb\"},\"inLanguage\":\"fr-FR\",\"potentialAction\":[{\"@type\":\"ReadAction\",\"target\":[\"https:\/\/ses-creative.com\/fr\/produit\/perles-a-repasser-princesses\/\"]}]},{\"@type\":\"ImageObject\",\"inLanguage\":\"fr-FR\",\"@id\":\"https:\/\/ses-creative.com\/fr\/produit\/perles-a-repasser-princesses\/#primaryimage\",\"url\":\"https:\/\/ses-creative.com\/wp-content\/uploads\/2026\/01\/062681.jpg\",\"contentUrl\":\"https:\/\/ses-creative.com\/wp-content\/uploads\/2026\/01\/062681.jpg\",\"width\":1000,\"height\":1000},{\"@type\":\"BreadcrumbList\",\"@id\":\"https:\/\/ses-creative.com\/fr\/produit\/perles-a-repasser-princesses\/#breadcrumb\",\"itemListElement\":[{\"@type\":\"ListItem\",\"position\":1,\"name\":\"Boutique\",\"item\":\"https:\/\/ses-creative.com\/fr\/boutique\/\"},{\"@type\":\"ListItem\",\"position\":2,\"name\":\"Perles \u00e0 repasser\",\"item\":\"https:\/\/ses-creative.com\/fr\/product-categorie\/perles-a-repasser\/\"},{\"@type\":\"ListItem\",\"position\":3,\"name\":\"Perles \u00e0 repasser &#8211; Princesses\"}]},{\"@type\":\"WebSite\",\"@id\":\"https:\/\/ses-creative.com\/#website\",\"url\":\"https:\/\/ses-creative.com\/\",\"name\":\"SES Creative\",\"description\":\"\",\"publisher\":{\"@id\":\"https:\/\/ses-creative.com\/#organization\"},\"potentialAction\":[{\"@type\":\"SearchAction\",\"target\":{\"@type\":\"EntryPoint\",\"urlTemplate\":\"https:\/\/ses-creative.com\/?s={search_term_string}\"},\"query-input\":{\"@type\":\"PropertyValueSpecification\",\"valueRequired\":true,\"valueName\":\"search_term_string\"}}],\"inLanguage\":\"fr-FR\"},{\"@type\":\"Organization\",\"@id\":\"https:\/\/ses-creative.com\/#organization\",\"name\":\"SES Creative\",\"url\":\"https:\/\/ses-creative.com\/\",\"logo\":{\"@type\":\"ImageObject\",\"inLanguage\":\"fr-FR\",\"@id\":\"https:\/\/ses-creative.com\/#\/schema\/logo\/image\/\",\"url\":\"https:\/\/ses-creative.com\/wp-content\/uploads\/2025\/10\/ses-creative-logo.jpg\",\"contentUrl\":\"https:\/\/ses-creative.com\/wp-content\/uploads\/2025\/10\/ses-creative-logo.jpg\",\"width\":2037,\"height\":2037,\"caption\":\"SES Creative\"},\"image\":{\"@id\":\"https:\/\/ses-creative.com\/#\/schema\/logo\/image\/\"}}]}<\/script>\n<!-- \/ Yoast SEO plugin. -->","yoast_head_json":{"title":"Perles \u00e0 repasser - Princesses - SES Creative","robots":{"index":"index","follow":"follow","max-snippet":"max-snippet:-1","max-image-preview":"max-image-preview:large","max-video-preview":"max-video-preview:-1"},"canonical":"https:\/\/ses-creative.com\/fr\/produit\/perles-a-repasser-princesses\/","og_locale":"fr_FR","og_type":"article","og_title":"Perles \u00e0 repasser - Princesses - SES Creative","og_description":"Le coffret SES Beedz Princesses est une activit\u00e9 manuelle perles enfant con\u00e7ue pour les enfants d\u00e8s 5 ans. Il comprend 1400 perles glitter sans PVC, une plaque princesse, du papier \u00e0 repasser, des stickers d\u00e9coratifs (fleurs et diamants) et une notice simple. Ce coffret perles avec stickers permet de cr\u00e9er trois princesses color\u00e9es aux robes [&hellip;]","og_url":"https:\/\/ses-creative.com\/fr\/produit\/perles-a-repasser-princesses\/","og_site_name":"SES Creative","article_modified_time":"2026-02-12T10:22:38+00:00","twitter_card":"summary_large_image","twitter_misc":{"Dur\u00e9e de lecture estim\u00e9e":"1 minute"},"schema":{"@context":"https:\/\/schema.org","@graph":[{"@type":"WebPage","@id":"https:\/\/ses-creative.com\/fr\/produit\/perles-a-repasser-princesses\/","url":"https:\/\/ses-creative.com\/fr\/produit\/perles-a-repasser-princesses\/","name":"Perles \u00e0 repasser - Princesses - SES Creative","isPartOf":{"@id":"https:\/\/ses-creative.com\/#website"},"primaryImageOfPage":{"@id":"https:\/\/ses-creative.com\/fr\/produit\/perles-a-repasser-princesses\/#primaryimage"},"image":{"@id":"https:\/\/ses-creative.com\/fr\/produit\/perles-a-repasser-princesses\/#primaryimage"},"thumbnailUrl":"https:\/\/ses-creative.com\/wp-content\/uploads\/2026\/01\/062681.jpg","datePublished":"2026-02-12T10:08:53+00:00","dateModified":"2026-02-12T10:22:38+00:00","breadcrumb":{"@id":"https:\/\/ses-creative.com\/fr\/produit\/perles-a-repasser-princesses\/#breadcrumb"},"inLanguage":"fr-FR","potentialAction":[{"@type":"ReadAction","target":["https:\/\/ses-creative.com\/fr\/produit\/perles-a-repasser-princesses\/"]}]},{"@type":"ImageObject","inLanguage":"fr-FR","@id":"https:\/\/ses-creative.com\/fr\/produit\/perles-a-repasser-princesses\/#primaryimage","url":"https:\/\/ses-creative.com\/wp-content\/uploads\/2026\/01\/062681.jpg","contentUrl":"https:\/\/ses-creative.com\/wp-content\/uploads\/2026\/01\/062681.jpg","width":1000,"height":1000},{"@type":"BreadcrumbList","@id":"https:\/\/ses-creative.com\/fr\/produit\/perles-a-repasser-princesses\/#breadcrumb","itemListElement":[{"@type":"ListItem","position":1,"name":"Boutique","item":"https:\/\/ses-creative.com\/fr\/boutique\/"},{"@type":"ListItem","position":2,"name":"Perles \u00e0 repasser","item":"https:\/\/ses-creative.com\/fr\/product-categorie\/perles-a-repasser\/"},{"@type":"ListItem","position":3,"name":"Perles \u00e0 repasser &#8211; Princesses"}]},{"@type":"WebSite","@id":"https:\/\/ses-creative.com\/#website","url":"https:\/\/ses-creative.com\/","name":"SES Creative","description":"","publisher":{"@id":"https:\/\/ses-creative.com\/#organization"},"potentialAction":[{"@type":"SearchAction","target":{"@type":"EntryPoint","urlTemplate":"https:\/\/ses-creative.com\/?s={search_term_string}"},"query-input":{"@type":"PropertyValueSpecification","valueRequired":true,"valueName":"search_term_string"}}],"inLanguage":"fr-FR"},{"@type":"Organization","@id":"https:\/\/ses-creative.com\/#organization","name":"SES Creative","url":"https:\/\/ses-creative.com\/","logo":{"@type":"ImageObject","inLanguage":"fr-FR","@id":"https:\/\/ses-creative.com\/#\/schema\/logo\/image\/","url":"https:\/\/ses-creative.com\/wp-content\/uploads\/2025\/10\/ses-creative-logo.jpg","contentUrl":"https:\/\/ses-creative.com\/wp-content\/uploads\/2025\/10\/ses-creative-logo.jpg","width":2037,"height":2037,"caption":"SES Creative"},"image":{"@id":"https:\/\/ses-creative.com\/#\/schema\/logo\/image\/"}}]}},"_links":{"self":[{"href":"https:\/\/ses-creative.com\/fr\/wp-json\/wp\/v2\/product\/118174","targetHints":{"allow":["GET"]}}],"collection":[{"href":"https:\/\/ses-creative.com\/fr\/wp-json\/wp\/v2\/product"}],"about":[{"href":"https:\/\/ses-creative.com\/fr\/wp-json\/wp\/v2\/types\/product"}],"replies":[{"embeddable":true,"href":"https:\/\/ses-creative.com\/fr\/wp-json\/wp\/v2\/comments?post=118174"}],"wp:featuredmedia":[{"embeddable":true,"href":"https:\/\/ses-creative.com\/fr\/wp-json\/wp\/v2\/media\/100308"}],"wp:attachment":[{"href":"https:\/\/ses-creative.com\/fr\/wp-json\/wp\/v2\/media?parent=118174"}],"wp:term":[{"taxonomy":"product_brand","embeddable":true,"href":"https:\/\/ses-creative.com\/fr\/wp-json\/wp\/v2\/product_brand?post=118174"},{"taxonomy":"product_cat","embeddable":true,"href":"https:\/\/ses-creative.com\/fr\/wp-json\/wp\/v2\/product_cat?post=118174"},{"taxonomy":"product_tag","embeddable":true,"href":"https:\/\/ses-creative.com\/fr\/wp-json\/wp\/v2\/product_tag?post=118174"}],"curies":[{"name":"wp","href":"https:\/\/api.w.org\/{rel}","templated":true}]}}