











{"id":118170,"date":"2026-02-12T10:08:52","date_gmt":"2026-02-12T10:08:52","guid":{"rendered":"https:\/\/ses-creative.com\/?post_type=product&#038;p=118170"},"modified":"2026-02-12T10:22:38","modified_gmt":"2026-02-12T10:22:38","slug":"perles-a-repasser-animaux-safari","status":"publish","type":"product","link":"https:\/\/ses-creative.com\/fr\/produit\/perles-a-repasser-animaux-safari\/","title":{"rendered":"Perles \u00e0 repasser &#8211; Animaux Safari"},"content":{"rendered":"<p>Beedz \u2013 Animaux safari : cr\u00e9ez des animaux safari aventureux avec des perles \u00e0 repasser<\/p>\n<p>Partez en safari et d\u00e9couvrez les animaux sauvages d&rsquo;Afrique avec ce set Beedz de SES Creative ! Avec 2000 perles \u00e0 repasser color\u00e9es et une plaque de base carr\u00e9e pratique, vous pouvez cr\u00e9er des animaux impressionnants tels que des lions, des girafes et des \u00e9l\u00e9phants. Parfait pour les jeunes aventuriers \u00e0 partir de 5 ans qui aiment les animaux sauvages et veulent construire leur propre monde safari.<\/p>\n<p>Ce qui rend ce kit g\u00e9nial<\/p>\n<p>Comprend une planche carr\u00e9e, 2000 perles \u00e0 repasser et des exemples<br \/>\nCr\u00e9ez des animaux de safari tels que des lions, des girafes et des \u00e9l\u00e9phants<br \/>\nPerles sans PVC pour une exp\u00e9rience de jeu s\u00fbre<br \/>\nConvient aux enfants \u00e0 partir de 5 ans<br \/>\nStimule la cr\u00e9ativit\u00e9 et la motricit\u00e9 fine<\/p>\n<p>Laissez libre cours \u00e0 votre imagination<br \/>\nAvec ce set, les enfants cr\u00e9ent leur propre aventure safari. Cr\u00e9ez les animaux les plus cool, suivez les exemples ou imaginez vos propres cr\u00e9ations. Le plateau permet de maintenir les perles bien en place, pour un r\u00e9sultat final toujours color\u00e9 et magnifique.<\/p>\n<p>Contenu du kit<\/p>\n<p>1 plateau carr\u00e9 pour perles \u00e0 repasser<br \/>\n2000 perles \u00e0 repasser de diff\u00e9rentes couleurs<br \/>\nImprim\u00e9 avec des exemples et des id\u00e9es<\/p>\n<p>Pourquoi choisir SES Creative<br \/>\nChez SES Creative, nous accordons une grande importance \u00e0 la s\u00e9curit\u00e9. C&rsquo;est pourquoi nos produits sont fabriqu\u00e9s et test\u00e9s dans notre usine aux Pays-Bas, conform\u00e9ment aux normes de s\u00e9curit\u00e9 europ\u00e9ennes les plus strictes. Les jouets SES Creative sont source de plaisir et permettent aux enfants d&rsquo;\u00eatre fiers de leur travail, ce qui stimule leur cr\u00e9ativit\u00e9 et leur d\u00e9veloppement.<\/p>\n<p>Commencez d\u00e8s aujourd&rsquo;hui votre aventure Beedz<br \/>\nD\u00e9couvrez le plaisir des perles \u00e0 repasser et cr\u00e9ez vos propres animaux de safari avec ce kit aventureux. Parfait pour un plaisir cr\u00e9atif sans fin !<\/p>\n","protected":false},"excerpt":{"rendered":"<p>Beedz \u2013 Animaux safari : cr\u00e9ez des animaux safari aventureux avec des perles \u00e0 repasser Partez en safari et d\u00e9couvrez les animaux sauvages d&rsquo;Afrique avec ce set Beedz de SES Creative ! Avec 2000 perles \u00e0 repasser color\u00e9es et une plaque de base carr\u00e9e pratique, vous pouvez cr\u00e9er des animaux impressionnants tels que des lions, [&hellip;]<\/p>\n","protected":false},"featured_media":100228,"comment_status":"closed","ping_status":"closed","template":"","meta":{"_acf_changed":false},"product_brand":[],"product_cat":[125],"product_tag":[],"class_list":{"0":"post-118170","1":"product","2":"type-product","3":"status-publish","4":"has-post-thumbnail","6":"product_cat-perles-a-repasser","7":"pa_leeftijd-filter-4-6-ans","8":"pa_meest-populair-bij-garcons-filles","10":"first","11":"instock","12":"shipping-taxable","13":"product-type-simple"},"acf":[],"yoast_head":"<!-- This site is optimized with the Yoast SEO plugin v27.2 - https:\/\/yoast.com\/product\/yoast-seo-wordpress\/ -->\n<title>Perles \u00e0 repasser - Animaux Safari - SES Creative<\/title>\n<meta name=\"robots\" content=\"index, follow, max-snippet:-1, max-image-preview:large, max-video-preview:-1\" \/>\n<link rel=\"canonical\" href=\"https:\/\/ses-creative.com\/fr\/produit\/perles-a-repasser-animaux-safari\/\" \/>\n<meta property=\"og:locale\" content=\"fr_FR\" \/>\n<meta property=\"og:type\" content=\"article\" \/>\n<meta property=\"og:title\" content=\"Perles \u00e0 repasser - Animaux Safari - SES Creative\" \/>\n<meta property=\"og:description\" content=\"Beedz \u2013 Animaux safari : cr\u00e9ez des animaux safari aventureux avec des perles \u00e0 repasser Partez en safari et d\u00e9couvrez les animaux sauvages d&rsquo;Afrique avec ce set Beedz de SES Creative ! Avec 2000 perles \u00e0 repasser color\u00e9es et une plaque de base carr\u00e9e pratique, vous pouvez cr\u00e9er des animaux impressionnants tels que des lions, [&hellip;]\" \/>\n<meta property=\"og:url\" content=\"https:\/\/ses-creative.com\/fr\/produit\/perles-a-repasser-animaux-safari\/\" \/>\n<meta property=\"og:site_name\" content=\"SES Creative\" \/>\n<meta property=\"article:modified_time\" content=\"2026-02-12T10:22:38+00:00\" \/>\n<meta name=\"twitter:card\" content=\"summary_large_image\" \/>\n<meta name=\"twitter:label1\" content=\"Dur\u00e9e de lecture estim\u00e9e\" \/>\n\t<meta name=\"twitter:data1\" content=\"2 minutes\" \/>\n<script type=\"application\/ld+json\" class=\"yoast-schema-graph\">{\"@context\":\"https:\/\/schema.org\",\"@graph\":[{\"@type\":\"WebPage\",\"@id\":\"https:\/\/ses-creative.com\/fr\/produit\/perles-a-repasser-animaux-safari\/\",\"url\":\"https:\/\/ses-creative.com\/fr\/produit\/perles-a-repasser-animaux-safari\/\",\"name\":\"Perles \u00e0 repasser - Animaux Safari - SES Creative\",\"isPartOf\":{\"@id\":\"https:\/\/ses-creative.com\/#website\"},\"primaryImageOfPage\":{\"@id\":\"https:\/\/ses-creative.com\/fr\/produit\/perles-a-repasser-animaux-safari\/#primaryimage\"},\"image\":{\"@id\":\"https:\/\/ses-creative.com\/fr\/produit\/perles-a-repasser-animaux-safari\/#primaryimage\"},\"thumbnailUrl\":\"https:\/\/ses-creative.com\/wp-content\/uploads\/2026\/01\/062601.jpg\",\"datePublished\":\"2026-02-12T10:08:52+00:00\",\"dateModified\":\"2026-02-12T10:22:38+00:00\",\"breadcrumb\":{\"@id\":\"https:\/\/ses-creative.com\/fr\/produit\/perles-a-repasser-animaux-safari\/#breadcrumb\"},\"inLanguage\":\"fr-FR\",\"potentialAction\":[{\"@type\":\"ReadAction\",\"target\":[\"https:\/\/ses-creative.com\/fr\/produit\/perles-a-repasser-animaux-safari\/\"]}]},{\"@type\":\"ImageObject\",\"inLanguage\":\"fr-FR\",\"@id\":\"https:\/\/ses-creative.com\/fr\/produit\/perles-a-repasser-animaux-safari\/#primaryimage\",\"url\":\"https:\/\/ses-creative.com\/wp-content\/uploads\/2026\/01\/062601.jpg\",\"contentUrl\":\"https:\/\/ses-creative.com\/wp-content\/uploads\/2026\/01\/062601.jpg\",\"width\":1000,\"height\":1000},{\"@type\":\"BreadcrumbList\",\"@id\":\"https:\/\/ses-creative.com\/fr\/produit\/perles-a-repasser-animaux-safari\/#breadcrumb\",\"itemListElement\":[{\"@type\":\"ListItem\",\"position\":1,\"name\":\"Boutique\",\"item\":\"https:\/\/ses-creative.com\/fr\/boutique\/\"},{\"@type\":\"ListItem\",\"position\":2,\"name\":\"Perles \u00e0 repasser\",\"item\":\"https:\/\/ses-creative.com\/fr\/product-categorie\/perles-a-repasser\/\"},{\"@type\":\"ListItem\",\"position\":3,\"name\":\"Perles \u00e0 repasser &#8211; Animaux Safari\"}]},{\"@type\":\"WebSite\",\"@id\":\"https:\/\/ses-creative.com\/#website\",\"url\":\"https:\/\/ses-creative.com\/\",\"name\":\"SES Creative\",\"description\":\"\",\"publisher\":{\"@id\":\"https:\/\/ses-creative.com\/#organization\"},\"potentialAction\":[{\"@type\":\"SearchAction\",\"target\":{\"@type\":\"EntryPoint\",\"urlTemplate\":\"https:\/\/ses-creative.com\/?s={search_term_string}\"},\"query-input\":{\"@type\":\"PropertyValueSpecification\",\"valueRequired\":true,\"valueName\":\"search_term_string\"}}],\"inLanguage\":\"fr-FR\"},{\"@type\":\"Organization\",\"@id\":\"https:\/\/ses-creative.com\/#organization\",\"name\":\"SES Creative\",\"url\":\"https:\/\/ses-creative.com\/\",\"logo\":{\"@type\":\"ImageObject\",\"inLanguage\":\"fr-FR\",\"@id\":\"https:\/\/ses-creative.com\/#\/schema\/logo\/image\/\",\"url\":\"https:\/\/ses-creative.com\/wp-content\/uploads\/2025\/10\/ses-creative-logo.jpg\",\"contentUrl\":\"https:\/\/ses-creative.com\/wp-content\/uploads\/2025\/10\/ses-creative-logo.jpg\",\"width\":2037,\"height\":2037,\"caption\":\"SES Creative\"},\"image\":{\"@id\":\"https:\/\/ses-creative.com\/#\/schema\/logo\/image\/\"}}]}<\/script>\n<!-- \/ Yoast SEO plugin. -->","yoast_head_json":{"title":"Perles \u00e0 repasser - Animaux Safari - SES Creative","robots":{"index":"index","follow":"follow","max-snippet":"max-snippet:-1","max-image-preview":"max-image-preview:large","max-video-preview":"max-video-preview:-1"},"canonical":"https:\/\/ses-creative.com\/fr\/produit\/perles-a-repasser-animaux-safari\/","og_locale":"fr_FR","og_type":"article","og_title":"Perles \u00e0 repasser - Animaux Safari - SES Creative","og_description":"Beedz \u2013 Animaux safari : cr\u00e9ez des animaux safari aventureux avec des perles \u00e0 repasser Partez en safari et d\u00e9couvrez les animaux sauvages d&rsquo;Afrique avec ce set Beedz de SES Creative ! Avec 2000 perles \u00e0 repasser color\u00e9es et une plaque de base carr\u00e9e pratique, vous pouvez cr\u00e9er des animaux impressionnants tels que des lions, [&hellip;]","og_url":"https:\/\/ses-creative.com\/fr\/produit\/perles-a-repasser-animaux-safari\/","og_site_name":"SES Creative","article_modified_time":"2026-02-12T10:22:38+00:00","twitter_card":"summary_large_image","twitter_misc":{"Dur\u00e9e de lecture estim\u00e9e":"2 minutes"},"schema":{"@context":"https:\/\/schema.org","@graph":[{"@type":"WebPage","@id":"https:\/\/ses-creative.com\/fr\/produit\/perles-a-repasser-animaux-safari\/","url":"https:\/\/ses-creative.com\/fr\/produit\/perles-a-repasser-animaux-safari\/","name":"Perles \u00e0 repasser - Animaux Safari - SES Creative","isPartOf":{"@id":"https:\/\/ses-creative.com\/#website"},"primaryImageOfPage":{"@id":"https:\/\/ses-creative.com\/fr\/produit\/perles-a-repasser-animaux-safari\/#primaryimage"},"image":{"@id":"https:\/\/ses-creative.com\/fr\/produit\/perles-a-repasser-animaux-safari\/#primaryimage"},"thumbnailUrl":"https:\/\/ses-creative.com\/wp-content\/uploads\/2026\/01\/062601.jpg","datePublished":"2026-02-12T10:08:52+00:00","dateModified":"2026-02-12T10:22:38+00:00","breadcrumb":{"@id":"https:\/\/ses-creative.com\/fr\/produit\/perles-a-repasser-animaux-safari\/#breadcrumb"},"inLanguage":"fr-FR","potentialAction":[{"@type":"ReadAction","target":["https:\/\/ses-creative.com\/fr\/produit\/perles-a-repasser-animaux-safari\/"]}]},{"@type":"ImageObject","inLanguage":"fr-FR","@id":"https:\/\/ses-creative.com\/fr\/produit\/perles-a-repasser-animaux-safari\/#primaryimage","url":"https:\/\/ses-creative.com\/wp-content\/uploads\/2026\/01\/062601.jpg","contentUrl":"https:\/\/ses-creative.com\/wp-content\/uploads\/2026\/01\/062601.jpg","width":1000,"height":1000},{"@type":"BreadcrumbList","@id":"https:\/\/ses-creative.com\/fr\/produit\/perles-a-repasser-animaux-safari\/#breadcrumb","itemListElement":[{"@type":"ListItem","position":1,"name":"Boutique","item":"https:\/\/ses-creative.com\/fr\/boutique\/"},{"@type":"ListItem","position":2,"name":"Perles \u00e0 repasser","item":"https:\/\/ses-creative.com\/fr\/product-categorie\/perles-a-repasser\/"},{"@type":"ListItem","position":3,"name":"Perles \u00e0 repasser &#8211; Animaux Safari"}]},{"@type":"WebSite","@id":"https:\/\/ses-creative.com\/#website","url":"https:\/\/ses-creative.com\/","name":"SES Creative","description":"","publisher":{"@id":"https:\/\/ses-creative.com\/#organization"},"potentialAction":[{"@type":"SearchAction","target":{"@type":"EntryPoint","urlTemplate":"https:\/\/ses-creative.com\/?s={search_term_string}"},"query-input":{"@type":"PropertyValueSpecification","valueRequired":true,"valueName":"search_term_string"}}],"inLanguage":"fr-FR"},{"@type":"Organization","@id":"https:\/\/ses-creative.com\/#organization","name":"SES Creative","url":"https:\/\/ses-creative.com\/","logo":{"@type":"ImageObject","inLanguage":"fr-FR","@id":"https:\/\/ses-creative.com\/#\/schema\/logo\/image\/","url":"https:\/\/ses-creative.com\/wp-content\/uploads\/2025\/10\/ses-creative-logo.jpg","contentUrl":"https:\/\/ses-creative.com\/wp-content\/uploads\/2025\/10\/ses-creative-logo.jpg","width":2037,"height":2037,"caption":"SES Creative"},"image":{"@id":"https:\/\/ses-creative.com\/#\/schema\/logo\/image\/"}}]}},"_links":{"self":[{"href":"https:\/\/ses-creative.com\/fr\/wp-json\/wp\/v2\/product\/118170","targetHints":{"allow":["GET"]}}],"collection":[{"href":"https:\/\/ses-creative.com\/fr\/wp-json\/wp\/v2\/product"}],"about":[{"href":"https:\/\/ses-creative.com\/fr\/wp-json\/wp\/v2\/types\/product"}],"replies":[{"embeddable":true,"href":"https:\/\/ses-creative.com\/fr\/wp-json\/wp\/v2\/comments?post=118170"}],"wp:featuredmedia":[{"embeddable":true,"href":"https:\/\/ses-creative.com\/fr\/wp-json\/wp\/v2\/media\/100228"}],"wp:attachment":[{"href":"https:\/\/ses-creative.com\/fr\/wp-json\/wp\/v2\/media?parent=118170"}],"wp:term":[{"taxonomy":"product_brand","embeddable":true,"href":"https:\/\/ses-creative.com\/fr\/wp-json\/wp\/v2\/product_brand?post=118170"},{"taxonomy":"product_cat","embeddable":true,"href":"https:\/\/ses-creative.com\/fr\/wp-json\/wp\/v2\/product_cat?post=118170"},{"taxonomy":"product_tag","embeddable":true,"href":"https:\/\/ses-creative.com\/fr\/wp-json\/wp\/v2\/product_tag?post=118170"}],"curies":[{"name":"wp","href":"https:\/\/api.w.org\/{rel}","templated":true}]}}