











{"id":118168,"date":"2026-02-12T10:08:52","date_gmt":"2026-02-12T10:08:52","guid":{"rendered":"https:\/\/ses-creative.com\/?post_type=product&#038;p=118168"},"modified":"2026-02-12T10:22:37","modified_gmt":"2026-02-12T10:22:37","slug":"perles-a-repasser-licornes-et-princesses","status":"publish","type":"product","link":"https:\/\/ses-creative.com\/fr\/produit\/perles-a-repasser-licornes-et-princesses\/","title":{"rendered":"Perles \u00e0 repasser &#8211; Licornes et princesses"},"content":{"rendered":"<p>Ce kit cr\u00e9atif enfant est parfait pour les petites filles passionn\u00e9es par l\u2019univers des contes de f\u00e9es. Il permet de cr\u00e9er de superbes licornes et princesses gr\u00e2ce \u00e0 des perles \u00e0 repasser color\u00e9es et faciles \u00e0 manipuler. L\u2019ensemble inclut des perles thermocollantes, une plaque en forme de princesse, un cheval magique, du papier \u00e0 repasser et une notice simple \u00e0 suivre. D\u00e8s 5 ans, les enfants peuvent d\u00e9velopper leur motricit\u00e9 fine et leur imagination tout en s\u2019amusant. Ce jouet fille 5 ans respecte les normes europ\u00e9ennes de s\u00e9curit\u00e9 (EN-71), est hypoallerg\u00e9nique et sans PVC. Une fois les cr\u00e9ations termin\u00e9es, elles peuvent \u00eatre expos\u00e9es comme d\u00e9coration dans la chambre ou offertes comme cadeaux faits main. Ce jeu \u00e9ducatif cr\u00e9atif est aussi id\u00e9al pour les activit\u00e9s enfant bricolage \u00e0 la maison ou en groupe. Il stimule l\u2019expression artistique et encourage la narration autour des personnages cr\u00e9\u00e9s. Ce coffret complet est une excellente id\u00e9e cadeau pour les anniversaires ou les f\u00eates, offrant des heures de plaisir magique et de d\u00e9veloppement personnel.<\/p>\n","protected":false},"excerpt":{"rendered":"<p>Ce kit cr\u00e9atif enfant est parfait pour les petites filles passionn\u00e9es par l\u2019univers des contes de f\u00e9es. Il permet de cr\u00e9er de superbes licornes et princesses gr\u00e2ce \u00e0 des perles \u00e0 repasser color\u00e9es et faciles \u00e0 manipuler. L\u2019ensemble inclut des perles thermocollantes, une plaque en forme de princesse, un cheval magique, du papier \u00e0 repasser [&hellip;]<\/p>\n","protected":false},"featured_media":100188,"comment_status":"closed","ping_status":"closed","template":"","meta":{"_acf_changed":false},"product_brand":[],"product_cat":[125],"product_tag":[],"class_list":{"0":"post-118168","1":"product","2":"type-product","3":"status-publish","4":"has-post-thumbnail","6":"product_cat-perles-a-repasser","7":"pa_leeftijd-filter-4-6-ans","8":"pa_meest-populair-bij-garcons-filles","10":"first","11":"instock","12":"shipping-taxable","13":"product-type-simple"},"acf":[],"yoast_head":"<!-- This site is optimized with the Yoast SEO plugin v27.2 - https:\/\/yoast.com\/product\/yoast-seo-wordpress\/ -->\n<title>Perles \u00e0 repasser - Licornes et princesses - SES Creative<\/title>\n<meta name=\"robots\" content=\"index, follow, max-snippet:-1, max-image-preview:large, max-video-preview:-1\" \/>\n<link rel=\"canonical\" href=\"https:\/\/ses-creative.com\/fr\/produit\/perles-a-repasser-licornes-et-princesses\/\" \/>\n<meta property=\"og:locale\" content=\"fr_FR\" \/>\n<meta property=\"og:type\" content=\"article\" \/>\n<meta property=\"og:title\" content=\"Perles \u00e0 repasser - Licornes et princesses - SES Creative\" \/>\n<meta property=\"og:description\" content=\"Ce kit cr\u00e9atif enfant est parfait pour les petites filles passionn\u00e9es par l\u2019univers des contes de f\u00e9es. Il permet de cr\u00e9er de superbes licornes et princesses gr\u00e2ce \u00e0 des perles \u00e0 repasser color\u00e9es et faciles \u00e0 manipuler. L\u2019ensemble inclut des perles thermocollantes, une plaque en forme de princesse, un cheval magique, du papier \u00e0 repasser [&hellip;]\" \/>\n<meta property=\"og:url\" content=\"https:\/\/ses-creative.com\/fr\/produit\/perles-a-repasser-licornes-et-princesses\/\" \/>\n<meta property=\"og:site_name\" content=\"SES Creative\" \/>\n<meta property=\"article:modified_time\" content=\"2026-02-12T10:22:37+00:00\" \/>\n<meta name=\"twitter:card\" content=\"summary_large_image\" \/>\n<meta name=\"twitter:label1\" content=\"Dur\u00e9e de lecture estim\u00e9e\" \/>\n\t<meta name=\"twitter:data1\" content=\"1 minute\" \/>\n<script type=\"application\/ld+json\" class=\"yoast-schema-graph\">{\"@context\":\"https:\/\/schema.org\",\"@graph\":[{\"@type\":\"WebPage\",\"@id\":\"https:\/\/ses-creative.com\/fr\/produit\/perles-a-repasser-licornes-et-princesses\/\",\"url\":\"https:\/\/ses-creative.com\/fr\/produit\/perles-a-repasser-licornes-et-princesses\/\",\"name\":\"Perles \u00e0 repasser - Licornes et princesses - SES Creative\",\"isPartOf\":{\"@id\":\"https:\/\/ses-creative.com\/#website\"},\"primaryImageOfPage\":{\"@id\":\"https:\/\/ses-creative.com\/fr\/produit\/perles-a-repasser-licornes-et-princesses\/#primaryimage\"},\"image\":{\"@id\":\"https:\/\/ses-creative.com\/fr\/produit\/perles-a-repasser-licornes-et-princesses\/#primaryimage\"},\"thumbnailUrl\":\"https:\/\/ses-creative.com\/wp-content\/uploads\/2026\/01\/062161.jpg\",\"datePublished\":\"2026-02-12T10:08:52+00:00\",\"dateModified\":\"2026-02-12T10:22:37+00:00\",\"breadcrumb\":{\"@id\":\"https:\/\/ses-creative.com\/fr\/produit\/perles-a-repasser-licornes-et-princesses\/#breadcrumb\"},\"inLanguage\":\"fr-FR\",\"potentialAction\":[{\"@type\":\"ReadAction\",\"target\":[\"https:\/\/ses-creative.com\/fr\/produit\/perles-a-repasser-licornes-et-princesses\/\"]}]},{\"@type\":\"ImageObject\",\"inLanguage\":\"fr-FR\",\"@id\":\"https:\/\/ses-creative.com\/fr\/produit\/perles-a-repasser-licornes-et-princesses\/#primaryimage\",\"url\":\"https:\/\/ses-creative.com\/wp-content\/uploads\/2026\/01\/062161.jpg\",\"contentUrl\":\"https:\/\/ses-creative.com\/wp-content\/uploads\/2026\/01\/062161.jpg\",\"width\":1000,\"height\":1000},{\"@type\":\"BreadcrumbList\",\"@id\":\"https:\/\/ses-creative.com\/fr\/produit\/perles-a-repasser-licornes-et-princesses\/#breadcrumb\",\"itemListElement\":[{\"@type\":\"ListItem\",\"position\":1,\"name\":\"Boutique\",\"item\":\"https:\/\/ses-creative.com\/fr\/boutique\/\"},{\"@type\":\"ListItem\",\"position\":2,\"name\":\"Perles \u00e0 repasser\",\"item\":\"https:\/\/ses-creative.com\/fr\/product-categorie\/perles-a-repasser\/\"},{\"@type\":\"ListItem\",\"position\":3,\"name\":\"Perles \u00e0 repasser &#8211; Licornes et princesses\"}]},{\"@type\":\"WebSite\",\"@id\":\"https:\/\/ses-creative.com\/#website\",\"url\":\"https:\/\/ses-creative.com\/\",\"name\":\"SES Creative\",\"description\":\"\",\"publisher\":{\"@id\":\"https:\/\/ses-creative.com\/#organization\"},\"potentialAction\":[{\"@type\":\"SearchAction\",\"target\":{\"@type\":\"EntryPoint\",\"urlTemplate\":\"https:\/\/ses-creative.com\/?s={search_term_string}\"},\"query-input\":{\"@type\":\"PropertyValueSpecification\",\"valueRequired\":true,\"valueName\":\"search_term_string\"}}],\"inLanguage\":\"fr-FR\"},{\"@type\":\"Organization\",\"@id\":\"https:\/\/ses-creative.com\/#organization\",\"name\":\"SES Creative\",\"url\":\"https:\/\/ses-creative.com\/\",\"logo\":{\"@type\":\"ImageObject\",\"inLanguage\":\"fr-FR\",\"@id\":\"https:\/\/ses-creative.com\/#\/schema\/logo\/image\/\",\"url\":\"https:\/\/ses-creative.com\/wp-content\/uploads\/2025\/10\/ses-creative-logo.jpg\",\"contentUrl\":\"https:\/\/ses-creative.com\/wp-content\/uploads\/2025\/10\/ses-creative-logo.jpg\",\"width\":2037,\"height\":2037,\"caption\":\"SES Creative\"},\"image\":{\"@id\":\"https:\/\/ses-creative.com\/#\/schema\/logo\/image\/\"}}]}<\/script>\n<!-- \/ Yoast SEO plugin. -->","yoast_head_json":{"title":"Perles \u00e0 repasser - Licornes et princesses - SES Creative","robots":{"index":"index","follow":"follow","max-snippet":"max-snippet:-1","max-image-preview":"max-image-preview:large","max-video-preview":"max-video-preview:-1"},"canonical":"https:\/\/ses-creative.com\/fr\/produit\/perles-a-repasser-licornes-et-princesses\/","og_locale":"fr_FR","og_type":"article","og_title":"Perles \u00e0 repasser - Licornes et princesses - SES Creative","og_description":"Ce kit cr\u00e9atif enfant est parfait pour les petites filles passionn\u00e9es par l\u2019univers des contes de f\u00e9es. Il permet de cr\u00e9er de superbes licornes et princesses gr\u00e2ce \u00e0 des perles \u00e0 repasser color\u00e9es et faciles \u00e0 manipuler. L\u2019ensemble inclut des perles thermocollantes, une plaque en forme de princesse, un cheval magique, du papier \u00e0 repasser [&hellip;]","og_url":"https:\/\/ses-creative.com\/fr\/produit\/perles-a-repasser-licornes-et-princesses\/","og_site_name":"SES Creative","article_modified_time":"2026-02-12T10:22:37+00:00","twitter_card":"summary_large_image","twitter_misc":{"Dur\u00e9e de lecture estim\u00e9e":"1 minute"},"schema":{"@context":"https:\/\/schema.org","@graph":[{"@type":"WebPage","@id":"https:\/\/ses-creative.com\/fr\/produit\/perles-a-repasser-licornes-et-princesses\/","url":"https:\/\/ses-creative.com\/fr\/produit\/perles-a-repasser-licornes-et-princesses\/","name":"Perles \u00e0 repasser - Licornes et princesses - SES Creative","isPartOf":{"@id":"https:\/\/ses-creative.com\/#website"},"primaryImageOfPage":{"@id":"https:\/\/ses-creative.com\/fr\/produit\/perles-a-repasser-licornes-et-princesses\/#primaryimage"},"image":{"@id":"https:\/\/ses-creative.com\/fr\/produit\/perles-a-repasser-licornes-et-princesses\/#primaryimage"},"thumbnailUrl":"https:\/\/ses-creative.com\/wp-content\/uploads\/2026\/01\/062161.jpg","datePublished":"2026-02-12T10:08:52+00:00","dateModified":"2026-02-12T10:22:37+00:00","breadcrumb":{"@id":"https:\/\/ses-creative.com\/fr\/produit\/perles-a-repasser-licornes-et-princesses\/#breadcrumb"},"inLanguage":"fr-FR","potentialAction":[{"@type":"ReadAction","target":["https:\/\/ses-creative.com\/fr\/produit\/perles-a-repasser-licornes-et-princesses\/"]}]},{"@type":"ImageObject","inLanguage":"fr-FR","@id":"https:\/\/ses-creative.com\/fr\/produit\/perles-a-repasser-licornes-et-princesses\/#primaryimage","url":"https:\/\/ses-creative.com\/wp-content\/uploads\/2026\/01\/062161.jpg","contentUrl":"https:\/\/ses-creative.com\/wp-content\/uploads\/2026\/01\/062161.jpg","width":1000,"height":1000},{"@type":"BreadcrumbList","@id":"https:\/\/ses-creative.com\/fr\/produit\/perles-a-repasser-licornes-et-princesses\/#breadcrumb","itemListElement":[{"@type":"ListItem","position":1,"name":"Boutique","item":"https:\/\/ses-creative.com\/fr\/boutique\/"},{"@type":"ListItem","position":2,"name":"Perles \u00e0 repasser","item":"https:\/\/ses-creative.com\/fr\/product-categorie\/perles-a-repasser\/"},{"@type":"ListItem","position":3,"name":"Perles \u00e0 repasser &#8211; Licornes et princesses"}]},{"@type":"WebSite","@id":"https:\/\/ses-creative.com\/#website","url":"https:\/\/ses-creative.com\/","name":"SES Creative","description":"","publisher":{"@id":"https:\/\/ses-creative.com\/#organization"},"potentialAction":[{"@type":"SearchAction","target":{"@type":"EntryPoint","urlTemplate":"https:\/\/ses-creative.com\/?s={search_term_string}"},"query-input":{"@type":"PropertyValueSpecification","valueRequired":true,"valueName":"search_term_string"}}],"inLanguage":"fr-FR"},{"@type":"Organization","@id":"https:\/\/ses-creative.com\/#organization","name":"SES Creative","url":"https:\/\/ses-creative.com\/","logo":{"@type":"ImageObject","inLanguage":"fr-FR","@id":"https:\/\/ses-creative.com\/#\/schema\/logo\/image\/","url":"https:\/\/ses-creative.com\/wp-content\/uploads\/2025\/10\/ses-creative-logo.jpg","contentUrl":"https:\/\/ses-creative.com\/wp-content\/uploads\/2025\/10\/ses-creative-logo.jpg","width":2037,"height":2037,"caption":"SES Creative"},"image":{"@id":"https:\/\/ses-creative.com\/#\/schema\/logo\/image\/"}}]}},"_links":{"self":[{"href":"https:\/\/ses-creative.com\/fr\/wp-json\/wp\/v2\/product\/118168","targetHints":{"allow":["GET"]}}],"collection":[{"href":"https:\/\/ses-creative.com\/fr\/wp-json\/wp\/v2\/product"}],"about":[{"href":"https:\/\/ses-creative.com\/fr\/wp-json\/wp\/v2\/types\/product"}],"replies":[{"embeddable":true,"href":"https:\/\/ses-creative.com\/fr\/wp-json\/wp\/v2\/comments?post=118168"}],"wp:featuredmedia":[{"embeddable":true,"href":"https:\/\/ses-creative.com\/fr\/wp-json\/wp\/v2\/media\/100188"}],"wp:attachment":[{"href":"https:\/\/ses-creative.com\/fr\/wp-json\/wp\/v2\/media?parent=118168"}],"wp:term":[{"taxonomy":"product_brand","embeddable":true,"href":"https:\/\/ses-creative.com\/fr\/wp-json\/wp\/v2\/product_brand?post=118168"},{"taxonomy":"product_cat","embeddable":true,"href":"https:\/\/ses-creative.com\/fr\/wp-json\/wp\/v2\/product_cat?post=118168"},{"taxonomy":"product_tag","embeddable":true,"href":"https:\/\/ses-creative.com\/fr\/wp-json\/wp\/v2\/product_tag?post=118168"}],"curies":[{"name":"wp","href":"https:\/\/api.w.org\/{rel}","templated":true}]}}