











{"id":118162,"date":"2026-02-12T10:08:51","date_gmt":"2026-02-12T10:08:51","guid":{"rendered":"https:\/\/ses-creative.com\/?post_type=product&#038;p=118162"},"modified":"2026-02-12T10:22:37","modified_gmt":"2026-02-12T10:22:37","slug":"perles-a-repasser-animaux-du-monde","status":"publish","type":"product","link":"https:\/\/ses-creative.com\/fr\/produit\/perles-a-repasser-animaux-du-monde\/","title":{"rendered":"Perles \u00e0 repasser &#8211; Animaux du monde"},"content":{"rendered":"<p>Ce coffret de perles \u00e0 repasser SES Creative permet aux enfants de voyager \u00e0 travers les continents en cr\u00e9ant des animaux embl\u00e9matiques du monde entier. Gr\u00e2ce \u00e0 3500 perles color\u00e9es et une plaque carr\u00e9e, ils peuvent r\u00e9aliser facilement des pandas, lions, kangourous, \u00e9l\u00e9phants et bien d\u2019autres cr\u00e9atures du r\u00e8gne animal. Une grande carte du monde illustr\u00e9e incluse aide \u00e0 replacer chaque animal dans son environnement d\u2019origine, transformant le jeu en v\u00e9ritable activit\u00e9 \u00e9ducative et interactive. Ce loisir cr\u00e9atif stimule la motricit\u00e9 fine, la concentration, la reconnaissance visuelle et l\u2019imaginaire tout en \u00e9veillant l\u2019enfant \u00e0 la diversit\u00e9 animale et g\u00e9ographique. Conforme aux normes europ\u00e9ennes EN-71, ce kit sans PVC est s\u00e9curis\u00e9 et hypoallerg\u00e9nique. L\u2019enfant d\u00e9veloppe ses comp\u00e9tences tout en s\u2019amusant, seul ou accompagn\u00e9, et peut fi\u00e8rement exposer ses cr\u00e9ations repass\u00e9es par un adulte. Une id\u00e9e cadeau compl\u00e8te, ludique et p\u00e9dagogique pour les jeunes curieux du monde, parfaite pour apprendre tout en cr\u00e9ant et d\u00e9couvrir les continents \u00e0 travers le jeu.<\/p>\n","protected":false},"excerpt":{"rendered":"<p>Ce coffret de perles \u00e0 repasser SES Creative permet aux enfants de voyager \u00e0 travers les continents en cr\u00e9ant des animaux embl\u00e9matiques du monde entier. Gr\u00e2ce \u00e0 3500 perles color\u00e9es et une plaque carr\u00e9e, ils peuvent r\u00e9aliser facilement des pandas, lions, kangourous, \u00e9l\u00e9phants et bien d\u2019autres cr\u00e9atures du r\u00e8gne animal. Une grande carte du monde [&hellip;]<\/p>\n","protected":false},"featured_media":100068,"comment_status":"closed","ping_status":"closed","template":"","meta":{"_acf_changed":false},"product_brand":[],"product_cat":[125],"product_tag":[],"class_list":{"0":"post-118162","1":"product","2":"type-product","3":"status-publish","4":"has-post-thumbnail","6":"product_cat-perles-a-repasser","7":"pa_leeftijd-filter-4-6-ans","8":"pa_meest-populair-bij-garcons-filles","10":"first","11":"instock","12":"shipping-taxable","13":"product-type-simple"},"acf":[],"yoast_head":"<!-- This site is optimized with the Yoast SEO plugin v27.2 - https:\/\/yoast.com\/product\/yoast-seo-wordpress\/ -->\n<title>Perles \u00e0 repasser - Animaux du monde - SES Creative<\/title>\n<meta name=\"robots\" content=\"index, follow, max-snippet:-1, max-image-preview:large, max-video-preview:-1\" \/>\n<link rel=\"canonical\" href=\"https:\/\/ses-creative.com\/fr\/produit\/perles-a-repasser-animaux-du-monde\/\" \/>\n<meta property=\"og:locale\" content=\"fr_FR\" \/>\n<meta property=\"og:type\" content=\"article\" \/>\n<meta property=\"og:title\" content=\"Perles \u00e0 repasser - Animaux du monde - SES Creative\" \/>\n<meta property=\"og:description\" content=\"Ce coffret de perles \u00e0 repasser SES Creative permet aux enfants de voyager \u00e0 travers les continents en cr\u00e9ant des animaux embl\u00e9matiques du monde entier. Gr\u00e2ce \u00e0 3500 perles color\u00e9es et une plaque carr\u00e9e, ils peuvent r\u00e9aliser facilement des pandas, lions, kangourous, \u00e9l\u00e9phants et bien d\u2019autres cr\u00e9atures du r\u00e8gne animal. Une grande carte du monde [&hellip;]\" \/>\n<meta property=\"og:url\" content=\"https:\/\/ses-creative.com\/fr\/produit\/perles-a-repasser-animaux-du-monde\/\" \/>\n<meta property=\"og:site_name\" content=\"SES Creative\" \/>\n<meta property=\"article:modified_time\" content=\"2026-02-12T10:22:37+00:00\" \/>\n<meta name=\"twitter:card\" content=\"summary_large_image\" \/>\n<meta name=\"twitter:label1\" content=\"Dur\u00e9e de lecture estim\u00e9e\" \/>\n\t<meta name=\"twitter:data1\" content=\"1 minute\" \/>\n<script type=\"application\/ld+json\" class=\"yoast-schema-graph\">{\"@context\":\"https:\/\/schema.org\",\"@graph\":[{\"@type\":\"WebPage\",\"@id\":\"https:\/\/ses-creative.com\/fr\/produit\/perles-a-repasser-animaux-du-monde\/\",\"url\":\"https:\/\/ses-creative.com\/fr\/produit\/perles-a-repasser-animaux-du-monde\/\",\"name\":\"Perles \u00e0 repasser - Animaux du monde - SES Creative\",\"isPartOf\":{\"@id\":\"https:\/\/ses-creative.com\/#website\"},\"primaryImageOfPage\":{\"@id\":\"https:\/\/ses-creative.com\/fr\/produit\/perles-a-repasser-animaux-du-monde\/#primaryimage\"},\"image\":{\"@id\":\"https:\/\/ses-creative.com\/fr\/produit\/perles-a-repasser-animaux-du-monde\/#primaryimage\"},\"thumbnailUrl\":\"https:\/\/ses-creative.com\/wp-content\/uploads\/2026\/01\/062071.jpg\",\"datePublished\":\"2026-02-12T10:08:51+00:00\",\"dateModified\":\"2026-02-12T10:22:37+00:00\",\"breadcrumb\":{\"@id\":\"https:\/\/ses-creative.com\/fr\/produit\/perles-a-repasser-animaux-du-monde\/#breadcrumb\"},\"inLanguage\":\"fr-FR\",\"potentialAction\":[{\"@type\":\"ReadAction\",\"target\":[\"https:\/\/ses-creative.com\/fr\/produit\/perles-a-repasser-animaux-du-monde\/\"]}]},{\"@type\":\"ImageObject\",\"inLanguage\":\"fr-FR\",\"@id\":\"https:\/\/ses-creative.com\/fr\/produit\/perles-a-repasser-animaux-du-monde\/#primaryimage\",\"url\":\"https:\/\/ses-creative.com\/wp-content\/uploads\/2026\/01\/062071.jpg\",\"contentUrl\":\"https:\/\/ses-creative.com\/wp-content\/uploads\/2026\/01\/062071.jpg\",\"width\":1000,\"height\":1000},{\"@type\":\"BreadcrumbList\",\"@id\":\"https:\/\/ses-creative.com\/fr\/produit\/perles-a-repasser-animaux-du-monde\/#breadcrumb\",\"itemListElement\":[{\"@type\":\"ListItem\",\"position\":1,\"name\":\"Boutique\",\"item\":\"https:\/\/ses-creative.com\/fr\/boutique\/\"},{\"@type\":\"ListItem\",\"position\":2,\"name\":\"Perles \u00e0 repasser\",\"item\":\"https:\/\/ses-creative.com\/fr\/product-categorie\/perles-a-repasser\/\"},{\"@type\":\"ListItem\",\"position\":3,\"name\":\"Perles \u00e0 repasser &#8211; Animaux du monde\"}]},{\"@type\":\"WebSite\",\"@id\":\"https:\/\/ses-creative.com\/#website\",\"url\":\"https:\/\/ses-creative.com\/\",\"name\":\"SES Creative\",\"description\":\"\",\"publisher\":{\"@id\":\"https:\/\/ses-creative.com\/#organization\"},\"potentialAction\":[{\"@type\":\"SearchAction\",\"target\":{\"@type\":\"EntryPoint\",\"urlTemplate\":\"https:\/\/ses-creative.com\/?s={search_term_string}\"},\"query-input\":{\"@type\":\"PropertyValueSpecification\",\"valueRequired\":true,\"valueName\":\"search_term_string\"}}],\"inLanguage\":\"fr-FR\"},{\"@type\":\"Organization\",\"@id\":\"https:\/\/ses-creative.com\/#organization\",\"name\":\"SES Creative\",\"url\":\"https:\/\/ses-creative.com\/\",\"logo\":{\"@type\":\"ImageObject\",\"inLanguage\":\"fr-FR\",\"@id\":\"https:\/\/ses-creative.com\/#\/schema\/logo\/image\/\",\"url\":\"https:\/\/ses-creative.com\/wp-content\/uploads\/2025\/10\/ses-creative-logo.jpg\",\"contentUrl\":\"https:\/\/ses-creative.com\/wp-content\/uploads\/2025\/10\/ses-creative-logo.jpg\",\"width\":2037,\"height\":2037,\"caption\":\"SES Creative\"},\"image\":{\"@id\":\"https:\/\/ses-creative.com\/#\/schema\/logo\/image\/\"}}]}<\/script>\n<!-- \/ Yoast SEO plugin. -->","yoast_head_json":{"title":"Perles \u00e0 repasser - Animaux du monde - SES Creative","robots":{"index":"index","follow":"follow","max-snippet":"max-snippet:-1","max-image-preview":"max-image-preview:large","max-video-preview":"max-video-preview:-1"},"canonical":"https:\/\/ses-creative.com\/fr\/produit\/perles-a-repasser-animaux-du-monde\/","og_locale":"fr_FR","og_type":"article","og_title":"Perles \u00e0 repasser - Animaux du monde - SES Creative","og_description":"Ce coffret de perles \u00e0 repasser SES Creative permet aux enfants de voyager \u00e0 travers les continents en cr\u00e9ant des animaux embl\u00e9matiques du monde entier. Gr\u00e2ce \u00e0 3500 perles color\u00e9es et une plaque carr\u00e9e, ils peuvent r\u00e9aliser facilement des pandas, lions, kangourous, \u00e9l\u00e9phants et bien d\u2019autres cr\u00e9atures du r\u00e8gne animal. Une grande carte du monde [&hellip;]","og_url":"https:\/\/ses-creative.com\/fr\/produit\/perles-a-repasser-animaux-du-monde\/","og_site_name":"SES Creative","article_modified_time":"2026-02-12T10:22:37+00:00","twitter_card":"summary_large_image","twitter_misc":{"Dur\u00e9e de lecture estim\u00e9e":"1 minute"},"schema":{"@context":"https:\/\/schema.org","@graph":[{"@type":"WebPage","@id":"https:\/\/ses-creative.com\/fr\/produit\/perles-a-repasser-animaux-du-monde\/","url":"https:\/\/ses-creative.com\/fr\/produit\/perles-a-repasser-animaux-du-monde\/","name":"Perles \u00e0 repasser - Animaux du monde - SES Creative","isPartOf":{"@id":"https:\/\/ses-creative.com\/#website"},"primaryImageOfPage":{"@id":"https:\/\/ses-creative.com\/fr\/produit\/perles-a-repasser-animaux-du-monde\/#primaryimage"},"image":{"@id":"https:\/\/ses-creative.com\/fr\/produit\/perles-a-repasser-animaux-du-monde\/#primaryimage"},"thumbnailUrl":"https:\/\/ses-creative.com\/wp-content\/uploads\/2026\/01\/062071.jpg","datePublished":"2026-02-12T10:08:51+00:00","dateModified":"2026-02-12T10:22:37+00:00","breadcrumb":{"@id":"https:\/\/ses-creative.com\/fr\/produit\/perles-a-repasser-animaux-du-monde\/#breadcrumb"},"inLanguage":"fr-FR","potentialAction":[{"@type":"ReadAction","target":["https:\/\/ses-creative.com\/fr\/produit\/perles-a-repasser-animaux-du-monde\/"]}]},{"@type":"ImageObject","inLanguage":"fr-FR","@id":"https:\/\/ses-creative.com\/fr\/produit\/perles-a-repasser-animaux-du-monde\/#primaryimage","url":"https:\/\/ses-creative.com\/wp-content\/uploads\/2026\/01\/062071.jpg","contentUrl":"https:\/\/ses-creative.com\/wp-content\/uploads\/2026\/01\/062071.jpg","width":1000,"height":1000},{"@type":"BreadcrumbList","@id":"https:\/\/ses-creative.com\/fr\/produit\/perles-a-repasser-animaux-du-monde\/#breadcrumb","itemListElement":[{"@type":"ListItem","position":1,"name":"Boutique","item":"https:\/\/ses-creative.com\/fr\/boutique\/"},{"@type":"ListItem","position":2,"name":"Perles \u00e0 repasser","item":"https:\/\/ses-creative.com\/fr\/product-categorie\/perles-a-repasser\/"},{"@type":"ListItem","position":3,"name":"Perles \u00e0 repasser &#8211; Animaux du monde"}]},{"@type":"WebSite","@id":"https:\/\/ses-creative.com\/#website","url":"https:\/\/ses-creative.com\/","name":"SES Creative","description":"","publisher":{"@id":"https:\/\/ses-creative.com\/#organization"},"potentialAction":[{"@type":"SearchAction","target":{"@type":"EntryPoint","urlTemplate":"https:\/\/ses-creative.com\/?s={search_term_string}"},"query-input":{"@type":"PropertyValueSpecification","valueRequired":true,"valueName":"search_term_string"}}],"inLanguage":"fr-FR"},{"@type":"Organization","@id":"https:\/\/ses-creative.com\/#organization","name":"SES Creative","url":"https:\/\/ses-creative.com\/","logo":{"@type":"ImageObject","inLanguage":"fr-FR","@id":"https:\/\/ses-creative.com\/#\/schema\/logo\/image\/","url":"https:\/\/ses-creative.com\/wp-content\/uploads\/2025\/10\/ses-creative-logo.jpg","contentUrl":"https:\/\/ses-creative.com\/wp-content\/uploads\/2025\/10\/ses-creative-logo.jpg","width":2037,"height":2037,"caption":"SES Creative"},"image":{"@id":"https:\/\/ses-creative.com\/#\/schema\/logo\/image\/"}}]}},"_links":{"self":[{"href":"https:\/\/ses-creative.com\/fr\/wp-json\/wp\/v2\/product\/118162","targetHints":{"allow":["GET"]}}],"collection":[{"href":"https:\/\/ses-creative.com\/fr\/wp-json\/wp\/v2\/product"}],"about":[{"href":"https:\/\/ses-creative.com\/fr\/wp-json\/wp\/v2\/types\/product"}],"replies":[{"embeddable":true,"href":"https:\/\/ses-creative.com\/fr\/wp-json\/wp\/v2\/comments?post=118162"}],"wp:featuredmedia":[{"embeddable":true,"href":"https:\/\/ses-creative.com\/fr\/wp-json\/wp\/v2\/media\/100068"}],"wp:attachment":[{"href":"https:\/\/ses-creative.com\/fr\/wp-json\/wp\/v2\/media?parent=118162"}],"wp:term":[{"taxonomy":"product_brand","embeddable":true,"href":"https:\/\/ses-creative.com\/fr\/wp-json\/wp\/v2\/product_brand?post=118162"},{"taxonomy":"product_cat","embeddable":true,"href":"https:\/\/ses-creative.com\/fr\/wp-json\/wp\/v2\/product_cat?post=118162"},{"taxonomy":"product_tag","embeddable":true,"href":"https:\/\/ses-creative.com\/fr\/wp-json\/wp\/v2\/product_tag?post=118162"}],"curies":[{"name":"wp","href":"https:\/\/api.w.org\/{rel}","templated":true}]}}