











{"id":118161,"date":"2026-02-12T10:08:51","date_gmt":"2026-02-12T10:08:51","guid":{"rendered":"https:\/\/ses-creative.com\/?post_type=product&#038;p=118161"},"modified":"2026-02-12T10:22:37","modified_gmt":"2026-02-12T10:22:37","slug":"perles-a-repasser-vehicules-de-constructions","status":"publish","type":"product","link":"https:\/\/ses-creative.com\/fr\/produit\/perles-a-repasser-vehicules-de-constructions\/","title":{"rendered":"Perles \u00e0 repasser &#8211; V\u00e9hicules de constructions"},"content":{"rendered":"<p>Beedz \u2013 V\u00e9hicules de chantier : construis et joue avec tes propres v\u00e9hicules<\/p>\n<p>Avec ce set Beedz de SES Creative, les enfants peuvent cr\u00e9er les v\u00e9hicules de chantier les plus cool. Avec 2400 perles \u00e0 repasser, vous pouvez notamment concevoir un camion \u00e0 benne basculante, une pelleteuse et un camion-citerne. Gr\u00e2ce aux goupilles fournies, les v\u00e9hicules sont dot\u00e9s de pi\u00e8ces mobiles, telles que des roues qui tournent et une benne basculante qui peut vraiment charger et d\u00e9charger. Parfait pour les petits constructeurs qui veulent utiliser leur cr\u00e9ativit\u00e9 et qui aiment construire et jouer.<\/p>\n<p>Ce qui rend ce set g\u00e9nial<\/p>\n<p>Comprend 2400 perles \u00e0 repasser, une planche, du papier \u00e0 repasser et des instructions<br \/>\nCr\u00e9ez plusieurs v\u00e9hicules tels qu&rsquo;un camion \u00e0 benne basculante, une pelleteuse et un camion-citerne<br \/>\nAvec des goupilles fendues pour les pi\u00e8ces mobiles<br \/>\nPerles sans PVC pour une exp\u00e9rience de jeu s\u00fbre<br \/>\nStimule la cr\u00e9ativit\u00e9 et la motricit\u00e9 fine<\/p>\n<p>Laissez libre cours \u00e0 votre imagination<br \/>\nAvec ce kit complet, les enfants peuvent construire leur propre chantier. Les couleurs vives et les perles solides permettent de concevoir facilement des v\u00e9hicules qui sont non seulement beaux, mais qui bougent aussi vraiment. Une fa\u00e7on cr\u00e9ative de bricoler pendant des heures, puis de jouer avec les v\u00e9hicules cr\u00e9\u00e9s.<\/p>\n<p>Contenu du kit<\/p>\n<p>2400 perles \u00e0 repasser<br \/>\n1 plateau carr\u00e9<br \/>\nPapier \u00e0 repasser<br \/>\n12 goupilles fendues<br \/>\nInstructions<\/p>\n<p>Pourquoi choisir SES Creative<br \/>\nChez SES Creative, nous accordons une grande importance \u00e0 la s\u00e9curit\u00e9. C&rsquo;est pourquoi nos produits sont fabriqu\u00e9s et test\u00e9s dans notre usine aux Pays-Bas, conform\u00e9ment aux normes de s\u00e9curit\u00e9 europ\u00e9ennes les plus strictes. Les jouets SES Creative sont source de plaisir et permettent aux enfants d&rsquo;\u00eatre fiers de leur travail, ce qui stimule leur cr\u00e9ativit\u00e9 et leur d\u00e9veloppement.<\/p>\n<p>Commencez d\u00e8s aujourd&rsquo;hui votre aventure Beedz<br \/>\nD\u00e9couvrez le plaisir des perles \u00e0 repasser et cr\u00e9ez les v\u00e9hicules de chantier les plus cool avec ce kit complet. Parfait pour un plaisir cr\u00e9atif sans fin !<\/p>\n","protected":false},"excerpt":{"rendered":"<p>Beedz \u2013 V\u00e9hicules de chantier : construis et joue avec tes propres v\u00e9hicules Avec ce set Beedz de SES Creative, les enfants peuvent cr\u00e9er les v\u00e9hicules de chantier les plus cool. Avec 2400 perles \u00e0 repasser, vous pouvez notamment concevoir un camion \u00e0 benne basculante, une pelleteuse et un camion-citerne. Gr\u00e2ce aux goupilles fournies, les [&hellip;]<\/p>\n","protected":false},"featured_media":100048,"comment_status":"closed","ping_status":"closed","template":"","meta":{"_acf_changed":false},"product_brand":[],"product_cat":[125],"product_tag":[],"class_list":{"0":"post-118161","1":"product","2":"type-product","3":"status-publish","4":"has-post-thumbnail","6":"product_cat-perles-a-repasser","7":"pa_leeftijd-filter-4-6-ans","8":"pa_meest-populair-bij-garcons-filles","10":"first","11":"instock","12":"shipping-taxable","13":"product-type-simple"},"acf":[],"yoast_head":"<!-- This site is optimized with the Yoast SEO plugin v27.2 - https:\/\/yoast.com\/product\/yoast-seo-wordpress\/ -->\n<title>Perles \u00e0 repasser - V\u00e9hicules de constructions - SES Creative<\/title>\n<meta name=\"robots\" content=\"index, follow, max-snippet:-1, max-image-preview:large, max-video-preview:-1\" \/>\n<link rel=\"canonical\" href=\"https:\/\/ses-creative.com\/fr\/produit\/perles-a-repasser-vehicules-de-constructions\/\" \/>\n<meta property=\"og:locale\" content=\"fr_FR\" \/>\n<meta property=\"og:type\" content=\"article\" \/>\n<meta property=\"og:title\" content=\"Perles \u00e0 repasser - V\u00e9hicules de constructions - SES Creative\" \/>\n<meta property=\"og:description\" content=\"Beedz \u2013 V\u00e9hicules de chantier : construis et joue avec tes propres v\u00e9hicules Avec ce set Beedz de SES Creative, les enfants peuvent cr\u00e9er les v\u00e9hicules de chantier les plus cool. Avec 2400 perles \u00e0 repasser, vous pouvez notamment concevoir un camion \u00e0 benne basculante, une pelleteuse et un camion-citerne. Gr\u00e2ce aux goupilles fournies, les [&hellip;]\" \/>\n<meta property=\"og:url\" content=\"https:\/\/ses-creative.com\/fr\/produit\/perles-a-repasser-vehicules-de-constructions\/\" \/>\n<meta property=\"og:site_name\" content=\"SES Creative\" \/>\n<meta property=\"article:modified_time\" content=\"2026-02-12T10:22:37+00:00\" \/>\n<meta name=\"twitter:card\" content=\"summary_large_image\" \/>\n<meta name=\"twitter:label1\" content=\"Dur\u00e9e de lecture estim\u00e9e\" \/>\n\t<meta name=\"twitter:data1\" content=\"2 minutes\" \/>\n<script type=\"application\/ld+json\" class=\"yoast-schema-graph\">{\"@context\":\"https:\/\/schema.org\",\"@graph\":[{\"@type\":\"WebPage\",\"@id\":\"https:\/\/ses-creative.com\/fr\/produit\/perles-a-repasser-vehicules-de-constructions\/\",\"url\":\"https:\/\/ses-creative.com\/fr\/produit\/perles-a-repasser-vehicules-de-constructions\/\",\"name\":\"Perles \u00e0 repasser - V\u00e9hicules de constructions - SES Creative\",\"isPartOf\":{\"@id\":\"https:\/\/ses-creative.com\/#website\"},\"primaryImageOfPage\":{\"@id\":\"https:\/\/ses-creative.com\/fr\/produit\/perles-a-repasser-vehicules-de-constructions\/#primaryimage\"},\"image\":{\"@id\":\"https:\/\/ses-creative.com\/fr\/produit\/perles-a-repasser-vehicules-de-constructions\/#primaryimage\"},\"thumbnailUrl\":\"https:\/\/ses-creative.com\/wp-content\/uploads\/2026\/01\/062061.jpg\",\"datePublished\":\"2026-02-12T10:08:51+00:00\",\"dateModified\":\"2026-02-12T10:22:37+00:00\",\"breadcrumb\":{\"@id\":\"https:\/\/ses-creative.com\/fr\/produit\/perles-a-repasser-vehicules-de-constructions\/#breadcrumb\"},\"inLanguage\":\"fr-FR\",\"potentialAction\":[{\"@type\":\"ReadAction\",\"target\":[\"https:\/\/ses-creative.com\/fr\/produit\/perles-a-repasser-vehicules-de-constructions\/\"]}]},{\"@type\":\"ImageObject\",\"inLanguage\":\"fr-FR\",\"@id\":\"https:\/\/ses-creative.com\/fr\/produit\/perles-a-repasser-vehicules-de-constructions\/#primaryimage\",\"url\":\"https:\/\/ses-creative.com\/wp-content\/uploads\/2026\/01\/062061.jpg\",\"contentUrl\":\"https:\/\/ses-creative.com\/wp-content\/uploads\/2026\/01\/062061.jpg\",\"width\":1000,\"height\":1000},{\"@type\":\"BreadcrumbList\",\"@id\":\"https:\/\/ses-creative.com\/fr\/produit\/perles-a-repasser-vehicules-de-constructions\/#breadcrumb\",\"itemListElement\":[{\"@type\":\"ListItem\",\"position\":1,\"name\":\"Boutique\",\"item\":\"https:\/\/ses-creative.com\/fr\/boutique\/\"},{\"@type\":\"ListItem\",\"position\":2,\"name\":\"Perles \u00e0 repasser\",\"item\":\"https:\/\/ses-creative.com\/fr\/product-categorie\/perles-a-repasser\/\"},{\"@type\":\"ListItem\",\"position\":3,\"name\":\"Perles \u00e0 repasser &#8211; V\u00e9hicules de constructions\"}]},{\"@type\":\"WebSite\",\"@id\":\"https:\/\/ses-creative.com\/#website\",\"url\":\"https:\/\/ses-creative.com\/\",\"name\":\"SES Creative\",\"description\":\"\",\"publisher\":{\"@id\":\"https:\/\/ses-creative.com\/#organization\"},\"potentialAction\":[{\"@type\":\"SearchAction\",\"target\":{\"@type\":\"EntryPoint\",\"urlTemplate\":\"https:\/\/ses-creative.com\/?s={search_term_string}\"},\"query-input\":{\"@type\":\"PropertyValueSpecification\",\"valueRequired\":true,\"valueName\":\"search_term_string\"}}],\"inLanguage\":\"fr-FR\"},{\"@type\":\"Organization\",\"@id\":\"https:\/\/ses-creative.com\/#organization\",\"name\":\"SES Creative\",\"url\":\"https:\/\/ses-creative.com\/\",\"logo\":{\"@type\":\"ImageObject\",\"inLanguage\":\"fr-FR\",\"@id\":\"https:\/\/ses-creative.com\/#\/schema\/logo\/image\/\",\"url\":\"https:\/\/ses-creative.com\/wp-content\/uploads\/2025\/10\/ses-creative-logo.jpg\",\"contentUrl\":\"https:\/\/ses-creative.com\/wp-content\/uploads\/2025\/10\/ses-creative-logo.jpg\",\"width\":2037,\"height\":2037,\"caption\":\"SES Creative\"},\"image\":{\"@id\":\"https:\/\/ses-creative.com\/#\/schema\/logo\/image\/\"}}]}<\/script>\n<!-- \/ Yoast SEO plugin. -->","yoast_head_json":{"title":"Perles \u00e0 repasser - V\u00e9hicules de constructions - SES Creative","robots":{"index":"index","follow":"follow","max-snippet":"max-snippet:-1","max-image-preview":"max-image-preview:large","max-video-preview":"max-video-preview:-1"},"canonical":"https:\/\/ses-creative.com\/fr\/produit\/perles-a-repasser-vehicules-de-constructions\/","og_locale":"fr_FR","og_type":"article","og_title":"Perles \u00e0 repasser - V\u00e9hicules de constructions - SES Creative","og_description":"Beedz \u2013 V\u00e9hicules de chantier : construis et joue avec tes propres v\u00e9hicules Avec ce set Beedz de SES Creative, les enfants peuvent cr\u00e9er les v\u00e9hicules de chantier les plus cool. Avec 2400 perles \u00e0 repasser, vous pouvez notamment concevoir un camion \u00e0 benne basculante, une pelleteuse et un camion-citerne. Gr\u00e2ce aux goupilles fournies, les [&hellip;]","og_url":"https:\/\/ses-creative.com\/fr\/produit\/perles-a-repasser-vehicules-de-constructions\/","og_site_name":"SES Creative","article_modified_time":"2026-02-12T10:22:37+00:00","twitter_card":"summary_large_image","twitter_misc":{"Dur\u00e9e de lecture estim\u00e9e":"2 minutes"},"schema":{"@context":"https:\/\/schema.org","@graph":[{"@type":"WebPage","@id":"https:\/\/ses-creative.com\/fr\/produit\/perles-a-repasser-vehicules-de-constructions\/","url":"https:\/\/ses-creative.com\/fr\/produit\/perles-a-repasser-vehicules-de-constructions\/","name":"Perles \u00e0 repasser - V\u00e9hicules de constructions - SES Creative","isPartOf":{"@id":"https:\/\/ses-creative.com\/#website"},"primaryImageOfPage":{"@id":"https:\/\/ses-creative.com\/fr\/produit\/perles-a-repasser-vehicules-de-constructions\/#primaryimage"},"image":{"@id":"https:\/\/ses-creative.com\/fr\/produit\/perles-a-repasser-vehicules-de-constructions\/#primaryimage"},"thumbnailUrl":"https:\/\/ses-creative.com\/wp-content\/uploads\/2026\/01\/062061.jpg","datePublished":"2026-02-12T10:08:51+00:00","dateModified":"2026-02-12T10:22:37+00:00","breadcrumb":{"@id":"https:\/\/ses-creative.com\/fr\/produit\/perles-a-repasser-vehicules-de-constructions\/#breadcrumb"},"inLanguage":"fr-FR","potentialAction":[{"@type":"ReadAction","target":["https:\/\/ses-creative.com\/fr\/produit\/perles-a-repasser-vehicules-de-constructions\/"]}]},{"@type":"ImageObject","inLanguage":"fr-FR","@id":"https:\/\/ses-creative.com\/fr\/produit\/perles-a-repasser-vehicules-de-constructions\/#primaryimage","url":"https:\/\/ses-creative.com\/wp-content\/uploads\/2026\/01\/062061.jpg","contentUrl":"https:\/\/ses-creative.com\/wp-content\/uploads\/2026\/01\/062061.jpg","width":1000,"height":1000},{"@type":"BreadcrumbList","@id":"https:\/\/ses-creative.com\/fr\/produit\/perles-a-repasser-vehicules-de-constructions\/#breadcrumb","itemListElement":[{"@type":"ListItem","position":1,"name":"Boutique","item":"https:\/\/ses-creative.com\/fr\/boutique\/"},{"@type":"ListItem","position":2,"name":"Perles \u00e0 repasser","item":"https:\/\/ses-creative.com\/fr\/product-categorie\/perles-a-repasser\/"},{"@type":"ListItem","position":3,"name":"Perles \u00e0 repasser &#8211; V\u00e9hicules de constructions"}]},{"@type":"WebSite","@id":"https:\/\/ses-creative.com\/#website","url":"https:\/\/ses-creative.com\/","name":"SES Creative","description":"","publisher":{"@id":"https:\/\/ses-creative.com\/#organization"},"potentialAction":[{"@type":"SearchAction","target":{"@type":"EntryPoint","urlTemplate":"https:\/\/ses-creative.com\/?s={search_term_string}"},"query-input":{"@type":"PropertyValueSpecification","valueRequired":true,"valueName":"search_term_string"}}],"inLanguage":"fr-FR"},{"@type":"Organization","@id":"https:\/\/ses-creative.com\/#organization","name":"SES Creative","url":"https:\/\/ses-creative.com\/","logo":{"@type":"ImageObject","inLanguage":"fr-FR","@id":"https:\/\/ses-creative.com\/#\/schema\/logo\/image\/","url":"https:\/\/ses-creative.com\/wp-content\/uploads\/2025\/10\/ses-creative-logo.jpg","contentUrl":"https:\/\/ses-creative.com\/wp-content\/uploads\/2025\/10\/ses-creative-logo.jpg","width":2037,"height":2037,"caption":"SES Creative"},"image":{"@id":"https:\/\/ses-creative.com\/#\/schema\/logo\/image\/"}}]}},"_links":{"self":[{"href":"https:\/\/ses-creative.com\/fr\/wp-json\/wp\/v2\/product\/118161","targetHints":{"allow":["GET"]}}],"collection":[{"href":"https:\/\/ses-creative.com\/fr\/wp-json\/wp\/v2\/product"}],"about":[{"href":"https:\/\/ses-creative.com\/fr\/wp-json\/wp\/v2\/types\/product"}],"replies":[{"embeddable":true,"href":"https:\/\/ses-creative.com\/fr\/wp-json\/wp\/v2\/comments?post=118161"}],"wp:featuredmedia":[{"embeddable":true,"href":"https:\/\/ses-creative.com\/fr\/wp-json\/wp\/v2\/media\/100048"}],"wp:attachment":[{"href":"https:\/\/ses-creative.com\/fr\/wp-json\/wp\/v2\/media?parent=118161"}],"wp:term":[{"taxonomy":"product_brand","embeddable":true,"href":"https:\/\/ses-creative.com\/fr\/wp-json\/wp\/v2\/product_brand?post=118161"},{"taxonomy":"product_cat","embeddable":true,"href":"https:\/\/ses-creative.com\/fr\/wp-json\/wp\/v2\/product_cat?post=118161"},{"taxonomy":"product_tag","embeddable":true,"href":"https:\/\/ses-creative.com\/fr\/wp-json\/wp\/v2\/product_tag?post=118161"}],"curies":[{"name":"wp","href":"https:\/\/api.w.org\/{rel}","templated":true}]}}