











{"id":118158,"date":"2026-02-12T10:08:50","date_gmt":"2026-02-12T10:08:50","guid":{"rendered":"https:\/\/ses-creative.com\/?post_type=product&#038;p=118158"},"modified":"2026-02-12T10:22:36","modified_gmt":"2026-02-12T10:22:36","slug":"perles-a-repasser-animaux-de-larctique","status":"publish","type":"product","link":"https:\/\/ses-creative.com\/fr\/produit\/perles-a-repasser-animaux-de-larctique\/","title":{"rendered":"Perles \u00e0 repasser &#8211; Animaux de l&rsquo;Arctique"},"content":{"rendered":"<p>Beedz \u2013 Animaux polaires : cr\u00e9ez vos propres \u0153uvres d&rsquo;art glac\u00e9es<\/p>\n<p>Brrr, ces animaux se sentent comme chez eux dans le froid ! Avec ce set Beedz de SES Creative, tu peux cr\u00e9er les plus beaux animaux polaires, tels que des pingouins, des ours polaires et des morses. Avec 2100 perles \u00e0 repasser et une plaque hexagonale pratique, tu peux donner vie \u00e0 ton propre royaume animalier hivernal. Parfait pour les enfants \u00e0 partir de 5 ans qui aiment l&rsquo;hiver et veulent faire preuve de cr\u00e9ativit\u00e9.<\/p>\n<p>Ce qui rend ce kit g\u00e9nial<\/p>\n<p>Comprend une plaque hexagonale, 2100 perles \u00e0 repasser et du papier \u00e0 repasser<br \/>\nPerles sans PVC pour une exp\u00e9rience de jeu s\u00fbre<br \/>\nCouleurs vives pour des cr\u00e9ations r\u00e9alistes et joyeuses<br \/>\nConvient aux enfants \u00e0 partir de 5 ans<br \/>\nStimule la cr\u00e9ativit\u00e9, l&rsquo;imagination et la motricit\u00e9 fine<\/p>\n<p>Laissez libre cours \u00e0 votre imagination<br \/>\nAvec ce set, les enfants construisent leur propre monde animalier hivernal. Le plateau hexagonal maintient les perles bien en place, ce qui rend les cr\u00e9ations solides et esth\u00e9tiques. Des adorables pingouins aux robustes ours polaires : les possibilit\u00e9s sont infinies et garantissent des heures de plaisir \u00e0 jouer et \u00e0 bricoler.<\/p>\n<p>Contenu du set<\/p>\n<p>1 plateau hexagonal pour perles \u00e0 repasser<br \/>\n2100 perles \u00e0 repasser de diff\u00e9rentes couleurs<br \/>\nPapier \u00e0 repasser<\/p>\n<p>Pourquoi choisir SES Creative<br \/>\nChez SES Creative, nous accordons une grande importance \u00e0 la s\u00e9curit\u00e9. C&rsquo;est pourquoi nos produits sont fabriqu\u00e9s et test\u00e9s dans notre usine aux Pays-Bas, conform\u00e9ment aux normes de s\u00e9curit\u00e9 europ\u00e9ennes les plus strictes. Les jouets SES Creative sont source de plaisir et permettent aux enfants d&rsquo;\u00eatre fiers de leur travail, ce qui stimule leur cr\u00e9ativit\u00e9 et leur d\u00e9veloppement.<\/p>\n<p>Commencez d\u00e8s aujourd&rsquo;hui votre aventure Beedz<br \/>\nD\u00e9couvrez le plaisir des perles \u00e0 repasser et cr\u00e9ez les plus beaux animaux de la mer avec ce set color\u00e9. Parfait pour un plaisir cr\u00e9atif sans fin !<\/p>\n","protected":false},"excerpt":{"rendered":"<p>Beedz \u2013 Animaux polaires : cr\u00e9ez vos propres \u0153uvres d&rsquo;art glac\u00e9es Brrr, ces animaux se sentent comme chez eux dans le froid ! Avec ce set Beedz de SES Creative, tu peux cr\u00e9er les plus beaux animaux polaires, tels que des pingouins, des ours polaires et des morses. Avec 2100 perles \u00e0 repasser et une [&hellip;]<\/p>\n","protected":false},"featured_media":99988,"comment_status":"closed","ping_status":"closed","template":"","meta":{"_acf_changed":false},"product_brand":[],"product_cat":[125],"product_tag":[],"class_list":{"0":"post-118158","1":"product","2":"type-product","3":"status-publish","4":"has-post-thumbnail","6":"product_cat-perles-a-repasser","7":"pa_leeftijd-filter-4-6-ans","8":"pa_meest-populair-bij-garcons-filles","10":"first","11":"instock","12":"shipping-taxable","13":"product-type-simple"},"acf":[],"yoast_head":"<!-- This site is optimized with the Yoast SEO plugin v27.2 - https:\/\/yoast.com\/product\/yoast-seo-wordpress\/ -->\n<title>Perles \u00e0 repasser - Animaux de l&#039;Arctique - SES Creative<\/title>\n<meta name=\"robots\" content=\"index, follow, max-snippet:-1, max-image-preview:large, max-video-preview:-1\" \/>\n<link rel=\"canonical\" href=\"https:\/\/ses-creative.com\/fr\/produit\/perles-a-repasser-animaux-de-larctique\/\" \/>\n<meta property=\"og:locale\" content=\"fr_FR\" \/>\n<meta property=\"og:type\" content=\"article\" \/>\n<meta property=\"og:title\" content=\"Perles \u00e0 repasser - Animaux de l&#039;Arctique - SES Creative\" \/>\n<meta property=\"og:description\" content=\"Beedz \u2013 Animaux polaires : cr\u00e9ez vos propres \u0153uvres d&rsquo;art glac\u00e9es Brrr, ces animaux se sentent comme chez eux dans le froid ! Avec ce set Beedz de SES Creative, tu peux cr\u00e9er les plus beaux animaux polaires, tels que des pingouins, des ours polaires et des morses. Avec 2100 perles \u00e0 repasser et une [&hellip;]\" \/>\n<meta property=\"og:url\" content=\"https:\/\/ses-creative.com\/fr\/produit\/perles-a-repasser-animaux-de-larctique\/\" \/>\n<meta property=\"og:site_name\" content=\"SES Creative\" \/>\n<meta property=\"article:modified_time\" content=\"2026-02-12T10:22:36+00:00\" \/>\n<meta name=\"twitter:card\" content=\"summary_large_image\" \/>\n<meta name=\"twitter:label1\" content=\"Dur\u00e9e de lecture estim\u00e9e\" \/>\n\t<meta name=\"twitter:data1\" content=\"2 minutes\" \/>\n<script type=\"application\/ld+json\" class=\"yoast-schema-graph\">{\"@context\":\"https:\/\/schema.org\",\"@graph\":[{\"@type\":\"WebPage\",\"@id\":\"https:\/\/ses-creative.com\/fr\/produit\/perles-a-repasser-animaux-de-larctique\/\",\"url\":\"https:\/\/ses-creative.com\/fr\/produit\/perles-a-repasser-animaux-de-larctique\/\",\"name\":\"Perles \u00e0 repasser - Animaux de l'Arctique - SES Creative\",\"isPartOf\":{\"@id\":\"https:\/\/ses-creative.com\/#website\"},\"primaryImageOfPage\":{\"@id\":\"https:\/\/ses-creative.com\/fr\/produit\/perles-a-repasser-animaux-de-larctique\/#primaryimage\"},\"image\":{\"@id\":\"https:\/\/ses-creative.com\/fr\/produit\/perles-a-repasser-animaux-de-larctique\/#primaryimage\"},\"thumbnailUrl\":\"https:\/\/ses-creative.com\/wp-content\/uploads\/2026\/01\/062031.jpg\",\"datePublished\":\"2026-02-12T10:08:50+00:00\",\"dateModified\":\"2026-02-12T10:22:36+00:00\",\"breadcrumb\":{\"@id\":\"https:\/\/ses-creative.com\/fr\/produit\/perles-a-repasser-animaux-de-larctique\/#breadcrumb\"},\"inLanguage\":\"fr-FR\",\"potentialAction\":[{\"@type\":\"ReadAction\",\"target\":[\"https:\/\/ses-creative.com\/fr\/produit\/perles-a-repasser-animaux-de-larctique\/\"]}]},{\"@type\":\"ImageObject\",\"inLanguage\":\"fr-FR\",\"@id\":\"https:\/\/ses-creative.com\/fr\/produit\/perles-a-repasser-animaux-de-larctique\/#primaryimage\",\"url\":\"https:\/\/ses-creative.com\/wp-content\/uploads\/2026\/01\/062031.jpg\",\"contentUrl\":\"https:\/\/ses-creative.com\/wp-content\/uploads\/2026\/01\/062031.jpg\",\"width\":1000,\"height\":1000},{\"@type\":\"BreadcrumbList\",\"@id\":\"https:\/\/ses-creative.com\/fr\/produit\/perles-a-repasser-animaux-de-larctique\/#breadcrumb\",\"itemListElement\":[{\"@type\":\"ListItem\",\"position\":1,\"name\":\"Boutique\",\"item\":\"https:\/\/ses-creative.com\/fr\/boutique\/\"},{\"@type\":\"ListItem\",\"position\":2,\"name\":\"Perles \u00e0 repasser\",\"item\":\"https:\/\/ses-creative.com\/fr\/product-categorie\/perles-a-repasser\/\"},{\"@type\":\"ListItem\",\"position\":3,\"name\":\"Perles \u00e0 repasser &#8211; Animaux de l&#8217;Arctique\"}]},{\"@type\":\"WebSite\",\"@id\":\"https:\/\/ses-creative.com\/#website\",\"url\":\"https:\/\/ses-creative.com\/\",\"name\":\"SES Creative\",\"description\":\"\",\"publisher\":{\"@id\":\"https:\/\/ses-creative.com\/#organization\"},\"potentialAction\":[{\"@type\":\"SearchAction\",\"target\":{\"@type\":\"EntryPoint\",\"urlTemplate\":\"https:\/\/ses-creative.com\/?s={search_term_string}\"},\"query-input\":{\"@type\":\"PropertyValueSpecification\",\"valueRequired\":true,\"valueName\":\"search_term_string\"}}],\"inLanguage\":\"fr-FR\"},{\"@type\":\"Organization\",\"@id\":\"https:\/\/ses-creative.com\/#organization\",\"name\":\"SES Creative\",\"url\":\"https:\/\/ses-creative.com\/\",\"logo\":{\"@type\":\"ImageObject\",\"inLanguage\":\"fr-FR\",\"@id\":\"https:\/\/ses-creative.com\/#\/schema\/logo\/image\/\",\"url\":\"https:\/\/ses-creative.com\/wp-content\/uploads\/2025\/10\/ses-creative-logo.jpg\",\"contentUrl\":\"https:\/\/ses-creative.com\/wp-content\/uploads\/2025\/10\/ses-creative-logo.jpg\",\"width\":2037,\"height\":2037,\"caption\":\"SES Creative\"},\"image\":{\"@id\":\"https:\/\/ses-creative.com\/#\/schema\/logo\/image\/\"}}]}<\/script>\n<!-- \/ Yoast SEO plugin. -->","yoast_head_json":{"title":"Perles \u00e0 repasser - Animaux de l'Arctique - SES Creative","robots":{"index":"index","follow":"follow","max-snippet":"max-snippet:-1","max-image-preview":"max-image-preview:large","max-video-preview":"max-video-preview:-1"},"canonical":"https:\/\/ses-creative.com\/fr\/produit\/perles-a-repasser-animaux-de-larctique\/","og_locale":"fr_FR","og_type":"article","og_title":"Perles \u00e0 repasser - Animaux de l'Arctique - SES Creative","og_description":"Beedz \u2013 Animaux polaires : cr\u00e9ez vos propres \u0153uvres d&rsquo;art glac\u00e9es Brrr, ces animaux se sentent comme chez eux dans le froid ! Avec ce set Beedz de SES Creative, tu peux cr\u00e9er les plus beaux animaux polaires, tels que des pingouins, des ours polaires et des morses. Avec 2100 perles \u00e0 repasser et une [&hellip;]","og_url":"https:\/\/ses-creative.com\/fr\/produit\/perles-a-repasser-animaux-de-larctique\/","og_site_name":"SES Creative","article_modified_time":"2026-02-12T10:22:36+00:00","twitter_card":"summary_large_image","twitter_misc":{"Dur\u00e9e de lecture estim\u00e9e":"2 minutes"},"schema":{"@context":"https:\/\/schema.org","@graph":[{"@type":"WebPage","@id":"https:\/\/ses-creative.com\/fr\/produit\/perles-a-repasser-animaux-de-larctique\/","url":"https:\/\/ses-creative.com\/fr\/produit\/perles-a-repasser-animaux-de-larctique\/","name":"Perles \u00e0 repasser - Animaux de l'Arctique - SES Creative","isPartOf":{"@id":"https:\/\/ses-creative.com\/#website"},"primaryImageOfPage":{"@id":"https:\/\/ses-creative.com\/fr\/produit\/perles-a-repasser-animaux-de-larctique\/#primaryimage"},"image":{"@id":"https:\/\/ses-creative.com\/fr\/produit\/perles-a-repasser-animaux-de-larctique\/#primaryimage"},"thumbnailUrl":"https:\/\/ses-creative.com\/wp-content\/uploads\/2026\/01\/062031.jpg","datePublished":"2026-02-12T10:08:50+00:00","dateModified":"2026-02-12T10:22:36+00:00","breadcrumb":{"@id":"https:\/\/ses-creative.com\/fr\/produit\/perles-a-repasser-animaux-de-larctique\/#breadcrumb"},"inLanguage":"fr-FR","potentialAction":[{"@type":"ReadAction","target":["https:\/\/ses-creative.com\/fr\/produit\/perles-a-repasser-animaux-de-larctique\/"]}]},{"@type":"ImageObject","inLanguage":"fr-FR","@id":"https:\/\/ses-creative.com\/fr\/produit\/perles-a-repasser-animaux-de-larctique\/#primaryimage","url":"https:\/\/ses-creative.com\/wp-content\/uploads\/2026\/01\/062031.jpg","contentUrl":"https:\/\/ses-creative.com\/wp-content\/uploads\/2026\/01\/062031.jpg","width":1000,"height":1000},{"@type":"BreadcrumbList","@id":"https:\/\/ses-creative.com\/fr\/produit\/perles-a-repasser-animaux-de-larctique\/#breadcrumb","itemListElement":[{"@type":"ListItem","position":1,"name":"Boutique","item":"https:\/\/ses-creative.com\/fr\/boutique\/"},{"@type":"ListItem","position":2,"name":"Perles \u00e0 repasser","item":"https:\/\/ses-creative.com\/fr\/product-categorie\/perles-a-repasser\/"},{"@type":"ListItem","position":3,"name":"Perles \u00e0 repasser &#8211; Animaux de l&#8217;Arctique"}]},{"@type":"WebSite","@id":"https:\/\/ses-creative.com\/#website","url":"https:\/\/ses-creative.com\/","name":"SES Creative","description":"","publisher":{"@id":"https:\/\/ses-creative.com\/#organization"},"potentialAction":[{"@type":"SearchAction","target":{"@type":"EntryPoint","urlTemplate":"https:\/\/ses-creative.com\/?s={search_term_string}"},"query-input":{"@type":"PropertyValueSpecification","valueRequired":true,"valueName":"search_term_string"}}],"inLanguage":"fr-FR"},{"@type":"Organization","@id":"https:\/\/ses-creative.com\/#organization","name":"SES Creative","url":"https:\/\/ses-creative.com\/","logo":{"@type":"ImageObject","inLanguage":"fr-FR","@id":"https:\/\/ses-creative.com\/#\/schema\/logo\/image\/","url":"https:\/\/ses-creative.com\/wp-content\/uploads\/2025\/10\/ses-creative-logo.jpg","contentUrl":"https:\/\/ses-creative.com\/wp-content\/uploads\/2025\/10\/ses-creative-logo.jpg","width":2037,"height":2037,"caption":"SES Creative"},"image":{"@id":"https:\/\/ses-creative.com\/#\/schema\/logo\/image\/"}}]}},"_links":{"self":[{"href":"https:\/\/ses-creative.com\/fr\/wp-json\/wp\/v2\/product\/118158","targetHints":{"allow":["GET"]}}],"collection":[{"href":"https:\/\/ses-creative.com\/fr\/wp-json\/wp\/v2\/product"}],"about":[{"href":"https:\/\/ses-creative.com\/fr\/wp-json\/wp\/v2\/types\/product"}],"replies":[{"embeddable":true,"href":"https:\/\/ses-creative.com\/fr\/wp-json\/wp\/v2\/comments?post=118158"}],"wp:featuredmedia":[{"embeddable":true,"href":"https:\/\/ses-creative.com\/fr\/wp-json\/wp\/v2\/media\/99988"}],"wp:attachment":[{"href":"https:\/\/ses-creative.com\/fr\/wp-json\/wp\/v2\/media?parent=118158"}],"wp:term":[{"taxonomy":"product_brand","embeddable":true,"href":"https:\/\/ses-creative.com\/fr\/wp-json\/wp\/v2\/product_brand?post=118158"},{"taxonomy":"product_cat","embeddable":true,"href":"https:\/\/ses-creative.com\/fr\/wp-json\/wp\/v2\/product_cat?post=118158"},{"taxonomy":"product_tag","embeddable":true,"href":"https:\/\/ses-creative.com\/fr\/wp-json\/wp\/v2\/product_tag?post=118158"}],"curies":[{"name":"wp","href":"https:\/\/api.w.org\/{rel}","templated":true}]}}