











{"id":118155,"date":"2026-02-12T10:08:50","date_gmt":"2026-02-12T10:08:50","guid":{"rendered":"https:\/\/ses-creative.com\/?post_type=product&#038;p=118155"},"modified":"2026-02-12T10:22:36","modified_gmt":"2026-02-12T10:22:36","slug":"perles-a-repasser-licornes-glow-in-the-dark","status":"publish","type":"product","link":"https:\/\/ses-creative.com\/fr\/produit\/perles-a-repasser-licornes-glow-in-the-dark\/","title":{"rendered":"Perles \u00e0 repasser &#8211; Licornes Glow in the Dark"},"content":{"rendered":"<p>Plongez dans l&rsquo;univers f\u00e9erique des licornes avec ce kit de perles \u00e0 repasser licorne, id\u00e9al pour les enfants d\u00e8s 5 ans. Ce set cr\u00e9atif permet aux petits artistes de cr\u00e9er des motifs magiques en pla\u00e7ant les perles sur le plateau cheval fantasy puis en les fixant \u00e0 l\u2019aide du papier \u00e0 repasser. Laissez libre cours \u00e0 votre imagination en m\u00e9langeant les couleurs et en ajoutant des perles glow in the dark pour un effet lumineux spectaculaire une fois la lumi\u00e8re \u00e9teinte. Ce jouet cr\u00e9atif enfant est con\u00e7u pour offrir une exp\u00e9rience amusante et \u00e9ducative. Les perles sont sans PVC et compatibles avec d\u2019autres marques, garantissant ainsi une grande flexibilit\u00e9 dans les cr\u00e9ations. Cette activit\u00e9 manuelle d\u00e9veloppe la motricit\u00e9 fine et la concentration tout en apportant un moment ludique loin des \u00e9crans.<\/p>\n<p>Contenu du kit :<br \/>\n\u2714 1200 perles dont des perles glow in the dark<br \/>\n\u2714 1 plateau cheval fantasy<br \/>\n\u2714 1 papier \u00e0 repasser<\/p>\n<p>Un cadeau original et cr\u00e9atif, id\u00e9al pour les petites filles et gar\u00e7ons passionn\u00e9s d\u2019arts et de licornes. Parfait pour un cadeau fille 5 ans, un anniversaire ou No\u00ebl, ce kit offre une exp\u00e9rience magique et amusante !<\/p>\n","protected":false},"excerpt":{"rendered":"<p>Plongez dans l&rsquo;univers f\u00e9erique des licornes avec ce kit de perles \u00e0 repasser licorne, id\u00e9al pour les enfants d\u00e8s 5 ans. Ce set cr\u00e9atif permet aux petits artistes de cr\u00e9er des motifs magiques en pla\u00e7ant les perles sur le plateau cheval fantasy puis en les fixant \u00e0 l\u2019aide du papier \u00e0 repasser. Laissez libre cours [&hellip;]<\/p>\n","protected":false},"featured_media":99928,"comment_status":"closed","ping_status":"closed","template":"","meta":{"_acf_changed":false},"product_brand":[],"product_cat":[125],"product_tag":[],"class_list":{"0":"post-118155","1":"product","2":"type-product","3":"status-publish","4":"has-post-thumbnail","6":"product_cat-perles-a-repasser","7":"pa_leeftijd-filter-4-6-ans","8":"pa_meest-populair-bij-garcons-filles","10":"first","11":"instock","12":"shipping-taxable","13":"product-type-simple"},"acf":[],"yoast_head":"<!-- This site is optimized with the Yoast SEO plugin v27.2 - https:\/\/yoast.com\/product\/yoast-seo-wordpress\/ -->\n<title>Perles \u00e0 repasser - Licornes Glow in the Dark - SES Creative<\/title>\n<meta name=\"robots\" content=\"index, follow, max-snippet:-1, max-image-preview:large, max-video-preview:-1\" \/>\n<link rel=\"canonical\" href=\"https:\/\/ses-creative.com\/fr\/produit\/perles-a-repasser-licornes-glow-in-the-dark\/\" \/>\n<meta property=\"og:locale\" content=\"fr_FR\" \/>\n<meta property=\"og:type\" content=\"article\" \/>\n<meta property=\"og:title\" content=\"Perles \u00e0 repasser - Licornes Glow in the Dark - SES Creative\" \/>\n<meta property=\"og:description\" content=\"Plongez dans l&rsquo;univers f\u00e9erique des licornes avec ce kit de perles \u00e0 repasser licorne, id\u00e9al pour les enfants d\u00e8s 5 ans. Ce set cr\u00e9atif permet aux petits artistes de cr\u00e9er des motifs magiques en pla\u00e7ant les perles sur le plateau cheval fantasy puis en les fixant \u00e0 l\u2019aide du papier \u00e0 repasser. Laissez libre cours [&hellip;]\" \/>\n<meta property=\"og:url\" content=\"https:\/\/ses-creative.com\/fr\/produit\/perles-a-repasser-licornes-glow-in-the-dark\/\" \/>\n<meta property=\"og:site_name\" content=\"SES Creative\" \/>\n<meta property=\"article:modified_time\" content=\"2026-02-12T10:22:36+00:00\" \/>\n<meta name=\"twitter:card\" content=\"summary_large_image\" \/>\n<meta name=\"twitter:label1\" content=\"Dur\u00e9e de lecture estim\u00e9e\" \/>\n\t<meta name=\"twitter:data1\" content=\"1 minute\" \/>\n<script type=\"application\/ld+json\" class=\"yoast-schema-graph\">{\"@context\":\"https:\/\/schema.org\",\"@graph\":[{\"@type\":\"WebPage\",\"@id\":\"https:\/\/ses-creative.com\/fr\/produit\/perles-a-repasser-licornes-glow-in-the-dark\/\",\"url\":\"https:\/\/ses-creative.com\/fr\/produit\/perles-a-repasser-licornes-glow-in-the-dark\/\",\"name\":\"Perles \u00e0 repasser - Licornes Glow in the Dark - SES Creative\",\"isPartOf\":{\"@id\":\"https:\/\/ses-creative.com\/#website\"},\"primaryImageOfPage\":{\"@id\":\"https:\/\/ses-creative.com\/fr\/produit\/perles-a-repasser-licornes-glow-in-the-dark\/#primaryimage\"},\"image\":{\"@id\":\"https:\/\/ses-creative.com\/fr\/produit\/perles-a-repasser-licornes-glow-in-the-dark\/#primaryimage\"},\"thumbnailUrl\":\"https:\/\/ses-creative.com\/wp-content\/uploads\/2026\/01\/061151.jpg\",\"datePublished\":\"2026-02-12T10:08:50+00:00\",\"dateModified\":\"2026-02-12T10:22:36+00:00\",\"breadcrumb\":{\"@id\":\"https:\/\/ses-creative.com\/fr\/produit\/perles-a-repasser-licornes-glow-in-the-dark\/#breadcrumb\"},\"inLanguage\":\"fr-FR\",\"potentialAction\":[{\"@type\":\"ReadAction\",\"target\":[\"https:\/\/ses-creative.com\/fr\/produit\/perles-a-repasser-licornes-glow-in-the-dark\/\"]}]},{\"@type\":\"ImageObject\",\"inLanguage\":\"fr-FR\",\"@id\":\"https:\/\/ses-creative.com\/fr\/produit\/perles-a-repasser-licornes-glow-in-the-dark\/#primaryimage\",\"url\":\"https:\/\/ses-creative.com\/wp-content\/uploads\/2026\/01\/061151.jpg\",\"contentUrl\":\"https:\/\/ses-creative.com\/wp-content\/uploads\/2026\/01\/061151.jpg\",\"width\":1000,\"height\":1000},{\"@type\":\"BreadcrumbList\",\"@id\":\"https:\/\/ses-creative.com\/fr\/produit\/perles-a-repasser-licornes-glow-in-the-dark\/#breadcrumb\",\"itemListElement\":[{\"@type\":\"ListItem\",\"position\":1,\"name\":\"Boutique\",\"item\":\"https:\/\/ses-creative.com\/fr\/boutique\/\"},{\"@type\":\"ListItem\",\"position\":2,\"name\":\"Perles \u00e0 repasser\",\"item\":\"https:\/\/ses-creative.com\/fr\/product-categorie\/perles-a-repasser\/\"},{\"@type\":\"ListItem\",\"position\":3,\"name\":\"Perles \u00e0 repasser &#8211; Licornes Glow in the Dark\"}]},{\"@type\":\"WebSite\",\"@id\":\"https:\/\/ses-creative.com\/#website\",\"url\":\"https:\/\/ses-creative.com\/\",\"name\":\"SES Creative\",\"description\":\"\",\"publisher\":{\"@id\":\"https:\/\/ses-creative.com\/#organization\"},\"potentialAction\":[{\"@type\":\"SearchAction\",\"target\":{\"@type\":\"EntryPoint\",\"urlTemplate\":\"https:\/\/ses-creative.com\/?s={search_term_string}\"},\"query-input\":{\"@type\":\"PropertyValueSpecification\",\"valueRequired\":true,\"valueName\":\"search_term_string\"}}],\"inLanguage\":\"fr-FR\"},{\"@type\":\"Organization\",\"@id\":\"https:\/\/ses-creative.com\/#organization\",\"name\":\"SES Creative\",\"url\":\"https:\/\/ses-creative.com\/\",\"logo\":{\"@type\":\"ImageObject\",\"inLanguage\":\"fr-FR\",\"@id\":\"https:\/\/ses-creative.com\/#\/schema\/logo\/image\/\",\"url\":\"https:\/\/ses-creative.com\/wp-content\/uploads\/2025\/10\/ses-creative-logo.jpg\",\"contentUrl\":\"https:\/\/ses-creative.com\/wp-content\/uploads\/2025\/10\/ses-creative-logo.jpg\",\"width\":2037,\"height\":2037,\"caption\":\"SES Creative\"},\"image\":{\"@id\":\"https:\/\/ses-creative.com\/#\/schema\/logo\/image\/\"}}]}<\/script>\n<!-- \/ Yoast SEO plugin. -->","yoast_head_json":{"title":"Perles \u00e0 repasser - Licornes Glow in the Dark - SES Creative","robots":{"index":"index","follow":"follow","max-snippet":"max-snippet:-1","max-image-preview":"max-image-preview:large","max-video-preview":"max-video-preview:-1"},"canonical":"https:\/\/ses-creative.com\/fr\/produit\/perles-a-repasser-licornes-glow-in-the-dark\/","og_locale":"fr_FR","og_type":"article","og_title":"Perles \u00e0 repasser - Licornes Glow in the Dark - SES Creative","og_description":"Plongez dans l&rsquo;univers f\u00e9erique des licornes avec ce kit de perles \u00e0 repasser licorne, id\u00e9al pour les enfants d\u00e8s 5 ans. Ce set cr\u00e9atif permet aux petits artistes de cr\u00e9er des motifs magiques en pla\u00e7ant les perles sur le plateau cheval fantasy puis en les fixant \u00e0 l\u2019aide du papier \u00e0 repasser. Laissez libre cours [&hellip;]","og_url":"https:\/\/ses-creative.com\/fr\/produit\/perles-a-repasser-licornes-glow-in-the-dark\/","og_site_name":"SES Creative","article_modified_time":"2026-02-12T10:22:36+00:00","twitter_card":"summary_large_image","twitter_misc":{"Dur\u00e9e de lecture estim\u00e9e":"1 minute"},"schema":{"@context":"https:\/\/schema.org","@graph":[{"@type":"WebPage","@id":"https:\/\/ses-creative.com\/fr\/produit\/perles-a-repasser-licornes-glow-in-the-dark\/","url":"https:\/\/ses-creative.com\/fr\/produit\/perles-a-repasser-licornes-glow-in-the-dark\/","name":"Perles \u00e0 repasser - Licornes Glow in the Dark - SES Creative","isPartOf":{"@id":"https:\/\/ses-creative.com\/#website"},"primaryImageOfPage":{"@id":"https:\/\/ses-creative.com\/fr\/produit\/perles-a-repasser-licornes-glow-in-the-dark\/#primaryimage"},"image":{"@id":"https:\/\/ses-creative.com\/fr\/produit\/perles-a-repasser-licornes-glow-in-the-dark\/#primaryimage"},"thumbnailUrl":"https:\/\/ses-creative.com\/wp-content\/uploads\/2026\/01\/061151.jpg","datePublished":"2026-02-12T10:08:50+00:00","dateModified":"2026-02-12T10:22:36+00:00","breadcrumb":{"@id":"https:\/\/ses-creative.com\/fr\/produit\/perles-a-repasser-licornes-glow-in-the-dark\/#breadcrumb"},"inLanguage":"fr-FR","potentialAction":[{"@type":"ReadAction","target":["https:\/\/ses-creative.com\/fr\/produit\/perles-a-repasser-licornes-glow-in-the-dark\/"]}]},{"@type":"ImageObject","inLanguage":"fr-FR","@id":"https:\/\/ses-creative.com\/fr\/produit\/perles-a-repasser-licornes-glow-in-the-dark\/#primaryimage","url":"https:\/\/ses-creative.com\/wp-content\/uploads\/2026\/01\/061151.jpg","contentUrl":"https:\/\/ses-creative.com\/wp-content\/uploads\/2026\/01\/061151.jpg","width":1000,"height":1000},{"@type":"BreadcrumbList","@id":"https:\/\/ses-creative.com\/fr\/produit\/perles-a-repasser-licornes-glow-in-the-dark\/#breadcrumb","itemListElement":[{"@type":"ListItem","position":1,"name":"Boutique","item":"https:\/\/ses-creative.com\/fr\/boutique\/"},{"@type":"ListItem","position":2,"name":"Perles \u00e0 repasser","item":"https:\/\/ses-creative.com\/fr\/product-categorie\/perles-a-repasser\/"},{"@type":"ListItem","position":3,"name":"Perles \u00e0 repasser &#8211; Licornes Glow in the Dark"}]},{"@type":"WebSite","@id":"https:\/\/ses-creative.com\/#website","url":"https:\/\/ses-creative.com\/","name":"SES Creative","description":"","publisher":{"@id":"https:\/\/ses-creative.com\/#organization"},"potentialAction":[{"@type":"SearchAction","target":{"@type":"EntryPoint","urlTemplate":"https:\/\/ses-creative.com\/?s={search_term_string}"},"query-input":{"@type":"PropertyValueSpecification","valueRequired":true,"valueName":"search_term_string"}}],"inLanguage":"fr-FR"},{"@type":"Organization","@id":"https:\/\/ses-creative.com\/#organization","name":"SES Creative","url":"https:\/\/ses-creative.com\/","logo":{"@type":"ImageObject","inLanguage":"fr-FR","@id":"https:\/\/ses-creative.com\/#\/schema\/logo\/image\/","url":"https:\/\/ses-creative.com\/wp-content\/uploads\/2025\/10\/ses-creative-logo.jpg","contentUrl":"https:\/\/ses-creative.com\/wp-content\/uploads\/2025\/10\/ses-creative-logo.jpg","width":2037,"height":2037,"caption":"SES Creative"},"image":{"@id":"https:\/\/ses-creative.com\/#\/schema\/logo\/image\/"}}]}},"_links":{"self":[{"href":"https:\/\/ses-creative.com\/fr\/wp-json\/wp\/v2\/product\/118155","targetHints":{"allow":["GET"]}}],"collection":[{"href":"https:\/\/ses-creative.com\/fr\/wp-json\/wp\/v2\/product"}],"about":[{"href":"https:\/\/ses-creative.com\/fr\/wp-json\/wp\/v2\/types\/product"}],"replies":[{"embeddable":true,"href":"https:\/\/ses-creative.com\/fr\/wp-json\/wp\/v2\/comments?post=118155"}],"wp:featuredmedia":[{"embeddable":true,"href":"https:\/\/ses-creative.com\/fr\/wp-json\/wp\/v2\/media\/99928"}],"wp:attachment":[{"href":"https:\/\/ses-creative.com\/fr\/wp-json\/wp\/v2\/media?parent=118155"}],"wp:term":[{"taxonomy":"product_brand","embeddable":true,"href":"https:\/\/ses-creative.com\/fr\/wp-json\/wp\/v2\/product_brand?post=118155"},{"taxonomy":"product_cat","embeddable":true,"href":"https:\/\/ses-creative.com\/fr\/wp-json\/wp\/v2\/product_cat?post=118155"},{"taxonomy":"product_tag","embeddable":true,"href":"https:\/\/ses-creative.com\/fr\/wp-json\/wp\/v2\/product_tag?post=118155"}],"curies":[{"name":"wp","href":"https:\/\/api.w.org\/{rel}","templated":true}]}}