











{"id":118151,"date":"2026-02-12T10:08:49","date_gmt":"2026-02-12T10:08:49","guid":{"rendered":"https:\/\/ses-creative.com\/?post_type=product&#038;p=118151"},"modified":"2026-02-12T10:22:35","modified_gmt":"2026-02-12T10:22:35","slug":"perles-a-repasser-bijoux-avec-diamants","status":"publish","type":"product","link":"https:\/\/ses-creative.com\/fr\/produit\/perles-a-repasser-bijoux-avec-diamants\/","title":{"rendered":"Perles \u00e0 repasser &#8211; Bijoux avec diamants"},"content":{"rendered":"<p>Beedz \u2013 Bijoux en diamant : cr\u00e9ez votre propre collection \u00e9tincelante<\/p>\n<p>Avec le kit Beedz Bijoux en diamant de SES Creative, vous pouvez cr\u00e9er les plus beaux bijoux \u00e9tincelants. Avec 1200 perles \u00e0 repasser en forme de diamant, des fils \u00e9lastiques, des fermoirs et des breloques, vous pouvez cr\u00e9er des bracelets, des colliers et des accessoires uniques que vous pouvez porter avec fiert\u00e9 ou offrir en cadeau. Parfait pour les jeunes cr\u00e9ateurs de mode \u00e0 partir de 5 ans qui veulent laisser libre cours \u00e0 leur cr\u00e9ativit\u00e9.<\/p>\n<p>Ce qui rend ce kit g\u00e9nial<\/p>\n<p>Comprend 1 200 perles \u00e0 repasser en forme de diamant aux couleurs vives<br \/>\nContient des fils \u00e9lastiques, des fermoirs et de jolies breloques<br \/>\nMat\u00e9riau sans PVC et sans danger<br \/>\nConvient aux enfants \u00e0 partir de 5 ans<br \/>\nStimule la cr\u00e9ativit\u00e9, la motricit\u00e9 fine et le sens de la mode<\/p>\n<p>Laissez libre cours \u00e0 votre imagination<br \/>\nAvec ce kit, les enfants peuvent cr\u00e9er leurs propres bijoux qui brillent comme de vrais diamants. Les perles \u00e0 repasser sont faciles \u00e0 utiliser et transforment chaque cr\u00e9ation en un magnifique accessoire. Que tu travailles seule ou avec tes amies, tu peux cr\u00e9er des bijoux qui correspondent parfaitement \u00e0 ton style et \u00e0 ta personnalit\u00e9.<\/p>\n<p>Contenu du kit<\/p>\n<p>1200 perles \u00e0 repasser en forme de diamant<br \/>\nFils \u00e9lastiques<br \/>\nFermoirs<br \/>\nBreloques<\/p>\n<p>Pourquoi choisir SES Creative<br \/>\nChez SES Creative, nous accordons une grande importance \u00e0 la s\u00e9curit\u00e9. C&rsquo;est pourquoi nos produits sont fabriqu\u00e9s et test\u00e9s dans notre usine aux Pays-Bas, conform\u00e9ment aux normes de s\u00e9curit\u00e9 europ\u00e9ennes les plus strictes. Les jouets et kits cr\u00e9atifs de SES Creative sont source de plaisir et permettent aux enfants d&rsquo;\u00eatre fiers de leur travail, ce qui stimule leur cr\u00e9ativit\u00e9 et leur d\u00e9veloppement.<\/p>\n<p>Commencez d\u00e8s aujourd&rsquo;hui votre aventure Beedz<br \/>\nD\u00e9couvrez le plaisir de cr\u00e9er vos propres bijoux et r\u00e9alisez de magnifiques cr\u00e9ations avec ce kit de bijoux en diamants. Parfait pour des heures de plaisir cr\u00e9atif et des r\u00e9sultats \u00e9tincelants !<\/p>\n","protected":false},"excerpt":{"rendered":"<p>Beedz \u2013 Bijoux en diamant : cr\u00e9ez votre propre collection \u00e9tincelante Avec le kit Beedz Bijoux en diamant de SES Creative, vous pouvez cr\u00e9er les plus beaux bijoux \u00e9tincelants. Avec 1200 perles \u00e0 repasser en forme de diamant, des fils \u00e9lastiques, des fermoirs et des breloques, vous pouvez cr\u00e9er des bracelets, des colliers et des [&hellip;]<\/p>\n","protected":false},"featured_media":93912,"comment_status":"closed","ping_status":"closed","template":"","meta":{"_acf_changed":false},"product_brand":[],"product_cat":[125],"product_tag":[],"class_list":{"0":"post-118151","1":"product","2":"type-product","3":"status-publish","4":"has-post-thumbnail","6":"product_cat-perles-a-repasser","7":"pa_leeftijd-filter-4-6-ans","8":"pa_meest-populair-bij-garcons-filles","10":"first","11":"instock","12":"shipping-taxable","13":"product-type-simple"},"acf":[],"yoast_head":"<!-- This site is optimized with the Yoast SEO plugin v27.2 - https:\/\/yoast.com\/product\/yoast-seo-wordpress\/ -->\n<title>Perles \u00e0 repasser - Bijoux avec diamants - SES Creative<\/title>\n<meta name=\"robots\" content=\"index, follow, max-snippet:-1, max-image-preview:large, max-video-preview:-1\" \/>\n<link rel=\"canonical\" href=\"https:\/\/ses-creative.com\/fr\/produit\/perles-a-repasser-bijoux-avec-diamants\/\" \/>\n<meta property=\"og:locale\" content=\"fr_FR\" \/>\n<meta property=\"og:type\" content=\"article\" \/>\n<meta property=\"og:title\" content=\"Perles \u00e0 repasser - Bijoux avec diamants - SES Creative\" \/>\n<meta property=\"og:description\" content=\"Beedz \u2013 Bijoux en diamant : cr\u00e9ez votre propre collection \u00e9tincelante Avec le kit Beedz Bijoux en diamant de SES Creative, vous pouvez cr\u00e9er les plus beaux bijoux \u00e9tincelants. Avec 1200 perles \u00e0 repasser en forme de diamant, des fils \u00e9lastiques, des fermoirs et des breloques, vous pouvez cr\u00e9er des bracelets, des colliers et des [&hellip;]\" \/>\n<meta property=\"og:url\" content=\"https:\/\/ses-creative.com\/fr\/produit\/perles-a-repasser-bijoux-avec-diamants\/\" \/>\n<meta property=\"og:site_name\" content=\"SES Creative\" \/>\n<meta property=\"article:modified_time\" content=\"2026-02-12T10:22:35+00:00\" \/>\n<meta name=\"twitter:card\" content=\"summary_large_image\" \/>\n<meta name=\"twitter:label1\" content=\"Dur\u00e9e de lecture estim\u00e9e\" \/>\n\t<meta name=\"twitter:data1\" content=\"2 minutes\" \/>\n<script type=\"application\/ld+json\" class=\"yoast-schema-graph\">{\"@context\":\"https:\/\/schema.org\",\"@graph\":[{\"@type\":\"WebPage\",\"@id\":\"https:\/\/ses-creative.com\/fr\/produit\/perles-a-repasser-bijoux-avec-diamants\/\",\"url\":\"https:\/\/ses-creative.com\/fr\/produit\/perles-a-repasser-bijoux-avec-diamants\/\",\"name\":\"Perles \u00e0 repasser - Bijoux avec diamants - SES Creative\",\"isPartOf\":{\"@id\":\"https:\/\/ses-creative.com\/#website\"},\"primaryImageOfPage\":{\"@id\":\"https:\/\/ses-creative.com\/fr\/produit\/perles-a-repasser-bijoux-avec-diamants\/#primaryimage\"},\"image\":{\"@id\":\"https:\/\/ses-creative.com\/fr\/produit\/perles-a-repasser-bijoux-avec-diamants\/#primaryimage\"},\"thumbnailUrl\":\"https:\/\/ses-creative.com\/wp-content\/uploads\/2026\/01\/060781.jpg\",\"datePublished\":\"2026-02-12T10:08:49+00:00\",\"dateModified\":\"2026-02-12T10:22:35+00:00\",\"breadcrumb\":{\"@id\":\"https:\/\/ses-creative.com\/fr\/produit\/perles-a-repasser-bijoux-avec-diamants\/#breadcrumb\"},\"inLanguage\":\"fr-FR\",\"potentialAction\":[{\"@type\":\"ReadAction\",\"target\":[\"https:\/\/ses-creative.com\/fr\/produit\/perles-a-repasser-bijoux-avec-diamants\/\"]}]},{\"@type\":\"ImageObject\",\"inLanguage\":\"fr-FR\",\"@id\":\"https:\/\/ses-creative.com\/fr\/produit\/perles-a-repasser-bijoux-avec-diamants\/#primaryimage\",\"url\":\"https:\/\/ses-creative.com\/wp-content\/uploads\/2026\/01\/060781.jpg\",\"contentUrl\":\"https:\/\/ses-creative.com\/wp-content\/uploads\/2026\/01\/060781.jpg\",\"width\":1000,\"height\":1000},{\"@type\":\"BreadcrumbList\",\"@id\":\"https:\/\/ses-creative.com\/fr\/produit\/perles-a-repasser-bijoux-avec-diamants\/#breadcrumb\",\"itemListElement\":[{\"@type\":\"ListItem\",\"position\":1,\"name\":\"Boutique\",\"item\":\"https:\/\/ses-creative.com\/fr\/boutique\/\"},{\"@type\":\"ListItem\",\"position\":2,\"name\":\"Perles \u00e0 repasser\",\"item\":\"https:\/\/ses-creative.com\/fr\/product-categorie\/perles-a-repasser\/\"},{\"@type\":\"ListItem\",\"position\":3,\"name\":\"Perles \u00e0 repasser &#8211; Bijoux avec diamants\"}]},{\"@type\":\"WebSite\",\"@id\":\"https:\/\/ses-creative.com\/#website\",\"url\":\"https:\/\/ses-creative.com\/\",\"name\":\"SES Creative\",\"description\":\"\",\"publisher\":{\"@id\":\"https:\/\/ses-creative.com\/#organization\"},\"potentialAction\":[{\"@type\":\"SearchAction\",\"target\":{\"@type\":\"EntryPoint\",\"urlTemplate\":\"https:\/\/ses-creative.com\/?s={search_term_string}\"},\"query-input\":{\"@type\":\"PropertyValueSpecification\",\"valueRequired\":true,\"valueName\":\"search_term_string\"}}],\"inLanguage\":\"fr-FR\"},{\"@type\":\"Organization\",\"@id\":\"https:\/\/ses-creative.com\/#organization\",\"name\":\"SES Creative\",\"url\":\"https:\/\/ses-creative.com\/\",\"logo\":{\"@type\":\"ImageObject\",\"inLanguage\":\"fr-FR\",\"@id\":\"https:\/\/ses-creative.com\/#\/schema\/logo\/image\/\",\"url\":\"https:\/\/ses-creative.com\/wp-content\/uploads\/2025\/10\/ses-creative-logo.jpg\",\"contentUrl\":\"https:\/\/ses-creative.com\/wp-content\/uploads\/2025\/10\/ses-creative-logo.jpg\",\"width\":2037,\"height\":2037,\"caption\":\"SES Creative\"},\"image\":{\"@id\":\"https:\/\/ses-creative.com\/#\/schema\/logo\/image\/\"}}]}<\/script>\n<!-- \/ Yoast SEO plugin. -->","yoast_head_json":{"title":"Perles \u00e0 repasser - Bijoux avec diamants - SES Creative","robots":{"index":"index","follow":"follow","max-snippet":"max-snippet:-1","max-image-preview":"max-image-preview:large","max-video-preview":"max-video-preview:-1"},"canonical":"https:\/\/ses-creative.com\/fr\/produit\/perles-a-repasser-bijoux-avec-diamants\/","og_locale":"fr_FR","og_type":"article","og_title":"Perles \u00e0 repasser - Bijoux avec diamants - SES Creative","og_description":"Beedz \u2013 Bijoux en diamant : cr\u00e9ez votre propre collection \u00e9tincelante Avec le kit Beedz Bijoux en diamant de SES Creative, vous pouvez cr\u00e9er les plus beaux bijoux \u00e9tincelants. Avec 1200 perles \u00e0 repasser en forme de diamant, des fils \u00e9lastiques, des fermoirs et des breloques, vous pouvez cr\u00e9er des bracelets, des colliers et des [&hellip;]","og_url":"https:\/\/ses-creative.com\/fr\/produit\/perles-a-repasser-bijoux-avec-diamants\/","og_site_name":"SES Creative","article_modified_time":"2026-02-12T10:22:35+00:00","twitter_card":"summary_large_image","twitter_misc":{"Dur\u00e9e de lecture estim\u00e9e":"2 minutes"},"schema":{"@context":"https:\/\/schema.org","@graph":[{"@type":"WebPage","@id":"https:\/\/ses-creative.com\/fr\/produit\/perles-a-repasser-bijoux-avec-diamants\/","url":"https:\/\/ses-creative.com\/fr\/produit\/perles-a-repasser-bijoux-avec-diamants\/","name":"Perles \u00e0 repasser - Bijoux avec diamants - SES Creative","isPartOf":{"@id":"https:\/\/ses-creative.com\/#website"},"primaryImageOfPage":{"@id":"https:\/\/ses-creative.com\/fr\/produit\/perles-a-repasser-bijoux-avec-diamants\/#primaryimage"},"image":{"@id":"https:\/\/ses-creative.com\/fr\/produit\/perles-a-repasser-bijoux-avec-diamants\/#primaryimage"},"thumbnailUrl":"https:\/\/ses-creative.com\/wp-content\/uploads\/2026\/01\/060781.jpg","datePublished":"2026-02-12T10:08:49+00:00","dateModified":"2026-02-12T10:22:35+00:00","breadcrumb":{"@id":"https:\/\/ses-creative.com\/fr\/produit\/perles-a-repasser-bijoux-avec-diamants\/#breadcrumb"},"inLanguage":"fr-FR","potentialAction":[{"@type":"ReadAction","target":["https:\/\/ses-creative.com\/fr\/produit\/perles-a-repasser-bijoux-avec-diamants\/"]}]},{"@type":"ImageObject","inLanguage":"fr-FR","@id":"https:\/\/ses-creative.com\/fr\/produit\/perles-a-repasser-bijoux-avec-diamants\/#primaryimage","url":"https:\/\/ses-creative.com\/wp-content\/uploads\/2026\/01\/060781.jpg","contentUrl":"https:\/\/ses-creative.com\/wp-content\/uploads\/2026\/01\/060781.jpg","width":1000,"height":1000},{"@type":"BreadcrumbList","@id":"https:\/\/ses-creative.com\/fr\/produit\/perles-a-repasser-bijoux-avec-diamants\/#breadcrumb","itemListElement":[{"@type":"ListItem","position":1,"name":"Boutique","item":"https:\/\/ses-creative.com\/fr\/boutique\/"},{"@type":"ListItem","position":2,"name":"Perles \u00e0 repasser","item":"https:\/\/ses-creative.com\/fr\/product-categorie\/perles-a-repasser\/"},{"@type":"ListItem","position":3,"name":"Perles \u00e0 repasser &#8211; Bijoux avec diamants"}]},{"@type":"WebSite","@id":"https:\/\/ses-creative.com\/#website","url":"https:\/\/ses-creative.com\/","name":"SES Creative","description":"","publisher":{"@id":"https:\/\/ses-creative.com\/#organization"},"potentialAction":[{"@type":"SearchAction","target":{"@type":"EntryPoint","urlTemplate":"https:\/\/ses-creative.com\/?s={search_term_string}"},"query-input":{"@type":"PropertyValueSpecification","valueRequired":true,"valueName":"search_term_string"}}],"inLanguage":"fr-FR"},{"@type":"Organization","@id":"https:\/\/ses-creative.com\/#organization","name":"SES Creative","url":"https:\/\/ses-creative.com\/","logo":{"@type":"ImageObject","inLanguage":"fr-FR","@id":"https:\/\/ses-creative.com\/#\/schema\/logo\/image\/","url":"https:\/\/ses-creative.com\/wp-content\/uploads\/2025\/10\/ses-creative-logo.jpg","contentUrl":"https:\/\/ses-creative.com\/wp-content\/uploads\/2025\/10\/ses-creative-logo.jpg","width":2037,"height":2037,"caption":"SES Creative"},"image":{"@id":"https:\/\/ses-creative.com\/#\/schema\/logo\/image\/"}}]}},"_links":{"self":[{"href":"https:\/\/ses-creative.com\/fr\/wp-json\/wp\/v2\/product\/118151","targetHints":{"allow":["GET"]}}],"collection":[{"href":"https:\/\/ses-creative.com\/fr\/wp-json\/wp\/v2\/product"}],"about":[{"href":"https:\/\/ses-creative.com\/fr\/wp-json\/wp\/v2\/types\/product"}],"replies":[{"embeddable":true,"href":"https:\/\/ses-creative.com\/fr\/wp-json\/wp\/v2\/comments?post=118151"}],"wp:featuredmedia":[{"embeddable":true,"href":"https:\/\/ses-creative.com\/fr\/wp-json\/wp\/v2\/media\/93912"}],"wp:attachment":[{"href":"https:\/\/ses-creative.com\/fr\/wp-json\/wp\/v2\/media?parent=118151"}],"wp:term":[{"taxonomy":"product_brand","embeddable":true,"href":"https:\/\/ses-creative.com\/fr\/wp-json\/wp\/v2\/product_brand?post=118151"},{"taxonomy":"product_cat","embeddable":true,"href":"https:\/\/ses-creative.com\/fr\/wp-json\/wp\/v2\/product_cat?post=118151"},{"taxonomy":"product_tag","embeddable":true,"href":"https:\/\/ses-creative.com\/fr\/wp-json\/wp\/v2\/product_tag?post=118151"}],"curies":[{"name":"wp","href":"https:\/\/api.w.org\/{rel}","templated":true}]}}