











{"id":118150,"date":"2026-02-12T10:08:49","date_gmt":"2026-02-12T10:08:49","guid":{"rendered":"https:\/\/ses-creative.com\/?post_type=product&#038;p=118150"},"modified":"2026-02-12T10:22:35","modified_gmt":"2026-02-12T10:22:35","slug":"beedz-art-cactus","status":"publish","type":"product","link":"https:\/\/ses-creative.com\/fr\/produit\/beedz-art-cactus\/","title":{"rendered":"Beedz Art &#8211; Cactus"},"content":{"rendered":"<p>Beedz Art \u2013 Mini plantes d&rsquo;int\u00e9rieur : cr\u00e9ez vos propres cactus color\u00e9s<\/p>\n<p>Avec ce kit Beedz Art de SES Creative, vous pouvez cr\u00e9er de magnifiques mini plantes d&rsquo;int\u00e9rieur en forme de cactus. Gr\u00e2ce \u00e0 l&rsquo;effet 3D sp\u00e9cial, les plantes semblent prendre vie et constituent une d\u00e9coration joyeuse pour votre chambre. Parfait pour les adolescents et les adultes cr\u00e9atifs \u00e0 partir de 12 ans qui aiment les d\u00e9fis cr\u00e9atifs originaux et les projets artistiques uniques.<\/p>\n<p>Ce qui rend ce kit g\u00e9nial<\/p>\n<p>Kit complet avec 1600 perles assorties, plaque de base hexagonale, ruban mousse, papier \u00e0 repasser et instructions<br \/>\nEffet 3D unique qui fait ressortir les cactus<br \/>\nStimule la cr\u00e9ativit\u00e9, la pr\u00e9cision et la motricit\u00e9 fine<br \/>\nConvient aux adultes et aux enfants \u00e0 partir de 12 ans<br \/>\nR\u00e9sultat final : des mini-plantes d&rsquo;int\u00e9rieur color\u00e9es qui constituent une d\u00e9coration originale<\/p>\n<p>Laissez libre cours \u00e0 votre imagination<br \/>\nAvec Beedz Art, vous ne vous contentez pas de bricoler, vous cr\u00e9ez quelque chose d&rsquo;exceptionnel. Ce kit vous propose un projet relaxant et stimulant qui vous permettra de cr\u00e9er de magnifiques cactus \u00e9tape par \u00e9tape. L&rsquo;effet 3D fera briller votre \u0153uvre d&rsquo;art et en fera un v\u00e9ritable accroche-regard dans votre int\u00e9rieur.<\/p>\n<p>Contenu du kit<\/p>\n<p>1600 perles assorties<br \/>\n1 plaque de base hexagonale<br \/>\nRuban mousse pour l&rsquo;effet 3D<br \/>\nPapier \u00e0 repasser<br \/>\nMode d&#8217;emploi<\/p>\n<p>Pourquoi choisir SES Creative<br \/>\nChez SES Creative, nous accordons une grande importance \u00e0 la s\u00e9curit\u00e9. C&rsquo;est pourquoi nos produits sont fabriqu\u00e9s et test\u00e9s dans notre usine aux Pays-Bas, conform\u00e9ment aux normes de s\u00e9curit\u00e9 europ\u00e9ennes les plus strictes. Les kits cr\u00e9atifs de SES Creative sont source de plaisir et permettent aux cr\u00e9ateurs d&rsquo;\u00eatre fiers de leur travail, ce qui stimule leur cr\u00e9ativit\u00e9 et leur d\u00e9veloppement.<\/p>\n<p>Commencez d\u00e8s aujourd&rsquo;hui votre chef-d&rsquo;\u0153uvre Beedz Art<br \/>\nD\u00e9couvrez \u00e0 quel point il est amusant et relaxant de cr\u00e9er vos propres cactus avec ce kit Beedz Art unique. Parfait pour des heures de plaisir cr\u00e9atif et une touche naturelle originale dans votre chambre !<\/p>\n","protected":false},"excerpt":{"rendered":"<p>Beedz Art \u2013 Mini plantes d&rsquo;int\u00e9rieur : cr\u00e9ez vos propres cactus color\u00e9s Avec ce kit Beedz Art de SES Creative, vous pouvez cr\u00e9er de magnifiques mini plantes d&rsquo;int\u00e9rieur en forme de cactus. Gr\u00e2ce \u00e0 l&rsquo;effet 3D sp\u00e9cial, les plantes semblent prendre vie et constituent une d\u00e9coration joyeuse pour votre chambre. Parfait pour les adolescents et [&hellip;]<\/p>\n","protected":false},"featured_media":99848,"comment_status":"closed","ping_status":"closed","template":"","meta":{"_acf_changed":false},"product_brand":[],"product_cat":[118],"product_tag":[],"class_list":{"0":"post-118150","1":"product","2":"type-product","3":"status-publish","4":"has-post-thumbnail","6":"product_cat-buegelperlen","7":"pa_leeftijd-filter-6-ans","8":"pa_meest-populair-bij-garcons-filles","10":"first","11":"instock","12":"shipping-taxable","13":"product-type-simple"},"acf":[],"yoast_head":"<!-- This site is optimized with the Yoast SEO plugin v27.2 - https:\/\/yoast.com\/product\/yoast-seo-wordpress\/ -->\n<title>Beedz Art - Cactus - SES Creative<\/title>\n<meta name=\"robots\" content=\"index, follow, max-snippet:-1, max-image-preview:large, max-video-preview:-1\" \/>\n<link rel=\"canonical\" href=\"https:\/\/ses-creative.com\/fr\/produit\/beedz-art-cactus\/\" \/>\n<meta property=\"og:locale\" content=\"fr_FR\" \/>\n<meta property=\"og:type\" content=\"article\" \/>\n<meta property=\"og:title\" content=\"Beedz Art - Cactus - SES Creative\" \/>\n<meta property=\"og:description\" content=\"Beedz Art \u2013 Mini plantes d&rsquo;int\u00e9rieur : cr\u00e9ez vos propres cactus color\u00e9s Avec ce kit Beedz Art de SES Creative, vous pouvez cr\u00e9er de magnifiques mini plantes d&rsquo;int\u00e9rieur en forme de cactus. Gr\u00e2ce \u00e0 l&rsquo;effet 3D sp\u00e9cial, les plantes semblent prendre vie et constituent une d\u00e9coration joyeuse pour votre chambre. Parfait pour les adolescents et [&hellip;]\" \/>\n<meta property=\"og:url\" content=\"https:\/\/ses-creative.com\/fr\/produit\/beedz-art-cactus\/\" \/>\n<meta property=\"og:site_name\" content=\"SES Creative\" \/>\n<meta property=\"article:modified_time\" content=\"2026-02-12T10:22:35+00:00\" \/>\n<meta name=\"twitter:card\" content=\"summary_large_image\" \/>\n<meta name=\"twitter:label1\" content=\"Dur\u00e9e de lecture estim\u00e9e\" \/>\n\t<meta name=\"twitter:data1\" content=\"2 minutes\" \/>\n<script type=\"application\/ld+json\" class=\"yoast-schema-graph\">{\"@context\":\"https:\/\/schema.org\",\"@graph\":[{\"@type\":\"WebPage\",\"@id\":\"https:\/\/ses-creative.com\/fr\/produit\/beedz-art-cactus\/\",\"url\":\"https:\/\/ses-creative.com\/fr\/produit\/beedz-art-cactus\/\",\"name\":\"Beedz Art - Cactus - SES Creative\",\"isPartOf\":{\"@id\":\"https:\/\/ses-creative.com\/#website\"},\"primaryImageOfPage\":{\"@id\":\"https:\/\/ses-creative.com\/fr\/produit\/beedz-art-cactus\/#primaryimage\"},\"image\":{\"@id\":\"https:\/\/ses-creative.com\/fr\/produit\/beedz-art-cactus\/#primaryimage\"},\"thumbnailUrl\":\"https:\/\/ses-creative.com\/wp-content\/uploads\/2026\/01\/060271.jpg\",\"datePublished\":\"2026-02-12T10:08:49+00:00\",\"dateModified\":\"2026-02-12T10:22:35+00:00\",\"breadcrumb\":{\"@id\":\"https:\/\/ses-creative.com\/fr\/produit\/beedz-art-cactus\/#breadcrumb\"},\"inLanguage\":\"fr-FR\",\"potentialAction\":[{\"@type\":\"ReadAction\",\"target\":[\"https:\/\/ses-creative.com\/fr\/produit\/beedz-art-cactus\/\"]}]},{\"@type\":\"ImageObject\",\"inLanguage\":\"fr-FR\",\"@id\":\"https:\/\/ses-creative.com\/fr\/produit\/beedz-art-cactus\/#primaryimage\",\"url\":\"https:\/\/ses-creative.com\/wp-content\/uploads\/2026\/01\/060271.jpg\",\"contentUrl\":\"https:\/\/ses-creative.com\/wp-content\/uploads\/2026\/01\/060271.jpg\",\"width\":1000,\"height\":1000},{\"@type\":\"BreadcrumbList\",\"@id\":\"https:\/\/ses-creative.com\/fr\/produit\/beedz-art-cactus\/#breadcrumb\",\"itemListElement\":[{\"@type\":\"ListItem\",\"position\":1,\"name\":\"Boutique\",\"item\":\"https:\/\/ses-creative.com\/fr\/boutique\/\"},{\"@type\":\"ListItem\",\"position\":2,\"name\":\"B\u00fcgelperlen\",\"item\":\"https:\/\/ses-creative.com\/de\/product-categorie\/buegelperlen\/\"},{\"@type\":\"ListItem\",\"position\":3,\"name\":\"Beedz Art &#8211; Cactus\"}]},{\"@type\":\"WebSite\",\"@id\":\"https:\/\/ses-creative.com\/#website\",\"url\":\"https:\/\/ses-creative.com\/\",\"name\":\"SES Creative\",\"description\":\"\",\"publisher\":{\"@id\":\"https:\/\/ses-creative.com\/#organization\"},\"potentialAction\":[{\"@type\":\"SearchAction\",\"target\":{\"@type\":\"EntryPoint\",\"urlTemplate\":\"https:\/\/ses-creative.com\/?s={search_term_string}\"},\"query-input\":{\"@type\":\"PropertyValueSpecification\",\"valueRequired\":true,\"valueName\":\"search_term_string\"}}],\"inLanguage\":\"fr-FR\"},{\"@type\":\"Organization\",\"@id\":\"https:\/\/ses-creative.com\/#organization\",\"name\":\"SES Creative\",\"url\":\"https:\/\/ses-creative.com\/\",\"logo\":{\"@type\":\"ImageObject\",\"inLanguage\":\"fr-FR\",\"@id\":\"https:\/\/ses-creative.com\/#\/schema\/logo\/image\/\",\"url\":\"https:\/\/ses-creative.com\/wp-content\/uploads\/2025\/10\/ses-creative-logo.jpg\",\"contentUrl\":\"https:\/\/ses-creative.com\/wp-content\/uploads\/2025\/10\/ses-creative-logo.jpg\",\"width\":2037,\"height\":2037,\"caption\":\"SES Creative\"},\"image\":{\"@id\":\"https:\/\/ses-creative.com\/#\/schema\/logo\/image\/\"}}]}<\/script>\n<!-- \/ Yoast SEO plugin. -->","yoast_head_json":{"title":"Beedz Art - Cactus - SES Creative","robots":{"index":"index","follow":"follow","max-snippet":"max-snippet:-1","max-image-preview":"max-image-preview:large","max-video-preview":"max-video-preview:-1"},"canonical":"https:\/\/ses-creative.com\/fr\/produit\/beedz-art-cactus\/","og_locale":"fr_FR","og_type":"article","og_title":"Beedz Art - Cactus - SES Creative","og_description":"Beedz Art \u2013 Mini plantes d&rsquo;int\u00e9rieur : cr\u00e9ez vos propres cactus color\u00e9s Avec ce kit Beedz Art de SES Creative, vous pouvez cr\u00e9er de magnifiques mini plantes d&rsquo;int\u00e9rieur en forme de cactus. Gr\u00e2ce \u00e0 l&rsquo;effet 3D sp\u00e9cial, les plantes semblent prendre vie et constituent une d\u00e9coration joyeuse pour votre chambre. Parfait pour les adolescents et [&hellip;]","og_url":"https:\/\/ses-creative.com\/fr\/produit\/beedz-art-cactus\/","og_site_name":"SES Creative","article_modified_time":"2026-02-12T10:22:35+00:00","twitter_card":"summary_large_image","twitter_misc":{"Dur\u00e9e de lecture estim\u00e9e":"2 minutes"},"schema":{"@context":"https:\/\/schema.org","@graph":[{"@type":"WebPage","@id":"https:\/\/ses-creative.com\/fr\/produit\/beedz-art-cactus\/","url":"https:\/\/ses-creative.com\/fr\/produit\/beedz-art-cactus\/","name":"Beedz Art - Cactus - SES Creative","isPartOf":{"@id":"https:\/\/ses-creative.com\/#website"},"primaryImageOfPage":{"@id":"https:\/\/ses-creative.com\/fr\/produit\/beedz-art-cactus\/#primaryimage"},"image":{"@id":"https:\/\/ses-creative.com\/fr\/produit\/beedz-art-cactus\/#primaryimage"},"thumbnailUrl":"https:\/\/ses-creative.com\/wp-content\/uploads\/2026\/01\/060271.jpg","datePublished":"2026-02-12T10:08:49+00:00","dateModified":"2026-02-12T10:22:35+00:00","breadcrumb":{"@id":"https:\/\/ses-creative.com\/fr\/produit\/beedz-art-cactus\/#breadcrumb"},"inLanguage":"fr-FR","potentialAction":[{"@type":"ReadAction","target":["https:\/\/ses-creative.com\/fr\/produit\/beedz-art-cactus\/"]}]},{"@type":"ImageObject","inLanguage":"fr-FR","@id":"https:\/\/ses-creative.com\/fr\/produit\/beedz-art-cactus\/#primaryimage","url":"https:\/\/ses-creative.com\/wp-content\/uploads\/2026\/01\/060271.jpg","contentUrl":"https:\/\/ses-creative.com\/wp-content\/uploads\/2026\/01\/060271.jpg","width":1000,"height":1000},{"@type":"BreadcrumbList","@id":"https:\/\/ses-creative.com\/fr\/produit\/beedz-art-cactus\/#breadcrumb","itemListElement":[{"@type":"ListItem","position":1,"name":"Boutique","item":"https:\/\/ses-creative.com\/fr\/boutique\/"},{"@type":"ListItem","position":2,"name":"B\u00fcgelperlen","item":"https:\/\/ses-creative.com\/de\/product-categorie\/buegelperlen\/"},{"@type":"ListItem","position":3,"name":"Beedz Art &#8211; Cactus"}]},{"@type":"WebSite","@id":"https:\/\/ses-creative.com\/#website","url":"https:\/\/ses-creative.com\/","name":"SES Creative","description":"","publisher":{"@id":"https:\/\/ses-creative.com\/#organization"},"potentialAction":[{"@type":"SearchAction","target":{"@type":"EntryPoint","urlTemplate":"https:\/\/ses-creative.com\/?s={search_term_string}"},"query-input":{"@type":"PropertyValueSpecification","valueRequired":true,"valueName":"search_term_string"}}],"inLanguage":"fr-FR"},{"@type":"Organization","@id":"https:\/\/ses-creative.com\/#organization","name":"SES Creative","url":"https:\/\/ses-creative.com\/","logo":{"@type":"ImageObject","inLanguage":"fr-FR","@id":"https:\/\/ses-creative.com\/#\/schema\/logo\/image\/","url":"https:\/\/ses-creative.com\/wp-content\/uploads\/2025\/10\/ses-creative-logo.jpg","contentUrl":"https:\/\/ses-creative.com\/wp-content\/uploads\/2025\/10\/ses-creative-logo.jpg","width":2037,"height":2037,"caption":"SES Creative"},"image":{"@id":"https:\/\/ses-creative.com\/#\/schema\/logo\/image\/"}}]}},"_links":{"self":[{"href":"https:\/\/ses-creative.com\/fr\/wp-json\/wp\/v2\/product\/118150","targetHints":{"allow":["GET"]}}],"collection":[{"href":"https:\/\/ses-creative.com\/fr\/wp-json\/wp\/v2\/product"}],"about":[{"href":"https:\/\/ses-creative.com\/fr\/wp-json\/wp\/v2\/types\/product"}],"replies":[{"embeddable":true,"href":"https:\/\/ses-creative.com\/fr\/wp-json\/wp\/v2\/comments?post=118150"}],"wp:featuredmedia":[{"embeddable":true,"href":"https:\/\/ses-creative.com\/fr\/wp-json\/wp\/v2\/media\/99848"}],"wp:attachment":[{"href":"https:\/\/ses-creative.com\/fr\/wp-json\/wp\/v2\/media?parent=118150"}],"wp:term":[{"taxonomy":"product_brand","embeddable":true,"href":"https:\/\/ses-creative.com\/fr\/wp-json\/wp\/v2\/product_brand?post=118150"},{"taxonomy":"product_cat","embeddable":true,"href":"https:\/\/ses-creative.com\/fr\/wp-json\/wp\/v2\/product_cat?post=118150"},{"taxonomy":"product_tag","embeddable":true,"href":"https:\/\/ses-creative.com\/fr\/wp-json\/wp\/v2\/product_tag?post=118150"}],"curies":[{"name":"wp","href":"https:\/\/api.w.org\/{rel}","templated":true}]}}