











{"id":118149,"date":"2026-02-12T10:08:48","date_gmt":"2026-02-12T10:08:48","guid":{"rendered":"https:\/\/ses-creative.com\/?post_type=product&#038;p=118149"},"modified":"2026-02-12T10:22:35","modified_gmt":"2026-02-12T10:22:35","slug":"beedz-art-papillon-et-coleoptere","status":"publish","type":"product","link":"https:\/\/ses-creative.com\/fr\/produit\/beedz-art-papillon-et-coleoptere\/","title":{"rendered":"Beedz Art &#8211; Papillon et col\u00e9opt\u00e8re"},"content":{"rendered":"<p>Beedz Art \u2013 Papillons et insectes 3D : cr\u00e9ez vos propres \u0153uvres d&rsquo;art color\u00e9es<\/p>\n<p>Avec ce kit Beedz Art de SES Creative, donnez vie \u00e0 la magie des insectes. Cr\u00e9ez de magnifiques papillons et col\u00e9opt\u00e8res qui se d\u00e9marquent gr\u00e2ce \u00e0 l&rsquo;effet 3D. Avec 1600 perles \u00e0 repasser color\u00e9es et le mat\u00e9riel fourni, vous pouvez cr\u00e9er des \u0153uvres d&rsquo;art uniques que vous pourrez fi\u00e8rement accrocher dans votre chambre. Parfait pour les adolescents et les adultes cr\u00e9atifs \u00e0 partir de 12 ans qui aiment les couleurs, la nature et les projets de bricolage stimulants.<\/p>\n<p>Ce qui rend ce kit formidable<\/p>\n<p>Kit complet avec 1600 perles m\u00e9lang\u00e9es, plaque de base hexagonale, ruban mousse, papier \u00e0 repasser et mode d&#8217;emploi<br \/>\nEffet 3D unique qui fait ressortir les insectes<br \/>\nStimule la cr\u00e9ativit\u00e9, la motricit\u00e9 fine, la concentration et la patience<br \/>\nConvient aux adultes et aux enfants \u00e0 partir de 12 ans<br \/>\nR\u00e9sultat final : des papillons et des col\u00e9opt\u00e8res color\u00e9s qui \u00e9gayent votre chambre<\/p>\n<p>Laissez libre cours \u00e0 votre imagination<br \/>\nLa fabrication de ces insectes n&rsquo;est pas un simple bricolage, mais un voyage cr\u00e9atif. Vous apprenez \u00e9tape par \u00e9tape \u00e0 travailler avec des perles, tout en d\u00e9veloppant votre patience et votre pr\u00e9cision. L&rsquo;effet 3D donne un r\u00e9sultat ludique qui rend chaque cr\u00e9ation unique et apporte une touche de magie \u00e0 votre int\u00e9rieur.<\/p>\n<p>Contenu du kit<\/p>\n<p>1600 perles \u00e0 repasser color\u00e9es<br \/>\n1 plaque de base hexagonale<br \/>\nRuban mousse pour l&rsquo;effet 3D<br \/>\nPapier \u00e0 repasser<br \/>\nMode d&#8217;emploi<\/p>\n<p>Pourquoi choisir SES Creative<br \/>\nChez SES Creative, nous accordons une grande importance \u00e0 la s\u00e9curit\u00e9. C&rsquo;est pourquoi nos produits sont fabriqu\u00e9s et test\u00e9s dans notre usine aux Pays-Bas, conform\u00e9ment aux normes de s\u00e9curit\u00e9 europ\u00e9ennes les plus strictes. Les kits cr\u00e9atifs de SES Creative sont source de plaisir et permettent aux cr\u00e9ateurs d&rsquo;\u00eatre fiers de leur travail, ce qui stimule leur cr\u00e9ativit\u00e9 et leur d\u00e9veloppement.<\/p>\n<p>Commencez d\u00e8s aujourd&rsquo;hui votre chef-d&rsquo;\u0153uvre Beedz Art<br \/>\nD\u00e9couvrez \u00e0 quel point Beedz Art peut \u00eatre amusant et relaxant et cr\u00e9ez les plus beaux papillons et insectes avec ce kit 3D. Parfait pour des heures de plaisir cr\u00e9atif et une touche color\u00e9e dans votre chambre !<\/p>\n","protected":false},"excerpt":{"rendered":"<p>Beedz Art \u2013 Papillons et insectes 3D : cr\u00e9ez vos propres \u0153uvres d&rsquo;art color\u00e9es Avec ce kit Beedz Art de SES Creative, donnez vie \u00e0 la magie des insectes. Cr\u00e9ez de magnifiques papillons et col\u00e9opt\u00e8res qui se d\u00e9marquent gr\u00e2ce \u00e0 l&rsquo;effet 3D. Avec 1600 perles \u00e0 repasser color\u00e9es et le mat\u00e9riel fourni, vous pouvez cr\u00e9er [&hellip;]<\/p>\n","protected":false},"featured_media":99828,"comment_status":"closed","ping_status":"closed","template":"","meta":{"_acf_changed":false},"product_brand":[],"product_cat":[125],"product_tag":[],"class_list":{"0":"post-118149","1":"product","2":"type-product","3":"status-publish","4":"has-post-thumbnail","6":"product_cat-perles-a-repasser","7":"pa_leeftijd-filter-6-ans","8":"pa_meest-populair-bij-garcons-filles","10":"first","11":"instock","12":"shipping-taxable","13":"product-type-simple"},"acf":[],"yoast_head":"<!-- This site is optimized with the Yoast SEO plugin v27.2 - https:\/\/yoast.com\/product\/yoast-seo-wordpress\/ -->\n<title>Beedz Art - Papillon et col\u00e9opt\u00e8re - SES Creative<\/title>\n<meta name=\"robots\" content=\"index, follow, max-snippet:-1, max-image-preview:large, max-video-preview:-1\" \/>\n<link rel=\"canonical\" href=\"https:\/\/ses-creative.com\/fr\/produit\/beedz-art-papillon-et-coleoptere\/\" \/>\n<meta property=\"og:locale\" content=\"fr_FR\" \/>\n<meta property=\"og:type\" content=\"article\" \/>\n<meta property=\"og:title\" content=\"Beedz Art - Papillon et col\u00e9opt\u00e8re - SES Creative\" \/>\n<meta property=\"og:description\" content=\"Beedz Art \u2013 Papillons et insectes 3D : cr\u00e9ez vos propres \u0153uvres d&rsquo;art color\u00e9es Avec ce kit Beedz Art de SES Creative, donnez vie \u00e0 la magie des insectes. Cr\u00e9ez de magnifiques papillons et col\u00e9opt\u00e8res qui se d\u00e9marquent gr\u00e2ce \u00e0 l&rsquo;effet 3D. Avec 1600 perles \u00e0 repasser color\u00e9es et le mat\u00e9riel fourni, vous pouvez cr\u00e9er [&hellip;]\" \/>\n<meta property=\"og:url\" content=\"https:\/\/ses-creative.com\/fr\/produit\/beedz-art-papillon-et-coleoptere\/\" \/>\n<meta property=\"og:site_name\" content=\"SES Creative\" \/>\n<meta property=\"article:modified_time\" content=\"2026-02-12T10:22:35+00:00\" \/>\n<meta name=\"twitter:card\" content=\"summary_large_image\" \/>\n<meta name=\"twitter:label1\" content=\"Dur\u00e9e de lecture estim\u00e9e\" \/>\n\t<meta name=\"twitter:data1\" content=\"2 minutes\" \/>\n<script type=\"application\/ld+json\" class=\"yoast-schema-graph\">{\"@context\":\"https:\/\/schema.org\",\"@graph\":[{\"@type\":\"WebPage\",\"@id\":\"https:\/\/ses-creative.com\/fr\/produit\/beedz-art-papillon-et-coleoptere\/\",\"url\":\"https:\/\/ses-creative.com\/fr\/produit\/beedz-art-papillon-et-coleoptere\/\",\"name\":\"Beedz Art - Papillon et col\u00e9opt\u00e8re - SES Creative\",\"isPartOf\":{\"@id\":\"https:\/\/ses-creative.com\/#website\"},\"primaryImageOfPage\":{\"@id\":\"https:\/\/ses-creative.com\/fr\/produit\/beedz-art-papillon-et-coleoptere\/#primaryimage\"},\"image\":{\"@id\":\"https:\/\/ses-creative.com\/fr\/produit\/beedz-art-papillon-et-coleoptere\/#primaryimage\"},\"thumbnailUrl\":\"https:\/\/ses-creative.com\/wp-content\/uploads\/2026\/01\/060261.jpg\",\"datePublished\":\"2026-02-12T10:08:48+00:00\",\"dateModified\":\"2026-02-12T10:22:35+00:00\",\"breadcrumb\":{\"@id\":\"https:\/\/ses-creative.com\/fr\/produit\/beedz-art-papillon-et-coleoptere\/#breadcrumb\"},\"inLanguage\":\"fr-FR\",\"potentialAction\":[{\"@type\":\"ReadAction\",\"target\":[\"https:\/\/ses-creative.com\/fr\/produit\/beedz-art-papillon-et-coleoptere\/\"]}]},{\"@type\":\"ImageObject\",\"inLanguage\":\"fr-FR\",\"@id\":\"https:\/\/ses-creative.com\/fr\/produit\/beedz-art-papillon-et-coleoptere\/#primaryimage\",\"url\":\"https:\/\/ses-creative.com\/wp-content\/uploads\/2026\/01\/060261.jpg\",\"contentUrl\":\"https:\/\/ses-creative.com\/wp-content\/uploads\/2026\/01\/060261.jpg\",\"width\":1000,\"height\":1000},{\"@type\":\"BreadcrumbList\",\"@id\":\"https:\/\/ses-creative.com\/fr\/produit\/beedz-art-papillon-et-coleoptere\/#breadcrumb\",\"itemListElement\":[{\"@type\":\"ListItem\",\"position\":1,\"name\":\"Boutique\",\"item\":\"https:\/\/ses-creative.com\/fr\/boutique\/\"},{\"@type\":\"ListItem\",\"position\":2,\"name\":\"Perles \u00e0 repasser\",\"item\":\"https:\/\/ses-creative.com\/fr\/product-categorie\/perles-a-repasser\/\"},{\"@type\":\"ListItem\",\"position\":3,\"name\":\"Beedz Art &#8211; Papillon et col\u00e9opt\u00e8re\"}]},{\"@type\":\"WebSite\",\"@id\":\"https:\/\/ses-creative.com\/#website\",\"url\":\"https:\/\/ses-creative.com\/\",\"name\":\"SES Creative\",\"description\":\"\",\"publisher\":{\"@id\":\"https:\/\/ses-creative.com\/#organization\"},\"potentialAction\":[{\"@type\":\"SearchAction\",\"target\":{\"@type\":\"EntryPoint\",\"urlTemplate\":\"https:\/\/ses-creative.com\/?s={search_term_string}\"},\"query-input\":{\"@type\":\"PropertyValueSpecification\",\"valueRequired\":true,\"valueName\":\"search_term_string\"}}],\"inLanguage\":\"fr-FR\"},{\"@type\":\"Organization\",\"@id\":\"https:\/\/ses-creative.com\/#organization\",\"name\":\"SES Creative\",\"url\":\"https:\/\/ses-creative.com\/\",\"logo\":{\"@type\":\"ImageObject\",\"inLanguage\":\"fr-FR\",\"@id\":\"https:\/\/ses-creative.com\/#\/schema\/logo\/image\/\",\"url\":\"https:\/\/ses-creative.com\/wp-content\/uploads\/2025\/10\/ses-creative-logo.jpg\",\"contentUrl\":\"https:\/\/ses-creative.com\/wp-content\/uploads\/2025\/10\/ses-creative-logo.jpg\",\"width\":2037,\"height\":2037,\"caption\":\"SES Creative\"},\"image\":{\"@id\":\"https:\/\/ses-creative.com\/#\/schema\/logo\/image\/\"}}]}<\/script>\n<!-- \/ Yoast SEO plugin. -->","yoast_head_json":{"title":"Beedz Art - Papillon et col\u00e9opt\u00e8re - SES Creative","robots":{"index":"index","follow":"follow","max-snippet":"max-snippet:-1","max-image-preview":"max-image-preview:large","max-video-preview":"max-video-preview:-1"},"canonical":"https:\/\/ses-creative.com\/fr\/produit\/beedz-art-papillon-et-coleoptere\/","og_locale":"fr_FR","og_type":"article","og_title":"Beedz Art - Papillon et col\u00e9opt\u00e8re - SES Creative","og_description":"Beedz Art \u2013 Papillons et insectes 3D : cr\u00e9ez vos propres \u0153uvres d&rsquo;art color\u00e9es Avec ce kit Beedz Art de SES Creative, donnez vie \u00e0 la magie des insectes. Cr\u00e9ez de magnifiques papillons et col\u00e9opt\u00e8res qui se d\u00e9marquent gr\u00e2ce \u00e0 l&rsquo;effet 3D. Avec 1600 perles \u00e0 repasser color\u00e9es et le mat\u00e9riel fourni, vous pouvez cr\u00e9er [&hellip;]","og_url":"https:\/\/ses-creative.com\/fr\/produit\/beedz-art-papillon-et-coleoptere\/","og_site_name":"SES Creative","article_modified_time":"2026-02-12T10:22:35+00:00","twitter_card":"summary_large_image","twitter_misc":{"Dur\u00e9e de lecture estim\u00e9e":"2 minutes"},"schema":{"@context":"https:\/\/schema.org","@graph":[{"@type":"WebPage","@id":"https:\/\/ses-creative.com\/fr\/produit\/beedz-art-papillon-et-coleoptere\/","url":"https:\/\/ses-creative.com\/fr\/produit\/beedz-art-papillon-et-coleoptere\/","name":"Beedz Art - Papillon et col\u00e9opt\u00e8re - SES Creative","isPartOf":{"@id":"https:\/\/ses-creative.com\/#website"},"primaryImageOfPage":{"@id":"https:\/\/ses-creative.com\/fr\/produit\/beedz-art-papillon-et-coleoptere\/#primaryimage"},"image":{"@id":"https:\/\/ses-creative.com\/fr\/produit\/beedz-art-papillon-et-coleoptere\/#primaryimage"},"thumbnailUrl":"https:\/\/ses-creative.com\/wp-content\/uploads\/2026\/01\/060261.jpg","datePublished":"2026-02-12T10:08:48+00:00","dateModified":"2026-02-12T10:22:35+00:00","breadcrumb":{"@id":"https:\/\/ses-creative.com\/fr\/produit\/beedz-art-papillon-et-coleoptere\/#breadcrumb"},"inLanguage":"fr-FR","potentialAction":[{"@type":"ReadAction","target":["https:\/\/ses-creative.com\/fr\/produit\/beedz-art-papillon-et-coleoptere\/"]}]},{"@type":"ImageObject","inLanguage":"fr-FR","@id":"https:\/\/ses-creative.com\/fr\/produit\/beedz-art-papillon-et-coleoptere\/#primaryimage","url":"https:\/\/ses-creative.com\/wp-content\/uploads\/2026\/01\/060261.jpg","contentUrl":"https:\/\/ses-creative.com\/wp-content\/uploads\/2026\/01\/060261.jpg","width":1000,"height":1000},{"@type":"BreadcrumbList","@id":"https:\/\/ses-creative.com\/fr\/produit\/beedz-art-papillon-et-coleoptere\/#breadcrumb","itemListElement":[{"@type":"ListItem","position":1,"name":"Boutique","item":"https:\/\/ses-creative.com\/fr\/boutique\/"},{"@type":"ListItem","position":2,"name":"Perles \u00e0 repasser","item":"https:\/\/ses-creative.com\/fr\/product-categorie\/perles-a-repasser\/"},{"@type":"ListItem","position":3,"name":"Beedz Art &#8211; Papillon et col\u00e9opt\u00e8re"}]},{"@type":"WebSite","@id":"https:\/\/ses-creative.com\/#website","url":"https:\/\/ses-creative.com\/","name":"SES Creative","description":"","publisher":{"@id":"https:\/\/ses-creative.com\/#organization"},"potentialAction":[{"@type":"SearchAction","target":{"@type":"EntryPoint","urlTemplate":"https:\/\/ses-creative.com\/?s={search_term_string}"},"query-input":{"@type":"PropertyValueSpecification","valueRequired":true,"valueName":"search_term_string"}}],"inLanguage":"fr-FR"},{"@type":"Organization","@id":"https:\/\/ses-creative.com\/#organization","name":"SES Creative","url":"https:\/\/ses-creative.com\/","logo":{"@type":"ImageObject","inLanguage":"fr-FR","@id":"https:\/\/ses-creative.com\/#\/schema\/logo\/image\/","url":"https:\/\/ses-creative.com\/wp-content\/uploads\/2025\/10\/ses-creative-logo.jpg","contentUrl":"https:\/\/ses-creative.com\/wp-content\/uploads\/2025\/10\/ses-creative-logo.jpg","width":2037,"height":2037,"caption":"SES Creative"},"image":{"@id":"https:\/\/ses-creative.com\/#\/schema\/logo\/image\/"}}]}},"_links":{"self":[{"href":"https:\/\/ses-creative.com\/fr\/wp-json\/wp\/v2\/product\/118149","targetHints":{"allow":["GET"]}}],"collection":[{"href":"https:\/\/ses-creative.com\/fr\/wp-json\/wp\/v2\/product"}],"about":[{"href":"https:\/\/ses-creative.com\/fr\/wp-json\/wp\/v2\/types\/product"}],"replies":[{"embeddable":true,"href":"https:\/\/ses-creative.com\/fr\/wp-json\/wp\/v2\/comments?post=118149"}],"wp:featuredmedia":[{"embeddable":true,"href":"https:\/\/ses-creative.com\/fr\/wp-json\/wp\/v2\/media\/99828"}],"wp:attachment":[{"href":"https:\/\/ses-creative.com\/fr\/wp-json\/wp\/v2\/media?parent=118149"}],"wp:term":[{"taxonomy":"product_brand","embeddable":true,"href":"https:\/\/ses-creative.com\/fr\/wp-json\/wp\/v2\/product_brand?post=118149"},{"taxonomy":"product_cat","embeddable":true,"href":"https:\/\/ses-creative.com\/fr\/wp-json\/wp\/v2\/product_cat?post=118149"},{"taxonomy":"product_tag","embeddable":true,"href":"https:\/\/ses-creative.com\/fr\/wp-json\/wp\/v2\/product_tag?post=118149"}],"curies":[{"name":"wp","href":"https:\/\/api.w.org\/{rel}","templated":true}]}}