











{"id":118148,"date":"2026-02-12T10:08:48","date_gmt":"2026-02-12T10:08:48","guid":{"rendered":"https:\/\/ses-creative.com\/?post_type=product&#038;p=118148"},"modified":"2026-02-12T10:22:34","modified_gmt":"2026-02-12T10:22:34","slug":"beedz-art-fleurs-sauvages","status":"publish","type":"product","link":"https:\/\/ses-creative.com\/fr\/produit\/beedz-art-fleurs-sauvages\/","title":{"rendered":"Beedz Art &#8211; Fleurs sauvages"},"content":{"rendered":"<p>Beedz Art \u2013 Mini bouquet de fleurs : donnez vie \u00e0 la nature en 3D<\/p>\n<p>Avec ce kit Beedz Art de SES Creative, vous pouvez cr\u00e9er un magnifique mini bouquet de fleurs avec un effet 3D unique. Avec 1600 perles \u00e0 repasser color\u00e9es et une plaque hexagonale, vous pouvez concevoir un joyeux champ de fleurs qui prend litt\u00e9ralement vie gr\u00e2ce \u00e0 sa structure sp\u00e9ciale. Parfait pour les enfants cr\u00e9atifs \u00e0 partir de 12 ans qui aiment les couleurs, la nature et une touche de fantaisie.<\/p>\n<p>Ce qui rend ce kit g\u00e9nial<\/p>\n<p>Kit complet avec 1600 perles \u00e0 repasser, plaque hexagonale, ruban mousse, papier \u00e0 repasser et mode d&#8217;emploi<br \/>\nEffet 3D unique qui fait ressortir les fleurs<br \/>\nStimule la cr\u00e9ativit\u00e9, la motricit\u00e9 fine et la concentration<br \/>\nConvient aux enfants \u00e0 partir de 12 ans<br \/>\nR\u00e9sultat final : une mini-\u0153uvre d&rsquo;art color\u00e9e pleine de fleurs magnifiques<\/p>\n<p>Laissez libre cours \u00e0 votre imagination<br \/>\nLa cr\u00e9ation de ce bouquet de fleurs est plus qu&rsquo;un simple bricolage, c&rsquo;est un voyage cr\u00e9atif. Les enfants apprennent \u00e9tape par \u00e9tape \u00e0 composer leur propre prairie fleurie et voient leur \u0153uvre d&rsquo;art se transformer en une cr\u00e9ation color\u00e9e en trois dimensions. Un projet qui rend fier et offre en m\u00eame temps des heures de plaisir cr\u00e9atif.<\/p>\n<p>Contenu du kit<\/p>\n<p>1600 perles \u00e0 repasser color\u00e9es<br \/>\n1 plaque de base hexagonale<br \/>\nRuban mousse pour l&rsquo;effet 3D<br \/>\nPapier \u00e0 repasser<br \/>\nMode d&#8217;emploi<\/p>\n<p>Pourquoi choisir SES Creative<br \/>\nChez SES Creative, nous accordons une grande importance \u00e0 la s\u00e9curit\u00e9. C&rsquo;est pourquoi nos produits sont fabriqu\u00e9s et test\u00e9s dans notre usine aux Pays-Bas, conform\u00e9ment aux normes de s\u00e9curit\u00e9 europ\u00e9ennes les plus strictes. Les jouets et kits cr\u00e9atifs de SES Creative sont source de plaisir et permettent aux enfants d&rsquo;\u00eatre fiers de leur travail, ce qui stimule leur cr\u00e9ativit\u00e9 et leur d\u00e9veloppement.<\/p>\n<p>Commencez d\u00e8s aujourd&rsquo;hui votre aventure Beedz Art<br \/>\nD\u00e9couvrez la beaut\u00e9 de la nature et cr\u00e9ez un mini bouquet de fleurs enchanteur avec ce kit Beedz Art unique. Parfait pour un projet cr\u00e9atif et vivant qui s&rsquo;\u00e9panouit vraiment !<\/p>\n","protected":false},"excerpt":{"rendered":"<p>Beedz Art \u2013 Mini bouquet de fleurs : donnez vie \u00e0 la nature en 3D Avec ce kit Beedz Art de SES Creative, vous pouvez cr\u00e9er un magnifique mini bouquet de fleurs avec un effet 3D unique. Avec 1600 perles \u00e0 repasser color\u00e9es et une plaque hexagonale, vous pouvez concevoir un joyeux champ de fleurs [&hellip;]<\/p>\n","protected":false},"featured_media":99808,"comment_status":"closed","ping_status":"closed","template":"","meta":{"_acf_changed":false},"product_brand":[],"product_cat":[125],"product_tag":[],"class_list":{"0":"post-118148","1":"product","2":"type-product","3":"status-publish","4":"has-post-thumbnail","6":"product_cat-perles-a-repasser","7":"pa_leeftijd-filter-6-ans","8":"pa_meest-populair-bij-garcons-filles","10":"first","11":"instock","12":"shipping-taxable","13":"product-type-simple"},"acf":[],"yoast_head":"<!-- This site is optimized with the Yoast SEO plugin v27.2 - https:\/\/yoast.com\/product\/yoast-seo-wordpress\/ -->\n<title>Beedz Art - Fleurs sauvages - SES Creative<\/title>\n<meta name=\"robots\" content=\"index, follow, max-snippet:-1, max-image-preview:large, max-video-preview:-1\" \/>\n<link rel=\"canonical\" href=\"https:\/\/ses-creative.com\/fr\/produit\/beedz-art-fleurs-sauvages\/\" \/>\n<meta property=\"og:locale\" content=\"fr_FR\" \/>\n<meta property=\"og:type\" content=\"article\" \/>\n<meta property=\"og:title\" content=\"Beedz Art - Fleurs sauvages - SES Creative\" \/>\n<meta property=\"og:description\" content=\"Beedz Art \u2013 Mini bouquet de fleurs : donnez vie \u00e0 la nature en 3D Avec ce kit Beedz Art de SES Creative, vous pouvez cr\u00e9er un magnifique mini bouquet de fleurs avec un effet 3D unique. Avec 1600 perles \u00e0 repasser color\u00e9es et une plaque hexagonale, vous pouvez concevoir un joyeux champ de fleurs [&hellip;]\" \/>\n<meta property=\"og:url\" content=\"https:\/\/ses-creative.com\/fr\/produit\/beedz-art-fleurs-sauvages\/\" \/>\n<meta property=\"og:site_name\" content=\"SES Creative\" \/>\n<meta property=\"article:modified_time\" content=\"2026-02-12T10:22:34+00:00\" \/>\n<meta name=\"twitter:card\" content=\"summary_large_image\" \/>\n<meta name=\"twitter:label1\" content=\"Dur\u00e9e de lecture estim\u00e9e\" \/>\n\t<meta name=\"twitter:data1\" content=\"2 minutes\" \/>\n<script type=\"application\/ld+json\" class=\"yoast-schema-graph\">{\"@context\":\"https:\/\/schema.org\",\"@graph\":[{\"@type\":\"WebPage\",\"@id\":\"https:\/\/ses-creative.com\/fr\/produit\/beedz-art-fleurs-sauvages\/\",\"url\":\"https:\/\/ses-creative.com\/fr\/produit\/beedz-art-fleurs-sauvages\/\",\"name\":\"Beedz Art - Fleurs sauvages - SES Creative\",\"isPartOf\":{\"@id\":\"https:\/\/ses-creative.com\/#website\"},\"primaryImageOfPage\":{\"@id\":\"https:\/\/ses-creative.com\/fr\/produit\/beedz-art-fleurs-sauvages\/#primaryimage\"},\"image\":{\"@id\":\"https:\/\/ses-creative.com\/fr\/produit\/beedz-art-fleurs-sauvages\/#primaryimage\"},\"thumbnailUrl\":\"https:\/\/ses-creative.com\/wp-content\/uploads\/2026\/01\/060251.jpg\",\"datePublished\":\"2026-02-12T10:08:48+00:00\",\"dateModified\":\"2026-02-12T10:22:34+00:00\",\"breadcrumb\":{\"@id\":\"https:\/\/ses-creative.com\/fr\/produit\/beedz-art-fleurs-sauvages\/#breadcrumb\"},\"inLanguage\":\"fr-FR\",\"potentialAction\":[{\"@type\":\"ReadAction\",\"target\":[\"https:\/\/ses-creative.com\/fr\/produit\/beedz-art-fleurs-sauvages\/\"]}]},{\"@type\":\"ImageObject\",\"inLanguage\":\"fr-FR\",\"@id\":\"https:\/\/ses-creative.com\/fr\/produit\/beedz-art-fleurs-sauvages\/#primaryimage\",\"url\":\"https:\/\/ses-creative.com\/wp-content\/uploads\/2026\/01\/060251.jpg\",\"contentUrl\":\"https:\/\/ses-creative.com\/wp-content\/uploads\/2026\/01\/060251.jpg\",\"width\":1000,\"height\":1000},{\"@type\":\"BreadcrumbList\",\"@id\":\"https:\/\/ses-creative.com\/fr\/produit\/beedz-art-fleurs-sauvages\/#breadcrumb\",\"itemListElement\":[{\"@type\":\"ListItem\",\"position\":1,\"name\":\"Boutique\",\"item\":\"https:\/\/ses-creative.com\/fr\/boutique\/\"},{\"@type\":\"ListItem\",\"position\":2,\"name\":\"Perles \u00e0 repasser\",\"item\":\"https:\/\/ses-creative.com\/fr\/product-categorie\/perles-a-repasser\/\"},{\"@type\":\"ListItem\",\"position\":3,\"name\":\"Beedz Art &#8211; Fleurs sauvages\"}]},{\"@type\":\"WebSite\",\"@id\":\"https:\/\/ses-creative.com\/#website\",\"url\":\"https:\/\/ses-creative.com\/\",\"name\":\"SES Creative\",\"description\":\"\",\"publisher\":{\"@id\":\"https:\/\/ses-creative.com\/#organization\"},\"potentialAction\":[{\"@type\":\"SearchAction\",\"target\":{\"@type\":\"EntryPoint\",\"urlTemplate\":\"https:\/\/ses-creative.com\/?s={search_term_string}\"},\"query-input\":{\"@type\":\"PropertyValueSpecification\",\"valueRequired\":true,\"valueName\":\"search_term_string\"}}],\"inLanguage\":\"fr-FR\"},{\"@type\":\"Organization\",\"@id\":\"https:\/\/ses-creative.com\/#organization\",\"name\":\"SES Creative\",\"url\":\"https:\/\/ses-creative.com\/\",\"logo\":{\"@type\":\"ImageObject\",\"inLanguage\":\"fr-FR\",\"@id\":\"https:\/\/ses-creative.com\/#\/schema\/logo\/image\/\",\"url\":\"https:\/\/ses-creative.com\/wp-content\/uploads\/2025\/10\/ses-creative-logo.jpg\",\"contentUrl\":\"https:\/\/ses-creative.com\/wp-content\/uploads\/2025\/10\/ses-creative-logo.jpg\",\"width\":2037,\"height\":2037,\"caption\":\"SES Creative\"},\"image\":{\"@id\":\"https:\/\/ses-creative.com\/#\/schema\/logo\/image\/\"}}]}<\/script>\n<!-- \/ Yoast SEO plugin. -->","yoast_head_json":{"title":"Beedz Art - Fleurs sauvages - SES Creative","robots":{"index":"index","follow":"follow","max-snippet":"max-snippet:-1","max-image-preview":"max-image-preview:large","max-video-preview":"max-video-preview:-1"},"canonical":"https:\/\/ses-creative.com\/fr\/produit\/beedz-art-fleurs-sauvages\/","og_locale":"fr_FR","og_type":"article","og_title":"Beedz Art - Fleurs sauvages - SES Creative","og_description":"Beedz Art \u2013 Mini bouquet de fleurs : donnez vie \u00e0 la nature en 3D Avec ce kit Beedz Art de SES Creative, vous pouvez cr\u00e9er un magnifique mini bouquet de fleurs avec un effet 3D unique. Avec 1600 perles \u00e0 repasser color\u00e9es et une plaque hexagonale, vous pouvez concevoir un joyeux champ de fleurs [&hellip;]","og_url":"https:\/\/ses-creative.com\/fr\/produit\/beedz-art-fleurs-sauvages\/","og_site_name":"SES Creative","article_modified_time":"2026-02-12T10:22:34+00:00","twitter_card":"summary_large_image","twitter_misc":{"Dur\u00e9e de lecture estim\u00e9e":"2 minutes"},"schema":{"@context":"https:\/\/schema.org","@graph":[{"@type":"WebPage","@id":"https:\/\/ses-creative.com\/fr\/produit\/beedz-art-fleurs-sauvages\/","url":"https:\/\/ses-creative.com\/fr\/produit\/beedz-art-fleurs-sauvages\/","name":"Beedz Art - Fleurs sauvages - SES Creative","isPartOf":{"@id":"https:\/\/ses-creative.com\/#website"},"primaryImageOfPage":{"@id":"https:\/\/ses-creative.com\/fr\/produit\/beedz-art-fleurs-sauvages\/#primaryimage"},"image":{"@id":"https:\/\/ses-creative.com\/fr\/produit\/beedz-art-fleurs-sauvages\/#primaryimage"},"thumbnailUrl":"https:\/\/ses-creative.com\/wp-content\/uploads\/2026\/01\/060251.jpg","datePublished":"2026-02-12T10:08:48+00:00","dateModified":"2026-02-12T10:22:34+00:00","breadcrumb":{"@id":"https:\/\/ses-creative.com\/fr\/produit\/beedz-art-fleurs-sauvages\/#breadcrumb"},"inLanguage":"fr-FR","potentialAction":[{"@type":"ReadAction","target":["https:\/\/ses-creative.com\/fr\/produit\/beedz-art-fleurs-sauvages\/"]}]},{"@type":"ImageObject","inLanguage":"fr-FR","@id":"https:\/\/ses-creative.com\/fr\/produit\/beedz-art-fleurs-sauvages\/#primaryimage","url":"https:\/\/ses-creative.com\/wp-content\/uploads\/2026\/01\/060251.jpg","contentUrl":"https:\/\/ses-creative.com\/wp-content\/uploads\/2026\/01\/060251.jpg","width":1000,"height":1000},{"@type":"BreadcrumbList","@id":"https:\/\/ses-creative.com\/fr\/produit\/beedz-art-fleurs-sauvages\/#breadcrumb","itemListElement":[{"@type":"ListItem","position":1,"name":"Boutique","item":"https:\/\/ses-creative.com\/fr\/boutique\/"},{"@type":"ListItem","position":2,"name":"Perles \u00e0 repasser","item":"https:\/\/ses-creative.com\/fr\/product-categorie\/perles-a-repasser\/"},{"@type":"ListItem","position":3,"name":"Beedz Art &#8211; Fleurs sauvages"}]},{"@type":"WebSite","@id":"https:\/\/ses-creative.com\/#website","url":"https:\/\/ses-creative.com\/","name":"SES Creative","description":"","publisher":{"@id":"https:\/\/ses-creative.com\/#organization"},"potentialAction":[{"@type":"SearchAction","target":{"@type":"EntryPoint","urlTemplate":"https:\/\/ses-creative.com\/?s={search_term_string}"},"query-input":{"@type":"PropertyValueSpecification","valueRequired":true,"valueName":"search_term_string"}}],"inLanguage":"fr-FR"},{"@type":"Organization","@id":"https:\/\/ses-creative.com\/#organization","name":"SES Creative","url":"https:\/\/ses-creative.com\/","logo":{"@type":"ImageObject","inLanguage":"fr-FR","@id":"https:\/\/ses-creative.com\/#\/schema\/logo\/image\/","url":"https:\/\/ses-creative.com\/wp-content\/uploads\/2025\/10\/ses-creative-logo.jpg","contentUrl":"https:\/\/ses-creative.com\/wp-content\/uploads\/2025\/10\/ses-creative-logo.jpg","width":2037,"height":2037,"caption":"SES Creative"},"image":{"@id":"https:\/\/ses-creative.com\/#\/schema\/logo\/image\/"}}]}},"_links":{"self":[{"href":"https:\/\/ses-creative.com\/fr\/wp-json\/wp\/v2\/product\/118148","targetHints":{"allow":["GET"]}}],"collection":[{"href":"https:\/\/ses-creative.com\/fr\/wp-json\/wp\/v2\/product"}],"about":[{"href":"https:\/\/ses-creative.com\/fr\/wp-json\/wp\/v2\/types\/product"}],"replies":[{"embeddable":true,"href":"https:\/\/ses-creative.com\/fr\/wp-json\/wp\/v2\/comments?post=118148"}],"wp:featuredmedia":[{"embeddable":true,"href":"https:\/\/ses-creative.com\/fr\/wp-json\/wp\/v2\/media\/99808"}],"wp:attachment":[{"href":"https:\/\/ses-creative.com\/fr\/wp-json\/wp\/v2\/media?parent=118148"}],"wp:term":[{"taxonomy":"product_brand","embeddable":true,"href":"https:\/\/ses-creative.com\/fr\/wp-json\/wp\/v2\/product_brand?post=118148"},{"taxonomy":"product_cat","embeddable":true,"href":"https:\/\/ses-creative.com\/fr\/wp-json\/wp\/v2\/product_cat?post=118148"},{"taxonomy":"product_tag","embeddable":true,"href":"https:\/\/ses-creative.com\/fr\/wp-json\/wp\/v2\/product_tag?post=118148"}],"curies":[{"name":"wp","href":"https:\/\/api.w.org\/{rel}","templated":true}]}}