











{"id":118146,"date":"2026-02-12T10:08:47","date_gmt":"2026-02-12T10:08:47","guid":{"rendered":"https:\/\/ses-creative.com\/?post_type=product&#038;p=118146"},"modified":"2026-02-12T10:22:34","modified_gmt":"2026-02-12T10:22:34","slug":"beedz-art-frida-kahlo-5000-2","status":"publish","type":"product","link":"https:\/\/ses-creative.com\/fr\/produit\/beedz-art-frida-kahlo-5000-2\/","title":{"rendered":"Beedz Art &#8211; Frida Kahlo 5000"},"content":{"rendered":"<p>Beedz Art \u2013 Frida Kahlo : cr\u00e9ez votre propre chef-d&rsquo;\u0153uvre<\/p>\n<p>Avec ce kit Beedz Art de SES Creative, vous pouvez cr\u00e9er un magnifique portrait de l&rsquo;artiste embl\u00e9matique Frida Kahlo. Gr\u00e2ce \u00e0 5000 perles \u00e0 repasser et quatre plaques de base assemblables, vous donnez vie \u00e0 cette \u0153uvre d&rsquo;art color\u00e9e et puissante. Le r\u00e9sultat final est une cr\u00e9ation impressionnante que vous pouvez fi\u00e8rement accrocher au mur. Parfait pour tous ceux qui aiment l&rsquo;art et les d\u00e9fis cr\u00e9atifs.<\/p>\n<p>Ce qui rend ce kit g\u00e9nial<\/p>\n<p>Kit complet avec 5 000 perles \u00e0 repasser, 4 plateaux assemblables, du papier \u00e0 repasser et un mode d&#8217;emploi<br \/>\nCr\u00e9ez votre propre version du portrait embl\u00e9matique de Frida Kahlo<br \/>\nConvient aux adultes et aux enfants \u00e0 partir de 12 ans<br \/>\nStimule la cr\u00e9ativit\u00e9, la pr\u00e9cision et la patience<br \/>\nR\u00e9sultat final : une d\u00e9coration murale color\u00e9e et unique<\/p>\n<p>Laissez libre cours \u00e0 votre imagination<br \/>\nAvec Beedz Art, transformez des milliers de perles \u00e0 repasser en une v\u00e9ritable \u0153uvre d&rsquo;art. Gr\u00e2ce aux instructions claires et au m\u00e9lange de perles appropri\u00e9, vous obtiendrez un r\u00e9sultat d\u00e9taill\u00e9 et impressionnant qui rend justice au style expressif de Frida Kahlo. Une activit\u00e9 relaxante qui combine parfaitement art et cr\u00e9ativit\u00e9.<\/p>\n<p>Contenu du kit<\/p>\n<p>5000 perles \u00e0 repasser<br \/>\n4 plateaux de perles \u00e0 repasser embo\u00eetables<br \/>\nPapier \u00e0 repasser<br \/>\nMode d&#8217;emploi<\/p>\n<p>Pourquoi choisir SES Creative<br \/>\nChez SES Creative, nous accordons une grande importance \u00e0 la s\u00e9curit\u00e9. C&rsquo;est pourquoi nos produits sont fabriqu\u00e9s et test\u00e9s dans notre usine aux Pays-Bas, conform\u00e9ment aux normes de s\u00e9curit\u00e9 europ\u00e9ennes les plus strictes. Les jouets SES Creative sont source de plaisir et permettent aux enfants d&rsquo;\u00eatre fiers de leur travail, ce qui stimule leur cr\u00e9ativit\u00e9 et leur d\u00e9veloppement.<\/p>\n<p>Commencez d\u00e8s aujourd&rsquo;hui votre chef-d&rsquo;\u0153uvre Beedz Art<br \/>\nD\u00e9couvrez le plaisir de Beedz Art et cr\u00e9ez votre propre portrait de Frida Kahlo. Un kit unique de perles \u00e0 repasser qui allie art et cr\u00e9ativit\u00e9, parfait pour des heures de plaisir cr\u00e9atif et une magnifique d\u00e9coration pour votre int\u00e9rieur !<\/p>\n","protected":false},"excerpt":{"rendered":"<p>Beedz Art \u2013 Frida Kahlo : cr\u00e9ez votre propre chef-d&rsquo;\u0153uvre Avec ce kit Beedz Art de SES Creative, vous pouvez cr\u00e9er un magnifique portrait de l&rsquo;artiste embl\u00e9matique Frida Kahlo. Gr\u00e2ce \u00e0 5000 perles \u00e0 repasser et quatre plaques de base assemblables, vous donnez vie \u00e0 cette \u0153uvre d&rsquo;art color\u00e9e et puissante. Le r\u00e9sultat final est [&hellip;]<\/p>\n","protected":false},"featured_media":99768,"comment_status":"closed","ping_status":"closed","template":"","meta":{"_acf_changed":false},"product_brand":[],"product_cat":[125],"product_tag":[],"class_list":{"0":"post-118146","1":"product","2":"type-product","3":"status-publish","4":"has-post-thumbnail","6":"product_cat-perles-a-repasser","7":"pa_leeftijd-filter-6-ans","8":"pa_meest-populair-bij-garcons-filles","10":"first","11":"instock","12":"shipping-taxable","13":"product-type-simple"},"acf":[],"yoast_head":"<!-- This site is optimized with the Yoast SEO plugin v27.2 - https:\/\/yoast.com\/product\/yoast-seo-wordpress\/ -->\n<title>Beedz Art - Frida Kahlo 5000 - SES Creative<\/title>\n<meta name=\"robots\" content=\"index, follow, max-snippet:-1, max-image-preview:large, max-video-preview:-1\" \/>\n<link rel=\"canonical\" href=\"https:\/\/ses-creative.com\/fr\/produit\/beedz-art-frida-kahlo-5000-2\/\" \/>\n<meta property=\"og:locale\" content=\"fr_FR\" \/>\n<meta property=\"og:type\" content=\"article\" \/>\n<meta property=\"og:title\" content=\"Beedz Art - Frida Kahlo 5000 - SES Creative\" \/>\n<meta property=\"og:description\" content=\"Beedz Art \u2013 Frida Kahlo : cr\u00e9ez votre propre chef-d&rsquo;\u0153uvre Avec ce kit Beedz Art de SES Creative, vous pouvez cr\u00e9er un magnifique portrait de l&rsquo;artiste embl\u00e9matique Frida Kahlo. Gr\u00e2ce \u00e0 5000 perles \u00e0 repasser et quatre plaques de base assemblables, vous donnez vie \u00e0 cette \u0153uvre d&rsquo;art color\u00e9e et puissante. Le r\u00e9sultat final est [&hellip;]\" \/>\n<meta property=\"og:url\" content=\"https:\/\/ses-creative.com\/fr\/produit\/beedz-art-frida-kahlo-5000-2\/\" \/>\n<meta property=\"og:site_name\" content=\"SES Creative\" \/>\n<meta property=\"article:modified_time\" content=\"2026-02-12T10:22:34+00:00\" \/>\n<meta name=\"twitter:card\" content=\"summary_large_image\" \/>\n<meta name=\"twitter:label1\" content=\"Dur\u00e9e de lecture estim\u00e9e\" \/>\n\t<meta name=\"twitter:data1\" content=\"2 minutes\" \/>\n<script type=\"application\/ld+json\" class=\"yoast-schema-graph\">{\"@context\":\"https:\/\/schema.org\",\"@graph\":[{\"@type\":\"WebPage\",\"@id\":\"https:\/\/ses-creative.com\/fr\/produit\/beedz-art-frida-kahlo-5000-2\/\",\"url\":\"https:\/\/ses-creative.com\/fr\/produit\/beedz-art-frida-kahlo-5000-2\/\",\"name\":\"Beedz Art - Frida Kahlo 5000 - SES Creative\",\"isPartOf\":{\"@id\":\"https:\/\/ses-creative.com\/#website\"},\"primaryImageOfPage\":{\"@id\":\"https:\/\/ses-creative.com\/fr\/produit\/beedz-art-frida-kahlo-5000-2\/#primaryimage\"},\"image\":{\"@id\":\"https:\/\/ses-creative.com\/fr\/produit\/beedz-art-frida-kahlo-5000-2\/#primaryimage\"},\"thumbnailUrl\":\"https:\/\/ses-creative.com\/wp-content\/uploads\/2026\/01\/060111.jpg\",\"datePublished\":\"2026-02-12T10:08:47+00:00\",\"dateModified\":\"2026-02-12T10:22:34+00:00\",\"breadcrumb\":{\"@id\":\"https:\/\/ses-creative.com\/fr\/produit\/beedz-art-frida-kahlo-5000-2\/#breadcrumb\"},\"inLanguage\":\"fr-FR\",\"potentialAction\":[{\"@type\":\"ReadAction\",\"target\":[\"https:\/\/ses-creative.com\/fr\/produit\/beedz-art-frida-kahlo-5000-2\/\"]}]},{\"@type\":\"ImageObject\",\"inLanguage\":\"fr-FR\",\"@id\":\"https:\/\/ses-creative.com\/fr\/produit\/beedz-art-frida-kahlo-5000-2\/#primaryimage\",\"url\":\"https:\/\/ses-creative.com\/wp-content\/uploads\/2026\/01\/060111.jpg\",\"contentUrl\":\"https:\/\/ses-creative.com\/wp-content\/uploads\/2026\/01\/060111.jpg\",\"width\":1000,\"height\":1000},{\"@type\":\"BreadcrumbList\",\"@id\":\"https:\/\/ses-creative.com\/fr\/produit\/beedz-art-frida-kahlo-5000-2\/#breadcrumb\",\"itemListElement\":[{\"@type\":\"ListItem\",\"position\":1,\"name\":\"Boutique\",\"item\":\"https:\/\/ses-creative.com\/fr\/boutique\/\"},{\"@type\":\"ListItem\",\"position\":2,\"name\":\"Perles \u00e0 repasser\",\"item\":\"https:\/\/ses-creative.com\/fr\/product-categorie\/perles-a-repasser\/\"},{\"@type\":\"ListItem\",\"position\":3,\"name\":\"Beedz Art &#8211; Frida Kahlo 5000\"}]},{\"@type\":\"WebSite\",\"@id\":\"https:\/\/ses-creative.com\/#website\",\"url\":\"https:\/\/ses-creative.com\/\",\"name\":\"SES Creative\",\"description\":\"\",\"publisher\":{\"@id\":\"https:\/\/ses-creative.com\/#organization\"},\"potentialAction\":[{\"@type\":\"SearchAction\",\"target\":{\"@type\":\"EntryPoint\",\"urlTemplate\":\"https:\/\/ses-creative.com\/?s={search_term_string}\"},\"query-input\":{\"@type\":\"PropertyValueSpecification\",\"valueRequired\":true,\"valueName\":\"search_term_string\"}}],\"inLanguage\":\"fr-FR\"},{\"@type\":\"Organization\",\"@id\":\"https:\/\/ses-creative.com\/#organization\",\"name\":\"SES Creative\",\"url\":\"https:\/\/ses-creative.com\/\",\"logo\":{\"@type\":\"ImageObject\",\"inLanguage\":\"fr-FR\",\"@id\":\"https:\/\/ses-creative.com\/#\/schema\/logo\/image\/\",\"url\":\"https:\/\/ses-creative.com\/wp-content\/uploads\/2025\/10\/ses-creative-logo.jpg\",\"contentUrl\":\"https:\/\/ses-creative.com\/wp-content\/uploads\/2025\/10\/ses-creative-logo.jpg\",\"width\":2037,\"height\":2037,\"caption\":\"SES Creative\"},\"image\":{\"@id\":\"https:\/\/ses-creative.com\/#\/schema\/logo\/image\/\"}}]}<\/script>\n<!-- \/ Yoast SEO plugin. -->","yoast_head_json":{"title":"Beedz Art - Frida Kahlo 5000 - SES Creative","robots":{"index":"index","follow":"follow","max-snippet":"max-snippet:-1","max-image-preview":"max-image-preview:large","max-video-preview":"max-video-preview:-1"},"canonical":"https:\/\/ses-creative.com\/fr\/produit\/beedz-art-frida-kahlo-5000-2\/","og_locale":"fr_FR","og_type":"article","og_title":"Beedz Art - Frida Kahlo 5000 - SES Creative","og_description":"Beedz Art \u2013 Frida Kahlo : cr\u00e9ez votre propre chef-d&rsquo;\u0153uvre Avec ce kit Beedz Art de SES Creative, vous pouvez cr\u00e9er un magnifique portrait de l&rsquo;artiste embl\u00e9matique Frida Kahlo. Gr\u00e2ce \u00e0 5000 perles \u00e0 repasser et quatre plaques de base assemblables, vous donnez vie \u00e0 cette \u0153uvre d&rsquo;art color\u00e9e et puissante. Le r\u00e9sultat final est [&hellip;]","og_url":"https:\/\/ses-creative.com\/fr\/produit\/beedz-art-frida-kahlo-5000-2\/","og_site_name":"SES Creative","article_modified_time":"2026-02-12T10:22:34+00:00","twitter_card":"summary_large_image","twitter_misc":{"Dur\u00e9e de lecture estim\u00e9e":"2 minutes"},"schema":{"@context":"https:\/\/schema.org","@graph":[{"@type":"WebPage","@id":"https:\/\/ses-creative.com\/fr\/produit\/beedz-art-frida-kahlo-5000-2\/","url":"https:\/\/ses-creative.com\/fr\/produit\/beedz-art-frida-kahlo-5000-2\/","name":"Beedz Art - Frida Kahlo 5000 - SES Creative","isPartOf":{"@id":"https:\/\/ses-creative.com\/#website"},"primaryImageOfPage":{"@id":"https:\/\/ses-creative.com\/fr\/produit\/beedz-art-frida-kahlo-5000-2\/#primaryimage"},"image":{"@id":"https:\/\/ses-creative.com\/fr\/produit\/beedz-art-frida-kahlo-5000-2\/#primaryimage"},"thumbnailUrl":"https:\/\/ses-creative.com\/wp-content\/uploads\/2026\/01\/060111.jpg","datePublished":"2026-02-12T10:08:47+00:00","dateModified":"2026-02-12T10:22:34+00:00","breadcrumb":{"@id":"https:\/\/ses-creative.com\/fr\/produit\/beedz-art-frida-kahlo-5000-2\/#breadcrumb"},"inLanguage":"fr-FR","potentialAction":[{"@type":"ReadAction","target":["https:\/\/ses-creative.com\/fr\/produit\/beedz-art-frida-kahlo-5000-2\/"]}]},{"@type":"ImageObject","inLanguage":"fr-FR","@id":"https:\/\/ses-creative.com\/fr\/produit\/beedz-art-frida-kahlo-5000-2\/#primaryimage","url":"https:\/\/ses-creative.com\/wp-content\/uploads\/2026\/01\/060111.jpg","contentUrl":"https:\/\/ses-creative.com\/wp-content\/uploads\/2026\/01\/060111.jpg","width":1000,"height":1000},{"@type":"BreadcrumbList","@id":"https:\/\/ses-creative.com\/fr\/produit\/beedz-art-frida-kahlo-5000-2\/#breadcrumb","itemListElement":[{"@type":"ListItem","position":1,"name":"Boutique","item":"https:\/\/ses-creative.com\/fr\/boutique\/"},{"@type":"ListItem","position":2,"name":"Perles \u00e0 repasser","item":"https:\/\/ses-creative.com\/fr\/product-categorie\/perles-a-repasser\/"},{"@type":"ListItem","position":3,"name":"Beedz Art &#8211; Frida Kahlo 5000"}]},{"@type":"WebSite","@id":"https:\/\/ses-creative.com\/#website","url":"https:\/\/ses-creative.com\/","name":"SES Creative","description":"","publisher":{"@id":"https:\/\/ses-creative.com\/#organization"},"potentialAction":[{"@type":"SearchAction","target":{"@type":"EntryPoint","urlTemplate":"https:\/\/ses-creative.com\/?s={search_term_string}"},"query-input":{"@type":"PropertyValueSpecification","valueRequired":true,"valueName":"search_term_string"}}],"inLanguage":"fr-FR"},{"@type":"Organization","@id":"https:\/\/ses-creative.com\/#organization","name":"SES Creative","url":"https:\/\/ses-creative.com\/","logo":{"@type":"ImageObject","inLanguage":"fr-FR","@id":"https:\/\/ses-creative.com\/#\/schema\/logo\/image\/","url":"https:\/\/ses-creative.com\/wp-content\/uploads\/2025\/10\/ses-creative-logo.jpg","contentUrl":"https:\/\/ses-creative.com\/wp-content\/uploads\/2025\/10\/ses-creative-logo.jpg","width":2037,"height":2037,"caption":"SES Creative"},"image":{"@id":"https:\/\/ses-creative.com\/#\/schema\/logo\/image\/"}}]}},"_links":{"self":[{"href":"https:\/\/ses-creative.com\/fr\/wp-json\/wp\/v2\/product\/118146","targetHints":{"allow":["GET"]}}],"collection":[{"href":"https:\/\/ses-creative.com\/fr\/wp-json\/wp\/v2\/product"}],"about":[{"href":"https:\/\/ses-creative.com\/fr\/wp-json\/wp\/v2\/types\/product"}],"replies":[{"embeddable":true,"href":"https:\/\/ses-creative.com\/fr\/wp-json\/wp\/v2\/comments?post=118146"}],"wp:featuredmedia":[{"embeddable":true,"href":"https:\/\/ses-creative.com\/fr\/wp-json\/wp\/v2\/media\/99768"}],"wp:attachment":[{"href":"https:\/\/ses-creative.com\/fr\/wp-json\/wp\/v2\/media?parent=118146"}],"wp:term":[{"taxonomy":"product_brand","embeddable":true,"href":"https:\/\/ses-creative.com\/fr\/wp-json\/wp\/v2\/product_brand?post=118146"},{"taxonomy":"product_cat","embeddable":true,"href":"https:\/\/ses-creative.com\/fr\/wp-json\/wp\/v2\/product_cat?post=118146"},{"taxonomy":"product_tag","embeddable":true,"href":"https:\/\/ses-creative.com\/fr\/wp-json\/wp\/v2\/product_tag?post=118146"}],"curies":[{"name":"wp","href":"https:\/\/api.w.org\/{rel}","templated":true}]}}