











{"id":118144,"date":"2026-02-12T10:08:47","date_gmt":"2026-02-12T10:08:47","guid":{"rendered":"https:\/\/ses-creative.com\/?post_type=product&#038;p=118144"},"modified":"2026-02-12T10:22:34","modified_gmt":"2026-02-12T10:22:34","slug":"fitness-et-plaisir","status":"publish","type":"product","link":"https:\/\/ses-creative.com\/fr\/produit\/fitness-et-plaisir\/","title":{"rendered":"Fitness et plaisir"},"content":{"rendered":"<p>Soyez actif et en forme avec SES Creative<br \/>\nForce, forme et \u00e9quilibre\u00a0: avec ces exercices SES Creative, cr\u00e9ez votre propre salle de sport \u00e0 la maison ou n&rsquo;importe o\u00f9\u00a0! Prenez les halt\u00e8res et les parallettes et tournez le plateau pour choisir votre exercice et votre niveau de difficult\u00e9. Parviendrez-vous \u00e0 r\u00e9aliser les 24 exercices\u00a0? L&rsquo;exercice est non seulement amusant, mais aussi sain. Les exercices de ce coffret peuvent \u00eatre r\u00e9alis\u00e9s n&rsquo;importe o\u00f9 et sont parfaits pour jouer ensemble.<br \/>\nLes atouts de ce coffret<br \/>\n&#8211; Divers exercices de fitness \u00e0 imiter\u00a0: force, \u00e9quilibre et mouvement<br \/>\n&#8211; Le jeu actif est non seulement amusant, mais aussi sain<br \/>\n&#8211; Id\u00e9al pour l&rsquo;ext\u00e9rieur, mais peut aussi \u00eatre pratiqu\u00e9 \u00e0 l&rsquo;int\u00e9rieur. Cr\u00e9ez votre propre salle de sport o\u00f9 vous le souhaitez<br \/>\n&#8211; Pi\u00e8ces en bois (bois FSC) pour une exp\u00e9rience de jeu authentique<br \/>\n&#8211; Encourage le jeu actif en ext\u00e9rieur<br \/>\nMouvement, \u00e9quilibre et force<br \/>\nLes exercices sont divis\u00e9s en 3 cat\u00e9gories\u00a0: mouvement, \u00e9quilibre et force. Les cartes amusantes montrent comment les ex\u00e9cuter. Essayez de les imiter et devenez aussi fort que papa ou maman en jouant. Ce coffret convient aux enfants \u00e0 partir de 3 ans.<br \/>\nContenu du coffret<br \/>\n&#8211; 24 cartes d&rsquo;exercices sportifs<br \/>\n&#8211; Planche \u00e0 roulettes avec fl\u00e8che<br \/>\n&#8211; 2 halt\u00e8res<br \/>\n&#8211; 2 parallettes<br \/>\n&#8211; Instructions<br \/>\nPourquoi choisir SES Creative\u00a0?<br \/>\nChez SES Creative, la s\u00e9curit\u00e9 est primordiale. C&rsquo;est pourquoi les produits sont fabriqu\u00e9s et test\u00e9s dans notre usine aux Pays-Bas, conform\u00e9ment aux normes de s\u00e9curit\u00e9 europ\u00e9ennes les plus strictes. Les jouets SES Creative sont amusants et visent \u00e0 rendre les enfants fiers de leur travail, stimulant ainsi leur cr\u00e9ativit\u00e9 et leur d\u00e9veloppement.<br \/>\nBougez\u00a0!<br \/>\nDevenez souple, rapide et fort gr\u00e2ce aux exercices sportifs amusants de SES Creative. Commencez d\u00e8s aujourd&rsquo;hui \u00e0 vous amuser avec le Fitness\u00a0!<\/p>\n","protected":false},"excerpt":{"rendered":"<p>Soyez actif et en forme avec SES Creative Force, forme et \u00e9quilibre\u00a0: avec ces exercices SES Creative, cr\u00e9ez votre propre salle de sport \u00e0 la maison ou n&rsquo;importe o\u00f9\u00a0! Prenez les halt\u00e8res et les parallettes et tournez le plateau pour choisir votre exercice et votre niveau de difficult\u00e9. Parviendrez-vous \u00e0 r\u00e9aliser les 24 exercices\u00a0? L&rsquo;exercice [&hellip;]<\/p>\n","protected":false},"featured_media":99728,"comment_status":"closed","ping_status":"closed","template":"","meta":{"_acf_changed":false},"product_brand":[],"product_cat":[126],"product_tag":[],"class_list":{"0":"post-118144","1":"product","2":"type-product","3":"status-publish","4":"has-post-thumbnail","6":"product_cat-jeux-dexterieur","7":"pa_collecties-fitness-kids","8":"pa_leeftijd-filter-4-6-ans","9":"pa_meest-populair-bij-garcons-filles","11":"first","12":"instock","13":"shipping-taxable","14":"product-type-simple"},"acf":[],"yoast_head":"<!-- This site is optimized with the Yoast SEO plugin v27.4 - https:\/\/yoast.com\/product\/yoast-seo-wordpress\/ -->\n<title>Fitness et plaisir - SES Creative<\/title>\n<meta name=\"robots\" content=\"index, follow, max-snippet:-1, max-image-preview:large, max-video-preview:-1\" \/>\n<link rel=\"canonical\" href=\"https:\/\/ses-creative.com\/fr\/produit\/fitness-et-plaisir\/\" \/>\n<meta property=\"og:locale\" content=\"fr_FR\" \/>\n<meta property=\"og:type\" content=\"article\" \/>\n<meta property=\"og:title\" content=\"Fitness et plaisir - SES Creative\" \/>\n<meta property=\"og:description\" content=\"Soyez actif et en forme avec SES Creative Force, forme et \u00e9quilibre\u00a0: avec ces exercices SES Creative, cr\u00e9ez votre propre salle de sport \u00e0 la maison ou n&rsquo;importe o\u00f9\u00a0! Prenez les halt\u00e8res et les parallettes et tournez le plateau pour choisir votre exercice et votre niveau de difficult\u00e9. Parviendrez-vous \u00e0 r\u00e9aliser les 24 exercices\u00a0? L&rsquo;exercice [&hellip;]\" \/>\n<meta property=\"og:url\" content=\"https:\/\/ses-creative.com\/fr\/produit\/fitness-et-plaisir\/\" \/>\n<meta property=\"og:site_name\" content=\"SES Creative\" \/>\n<meta property=\"article:modified_time\" content=\"2026-02-12T10:22:34+00:00\" \/>\n<meta name=\"twitter:card\" content=\"summary_large_image\" \/>\n<meta name=\"twitter:label1\" content=\"Dur\u00e9e de lecture estim\u00e9e\" \/>\n\t<meta name=\"twitter:data1\" content=\"2 minutes\" \/>\n<script type=\"application\/ld+json\" class=\"yoast-schema-graph\">{\"@context\":\"https:\\\/\\\/schema.org\",\"@graph\":[{\"@type\":\"WebPage\",\"@id\":\"https:\\\/\\\/ses-creative.com\\\/fr\\\/produit\\\/fitness-et-plaisir\\\/\",\"url\":\"https:\\\/\\\/ses-creative.com\\\/fr\\\/produit\\\/fitness-et-plaisir\\\/\",\"name\":\"Fitness et plaisir - SES Creative\",\"isPartOf\":{\"@id\":\"https:\\\/\\\/ses-creative.com\\\/#website\"},\"primaryImageOfPage\":{\"@id\":\"https:\\\/\\\/ses-creative.com\\\/fr\\\/produit\\\/fitness-et-plaisir\\\/#primaryimage\"},\"image\":{\"@id\":\"https:\\\/\\\/ses-creative.com\\\/fr\\\/produit\\\/fitness-et-plaisir\\\/#primaryimage\"},\"thumbnailUrl\":\"https:\\\/\\\/ses-creative.com\\\/wp-content\\\/uploads\\\/2026\\\/01\\\/024091.jpg\",\"datePublished\":\"2026-02-12T10:08:47+00:00\",\"dateModified\":\"2026-02-12T10:22:34+00:00\",\"breadcrumb\":{\"@id\":\"https:\\\/\\\/ses-creative.com\\\/fr\\\/produit\\\/fitness-et-plaisir\\\/#breadcrumb\"},\"inLanguage\":\"fr-FR\",\"potentialAction\":[{\"@type\":\"ReadAction\",\"target\":[\"https:\\\/\\\/ses-creative.com\\\/fr\\\/produit\\\/fitness-et-plaisir\\\/\"]}]},{\"@type\":\"ImageObject\",\"inLanguage\":\"fr-FR\",\"@id\":\"https:\\\/\\\/ses-creative.com\\\/fr\\\/produit\\\/fitness-et-plaisir\\\/#primaryimage\",\"url\":\"https:\\\/\\\/ses-creative.com\\\/wp-content\\\/uploads\\\/2026\\\/01\\\/024091.jpg\",\"contentUrl\":\"https:\\\/\\\/ses-creative.com\\\/wp-content\\\/uploads\\\/2026\\\/01\\\/024091.jpg\",\"width\":1000,\"height\":1000},{\"@type\":\"BreadcrumbList\",\"@id\":\"https:\\\/\\\/ses-creative.com\\\/fr\\\/produit\\\/fitness-et-plaisir\\\/#breadcrumb\",\"itemListElement\":[{\"@type\":\"ListItem\",\"position\":1,\"name\":\"Boutique\",\"item\":\"https:\\\/\\\/ses-creative.com\\\/fr\\\/boutique\\\/\"},{\"@type\":\"ListItem\",\"position\":2,\"name\":\"Jeux d\u2019ext\u00e9rieur\",\"item\":\"https:\\\/\\\/ses-creative.com\\\/fr\\\/product-categorie\\\/jeux-dexterieur\\\/\"},{\"@type\":\"ListItem\",\"position\":3,\"name\":\"Fitness et plaisir\"}]},{\"@type\":\"WebSite\",\"@id\":\"https:\\\/\\\/ses-creative.com\\\/#website\",\"url\":\"https:\\\/\\\/ses-creative.com\\\/\",\"name\":\"SES Creative\",\"description\":\"\",\"publisher\":{\"@id\":\"https:\\\/\\\/ses-creative.com\\\/#organization\"},\"potentialAction\":[{\"@type\":\"SearchAction\",\"target\":{\"@type\":\"EntryPoint\",\"urlTemplate\":\"https:\\\/\\\/ses-creative.com\\\/?s={search_term_string}\"},\"query-input\":{\"@type\":\"PropertyValueSpecification\",\"valueRequired\":true,\"valueName\":\"search_term_string\"}}],\"inLanguage\":\"fr-FR\"},{\"@type\":\"Organization\",\"@id\":\"https:\\\/\\\/ses-creative.com\\\/#organization\",\"name\":\"SES Creative\",\"url\":\"https:\\\/\\\/ses-creative.com\\\/\",\"logo\":{\"@type\":\"ImageObject\",\"inLanguage\":\"fr-FR\",\"@id\":\"https:\\\/\\\/ses-creative.com\\\/#\\\/schema\\\/logo\\\/image\\\/\",\"url\":\"https:\\\/\\\/ses-creative.com\\\/wp-content\\\/uploads\\\/2025\\\/10\\\/ses-creative-logo.jpg\",\"contentUrl\":\"https:\\\/\\\/ses-creative.com\\\/wp-content\\\/uploads\\\/2025\\\/10\\\/ses-creative-logo.jpg\",\"width\":2037,\"height\":2037,\"caption\":\"SES Creative\"},\"image\":{\"@id\":\"https:\\\/\\\/ses-creative.com\\\/#\\\/schema\\\/logo\\\/image\\\/\"}}]}<\/script>\n<!-- \/ Yoast SEO plugin. -->","yoast_head_json":{"title":"Fitness et plaisir - SES Creative","robots":{"index":"index","follow":"follow","max-snippet":"max-snippet:-1","max-image-preview":"max-image-preview:large","max-video-preview":"max-video-preview:-1"},"canonical":"https:\/\/ses-creative.com\/fr\/produit\/fitness-et-plaisir\/","og_locale":"fr_FR","og_type":"article","og_title":"Fitness et plaisir - SES Creative","og_description":"Soyez actif et en forme avec SES Creative Force, forme et \u00e9quilibre\u00a0: avec ces exercices SES Creative, cr\u00e9ez votre propre salle de sport \u00e0 la maison ou n&rsquo;importe o\u00f9\u00a0! Prenez les halt\u00e8res et les parallettes et tournez le plateau pour choisir votre exercice et votre niveau de difficult\u00e9. Parviendrez-vous \u00e0 r\u00e9aliser les 24 exercices\u00a0? L&rsquo;exercice [&hellip;]","og_url":"https:\/\/ses-creative.com\/fr\/produit\/fitness-et-plaisir\/","og_site_name":"SES Creative","article_modified_time":"2026-02-12T10:22:34+00:00","twitter_card":"summary_large_image","twitter_misc":{"Dur\u00e9e de lecture estim\u00e9e":"2 minutes"},"schema":{"@context":"https:\/\/schema.org","@graph":[{"@type":"WebPage","@id":"https:\/\/ses-creative.com\/fr\/produit\/fitness-et-plaisir\/","url":"https:\/\/ses-creative.com\/fr\/produit\/fitness-et-plaisir\/","name":"Fitness et plaisir - SES Creative","isPartOf":{"@id":"https:\/\/ses-creative.com\/#website"},"primaryImageOfPage":{"@id":"https:\/\/ses-creative.com\/fr\/produit\/fitness-et-plaisir\/#primaryimage"},"image":{"@id":"https:\/\/ses-creative.com\/fr\/produit\/fitness-et-plaisir\/#primaryimage"},"thumbnailUrl":"https:\/\/ses-creative.com\/wp-content\/uploads\/2026\/01\/024091.jpg","datePublished":"2026-02-12T10:08:47+00:00","dateModified":"2026-02-12T10:22:34+00:00","breadcrumb":{"@id":"https:\/\/ses-creative.com\/fr\/produit\/fitness-et-plaisir\/#breadcrumb"},"inLanguage":"fr-FR","potentialAction":[{"@type":"ReadAction","target":["https:\/\/ses-creative.com\/fr\/produit\/fitness-et-plaisir\/"]}]},{"@type":"ImageObject","inLanguage":"fr-FR","@id":"https:\/\/ses-creative.com\/fr\/produit\/fitness-et-plaisir\/#primaryimage","url":"https:\/\/ses-creative.com\/wp-content\/uploads\/2026\/01\/024091.jpg","contentUrl":"https:\/\/ses-creative.com\/wp-content\/uploads\/2026\/01\/024091.jpg","width":1000,"height":1000},{"@type":"BreadcrumbList","@id":"https:\/\/ses-creative.com\/fr\/produit\/fitness-et-plaisir\/#breadcrumb","itemListElement":[{"@type":"ListItem","position":1,"name":"Boutique","item":"https:\/\/ses-creative.com\/fr\/boutique\/"},{"@type":"ListItem","position":2,"name":"Jeux d\u2019ext\u00e9rieur","item":"https:\/\/ses-creative.com\/fr\/product-categorie\/jeux-dexterieur\/"},{"@type":"ListItem","position":3,"name":"Fitness et plaisir"}]},{"@type":"WebSite","@id":"https:\/\/ses-creative.com\/#website","url":"https:\/\/ses-creative.com\/","name":"SES Creative","description":"","publisher":{"@id":"https:\/\/ses-creative.com\/#organization"},"potentialAction":[{"@type":"SearchAction","target":{"@type":"EntryPoint","urlTemplate":"https:\/\/ses-creative.com\/?s={search_term_string}"},"query-input":{"@type":"PropertyValueSpecification","valueRequired":true,"valueName":"search_term_string"}}],"inLanguage":"fr-FR"},{"@type":"Organization","@id":"https:\/\/ses-creative.com\/#organization","name":"SES Creative","url":"https:\/\/ses-creative.com\/","logo":{"@type":"ImageObject","inLanguage":"fr-FR","@id":"https:\/\/ses-creative.com\/#\/schema\/logo\/image\/","url":"https:\/\/ses-creative.com\/wp-content\/uploads\/2025\/10\/ses-creative-logo.jpg","contentUrl":"https:\/\/ses-creative.com\/wp-content\/uploads\/2025\/10\/ses-creative-logo.jpg","width":2037,"height":2037,"caption":"SES Creative"},"image":{"@id":"https:\/\/ses-creative.com\/#\/schema\/logo\/image\/"}}]}},"_links":{"self":[{"href":"https:\/\/ses-creative.com\/fr\/wp-json\/wp\/v2\/product\/118144","targetHints":{"allow":["GET"]}}],"collection":[{"href":"https:\/\/ses-creative.com\/fr\/wp-json\/wp\/v2\/product"}],"about":[{"href":"https:\/\/ses-creative.com\/fr\/wp-json\/wp\/v2\/types\/product"}],"replies":[{"embeddable":true,"href":"https:\/\/ses-creative.com\/fr\/wp-json\/wp\/v2\/comments?post=118144"}],"wp:featuredmedia":[{"embeddable":true,"href":"https:\/\/ses-creative.com\/fr\/wp-json\/wp\/v2\/media\/99728"}],"wp:attachment":[{"href":"https:\/\/ses-creative.com\/fr\/wp-json\/wp\/v2\/media?parent=118144"}],"wp:term":[{"taxonomy":"product_brand","embeddable":true,"href":"https:\/\/ses-creative.com\/fr\/wp-json\/wp\/v2\/product_brand?post=118144"},{"taxonomy":"product_cat","embeddable":true,"href":"https:\/\/ses-creative.com\/fr\/wp-json\/wp\/v2\/product_cat?post=118144"},{"taxonomy":"product_tag","embeddable":true,"href":"https:\/\/ses-creative.com\/fr\/wp-json\/wp\/v2\/product_tag?post=118144"}],"curies":[{"name":"wp","href":"https:\/\/api.w.org\/{rel}","templated":true}]}}