











{"id":118143,"date":"2026-02-12T10:08:47","date_gmt":"2026-02-12T10:08:47","guid":{"rendered":"https:\/\/ses-creative.com\/?post_type=product&#038;p=118143"},"modified":"2026-02-12T10:22:34","modified_gmt":"2026-02-12T10:22:34","slug":"cerceau-de-yoga","status":"publish","type":"product","link":"https:\/\/ses-creative.com\/fr\/produit\/cerceau-de-yoga\/","title":{"rendered":"Cerceau de yoga"},"content":{"rendered":"<p>Un pas vers la d\u00e9tente et l&rsquo;exercice en pleine conscience en plein air avec le Cerceau de yoga !<br \/>\nAvec le Cerceau de yoga de SES Creative, les enfants d\u00e9couvrent le yoga de mani\u00e8re ludique. Lancez le d\u00e9, piochez une carte et utilisez le cerceau pour r\u00e9aliser un exercice dans les domaines de l&rsquo;\u00e9quilibre, du mouvement, tourner et de la souplesse. Les diff\u00e9rents mouvements sont illustr\u00e9s par des illustrations amusantes sur 28 cartes, permettant aux enfants de jouer en toute autonomie.<br \/>\nLes atouts de ce coffret<br \/>\n&#8211; Combine les valeurs positives du jeu en plein air, du yoga et de la pleine conscience<br \/>\n&#8211; Les enfants peuvent s&rsquo;initier seuls gr\u00e2ce aux cartes illustr\u00e9es<br \/>\n&#8211; 28 exercices diff\u00e9rents dans les domaines de l&rsquo;\u00e9quilibre, du mouvement, tourner et de la souplesse<br \/>\n&#8211; Le d\u00e9 apporte un \u00e9l\u00e9ment ludique et stimulant<br \/>\n&#8211; Peut \u00eatre utilis\u00e9 seul ou \u00e0 plusieurs<br \/>\nPourquoi ce coffret est parfait pour vous<br \/>\nLe coffret Cerceau de yoga de SES Creative encourage les enfants \u00e0 s&rsquo;entra\u00eener et \u00e0 se d\u00e9tendre en plein air, seuls ou \u00e0 plusieurs. Gr\u00e2ce au d\u00e9, aux cartes illustr\u00e9es color\u00e9es et au cerceau, ils peuvent r\u00e9aliser les exercices de mani\u00e8re autonome dans diff\u00e9rentes cat\u00e9gories. Contenu du coffret<br \/>\n&#8211; 28 cartes d&rsquo;exercices de yoga avec hula hoop<br \/>\n&#8211; Hula hoop pour le yoga (8 pi\u00e8ces)<br \/>\n&#8211; D\u00e9s en bois<br \/>\nPourquoi choisir SES Creative\u00a0?<br \/>\nChez SES Creative, la s\u00e9curit\u00e9 est notre priorit\u00e9. C&rsquo;est pourquoi nos produits sont fabriqu\u00e9s et test\u00e9s dans notre usine aux Pays-Bas, conform\u00e9ment aux normes de s\u00e9curit\u00e9 europ\u00e9ennes les plus strictes. Les jouets SES Creative sont amusants et visent \u00e0 rendre les enfants fiers de leur travail, stimulant ainsi leur cr\u00e9ativit\u00e9 et leur d\u00e9veloppement.<br \/>\nEntrez dans un monde de d\u00e9tente\u00a0!<br \/>\nAvec le coffret de yoga avec hula hoop SES Creative, vous vivrez une exp\u00e9rience de plaisir et de d\u00e9tente sans fin gr\u00e2ce au hula hoop et aux 28 cartes d&rsquo;exercices. N&rsquo;attendez plus\u00a0! Lancez les d\u00e9s et commencez votre aventure yoga\u00a0!<\/p>\n","protected":false},"excerpt":{"rendered":"<p>Un pas vers la d\u00e9tente et l&rsquo;exercice en pleine conscience en plein air avec le Cerceau de yoga ! Avec le Cerceau de yoga de SES Creative, les enfants d\u00e9couvrent le yoga de mani\u00e8re ludique. Lancez le d\u00e9, piochez une carte et utilisez le cerceau pour r\u00e9aliser un exercice dans les domaines de l&rsquo;\u00e9quilibre, du [&hellip;]<\/p>\n","protected":false},"featured_media":99688,"comment_status":"closed","ping_status":"closed","template":"","meta":{"_acf_changed":false},"product_brand":[],"product_cat":[126],"product_tag":[],"class_list":{"0":"post-118143","1":"product","2":"type-product","3":"status-publish","4":"has-post-thumbnail","6":"product_cat-jeux-dexterieur","7":"pa_collecties-fitness-kids","8":"pa_leeftijd-filter-4-6-ans","9":"pa_meest-populair-bij-garcons-filles","11":"first","12":"instock","13":"shipping-taxable","14":"product-type-simple"},"acf":[],"yoast_head":"<!-- This site is optimized with the Yoast SEO plugin v27.4 - https:\/\/yoast.com\/product\/yoast-seo-wordpress\/ -->\n<title>Cerceau de yoga - SES Creative<\/title>\n<meta name=\"robots\" content=\"index, follow, max-snippet:-1, max-image-preview:large, max-video-preview:-1\" \/>\n<link rel=\"canonical\" href=\"https:\/\/ses-creative.com\/fr\/produit\/cerceau-de-yoga\/\" \/>\n<meta property=\"og:locale\" content=\"fr_FR\" \/>\n<meta property=\"og:type\" content=\"article\" \/>\n<meta property=\"og:title\" content=\"Cerceau de yoga - SES Creative\" \/>\n<meta property=\"og:description\" content=\"Un pas vers la d\u00e9tente et l&rsquo;exercice en pleine conscience en plein air avec le Cerceau de yoga ! Avec le Cerceau de yoga de SES Creative, les enfants d\u00e9couvrent le yoga de mani\u00e8re ludique. Lancez le d\u00e9, piochez une carte et utilisez le cerceau pour r\u00e9aliser un exercice dans les domaines de l&rsquo;\u00e9quilibre, du [&hellip;]\" \/>\n<meta property=\"og:url\" content=\"https:\/\/ses-creative.com\/fr\/produit\/cerceau-de-yoga\/\" \/>\n<meta property=\"og:site_name\" content=\"SES Creative\" \/>\n<meta property=\"article:modified_time\" content=\"2026-02-12T10:22:34+00:00\" \/>\n<meta name=\"twitter:card\" content=\"summary_large_image\" \/>\n<meta name=\"twitter:label1\" content=\"Dur\u00e9e de lecture estim\u00e9e\" \/>\n\t<meta name=\"twitter:data1\" content=\"2 minutes\" \/>\n<script type=\"application\/ld+json\" class=\"yoast-schema-graph\">{\"@context\":\"https:\\\/\\\/schema.org\",\"@graph\":[{\"@type\":\"WebPage\",\"@id\":\"https:\\\/\\\/ses-creative.com\\\/fr\\\/produit\\\/cerceau-de-yoga\\\/\",\"url\":\"https:\\\/\\\/ses-creative.com\\\/fr\\\/produit\\\/cerceau-de-yoga\\\/\",\"name\":\"Cerceau de yoga - SES Creative\",\"isPartOf\":{\"@id\":\"https:\\\/\\\/ses-creative.com\\\/#website\"},\"primaryImageOfPage\":{\"@id\":\"https:\\\/\\\/ses-creative.com\\\/fr\\\/produit\\\/cerceau-de-yoga\\\/#primaryimage\"},\"image\":{\"@id\":\"https:\\\/\\\/ses-creative.com\\\/fr\\\/produit\\\/cerceau-de-yoga\\\/#primaryimage\"},\"thumbnailUrl\":\"https:\\\/\\\/ses-creative.com\\\/wp-content\\\/uploads\\\/2026\\\/01\\\/024081.jpg\",\"datePublished\":\"2026-02-12T10:08:47+00:00\",\"dateModified\":\"2026-02-12T10:22:34+00:00\",\"breadcrumb\":{\"@id\":\"https:\\\/\\\/ses-creative.com\\\/fr\\\/produit\\\/cerceau-de-yoga\\\/#breadcrumb\"},\"inLanguage\":\"fr-FR\",\"potentialAction\":[{\"@type\":\"ReadAction\",\"target\":[\"https:\\\/\\\/ses-creative.com\\\/fr\\\/produit\\\/cerceau-de-yoga\\\/\"]}]},{\"@type\":\"ImageObject\",\"inLanguage\":\"fr-FR\",\"@id\":\"https:\\\/\\\/ses-creative.com\\\/fr\\\/produit\\\/cerceau-de-yoga\\\/#primaryimage\",\"url\":\"https:\\\/\\\/ses-creative.com\\\/wp-content\\\/uploads\\\/2026\\\/01\\\/024081.jpg\",\"contentUrl\":\"https:\\\/\\\/ses-creative.com\\\/wp-content\\\/uploads\\\/2026\\\/01\\\/024081.jpg\",\"width\":1000,\"height\":1000},{\"@type\":\"BreadcrumbList\",\"@id\":\"https:\\\/\\\/ses-creative.com\\\/fr\\\/produit\\\/cerceau-de-yoga\\\/#breadcrumb\",\"itemListElement\":[{\"@type\":\"ListItem\",\"position\":1,\"name\":\"Boutique\",\"item\":\"https:\\\/\\\/ses-creative.com\\\/fr\\\/boutique\\\/\"},{\"@type\":\"ListItem\",\"position\":2,\"name\":\"Jeux d\u2019ext\u00e9rieur\",\"item\":\"https:\\\/\\\/ses-creative.com\\\/fr\\\/product-categorie\\\/jeux-dexterieur\\\/\"},{\"@type\":\"ListItem\",\"position\":3,\"name\":\"Cerceau de yoga\"}]},{\"@type\":\"WebSite\",\"@id\":\"https:\\\/\\\/ses-creative.com\\\/#website\",\"url\":\"https:\\\/\\\/ses-creative.com\\\/\",\"name\":\"SES Creative\",\"description\":\"\",\"publisher\":{\"@id\":\"https:\\\/\\\/ses-creative.com\\\/#organization\"},\"potentialAction\":[{\"@type\":\"SearchAction\",\"target\":{\"@type\":\"EntryPoint\",\"urlTemplate\":\"https:\\\/\\\/ses-creative.com\\\/?s={search_term_string}\"},\"query-input\":{\"@type\":\"PropertyValueSpecification\",\"valueRequired\":true,\"valueName\":\"search_term_string\"}}],\"inLanguage\":\"fr-FR\"},{\"@type\":\"Organization\",\"@id\":\"https:\\\/\\\/ses-creative.com\\\/#organization\",\"name\":\"SES Creative\",\"url\":\"https:\\\/\\\/ses-creative.com\\\/\",\"logo\":{\"@type\":\"ImageObject\",\"inLanguage\":\"fr-FR\",\"@id\":\"https:\\\/\\\/ses-creative.com\\\/#\\\/schema\\\/logo\\\/image\\\/\",\"url\":\"https:\\\/\\\/ses-creative.com\\\/wp-content\\\/uploads\\\/2025\\\/10\\\/ses-creative-logo.jpg\",\"contentUrl\":\"https:\\\/\\\/ses-creative.com\\\/wp-content\\\/uploads\\\/2025\\\/10\\\/ses-creative-logo.jpg\",\"width\":2037,\"height\":2037,\"caption\":\"SES Creative\"},\"image\":{\"@id\":\"https:\\\/\\\/ses-creative.com\\\/#\\\/schema\\\/logo\\\/image\\\/\"}}]}<\/script>\n<!-- \/ Yoast SEO plugin. -->","yoast_head_json":{"title":"Cerceau de yoga - SES Creative","robots":{"index":"index","follow":"follow","max-snippet":"max-snippet:-1","max-image-preview":"max-image-preview:large","max-video-preview":"max-video-preview:-1"},"canonical":"https:\/\/ses-creative.com\/fr\/produit\/cerceau-de-yoga\/","og_locale":"fr_FR","og_type":"article","og_title":"Cerceau de yoga - SES Creative","og_description":"Un pas vers la d\u00e9tente et l&rsquo;exercice en pleine conscience en plein air avec le Cerceau de yoga ! Avec le Cerceau de yoga de SES Creative, les enfants d\u00e9couvrent le yoga de mani\u00e8re ludique. Lancez le d\u00e9, piochez une carte et utilisez le cerceau pour r\u00e9aliser un exercice dans les domaines de l&rsquo;\u00e9quilibre, du [&hellip;]","og_url":"https:\/\/ses-creative.com\/fr\/produit\/cerceau-de-yoga\/","og_site_name":"SES Creative","article_modified_time":"2026-02-12T10:22:34+00:00","twitter_card":"summary_large_image","twitter_misc":{"Dur\u00e9e de lecture estim\u00e9e":"2 minutes"},"schema":{"@context":"https:\/\/schema.org","@graph":[{"@type":"WebPage","@id":"https:\/\/ses-creative.com\/fr\/produit\/cerceau-de-yoga\/","url":"https:\/\/ses-creative.com\/fr\/produit\/cerceau-de-yoga\/","name":"Cerceau de yoga - SES Creative","isPartOf":{"@id":"https:\/\/ses-creative.com\/#website"},"primaryImageOfPage":{"@id":"https:\/\/ses-creative.com\/fr\/produit\/cerceau-de-yoga\/#primaryimage"},"image":{"@id":"https:\/\/ses-creative.com\/fr\/produit\/cerceau-de-yoga\/#primaryimage"},"thumbnailUrl":"https:\/\/ses-creative.com\/wp-content\/uploads\/2026\/01\/024081.jpg","datePublished":"2026-02-12T10:08:47+00:00","dateModified":"2026-02-12T10:22:34+00:00","breadcrumb":{"@id":"https:\/\/ses-creative.com\/fr\/produit\/cerceau-de-yoga\/#breadcrumb"},"inLanguage":"fr-FR","potentialAction":[{"@type":"ReadAction","target":["https:\/\/ses-creative.com\/fr\/produit\/cerceau-de-yoga\/"]}]},{"@type":"ImageObject","inLanguage":"fr-FR","@id":"https:\/\/ses-creative.com\/fr\/produit\/cerceau-de-yoga\/#primaryimage","url":"https:\/\/ses-creative.com\/wp-content\/uploads\/2026\/01\/024081.jpg","contentUrl":"https:\/\/ses-creative.com\/wp-content\/uploads\/2026\/01\/024081.jpg","width":1000,"height":1000},{"@type":"BreadcrumbList","@id":"https:\/\/ses-creative.com\/fr\/produit\/cerceau-de-yoga\/#breadcrumb","itemListElement":[{"@type":"ListItem","position":1,"name":"Boutique","item":"https:\/\/ses-creative.com\/fr\/boutique\/"},{"@type":"ListItem","position":2,"name":"Jeux d\u2019ext\u00e9rieur","item":"https:\/\/ses-creative.com\/fr\/product-categorie\/jeux-dexterieur\/"},{"@type":"ListItem","position":3,"name":"Cerceau de yoga"}]},{"@type":"WebSite","@id":"https:\/\/ses-creative.com\/#website","url":"https:\/\/ses-creative.com\/","name":"SES Creative","description":"","publisher":{"@id":"https:\/\/ses-creative.com\/#organization"},"potentialAction":[{"@type":"SearchAction","target":{"@type":"EntryPoint","urlTemplate":"https:\/\/ses-creative.com\/?s={search_term_string}"},"query-input":{"@type":"PropertyValueSpecification","valueRequired":true,"valueName":"search_term_string"}}],"inLanguage":"fr-FR"},{"@type":"Organization","@id":"https:\/\/ses-creative.com\/#organization","name":"SES Creative","url":"https:\/\/ses-creative.com\/","logo":{"@type":"ImageObject","inLanguage":"fr-FR","@id":"https:\/\/ses-creative.com\/#\/schema\/logo\/image\/","url":"https:\/\/ses-creative.com\/wp-content\/uploads\/2025\/10\/ses-creative-logo.jpg","contentUrl":"https:\/\/ses-creative.com\/wp-content\/uploads\/2025\/10\/ses-creative-logo.jpg","width":2037,"height":2037,"caption":"SES Creative"},"image":{"@id":"https:\/\/ses-creative.com\/#\/schema\/logo\/image\/"}}]}},"_links":{"self":[{"href":"https:\/\/ses-creative.com\/fr\/wp-json\/wp\/v2\/product\/118143","targetHints":{"allow":["GET"]}}],"collection":[{"href":"https:\/\/ses-creative.com\/fr\/wp-json\/wp\/v2\/product"}],"about":[{"href":"https:\/\/ses-creative.com\/fr\/wp-json\/wp\/v2\/types\/product"}],"replies":[{"embeddable":true,"href":"https:\/\/ses-creative.com\/fr\/wp-json\/wp\/v2\/comments?post=118143"}],"wp:featuredmedia":[{"embeddable":true,"href":"https:\/\/ses-creative.com\/fr\/wp-json\/wp\/v2\/media\/99688"}],"wp:attachment":[{"href":"https:\/\/ses-creative.com\/fr\/wp-json\/wp\/v2\/media?parent=118143"}],"wp:term":[{"taxonomy":"product_brand","embeddable":true,"href":"https:\/\/ses-creative.com\/fr\/wp-json\/wp\/v2\/product_brand?post=118143"},{"taxonomy":"product_cat","embeddable":true,"href":"https:\/\/ses-creative.com\/fr\/wp-json\/wp\/v2\/product_cat?post=118143"},{"taxonomy":"product_tag","embeddable":true,"href":"https:\/\/ses-creative.com\/fr\/wp-json\/wp\/v2\/product_tag?post=118143"}],"curies":[{"name":"wp","href":"https:\/\/api.w.org\/{rel}","templated":true}]}}