











{"id":118142,"date":"2026-02-12T10:08:47","date_gmt":"2026-02-12T10:08:47","guid":{"rendered":"https:\/\/ses-creative.com\/?post_type=product&#038;p=118142"},"modified":"2026-02-12T10:22:34","modified_gmt":"2026-02-12T10:22:34","slug":"zen-yoga-animals-2","status":"publish","type":"product","link":"https:\/\/ses-creative.com\/fr\/produit\/zen-yoga-animals-2\/","title":{"rendered":"Zen yoga animals"},"content":{"rendered":"<p>Trouvez la paix int\u00e9rieure avec Zen Yoga<br \/>\nEntrez dans un monde de calme et de mouvement avec Zen Yoga Animals ! Ce set contient 28 cartes d&rsquo;animaux avec des exercices de respiration et des postures de yoga qui vous aident \u00e0 exprimer et \u00e0 contr\u00f4ler vos \u00e9motions. Que vous vous sentiez heureux, triste ou m\u00eame un peu en col\u00e8re, il existe une carte pour chaque \u00e9motion qui peut vous aider. Prenez une carte animal qui correspond \u00e0 votre \u00e9motion, imitez la posture et d\u00e9tendez-vous. Avec Zen Yoga Animals, vous vous d\u00e9tendrez compl\u00e8tement de mani\u00e8re ludique.<br \/>\nCe qui rend ce set g\u00e9nial<br \/>\n&#8211;    Permettez \u00e0 votre enfant de se d\u00e9tendre en effectuant les exercices<br \/>\n&#8211;    Les exercices ont pour th\u00e8me les animaux<br \/>\n&#8211;    Les cartes comportent des explications claires \u00e0 l&rsquo;aide d&rsquo;images. Des instructions suppl\u00e9mentaires sont \u00e9galement fournies<br \/>\n&#8211;    Les exercices sont ax\u00e9s sur la respiration, la pleine conscience et la relaxation du corps et de l&rsquo;esprit<br \/>\n&#8211;    Ces cartes vous permettent de vous d\u00e9tendre de mani\u00e8re ludique<br \/>\nMouvement et d\u00e9tente<br \/>\nLa pratique du Zen Yoga Animals offre plus que des avantages physiques. Elle vous aide \u00e0 d\u00e9velopper votre pleine conscience, am\u00e9liore votre capacit\u00e9 \u00e0 g\u00e9rer vos \u00e9motions et vous offre une routine apaisante \u00e0 laquelle vous pouvez revenir \u00e0 tout moment. De plus, c&rsquo;est une fa\u00e7on amusante et saine de passer du temps, qui apporte calme et joie \u00e0 votre journ\u00e9e. Jouez seul ou commencez une s\u00e9ance de yoga \u00e0 plusieurs.<br \/>\nContenu du set<br \/>\n&#8211;    28 cartes d&rsquo;animaux avec des exercices de yoga<br \/>\n&#8211;    Instructions<br \/>\nPourquoi choisir SES Creative ?<br \/>\nChez SES Creative, nous accordons une grande importance \u00e0 la s\u00e9curit\u00e9. C&rsquo;est pourquoi nos produits sont fabriqu\u00e9s et test\u00e9s dans notre usine aux Pays-Bas, conform\u00e9ment aux normes de s\u00e9curit\u00e9 europ\u00e9ennes les plus strictes. Les jouets SES Creative sont source de plaisir et visent \u00e0 rendre les enfants fiers de leur travail, ce qui stimule leur cr\u00e9ativit\u00e9 et leur d\u00e9veloppement.<br \/>\n\u00cates-vous pr\u00eat \u00e0 trouver votre paix int\u00e9rieure ?<br \/>\nCommencez \u00e0 vous d\u00e9tendre de mani\u00e8re ludique. Commencez d\u00e8s aujourd&rsquo;hui avec Zen Yoga Animals !<\/p>\n","protected":false},"excerpt":{"rendered":"<p>Trouvez la paix int\u00e9rieure avec Zen Yoga Entrez dans un monde de calme et de mouvement avec Zen Yoga Animals ! Ce set contient 28 cartes d&rsquo;animaux avec des exercices de respiration et des postures de yoga qui vous aident \u00e0 exprimer et \u00e0 contr\u00f4ler vos \u00e9motions. Que vous vous sentiez heureux, triste ou m\u00eame [&hellip;]<\/p>\n","protected":false},"featured_media":99648,"comment_status":"closed","ping_status":"closed","template":"","meta":{"_acf_changed":false},"product_brand":[],"product_cat":[126],"product_tag":[],"class_list":{"0":"post-118142","1":"product","2":"type-product","3":"status-publish","4":"has-post-thumbnail","6":"product_cat-jeux-dexterieur","7":"pa_collecties-fitness-kids","8":"pa_leeftijd-filter-3-4-ans","9":"pa_meest-populair-bij-garcons-filles","11":"first","12":"instock","13":"shipping-taxable","14":"product-type-simple"},"acf":[],"yoast_head":"<!-- This site is optimized with the Yoast SEO plugin v27.4 - https:\/\/yoast.com\/product\/yoast-seo-wordpress\/ -->\n<title>Zen yoga animals - SES Creative<\/title>\n<meta name=\"robots\" content=\"index, follow, max-snippet:-1, max-image-preview:large, max-video-preview:-1\" \/>\n<link rel=\"canonical\" href=\"https:\/\/ses-creative.com\/fr\/produit\/zen-yoga-animals-2\/\" \/>\n<meta property=\"og:locale\" content=\"fr_FR\" \/>\n<meta property=\"og:type\" content=\"article\" \/>\n<meta property=\"og:title\" content=\"Zen yoga animals - SES Creative\" \/>\n<meta property=\"og:description\" content=\"Trouvez la paix int\u00e9rieure avec Zen Yoga Entrez dans un monde de calme et de mouvement avec Zen Yoga Animals ! Ce set contient 28 cartes d&rsquo;animaux avec des exercices de respiration et des postures de yoga qui vous aident \u00e0 exprimer et \u00e0 contr\u00f4ler vos \u00e9motions. Que vous vous sentiez heureux, triste ou m\u00eame [&hellip;]\" \/>\n<meta property=\"og:url\" content=\"https:\/\/ses-creative.com\/fr\/produit\/zen-yoga-animals-2\/\" \/>\n<meta property=\"og:site_name\" content=\"SES Creative\" \/>\n<meta property=\"article:modified_time\" content=\"2026-02-12T10:22:34+00:00\" \/>\n<meta name=\"twitter:card\" content=\"summary_large_image\" \/>\n<meta name=\"twitter:label1\" content=\"Dur\u00e9e de lecture estim\u00e9e\" \/>\n\t<meta name=\"twitter:data1\" content=\"2 minutes\" \/>\n<script type=\"application\/ld+json\" class=\"yoast-schema-graph\">{\"@context\":\"https:\\\/\\\/schema.org\",\"@graph\":[{\"@type\":\"WebPage\",\"@id\":\"https:\\\/\\\/ses-creative.com\\\/fr\\\/produit\\\/zen-yoga-animals-2\\\/\",\"url\":\"https:\\\/\\\/ses-creative.com\\\/fr\\\/produit\\\/zen-yoga-animals-2\\\/\",\"name\":\"Zen yoga animals - SES Creative\",\"isPartOf\":{\"@id\":\"https:\\\/\\\/ses-creative.com\\\/#website\"},\"primaryImageOfPage\":{\"@id\":\"https:\\\/\\\/ses-creative.com\\\/fr\\\/produit\\\/zen-yoga-animals-2\\\/#primaryimage\"},\"image\":{\"@id\":\"https:\\\/\\\/ses-creative.com\\\/fr\\\/produit\\\/zen-yoga-animals-2\\\/#primaryimage\"},\"thumbnailUrl\":\"https:\\\/\\\/ses-creative.com\\\/wp-content\\\/uploads\\\/2026\\\/01\\\/024071.jpg\",\"datePublished\":\"2026-02-12T10:08:47+00:00\",\"dateModified\":\"2026-02-12T10:22:34+00:00\",\"breadcrumb\":{\"@id\":\"https:\\\/\\\/ses-creative.com\\\/fr\\\/produit\\\/zen-yoga-animals-2\\\/#breadcrumb\"},\"inLanguage\":\"fr-FR\",\"potentialAction\":[{\"@type\":\"ReadAction\",\"target\":[\"https:\\\/\\\/ses-creative.com\\\/fr\\\/produit\\\/zen-yoga-animals-2\\\/\"]}]},{\"@type\":\"ImageObject\",\"inLanguage\":\"fr-FR\",\"@id\":\"https:\\\/\\\/ses-creative.com\\\/fr\\\/produit\\\/zen-yoga-animals-2\\\/#primaryimage\",\"url\":\"https:\\\/\\\/ses-creative.com\\\/wp-content\\\/uploads\\\/2026\\\/01\\\/024071.jpg\",\"contentUrl\":\"https:\\\/\\\/ses-creative.com\\\/wp-content\\\/uploads\\\/2026\\\/01\\\/024071.jpg\",\"width\":1000,\"height\":1000},{\"@type\":\"BreadcrumbList\",\"@id\":\"https:\\\/\\\/ses-creative.com\\\/fr\\\/produit\\\/zen-yoga-animals-2\\\/#breadcrumb\",\"itemListElement\":[{\"@type\":\"ListItem\",\"position\":1,\"name\":\"Boutique\",\"item\":\"https:\\\/\\\/ses-creative.com\\\/fr\\\/boutique\\\/\"},{\"@type\":\"ListItem\",\"position\":2,\"name\":\"Jeux d\u2019ext\u00e9rieur\",\"item\":\"https:\\\/\\\/ses-creative.com\\\/fr\\\/product-categorie\\\/jeux-dexterieur\\\/\"},{\"@type\":\"ListItem\",\"position\":3,\"name\":\"Zen yoga animals\"}]},{\"@type\":\"WebSite\",\"@id\":\"https:\\\/\\\/ses-creative.com\\\/#website\",\"url\":\"https:\\\/\\\/ses-creative.com\\\/\",\"name\":\"SES Creative\",\"description\":\"\",\"publisher\":{\"@id\":\"https:\\\/\\\/ses-creative.com\\\/#organization\"},\"potentialAction\":[{\"@type\":\"SearchAction\",\"target\":{\"@type\":\"EntryPoint\",\"urlTemplate\":\"https:\\\/\\\/ses-creative.com\\\/?s={search_term_string}\"},\"query-input\":{\"@type\":\"PropertyValueSpecification\",\"valueRequired\":true,\"valueName\":\"search_term_string\"}}],\"inLanguage\":\"fr-FR\"},{\"@type\":\"Organization\",\"@id\":\"https:\\\/\\\/ses-creative.com\\\/#organization\",\"name\":\"SES Creative\",\"url\":\"https:\\\/\\\/ses-creative.com\\\/\",\"logo\":{\"@type\":\"ImageObject\",\"inLanguage\":\"fr-FR\",\"@id\":\"https:\\\/\\\/ses-creative.com\\\/#\\\/schema\\\/logo\\\/image\\\/\",\"url\":\"https:\\\/\\\/ses-creative.com\\\/wp-content\\\/uploads\\\/2025\\\/10\\\/ses-creative-logo.jpg\",\"contentUrl\":\"https:\\\/\\\/ses-creative.com\\\/wp-content\\\/uploads\\\/2025\\\/10\\\/ses-creative-logo.jpg\",\"width\":2037,\"height\":2037,\"caption\":\"SES Creative\"},\"image\":{\"@id\":\"https:\\\/\\\/ses-creative.com\\\/#\\\/schema\\\/logo\\\/image\\\/\"}}]}<\/script>\n<!-- \/ Yoast SEO plugin. -->","yoast_head_json":{"title":"Zen yoga animals - SES Creative","robots":{"index":"index","follow":"follow","max-snippet":"max-snippet:-1","max-image-preview":"max-image-preview:large","max-video-preview":"max-video-preview:-1"},"canonical":"https:\/\/ses-creative.com\/fr\/produit\/zen-yoga-animals-2\/","og_locale":"fr_FR","og_type":"article","og_title":"Zen yoga animals - SES Creative","og_description":"Trouvez la paix int\u00e9rieure avec Zen Yoga Entrez dans un monde de calme et de mouvement avec Zen Yoga Animals ! Ce set contient 28 cartes d&rsquo;animaux avec des exercices de respiration et des postures de yoga qui vous aident \u00e0 exprimer et \u00e0 contr\u00f4ler vos \u00e9motions. Que vous vous sentiez heureux, triste ou m\u00eame [&hellip;]","og_url":"https:\/\/ses-creative.com\/fr\/produit\/zen-yoga-animals-2\/","og_site_name":"SES Creative","article_modified_time":"2026-02-12T10:22:34+00:00","twitter_card":"summary_large_image","twitter_misc":{"Dur\u00e9e de lecture estim\u00e9e":"2 minutes"},"schema":{"@context":"https:\/\/schema.org","@graph":[{"@type":"WebPage","@id":"https:\/\/ses-creative.com\/fr\/produit\/zen-yoga-animals-2\/","url":"https:\/\/ses-creative.com\/fr\/produit\/zen-yoga-animals-2\/","name":"Zen yoga animals - SES Creative","isPartOf":{"@id":"https:\/\/ses-creative.com\/#website"},"primaryImageOfPage":{"@id":"https:\/\/ses-creative.com\/fr\/produit\/zen-yoga-animals-2\/#primaryimage"},"image":{"@id":"https:\/\/ses-creative.com\/fr\/produit\/zen-yoga-animals-2\/#primaryimage"},"thumbnailUrl":"https:\/\/ses-creative.com\/wp-content\/uploads\/2026\/01\/024071.jpg","datePublished":"2026-02-12T10:08:47+00:00","dateModified":"2026-02-12T10:22:34+00:00","breadcrumb":{"@id":"https:\/\/ses-creative.com\/fr\/produit\/zen-yoga-animals-2\/#breadcrumb"},"inLanguage":"fr-FR","potentialAction":[{"@type":"ReadAction","target":["https:\/\/ses-creative.com\/fr\/produit\/zen-yoga-animals-2\/"]}]},{"@type":"ImageObject","inLanguage":"fr-FR","@id":"https:\/\/ses-creative.com\/fr\/produit\/zen-yoga-animals-2\/#primaryimage","url":"https:\/\/ses-creative.com\/wp-content\/uploads\/2026\/01\/024071.jpg","contentUrl":"https:\/\/ses-creative.com\/wp-content\/uploads\/2026\/01\/024071.jpg","width":1000,"height":1000},{"@type":"BreadcrumbList","@id":"https:\/\/ses-creative.com\/fr\/produit\/zen-yoga-animals-2\/#breadcrumb","itemListElement":[{"@type":"ListItem","position":1,"name":"Boutique","item":"https:\/\/ses-creative.com\/fr\/boutique\/"},{"@type":"ListItem","position":2,"name":"Jeux d\u2019ext\u00e9rieur","item":"https:\/\/ses-creative.com\/fr\/product-categorie\/jeux-dexterieur\/"},{"@type":"ListItem","position":3,"name":"Zen yoga animals"}]},{"@type":"WebSite","@id":"https:\/\/ses-creative.com\/#website","url":"https:\/\/ses-creative.com\/","name":"SES Creative","description":"","publisher":{"@id":"https:\/\/ses-creative.com\/#organization"},"potentialAction":[{"@type":"SearchAction","target":{"@type":"EntryPoint","urlTemplate":"https:\/\/ses-creative.com\/?s={search_term_string}"},"query-input":{"@type":"PropertyValueSpecification","valueRequired":true,"valueName":"search_term_string"}}],"inLanguage":"fr-FR"},{"@type":"Organization","@id":"https:\/\/ses-creative.com\/#organization","name":"SES Creative","url":"https:\/\/ses-creative.com\/","logo":{"@type":"ImageObject","inLanguage":"fr-FR","@id":"https:\/\/ses-creative.com\/#\/schema\/logo\/image\/","url":"https:\/\/ses-creative.com\/wp-content\/uploads\/2025\/10\/ses-creative-logo.jpg","contentUrl":"https:\/\/ses-creative.com\/wp-content\/uploads\/2025\/10\/ses-creative-logo.jpg","width":2037,"height":2037,"caption":"SES Creative"},"image":{"@id":"https:\/\/ses-creative.com\/#\/schema\/logo\/image\/"}}]}},"_links":{"self":[{"href":"https:\/\/ses-creative.com\/fr\/wp-json\/wp\/v2\/product\/118142","targetHints":{"allow":["GET"]}}],"collection":[{"href":"https:\/\/ses-creative.com\/fr\/wp-json\/wp\/v2\/product"}],"about":[{"href":"https:\/\/ses-creative.com\/fr\/wp-json\/wp\/v2\/types\/product"}],"replies":[{"embeddable":true,"href":"https:\/\/ses-creative.com\/fr\/wp-json\/wp\/v2\/comments?post=118142"}],"wp:featuredmedia":[{"embeddable":true,"href":"https:\/\/ses-creative.com\/fr\/wp-json\/wp\/v2\/media\/99648"}],"wp:attachment":[{"href":"https:\/\/ses-creative.com\/fr\/wp-json\/wp\/v2\/media?parent=118142"}],"wp:term":[{"taxonomy":"product_brand","embeddable":true,"href":"https:\/\/ses-creative.com\/fr\/wp-json\/wp\/v2\/product_brand?post=118142"},{"taxonomy":"product_cat","embeddable":true,"href":"https:\/\/ses-creative.com\/fr\/wp-json\/wp\/v2\/product_cat?post=118142"},{"taxonomy":"product_tag","embeddable":true,"href":"https:\/\/ses-creative.com\/fr\/wp-json\/wp\/v2\/product_tag?post=118142"}],"curies":[{"name":"wp","href":"https:\/\/api.w.org\/{rel}","templated":true}]}}