











{"id":118141,"date":"2026-02-12T10:08:46","date_gmt":"2026-02-12T10:08:46","guid":{"rendered":"https:\/\/ses-creative.com\/?post_type=product&#038;p=118141"},"modified":"2026-02-12T10:22:34","modified_gmt":"2026-02-12T10:22:34","slug":"qui-suis-je-de-voyage-avec-autocollants","status":"publish","type":"product","link":"https:\/\/ses-creative.com\/fr\/produit\/qui-suis-je-de-voyage-avec-autocollants\/","title":{"rendered":"Qui suis-je ? De voyage avec autocollants"},"content":{"rendered":"<p>Devinez qui je suis ?<br \/>\nPr\u00e9parez-vous \u00e0 l&rsquo;aventure avec les autocollants pour vitres Qui suis-je ? pour la route ! Ce jeu amusant est facile \u00e0 apprendre et tr\u00e8s divertissant pour petits et grands. Collez les autocollants sur la vitre, choisissez un personnage que vous souhaitez incarner et devinez qui est votre adversaire en posant des questions intelligentes. Lorsque vous pouvez rayer des personnages, retirez-les de la vitre et collez-les sur le plateau de jeu. Que vous soyez \u00e0 la maison, en voiture ou en voyage, ce jeu vous garantit du plaisir partout.<br \/>\nCe qui rend ce jeu g\u00e9nial<br \/>\n&#8211;    Le classique \u00ab Qui suis-je ? \u00bb, mais pour les d\u00e9placements<br \/>\n&#8211;    Autocollants pour fen\u00eatre<br \/>\n&#8211;    Amusant \u00e0 jouer en voiture<br \/>\n&#8211;    Les autocollants pour vitres adh\u00e8rent bien et ne laissent pas de traces de colle sur le verre<br \/>\n&#8211;    R\u00e9utilisables<br \/>\nJeu de voyage pour les d\u00e9placements<br \/>\nCe jeu est parfait pour deux joueurs et vous divertira pendant des heures. C&rsquo;est l&rsquo;option id\u00e9ale pour une activit\u00e9 sans \u00e9cran. Les autocollants pour vitres adh\u00e8rent au verre et aux surfaces lisses. Ils sont \u00e9galement faciles \u00e0 retirer et ne laissent pas de traces de colle. De plus, ils sont r\u00e9utilisables \u00e0 l&rsquo;infini.<br \/>\nContenu du set<br \/>\n&#8211;    48 autocollants pour fen\u00eatre \u00ab Qui suis-je ?<br \/>\n&#8211;    2 plateaux de jeu<br \/>\nPourquoi choisir SES Creative ?<br \/>\nChez SES Creative, nous accordons une grande importance \u00e0 la s\u00e9curit\u00e9. C&rsquo;est pourquoi nos produits sont fabriqu\u00e9s et test\u00e9s dans notre usine aux Pays-Bas, conform\u00e9ment aux normes de s\u00e9curit\u00e9 europ\u00e9ennes les plus strictes. Les jouets SES Creative sont source de plaisir et permettent aux enfants d&rsquo;\u00eatre fiers de leur travail, ce qui stimule leur cr\u00e9ativit\u00e9 et leur d\u00e9veloppement.<br \/>\nCommencez \u00e0 jouer d\u00e8s maintenant !<br \/>\nProcurez-vous les autocollants pour fen\u00eatres \u00ab Qui suis-je ? \u00bb pour vos d\u00e9placements et laissez libre cours \u00e0 votre imagination. Collez, devinez et partagez la joie du jeu cr\u00e9atif avec un ami. Il est temps de faire de chaque voyage une exp\u00e9rience passionnante !<\/p>\n","protected":false},"excerpt":{"rendered":"<p>Devinez qui je suis ? Pr\u00e9parez-vous \u00e0 l&rsquo;aventure avec les autocollants pour vitres Qui suis-je ? pour la route ! Ce jeu amusant est facile \u00e0 apprendre et tr\u00e8s divertissant pour petits et grands. Collez les autocollants sur la vitre, choisissez un personnage que vous souhaitez incarner et devinez qui est votre adversaire en posant [&hellip;]<\/p>\n","protected":false},"featured_media":99628,"comment_status":"closed","ping_status":"closed","template":"","meta":{"_acf_changed":false},"product_brand":[],"product_cat":[126],"product_tag":[],"class_list":{"0":"post-118141","1":"product","2":"type-product","3":"status-publish","4":"has-post-thumbnail","6":"product_cat-jeux-dexterieur","7":"pa_leeftijd-filter-3-4-ans","8":"pa_meest-populair-bij-garcons-filles","10":"first","11":"instock","12":"shipping-taxable","13":"product-type-simple"},"acf":[],"yoast_head":"<!-- This site is optimized with the Yoast SEO plugin v27.4 - https:\/\/yoast.com\/product\/yoast-seo-wordpress\/ -->\n<title>Qui suis-je ? De voyage avec autocollants - SES Creative<\/title>\n<meta name=\"robots\" content=\"index, follow, max-snippet:-1, max-image-preview:large, max-video-preview:-1\" \/>\n<link rel=\"canonical\" href=\"https:\/\/ses-creative.com\/fr\/produit\/qui-suis-je-de-voyage-avec-autocollants\/\" \/>\n<meta property=\"og:locale\" content=\"fr_FR\" \/>\n<meta property=\"og:type\" content=\"article\" \/>\n<meta property=\"og:title\" content=\"Qui suis-je ? De voyage avec autocollants - SES Creative\" \/>\n<meta property=\"og:description\" content=\"Devinez qui je suis ? Pr\u00e9parez-vous \u00e0 l&rsquo;aventure avec les autocollants pour vitres Qui suis-je ? pour la route ! Ce jeu amusant est facile \u00e0 apprendre et tr\u00e8s divertissant pour petits et grands. Collez les autocollants sur la vitre, choisissez un personnage que vous souhaitez incarner et devinez qui est votre adversaire en posant [&hellip;]\" \/>\n<meta property=\"og:url\" content=\"https:\/\/ses-creative.com\/fr\/produit\/qui-suis-je-de-voyage-avec-autocollants\/\" \/>\n<meta property=\"og:site_name\" content=\"SES Creative\" \/>\n<meta property=\"article:modified_time\" content=\"2026-02-12T10:22:34+00:00\" \/>\n<meta name=\"twitter:card\" content=\"summary_large_image\" \/>\n<meta name=\"twitter:label1\" content=\"Dur\u00e9e de lecture estim\u00e9e\" \/>\n\t<meta name=\"twitter:data1\" content=\"2 minutes\" \/>\n<script type=\"application\/ld+json\" class=\"yoast-schema-graph\">{\"@context\":\"https:\\\/\\\/schema.org\",\"@graph\":[{\"@type\":\"WebPage\",\"@id\":\"https:\\\/\\\/ses-creative.com\\\/fr\\\/produit\\\/qui-suis-je-de-voyage-avec-autocollants\\\/\",\"url\":\"https:\\\/\\\/ses-creative.com\\\/fr\\\/produit\\\/qui-suis-je-de-voyage-avec-autocollants\\\/\",\"name\":\"Qui suis-je ? De voyage avec autocollants - SES Creative\",\"isPartOf\":{\"@id\":\"https:\\\/\\\/ses-creative.com\\\/#website\"},\"primaryImageOfPage\":{\"@id\":\"https:\\\/\\\/ses-creative.com\\\/fr\\\/produit\\\/qui-suis-je-de-voyage-avec-autocollants\\\/#primaryimage\"},\"image\":{\"@id\":\"https:\\\/\\\/ses-creative.com\\\/fr\\\/produit\\\/qui-suis-je-de-voyage-avec-autocollants\\\/#primaryimage\"},\"thumbnailUrl\":\"https:\\\/\\\/ses-creative.com\\\/wp-content\\\/uploads\\\/2026\\\/01\\\/024061.jpg\",\"datePublished\":\"2026-02-12T10:08:46+00:00\",\"dateModified\":\"2026-02-12T10:22:34+00:00\",\"breadcrumb\":{\"@id\":\"https:\\\/\\\/ses-creative.com\\\/fr\\\/produit\\\/qui-suis-je-de-voyage-avec-autocollants\\\/#breadcrumb\"},\"inLanguage\":\"fr-FR\",\"potentialAction\":[{\"@type\":\"ReadAction\",\"target\":[\"https:\\\/\\\/ses-creative.com\\\/fr\\\/produit\\\/qui-suis-je-de-voyage-avec-autocollants\\\/\"]}]},{\"@type\":\"ImageObject\",\"inLanguage\":\"fr-FR\",\"@id\":\"https:\\\/\\\/ses-creative.com\\\/fr\\\/produit\\\/qui-suis-je-de-voyage-avec-autocollants\\\/#primaryimage\",\"url\":\"https:\\\/\\\/ses-creative.com\\\/wp-content\\\/uploads\\\/2026\\\/01\\\/024061.jpg\",\"contentUrl\":\"https:\\\/\\\/ses-creative.com\\\/wp-content\\\/uploads\\\/2026\\\/01\\\/024061.jpg\",\"width\":1000,\"height\":1000},{\"@type\":\"BreadcrumbList\",\"@id\":\"https:\\\/\\\/ses-creative.com\\\/fr\\\/produit\\\/qui-suis-je-de-voyage-avec-autocollants\\\/#breadcrumb\",\"itemListElement\":[{\"@type\":\"ListItem\",\"position\":1,\"name\":\"Boutique\",\"item\":\"https:\\\/\\\/ses-creative.com\\\/fr\\\/boutique\\\/\"},{\"@type\":\"ListItem\",\"position\":2,\"name\":\"Jeux d\u2019ext\u00e9rieur\",\"item\":\"https:\\\/\\\/ses-creative.com\\\/fr\\\/product-categorie\\\/jeux-dexterieur\\\/\"},{\"@type\":\"ListItem\",\"position\":3,\"name\":\"Qui suis-je ? De voyage avec autocollants\"}]},{\"@type\":\"WebSite\",\"@id\":\"https:\\\/\\\/ses-creative.com\\\/#website\",\"url\":\"https:\\\/\\\/ses-creative.com\\\/\",\"name\":\"SES Creative\",\"description\":\"\",\"publisher\":{\"@id\":\"https:\\\/\\\/ses-creative.com\\\/#organization\"},\"potentialAction\":[{\"@type\":\"SearchAction\",\"target\":{\"@type\":\"EntryPoint\",\"urlTemplate\":\"https:\\\/\\\/ses-creative.com\\\/?s={search_term_string}\"},\"query-input\":{\"@type\":\"PropertyValueSpecification\",\"valueRequired\":true,\"valueName\":\"search_term_string\"}}],\"inLanguage\":\"fr-FR\"},{\"@type\":\"Organization\",\"@id\":\"https:\\\/\\\/ses-creative.com\\\/#organization\",\"name\":\"SES Creative\",\"url\":\"https:\\\/\\\/ses-creative.com\\\/\",\"logo\":{\"@type\":\"ImageObject\",\"inLanguage\":\"fr-FR\",\"@id\":\"https:\\\/\\\/ses-creative.com\\\/#\\\/schema\\\/logo\\\/image\\\/\",\"url\":\"https:\\\/\\\/ses-creative.com\\\/wp-content\\\/uploads\\\/2025\\\/10\\\/ses-creative-logo.jpg\",\"contentUrl\":\"https:\\\/\\\/ses-creative.com\\\/wp-content\\\/uploads\\\/2025\\\/10\\\/ses-creative-logo.jpg\",\"width\":2037,\"height\":2037,\"caption\":\"SES Creative\"},\"image\":{\"@id\":\"https:\\\/\\\/ses-creative.com\\\/#\\\/schema\\\/logo\\\/image\\\/\"}}]}<\/script>\n<!-- \/ Yoast SEO plugin. -->","yoast_head_json":{"title":"Qui suis-je ? De voyage avec autocollants - SES Creative","robots":{"index":"index","follow":"follow","max-snippet":"max-snippet:-1","max-image-preview":"max-image-preview:large","max-video-preview":"max-video-preview:-1"},"canonical":"https:\/\/ses-creative.com\/fr\/produit\/qui-suis-je-de-voyage-avec-autocollants\/","og_locale":"fr_FR","og_type":"article","og_title":"Qui suis-je ? De voyage avec autocollants - SES Creative","og_description":"Devinez qui je suis ? Pr\u00e9parez-vous \u00e0 l&rsquo;aventure avec les autocollants pour vitres Qui suis-je ? pour la route ! Ce jeu amusant est facile \u00e0 apprendre et tr\u00e8s divertissant pour petits et grands. Collez les autocollants sur la vitre, choisissez un personnage que vous souhaitez incarner et devinez qui est votre adversaire en posant [&hellip;]","og_url":"https:\/\/ses-creative.com\/fr\/produit\/qui-suis-je-de-voyage-avec-autocollants\/","og_site_name":"SES Creative","article_modified_time":"2026-02-12T10:22:34+00:00","twitter_card":"summary_large_image","twitter_misc":{"Dur\u00e9e de lecture estim\u00e9e":"2 minutes"},"schema":{"@context":"https:\/\/schema.org","@graph":[{"@type":"WebPage","@id":"https:\/\/ses-creative.com\/fr\/produit\/qui-suis-je-de-voyage-avec-autocollants\/","url":"https:\/\/ses-creative.com\/fr\/produit\/qui-suis-je-de-voyage-avec-autocollants\/","name":"Qui suis-je ? De voyage avec autocollants - SES Creative","isPartOf":{"@id":"https:\/\/ses-creative.com\/#website"},"primaryImageOfPage":{"@id":"https:\/\/ses-creative.com\/fr\/produit\/qui-suis-je-de-voyage-avec-autocollants\/#primaryimage"},"image":{"@id":"https:\/\/ses-creative.com\/fr\/produit\/qui-suis-je-de-voyage-avec-autocollants\/#primaryimage"},"thumbnailUrl":"https:\/\/ses-creative.com\/wp-content\/uploads\/2026\/01\/024061.jpg","datePublished":"2026-02-12T10:08:46+00:00","dateModified":"2026-02-12T10:22:34+00:00","breadcrumb":{"@id":"https:\/\/ses-creative.com\/fr\/produit\/qui-suis-je-de-voyage-avec-autocollants\/#breadcrumb"},"inLanguage":"fr-FR","potentialAction":[{"@type":"ReadAction","target":["https:\/\/ses-creative.com\/fr\/produit\/qui-suis-je-de-voyage-avec-autocollants\/"]}]},{"@type":"ImageObject","inLanguage":"fr-FR","@id":"https:\/\/ses-creative.com\/fr\/produit\/qui-suis-je-de-voyage-avec-autocollants\/#primaryimage","url":"https:\/\/ses-creative.com\/wp-content\/uploads\/2026\/01\/024061.jpg","contentUrl":"https:\/\/ses-creative.com\/wp-content\/uploads\/2026\/01\/024061.jpg","width":1000,"height":1000},{"@type":"BreadcrumbList","@id":"https:\/\/ses-creative.com\/fr\/produit\/qui-suis-je-de-voyage-avec-autocollants\/#breadcrumb","itemListElement":[{"@type":"ListItem","position":1,"name":"Boutique","item":"https:\/\/ses-creative.com\/fr\/boutique\/"},{"@type":"ListItem","position":2,"name":"Jeux d\u2019ext\u00e9rieur","item":"https:\/\/ses-creative.com\/fr\/product-categorie\/jeux-dexterieur\/"},{"@type":"ListItem","position":3,"name":"Qui suis-je ? De voyage avec autocollants"}]},{"@type":"WebSite","@id":"https:\/\/ses-creative.com\/#website","url":"https:\/\/ses-creative.com\/","name":"SES Creative","description":"","publisher":{"@id":"https:\/\/ses-creative.com\/#organization"},"potentialAction":[{"@type":"SearchAction","target":{"@type":"EntryPoint","urlTemplate":"https:\/\/ses-creative.com\/?s={search_term_string}"},"query-input":{"@type":"PropertyValueSpecification","valueRequired":true,"valueName":"search_term_string"}}],"inLanguage":"fr-FR"},{"@type":"Organization","@id":"https:\/\/ses-creative.com\/#organization","name":"SES Creative","url":"https:\/\/ses-creative.com\/","logo":{"@type":"ImageObject","inLanguage":"fr-FR","@id":"https:\/\/ses-creative.com\/#\/schema\/logo\/image\/","url":"https:\/\/ses-creative.com\/wp-content\/uploads\/2025\/10\/ses-creative-logo.jpg","contentUrl":"https:\/\/ses-creative.com\/wp-content\/uploads\/2025\/10\/ses-creative-logo.jpg","width":2037,"height":2037,"caption":"SES Creative"},"image":{"@id":"https:\/\/ses-creative.com\/#\/schema\/logo\/image\/"}}]}},"_links":{"self":[{"href":"https:\/\/ses-creative.com\/fr\/wp-json\/wp\/v2\/product\/118141","targetHints":{"allow":["GET"]}}],"collection":[{"href":"https:\/\/ses-creative.com\/fr\/wp-json\/wp\/v2\/product"}],"about":[{"href":"https:\/\/ses-creative.com\/fr\/wp-json\/wp\/v2\/types\/product"}],"replies":[{"embeddable":true,"href":"https:\/\/ses-creative.com\/fr\/wp-json\/wp\/v2\/comments?post=118141"}],"wp:featuredmedia":[{"embeddable":true,"href":"https:\/\/ses-creative.com\/fr\/wp-json\/wp\/v2\/media\/99628"}],"wp:attachment":[{"href":"https:\/\/ses-creative.com\/fr\/wp-json\/wp\/v2\/media?parent=118141"}],"wp:term":[{"taxonomy":"product_brand","embeddable":true,"href":"https:\/\/ses-creative.com\/fr\/wp-json\/wp\/v2\/product_brand?post=118141"},{"taxonomy":"product_cat","embeddable":true,"href":"https:\/\/ses-creative.com\/fr\/wp-json\/wp\/v2\/product_cat?post=118141"},{"taxonomy":"product_tag","embeddable":true,"href":"https:\/\/ses-creative.com\/fr\/wp-json\/wp\/v2\/product_tag?post=118141"}],"curies":[{"name":"wp","href":"https:\/\/api.w.org\/{rel}","templated":true}]}}