











{"id":118140,"date":"2026-02-12T10:08:46","date_gmt":"2026-02-12T10:08:46","guid":{"rendered":"https:\/\/ses-creative.com\/?post_type=product&#038;p=118140"},"modified":"2026-02-12T10:22:33","modified_gmt":"2026-02-12T10:22:33","slug":"splash-balles-deau-seau-de-70-pcs","status":"publish","type":"product","link":"https:\/\/ses-creative.com\/fr\/produit\/splash-balles-deau-seau-de-70-pcs\/","title":{"rendered":"Splash &#8211; balles d?eau (seau de 70 pcs)"},"content":{"rendered":"<p>Le plaisir aquatique ultime<br \/>\nPr\u00e9parez-vous \u00e0 vous amuser comme jamais avec nos balles Splash Water ! Ce seau contenant 70 balles r\u00e9utilisables est parfait pour des batailles d&rsquo;eau sans fin, sans les salissures et le gaspillage des ballons d&rsquo;eau traditionnels. \u00c9cologiques et tr\u00e8s faciles \u00e0 utiliser, ces balles Splash garantissent un plaisir \u00e9claboussant pour tout le monde. Remplissez le seau fourni avec de l&rsquo;eau, plongez les balles dedans et vous \u00eates pr\u00eat \u00e0 mouiller vos amis.<br \/>\nCe qui rend cet ensemble g\u00e9nial<br \/>\n&#8211;    Un plaisir infini avec ce seau rempli de balles splash<br \/>\n&#8211;    Alternative r\u00e9utilisable et durable<br \/>\n&#8211;    Fini les d\u00e9g\u00e2ts dans le jardin<br \/>\n&#8211;    Parfait pour les batailles d&rsquo;eau estivales<br \/>\n&#8211;    Beaucoup de balles splash et un seau pratique<br \/>\nPlongez dans un monde de plaisir en plein air<br \/>\nLes balles Splash Water Ball ne sont pas seulement amusantes, elles sont aussi un excellent moyen de rester actif et de profiter du grand air. Parfaites pour le jardin, la plage ou le parc, elles offrent un moyen fantastique de se rafra\u00eechir lors d&rsquo;une journ\u00e9e chaude. De plus, elles sont r\u00e9utilisables et constituent donc un choix plus durable pour s&rsquo;amuser dans l&rsquo;eau, en accord avec les valeurs \u00e9cologiques. Le seau sert \u00e9galement de source d&rsquo;eau pratique, ce qui permet de le remplir facilement et de prolonger le plaisir.<br \/>\nContenu du set<br \/>\n&#8211;    70 balles aquatiques Splash de diff\u00e9rentes couleurs<br \/>\n&#8211;    Seau pratique pour remplir et ranger<br \/>\nPourquoi choisir SES Creative ?<br \/>\nChez SES Creative, nous accordons une grande importance \u00e0 la s\u00e9curit\u00e9. C&rsquo;est pourquoi nos produits sont fabriqu\u00e9s et test\u00e9s dans notre usine aux Pays-Bas, conform\u00e9ment aux normes de s\u00e9curit\u00e9 europ\u00e9ennes les plus strictes. Les jouets SES Creative sont source de plaisir et permettent aux enfants d&rsquo;\u00eatre fiers de leur travail, ce qui stimule leur cr\u00e9ativit\u00e9 et leur d\u00e9veloppement.<br \/>\nPr\u00eat \u00e0 commencer ?<br \/>\nPrenez votre seau de balles Splash Water Balls et sortez pour vous amuser dans l&rsquo;eau de mani\u00e8re inoubliable. Il est temps de se mouiller, d&rsquo;\u00e9clabousser et de rire dans la bataille d&rsquo;eau ultime !<\/p>\n","protected":false},"excerpt":{"rendered":"<p>Le plaisir aquatique ultime Pr\u00e9parez-vous \u00e0 vous amuser comme jamais avec nos balles Splash Water ! Ce seau contenant 70 balles r\u00e9utilisables est parfait pour des batailles d&rsquo;eau sans fin, sans les salissures et le gaspillage des ballons d&rsquo;eau traditionnels. \u00c9cologiques et tr\u00e8s faciles \u00e0 utiliser, ces balles Splash garantissent un plaisir \u00e9claboussant pour tout [&hellip;]<\/p>\n","protected":false},"featured_media":99608,"comment_status":"closed","ping_status":"closed","template":"","meta":{"_acf_changed":false},"product_brand":[],"product_cat":[126],"product_tag":[],"class_list":{"0":"post-118140","1":"product","2":"type-product","3":"status-publish","4":"has-post-thumbnail","6":"product_cat-jeux-dexterieur","7":"pa_collecties-splash-water-balls","8":"pa_leeftijd-filter-3-4-ans","9":"pa_meest-populair-bij-garcons-filles","11":"first","12":"instock","13":"shipping-taxable","14":"product-type-simple"},"acf":[],"yoast_head":"<!-- This site is optimized with the Yoast SEO plugin v27.4 - https:\/\/yoast.com\/product\/yoast-seo-wordpress\/ -->\n<title>Splash - balles d?eau (seau de 70 pcs) - SES Creative<\/title>\n<meta name=\"robots\" content=\"index, follow, max-snippet:-1, max-image-preview:large, max-video-preview:-1\" \/>\n<link rel=\"canonical\" href=\"https:\/\/ses-creative.com\/fr\/produit\/splash-balles-deau-seau-de-70-pcs\/\" \/>\n<meta property=\"og:locale\" content=\"fr_FR\" \/>\n<meta property=\"og:type\" content=\"article\" \/>\n<meta property=\"og:title\" content=\"Splash - balles d?eau (seau de 70 pcs) - SES Creative\" \/>\n<meta property=\"og:description\" content=\"Le plaisir aquatique ultime Pr\u00e9parez-vous \u00e0 vous amuser comme jamais avec nos balles Splash Water ! Ce seau contenant 70 balles r\u00e9utilisables est parfait pour des batailles d&rsquo;eau sans fin, sans les salissures et le gaspillage des ballons d&rsquo;eau traditionnels. \u00c9cologiques et tr\u00e8s faciles \u00e0 utiliser, ces balles Splash garantissent un plaisir \u00e9claboussant pour tout [&hellip;]\" \/>\n<meta property=\"og:url\" content=\"https:\/\/ses-creative.com\/fr\/produit\/splash-balles-deau-seau-de-70-pcs\/\" \/>\n<meta property=\"og:site_name\" content=\"SES Creative\" \/>\n<meta property=\"article:modified_time\" content=\"2026-02-12T10:22:33+00:00\" \/>\n<meta name=\"twitter:card\" content=\"summary_large_image\" \/>\n<meta name=\"twitter:label1\" content=\"Dur\u00e9e de lecture estim\u00e9e\" \/>\n\t<meta name=\"twitter:data1\" content=\"2 minutes\" \/>\n<script type=\"application\/ld+json\" class=\"yoast-schema-graph\">{\"@context\":\"https:\\\/\\\/schema.org\",\"@graph\":[{\"@type\":\"WebPage\",\"@id\":\"https:\\\/\\\/ses-creative.com\\\/fr\\\/produit\\\/splash-balles-deau-seau-de-70-pcs\\\/\",\"url\":\"https:\\\/\\\/ses-creative.com\\\/fr\\\/produit\\\/splash-balles-deau-seau-de-70-pcs\\\/\",\"name\":\"Splash - balles d?eau (seau de 70 pcs) - SES Creative\",\"isPartOf\":{\"@id\":\"https:\\\/\\\/ses-creative.com\\\/#website\"},\"primaryImageOfPage\":{\"@id\":\"https:\\\/\\\/ses-creative.com\\\/fr\\\/produit\\\/splash-balles-deau-seau-de-70-pcs\\\/#primaryimage\"},\"image\":{\"@id\":\"https:\\\/\\\/ses-creative.com\\\/fr\\\/produit\\\/splash-balles-deau-seau-de-70-pcs\\\/#primaryimage\"},\"thumbnailUrl\":\"https:\\\/\\\/ses-creative.com\\\/wp-content\\\/uploads\\\/2026\\\/01\\\/024051.jpg\",\"datePublished\":\"2026-02-12T10:08:46+00:00\",\"dateModified\":\"2026-02-12T10:22:33+00:00\",\"breadcrumb\":{\"@id\":\"https:\\\/\\\/ses-creative.com\\\/fr\\\/produit\\\/splash-balles-deau-seau-de-70-pcs\\\/#breadcrumb\"},\"inLanguage\":\"fr-FR\",\"potentialAction\":[{\"@type\":\"ReadAction\",\"target\":[\"https:\\\/\\\/ses-creative.com\\\/fr\\\/produit\\\/splash-balles-deau-seau-de-70-pcs\\\/\"]}]},{\"@type\":\"ImageObject\",\"inLanguage\":\"fr-FR\",\"@id\":\"https:\\\/\\\/ses-creative.com\\\/fr\\\/produit\\\/splash-balles-deau-seau-de-70-pcs\\\/#primaryimage\",\"url\":\"https:\\\/\\\/ses-creative.com\\\/wp-content\\\/uploads\\\/2026\\\/01\\\/024051.jpg\",\"contentUrl\":\"https:\\\/\\\/ses-creative.com\\\/wp-content\\\/uploads\\\/2026\\\/01\\\/024051.jpg\",\"width\":1000,\"height\":1000},{\"@type\":\"BreadcrumbList\",\"@id\":\"https:\\\/\\\/ses-creative.com\\\/fr\\\/produit\\\/splash-balles-deau-seau-de-70-pcs\\\/#breadcrumb\",\"itemListElement\":[{\"@type\":\"ListItem\",\"position\":1,\"name\":\"Boutique\",\"item\":\"https:\\\/\\\/ses-creative.com\\\/fr\\\/boutique\\\/\"},{\"@type\":\"ListItem\",\"position\":2,\"name\":\"Jeux d\u2019ext\u00e9rieur\",\"item\":\"https:\\\/\\\/ses-creative.com\\\/fr\\\/product-categorie\\\/jeux-dexterieur\\\/\"},{\"@type\":\"ListItem\",\"position\":3,\"name\":\"Splash &#8211; balles d?eau (seau de 70 pcs)\"}]},{\"@type\":\"WebSite\",\"@id\":\"https:\\\/\\\/ses-creative.com\\\/#website\",\"url\":\"https:\\\/\\\/ses-creative.com\\\/\",\"name\":\"SES Creative\",\"description\":\"\",\"publisher\":{\"@id\":\"https:\\\/\\\/ses-creative.com\\\/#organization\"},\"potentialAction\":[{\"@type\":\"SearchAction\",\"target\":{\"@type\":\"EntryPoint\",\"urlTemplate\":\"https:\\\/\\\/ses-creative.com\\\/?s={search_term_string}\"},\"query-input\":{\"@type\":\"PropertyValueSpecification\",\"valueRequired\":true,\"valueName\":\"search_term_string\"}}],\"inLanguage\":\"fr-FR\"},{\"@type\":\"Organization\",\"@id\":\"https:\\\/\\\/ses-creative.com\\\/#organization\",\"name\":\"SES Creative\",\"url\":\"https:\\\/\\\/ses-creative.com\\\/\",\"logo\":{\"@type\":\"ImageObject\",\"inLanguage\":\"fr-FR\",\"@id\":\"https:\\\/\\\/ses-creative.com\\\/#\\\/schema\\\/logo\\\/image\\\/\",\"url\":\"https:\\\/\\\/ses-creative.com\\\/wp-content\\\/uploads\\\/2025\\\/10\\\/ses-creative-logo.jpg\",\"contentUrl\":\"https:\\\/\\\/ses-creative.com\\\/wp-content\\\/uploads\\\/2025\\\/10\\\/ses-creative-logo.jpg\",\"width\":2037,\"height\":2037,\"caption\":\"SES Creative\"},\"image\":{\"@id\":\"https:\\\/\\\/ses-creative.com\\\/#\\\/schema\\\/logo\\\/image\\\/\"}}]}<\/script>\n<!-- \/ Yoast SEO plugin. -->","yoast_head_json":{"title":"Splash - balles d?eau (seau de 70 pcs) - SES Creative","robots":{"index":"index","follow":"follow","max-snippet":"max-snippet:-1","max-image-preview":"max-image-preview:large","max-video-preview":"max-video-preview:-1"},"canonical":"https:\/\/ses-creative.com\/fr\/produit\/splash-balles-deau-seau-de-70-pcs\/","og_locale":"fr_FR","og_type":"article","og_title":"Splash - balles d?eau (seau de 70 pcs) - SES Creative","og_description":"Le plaisir aquatique ultime Pr\u00e9parez-vous \u00e0 vous amuser comme jamais avec nos balles Splash Water ! Ce seau contenant 70 balles r\u00e9utilisables est parfait pour des batailles d&rsquo;eau sans fin, sans les salissures et le gaspillage des ballons d&rsquo;eau traditionnels. \u00c9cologiques et tr\u00e8s faciles \u00e0 utiliser, ces balles Splash garantissent un plaisir \u00e9claboussant pour tout [&hellip;]","og_url":"https:\/\/ses-creative.com\/fr\/produit\/splash-balles-deau-seau-de-70-pcs\/","og_site_name":"SES Creative","article_modified_time":"2026-02-12T10:22:33+00:00","twitter_card":"summary_large_image","twitter_misc":{"Dur\u00e9e de lecture estim\u00e9e":"2 minutes"},"schema":{"@context":"https:\/\/schema.org","@graph":[{"@type":"WebPage","@id":"https:\/\/ses-creative.com\/fr\/produit\/splash-balles-deau-seau-de-70-pcs\/","url":"https:\/\/ses-creative.com\/fr\/produit\/splash-balles-deau-seau-de-70-pcs\/","name":"Splash - balles d?eau (seau de 70 pcs) - SES Creative","isPartOf":{"@id":"https:\/\/ses-creative.com\/#website"},"primaryImageOfPage":{"@id":"https:\/\/ses-creative.com\/fr\/produit\/splash-balles-deau-seau-de-70-pcs\/#primaryimage"},"image":{"@id":"https:\/\/ses-creative.com\/fr\/produit\/splash-balles-deau-seau-de-70-pcs\/#primaryimage"},"thumbnailUrl":"https:\/\/ses-creative.com\/wp-content\/uploads\/2026\/01\/024051.jpg","datePublished":"2026-02-12T10:08:46+00:00","dateModified":"2026-02-12T10:22:33+00:00","breadcrumb":{"@id":"https:\/\/ses-creative.com\/fr\/produit\/splash-balles-deau-seau-de-70-pcs\/#breadcrumb"},"inLanguage":"fr-FR","potentialAction":[{"@type":"ReadAction","target":["https:\/\/ses-creative.com\/fr\/produit\/splash-balles-deau-seau-de-70-pcs\/"]}]},{"@type":"ImageObject","inLanguage":"fr-FR","@id":"https:\/\/ses-creative.com\/fr\/produit\/splash-balles-deau-seau-de-70-pcs\/#primaryimage","url":"https:\/\/ses-creative.com\/wp-content\/uploads\/2026\/01\/024051.jpg","contentUrl":"https:\/\/ses-creative.com\/wp-content\/uploads\/2026\/01\/024051.jpg","width":1000,"height":1000},{"@type":"BreadcrumbList","@id":"https:\/\/ses-creative.com\/fr\/produit\/splash-balles-deau-seau-de-70-pcs\/#breadcrumb","itemListElement":[{"@type":"ListItem","position":1,"name":"Boutique","item":"https:\/\/ses-creative.com\/fr\/boutique\/"},{"@type":"ListItem","position":2,"name":"Jeux d\u2019ext\u00e9rieur","item":"https:\/\/ses-creative.com\/fr\/product-categorie\/jeux-dexterieur\/"},{"@type":"ListItem","position":3,"name":"Splash &#8211; balles d?eau (seau de 70 pcs)"}]},{"@type":"WebSite","@id":"https:\/\/ses-creative.com\/#website","url":"https:\/\/ses-creative.com\/","name":"SES Creative","description":"","publisher":{"@id":"https:\/\/ses-creative.com\/#organization"},"potentialAction":[{"@type":"SearchAction","target":{"@type":"EntryPoint","urlTemplate":"https:\/\/ses-creative.com\/?s={search_term_string}"},"query-input":{"@type":"PropertyValueSpecification","valueRequired":true,"valueName":"search_term_string"}}],"inLanguage":"fr-FR"},{"@type":"Organization","@id":"https:\/\/ses-creative.com\/#organization","name":"SES Creative","url":"https:\/\/ses-creative.com\/","logo":{"@type":"ImageObject","inLanguage":"fr-FR","@id":"https:\/\/ses-creative.com\/#\/schema\/logo\/image\/","url":"https:\/\/ses-creative.com\/wp-content\/uploads\/2025\/10\/ses-creative-logo.jpg","contentUrl":"https:\/\/ses-creative.com\/wp-content\/uploads\/2025\/10\/ses-creative-logo.jpg","width":2037,"height":2037,"caption":"SES Creative"},"image":{"@id":"https:\/\/ses-creative.com\/#\/schema\/logo\/image\/"}}]}},"_links":{"self":[{"href":"https:\/\/ses-creative.com\/fr\/wp-json\/wp\/v2\/product\/118140","targetHints":{"allow":["GET"]}}],"collection":[{"href":"https:\/\/ses-creative.com\/fr\/wp-json\/wp\/v2\/product"}],"about":[{"href":"https:\/\/ses-creative.com\/fr\/wp-json\/wp\/v2\/types\/product"}],"replies":[{"embeddable":true,"href":"https:\/\/ses-creative.com\/fr\/wp-json\/wp\/v2\/comments?post=118140"}],"wp:featuredmedia":[{"embeddable":true,"href":"https:\/\/ses-creative.com\/fr\/wp-json\/wp\/v2\/media\/99608"}],"wp:attachment":[{"href":"https:\/\/ses-creative.com\/fr\/wp-json\/wp\/v2\/media?parent=118140"}],"wp:term":[{"taxonomy":"product_brand","embeddable":true,"href":"https:\/\/ses-creative.com\/fr\/wp-json\/wp\/v2\/product_brand?post=118140"},{"taxonomy":"product_cat","embeddable":true,"href":"https:\/\/ses-creative.com\/fr\/wp-json\/wp\/v2\/product_cat?post=118140"},{"taxonomy":"product_tag","embeddable":true,"href":"https:\/\/ses-creative.com\/fr\/wp-json\/wp\/v2\/product_tag?post=118140"}],"curies":[{"name":"wp","href":"https:\/\/api.w.org\/{rel}","templated":true}]}}