











{"id":118138,"date":"2026-02-12T10:08:46","date_gmt":"2026-02-12T10:08:46","guid":{"rendered":"https:\/\/ses-creative.com\/?post_type=product&#038;p=118138"},"modified":"2026-02-12T10:22:33","modified_gmt":"2026-02-12T10:22:33","slug":"sac-de-voyage-et-5-activites","status":"publish","type":"product","link":"https:\/\/ses-creative.com\/fr\/produit\/sac-de-voyage-et-5-activites\/","title":{"rendered":"Sac de voyage et 5 activit\u00e9s"},"content":{"rendered":"<p>D\u00e9couvrez un monde plein de cr\u00e9ativit\u00e9 et de plaisir avec le sac d&rsquo;activit\u00e9s !<br \/>\nCe magnifique sac de voyage 5 en 1 offre des heures de divertissement, id\u00e9al pour les d\u00e9placements. Vous pouvez colorier et d\u00e9corer le sac vous-m\u00eame et l&rsquo;utiliser pour ranger tout votre mat\u00e9riel de bricolage. Vous pouvez \u00e9galement cr\u00e9er vos propres bijoux et de magnifiques cartes. Les activit\u00e9s vous aident \u00e0 d\u00e9velopper votre cr\u00e9ativit\u00e9, tout en am\u00e9liorant votre motricit\u00e9 fine et votre coordination \u0153il-main. De plus, vous pouvez ranger toutes vos belles cr\u00e9ations dans le sac et les emporter partout avec vous.<br \/>\nCe qui rend ce set g\u00e9nial<br \/>\n&#8211;    5 activit\u00e9s en 1. Coloriage, autocollants, peinture au diamant, cr\u00e9ation de bracelets, d\u00e9coration de sac<br \/>\n&#8211;    Le sac \u00e0 dos est tr\u00e8s pratique pour transporter toutes les activit\u00e9s, id\u00e9al pour les vacances<br \/>\n&#8211;    Parfait pour les d\u00e9placements, mais aussi amusant pour jouer \u00e0 la maison<br \/>\n&#8211;    Th\u00e8me rose, licorne, princesses<br \/>\n&#8211;    Jouets cr\u00e9atifs<br \/>\nDu divertissement cr\u00e9atif o\u00f9 que vous alliez !<br \/>\nLe sac \u00e0 dos rose est le compagnon id\u00e9al des jeunes aventuriers. Ce n&rsquo;est pas un simple sac, mais un coffre au tr\u00e9sor rempli d&rsquo;activit\u00e9s tendance. Parfait pour emporter en vacances, chez papy et mamie ou simplement pour un apr\u00e8s-midi pluvieux \u00e0 la maison.<br \/>\nLe set contient tout ce dont vous avez besoin pour cinq activit\u00e9s diff\u00e9rentes. Vous recevez un sac \u00e0 colorier, une feuille d&rsquo;autocollants, des diamants autocollants, 8 crayons courts dans un sachet, une feuille d&rsquo;autocollants pour bracelets \u00e0 breloques, trois bracelets \u00e0 breloques, quatre cartes postales et trois cartes de peinture au diamant. Avec autant de projets diff\u00e9rents au choix, vous ne vous ennuierez jamais !<br \/>\nContenu du kit<br \/>\n&#8211;    Crayons<br \/>\n&#8211;    Bracelets et breloques<br \/>\n&#8211;    Cartes postales<br \/>\n&#8211;    Feuilles d&rsquo;autocollants<br \/>\n&#8211;    Cartes de peinture diamant avec diamants<br \/>\nPourquoi choisir SES Creative ?<br \/>\nChez SES Creative, nous accordons une grande importance \u00e0 la s\u00e9curit\u00e9. C&rsquo;est pourquoi nos produits sont fabriqu\u00e9s et test\u00e9s dans notre usine aux Pays-Bas, conform\u00e9ment aux normes de s\u00e9curit\u00e9 europ\u00e9ennes les plus strictes. Les jouets SES Creative sont source de plaisir et permettent aux enfants d&rsquo;\u00eatre fiers de leur travail, ce qui stimule leur cr\u00e9ativit\u00e9 et leur d\u00e9veloppement.<br \/>\nPrenez votre sac \u00e0 dos d&rsquo;activit\u00e9s et lancez-vous dans l&rsquo;aventure du bricolage !<br \/>\nColorer, coller, d\u00e9corer et cr\u00e9er : les possibilit\u00e9s sont infinies. Emportez votre sac avec vous en voyage et profitez de nombreuses heures de plaisir. D\u00e9couvrez la magie du bricolage et toutes les choses amusantes que vous pouvez r\u00e9aliser avec ce kit polyvalent. Commencez votre voyage cr\u00e9atif d\u00e8s aujourd&rsquo;hui !<\/p>\n","protected":false},"excerpt":{"rendered":"<p>D\u00e9couvrez un monde plein de cr\u00e9ativit\u00e9 et de plaisir avec le sac d&rsquo;activit\u00e9s ! Ce magnifique sac de voyage 5 en 1 offre des heures de divertissement, id\u00e9al pour les d\u00e9placements. Vous pouvez colorier et d\u00e9corer le sac vous-m\u00eame et l&rsquo;utiliser pour ranger tout votre mat\u00e9riel de bricolage. Vous pouvez \u00e9galement cr\u00e9er vos propres bijoux [&hellip;]<\/p>\n","protected":false},"featured_media":99568,"comment_status":"closed","ping_status":"closed","template":"","meta":{"_acf_changed":false},"product_brand":[],"product_cat":[126],"product_tag":[],"class_list":{"0":"post-118138","1":"product","2":"type-product","3":"status-publish","4":"has-post-thumbnail","6":"product_cat-jeux-dexterieur","7":"pa_leeftijd-filter-3-4-ans","8":"pa_meest-populair-bij-garcons-filles","10":"first","11":"instock","12":"shipping-taxable","13":"product-type-simple"},"acf":[],"yoast_head":"<!-- This site is optimized with the Yoast SEO plugin v27.4 - https:\/\/yoast.com\/product\/yoast-seo-wordpress\/ -->\n<title>Sac de voyage et 5 activit\u00e9s - SES Creative<\/title>\n<meta name=\"robots\" content=\"index, follow, max-snippet:-1, max-image-preview:large, max-video-preview:-1\" \/>\n<link rel=\"canonical\" href=\"https:\/\/ses-creative.com\/fr\/produit\/sac-de-voyage-et-5-activites\/\" \/>\n<meta property=\"og:locale\" content=\"fr_FR\" \/>\n<meta property=\"og:type\" content=\"article\" \/>\n<meta property=\"og:title\" content=\"Sac de voyage et 5 activit\u00e9s - SES Creative\" \/>\n<meta property=\"og:description\" content=\"D\u00e9couvrez un monde plein de cr\u00e9ativit\u00e9 et de plaisir avec le sac d&rsquo;activit\u00e9s ! Ce magnifique sac de voyage 5 en 1 offre des heures de divertissement, id\u00e9al pour les d\u00e9placements. Vous pouvez colorier et d\u00e9corer le sac vous-m\u00eame et l&rsquo;utiliser pour ranger tout votre mat\u00e9riel de bricolage. Vous pouvez \u00e9galement cr\u00e9er vos propres bijoux [&hellip;]\" \/>\n<meta property=\"og:url\" content=\"https:\/\/ses-creative.com\/fr\/produit\/sac-de-voyage-et-5-activites\/\" \/>\n<meta property=\"og:site_name\" content=\"SES Creative\" \/>\n<meta property=\"article:modified_time\" content=\"2026-02-12T10:22:33+00:00\" \/>\n<meta name=\"twitter:card\" content=\"summary_large_image\" \/>\n<meta name=\"twitter:label1\" content=\"Dur\u00e9e de lecture estim\u00e9e\" \/>\n\t<meta name=\"twitter:data1\" content=\"2 minutes\" \/>\n<script type=\"application\/ld+json\" class=\"yoast-schema-graph\">{\"@context\":\"https:\\\/\\\/schema.org\",\"@graph\":[{\"@type\":\"WebPage\",\"@id\":\"https:\\\/\\\/ses-creative.com\\\/fr\\\/produit\\\/sac-de-voyage-et-5-activites\\\/\",\"url\":\"https:\\\/\\\/ses-creative.com\\\/fr\\\/produit\\\/sac-de-voyage-et-5-activites\\\/\",\"name\":\"Sac de voyage et 5 activit\u00e9s - SES Creative\",\"isPartOf\":{\"@id\":\"https:\\\/\\\/ses-creative.com\\\/#website\"},\"primaryImageOfPage\":{\"@id\":\"https:\\\/\\\/ses-creative.com\\\/fr\\\/produit\\\/sac-de-voyage-et-5-activites\\\/#primaryimage\"},\"image\":{\"@id\":\"https:\\\/\\\/ses-creative.com\\\/fr\\\/produit\\\/sac-de-voyage-et-5-activites\\\/#primaryimage\"},\"thumbnailUrl\":\"https:\\\/\\\/ses-creative.com\\\/wp-content\\\/uploads\\\/2026\\\/01\\\/024011.jpg\",\"datePublished\":\"2026-02-12T10:08:46+00:00\",\"dateModified\":\"2026-02-12T10:22:33+00:00\",\"breadcrumb\":{\"@id\":\"https:\\\/\\\/ses-creative.com\\\/fr\\\/produit\\\/sac-de-voyage-et-5-activites\\\/#breadcrumb\"},\"inLanguage\":\"fr-FR\",\"potentialAction\":[{\"@type\":\"ReadAction\",\"target\":[\"https:\\\/\\\/ses-creative.com\\\/fr\\\/produit\\\/sac-de-voyage-et-5-activites\\\/\"]}]},{\"@type\":\"ImageObject\",\"inLanguage\":\"fr-FR\",\"@id\":\"https:\\\/\\\/ses-creative.com\\\/fr\\\/produit\\\/sac-de-voyage-et-5-activites\\\/#primaryimage\",\"url\":\"https:\\\/\\\/ses-creative.com\\\/wp-content\\\/uploads\\\/2026\\\/01\\\/024011.jpg\",\"contentUrl\":\"https:\\\/\\\/ses-creative.com\\\/wp-content\\\/uploads\\\/2026\\\/01\\\/024011.jpg\",\"width\":1000,\"height\":1000},{\"@type\":\"BreadcrumbList\",\"@id\":\"https:\\\/\\\/ses-creative.com\\\/fr\\\/produit\\\/sac-de-voyage-et-5-activites\\\/#breadcrumb\",\"itemListElement\":[{\"@type\":\"ListItem\",\"position\":1,\"name\":\"Boutique\",\"item\":\"https:\\\/\\\/ses-creative.com\\\/fr\\\/boutique\\\/\"},{\"@type\":\"ListItem\",\"position\":2,\"name\":\"Jeux d\u2019ext\u00e9rieur\",\"item\":\"https:\\\/\\\/ses-creative.com\\\/fr\\\/product-categorie\\\/jeux-dexterieur\\\/\"},{\"@type\":\"ListItem\",\"position\":3,\"name\":\"Sac de voyage et 5 activit\u00e9s\"}]},{\"@type\":\"WebSite\",\"@id\":\"https:\\\/\\\/ses-creative.com\\\/#website\",\"url\":\"https:\\\/\\\/ses-creative.com\\\/\",\"name\":\"SES Creative\",\"description\":\"\",\"publisher\":{\"@id\":\"https:\\\/\\\/ses-creative.com\\\/#organization\"},\"potentialAction\":[{\"@type\":\"SearchAction\",\"target\":{\"@type\":\"EntryPoint\",\"urlTemplate\":\"https:\\\/\\\/ses-creative.com\\\/?s={search_term_string}\"},\"query-input\":{\"@type\":\"PropertyValueSpecification\",\"valueRequired\":true,\"valueName\":\"search_term_string\"}}],\"inLanguage\":\"fr-FR\"},{\"@type\":\"Organization\",\"@id\":\"https:\\\/\\\/ses-creative.com\\\/#organization\",\"name\":\"SES Creative\",\"url\":\"https:\\\/\\\/ses-creative.com\\\/\",\"logo\":{\"@type\":\"ImageObject\",\"inLanguage\":\"fr-FR\",\"@id\":\"https:\\\/\\\/ses-creative.com\\\/#\\\/schema\\\/logo\\\/image\\\/\",\"url\":\"https:\\\/\\\/ses-creative.com\\\/wp-content\\\/uploads\\\/2025\\\/10\\\/ses-creative-logo.jpg\",\"contentUrl\":\"https:\\\/\\\/ses-creative.com\\\/wp-content\\\/uploads\\\/2025\\\/10\\\/ses-creative-logo.jpg\",\"width\":2037,\"height\":2037,\"caption\":\"SES Creative\"},\"image\":{\"@id\":\"https:\\\/\\\/ses-creative.com\\\/#\\\/schema\\\/logo\\\/image\\\/\"}}]}<\/script>\n<!-- \/ Yoast SEO plugin. -->","yoast_head_json":{"title":"Sac de voyage et 5 activit\u00e9s - SES Creative","robots":{"index":"index","follow":"follow","max-snippet":"max-snippet:-1","max-image-preview":"max-image-preview:large","max-video-preview":"max-video-preview:-1"},"canonical":"https:\/\/ses-creative.com\/fr\/produit\/sac-de-voyage-et-5-activites\/","og_locale":"fr_FR","og_type":"article","og_title":"Sac de voyage et 5 activit\u00e9s - SES Creative","og_description":"D\u00e9couvrez un monde plein de cr\u00e9ativit\u00e9 et de plaisir avec le sac d&rsquo;activit\u00e9s ! Ce magnifique sac de voyage 5 en 1 offre des heures de divertissement, id\u00e9al pour les d\u00e9placements. Vous pouvez colorier et d\u00e9corer le sac vous-m\u00eame et l&rsquo;utiliser pour ranger tout votre mat\u00e9riel de bricolage. Vous pouvez \u00e9galement cr\u00e9er vos propres bijoux [&hellip;]","og_url":"https:\/\/ses-creative.com\/fr\/produit\/sac-de-voyage-et-5-activites\/","og_site_name":"SES Creative","article_modified_time":"2026-02-12T10:22:33+00:00","twitter_card":"summary_large_image","twitter_misc":{"Dur\u00e9e de lecture estim\u00e9e":"2 minutes"},"schema":{"@context":"https:\/\/schema.org","@graph":[{"@type":"WebPage","@id":"https:\/\/ses-creative.com\/fr\/produit\/sac-de-voyage-et-5-activites\/","url":"https:\/\/ses-creative.com\/fr\/produit\/sac-de-voyage-et-5-activites\/","name":"Sac de voyage et 5 activit\u00e9s - SES Creative","isPartOf":{"@id":"https:\/\/ses-creative.com\/#website"},"primaryImageOfPage":{"@id":"https:\/\/ses-creative.com\/fr\/produit\/sac-de-voyage-et-5-activites\/#primaryimage"},"image":{"@id":"https:\/\/ses-creative.com\/fr\/produit\/sac-de-voyage-et-5-activites\/#primaryimage"},"thumbnailUrl":"https:\/\/ses-creative.com\/wp-content\/uploads\/2026\/01\/024011.jpg","datePublished":"2026-02-12T10:08:46+00:00","dateModified":"2026-02-12T10:22:33+00:00","breadcrumb":{"@id":"https:\/\/ses-creative.com\/fr\/produit\/sac-de-voyage-et-5-activites\/#breadcrumb"},"inLanguage":"fr-FR","potentialAction":[{"@type":"ReadAction","target":["https:\/\/ses-creative.com\/fr\/produit\/sac-de-voyage-et-5-activites\/"]}]},{"@type":"ImageObject","inLanguage":"fr-FR","@id":"https:\/\/ses-creative.com\/fr\/produit\/sac-de-voyage-et-5-activites\/#primaryimage","url":"https:\/\/ses-creative.com\/wp-content\/uploads\/2026\/01\/024011.jpg","contentUrl":"https:\/\/ses-creative.com\/wp-content\/uploads\/2026\/01\/024011.jpg","width":1000,"height":1000},{"@type":"BreadcrumbList","@id":"https:\/\/ses-creative.com\/fr\/produit\/sac-de-voyage-et-5-activites\/#breadcrumb","itemListElement":[{"@type":"ListItem","position":1,"name":"Boutique","item":"https:\/\/ses-creative.com\/fr\/boutique\/"},{"@type":"ListItem","position":2,"name":"Jeux d\u2019ext\u00e9rieur","item":"https:\/\/ses-creative.com\/fr\/product-categorie\/jeux-dexterieur\/"},{"@type":"ListItem","position":3,"name":"Sac de voyage et 5 activit\u00e9s"}]},{"@type":"WebSite","@id":"https:\/\/ses-creative.com\/#website","url":"https:\/\/ses-creative.com\/","name":"SES Creative","description":"","publisher":{"@id":"https:\/\/ses-creative.com\/#organization"},"potentialAction":[{"@type":"SearchAction","target":{"@type":"EntryPoint","urlTemplate":"https:\/\/ses-creative.com\/?s={search_term_string}"},"query-input":{"@type":"PropertyValueSpecification","valueRequired":true,"valueName":"search_term_string"}}],"inLanguage":"fr-FR"},{"@type":"Organization","@id":"https:\/\/ses-creative.com\/#organization","name":"SES Creative","url":"https:\/\/ses-creative.com\/","logo":{"@type":"ImageObject","inLanguage":"fr-FR","@id":"https:\/\/ses-creative.com\/#\/schema\/logo\/image\/","url":"https:\/\/ses-creative.com\/wp-content\/uploads\/2025\/10\/ses-creative-logo.jpg","contentUrl":"https:\/\/ses-creative.com\/wp-content\/uploads\/2025\/10\/ses-creative-logo.jpg","width":2037,"height":2037,"caption":"SES Creative"},"image":{"@id":"https:\/\/ses-creative.com\/#\/schema\/logo\/image\/"}}]}},"_links":{"self":[{"href":"https:\/\/ses-creative.com\/fr\/wp-json\/wp\/v2\/product\/118138","targetHints":{"allow":["GET"]}}],"collection":[{"href":"https:\/\/ses-creative.com\/fr\/wp-json\/wp\/v2\/product"}],"about":[{"href":"https:\/\/ses-creative.com\/fr\/wp-json\/wp\/v2\/types\/product"}],"replies":[{"embeddable":true,"href":"https:\/\/ses-creative.com\/fr\/wp-json\/wp\/v2\/comments?post=118138"}],"wp:featuredmedia":[{"embeddable":true,"href":"https:\/\/ses-creative.com\/fr\/wp-json\/wp\/v2\/media\/99568"}],"wp:attachment":[{"href":"https:\/\/ses-creative.com\/fr\/wp-json\/wp\/v2\/media?parent=118138"}],"wp:term":[{"taxonomy":"product_brand","embeddable":true,"href":"https:\/\/ses-creative.com\/fr\/wp-json\/wp\/v2\/product_brand?post=118138"},{"taxonomy":"product_cat","embeddable":true,"href":"https:\/\/ses-creative.com\/fr\/wp-json\/wp\/v2\/product_cat?post=118138"},{"taxonomy":"product_tag","embeddable":true,"href":"https:\/\/ses-creative.com\/fr\/wp-json\/wp\/v2\/product_tag?post=118138"}],"curies":[{"name":"wp","href":"https:\/\/api.w.org\/{rel}","templated":true}]}}