











{"id":118137,"date":"2026-02-12T10:08:46","date_gmt":"2026-02-12T10:08:46","guid":{"rendered":"https:\/\/ses-creative.com\/?post_type=product&#038;p=118137"},"modified":"2026-02-12T10:22:33","modified_gmt":"2026-02-12T10:22:33","slug":"splash-bombs-ballons-deau-84-pcs","status":"publish","type":"product","link":"https:\/\/ses-creative.com\/fr\/produit\/splash-bombs-ballons-deau-84-pcs\/","title":{"rendered":"Splash Bombs &#8211; Ballons d&rsquo;eau 84 pcs"},"content":{"rendered":"<p>Une bataille d&rsquo;eau encore plus facile et rapide !<br \/>\nAvec les bombes Splash SES Creative, amusez-vous dans l&rsquo;eau sans effort. Les ballons d&rsquo;eau se remplissent facilement et rapidement, par 12. Gr\u00e2ce \u00e0 leur fermeture automatique, plus besoin de faire de n\u0153uds et ils sont faciles \u00e0 retirer. Les bombes Splash sont agr\u00e9ables \u00e0 tenir et faciles \u00e0 casser, pour un grand splash et beaucoup de plaisir aquatique !<br \/>\nLes atouts de ce coffret :<br \/>\n&#8211; Remplissage facile et rapide de 12 ballons d&rsquo;eau \u00e0 la fois.<br \/>\n&#8211; Fermeture automatique, plus besoin de faire de n\u0153uds.<br \/>\n&#8211; Nettoyage facile, sans petits morceaux et une couleur \u00e9clatante.<br \/>\n&#8211; Ballons fabriqu\u00e9s en mat\u00e9riau biod\u00e9gradable (ISO 15985:2014), une alternative durable aux ballons d&rsquo;eau.<br \/>\n&#8211; Beaucoup de plaisir aquatique gr\u00e2ce aux grandes \u00e9claboussures.<br \/>\nPourquoi ce kit est parfait pour vous ?<br \/>\n&#8211; Avec les bombes Splash SES Creative, vous pouvez remplir 12 ballons d&rsquo;eau biod\u00e9gradables \u00e0 fermeture automatique. Elles n&rsquo;\u00e9clatent pas et leur couleur vive les rend faciles \u00e0 nettoyer. Il reste encore quelque chose ? Pas de souci ! Les bombes \u00e0 eau sont fabriqu\u00e9es en mat\u00e9riau biod\u00e9gradable.<br \/>\nContenu du coffret<br \/>\n&#8211; 84 ballons d&rsquo;eau orange biod\u00e9gradables (ISO 15985:2014)<br \/>\nPourquoi choisir SES Creative ?<br \/>\nChez SES Creative, la s\u00e9curit\u00e9 est primordiale. C&rsquo;est pourquoi les produits sont fabriqu\u00e9s et test\u00e9s dans notre usine aux Pays-Bas, conform\u00e9ment aux normes de s\u00e9curit\u00e9 europ\u00e9ennes les plus strictes. Les jouets SES Creative sont amusants et visent \u00e0 rendre les enfants fiers de leur travail, ce qui stimule la cr\u00e9ativit\u00e9 et le d\u00e9veloppement.<br \/>\nLancez-vous dans l&rsquo;aventure aquatique d\u00e8s maintenant !<br \/>\nPr\u00eat pour la bataille ? Avec les bombes \u00e0 eau SES Creative, les jeux aquatiques commencent en un rien de temps !<\/p>\n","protected":false},"excerpt":{"rendered":"<p>Une bataille d&rsquo;eau encore plus facile et rapide ! Avec les bombes Splash SES Creative, amusez-vous dans l&rsquo;eau sans effort. Les ballons d&rsquo;eau se remplissent facilement et rapidement, par 12. Gr\u00e2ce \u00e0 leur fermeture automatique, plus besoin de faire de n\u0153uds et ils sont faciles \u00e0 retirer. Les bombes Splash sont agr\u00e9ables \u00e0 tenir et [&hellip;]<\/p>\n","protected":false},"featured_media":99548,"comment_status":"closed","ping_status":"closed","template":"","meta":{"_acf_changed":false},"product_brand":[],"product_cat":[126],"product_tag":[],"class_list":{"0":"post-118137","1":"product","2":"type-product","3":"status-publish","4":"has-post-thumbnail","6":"product_cat-jeux-dexterieur","7":"pa_leeftijd-filter-4-6-ans","8":"pa_meest-populair-bij-garcons-filles","10":"first","11":"instock","12":"shipping-taxable","13":"product-type-simple"},"acf":[],"yoast_head":"<!-- This site is optimized with the Yoast SEO plugin v27.4 - https:\/\/yoast.com\/product\/yoast-seo-wordpress\/ -->\n<title>Splash Bombs - Ballons d&#039;eau 84 pcs - SES Creative<\/title>\n<meta name=\"robots\" content=\"index, follow, max-snippet:-1, max-image-preview:large, max-video-preview:-1\" \/>\n<link rel=\"canonical\" href=\"https:\/\/ses-creative.com\/fr\/produit\/splash-bombs-ballons-deau-84-pcs\/\" \/>\n<meta property=\"og:locale\" content=\"fr_FR\" \/>\n<meta property=\"og:type\" content=\"article\" \/>\n<meta property=\"og:title\" content=\"Splash Bombs - Ballons d&#039;eau 84 pcs - SES Creative\" \/>\n<meta property=\"og:description\" content=\"Une bataille d&rsquo;eau encore plus facile et rapide ! Avec les bombes Splash SES Creative, amusez-vous dans l&rsquo;eau sans effort. Les ballons d&rsquo;eau se remplissent facilement et rapidement, par 12. Gr\u00e2ce \u00e0 leur fermeture automatique, plus besoin de faire de n\u0153uds et ils sont faciles \u00e0 retirer. Les bombes Splash sont agr\u00e9ables \u00e0 tenir et [&hellip;]\" \/>\n<meta property=\"og:url\" content=\"https:\/\/ses-creative.com\/fr\/produit\/splash-bombs-ballons-deau-84-pcs\/\" \/>\n<meta property=\"og:site_name\" content=\"SES Creative\" \/>\n<meta property=\"article:modified_time\" content=\"2026-02-12T10:22:33+00:00\" \/>\n<meta name=\"twitter:card\" content=\"summary_large_image\" \/>\n<meta name=\"twitter:label1\" content=\"Dur\u00e9e de lecture estim\u00e9e\" \/>\n\t<meta name=\"twitter:data1\" content=\"1 minute\" \/>\n<script type=\"application\/ld+json\" class=\"yoast-schema-graph\">{\"@context\":\"https:\\\/\\\/schema.org\",\"@graph\":[{\"@type\":\"WebPage\",\"@id\":\"https:\\\/\\\/ses-creative.com\\\/fr\\\/produit\\\/splash-bombs-ballons-deau-84-pcs\\\/\",\"url\":\"https:\\\/\\\/ses-creative.com\\\/fr\\\/produit\\\/splash-bombs-ballons-deau-84-pcs\\\/\",\"name\":\"Splash Bombs - Ballons d'eau 84 pcs - SES Creative\",\"isPartOf\":{\"@id\":\"https:\\\/\\\/ses-creative.com\\\/#website\"},\"primaryImageOfPage\":{\"@id\":\"https:\\\/\\\/ses-creative.com\\\/fr\\\/produit\\\/splash-bombs-ballons-deau-84-pcs\\\/#primaryimage\"},\"image\":{\"@id\":\"https:\\\/\\\/ses-creative.com\\\/fr\\\/produit\\\/splash-bombs-ballons-deau-84-pcs\\\/#primaryimage\"},\"thumbnailUrl\":\"https:\\\/\\\/ses-creative.com\\\/wp-content\\\/uploads\\\/2026\\\/01\\\/023511.jpg\",\"datePublished\":\"2026-02-12T10:08:46+00:00\",\"dateModified\":\"2026-02-12T10:22:33+00:00\",\"breadcrumb\":{\"@id\":\"https:\\\/\\\/ses-creative.com\\\/fr\\\/produit\\\/splash-bombs-ballons-deau-84-pcs\\\/#breadcrumb\"},\"inLanguage\":\"fr-FR\",\"potentialAction\":[{\"@type\":\"ReadAction\",\"target\":[\"https:\\\/\\\/ses-creative.com\\\/fr\\\/produit\\\/splash-bombs-ballons-deau-84-pcs\\\/\"]}]},{\"@type\":\"ImageObject\",\"inLanguage\":\"fr-FR\",\"@id\":\"https:\\\/\\\/ses-creative.com\\\/fr\\\/produit\\\/splash-bombs-ballons-deau-84-pcs\\\/#primaryimage\",\"url\":\"https:\\\/\\\/ses-creative.com\\\/wp-content\\\/uploads\\\/2026\\\/01\\\/023511.jpg\",\"contentUrl\":\"https:\\\/\\\/ses-creative.com\\\/wp-content\\\/uploads\\\/2026\\\/01\\\/023511.jpg\",\"width\":1000,\"height\":1000},{\"@type\":\"BreadcrumbList\",\"@id\":\"https:\\\/\\\/ses-creative.com\\\/fr\\\/produit\\\/splash-bombs-ballons-deau-84-pcs\\\/#breadcrumb\",\"itemListElement\":[{\"@type\":\"ListItem\",\"position\":1,\"name\":\"Boutique\",\"item\":\"https:\\\/\\\/ses-creative.com\\\/fr\\\/boutique\\\/\"},{\"@type\":\"ListItem\",\"position\":2,\"name\":\"Jeux d\u2019ext\u00e9rieur\",\"item\":\"https:\\\/\\\/ses-creative.com\\\/fr\\\/product-categorie\\\/jeux-dexterieur\\\/\"},{\"@type\":\"ListItem\",\"position\":3,\"name\":\"Splash Bombs &#8211; Ballons d&#8217;eau 84 pcs\"}]},{\"@type\":\"WebSite\",\"@id\":\"https:\\\/\\\/ses-creative.com\\\/#website\",\"url\":\"https:\\\/\\\/ses-creative.com\\\/\",\"name\":\"SES Creative\",\"description\":\"\",\"publisher\":{\"@id\":\"https:\\\/\\\/ses-creative.com\\\/#organization\"},\"potentialAction\":[{\"@type\":\"SearchAction\",\"target\":{\"@type\":\"EntryPoint\",\"urlTemplate\":\"https:\\\/\\\/ses-creative.com\\\/?s={search_term_string}\"},\"query-input\":{\"@type\":\"PropertyValueSpecification\",\"valueRequired\":true,\"valueName\":\"search_term_string\"}}],\"inLanguage\":\"fr-FR\"},{\"@type\":\"Organization\",\"@id\":\"https:\\\/\\\/ses-creative.com\\\/#organization\",\"name\":\"SES Creative\",\"url\":\"https:\\\/\\\/ses-creative.com\\\/\",\"logo\":{\"@type\":\"ImageObject\",\"inLanguage\":\"fr-FR\",\"@id\":\"https:\\\/\\\/ses-creative.com\\\/#\\\/schema\\\/logo\\\/image\\\/\",\"url\":\"https:\\\/\\\/ses-creative.com\\\/wp-content\\\/uploads\\\/2025\\\/10\\\/ses-creative-logo.jpg\",\"contentUrl\":\"https:\\\/\\\/ses-creative.com\\\/wp-content\\\/uploads\\\/2025\\\/10\\\/ses-creative-logo.jpg\",\"width\":2037,\"height\":2037,\"caption\":\"SES Creative\"},\"image\":{\"@id\":\"https:\\\/\\\/ses-creative.com\\\/#\\\/schema\\\/logo\\\/image\\\/\"}}]}<\/script>\n<!-- \/ Yoast SEO plugin. -->","yoast_head_json":{"title":"Splash Bombs - Ballons d'eau 84 pcs - SES Creative","robots":{"index":"index","follow":"follow","max-snippet":"max-snippet:-1","max-image-preview":"max-image-preview:large","max-video-preview":"max-video-preview:-1"},"canonical":"https:\/\/ses-creative.com\/fr\/produit\/splash-bombs-ballons-deau-84-pcs\/","og_locale":"fr_FR","og_type":"article","og_title":"Splash Bombs - Ballons d'eau 84 pcs - SES Creative","og_description":"Une bataille d&rsquo;eau encore plus facile et rapide ! Avec les bombes Splash SES Creative, amusez-vous dans l&rsquo;eau sans effort. Les ballons d&rsquo;eau se remplissent facilement et rapidement, par 12. Gr\u00e2ce \u00e0 leur fermeture automatique, plus besoin de faire de n\u0153uds et ils sont faciles \u00e0 retirer. Les bombes Splash sont agr\u00e9ables \u00e0 tenir et [&hellip;]","og_url":"https:\/\/ses-creative.com\/fr\/produit\/splash-bombs-ballons-deau-84-pcs\/","og_site_name":"SES Creative","article_modified_time":"2026-02-12T10:22:33+00:00","twitter_card":"summary_large_image","twitter_misc":{"Dur\u00e9e de lecture estim\u00e9e":"1 minute"},"schema":{"@context":"https:\/\/schema.org","@graph":[{"@type":"WebPage","@id":"https:\/\/ses-creative.com\/fr\/produit\/splash-bombs-ballons-deau-84-pcs\/","url":"https:\/\/ses-creative.com\/fr\/produit\/splash-bombs-ballons-deau-84-pcs\/","name":"Splash Bombs - Ballons d'eau 84 pcs - SES Creative","isPartOf":{"@id":"https:\/\/ses-creative.com\/#website"},"primaryImageOfPage":{"@id":"https:\/\/ses-creative.com\/fr\/produit\/splash-bombs-ballons-deau-84-pcs\/#primaryimage"},"image":{"@id":"https:\/\/ses-creative.com\/fr\/produit\/splash-bombs-ballons-deau-84-pcs\/#primaryimage"},"thumbnailUrl":"https:\/\/ses-creative.com\/wp-content\/uploads\/2026\/01\/023511.jpg","datePublished":"2026-02-12T10:08:46+00:00","dateModified":"2026-02-12T10:22:33+00:00","breadcrumb":{"@id":"https:\/\/ses-creative.com\/fr\/produit\/splash-bombs-ballons-deau-84-pcs\/#breadcrumb"},"inLanguage":"fr-FR","potentialAction":[{"@type":"ReadAction","target":["https:\/\/ses-creative.com\/fr\/produit\/splash-bombs-ballons-deau-84-pcs\/"]}]},{"@type":"ImageObject","inLanguage":"fr-FR","@id":"https:\/\/ses-creative.com\/fr\/produit\/splash-bombs-ballons-deau-84-pcs\/#primaryimage","url":"https:\/\/ses-creative.com\/wp-content\/uploads\/2026\/01\/023511.jpg","contentUrl":"https:\/\/ses-creative.com\/wp-content\/uploads\/2026\/01\/023511.jpg","width":1000,"height":1000},{"@type":"BreadcrumbList","@id":"https:\/\/ses-creative.com\/fr\/produit\/splash-bombs-ballons-deau-84-pcs\/#breadcrumb","itemListElement":[{"@type":"ListItem","position":1,"name":"Boutique","item":"https:\/\/ses-creative.com\/fr\/boutique\/"},{"@type":"ListItem","position":2,"name":"Jeux d\u2019ext\u00e9rieur","item":"https:\/\/ses-creative.com\/fr\/product-categorie\/jeux-dexterieur\/"},{"@type":"ListItem","position":3,"name":"Splash Bombs &#8211; Ballons d&#8217;eau 84 pcs"}]},{"@type":"WebSite","@id":"https:\/\/ses-creative.com\/#website","url":"https:\/\/ses-creative.com\/","name":"SES Creative","description":"","publisher":{"@id":"https:\/\/ses-creative.com\/#organization"},"potentialAction":[{"@type":"SearchAction","target":{"@type":"EntryPoint","urlTemplate":"https:\/\/ses-creative.com\/?s={search_term_string}"},"query-input":{"@type":"PropertyValueSpecification","valueRequired":true,"valueName":"search_term_string"}}],"inLanguage":"fr-FR"},{"@type":"Organization","@id":"https:\/\/ses-creative.com\/#organization","name":"SES Creative","url":"https:\/\/ses-creative.com\/","logo":{"@type":"ImageObject","inLanguage":"fr-FR","@id":"https:\/\/ses-creative.com\/#\/schema\/logo\/image\/","url":"https:\/\/ses-creative.com\/wp-content\/uploads\/2025\/10\/ses-creative-logo.jpg","contentUrl":"https:\/\/ses-creative.com\/wp-content\/uploads\/2025\/10\/ses-creative-logo.jpg","width":2037,"height":2037,"caption":"SES Creative"},"image":{"@id":"https:\/\/ses-creative.com\/#\/schema\/logo\/image\/"}}]}},"_links":{"self":[{"href":"https:\/\/ses-creative.com\/fr\/wp-json\/wp\/v2\/product\/118137","targetHints":{"allow":["GET"]}}],"collection":[{"href":"https:\/\/ses-creative.com\/fr\/wp-json\/wp\/v2\/product"}],"about":[{"href":"https:\/\/ses-creative.com\/fr\/wp-json\/wp\/v2\/types\/product"}],"replies":[{"embeddable":true,"href":"https:\/\/ses-creative.com\/fr\/wp-json\/wp\/v2\/comments?post=118137"}],"wp:featuredmedia":[{"embeddable":true,"href":"https:\/\/ses-creative.com\/fr\/wp-json\/wp\/v2\/media\/99548"}],"wp:attachment":[{"href":"https:\/\/ses-creative.com\/fr\/wp-json\/wp\/v2\/media?parent=118137"}],"wp:term":[{"taxonomy":"product_brand","embeddable":true,"href":"https:\/\/ses-creative.com\/fr\/wp-json\/wp\/v2\/product_brand?post=118137"},{"taxonomy":"product_cat","embeddable":true,"href":"https:\/\/ses-creative.com\/fr\/wp-json\/wp\/v2\/product_cat?post=118137"},{"taxonomy":"product_tag","embeddable":true,"href":"https:\/\/ses-creative.com\/fr\/wp-json\/wp\/v2\/product_tag?post=118137"}],"curies":[{"name":"wp","href":"https:\/\/api.w.org\/{rel}","templated":true}]}}