











{"id":118136,"date":"2026-02-12T10:08:46","date_gmt":"2026-02-12T10:08:46","guid":{"rendered":"https:\/\/ses-creative.com\/?post_type=product&#038;p=118136"},"modified":"2026-02-12T10:22:33","modified_gmt":"2026-02-12T10:22:33","slug":"mouvements-de-danse-des-animaux","status":"publish","type":"product","link":"https:\/\/ses-creative.com\/fr\/produit\/mouvements-de-danse-des-animaux\/","title":{"rendered":"Mouvements de danse des animaux"},"content":{"rendered":"<p>Pr\u00e9parez-vous \u00e0 vous d\u00e9hancher avec Animal Dance Moves !<br \/>\nCe jeu amusant et \u00e9nergique vous propose 24 cartes uniques avec des mouvements de danse passionnants et un d\u00e9 color\u00e9 pour cr\u00e9er des routines de danse infinies. Il est temps de laisser libre cours \u00e0 votre imagination et de danser avec vos animaux pr\u00e9f\u00e9r\u00e9s ! Lancez le d\u00e9 pour voir quelle couleur appara\u00eet, choisissez une carte dans cette cat\u00e9gorie de couleurs et ajoutez le mouvement \u00e0 votre encha\u00eenement de danse. R\u00e9p\u00e9tez ce processus pour cr\u00e9er une routine amusante et funky qui vous ressemble.<br \/>\nCe qui rend ce set g\u00e9nial<br \/>\n&#8211;    Des mouvements de danse g\u00e9niaux sur le th\u00e8me des animaux<br \/>\n&#8211;    Cr\u00e9ez votre propre danse<br \/>\n&#8211;    Encourage le jeu actif<br \/>\n&#8211;    Convient pour l&rsquo;ext\u00e9rieur et l&rsquo;int\u00e9rieur<br \/>\n&#8211;    Jouer ensemble<br \/>\nActif et plein de plaisir !<br \/>\nPlongez dans un monde o\u00f9 la cr\u00e9ativit\u00e9 et l&rsquo;activit\u00e9 physique se marient \u00e0 merveille. Ce jeu est parfait pour rester actif tout en s&rsquo;amusant. Avec des cartes r\u00e9parties en quatre cat\u00e9gories de couleurs vives, vous pouvez les m\u00e9langer et les assortir pour cr\u00e9er vos propres danses. De plus, c&rsquo;est un excellent moyen de passer du temps avec vos amis ou votre famille, de rire et de danser ensemble tout en imaginant des routines hilarantes et divertissantes.<br \/>\nContenu du jeu<br \/>\n&#8211;    24 cartes avec diff\u00e9rents mouvements de danse<br \/>\n&#8211;    D\u00e9<br \/>\nPourquoi choisir SES Creative ?<br \/>\nChez SES Creative, nous accordons une grande importance \u00e0 la s\u00e9curit\u00e9. C&rsquo;est pourquoi nos produits sont fabriqu\u00e9s et test\u00e9s dans notre usine aux Pays-Bas, conform\u00e9ment aux normes de s\u00e9curit\u00e9 europ\u00e9ennes les plus strictes. Les jouets SES Creative sont source de plaisir et permettent aux enfants d&rsquo;\u00eatre fiers de leur travail, ce qui stimule leur cr\u00e9ativit\u00e9 et leur d\u00e9veloppement.<br \/>\nPr\u00eat \u00e0 danser ?<br \/>\nPrenez vos cartes Animal Dance Moves, lancez le d\u00e9 et commencez \u00e0 cr\u00e9er vos propres s\u00e9quences de danse endiabl\u00e9es. Il est temps de bouger, de swinguer et de laisser libre cours \u00e0 votre imagination sur la piste de danse !<\/p>\n","protected":false},"excerpt":{"rendered":"<p>Pr\u00e9parez-vous \u00e0 vous d\u00e9hancher avec Animal Dance Moves ! Ce jeu amusant et \u00e9nergique vous propose 24 cartes uniques avec des mouvements de danse passionnants et un d\u00e9 color\u00e9 pour cr\u00e9er des routines de danse infinies. Il est temps de laisser libre cours \u00e0 votre imagination et de danser avec vos animaux pr\u00e9f\u00e9r\u00e9s ! Lancez [&hellip;]<\/p>\n","protected":false},"featured_media":99508,"comment_status":"closed","ping_status":"closed","template":"","meta":{"_acf_changed":false},"product_brand":[],"product_cat":[126],"product_tag":[],"class_list":{"0":"post-118136","1":"product","2":"type-product","3":"status-publish","4":"has-post-thumbnail","6":"product_cat-jeux-dexterieur","7":"pa_collecties-fitness-kids","8":"pa_leeftijd-filter-3-4-ans","9":"pa_meest-populair-bij-garcons-filles","11":"first","12":"instock","13":"shipping-taxable","14":"product-type-simple"},"acf":[],"yoast_head":"<!-- This site is optimized with the Yoast SEO plugin v27.4 - https:\/\/yoast.com\/product\/yoast-seo-wordpress\/ -->\n<title>Mouvements de danse des animaux - SES Creative<\/title>\n<meta name=\"robots\" content=\"index, follow, max-snippet:-1, max-image-preview:large, max-video-preview:-1\" \/>\n<link rel=\"canonical\" href=\"https:\/\/ses-creative.com\/fr\/produit\/mouvements-de-danse-des-animaux\/\" \/>\n<meta property=\"og:locale\" content=\"fr_FR\" \/>\n<meta property=\"og:type\" content=\"article\" \/>\n<meta property=\"og:title\" content=\"Mouvements de danse des animaux - SES Creative\" \/>\n<meta property=\"og:description\" content=\"Pr\u00e9parez-vous \u00e0 vous d\u00e9hancher avec Animal Dance Moves ! Ce jeu amusant et \u00e9nergique vous propose 24 cartes uniques avec des mouvements de danse passionnants et un d\u00e9 color\u00e9 pour cr\u00e9er des routines de danse infinies. Il est temps de laisser libre cours \u00e0 votre imagination et de danser avec vos animaux pr\u00e9f\u00e9r\u00e9s ! Lancez [&hellip;]\" \/>\n<meta property=\"og:url\" content=\"https:\/\/ses-creative.com\/fr\/produit\/mouvements-de-danse-des-animaux\/\" \/>\n<meta property=\"og:site_name\" content=\"SES Creative\" \/>\n<meta property=\"article:modified_time\" content=\"2026-02-12T10:22:33+00:00\" \/>\n<meta name=\"twitter:card\" content=\"summary_large_image\" \/>\n<meta name=\"twitter:label1\" content=\"Dur\u00e9e de lecture estim\u00e9e\" \/>\n\t<meta name=\"twitter:data1\" content=\"2 minutes\" \/>\n<script type=\"application\/ld+json\" class=\"yoast-schema-graph\">{\"@context\":\"https:\\\/\\\/schema.org\",\"@graph\":[{\"@type\":\"WebPage\",\"@id\":\"https:\\\/\\\/ses-creative.com\\\/fr\\\/produit\\\/mouvements-de-danse-des-animaux\\\/\",\"url\":\"https:\\\/\\\/ses-creative.com\\\/fr\\\/produit\\\/mouvements-de-danse-des-animaux\\\/\",\"name\":\"Mouvements de danse des animaux - SES Creative\",\"isPartOf\":{\"@id\":\"https:\\\/\\\/ses-creative.com\\\/#website\"},\"primaryImageOfPage\":{\"@id\":\"https:\\\/\\\/ses-creative.com\\\/fr\\\/produit\\\/mouvements-de-danse-des-animaux\\\/#primaryimage\"},\"image\":{\"@id\":\"https:\\\/\\\/ses-creative.com\\\/fr\\\/produit\\\/mouvements-de-danse-des-animaux\\\/#primaryimage\"},\"thumbnailUrl\":\"https:\\\/\\\/ses-creative.com\\\/wp-content\\\/uploads\\\/2026\\\/01\\\/023431.jpg\",\"datePublished\":\"2026-02-12T10:08:46+00:00\",\"dateModified\":\"2026-02-12T10:22:33+00:00\",\"breadcrumb\":{\"@id\":\"https:\\\/\\\/ses-creative.com\\\/fr\\\/produit\\\/mouvements-de-danse-des-animaux\\\/#breadcrumb\"},\"inLanguage\":\"fr-FR\",\"potentialAction\":[{\"@type\":\"ReadAction\",\"target\":[\"https:\\\/\\\/ses-creative.com\\\/fr\\\/produit\\\/mouvements-de-danse-des-animaux\\\/\"]}]},{\"@type\":\"ImageObject\",\"inLanguage\":\"fr-FR\",\"@id\":\"https:\\\/\\\/ses-creative.com\\\/fr\\\/produit\\\/mouvements-de-danse-des-animaux\\\/#primaryimage\",\"url\":\"https:\\\/\\\/ses-creative.com\\\/wp-content\\\/uploads\\\/2026\\\/01\\\/023431.jpg\",\"contentUrl\":\"https:\\\/\\\/ses-creative.com\\\/wp-content\\\/uploads\\\/2026\\\/01\\\/023431.jpg\",\"width\":1000,\"height\":1000},{\"@type\":\"BreadcrumbList\",\"@id\":\"https:\\\/\\\/ses-creative.com\\\/fr\\\/produit\\\/mouvements-de-danse-des-animaux\\\/#breadcrumb\",\"itemListElement\":[{\"@type\":\"ListItem\",\"position\":1,\"name\":\"Boutique\",\"item\":\"https:\\\/\\\/ses-creative.com\\\/fr\\\/boutique\\\/\"},{\"@type\":\"ListItem\",\"position\":2,\"name\":\"Jeux d\u2019ext\u00e9rieur\",\"item\":\"https:\\\/\\\/ses-creative.com\\\/fr\\\/product-categorie\\\/jeux-dexterieur\\\/\"},{\"@type\":\"ListItem\",\"position\":3,\"name\":\"Mouvements de danse des animaux\"}]},{\"@type\":\"WebSite\",\"@id\":\"https:\\\/\\\/ses-creative.com\\\/#website\",\"url\":\"https:\\\/\\\/ses-creative.com\\\/\",\"name\":\"SES Creative\",\"description\":\"\",\"publisher\":{\"@id\":\"https:\\\/\\\/ses-creative.com\\\/#organization\"},\"potentialAction\":[{\"@type\":\"SearchAction\",\"target\":{\"@type\":\"EntryPoint\",\"urlTemplate\":\"https:\\\/\\\/ses-creative.com\\\/?s={search_term_string}\"},\"query-input\":{\"@type\":\"PropertyValueSpecification\",\"valueRequired\":true,\"valueName\":\"search_term_string\"}}],\"inLanguage\":\"fr-FR\"},{\"@type\":\"Organization\",\"@id\":\"https:\\\/\\\/ses-creative.com\\\/#organization\",\"name\":\"SES Creative\",\"url\":\"https:\\\/\\\/ses-creative.com\\\/\",\"logo\":{\"@type\":\"ImageObject\",\"inLanguage\":\"fr-FR\",\"@id\":\"https:\\\/\\\/ses-creative.com\\\/#\\\/schema\\\/logo\\\/image\\\/\",\"url\":\"https:\\\/\\\/ses-creative.com\\\/wp-content\\\/uploads\\\/2025\\\/10\\\/ses-creative-logo.jpg\",\"contentUrl\":\"https:\\\/\\\/ses-creative.com\\\/wp-content\\\/uploads\\\/2025\\\/10\\\/ses-creative-logo.jpg\",\"width\":2037,\"height\":2037,\"caption\":\"SES Creative\"},\"image\":{\"@id\":\"https:\\\/\\\/ses-creative.com\\\/#\\\/schema\\\/logo\\\/image\\\/\"}}]}<\/script>\n<!-- \/ Yoast SEO plugin. -->","yoast_head_json":{"title":"Mouvements de danse des animaux - SES Creative","robots":{"index":"index","follow":"follow","max-snippet":"max-snippet:-1","max-image-preview":"max-image-preview:large","max-video-preview":"max-video-preview:-1"},"canonical":"https:\/\/ses-creative.com\/fr\/produit\/mouvements-de-danse-des-animaux\/","og_locale":"fr_FR","og_type":"article","og_title":"Mouvements de danse des animaux - SES Creative","og_description":"Pr\u00e9parez-vous \u00e0 vous d\u00e9hancher avec Animal Dance Moves ! Ce jeu amusant et \u00e9nergique vous propose 24 cartes uniques avec des mouvements de danse passionnants et un d\u00e9 color\u00e9 pour cr\u00e9er des routines de danse infinies. Il est temps de laisser libre cours \u00e0 votre imagination et de danser avec vos animaux pr\u00e9f\u00e9r\u00e9s ! Lancez [&hellip;]","og_url":"https:\/\/ses-creative.com\/fr\/produit\/mouvements-de-danse-des-animaux\/","og_site_name":"SES Creative","article_modified_time":"2026-02-12T10:22:33+00:00","twitter_card":"summary_large_image","twitter_misc":{"Dur\u00e9e de lecture estim\u00e9e":"2 minutes"},"schema":{"@context":"https:\/\/schema.org","@graph":[{"@type":"WebPage","@id":"https:\/\/ses-creative.com\/fr\/produit\/mouvements-de-danse-des-animaux\/","url":"https:\/\/ses-creative.com\/fr\/produit\/mouvements-de-danse-des-animaux\/","name":"Mouvements de danse des animaux - SES Creative","isPartOf":{"@id":"https:\/\/ses-creative.com\/#website"},"primaryImageOfPage":{"@id":"https:\/\/ses-creative.com\/fr\/produit\/mouvements-de-danse-des-animaux\/#primaryimage"},"image":{"@id":"https:\/\/ses-creative.com\/fr\/produit\/mouvements-de-danse-des-animaux\/#primaryimage"},"thumbnailUrl":"https:\/\/ses-creative.com\/wp-content\/uploads\/2026\/01\/023431.jpg","datePublished":"2026-02-12T10:08:46+00:00","dateModified":"2026-02-12T10:22:33+00:00","breadcrumb":{"@id":"https:\/\/ses-creative.com\/fr\/produit\/mouvements-de-danse-des-animaux\/#breadcrumb"},"inLanguage":"fr-FR","potentialAction":[{"@type":"ReadAction","target":["https:\/\/ses-creative.com\/fr\/produit\/mouvements-de-danse-des-animaux\/"]}]},{"@type":"ImageObject","inLanguage":"fr-FR","@id":"https:\/\/ses-creative.com\/fr\/produit\/mouvements-de-danse-des-animaux\/#primaryimage","url":"https:\/\/ses-creative.com\/wp-content\/uploads\/2026\/01\/023431.jpg","contentUrl":"https:\/\/ses-creative.com\/wp-content\/uploads\/2026\/01\/023431.jpg","width":1000,"height":1000},{"@type":"BreadcrumbList","@id":"https:\/\/ses-creative.com\/fr\/produit\/mouvements-de-danse-des-animaux\/#breadcrumb","itemListElement":[{"@type":"ListItem","position":1,"name":"Boutique","item":"https:\/\/ses-creative.com\/fr\/boutique\/"},{"@type":"ListItem","position":2,"name":"Jeux d\u2019ext\u00e9rieur","item":"https:\/\/ses-creative.com\/fr\/product-categorie\/jeux-dexterieur\/"},{"@type":"ListItem","position":3,"name":"Mouvements de danse des animaux"}]},{"@type":"WebSite","@id":"https:\/\/ses-creative.com\/#website","url":"https:\/\/ses-creative.com\/","name":"SES Creative","description":"","publisher":{"@id":"https:\/\/ses-creative.com\/#organization"},"potentialAction":[{"@type":"SearchAction","target":{"@type":"EntryPoint","urlTemplate":"https:\/\/ses-creative.com\/?s={search_term_string}"},"query-input":{"@type":"PropertyValueSpecification","valueRequired":true,"valueName":"search_term_string"}}],"inLanguage":"fr-FR"},{"@type":"Organization","@id":"https:\/\/ses-creative.com\/#organization","name":"SES Creative","url":"https:\/\/ses-creative.com\/","logo":{"@type":"ImageObject","inLanguage":"fr-FR","@id":"https:\/\/ses-creative.com\/#\/schema\/logo\/image\/","url":"https:\/\/ses-creative.com\/wp-content\/uploads\/2025\/10\/ses-creative-logo.jpg","contentUrl":"https:\/\/ses-creative.com\/wp-content\/uploads\/2025\/10\/ses-creative-logo.jpg","width":2037,"height":2037,"caption":"SES Creative"},"image":{"@id":"https:\/\/ses-creative.com\/#\/schema\/logo\/image\/"}}]}},"_links":{"self":[{"href":"https:\/\/ses-creative.com\/fr\/wp-json\/wp\/v2\/product\/118136","targetHints":{"allow":["GET"]}}],"collection":[{"href":"https:\/\/ses-creative.com\/fr\/wp-json\/wp\/v2\/product"}],"about":[{"href":"https:\/\/ses-creative.com\/fr\/wp-json\/wp\/v2\/types\/product"}],"replies":[{"embeddable":true,"href":"https:\/\/ses-creative.com\/fr\/wp-json\/wp\/v2\/comments?post=118136"}],"wp:featuredmedia":[{"embeddable":true,"href":"https:\/\/ses-creative.com\/fr\/wp-json\/wp\/v2\/media\/99508"}],"wp:attachment":[{"href":"https:\/\/ses-creative.com\/fr\/wp-json\/wp\/v2\/media?parent=118136"}],"wp:term":[{"taxonomy":"product_brand","embeddable":true,"href":"https:\/\/ses-creative.com\/fr\/wp-json\/wp\/v2\/product_brand?post=118136"},{"taxonomy":"product_cat","embeddable":true,"href":"https:\/\/ses-creative.com\/fr\/wp-json\/wp\/v2\/product_cat?post=118136"},{"taxonomy":"product_tag","embeddable":true,"href":"https:\/\/ses-creative.com\/fr\/wp-json\/wp\/v2\/product_tag?post=118136"}],"curies":[{"name":"wp","href":"https:\/\/api.w.org\/{rel}","templated":true}]}}