











{"id":118135,"date":"2026-02-12T10:08:45","date_gmt":"2026-02-12T10:08:45","guid":{"rendered":"https:\/\/ses-creative.com\/?post_type=product&#038;p=118135"},"modified":"2026-02-12T10:22:33","modified_gmt":"2026-02-12T10:22:33","slug":"livre-de-coloriage-a-leau-avec-stylo-a-eau-voyage","status":"publish","type":"product","link":"https:\/\/ses-creative.com\/fr\/produit\/livre-de-coloriage-a-leau-avec-stylo-a-eau-voyage\/","title":{"rendered":"Livre de coloriage \u00e0 l&rsquo;eau avec stylo \u00e0 eau &#8211; Voyage"},"content":{"rendered":"<p>Livre de coloriage \u00e0 l&rsquo;eau &#8211; \u00c9dition Voyage : colorier comme par magie sans faire de salissures<\/p>\n<p>Partez \u00e0 l&rsquo;aventure avec le livre de coloriage \u00e0 l&rsquo;eau r\u00e9utilisable, id\u00e9al pour les d\u00e9placements ! Gr\u00e2ce au feutre \u00e0 eau fourni, vous donnez vie \u00e0 chaque page et faites appara\u00eetre des images color\u00e9es cach\u00e9es. Une fois la page s\u00e8che, les couleurs s&rsquo;estompent et vous pouvez recommencer encore et encore. Parfait pour les enfants cr\u00e9atifs qui aiment colorier partout et \u00e0 tout moment.<\/p>\n<p>Ce qui rend ce set g\u00e9nial<\/p>\n<p>Comprend un livre de coloriage r\u00e9utilisable de 5 pages<br \/>\nColoriage magique avec seulement de l&rsquo;eau<br \/>\nAvec un feutre \u00e0 eau rechargeable, facile \u00e0 utiliser<br \/>\nSans g\u00e2chis et id\u00e9al pour les d\u00e9placements<br \/>\nStimule la motricit\u00e9 fine et la coordination \u0153il-main<\/p>\n<p>Laissez libre cours \u00e0 votre imagination<br \/>\nColorer avec de l&rsquo;eau est non seulement relaxant et amusant, mais c&rsquo;est aussi un moyen intelligent de permettre aux enfants de d\u00e9velopper leurs comp\u00e9tences tout en s&rsquo;amusant. Le concept unique et r\u00e9utilisable garantit un plaisir sans fin, que ce soit en voiture, en avion ou pendant les moments de calme \u00e0 la maison.<\/p>\n<p>Contenu du set<\/p>\n<p>Livre de coloriage de 5 pages<br \/>\nFeutre \u00e0 eau rechargeable<\/p>\n<p>Pourquoi choisir SES Creative<br \/>\nChez SES Creative, la s\u00e9curit\u00e9, la qualit\u00e9 et le plaisir sont nos priorit\u00e9s. Nos produits sont con\u00e7us pour stimuler la cr\u00e9ativit\u00e9 des enfants, sans tracas ni d\u00e9sordre. Ainsi, les parents peuvent \u00eatre tranquilles et les enfants fiers de leurs propres \u0153uvres d&rsquo;art.<\/p>\n<p>Commencez d\u00e8s aujourd&rsquo;hui \u00e0 colorier comme par magie<br \/>\nProcurez-vous le livre de coloriage \u00e0 l&rsquo;eau \u2013 \u00c9dition Voyage et d\u00e9couvrez \u00e0 quel point colorier peut \u00eatre amusant et facile. Remplissez le feutre d&rsquo;eau, passez le pinceau sur les pages et voyez les couleurs prendre vie, encore et encore !<\/p>\n","protected":false},"excerpt":{"rendered":"<p>Livre de coloriage \u00e0 l&rsquo;eau &#8211; \u00c9dition Voyage : colorier comme par magie sans faire de salissures Partez \u00e0 l&rsquo;aventure avec le livre de coloriage \u00e0 l&rsquo;eau r\u00e9utilisable, id\u00e9al pour les d\u00e9placements ! Gr\u00e2ce au feutre \u00e0 eau fourni, vous donnez vie \u00e0 chaque page et faites appara\u00eetre des images color\u00e9es cach\u00e9es. Une fois la [&hellip;]<\/p>\n","protected":false},"featured_media":99488,"comment_status":"closed","ping_status":"closed","template":"","meta":{"_acf_changed":false},"product_brand":[],"product_cat":[126],"product_tag":[],"class_list":{"0":"post-118135","1":"product","2":"type-product","3":"status-publish","4":"has-post-thumbnail","6":"product_cat-jeux-dexterieur","7":"pa_leeftijd-filter-0-2-ans","8":"pa_meest-populair-bij-garcons-filles","10":"first","11":"instock","12":"shipping-taxable","13":"product-type-simple"},"acf":[],"yoast_head":"<!-- This site is optimized with the Yoast SEO plugin v27.4 - https:\/\/yoast.com\/product\/yoast-seo-wordpress\/ -->\n<title>Livre de coloriage \u00e0 l&#039;eau avec stylo \u00e0 eau - Voyage - SES Creative<\/title>\n<meta name=\"robots\" content=\"index, follow, max-snippet:-1, max-image-preview:large, max-video-preview:-1\" \/>\n<link rel=\"canonical\" href=\"https:\/\/ses-creative.com\/fr\/produit\/livre-de-coloriage-a-leau-avec-stylo-a-eau-voyage\/\" \/>\n<meta property=\"og:locale\" content=\"fr_FR\" \/>\n<meta property=\"og:type\" content=\"article\" \/>\n<meta property=\"og:title\" content=\"Livre de coloriage \u00e0 l&#039;eau avec stylo \u00e0 eau - Voyage - SES Creative\" \/>\n<meta property=\"og:description\" content=\"Livre de coloriage \u00e0 l&rsquo;eau &#8211; \u00c9dition Voyage : colorier comme par magie sans faire de salissures Partez \u00e0 l&rsquo;aventure avec le livre de coloriage \u00e0 l&rsquo;eau r\u00e9utilisable, id\u00e9al pour les d\u00e9placements ! Gr\u00e2ce au feutre \u00e0 eau fourni, vous donnez vie \u00e0 chaque page et faites appara\u00eetre des images color\u00e9es cach\u00e9es. Une fois la [&hellip;]\" \/>\n<meta property=\"og:url\" content=\"https:\/\/ses-creative.com\/fr\/produit\/livre-de-coloriage-a-leau-avec-stylo-a-eau-voyage\/\" \/>\n<meta property=\"og:site_name\" content=\"SES Creative\" \/>\n<meta property=\"article:modified_time\" content=\"2026-02-12T10:22:33+00:00\" \/>\n<meta name=\"twitter:card\" content=\"summary_large_image\" \/>\n<meta name=\"twitter:label1\" content=\"Dur\u00e9e de lecture estim\u00e9e\" \/>\n\t<meta name=\"twitter:data1\" content=\"1 minute\" \/>\n<script type=\"application\/ld+json\" class=\"yoast-schema-graph\">{\"@context\":\"https:\\\/\\\/schema.org\",\"@graph\":[{\"@type\":\"WebPage\",\"@id\":\"https:\\\/\\\/ses-creative.com\\\/fr\\\/produit\\\/livre-de-coloriage-a-leau-avec-stylo-a-eau-voyage\\\/\",\"url\":\"https:\\\/\\\/ses-creative.com\\\/fr\\\/produit\\\/livre-de-coloriage-a-leau-avec-stylo-a-eau-voyage\\\/\",\"name\":\"Livre de coloriage \u00e0 l'eau avec stylo \u00e0 eau - Voyage - SES Creative\",\"isPartOf\":{\"@id\":\"https:\\\/\\\/ses-creative.com\\\/#website\"},\"primaryImageOfPage\":{\"@id\":\"https:\\\/\\\/ses-creative.com\\\/fr\\\/produit\\\/livre-de-coloriage-a-leau-avec-stylo-a-eau-voyage\\\/#primaryimage\"},\"image\":{\"@id\":\"https:\\\/\\\/ses-creative.com\\\/fr\\\/produit\\\/livre-de-coloriage-a-leau-avec-stylo-a-eau-voyage\\\/#primaryimage\"},\"thumbnailUrl\":\"https:\\\/\\\/ses-creative.com\\\/wp-content\\\/uploads\\\/2026\\\/01\\\/023411.jpg\",\"datePublished\":\"2026-02-12T10:08:45+00:00\",\"dateModified\":\"2026-02-12T10:22:33+00:00\",\"breadcrumb\":{\"@id\":\"https:\\\/\\\/ses-creative.com\\\/fr\\\/produit\\\/livre-de-coloriage-a-leau-avec-stylo-a-eau-voyage\\\/#breadcrumb\"},\"inLanguage\":\"fr-FR\",\"potentialAction\":[{\"@type\":\"ReadAction\",\"target\":[\"https:\\\/\\\/ses-creative.com\\\/fr\\\/produit\\\/livre-de-coloriage-a-leau-avec-stylo-a-eau-voyage\\\/\"]}]},{\"@type\":\"ImageObject\",\"inLanguage\":\"fr-FR\",\"@id\":\"https:\\\/\\\/ses-creative.com\\\/fr\\\/produit\\\/livre-de-coloriage-a-leau-avec-stylo-a-eau-voyage\\\/#primaryimage\",\"url\":\"https:\\\/\\\/ses-creative.com\\\/wp-content\\\/uploads\\\/2026\\\/01\\\/023411.jpg\",\"contentUrl\":\"https:\\\/\\\/ses-creative.com\\\/wp-content\\\/uploads\\\/2026\\\/01\\\/023411.jpg\",\"width\":1000,\"height\":1000},{\"@type\":\"BreadcrumbList\",\"@id\":\"https:\\\/\\\/ses-creative.com\\\/fr\\\/produit\\\/livre-de-coloriage-a-leau-avec-stylo-a-eau-voyage\\\/#breadcrumb\",\"itemListElement\":[{\"@type\":\"ListItem\",\"position\":1,\"name\":\"Boutique\",\"item\":\"https:\\\/\\\/ses-creative.com\\\/fr\\\/boutique\\\/\"},{\"@type\":\"ListItem\",\"position\":2,\"name\":\"Jeux d\u2019ext\u00e9rieur\",\"item\":\"https:\\\/\\\/ses-creative.com\\\/fr\\\/product-categorie\\\/jeux-dexterieur\\\/\"},{\"@type\":\"ListItem\",\"position\":3,\"name\":\"Livre de coloriage \u00e0 l&#8217;eau avec stylo \u00e0 eau &#8211; Voyage\"}]},{\"@type\":\"WebSite\",\"@id\":\"https:\\\/\\\/ses-creative.com\\\/#website\",\"url\":\"https:\\\/\\\/ses-creative.com\\\/\",\"name\":\"SES Creative\",\"description\":\"\",\"publisher\":{\"@id\":\"https:\\\/\\\/ses-creative.com\\\/#organization\"},\"potentialAction\":[{\"@type\":\"SearchAction\",\"target\":{\"@type\":\"EntryPoint\",\"urlTemplate\":\"https:\\\/\\\/ses-creative.com\\\/?s={search_term_string}\"},\"query-input\":{\"@type\":\"PropertyValueSpecification\",\"valueRequired\":true,\"valueName\":\"search_term_string\"}}],\"inLanguage\":\"fr-FR\"},{\"@type\":\"Organization\",\"@id\":\"https:\\\/\\\/ses-creative.com\\\/#organization\",\"name\":\"SES Creative\",\"url\":\"https:\\\/\\\/ses-creative.com\\\/\",\"logo\":{\"@type\":\"ImageObject\",\"inLanguage\":\"fr-FR\",\"@id\":\"https:\\\/\\\/ses-creative.com\\\/#\\\/schema\\\/logo\\\/image\\\/\",\"url\":\"https:\\\/\\\/ses-creative.com\\\/wp-content\\\/uploads\\\/2025\\\/10\\\/ses-creative-logo.jpg\",\"contentUrl\":\"https:\\\/\\\/ses-creative.com\\\/wp-content\\\/uploads\\\/2025\\\/10\\\/ses-creative-logo.jpg\",\"width\":2037,\"height\":2037,\"caption\":\"SES Creative\"},\"image\":{\"@id\":\"https:\\\/\\\/ses-creative.com\\\/#\\\/schema\\\/logo\\\/image\\\/\"}}]}<\/script>\n<!-- \/ Yoast SEO plugin. -->","yoast_head_json":{"title":"Livre de coloriage \u00e0 l'eau avec stylo \u00e0 eau - Voyage - SES Creative","robots":{"index":"index","follow":"follow","max-snippet":"max-snippet:-1","max-image-preview":"max-image-preview:large","max-video-preview":"max-video-preview:-1"},"canonical":"https:\/\/ses-creative.com\/fr\/produit\/livre-de-coloriage-a-leau-avec-stylo-a-eau-voyage\/","og_locale":"fr_FR","og_type":"article","og_title":"Livre de coloriage \u00e0 l'eau avec stylo \u00e0 eau - Voyage - SES Creative","og_description":"Livre de coloriage \u00e0 l&rsquo;eau &#8211; \u00c9dition Voyage : colorier comme par magie sans faire de salissures Partez \u00e0 l&rsquo;aventure avec le livre de coloriage \u00e0 l&rsquo;eau r\u00e9utilisable, id\u00e9al pour les d\u00e9placements ! Gr\u00e2ce au feutre \u00e0 eau fourni, vous donnez vie \u00e0 chaque page et faites appara\u00eetre des images color\u00e9es cach\u00e9es. Une fois la [&hellip;]","og_url":"https:\/\/ses-creative.com\/fr\/produit\/livre-de-coloriage-a-leau-avec-stylo-a-eau-voyage\/","og_site_name":"SES Creative","article_modified_time":"2026-02-12T10:22:33+00:00","twitter_card":"summary_large_image","twitter_misc":{"Dur\u00e9e de lecture estim\u00e9e":"1 minute"},"schema":{"@context":"https:\/\/schema.org","@graph":[{"@type":"WebPage","@id":"https:\/\/ses-creative.com\/fr\/produit\/livre-de-coloriage-a-leau-avec-stylo-a-eau-voyage\/","url":"https:\/\/ses-creative.com\/fr\/produit\/livre-de-coloriage-a-leau-avec-stylo-a-eau-voyage\/","name":"Livre de coloriage \u00e0 l'eau avec stylo \u00e0 eau - Voyage - SES Creative","isPartOf":{"@id":"https:\/\/ses-creative.com\/#website"},"primaryImageOfPage":{"@id":"https:\/\/ses-creative.com\/fr\/produit\/livre-de-coloriage-a-leau-avec-stylo-a-eau-voyage\/#primaryimage"},"image":{"@id":"https:\/\/ses-creative.com\/fr\/produit\/livre-de-coloriage-a-leau-avec-stylo-a-eau-voyage\/#primaryimage"},"thumbnailUrl":"https:\/\/ses-creative.com\/wp-content\/uploads\/2026\/01\/023411.jpg","datePublished":"2026-02-12T10:08:45+00:00","dateModified":"2026-02-12T10:22:33+00:00","breadcrumb":{"@id":"https:\/\/ses-creative.com\/fr\/produit\/livre-de-coloriage-a-leau-avec-stylo-a-eau-voyage\/#breadcrumb"},"inLanguage":"fr-FR","potentialAction":[{"@type":"ReadAction","target":["https:\/\/ses-creative.com\/fr\/produit\/livre-de-coloriage-a-leau-avec-stylo-a-eau-voyage\/"]}]},{"@type":"ImageObject","inLanguage":"fr-FR","@id":"https:\/\/ses-creative.com\/fr\/produit\/livre-de-coloriage-a-leau-avec-stylo-a-eau-voyage\/#primaryimage","url":"https:\/\/ses-creative.com\/wp-content\/uploads\/2026\/01\/023411.jpg","contentUrl":"https:\/\/ses-creative.com\/wp-content\/uploads\/2026\/01\/023411.jpg","width":1000,"height":1000},{"@type":"BreadcrumbList","@id":"https:\/\/ses-creative.com\/fr\/produit\/livre-de-coloriage-a-leau-avec-stylo-a-eau-voyage\/#breadcrumb","itemListElement":[{"@type":"ListItem","position":1,"name":"Boutique","item":"https:\/\/ses-creative.com\/fr\/boutique\/"},{"@type":"ListItem","position":2,"name":"Jeux d\u2019ext\u00e9rieur","item":"https:\/\/ses-creative.com\/fr\/product-categorie\/jeux-dexterieur\/"},{"@type":"ListItem","position":3,"name":"Livre de coloriage \u00e0 l&#8217;eau avec stylo \u00e0 eau &#8211; Voyage"}]},{"@type":"WebSite","@id":"https:\/\/ses-creative.com\/#website","url":"https:\/\/ses-creative.com\/","name":"SES Creative","description":"","publisher":{"@id":"https:\/\/ses-creative.com\/#organization"},"potentialAction":[{"@type":"SearchAction","target":{"@type":"EntryPoint","urlTemplate":"https:\/\/ses-creative.com\/?s={search_term_string}"},"query-input":{"@type":"PropertyValueSpecification","valueRequired":true,"valueName":"search_term_string"}}],"inLanguage":"fr-FR"},{"@type":"Organization","@id":"https:\/\/ses-creative.com\/#organization","name":"SES Creative","url":"https:\/\/ses-creative.com\/","logo":{"@type":"ImageObject","inLanguage":"fr-FR","@id":"https:\/\/ses-creative.com\/#\/schema\/logo\/image\/","url":"https:\/\/ses-creative.com\/wp-content\/uploads\/2025\/10\/ses-creative-logo.jpg","contentUrl":"https:\/\/ses-creative.com\/wp-content\/uploads\/2025\/10\/ses-creative-logo.jpg","width":2037,"height":2037,"caption":"SES Creative"},"image":{"@id":"https:\/\/ses-creative.com\/#\/schema\/logo\/image\/"}}]}},"_links":{"self":[{"href":"https:\/\/ses-creative.com\/fr\/wp-json\/wp\/v2\/product\/118135","targetHints":{"allow":["GET"]}}],"collection":[{"href":"https:\/\/ses-creative.com\/fr\/wp-json\/wp\/v2\/product"}],"about":[{"href":"https:\/\/ses-creative.com\/fr\/wp-json\/wp\/v2\/types\/product"}],"replies":[{"embeddable":true,"href":"https:\/\/ses-creative.com\/fr\/wp-json\/wp\/v2\/comments?post=118135"}],"wp:featuredmedia":[{"embeddable":true,"href":"https:\/\/ses-creative.com\/fr\/wp-json\/wp\/v2\/media\/99488"}],"wp:attachment":[{"href":"https:\/\/ses-creative.com\/fr\/wp-json\/wp\/v2\/media?parent=118135"}],"wp:term":[{"taxonomy":"product_brand","embeddable":true,"href":"https:\/\/ses-creative.com\/fr\/wp-json\/wp\/v2\/product_brand?post=118135"},{"taxonomy":"product_cat","embeddable":true,"href":"https:\/\/ses-creative.com\/fr\/wp-json\/wp\/v2\/product_cat?post=118135"},{"taxonomy":"product_tag","embeddable":true,"href":"https:\/\/ses-creative.com\/fr\/wp-json\/wp\/v2\/product_tag?post=118135"}],"curies":[{"name":"wp","href":"https:\/\/api.w.org\/{rel}","templated":true}]}}