











{"id":118133,"date":"2026-02-12T10:08:45","date_gmt":"2026-02-12T10:08:45","guid":{"rendered":"https:\/\/ses-creative.com\/?post_type=product&#038;p=118133"},"modified":"2026-02-12T10:22:33","modified_gmt":"2026-02-12T10:22:33","slug":"faire-des-bulles-les-plus-gigantesques","status":"publish","type":"product","link":"https:\/\/ses-creative.com\/fr\/produit\/faire-des-bulles-les-plus-gigantesques\/","title":{"rendered":"Faire des bulles les plus gigantesques"},"content":{"rendered":"<p>Pr\u00e9parez-vous \u00e0 cr\u00e9er de la magie avec Giant Mega Bubbles !<br \/>\nCe fantastique ensemble comprend des b\u00e2tons extra longs qui vous permettent de cr\u00e9er des bulles XXL, source de joie et d&rsquo;\u00e9merveillement lors de toutes vos activit\u00e9s en plein air. Trempez la ficelle dans le liquide \u00e0 bulles, \u00e9cartez les b\u00e2tons et regardez les bulles g\u00e9antes se former et s&rsquo;envoler. Parfaites pour le jardin, le parc ou la plage, ces bulles \u00e9merveilleront les enfants comme les adultes.<br \/>\nCe qui rend ce kit g\u00e9nial<br \/>\n&#8211;    Cr\u00e9ez des bulles g\u00e9antes<br \/>\n&#8211;    Rallonges pour le souffleur \u00e0 bulles afin de cr\u00e9er des bulles encore plus grandes<br \/>\n&#8211;    Bulle de savon ultra r\u00e9sistante pour des bulles extra larges<br \/>\n&#8211;    Parfait pour les activit\u00e9s de plein air en \u00e9t\u00e9<br \/>\n&#8211;    Recharge de solution savonneuse disponible<br \/>\nVous n&rsquo;en avez jamais vu d&rsquo;aussi grosses !<br \/>\nAvec le kit Giga Mega Bubbles, vous avez tout ce qu&rsquo;il faut pour cr\u00e9er d&rsquo;\u00e9normes bulles scintillantes qui flottent gracieusement dans les airs. Faire des bulles n&rsquo;est pas seulement amusant, c&rsquo;est une activit\u00e9 envo\u00fbtante qui captive et divertit. C&rsquo;est aussi un excellent moyen d&rsquo;\u00eatre \u00e0 l&rsquo;ext\u00e9rieur, de profiter de l&rsquo;air frais et de faire de l&rsquo;exercice physique. De plus, faire des bulles aide \u00e0 d\u00e9velopper la coordination et la motricit\u00e9, tout en procurant des heures de rire et de plaisir.<br \/>\nContenu du kit<br \/>\n&#8211;    Outil \u00e0 bulles pour faire des bulles g\u00e9antes<br \/>\n&#8211;    Avec des accessoires pour faire des bulles encore plus grandes<br \/>\n&#8211;    200 ml de solution pour bulles<br \/>\n&#8211;    Bac pour bulles<br \/>\nPourquoi choisir SES Creative ?<br \/>\nChez SES Creative, nous accordons une grande importance \u00e0 la s\u00e9curit\u00e9. C&rsquo;est pourquoi nos produits sont fabriqu\u00e9s et test\u00e9s dans notre usine aux Pays-Bas, conform\u00e9ment aux normes de s\u00e9curit\u00e9 europ\u00e9ennes les plus strictes. Les jouets SES Creative sont source de plaisir et permettent aux enfants d&rsquo;\u00eatre fiers de leur travail, ce qui stimule leur cr\u00e9ativit\u00e9 et leur d\u00e9veloppement.<br \/>\nCommencez d\u00e8s aujourd&rsquo;hui \u00e0 cr\u00e9er des bulles g\u00e9antes !<br \/>\n\u00cates-vous pr\u00eat \u00e0 cr\u00e9er un peu de magie ? Prenez votre kit Giant Mega Bubbles, sortez et commencez \u00e0 cr\u00e9er de magnifiques bulles qui \u00e9merveilleront tout le monde. Il est temps de plonger, d&rsquo;\u00e9taler et de cr\u00e9er des moments inoubliables avec des bulles !<\/p>\n","protected":false},"excerpt":{"rendered":"<p>Pr\u00e9parez-vous \u00e0 cr\u00e9er de la magie avec Giant Mega Bubbles ! Ce fantastique ensemble comprend des b\u00e2tons extra longs qui vous permettent de cr\u00e9er des bulles XXL, source de joie et d&rsquo;\u00e9merveillement lors de toutes vos activit\u00e9s en plein air. Trempez la ficelle dans le liquide \u00e0 bulles, \u00e9cartez les b\u00e2tons et regardez les bulles [&hellip;]<\/p>\n","protected":false},"featured_media":0,"comment_status":"closed","ping_status":"closed","template":"","meta":{"_acf_changed":false},"product_brand":[],"product_cat":[126],"product_tag":[],"class_list":{"0":"post-118133","1":"product","2":"type-product","3":"status-publish","5":"product_cat-jeux-dexterieur","6":"pa_collecties-mega-bubbles","7":"pa_leeftijd-filter-4-6-ans","8":"pa_meest-populair-bij-garcons-filles","10":"first","11":"instock","12":"shipping-taxable","13":"product-type-simple"},"acf":[],"yoast_head":"<!-- This site is optimized with the Yoast SEO plugin v27.4 - https:\/\/yoast.com\/product\/yoast-seo-wordpress\/ -->\n<title>Faire des bulles les plus gigantesques - SES Creative<\/title>\n<meta name=\"robots\" content=\"index, follow, max-snippet:-1, max-image-preview:large, max-video-preview:-1\" \/>\n<link rel=\"canonical\" href=\"https:\/\/ses-creative.com\/fr\/produit\/faire-des-bulles-les-plus-gigantesques\/\" \/>\n<meta property=\"og:locale\" content=\"fr_FR\" \/>\n<meta property=\"og:type\" content=\"article\" \/>\n<meta property=\"og:title\" content=\"Faire des bulles les plus gigantesques - SES Creative\" \/>\n<meta property=\"og:description\" content=\"Pr\u00e9parez-vous \u00e0 cr\u00e9er de la magie avec Giant Mega Bubbles ! Ce fantastique ensemble comprend des b\u00e2tons extra longs qui vous permettent de cr\u00e9er des bulles XXL, source de joie et d&rsquo;\u00e9merveillement lors de toutes vos activit\u00e9s en plein air. Trempez la ficelle dans le liquide \u00e0 bulles, \u00e9cartez les b\u00e2tons et regardez les bulles [&hellip;]\" \/>\n<meta property=\"og:url\" content=\"https:\/\/ses-creative.com\/fr\/produit\/faire-des-bulles-les-plus-gigantesques\/\" \/>\n<meta property=\"og:site_name\" content=\"SES Creative\" \/>\n<meta property=\"article:modified_time\" content=\"2026-02-12T10:22:33+00:00\" \/>\n<meta name=\"twitter:card\" content=\"summary_large_image\" \/>\n<meta name=\"twitter:label1\" content=\"Dur\u00e9e de lecture estim\u00e9e\" \/>\n\t<meta name=\"twitter:data1\" content=\"2 minutes\" \/>\n<script type=\"application\/ld+json\" class=\"yoast-schema-graph\">{\"@context\":\"https:\\\/\\\/schema.org\",\"@graph\":[{\"@type\":\"WebPage\",\"@id\":\"https:\\\/\\\/ses-creative.com\\\/fr\\\/produit\\\/faire-des-bulles-les-plus-gigantesques\\\/\",\"url\":\"https:\\\/\\\/ses-creative.com\\\/fr\\\/produit\\\/faire-des-bulles-les-plus-gigantesques\\\/\",\"name\":\"Faire des bulles les plus gigantesques - SES Creative\",\"isPartOf\":{\"@id\":\"https:\\\/\\\/ses-creative.com\\\/#website\"},\"datePublished\":\"2026-02-12T10:08:45+00:00\",\"dateModified\":\"2026-02-12T10:22:33+00:00\",\"breadcrumb\":{\"@id\":\"https:\\\/\\\/ses-creative.com\\\/fr\\\/produit\\\/faire-des-bulles-les-plus-gigantesques\\\/#breadcrumb\"},\"inLanguage\":\"fr-FR\",\"potentialAction\":[{\"@type\":\"ReadAction\",\"target\":[\"https:\\\/\\\/ses-creative.com\\\/fr\\\/produit\\\/faire-des-bulles-les-plus-gigantesques\\\/\"]}]},{\"@type\":\"BreadcrumbList\",\"@id\":\"https:\\\/\\\/ses-creative.com\\\/fr\\\/produit\\\/faire-des-bulles-les-plus-gigantesques\\\/#breadcrumb\",\"itemListElement\":[{\"@type\":\"ListItem\",\"position\":1,\"name\":\"Boutique\",\"item\":\"https:\\\/\\\/ses-creative.com\\\/fr\\\/boutique\\\/\"},{\"@type\":\"ListItem\",\"position\":2,\"name\":\"Jeux d\u2019ext\u00e9rieur\",\"item\":\"https:\\\/\\\/ses-creative.com\\\/fr\\\/product-categorie\\\/jeux-dexterieur\\\/\"},{\"@type\":\"ListItem\",\"position\":3,\"name\":\"Faire des bulles les plus gigantesques\"}]},{\"@type\":\"WebSite\",\"@id\":\"https:\\\/\\\/ses-creative.com\\\/#website\",\"url\":\"https:\\\/\\\/ses-creative.com\\\/\",\"name\":\"SES Creative\",\"description\":\"\",\"publisher\":{\"@id\":\"https:\\\/\\\/ses-creative.com\\\/#organization\"},\"potentialAction\":[{\"@type\":\"SearchAction\",\"target\":{\"@type\":\"EntryPoint\",\"urlTemplate\":\"https:\\\/\\\/ses-creative.com\\\/?s={search_term_string}\"},\"query-input\":{\"@type\":\"PropertyValueSpecification\",\"valueRequired\":true,\"valueName\":\"search_term_string\"}}],\"inLanguage\":\"fr-FR\"},{\"@type\":\"Organization\",\"@id\":\"https:\\\/\\\/ses-creative.com\\\/#organization\",\"name\":\"SES Creative\",\"url\":\"https:\\\/\\\/ses-creative.com\\\/\",\"logo\":{\"@type\":\"ImageObject\",\"inLanguage\":\"fr-FR\",\"@id\":\"https:\\\/\\\/ses-creative.com\\\/#\\\/schema\\\/logo\\\/image\\\/\",\"url\":\"https:\\\/\\\/ses-creative.com\\\/wp-content\\\/uploads\\\/2025\\\/10\\\/ses-creative-logo.jpg\",\"contentUrl\":\"https:\\\/\\\/ses-creative.com\\\/wp-content\\\/uploads\\\/2025\\\/10\\\/ses-creative-logo.jpg\",\"width\":2037,\"height\":2037,\"caption\":\"SES Creative\"},\"image\":{\"@id\":\"https:\\\/\\\/ses-creative.com\\\/#\\\/schema\\\/logo\\\/image\\\/\"}}]}<\/script>\n<!-- \/ Yoast SEO plugin. -->","yoast_head_json":{"title":"Faire des bulles les plus gigantesques - SES Creative","robots":{"index":"index","follow":"follow","max-snippet":"max-snippet:-1","max-image-preview":"max-image-preview:large","max-video-preview":"max-video-preview:-1"},"canonical":"https:\/\/ses-creative.com\/fr\/produit\/faire-des-bulles-les-plus-gigantesques\/","og_locale":"fr_FR","og_type":"article","og_title":"Faire des bulles les plus gigantesques - SES Creative","og_description":"Pr\u00e9parez-vous \u00e0 cr\u00e9er de la magie avec Giant Mega Bubbles ! Ce fantastique ensemble comprend des b\u00e2tons extra longs qui vous permettent de cr\u00e9er des bulles XXL, source de joie et d&rsquo;\u00e9merveillement lors de toutes vos activit\u00e9s en plein air. Trempez la ficelle dans le liquide \u00e0 bulles, \u00e9cartez les b\u00e2tons et regardez les bulles [&hellip;]","og_url":"https:\/\/ses-creative.com\/fr\/produit\/faire-des-bulles-les-plus-gigantesques\/","og_site_name":"SES Creative","article_modified_time":"2026-02-12T10:22:33+00:00","twitter_card":"summary_large_image","twitter_misc":{"Dur\u00e9e de lecture estim\u00e9e":"2 minutes"},"schema":{"@context":"https:\/\/schema.org","@graph":[{"@type":"WebPage","@id":"https:\/\/ses-creative.com\/fr\/produit\/faire-des-bulles-les-plus-gigantesques\/","url":"https:\/\/ses-creative.com\/fr\/produit\/faire-des-bulles-les-plus-gigantesques\/","name":"Faire des bulles les plus gigantesques - SES Creative","isPartOf":{"@id":"https:\/\/ses-creative.com\/#website"},"datePublished":"2026-02-12T10:08:45+00:00","dateModified":"2026-02-12T10:22:33+00:00","breadcrumb":{"@id":"https:\/\/ses-creative.com\/fr\/produit\/faire-des-bulles-les-plus-gigantesques\/#breadcrumb"},"inLanguage":"fr-FR","potentialAction":[{"@type":"ReadAction","target":["https:\/\/ses-creative.com\/fr\/produit\/faire-des-bulles-les-plus-gigantesques\/"]}]},{"@type":"BreadcrumbList","@id":"https:\/\/ses-creative.com\/fr\/produit\/faire-des-bulles-les-plus-gigantesques\/#breadcrumb","itemListElement":[{"@type":"ListItem","position":1,"name":"Boutique","item":"https:\/\/ses-creative.com\/fr\/boutique\/"},{"@type":"ListItem","position":2,"name":"Jeux d\u2019ext\u00e9rieur","item":"https:\/\/ses-creative.com\/fr\/product-categorie\/jeux-dexterieur\/"},{"@type":"ListItem","position":3,"name":"Faire des bulles les plus gigantesques"}]},{"@type":"WebSite","@id":"https:\/\/ses-creative.com\/#website","url":"https:\/\/ses-creative.com\/","name":"SES Creative","description":"","publisher":{"@id":"https:\/\/ses-creative.com\/#organization"},"potentialAction":[{"@type":"SearchAction","target":{"@type":"EntryPoint","urlTemplate":"https:\/\/ses-creative.com\/?s={search_term_string}"},"query-input":{"@type":"PropertyValueSpecification","valueRequired":true,"valueName":"search_term_string"}}],"inLanguage":"fr-FR"},{"@type":"Organization","@id":"https:\/\/ses-creative.com\/#organization","name":"SES Creative","url":"https:\/\/ses-creative.com\/","logo":{"@type":"ImageObject","inLanguage":"fr-FR","@id":"https:\/\/ses-creative.com\/#\/schema\/logo\/image\/","url":"https:\/\/ses-creative.com\/wp-content\/uploads\/2025\/10\/ses-creative-logo.jpg","contentUrl":"https:\/\/ses-creative.com\/wp-content\/uploads\/2025\/10\/ses-creative-logo.jpg","width":2037,"height":2037,"caption":"SES Creative"},"image":{"@id":"https:\/\/ses-creative.com\/#\/schema\/logo\/image\/"}}]}},"_links":{"self":[{"href":"https:\/\/ses-creative.com\/fr\/wp-json\/wp\/v2\/product\/118133","targetHints":{"allow":["GET"]}}],"collection":[{"href":"https:\/\/ses-creative.com\/fr\/wp-json\/wp\/v2\/product"}],"about":[{"href":"https:\/\/ses-creative.com\/fr\/wp-json\/wp\/v2\/types\/product"}],"replies":[{"embeddable":true,"href":"https:\/\/ses-creative.com\/fr\/wp-json\/wp\/v2\/comments?post=118133"}],"wp:attachment":[{"href":"https:\/\/ses-creative.com\/fr\/wp-json\/wp\/v2\/media?parent=118133"}],"wp:term":[{"taxonomy":"product_brand","embeddable":true,"href":"https:\/\/ses-creative.com\/fr\/wp-json\/wp\/v2\/product_brand?post=118133"},{"taxonomy":"product_cat","embeddable":true,"href":"https:\/\/ses-creative.com\/fr\/wp-json\/wp\/v2\/product_cat?post=118133"},{"taxonomy":"product_tag","embeddable":true,"href":"https:\/\/ses-creative.com\/fr\/wp-json\/wp\/v2\/product_tag?post=118133"}],"curies":[{"name":"wp","href":"https:\/\/api.w.org\/{rel}","templated":true}]}}