











{"id":118132,"date":"2026-02-12T10:08:45","date_gmt":"2026-02-12T10:08:45","guid":{"rendered":"https:\/\/ses-creative.com\/?post_type=product&#038;p=118132"},"modified":"2026-02-12T10:22:32","modified_gmt":"2026-02-12T10:22:32","slug":"bulles-geantes-toile-daraignee","status":"publish","type":"product","link":"https:\/\/ses-creative.com\/fr\/produit\/bulles-geantes-toile-daraignee\/","title":{"rendered":"Bulles g\u00e9antes toile d&rsquo;araign\u00e9e"},"content":{"rendered":"<p>Cr\u00e9ez des bulles effrayantes et amusantes avec la toile d&rsquo;araign\u00e9e !<br \/>\nLes enfants peuvent cr\u00e9er d&rsquo;\u00e9normes bulles avec ce kit Mega Bubbles Spider Web. Gr\u00e2ce \u00e0 la forme sp\u00e9ciale en toile d&rsquo;araign\u00e9e et \u00e0 la solution \u00e0 bulles ultra puissante, vous pouvez cr\u00e9er en un clin d&rsquo;\u0153il des bulles g\u00e9antes qui restent longtemps en suspension dans l&rsquo;air. Quelle taille pouvez-vous leur donner avant qu&rsquo;elles n&rsquo;\u00e9clatent ?<br \/>\nCe qui rend ce kit g\u00e9nial<br \/>\n&#8211;    Solution \u00e0 bulles ultra r\u00e9sistante pour des bulles extra larges<br \/>\n&#8211;    Cr\u00e9ez des bulles g\u00e9antes qui flottent longtemps<br \/>\n&#8211;    Th\u00e8me effrayant. Forme en toile d&rsquo;araign\u00e9e pour des bulles uniques et g\u00e9antes<br \/>\n&#8211;    Parfait pour les activit\u00e9s en plein air<br \/>\n&#8211;    Recharge de solution savonneuse disponible<br \/>\nD\u00e9couvrez le plaisir des bulles g\u00e9antes<br \/>\nAvec ce kit, vous pouvez facilement cr\u00e9er d&rsquo;\u00e9normes bulles qui cr\u00e9ent une atmosph\u00e8re magique. Trempez la toile d&rsquo;araign\u00e9e dans la solution savonneuse, \u00e9tirez-la doucement et regardez les bulles se former. Essayez diff\u00e9rentes techniques et voyez jusqu&rsquo;o\u00f9 vous pouvez faire voler les bulles !<br \/>\nContenu du kit<br \/>\n&#8211;    Outil \u00e0 bulles en bois en forme de toile d&rsquo;araign\u00e9e<br \/>\n&#8211;    Solution \u00e0 bulles (200 ml)<br \/>\nPourquoi choisir SES Creative ?<br \/>\nChez SES Creative, nous accordons une grande importance \u00e0 la s\u00e9curit\u00e9. C&rsquo;est pourquoi nos produits sont fabriqu\u00e9s et test\u00e9s dans notre usine aux Pays-Bas, conform\u00e9ment aux normes de s\u00e9curit\u00e9 europ\u00e9ennes les plus strictes. Les jouets SES Creative sont source de plaisir et permettent aux enfants d&rsquo;\u00eatre fiers de leur travail, ce qui stimule leur cr\u00e9ativit\u00e9 et leur d\u00e9veloppement.<br \/>\nCommencez d\u00e8s aujourd&rsquo;hui \u00e0 faire des bulles g\u00e9antes en forme de toile d&rsquo;araign\u00e9e !<br \/>\nAmusez-vous pendant des heures avec le kit Mega Bubbles. Id\u00e9al pour les enfants qui aiment jouer dehors et faire les plus grosses bulles !<\/p>\n","protected":false},"excerpt":{"rendered":"<p>Cr\u00e9ez des bulles effrayantes et amusantes avec la toile d&rsquo;araign\u00e9e ! Les enfants peuvent cr\u00e9er d&rsquo;\u00e9normes bulles avec ce kit Mega Bubbles Spider Web. Gr\u00e2ce \u00e0 la forme sp\u00e9ciale en toile d&rsquo;araign\u00e9e et \u00e0 la solution \u00e0 bulles ultra puissante, vous pouvez cr\u00e9er en un clin d&rsquo;\u0153il des bulles g\u00e9antes qui restent longtemps en suspension [&hellip;]<\/p>\n","protected":false},"featured_media":99428,"comment_status":"closed","ping_status":"closed","template":"","meta":{"_acf_changed":false},"product_brand":[],"product_cat":[126],"product_tag":[],"class_list":{"0":"post-118132","1":"product","2":"type-product","3":"status-publish","4":"has-post-thumbnail","6":"product_cat-jeux-dexterieur","7":"pa_collecties-mega-bubbles","8":"pa_leeftijd-filter-4-6-ans","9":"pa_meest-populair-bij-garcons-filles","11":"first","12":"instock","13":"shipping-taxable","14":"product-type-simple"},"acf":[],"yoast_head":"<!-- This site is optimized with the Yoast SEO plugin v27.4 - https:\/\/yoast.com\/product\/yoast-seo-wordpress\/ -->\n<title>Bulles g\u00e9antes toile d&#039;araign\u00e9e - SES Creative<\/title>\n<meta name=\"robots\" content=\"index, follow, max-snippet:-1, max-image-preview:large, max-video-preview:-1\" \/>\n<link rel=\"canonical\" href=\"https:\/\/ses-creative.com\/fr\/produit\/bulles-geantes-toile-daraignee\/\" \/>\n<meta property=\"og:locale\" content=\"fr_FR\" \/>\n<meta property=\"og:type\" content=\"article\" \/>\n<meta property=\"og:title\" content=\"Bulles g\u00e9antes toile d&#039;araign\u00e9e - SES Creative\" \/>\n<meta property=\"og:description\" content=\"Cr\u00e9ez des bulles effrayantes et amusantes avec la toile d&rsquo;araign\u00e9e ! Les enfants peuvent cr\u00e9er d&rsquo;\u00e9normes bulles avec ce kit Mega Bubbles Spider Web. Gr\u00e2ce \u00e0 la forme sp\u00e9ciale en toile d&rsquo;araign\u00e9e et \u00e0 la solution \u00e0 bulles ultra puissante, vous pouvez cr\u00e9er en un clin d&rsquo;\u0153il des bulles g\u00e9antes qui restent longtemps en suspension [&hellip;]\" \/>\n<meta property=\"og:url\" content=\"https:\/\/ses-creative.com\/fr\/produit\/bulles-geantes-toile-daraignee\/\" \/>\n<meta property=\"og:site_name\" content=\"SES Creative\" \/>\n<meta property=\"article:modified_time\" content=\"2026-02-12T10:22:32+00:00\" \/>\n<meta name=\"twitter:card\" content=\"summary_large_image\" \/>\n<meta name=\"twitter:label1\" content=\"Dur\u00e9e de lecture estim\u00e9e\" \/>\n\t<meta name=\"twitter:data1\" content=\"2 minutes\" \/>\n<script type=\"application\/ld+json\" class=\"yoast-schema-graph\">{\"@context\":\"https:\\\/\\\/schema.org\",\"@graph\":[{\"@type\":\"WebPage\",\"@id\":\"https:\\\/\\\/ses-creative.com\\\/fr\\\/produit\\\/bulles-geantes-toile-daraignee\\\/\",\"url\":\"https:\\\/\\\/ses-creative.com\\\/fr\\\/produit\\\/bulles-geantes-toile-daraignee\\\/\",\"name\":\"Bulles g\u00e9antes toile d'araign\u00e9e - SES Creative\",\"isPartOf\":{\"@id\":\"https:\\\/\\\/ses-creative.com\\\/#website\"},\"primaryImageOfPage\":{\"@id\":\"https:\\\/\\\/ses-creative.com\\\/fr\\\/produit\\\/bulles-geantes-toile-daraignee\\\/#primaryimage\"},\"image\":{\"@id\":\"https:\\\/\\\/ses-creative.com\\\/fr\\\/produit\\\/bulles-geantes-toile-daraignee\\\/#primaryimage\"},\"thumbnailUrl\":\"https:\\\/\\\/ses-creative.com\\\/wp-content\\\/uploads\\\/2026\\\/01\\\/023221.jpg\",\"datePublished\":\"2026-02-12T10:08:45+00:00\",\"dateModified\":\"2026-02-12T10:22:32+00:00\",\"breadcrumb\":{\"@id\":\"https:\\\/\\\/ses-creative.com\\\/fr\\\/produit\\\/bulles-geantes-toile-daraignee\\\/#breadcrumb\"},\"inLanguage\":\"fr-FR\",\"potentialAction\":[{\"@type\":\"ReadAction\",\"target\":[\"https:\\\/\\\/ses-creative.com\\\/fr\\\/produit\\\/bulles-geantes-toile-daraignee\\\/\"]}]},{\"@type\":\"ImageObject\",\"inLanguage\":\"fr-FR\",\"@id\":\"https:\\\/\\\/ses-creative.com\\\/fr\\\/produit\\\/bulles-geantes-toile-daraignee\\\/#primaryimage\",\"url\":\"https:\\\/\\\/ses-creative.com\\\/wp-content\\\/uploads\\\/2026\\\/01\\\/023221.jpg\",\"contentUrl\":\"https:\\\/\\\/ses-creative.com\\\/wp-content\\\/uploads\\\/2026\\\/01\\\/023221.jpg\",\"width\":1000,\"height\":1000},{\"@type\":\"BreadcrumbList\",\"@id\":\"https:\\\/\\\/ses-creative.com\\\/fr\\\/produit\\\/bulles-geantes-toile-daraignee\\\/#breadcrumb\",\"itemListElement\":[{\"@type\":\"ListItem\",\"position\":1,\"name\":\"Boutique\",\"item\":\"https:\\\/\\\/ses-creative.com\\\/fr\\\/boutique\\\/\"},{\"@type\":\"ListItem\",\"position\":2,\"name\":\"Jeux d\u2019ext\u00e9rieur\",\"item\":\"https:\\\/\\\/ses-creative.com\\\/fr\\\/product-categorie\\\/jeux-dexterieur\\\/\"},{\"@type\":\"ListItem\",\"position\":3,\"name\":\"Bulles g\u00e9antes toile d&#8217;araign\u00e9e\"}]},{\"@type\":\"WebSite\",\"@id\":\"https:\\\/\\\/ses-creative.com\\\/#website\",\"url\":\"https:\\\/\\\/ses-creative.com\\\/\",\"name\":\"SES Creative\",\"description\":\"\",\"publisher\":{\"@id\":\"https:\\\/\\\/ses-creative.com\\\/#organization\"},\"potentialAction\":[{\"@type\":\"SearchAction\",\"target\":{\"@type\":\"EntryPoint\",\"urlTemplate\":\"https:\\\/\\\/ses-creative.com\\\/?s={search_term_string}\"},\"query-input\":{\"@type\":\"PropertyValueSpecification\",\"valueRequired\":true,\"valueName\":\"search_term_string\"}}],\"inLanguage\":\"fr-FR\"},{\"@type\":\"Organization\",\"@id\":\"https:\\\/\\\/ses-creative.com\\\/#organization\",\"name\":\"SES Creative\",\"url\":\"https:\\\/\\\/ses-creative.com\\\/\",\"logo\":{\"@type\":\"ImageObject\",\"inLanguage\":\"fr-FR\",\"@id\":\"https:\\\/\\\/ses-creative.com\\\/#\\\/schema\\\/logo\\\/image\\\/\",\"url\":\"https:\\\/\\\/ses-creative.com\\\/wp-content\\\/uploads\\\/2025\\\/10\\\/ses-creative-logo.jpg\",\"contentUrl\":\"https:\\\/\\\/ses-creative.com\\\/wp-content\\\/uploads\\\/2025\\\/10\\\/ses-creative-logo.jpg\",\"width\":2037,\"height\":2037,\"caption\":\"SES Creative\"},\"image\":{\"@id\":\"https:\\\/\\\/ses-creative.com\\\/#\\\/schema\\\/logo\\\/image\\\/\"}}]}<\/script>\n<!-- \/ Yoast SEO plugin. -->","yoast_head_json":{"title":"Bulles g\u00e9antes toile d'araign\u00e9e - SES Creative","robots":{"index":"index","follow":"follow","max-snippet":"max-snippet:-1","max-image-preview":"max-image-preview:large","max-video-preview":"max-video-preview:-1"},"canonical":"https:\/\/ses-creative.com\/fr\/produit\/bulles-geantes-toile-daraignee\/","og_locale":"fr_FR","og_type":"article","og_title":"Bulles g\u00e9antes toile d'araign\u00e9e - SES Creative","og_description":"Cr\u00e9ez des bulles effrayantes et amusantes avec la toile d&rsquo;araign\u00e9e ! Les enfants peuvent cr\u00e9er d&rsquo;\u00e9normes bulles avec ce kit Mega Bubbles Spider Web. Gr\u00e2ce \u00e0 la forme sp\u00e9ciale en toile d&rsquo;araign\u00e9e et \u00e0 la solution \u00e0 bulles ultra puissante, vous pouvez cr\u00e9er en un clin d&rsquo;\u0153il des bulles g\u00e9antes qui restent longtemps en suspension [&hellip;]","og_url":"https:\/\/ses-creative.com\/fr\/produit\/bulles-geantes-toile-daraignee\/","og_site_name":"SES Creative","article_modified_time":"2026-02-12T10:22:32+00:00","twitter_card":"summary_large_image","twitter_misc":{"Dur\u00e9e de lecture estim\u00e9e":"2 minutes"},"schema":{"@context":"https:\/\/schema.org","@graph":[{"@type":"WebPage","@id":"https:\/\/ses-creative.com\/fr\/produit\/bulles-geantes-toile-daraignee\/","url":"https:\/\/ses-creative.com\/fr\/produit\/bulles-geantes-toile-daraignee\/","name":"Bulles g\u00e9antes toile d'araign\u00e9e - SES Creative","isPartOf":{"@id":"https:\/\/ses-creative.com\/#website"},"primaryImageOfPage":{"@id":"https:\/\/ses-creative.com\/fr\/produit\/bulles-geantes-toile-daraignee\/#primaryimage"},"image":{"@id":"https:\/\/ses-creative.com\/fr\/produit\/bulles-geantes-toile-daraignee\/#primaryimage"},"thumbnailUrl":"https:\/\/ses-creative.com\/wp-content\/uploads\/2026\/01\/023221.jpg","datePublished":"2026-02-12T10:08:45+00:00","dateModified":"2026-02-12T10:22:32+00:00","breadcrumb":{"@id":"https:\/\/ses-creative.com\/fr\/produit\/bulles-geantes-toile-daraignee\/#breadcrumb"},"inLanguage":"fr-FR","potentialAction":[{"@type":"ReadAction","target":["https:\/\/ses-creative.com\/fr\/produit\/bulles-geantes-toile-daraignee\/"]}]},{"@type":"ImageObject","inLanguage":"fr-FR","@id":"https:\/\/ses-creative.com\/fr\/produit\/bulles-geantes-toile-daraignee\/#primaryimage","url":"https:\/\/ses-creative.com\/wp-content\/uploads\/2026\/01\/023221.jpg","contentUrl":"https:\/\/ses-creative.com\/wp-content\/uploads\/2026\/01\/023221.jpg","width":1000,"height":1000},{"@type":"BreadcrumbList","@id":"https:\/\/ses-creative.com\/fr\/produit\/bulles-geantes-toile-daraignee\/#breadcrumb","itemListElement":[{"@type":"ListItem","position":1,"name":"Boutique","item":"https:\/\/ses-creative.com\/fr\/boutique\/"},{"@type":"ListItem","position":2,"name":"Jeux d\u2019ext\u00e9rieur","item":"https:\/\/ses-creative.com\/fr\/product-categorie\/jeux-dexterieur\/"},{"@type":"ListItem","position":3,"name":"Bulles g\u00e9antes toile d&#8217;araign\u00e9e"}]},{"@type":"WebSite","@id":"https:\/\/ses-creative.com\/#website","url":"https:\/\/ses-creative.com\/","name":"SES Creative","description":"","publisher":{"@id":"https:\/\/ses-creative.com\/#organization"},"potentialAction":[{"@type":"SearchAction","target":{"@type":"EntryPoint","urlTemplate":"https:\/\/ses-creative.com\/?s={search_term_string}"},"query-input":{"@type":"PropertyValueSpecification","valueRequired":true,"valueName":"search_term_string"}}],"inLanguage":"fr-FR"},{"@type":"Organization","@id":"https:\/\/ses-creative.com\/#organization","name":"SES Creative","url":"https:\/\/ses-creative.com\/","logo":{"@type":"ImageObject","inLanguage":"fr-FR","@id":"https:\/\/ses-creative.com\/#\/schema\/logo\/image\/","url":"https:\/\/ses-creative.com\/wp-content\/uploads\/2025\/10\/ses-creative-logo.jpg","contentUrl":"https:\/\/ses-creative.com\/wp-content\/uploads\/2025\/10\/ses-creative-logo.jpg","width":2037,"height":2037,"caption":"SES Creative"},"image":{"@id":"https:\/\/ses-creative.com\/#\/schema\/logo\/image\/"}}]}},"_links":{"self":[{"href":"https:\/\/ses-creative.com\/fr\/wp-json\/wp\/v2\/product\/118132","targetHints":{"allow":["GET"]}}],"collection":[{"href":"https:\/\/ses-creative.com\/fr\/wp-json\/wp\/v2\/product"}],"about":[{"href":"https:\/\/ses-creative.com\/fr\/wp-json\/wp\/v2\/types\/product"}],"replies":[{"embeddable":true,"href":"https:\/\/ses-creative.com\/fr\/wp-json\/wp\/v2\/comments?post=118132"}],"wp:featuredmedia":[{"embeddable":true,"href":"https:\/\/ses-creative.com\/fr\/wp-json\/wp\/v2\/media\/99428"}],"wp:attachment":[{"href":"https:\/\/ses-creative.com\/fr\/wp-json\/wp\/v2\/media?parent=118132"}],"wp:term":[{"taxonomy":"product_brand","embeddable":true,"href":"https:\/\/ses-creative.com\/fr\/wp-json\/wp\/v2\/product_brand?post=118132"},{"taxonomy":"product_cat","embeddable":true,"href":"https:\/\/ses-creative.com\/fr\/wp-json\/wp\/v2\/product_cat?post=118132"},{"taxonomy":"product_tag","embeddable":true,"href":"https:\/\/ses-creative.com\/fr\/wp-json\/wp\/v2\/product_tag?post=118132"}],"curies":[{"name":"wp","href":"https:\/\/api.w.org\/{rel}","templated":true}]}}