











{"id":118131,"date":"2026-02-12T10:08:45","date_gmt":"2026-02-12T10:08:45","guid":{"rendered":"https:\/\/ses-creative.com\/?post_type=product&#038;p=118131"},"modified":"2026-02-12T10:22:32","modified_gmt":"2026-02-12T10:22:32","slug":"splash-lanceur-deau","status":"publish","type":"product","link":"https:\/\/ses-creative.com\/fr\/produit\/splash-lanceur-deau\/","title":{"rendered":"Splash lanceur d&rsquo;eau"},"content":{"rendered":"<p>Amusez-vous avec les ballons d&rsquo;eau Splash !<br \/>\nSortez et vivez le plaisir ultime de l&rsquo;eau avec le lanceur d&rsquo;eau Splash ! Avec cet outil de lancement g\u00e9nial, vous pouvez lancer les balles splash jusqu&rsquo;\u00e0 25 m\u00e8tres, pour des batailles d&rsquo;eau \u00e9claboussantes garanties. Trempez les ballons dans l&rsquo;eau, chargez-les dans le lanceur et lancez-les \u00e0 vos amis pour une bataille d&rsquo;eau rafra\u00eechissante. Les ballons sont r\u00e9utilisables et souples, ce qui les rend s\u00fbrs et amusants pour tout le monde.<br \/>\nCe qui rend ce set g\u00e9nial<br \/>\n&#8211;    Lancez tr\u00e8s loin gr\u00e2ce au lanceur<br \/>\n&#8211;    R\u00e9utilisables<br \/>\n&#8211; Alternative durable aux ballons d&rsquo;eau<br \/>\n&#8211;    Pas de d\u00e9chets<br \/>\n&#8211;    Facile \u00e0 nettoyer<br \/>\nJeu d&rsquo;\u00e9t\u00e9 actif<br \/>\nLe lanceur de balles Splash est parfait pour tous ceux qui aiment jouer activement en plein air et s&rsquo;amuser au soleil. Ce n&rsquo;est pas seulement un jouet, c&rsquo;est une fa\u00e7on ludique de profiter des journ\u00e9es chaudes, de d\u00e9fier ses amis et de tester ses comp\u00e9tences. Lancer les balles Splash vous aide \u00e0 am\u00e9liorer votre coordination et votre pr\u00e9cision, tout en profitant du beau temps.<br \/>\nContenu du set<br \/>\n&#8211;    Lanceur de balles aquatiques<br \/>\n&#8211;    12 balles splash de diff\u00e9rentes couleurs<br \/>\nPourquoi choisir SES Creative ?<br \/>\nChez SES Creative, nous accordons une grande importance \u00e0 la s\u00e9curit\u00e9. C&rsquo;est pourquoi nos produits sont fabriqu\u00e9s et test\u00e9s dans notre usine aux Pays-Bas, conform\u00e9ment aux normes de s\u00e9curit\u00e9 europ\u00e9ennes les plus strictes. Les jouets SES Creative sont source de plaisir et permettent aux enfants d&rsquo;\u00eatre fiers de leur travail, ce qui stimule leur cr\u00e9ativit\u00e9 et leur d\u00e9veloppement.<br \/>\nCommencez d\u00e8s aujourd&rsquo;hui \u00e0 lancer des balles Splash Water !<br \/>\nPr\u00e9parez-vous \u00e0 vous amuser dans l&rsquo;eau et \u00e0 conqu\u00e9rir le jardin avec votre lanceur d&rsquo;eau Splash. Sortez votre lanceur et vos balles Splash et lancez-vous dans une bataille d&rsquo;eau passionnante ! Pr\u00e9parez-vous \u00e0 un \u00e9t\u00e9 plein d&rsquo;aventures \u00e9claboussantes et de duels rafra\u00eechissants !<\/p>\n","protected":false},"excerpt":{"rendered":"<p>Amusez-vous avec les ballons d&rsquo;eau Splash ! Sortez et vivez le plaisir ultime de l&rsquo;eau avec le lanceur d&rsquo;eau Splash ! Avec cet outil de lancement g\u00e9nial, vous pouvez lancer les balles splash jusqu&rsquo;\u00e0 25 m\u00e8tres, pour des batailles d&rsquo;eau \u00e9claboussantes garanties. Trempez les ballons dans l&rsquo;eau, chargez-les dans le lanceur et lancez-les \u00e0 vos [&hellip;]<\/p>\n","protected":false},"featured_media":99408,"comment_status":"closed","ping_status":"closed","template":"","meta":{"_acf_changed":false},"product_brand":[],"product_cat":[126],"product_tag":[],"class_list":{"0":"post-118131","1":"product","2":"type-product","3":"status-publish","4":"has-post-thumbnail","6":"product_cat-jeux-dexterieur","7":"pa_collecties-splash-water-balls","8":"pa_leeftijd-filter-3-4-ans","9":"pa_meest-populair-bij-garcons-filles","11":"first","12":"instock","13":"shipping-taxable","14":"product-type-simple"},"acf":[],"yoast_head":"<!-- This site is optimized with the Yoast SEO plugin v27.4 - https:\/\/yoast.com\/product\/yoast-seo-wordpress\/ -->\n<title>Splash lanceur d&#039;eau - SES Creative<\/title>\n<meta name=\"robots\" content=\"index, follow, max-snippet:-1, max-image-preview:large, max-video-preview:-1\" \/>\n<link rel=\"canonical\" href=\"https:\/\/ses-creative.com\/fr\/produit\/splash-lanceur-deau\/\" \/>\n<meta property=\"og:locale\" content=\"fr_FR\" \/>\n<meta property=\"og:type\" content=\"article\" \/>\n<meta property=\"og:title\" content=\"Splash lanceur d&#039;eau - SES Creative\" \/>\n<meta property=\"og:description\" content=\"Amusez-vous avec les ballons d&rsquo;eau Splash ! Sortez et vivez le plaisir ultime de l&rsquo;eau avec le lanceur d&rsquo;eau Splash ! Avec cet outil de lancement g\u00e9nial, vous pouvez lancer les balles splash jusqu&rsquo;\u00e0 25 m\u00e8tres, pour des batailles d&rsquo;eau \u00e9claboussantes garanties. Trempez les ballons dans l&rsquo;eau, chargez-les dans le lanceur et lancez-les \u00e0 vos [&hellip;]\" \/>\n<meta property=\"og:url\" content=\"https:\/\/ses-creative.com\/fr\/produit\/splash-lanceur-deau\/\" \/>\n<meta property=\"og:site_name\" content=\"SES Creative\" \/>\n<meta property=\"article:modified_time\" content=\"2026-02-12T10:22:32+00:00\" \/>\n<meta name=\"twitter:card\" content=\"summary_large_image\" \/>\n<meta name=\"twitter:label1\" content=\"Dur\u00e9e de lecture estim\u00e9e\" \/>\n\t<meta name=\"twitter:data1\" content=\"2 minutes\" \/>\n<script type=\"application\/ld+json\" class=\"yoast-schema-graph\">{\"@context\":\"https:\\\/\\\/schema.org\",\"@graph\":[{\"@type\":\"WebPage\",\"@id\":\"https:\\\/\\\/ses-creative.com\\\/fr\\\/produit\\\/splash-lanceur-deau\\\/\",\"url\":\"https:\\\/\\\/ses-creative.com\\\/fr\\\/produit\\\/splash-lanceur-deau\\\/\",\"name\":\"Splash lanceur d'eau - SES Creative\",\"isPartOf\":{\"@id\":\"https:\\\/\\\/ses-creative.com\\\/#website\"},\"primaryImageOfPage\":{\"@id\":\"https:\\\/\\\/ses-creative.com\\\/fr\\\/produit\\\/splash-lanceur-deau\\\/#primaryimage\"},\"image\":{\"@id\":\"https:\\\/\\\/ses-creative.com\\\/fr\\\/produit\\\/splash-lanceur-deau\\\/#primaryimage\"},\"thumbnailUrl\":\"https:\\\/\\\/ses-creative.com\\\/wp-content\\\/uploads\\\/2026\\\/01\\\/023181.jpg\",\"datePublished\":\"2026-02-12T10:08:45+00:00\",\"dateModified\":\"2026-02-12T10:22:32+00:00\",\"breadcrumb\":{\"@id\":\"https:\\\/\\\/ses-creative.com\\\/fr\\\/produit\\\/splash-lanceur-deau\\\/#breadcrumb\"},\"inLanguage\":\"fr-FR\",\"potentialAction\":[{\"@type\":\"ReadAction\",\"target\":[\"https:\\\/\\\/ses-creative.com\\\/fr\\\/produit\\\/splash-lanceur-deau\\\/\"]}]},{\"@type\":\"ImageObject\",\"inLanguage\":\"fr-FR\",\"@id\":\"https:\\\/\\\/ses-creative.com\\\/fr\\\/produit\\\/splash-lanceur-deau\\\/#primaryimage\",\"url\":\"https:\\\/\\\/ses-creative.com\\\/wp-content\\\/uploads\\\/2026\\\/01\\\/023181.jpg\",\"contentUrl\":\"https:\\\/\\\/ses-creative.com\\\/wp-content\\\/uploads\\\/2026\\\/01\\\/023181.jpg\",\"width\":1000,\"height\":1000},{\"@type\":\"BreadcrumbList\",\"@id\":\"https:\\\/\\\/ses-creative.com\\\/fr\\\/produit\\\/splash-lanceur-deau\\\/#breadcrumb\",\"itemListElement\":[{\"@type\":\"ListItem\",\"position\":1,\"name\":\"Boutique\",\"item\":\"https:\\\/\\\/ses-creative.com\\\/fr\\\/boutique\\\/\"},{\"@type\":\"ListItem\",\"position\":2,\"name\":\"Jeux d\u2019ext\u00e9rieur\",\"item\":\"https:\\\/\\\/ses-creative.com\\\/fr\\\/product-categorie\\\/jeux-dexterieur\\\/\"},{\"@type\":\"ListItem\",\"position\":3,\"name\":\"Splash lanceur d&#8217;eau\"}]},{\"@type\":\"WebSite\",\"@id\":\"https:\\\/\\\/ses-creative.com\\\/#website\",\"url\":\"https:\\\/\\\/ses-creative.com\\\/\",\"name\":\"SES Creative\",\"description\":\"\",\"publisher\":{\"@id\":\"https:\\\/\\\/ses-creative.com\\\/#organization\"},\"potentialAction\":[{\"@type\":\"SearchAction\",\"target\":{\"@type\":\"EntryPoint\",\"urlTemplate\":\"https:\\\/\\\/ses-creative.com\\\/?s={search_term_string}\"},\"query-input\":{\"@type\":\"PropertyValueSpecification\",\"valueRequired\":true,\"valueName\":\"search_term_string\"}}],\"inLanguage\":\"fr-FR\"},{\"@type\":\"Organization\",\"@id\":\"https:\\\/\\\/ses-creative.com\\\/#organization\",\"name\":\"SES Creative\",\"url\":\"https:\\\/\\\/ses-creative.com\\\/\",\"logo\":{\"@type\":\"ImageObject\",\"inLanguage\":\"fr-FR\",\"@id\":\"https:\\\/\\\/ses-creative.com\\\/#\\\/schema\\\/logo\\\/image\\\/\",\"url\":\"https:\\\/\\\/ses-creative.com\\\/wp-content\\\/uploads\\\/2025\\\/10\\\/ses-creative-logo.jpg\",\"contentUrl\":\"https:\\\/\\\/ses-creative.com\\\/wp-content\\\/uploads\\\/2025\\\/10\\\/ses-creative-logo.jpg\",\"width\":2037,\"height\":2037,\"caption\":\"SES Creative\"},\"image\":{\"@id\":\"https:\\\/\\\/ses-creative.com\\\/#\\\/schema\\\/logo\\\/image\\\/\"}}]}<\/script>\n<!-- \/ Yoast SEO plugin. -->","yoast_head_json":{"title":"Splash lanceur d'eau - SES Creative","robots":{"index":"index","follow":"follow","max-snippet":"max-snippet:-1","max-image-preview":"max-image-preview:large","max-video-preview":"max-video-preview:-1"},"canonical":"https:\/\/ses-creative.com\/fr\/produit\/splash-lanceur-deau\/","og_locale":"fr_FR","og_type":"article","og_title":"Splash lanceur d'eau - SES Creative","og_description":"Amusez-vous avec les ballons d&rsquo;eau Splash ! Sortez et vivez le plaisir ultime de l&rsquo;eau avec le lanceur d&rsquo;eau Splash ! Avec cet outil de lancement g\u00e9nial, vous pouvez lancer les balles splash jusqu&rsquo;\u00e0 25 m\u00e8tres, pour des batailles d&rsquo;eau \u00e9claboussantes garanties. Trempez les ballons dans l&rsquo;eau, chargez-les dans le lanceur et lancez-les \u00e0 vos [&hellip;]","og_url":"https:\/\/ses-creative.com\/fr\/produit\/splash-lanceur-deau\/","og_site_name":"SES Creative","article_modified_time":"2026-02-12T10:22:32+00:00","twitter_card":"summary_large_image","twitter_misc":{"Dur\u00e9e de lecture estim\u00e9e":"2 minutes"},"schema":{"@context":"https:\/\/schema.org","@graph":[{"@type":"WebPage","@id":"https:\/\/ses-creative.com\/fr\/produit\/splash-lanceur-deau\/","url":"https:\/\/ses-creative.com\/fr\/produit\/splash-lanceur-deau\/","name":"Splash lanceur d'eau - SES Creative","isPartOf":{"@id":"https:\/\/ses-creative.com\/#website"},"primaryImageOfPage":{"@id":"https:\/\/ses-creative.com\/fr\/produit\/splash-lanceur-deau\/#primaryimage"},"image":{"@id":"https:\/\/ses-creative.com\/fr\/produit\/splash-lanceur-deau\/#primaryimage"},"thumbnailUrl":"https:\/\/ses-creative.com\/wp-content\/uploads\/2026\/01\/023181.jpg","datePublished":"2026-02-12T10:08:45+00:00","dateModified":"2026-02-12T10:22:32+00:00","breadcrumb":{"@id":"https:\/\/ses-creative.com\/fr\/produit\/splash-lanceur-deau\/#breadcrumb"},"inLanguage":"fr-FR","potentialAction":[{"@type":"ReadAction","target":["https:\/\/ses-creative.com\/fr\/produit\/splash-lanceur-deau\/"]}]},{"@type":"ImageObject","inLanguage":"fr-FR","@id":"https:\/\/ses-creative.com\/fr\/produit\/splash-lanceur-deau\/#primaryimage","url":"https:\/\/ses-creative.com\/wp-content\/uploads\/2026\/01\/023181.jpg","contentUrl":"https:\/\/ses-creative.com\/wp-content\/uploads\/2026\/01\/023181.jpg","width":1000,"height":1000},{"@type":"BreadcrumbList","@id":"https:\/\/ses-creative.com\/fr\/produit\/splash-lanceur-deau\/#breadcrumb","itemListElement":[{"@type":"ListItem","position":1,"name":"Boutique","item":"https:\/\/ses-creative.com\/fr\/boutique\/"},{"@type":"ListItem","position":2,"name":"Jeux d\u2019ext\u00e9rieur","item":"https:\/\/ses-creative.com\/fr\/product-categorie\/jeux-dexterieur\/"},{"@type":"ListItem","position":3,"name":"Splash lanceur d&#8217;eau"}]},{"@type":"WebSite","@id":"https:\/\/ses-creative.com\/#website","url":"https:\/\/ses-creative.com\/","name":"SES Creative","description":"","publisher":{"@id":"https:\/\/ses-creative.com\/#organization"},"potentialAction":[{"@type":"SearchAction","target":{"@type":"EntryPoint","urlTemplate":"https:\/\/ses-creative.com\/?s={search_term_string}"},"query-input":{"@type":"PropertyValueSpecification","valueRequired":true,"valueName":"search_term_string"}}],"inLanguage":"fr-FR"},{"@type":"Organization","@id":"https:\/\/ses-creative.com\/#organization","name":"SES Creative","url":"https:\/\/ses-creative.com\/","logo":{"@type":"ImageObject","inLanguage":"fr-FR","@id":"https:\/\/ses-creative.com\/#\/schema\/logo\/image\/","url":"https:\/\/ses-creative.com\/wp-content\/uploads\/2025\/10\/ses-creative-logo.jpg","contentUrl":"https:\/\/ses-creative.com\/wp-content\/uploads\/2025\/10\/ses-creative-logo.jpg","width":2037,"height":2037,"caption":"SES Creative"},"image":{"@id":"https:\/\/ses-creative.com\/#\/schema\/logo\/image\/"}}]}},"_links":{"self":[{"href":"https:\/\/ses-creative.com\/fr\/wp-json\/wp\/v2\/product\/118131","targetHints":{"allow":["GET"]}}],"collection":[{"href":"https:\/\/ses-creative.com\/fr\/wp-json\/wp\/v2\/product"}],"about":[{"href":"https:\/\/ses-creative.com\/fr\/wp-json\/wp\/v2\/types\/product"}],"replies":[{"embeddable":true,"href":"https:\/\/ses-creative.com\/fr\/wp-json\/wp\/v2\/comments?post=118131"}],"wp:featuredmedia":[{"embeddable":true,"href":"https:\/\/ses-creative.com\/fr\/wp-json\/wp\/v2\/media\/99408"}],"wp:attachment":[{"href":"https:\/\/ses-creative.com\/fr\/wp-json\/wp\/v2\/media?parent=118131"}],"wp:term":[{"taxonomy":"product_brand","embeddable":true,"href":"https:\/\/ses-creative.com\/fr\/wp-json\/wp\/v2\/product_brand?post=118131"},{"taxonomy":"product_cat","embeddable":true,"href":"https:\/\/ses-creative.com\/fr\/wp-json\/wp\/v2\/product_cat?post=118131"},{"taxonomy":"product_tag","embeddable":true,"href":"https:\/\/ses-creative.com\/fr\/wp-json\/wp\/v2\/product_tag?post=118131"}],"curies":[{"name":"wp","href":"https:\/\/api.w.org\/{rel}","templated":true}]}}