











{"id":118130,"date":"2026-02-12T10:08:44","date_gmt":"2026-02-12T10:08:44","guid":{"rendered":"https:\/\/ses-creative.com\/?post_type=product&#038;p=118130"},"modified":"2026-02-12T10:22:32","modified_gmt":"2026-02-12T10:22:32","slug":"catapulte-a-eau-splash-xxl","status":"publish","type":"product","link":"https:\/\/ses-creative.com\/fr\/produit\/catapulte-a-eau-splash-xxl\/","title":{"rendered":"Catapulte \u00e0 eau Splash XXL"},"content":{"rendered":"<p>Encore plus de plaisir aquatique avec les Splashballs\u00a0: collaborez et lancez-les \u00e0 une distance record\u00a0!<br \/>\nPlongez les balles g\u00e9antes dans l&rsquo;eau et tirez-les aussi loin que possible avec la Catapulte d&rsquo;eau Cr\u00e9ative Splash XXL de SES. Utilisez cette catapulte g\u00e9niale pour une bataille d&rsquo;eau encore plus grande. La catapulte peut \u00eatre utilis\u00e9e par un ou plusieurs enfants pour lancer des balles.<br \/>\nLes atouts de ce coffret\u00a0:<br \/>\n&#8211; Lancez des balles sur une distance record pour une bataille d&rsquo;eau encore plus grande.<br \/>\n&#8211; La catapulte peut \u00eatre utilis\u00e9e par un ou plusieurs enfants.<br \/>\n&#8211; Les Splashballs XXL r\u00e9utilisables sont une alternative s\u00fbre et durable aux ballons d&rsquo;eau.<br \/>\n&#8211; Encouragez le jeu en ext\u00e9rieur.<br \/>\n&#8211; Compatible avec d&rsquo;autres tailles de balles d&rsquo;eau.<br \/>\nPourquoi ce coffret est parfait pour vous\u00a0?<br \/>\nCe coffret offre bien plus que du plaisir aquatique. C&rsquo;est un excellent moyen de stimuler le jeu en ext\u00e9rieur et la collaboration. De plus, la conception durable des Splashballs garantit que vous n&rsquo;aurez pas de ballons cass\u00e9s. Ils peuvent \u00eatre r\u00e9utilis\u00e9s \u00e0 l&rsquo;infini pour des heures de plaisir aquatique\u00a0! Contenu du coffret<br \/>\n&#8211; Catapulte XXL pour balles d&rsquo;eau Splash<br \/>\n&#8211; 3 balles d&rsquo;eau Splash XXL r\u00e9utilisables rouges<br \/>\nPourquoi choisir SES Creative\u00a0?<br \/>\nChez SES Creative, la s\u00e9curit\u00e9 est notre priorit\u00e9. C&rsquo;est pourquoi nos produits sont fabriqu\u00e9s et test\u00e9s dans notre usine aux Pays-Bas, conform\u00e9ment aux normes de s\u00e9curit\u00e9 europ\u00e9ennes les plus strictes. Les jouets SES Creative sont amusants et con\u00e7us pour rendre les enfants fiers de leur travail, stimulant ainsi leur cr\u00e9ativit\u00e9 et leur d\u00e9veloppement.<br \/>\nParticipez \u00e0 la bataille d&rsquo;eau avec la Catapulte d&rsquo;eau Splash XXL\u00a0!<br \/>\nRemportez la bataille d&rsquo;eau, seul ou entre amis, gr\u00e2ce \u00e0 la Catapulte d&rsquo;eau Splash XXL de SES Creative. Plongez les balles Splash XXL dans l&rsquo;eau et lancez-les \u00e0 une distance record\u00a0!<\/p>\n","protected":false},"excerpt":{"rendered":"<p>Encore plus de plaisir aquatique avec les Splashballs\u00a0: collaborez et lancez-les \u00e0 une distance record\u00a0! Plongez les balles g\u00e9antes dans l&rsquo;eau et tirez-les aussi loin que possible avec la Catapulte d&rsquo;eau Cr\u00e9ative Splash XXL de SES. Utilisez cette catapulte g\u00e9niale pour une bataille d&rsquo;eau encore plus grande. La catapulte peut \u00eatre utilis\u00e9e par un ou [&hellip;]<\/p>\n","protected":false},"featured_media":99388,"comment_status":"closed","ping_status":"closed","template":"","meta":{"_acf_changed":false},"product_brand":[],"product_cat":[126],"product_tag":[],"class_list":{"0":"post-118130","1":"product","2":"type-product","3":"status-publish","4":"has-post-thumbnail","6":"product_cat-jeux-dexterieur","7":"pa_leeftijd-filter-4-6-ans","8":"pa_meest-populair-bij-garcons-filles","10":"first","11":"instock","12":"shipping-taxable","13":"product-type-simple"},"acf":[],"yoast_head":"<!-- This site is optimized with the Yoast SEO plugin v27.4 - https:\/\/yoast.com\/product\/yoast-seo-wordpress\/ -->\n<title>Catapulte \u00e0 eau Splash XXL - SES Creative<\/title>\n<meta name=\"robots\" content=\"index, follow, max-snippet:-1, max-image-preview:large, max-video-preview:-1\" \/>\n<link rel=\"canonical\" href=\"https:\/\/ses-creative.com\/fr\/produit\/catapulte-a-eau-splash-xxl\/\" \/>\n<meta property=\"og:locale\" content=\"fr_FR\" \/>\n<meta property=\"og:type\" content=\"article\" \/>\n<meta property=\"og:title\" content=\"Catapulte \u00e0 eau Splash XXL - SES Creative\" \/>\n<meta property=\"og:description\" content=\"Encore plus de plaisir aquatique avec les Splashballs\u00a0: collaborez et lancez-les \u00e0 une distance record\u00a0! Plongez les balles g\u00e9antes dans l&rsquo;eau et tirez-les aussi loin que possible avec la Catapulte d&rsquo;eau Cr\u00e9ative Splash XXL de SES. Utilisez cette catapulte g\u00e9niale pour une bataille d&rsquo;eau encore plus grande. La catapulte peut \u00eatre utilis\u00e9e par un ou [&hellip;]\" \/>\n<meta property=\"og:url\" content=\"https:\/\/ses-creative.com\/fr\/produit\/catapulte-a-eau-splash-xxl\/\" \/>\n<meta property=\"og:site_name\" content=\"SES Creative\" \/>\n<meta property=\"article:modified_time\" content=\"2026-02-12T10:22:32+00:00\" \/>\n<meta name=\"twitter:card\" content=\"summary_large_image\" \/>\n<meta name=\"twitter:label1\" content=\"Dur\u00e9e de lecture estim\u00e9e\" \/>\n\t<meta name=\"twitter:data1\" content=\"2 minutes\" \/>\n<script type=\"application\/ld+json\" class=\"yoast-schema-graph\">{\"@context\":\"https:\\\/\\\/schema.org\",\"@graph\":[{\"@type\":\"WebPage\",\"@id\":\"https:\\\/\\\/ses-creative.com\\\/fr\\\/produit\\\/catapulte-a-eau-splash-xxl\\\/\",\"url\":\"https:\\\/\\\/ses-creative.com\\\/fr\\\/produit\\\/catapulte-a-eau-splash-xxl\\\/\",\"name\":\"Catapulte \u00e0 eau Splash XXL - SES Creative\",\"isPartOf\":{\"@id\":\"https:\\\/\\\/ses-creative.com\\\/#website\"},\"primaryImageOfPage\":{\"@id\":\"https:\\\/\\\/ses-creative.com\\\/fr\\\/produit\\\/catapulte-a-eau-splash-xxl\\\/#primaryimage\"},\"image\":{\"@id\":\"https:\\\/\\\/ses-creative.com\\\/fr\\\/produit\\\/catapulte-a-eau-splash-xxl\\\/#primaryimage\"},\"thumbnailUrl\":\"https:\\\/\\\/ses-creative.com\\\/wp-content\\\/uploads\\\/2026\\\/01\\\/023171.jpg\",\"datePublished\":\"2026-02-12T10:08:44+00:00\",\"dateModified\":\"2026-02-12T10:22:32+00:00\",\"breadcrumb\":{\"@id\":\"https:\\\/\\\/ses-creative.com\\\/fr\\\/produit\\\/catapulte-a-eau-splash-xxl\\\/#breadcrumb\"},\"inLanguage\":\"fr-FR\",\"potentialAction\":[{\"@type\":\"ReadAction\",\"target\":[\"https:\\\/\\\/ses-creative.com\\\/fr\\\/produit\\\/catapulte-a-eau-splash-xxl\\\/\"]}]},{\"@type\":\"ImageObject\",\"inLanguage\":\"fr-FR\",\"@id\":\"https:\\\/\\\/ses-creative.com\\\/fr\\\/produit\\\/catapulte-a-eau-splash-xxl\\\/#primaryimage\",\"url\":\"https:\\\/\\\/ses-creative.com\\\/wp-content\\\/uploads\\\/2026\\\/01\\\/023171.jpg\",\"contentUrl\":\"https:\\\/\\\/ses-creative.com\\\/wp-content\\\/uploads\\\/2026\\\/01\\\/023171.jpg\",\"width\":1000,\"height\":1000},{\"@type\":\"BreadcrumbList\",\"@id\":\"https:\\\/\\\/ses-creative.com\\\/fr\\\/produit\\\/catapulte-a-eau-splash-xxl\\\/#breadcrumb\",\"itemListElement\":[{\"@type\":\"ListItem\",\"position\":1,\"name\":\"Boutique\",\"item\":\"https:\\\/\\\/ses-creative.com\\\/fr\\\/boutique\\\/\"},{\"@type\":\"ListItem\",\"position\":2,\"name\":\"Jeux d\u2019ext\u00e9rieur\",\"item\":\"https:\\\/\\\/ses-creative.com\\\/fr\\\/product-categorie\\\/jeux-dexterieur\\\/\"},{\"@type\":\"ListItem\",\"position\":3,\"name\":\"Catapulte \u00e0 eau Splash XXL\"}]},{\"@type\":\"WebSite\",\"@id\":\"https:\\\/\\\/ses-creative.com\\\/#website\",\"url\":\"https:\\\/\\\/ses-creative.com\\\/\",\"name\":\"SES Creative\",\"description\":\"\",\"publisher\":{\"@id\":\"https:\\\/\\\/ses-creative.com\\\/#organization\"},\"potentialAction\":[{\"@type\":\"SearchAction\",\"target\":{\"@type\":\"EntryPoint\",\"urlTemplate\":\"https:\\\/\\\/ses-creative.com\\\/?s={search_term_string}\"},\"query-input\":{\"@type\":\"PropertyValueSpecification\",\"valueRequired\":true,\"valueName\":\"search_term_string\"}}],\"inLanguage\":\"fr-FR\"},{\"@type\":\"Organization\",\"@id\":\"https:\\\/\\\/ses-creative.com\\\/#organization\",\"name\":\"SES Creative\",\"url\":\"https:\\\/\\\/ses-creative.com\\\/\",\"logo\":{\"@type\":\"ImageObject\",\"inLanguage\":\"fr-FR\",\"@id\":\"https:\\\/\\\/ses-creative.com\\\/#\\\/schema\\\/logo\\\/image\\\/\",\"url\":\"https:\\\/\\\/ses-creative.com\\\/wp-content\\\/uploads\\\/2025\\\/10\\\/ses-creative-logo.jpg\",\"contentUrl\":\"https:\\\/\\\/ses-creative.com\\\/wp-content\\\/uploads\\\/2025\\\/10\\\/ses-creative-logo.jpg\",\"width\":2037,\"height\":2037,\"caption\":\"SES Creative\"},\"image\":{\"@id\":\"https:\\\/\\\/ses-creative.com\\\/#\\\/schema\\\/logo\\\/image\\\/\"}}]}<\/script>\n<!-- \/ Yoast SEO plugin. -->","yoast_head_json":{"title":"Catapulte \u00e0 eau Splash XXL - SES Creative","robots":{"index":"index","follow":"follow","max-snippet":"max-snippet:-1","max-image-preview":"max-image-preview:large","max-video-preview":"max-video-preview:-1"},"canonical":"https:\/\/ses-creative.com\/fr\/produit\/catapulte-a-eau-splash-xxl\/","og_locale":"fr_FR","og_type":"article","og_title":"Catapulte \u00e0 eau Splash XXL - SES Creative","og_description":"Encore plus de plaisir aquatique avec les Splashballs\u00a0: collaborez et lancez-les \u00e0 une distance record\u00a0! Plongez les balles g\u00e9antes dans l&rsquo;eau et tirez-les aussi loin que possible avec la Catapulte d&rsquo;eau Cr\u00e9ative Splash XXL de SES. Utilisez cette catapulte g\u00e9niale pour une bataille d&rsquo;eau encore plus grande. La catapulte peut \u00eatre utilis\u00e9e par un ou [&hellip;]","og_url":"https:\/\/ses-creative.com\/fr\/produit\/catapulte-a-eau-splash-xxl\/","og_site_name":"SES Creative","article_modified_time":"2026-02-12T10:22:32+00:00","twitter_card":"summary_large_image","twitter_misc":{"Dur\u00e9e de lecture estim\u00e9e":"2 minutes"},"schema":{"@context":"https:\/\/schema.org","@graph":[{"@type":"WebPage","@id":"https:\/\/ses-creative.com\/fr\/produit\/catapulte-a-eau-splash-xxl\/","url":"https:\/\/ses-creative.com\/fr\/produit\/catapulte-a-eau-splash-xxl\/","name":"Catapulte \u00e0 eau Splash XXL - SES Creative","isPartOf":{"@id":"https:\/\/ses-creative.com\/#website"},"primaryImageOfPage":{"@id":"https:\/\/ses-creative.com\/fr\/produit\/catapulte-a-eau-splash-xxl\/#primaryimage"},"image":{"@id":"https:\/\/ses-creative.com\/fr\/produit\/catapulte-a-eau-splash-xxl\/#primaryimage"},"thumbnailUrl":"https:\/\/ses-creative.com\/wp-content\/uploads\/2026\/01\/023171.jpg","datePublished":"2026-02-12T10:08:44+00:00","dateModified":"2026-02-12T10:22:32+00:00","breadcrumb":{"@id":"https:\/\/ses-creative.com\/fr\/produit\/catapulte-a-eau-splash-xxl\/#breadcrumb"},"inLanguage":"fr-FR","potentialAction":[{"@type":"ReadAction","target":["https:\/\/ses-creative.com\/fr\/produit\/catapulte-a-eau-splash-xxl\/"]}]},{"@type":"ImageObject","inLanguage":"fr-FR","@id":"https:\/\/ses-creative.com\/fr\/produit\/catapulte-a-eau-splash-xxl\/#primaryimage","url":"https:\/\/ses-creative.com\/wp-content\/uploads\/2026\/01\/023171.jpg","contentUrl":"https:\/\/ses-creative.com\/wp-content\/uploads\/2026\/01\/023171.jpg","width":1000,"height":1000},{"@type":"BreadcrumbList","@id":"https:\/\/ses-creative.com\/fr\/produit\/catapulte-a-eau-splash-xxl\/#breadcrumb","itemListElement":[{"@type":"ListItem","position":1,"name":"Boutique","item":"https:\/\/ses-creative.com\/fr\/boutique\/"},{"@type":"ListItem","position":2,"name":"Jeux d\u2019ext\u00e9rieur","item":"https:\/\/ses-creative.com\/fr\/product-categorie\/jeux-dexterieur\/"},{"@type":"ListItem","position":3,"name":"Catapulte \u00e0 eau Splash XXL"}]},{"@type":"WebSite","@id":"https:\/\/ses-creative.com\/#website","url":"https:\/\/ses-creative.com\/","name":"SES Creative","description":"","publisher":{"@id":"https:\/\/ses-creative.com\/#organization"},"potentialAction":[{"@type":"SearchAction","target":{"@type":"EntryPoint","urlTemplate":"https:\/\/ses-creative.com\/?s={search_term_string}"},"query-input":{"@type":"PropertyValueSpecification","valueRequired":true,"valueName":"search_term_string"}}],"inLanguage":"fr-FR"},{"@type":"Organization","@id":"https:\/\/ses-creative.com\/#organization","name":"SES Creative","url":"https:\/\/ses-creative.com\/","logo":{"@type":"ImageObject","inLanguage":"fr-FR","@id":"https:\/\/ses-creative.com\/#\/schema\/logo\/image\/","url":"https:\/\/ses-creative.com\/wp-content\/uploads\/2025\/10\/ses-creative-logo.jpg","contentUrl":"https:\/\/ses-creative.com\/wp-content\/uploads\/2025\/10\/ses-creative-logo.jpg","width":2037,"height":2037,"caption":"SES Creative"},"image":{"@id":"https:\/\/ses-creative.com\/#\/schema\/logo\/image\/"}}]}},"_links":{"self":[{"href":"https:\/\/ses-creative.com\/fr\/wp-json\/wp\/v2\/product\/118130","targetHints":{"allow":["GET"]}}],"collection":[{"href":"https:\/\/ses-creative.com\/fr\/wp-json\/wp\/v2\/product"}],"about":[{"href":"https:\/\/ses-creative.com\/fr\/wp-json\/wp\/v2\/types\/product"}],"replies":[{"embeddable":true,"href":"https:\/\/ses-creative.com\/fr\/wp-json\/wp\/v2\/comments?post=118130"}],"wp:featuredmedia":[{"embeddable":true,"href":"https:\/\/ses-creative.com\/fr\/wp-json\/wp\/v2\/media\/99388"}],"wp:attachment":[{"href":"https:\/\/ses-creative.com\/fr\/wp-json\/wp\/v2\/media?parent=118130"}],"wp:term":[{"taxonomy":"product_brand","embeddable":true,"href":"https:\/\/ses-creative.com\/fr\/wp-json\/wp\/v2\/product_brand?post=118130"},{"taxonomy":"product_cat","embeddable":true,"href":"https:\/\/ses-creative.com\/fr\/wp-json\/wp\/v2\/product_cat?post=118130"},{"taxonomy":"product_tag","embeddable":true,"href":"https:\/\/ses-creative.com\/fr\/wp-json\/wp\/v2\/product_tag?post=118130"}],"curies":[{"name":"wp","href":"https:\/\/api.w.org\/{rel}","templated":true}]}}