











{"id":118129,"date":"2026-02-12T10:08:44","date_gmt":"2026-02-12T10:08:44","guid":{"rendered":"https:\/\/ses-creative.com\/?post_type=product&#038;p=118129"},"modified":"2026-02-12T10:22:32","modified_gmt":"2026-02-12T10:22:32","slug":"lanceur-de-balles-deau-splash","status":"publish","type":"product","link":"https:\/\/ses-creative.com\/fr\/produit\/lanceur-de-balles-deau-splash\/","title":{"rendered":"Lanceur de balles d?eau Splash"},"content":{"rendered":"<p>Le Splash Water Slingshot de SES Creative est un jouet d\u2019ext\u00e9rieur con\u00e7u pour les enfants d\u00e8s 5 ans. Ce lanceur est \u00e9quip\u00e9 d\u2019une poign\u00e9e ergonomique et d\u2019un filet \u00e9lastique pour propulser les balles mouill\u00e9es en toute simplicit\u00e9. Le set comprend 12 balles Splash r\u00e9utilisables et color\u00e9es, capables d\u2019absorber une grande quantit\u00e9 d\u2019eau. Il suffit de les tremper dans un seau, de les placer dans le filet, de tirer puis de rel\u00e2cher pour lancer. Les balles se rincent facilement et peuvent \u00eatre utilis\u00e9es encore et encore, constituant une alternative \u00e9cologique aux ballons d\u2019eau traditionnels. Ce jouet est pens\u00e9 pour les jeux d\u2019eau ext\u00e9rieurs dans le jardin, \u00e0 la plage ou pendant les sorties estivales. Il stimule l\u2019activit\u00e9 physique et le jeu collectif sans cr\u00e9er de d\u00e9chets. Utilisable mouill\u00e9 ou sec, il est neutre en CO2 et conforme aux normes de s\u00e9curit\u00e9. Une solution ludique et pratique pour varier les activit\u00e9s d\u2019\u00e9t\u00e9 sans gaspillage.<\/p>\n","protected":false},"excerpt":{"rendered":"<p>Le Splash Water Slingshot de SES Creative est un jouet d\u2019ext\u00e9rieur con\u00e7u pour les enfants d\u00e8s 5 ans. Ce lanceur est \u00e9quip\u00e9 d\u2019une poign\u00e9e ergonomique et d\u2019un filet \u00e9lastique pour propulser les balles mouill\u00e9es en toute simplicit\u00e9. Le set comprend 12 balles Splash r\u00e9utilisables et color\u00e9es, capables d\u2019absorber une grande quantit\u00e9 d\u2019eau. Il suffit de [&hellip;]<\/p>\n","protected":false},"featured_media":99368,"comment_status":"closed","ping_status":"closed","template":"","meta":{"_acf_changed":false},"product_brand":[],"product_cat":[126],"product_tag":[],"class_list":{"0":"post-118129","1":"product","2":"type-product","3":"status-publish","4":"has-post-thumbnail","6":"product_cat-jeux-dexterieur","7":"pa_collecties-splash-water-balls","8":"pa_leeftijd-filter-4-6-ans","9":"pa_meest-populair-bij-garcons-filles","11":"first","12":"instock","13":"shipping-taxable","14":"product-type-simple"},"acf":[],"yoast_head":"<!-- This site is optimized with the Yoast SEO plugin v27.4 - https:\/\/yoast.com\/product\/yoast-seo-wordpress\/ -->\n<title>Lanceur de balles d?eau Splash - SES Creative<\/title>\n<meta name=\"robots\" content=\"index, follow, max-snippet:-1, max-image-preview:large, max-video-preview:-1\" \/>\n<link rel=\"canonical\" href=\"https:\/\/ses-creative.com\/fr\/produit\/lanceur-de-balles-deau-splash\/\" \/>\n<meta property=\"og:locale\" content=\"fr_FR\" \/>\n<meta property=\"og:type\" content=\"article\" \/>\n<meta property=\"og:title\" content=\"Lanceur de balles d?eau Splash - SES Creative\" \/>\n<meta property=\"og:description\" content=\"Le Splash Water Slingshot de SES Creative est un jouet d\u2019ext\u00e9rieur con\u00e7u pour les enfants d\u00e8s 5 ans. Ce lanceur est \u00e9quip\u00e9 d\u2019une poign\u00e9e ergonomique et d\u2019un filet \u00e9lastique pour propulser les balles mouill\u00e9es en toute simplicit\u00e9. Le set comprend 12 balles Splash r\u00e9utilisables et color\u00e9es, capables d\u2019absorber une grande quantit\u00e9 d\u2019eau. Il suffit de [&hellip;]\" \/>\n<meta property=\"og:url\" content=\"https:\/\/ses-creative.com\/fr\/produit\/lanceur-de-balles-deau-splash\/\" \/>\n<meta property=\"og:site_name\" content=\"SES Creative\" \/>\n<meta property=\"article:modified_time\" content=\"2026-02-12T10:22:32+00:00\" \/>\n<meta name=\"twitter:card\" content=\"summary_large_image\" \/>\n<meta name=\"twitter:label1\" content=\"Dur\u00e9e de lecture estim\u00e9e\" \/>\n\t<meta name=\"twitter:data1\" content=\"1 minute\" \/>\n<script type=\"application\/ld+json\" class=\"yoast-schema-graph\">{\"@context\":\"https:\\\/\\\/schema.org\",\"@graph\":[{\"@type\":\"WebPage\",\"@id\":\"https:\\\/\\\/ses-creative.com\\\/fr\\\/produit\\\/lanceur-de-balles-deau-splash\\\/\",\"url\":\"https:\\\/\\\/ses-creative.com\\\/fr\\\/produit\\\/lanceur-de-balles-deau-splash\\\/\",\"name\":\"Lanceur de balles d?eau Splash - SES Creative\",\"isPartOf\":{\"@id\":\"https:\\\/\\\/ses-creative.com\\\/#website\"},\"primaryImageOfPage\":{\"@id\":\"https:\\\/\\\/ses-creative.com\\\/fr\\\/produit\\\/lanceur-de-balles-deau-splash\\\/#primaryimage\"},\"image\":{\"@id\":\"https:\\\/\\\/ses-creative.com\\\/fr\\\/produit\\\/lanceur-de-balles-deau-splash\\\/#primaryimage\"},\"thumbnailUrl\":\"https:\\\/\\\/ses-creative.com\\\/wp-content\\\/uploads\\\/2026\\\/01\\\/023151.jpg\",\"datePublished\":\"2026-02-12T10:08:44+00:00\",\"dateModified\":\"2026-02-12T10:22:32+00:00\",\"breadcrumb\":{\"@id\":\"https:\\\/\\\/ses-creative.com\\\/fr\\\/produit\\\/lanceur-de-balles-deau-splash\\\/#breadcrumb\"},\"inLanguage\":\"fr-FR\",\"potentialAction\":[{\"@type\":\"ReadAction\",\"target\":[\"https:\\\/\\\/ses-creative.com\\\/fr\\\/produit\\\/lanceur-de-balles-deau-splash\\\/\"]}]},{\"@type\":\"ImageObject\",\"inLanguage\":\"fr-FR\",\"@id\":\"https:\\\/\\\/ses-creative.com\\\/fr\\\/produit\\\/lanceur-de-balles-deau-splash\\\/#primaryimage\",\"url\":\"https:\\\/\\\/ses-creative.com\\\/wp-content\\\/uploads\\\/2026\\\/01\\\/023151.jpg\",\"contentUrl\":\"https:\\\/\\\/ses-creative.com\\\/wp-content\\\/uploads\\\/2026\\\/01\\\/023151.jpg\",\"width\":1000,\"height\":1000},{\"@type\":\"BreadcrumbList\",\"@id\":\"https:\\\/\\\/ses-creative.com\\\/fr\\\/produit\\\/lanceur-de-balles-deau-splash\\\/#breadcrumb\",\"itemListElement\":[{\"@type\":\"ListItem\",\"position\":1,\"name\":\"Boutique\",\"item\":\"https:\\\/\\\/ses-creative.com\\\/fr\\\/boutique\\\/\"},{\"@type\":\"ListItem\",\"position\":2,\"name\":\"Jeux d\u2019ext\u00e9rieur\",\"item\":\"https:\\\/\\\/ses-creative.com\\\/fr\\\/product-categorie\\\/jeux-dexterieur\\\/\"},{\"@type\":\"ListItem\",\"position\":3,\"name\":\"Lanceur de balles d?eau Splash\"}]},{\"@type\":\"WebSite\",\"@id\":\"https:\\\/\\\/ses-creative.com\\\/#website\",\"url\":\"https:\\\/\\\/ses-creative.com\\\/\",\"name\":\"SES Creative\",\"description\":\"\",\"publisher\":{\"@id\":\"https:\\\/\\\/ses-creative.com\\\/#organization\"},\"potentialAction\":[{\"@type\":\"SearchAction\",\"target\":{\"@type\":\"EntryPoint\",\"urlTemplate\":\"https:\\\/\\\/ses-creative.com\\\/?s={search_term_string}\"},\"query-input\":{\"@type\":\"PropertyValueSpecification\",\"valueRequired\":true,\"valueName\":\"search_term_string\"}}],\"inLanguage\":\"fr-FR\"},{\"@type\":\"Organization\",\"@id\":\"https:\\\/\\\/ses-creative.com\\\/#organization\",\"name\":\"SES Creative\",\"url\":\"https:\\\/\\\/ses-creative.com\\\/\",\"logo\":{\"@type\":\"ImageObject\",\"inLanguage\":\"fr-FR\",\"@id\":\"https:\\\/\\\/ses-creative.com\\\/#\\\/schema\\\/logo\\\/image\\\/\",\"url\":\"https:\\\/\\\/ses-creative.com\\\/wp-content\\\/uploads\\\/2025\\\/10\\\/ses-creative-logo.jpg\",\"contentUrl\":\"https:\\\/\\\/ses-creative.com\\\/wp-content\\\/uploads\\\/2025\\\/10\\\/ses-creative-logo.jpg\",\"width\":2037,\"height\":2037,\"caption\":\"SES Creative\"},\"image\":{\"@id\":\"https:\\\/\\\/ses-creative.com\\\/#\\\/schema\\\/logo\\\/image\\\/\"}}]}<\/script>\n<!-- \/ Yoast SEO plugin. -->","yoast_head_json":{"title":"Lanceur de balles d?eau Splash - SES Creative","robots":{"index":"index","follow":"follow","max-snippet":"max-snippet:-1","max-image-preview":"max-image-preview:large","max-video-preview":"max-video-preview:-1"},"canonical":"https:\/\/ses-creative.com\/fr\/produit\/lanceur-de-balles-deau-splash\/","og_locale":"fr_FR","og_type":"article","og_title":"Lanceur de balles d?eau Splash - SES Creative","og_description":"Le Splash Water Slingshot de SES Creative est un jouet d\u2019ext\u00e9rieur con\u00e7u pour les enfants d\u00e8s 5 ans. Ce lanceur est \u00e9quip\u00e9 d\u2019une poign\u00e9e ergonomique et d\u2019un filet \u00e9lastique pour propulser les balles mouill\u00e9es en toute simplicit\u00e9. Le set comprend 12 balles Splash r\u00e9utilisables et color\u00e9es, capables d\u2019absorber une grande quantit\u00e9 d\u2019eau. Il suffit de [&hellip;]","og_url":"https:\/\/ses-creative.com\/fr\/produit\/lanceur-de-balles-deau-splash\/","og_site_name":"SES Creative","article_modified_time":"2026-02-12T10:22:32+00:00","twitter_card":"summary_large_image","twitter_misc":{"Dur\u00e9e de lecture estim\u00e9e":"1 minute"},"schema":{"@context":"https:\/\/schema.org","@graph":[{"@type":"WebPage","@id":"https:\/\/ses-creative.com\/fr\/produit\/lanceur-de-balles-deau-splash\/","url":"https:\/\/ses-creative.com\/fr\/produit\/lanceur-de-balles-deau-splash\/","name":"Lanceur de balles d?eau Splash - SES Creative","isPartOf":{"@id":"https:\/\/ses-creative.com\/#website"},"primaryImageOfPage":{"@id":"https:\/\/ses-creative.com\/fr\/produit\/lanceur-de-balles-deau-splash\/#primaryimage"},"image":{"@id":"https:\/\/ses-creative.com\/fr\/produit\/lanceur-de-balles-deau-splash\/#primaryimage"},"thumbnailUrl":"https:\/\/ses-creative.com\/wp-content\/uploads\/2026\/01\/023151.jpg","datePublished":"2026-02-12T10:08:44+00:00","dateModified":"2026-02-12T10:22:32+00:00","breadcrumb":{"@id":"https:\/\/ses-creative.com\/fr\/produit\/lanceur-de-balles-deau-splash\/#breadcrumb"},"inLanguage":"fr-FR","potentialAction":[{"@type":"ReadAction","target":["https:\/\/ses-creative.com\/fr\/produit\/lanceur-de-balles-deau-splash\/"]}]},{"@type":"ImageObject","inLanguage":"fr-FR","@id":"https:\/\/ses-creative.com\/fr\/produit\/lanceur-de-balles-deau-splash\/#primaryimage","url":"https:\/\/ses-creative.com\/wp-content\/uploads\/2026\/01\/023151.jpg","contentUrl":"https:\/\/ses-creative.com\/wp-content\/uploads\/2026\/01\/023151.jpg","width":1000,"height":1000},{"@type":"BreadcrumbList","@id":"https:\/\/ses-creative.com\/fr\/produit\/lanceur-de-balles-deau-splash\/#breadcrumb","itemListElement":[{"@type":"ListItem","position":1,"name":"Boutique","item":"https:\/\/ses-creative.com\/fr\/boutique\/"},{"@type":"ListItem","position":2,"name":"Jeux d\u2019ext\u00e9rieur","item":"https:\/\/ses-creative.com\/fr\/product-categorie\/jeux-dexterieur\/"},{"@type":"ListItem","position":3,"name":"Lanceur de balles d?eau Splash"}]},{"@type":"WebSite","@id":"https:\/\/ses-creative.com\/#website","url":"https:\/\/ses-creative.com\/","name":"SES Creative","description":"","publisher":{"@id":"https:\/\/ses-creative.com\/#organization"},"potentialAction":[{"@type":"SearchAction","target":{"@type":"EntryPoint","urlTemplate":"https:\/\/ses-creative.com\/?s={search_term_string}"},"query-input":{"@type":"PropertyValueSpecification","valueRequired":true,"valueName":"search_term_string"}}],"inLanguage":"fr-FR"},{"@type":"Organization","@id":"https:\/\/ses-creative.com\/#organization","name":"SES Creative","url":"https:\/\/ses-creative.com\/","logo":{"@type":"ImageObject","inLanguage":"fr-FR","@id":"https:\/\/ses-creative.com\/#\/schema\/logo\/image\/","url":"https:\/\/ses-creative.com\/wp-content\/uploads\/2025\/10\/ses-creative-logo.jpg","contentUrl":"https:\/\/ses-creative.com\/wp-content\/uploads\/2025\/10\/ses-creative-logo.jpg","width":2037,"height":2037,"caption":"SES Creative"},"image":{"@id":"https:\/\/ses-creative.com\/#\/schema\/logo\/image\/"}}]}},"_links":{"self":[{"href":"https:\/\/ses-creative.com\/fr\/wp-json\/wp\/v2\/product\/118129","targetHints":{"allow":["GET"]}}],"collection":[{"href":"https:\/\/ses-creative.com\/fr\/wp-json\/wp\/v2\/product"}],"about":[{"href":"https:\/\/ses-creative.com\/fr\/wp-json\/wp\/v2\/types\/product"}],"replies":[{"embeddable":true,"href":"https:\/\/ses-creative.com\/fr\/wp-json\/wp\/v2\/comments?post=118129"}],"wp:featuredmedia":[{"embeddable":true,"href":"https:\/\/ses-creative.com\/fr\/wp-json\/wp\/v2\/media\/99368"}],"wp:attachment":[{"href":"https:\/\/ses-creative.com\/fr\/wp-json\/wp\/v2\/media?parent=118129"}],"wp:term":[{"taxonomy":"product_brand","embeddable":true,"href":"https:\/\/ses-creative.com\/fr\/wp-json\/wp\/v2\/product_brand?post=118129"},{"taxonomy":"product_cat","embeddable":true,"href":"https:\/\/ses-creative.com\/fr\/wp-json\/wp\/v2\/product_cat?post=118129"},{"taxonomy":"product_tag","embeddable":true,"href":"https:\/\/ses-creative.com\/fr\/wp-json\/wp\/v2\/product_tag?post=118129"}],"curies":[{"name":"wp","href":"https:\/\/api.w.org\/{rel}","templated":true}]}}