











{"id":118128,"date":"2026-02-12T10:08:44","date_gmt":"2026-02-12T10:08:44","guid":{"rendered":"https:\/\/ses-creative.com\/?post_type=product&#038;p=118128"},"modified":"2026-02-12T10:22:32","modified_gmt":"2026-02-12T10:22:32","slug":"puissance-quatre-xxl-en-bois","status":"publish","type":"product","link":"https:\/\/ses-creative.com\/fr\/produit\/puissance-quatre-xxl-en-bois\/","title":{"rendered":"Puissance quatre XXL en bois"},"content":{"rendered":"<p>Quatre en ligne XXL : le classique en format extra large !<br \/>\nAvec le jeu Quatre en ligne XXL en bois de SES Creative, vous pouvez profiter du jeu strat\u00e9gique classique dans une version extra large. Ce jeu est parfait pour l&rsquo;ext\u00e9rieur et garantit des heures de plaisir avec vos amis et votre famille. \u00c0 tour de r\u00f4le, placez un pion dans le cadre et essayez d&rsquo;aligner quatre pions de votre couleur, horizontalement, verticalement ou en diagonale. Observez attentivement ce que fait votre adversaire, car une bonne strat\u00e9gie est la cl\u00e9 de la victoire ! Qui sera le premier \u00e0 aligner quatre pions ? Id\u00e9al pour les enfants \u00e0 partir de 5 ans !<br \/>\nCe qui rend ce jeu g\u00e9nial<br \/>\n&#8211;    Jeu comp\u00e9titif pour 2 personnes<br \/>\n&#8211;    Jeu classique \u00ab 4 sur une ligne \u00bb en version extra large<br \/>\n&#8211;    Fabriqu\u00e9 \u00e0 partir de pi\u00e8ces en bois pour une exp\u00e9rience de jeu authentique<br \/>\n&#8211;    Jeu adapt\u00e9 \u00e0 l&rsquo;ext\u00e9rieur et \u00e0 l&rsquo;int\u00e9rieur<br \/>\n&#8211;    Stimule la r\u00e9flexion strat\u00e9gique<br \/>\nLe plaisir de jouer en grand format<br \/>\nLa version XXL de ce jeu le rend encore plus amusant et suffisamment grand pour les activit\u00e9s en ext\u00e9rieur. Il attire tous les regards gr\u00e2ce \u00e0 son grand format et est fabriqu\u00e9 en bois durable. Le bois conf\u00e8re au jeu un aspect solide et haut de gamme et le rend durable pour des ann\u00e9es de plaisir. Ce jeu classique est facile \u00e0 apprendre, mais reste stimulant et amusant, quel que soit votre \u00e2ge. Il stimule la r\u00e9flexion strat\u00e9gique et est parfait pour une partie conviviale dans le jardin, lors d&rsquo;une f\u00eate ou d&rsquo;un pique-nique.<br \/>\nContenu du set<br \/>\n&#8211;    Cadre en bois en 3 parties<br \/>\n&#8211;    42 jetons de jeu en deux couleurs<br \/>\nPourquoi choisir SES Creative ?<br \/>\nChez SES Creative, nous accordons une grande importance \u00e0 la s\u00e9curit\u00e9. C&rsquo;est pourquoi nos produits sont fabriqu\u00e9s et test\u00e9s dans notre usine aux Pays-Bas, conform\u00e9ment aux normes de s\u00e9curit\u00e9 europ\u00e9ennes les plus strictes. Les jouets SES Creative sont source de plaisir et permettent aux enfants d&rsquo;\u00eatre fiers de leur travail, ce qui stimule leur cr\u00e9ativit\u00e9 et leur d\u00e9veloppement.<br \/>\nPr\u00eat pour une grande aventure ludique ?<br \/>\nProcurez-vous le jeu Quatre \u00e0 la suite XXL de SES Creative et profitez de ce jeu classique en format extra large. D\u00e9fiez vos amis et votre famille dans un duel strat\u00e9gique et d\u00e9couvrez qui est le joueur le plus intelligent. Qu&rsquo;attendez-vous ? Commencez \u00e0 jouer d\u00e8s aujourd&rsquo;hui !<\/p>\n","protected":false},"excerpt":{"rendered":"<p>Quatre en ligne XXL : le classique en format extra large ! Avec le jeu Quatre en ligne XXL en bois de SES Creative, vous pouvez profiter du jeu strat\u00e9gique classique dans une version extra large. Ce jeu est parfait pour l&rsquo;ext\u00e9rieur et garantit des heures de plaisir avec vos amis et votre famille. \u00c0 [&hellip;]<\/p>\n","protected":false},"featured_media":110242,"comment_status":"closed","ping_status":"closed","template":"","meta":{"_acf_changed":false},"product_brand":[],"product_cat":[126],"product_tag":[],"class_list":{"0":"post-118128","1":"product","2":"type-product","3":"status-publish","4":"has-post-thumbnail","6":"product_cat-jeux-dexterieur","7":"pa_leeftijd-filter-4-6-ans","8":"pa_meest-populair-bij-garcons-filles","10":"first","11":"instock","12":"shipping-taxable","13":"product-type-simple"},"acf":[],"yoast_head":"<!-- This site is optimized with the Yoast SEO plugin v27.4 - https:\/\/yoast.com\/product\/yoast-seo-wordpress\/ -->\n<title>Puissance quatre XXL en bois - SES Creative<\/title>\n<meta name=\"robots\" content=\"index, follow, max-snippet:-1, max-image-preview:large, max-video-preview:-1\" \/>\n<link rel=\"canonical\" href=\"https:\/\/ses-creative.com\/fr\/produit\/puissance-quatre-xxl-en-bois\/\" \/>\n<meta property=\"og:locale\" content=\"fr_FR\" \/>\n<meta property=\"og:type\" content=\"article\" \/>\n<meta property=\"og:title\" content=\"Puissance quatre XXL en bois - SES Creative\" \/>\n<meta property=\"og:description\" content=\"Quatre en ligne XXL : le classique en format extra large ! Avec le jeu Quatre en ligne XXL en bois de SES Creative, vous pouvez profiter du jeu strat\u00e9gique classique dans une version extra large. Ce jeu est parfait pour l&rsquo;ext\u00e9rieur et garantit des heures de plaisir avec vos amis et votre famille. \u00c0 [&hellip;]\" \/>\n<meta property=\"og:url\" content=\"https:\/\/ses-creative.com\/fr\/produit\/puissance-quatre-xxl-en-bois\/\" \/>\n<meta property=\"og:site_name\" content=\"SES Creative\" \/>\n<meta property=\"article:modified_time\" content=\"2026-02-12T10:22:32+00:00\" \/>\n<meta name=\"twitter:card\" content=\"summary_large_image\" \/>\n<meta name=\"twitter:label1\" content=\"Dur\u00e9e de lecture estim\u00e9e\" \/>\n\t<meta name=\"twitter:data1\" content=\"2 minutes\" \/>\n<script type=\"application\/ld+json\" class=\"yoast-schema-graph\">{\"@context\":\"https:\\\/\\\/schema.org\",\"@graph\":[{\"@type\":\"WebPage\",\"@id\":\"https:\\\/\\\/ses-creative.com\\\/fr\\\/produit\\\/puissance-quatre-xxl-en-bois\\\/\",\"url\":\"https:\\\/\\\/ses-creative.com\\\/fr\\\/produit\\\/puissance-quatre-xxl-en-bois\\\/\",\"name\":\"Puissance quatre XXL en bois - SES Creative\",\"isPartOf\":{\"@id\":\"https:\\\/\\\/ses-creative.com\\\/#website\"},\"primaryImageOfPage\":{\"@id\":\"https:\\\/\\\/ses-creative.com\\\/fr\\\/produit\\\/puissance-quatre-xxl-en-bois\\\/#primaryimage\"},\"image\":{\"@id\":\"https:\\\/\\\/ses-creative.com\\\/fr\\\/produit\\\/puissance-quatre-xxl-en-bois\\\/#primaryimage\"},\"thumbnailUrl\":\"https:\\\/\\\/ses-creative.com\\\/wp-content\\\/uploads\\\/2025\\\/12\\\/023141.jpg\",\"datePublished\":\"2026-02-12T10:08:44+00:00\",\"dateModified\":\"2026-02-12T10:22:32+00:00\",\"breadcrumb\":{\"@id\":\"https:\\\/\\\/ses-creative.com\\\/fr\\\/produit\\\/puissance-quatre-xxl-en-bois\\\/#breadcrumb\"},\"inLanguage\":\"fr-FR\",\"potentialAction\":[{\"@type\":\"ReadAction\",\"target\":[\"https:\\\/\\\/ses-creative.com\\\/fr\\\/produit\\\/puissance-quatre-xxl-en-bois\\\/\"]}]},{\"@type\":\"ImageObject\",\"inLanguage\":\"fr-FR\",\"@id\":\"https:\\\/\\\/ses-creative.com\\\/fr\\\/produit\\\/puissance-quatre-xxl-en-bois\\\/#primaryimage\",\"url\":\"https:\\\/\\\/ses-creative.com\\\/wp-content\\\/uploads\\\/2025\\\/12\\\/023141.jpg\",\"contentUrl\":\"https:\\\/\\\/ses-creative.com\\\/wp-content\\\/uploads\\\/2025\\\/12\\\/023141.jpg\",\"width\":2000,\"height\":2000},{\"@type\":\"BreadcrumbList\",\"@id\":\"https:\\\/\\\/ses-creative.com\\\/fr\\\/produit\\\/puissance-quatre-xxl-en-bois\\\/#breadcrumb\",\"itemListElement\":[{\"@type\":\"ListItem\",\"position\":1,\"name\":\"Boutique\",\"item\":\"https:\\\/\\\/ses-creative.com\\\/fr\\\/boutique\\\/\"},{\"@type\":\"ListItem\",\"position\":2,\"name\":\"Jeux d\u2019ext\u00e9rieur\",\"item\":\"https:\\\/\\\/ses-creative.com\\\/fr\\\/product-categorie\\\/jeux-dexterieur\\\/\"},{\"@type\":\"ListItem\",\"position\":3,\"name\":\"Puissance quatre XXL en bois\"}]},{\"@type\":\"WebSite\",\"@id\":\"https:\\\/\\\/ses-creative.com\\\/#website\",\"url\":\"https:\\\/\\\/ses-creative.com\\\/\",\"name\":\"SES Creative\",\"description\":\"\",\"publisher\":{\"@id\":\"https:\\\/\\\/ses-creative.com\\\/#organization\"},\"potentialAction\":[{\"@type\":\"SearchAction\",\"target\":{\"@type\":\"EntryPoint\",\"urlTemplate\":\"https:\\\/\\\/ses-creative.com\\\/?s={search_term_string}\"},\"query-input\":{\"@type\":\"PropertyValueSpecification\",\"valueRequired\":true,\"valueName\":\"search_term_string\"}}],\"inLanguage\":\"fr-FR\"},{\"@type\":\"Organization\",\"@id\":\"https:\\\/\\\/ses-creative.com\\\/#organization\",\"name\":\"SES Creative\",\"url\":\"https:\\\/\\\/ses-creative.com\\\/\",\"logo\":{\"@type\":\"ImageObject\",\"inLanguage\":\"fr-FR\",\"@id\":\"https:\\\/\\\/ses-creative.com\\\/#\\\/schema\\\/logo\\\/image\\\/\",\"url\":\"https:\\\/\\\/ses-creative.com\\\/wp-content\\\/uploads\\\/2025\\\/10\\\/ses-creative-logo.jpg\",\"contentUrl\":\"https:\\\/\\\/ses-creative.com\\\/wp-content\\\/uploads\\\/2025\\\/10\\\/ses-creative-logo.jpg\",\"width\":2037,\"height\":2037,\"caption\":\"SES Creative\"},\"image\":{\"@id\":\"https:\\\/\\\/ses-creative.com\\\/#\\\/schema\\\/logo\\\/image\\\/\"}}]}<\/script>\n<!-- \/ Yoast SEO plugin. -->","yoast_head_json":{"title":"Puissance quatre XXL en bois - SES Creative","robots":{"index":"index","follow":"follow","max-snippet":"max-snippet:-1","max-image-preview":"max-image-preview:large","max-video-preview":"max-video-preview:-1"},"canonical":"https:\/\/ses-creative.com\/fr\/produit\/puissance-quatre-xxl-en-bois\/","og_locale":"fr_FR","og_type":"article","og_title":"Puissance quatre XXL en bois - SES Creative","og_description":"Quatre en ligne XXL : le classique en format extra large ! Avec le jeu Quatre en ligne XXL en bois de SES Creative, vous pouvez profiter du jeu strat\u00e9gique classique dans une version extra large. Ce jeu est parfait pour l&rsquo;ext\u00e9rieur et garantit des heures de plaisir avec vos amis et votre famille. \u00c0 [&hellip;]","og_url":"https:\/\/ses-creative.com\/fr\/produit\/puissance-quatre-xxl-en-bois\/","og_site_name":"SES Creative","article_modified_time":"2026-02-12T10:22:32+00:00","twitter_card":"summary_large_image","twitter_misc":{"Dur\u00e9e de lecture estim\u00e9e":"2 minutes"},"schema":{"@context":"https:\/\/schema.org","@graph":[{"@type":"WebPage","@id":"https:\/\/ses-creative.com\/fr\/produit\/puissance-quatre-xxl-en-bois\/","url":"https:\/\/ses-creative.com\/fr\/produit\/puissance-quatre-xxl-en-bois\/","name":"Puissance quatre XXL en bois - SES Creative","isPartOf":{"@id":"https:\/\/ses-creative.com\/#website"},"primaryImageOfPage":{"@id":"https:\/\/ses-creative.com\/fr\/produit\/puissance-quatre-xxl-en-bois\/#primaryimage"},"image":{"@id":"https:\/\/ses-creative.com\/fr\/produit\/puissance-quatre-xxl-en-bois\/#primaryimage"},"thumbnailUrl":"https:\/\/ses-creative.com\/wp-content\/uploads\/2025\/12\/023141.jpg","datePublished":"2026-02-12T10:08:44+00:00","dateModified":"2026-02-12T10:22:32+00:00","breadcrumb":{"@id":"https:\/\/ses-creative.com\/fr\/produit\/puissance-quatre-xxl-en-bois\/#breadcrumb"},"inLanguage":"fr-FR","potentialAction":[{"@type":"ReadAction","target":["https:\/\/ses-creative.com\/fr\/produit\/puissance-quatre-xxl-en-bois\/"]}]},{"@type":"ImageObject","inLanguage":"fr-FR","@id":"https:\/\/ses-creative.com\/fr\/produit\/puissance-quatre-xxl-en-bois\/#primaryimage","url":"https:\/\/ses-creative.com\/wp-content\/uploads\/2025\/12\/023141.jpg","contentUrl":"https:\/\/ses-creative.com\/wp-content\/uploads\/2025\/12\/023141.jpg","width":2000,"height":2000},{"@type":"BreadcrumbList","@id":"https:\/\/ses-creative.com\/fr\/produit\/puissance-quatre-xxl-en-bois\/#breadcrumb","itemListElement":[{"@type":"ListItem","position":1,"name":"Boutique","item":"https:\/\/ses-creative.com\/fr\/boutique\/"},{"@type":"ListItem","position":2,"name":"Jeux d\u2019ext\u00e9rieur","item":"https:\/\/ses-creative.com\/fr\/product-categorie\/jeux-dexterieur\/"},{"@type":"ListItem","position":3,"name":"Puissance quatre XXL en bois"}]},{"@type":"WebSite","@id":"https:\/\/ses-creative.com\/#website","url":"https:\/\/ses-creative.com\/","name":"SES Creative","description":"","publisher":{"@id":"https:\/\/ses-creative.com\/#organization"},"potentialAction":[{"@type":"SearchAction","target":{"@type":"EntryPoint","urlTemplate":"https:\/\/ses-creative.com\/?s={search_term_string}"},"query-input":{"@type":"PropertyValueSpecification","valueRequired":true,"valueName":"search_term_string"}}],"inLanguage":"fr-FR"},{"@type":"Organization","@id":"https:\/\/ses-creative.com\/#organization","name":"SES Creative","url":"https:\/\/ses-creative.com\/","logo":{"@type":"ImageObject","inLanguage":"fr-FR","@id":"https:\/\/ses-creative.com\/#\/schema\/logo\/image\/","url":"https:\/\/ses-creative.com\/wp-content\/uploads\/2025\/10\/ses-creative-logo.jpg","contentUrl":"https:\/\/ses-creative.com\/wp-content\/uploads\/2025\/10\/ses-creative-logo.jpg","width":2037,"height":2037,"caption":"SES Creative"},"image":{"@id":"https:\/\/ses-creative.com\/#\/schema\/logo\/image\/"}}]}},"_links":{"self":[{"href":"https:\/\/ses-creative.com\/fr\/wp-json\/wp\/v2\/product\/118128","targetHints":{"allow":["GET"]}}],"collection":[{"href":"https:\/\/ses-creative.com\/fr\/wp-json\/wp\/v2\/product"}],"about":[{"href":"https:\/\/ses-creative.com\/fr\/wp-json\/wp\/v2\/types\/product"}],"replies":[{"embeddable":true,"href":"https:\/\/ses-creative.com\/fr\/wp-json\/wp\/v2\/comments?post=118128"}],"wp:featuredmedia":[{"embeddable":true,"href":"https:\/\/ses-creative.com\/fr\/wp-json\/wp\/v2\/media\/110242"}],"wp:attachment":[{"href":"https:\/\/ses-creative.com\/fr\/wp-json\/wp\/v2\/media?parent=118128"}],"wp:term":[{"taxonomy":"product_brand","embeddable":true,"href":"https:\/\/ses-creative.com\/fr\/wp-json\/wp\/v2\/product_brand?post=118128"},{"taxonomy":"product_cat","embeddable":true,"href":"https:\/\/ses-creative.com\/fr\/wp-json\/wp\/v2\/product_cat?post=118128"},{"taxonomy":"product_tag","embeddable":true,"href":"https:\/\/ses-creative.com\/fr\/wp-json\/wp\/v2\/product_tag?post=118128"}],"curies":[{"name":"wp","href":"https:\/\/api.w.org\/{rel}","templated":true}]}}