











{"id":118125,"date":"2026-02-12T10:08:43","date_gmt":"2026-02-12T10:08:43","guid":{"rendered":"https:\/\/ses-creative.com\/?post_type=product&#038;p=118125"},"modified":"2026-02-12T10:22:32","modified_gmt":"2026-02-12T10:22:32","slug":"lance-canette","status":"publish","type":"product","link":"https:\/\/ses-creative.com\/fr\/produit\/lance-canette\/","title":{"rendered":"Lance-canette"},"content":{"rendered":"<p>Le jeu SES Creative Lance-Canettes est un jeu d\u2019ext\u00e9rieur amusant con\u00e7u pour les enfants d\u00e8s 3 ans. Il comprend 6 gobelets en plastique num\u00e9rot\u00e9s et d\u00e9cor\u00e9s avec des animaux color\u00e9s, ainsi que deux balles en bois solides. Les enfants empilent les gobelets, visent et les renversent en lan\u00e7ant les balles, d\u00e9veloppant ainsi leur motricit\u00e9, coordination \u0153il-main et concentration. Ce jeu de lancer est id\u00e9al pour les activit\u00e9s ext\u00e9rieures en \u00e9t\u00e9, dans le jardin, au parc ou pendant les f\u00eates d\u2019anniversaire. Les mat\u00e9riaux robustes assurent une grande durabilit\u00e9 m\u00eame apr\u00e8s de nombreuses parties. L\u2019activit\u00e9 encourage le mouvement, les r\u00e9flexes et l\u2019apprentissage des chiffres dans un cadre ludique et dynamique. Con\u00e7u dans une d\u00e9marche \u00e9coresponsable, le jeu SES Creative est CO\u2082 neutre, garantissant un divertissement durable et respectueux de l\u2019environnement. Ce jeu \u00e9ducatif lancer balle stimule \u00e9galement la motricit\u00e9 globale et la coordination dans un environnement ludique. Parfait comme activit\u00e9 motricit\u00e9 enfant ou jeu plein air coordination \u00e0 utiliser en groupe ou en autonomie.<\/p>\n","protected":false},"excerpt":{"rendered":"<p>Le jeu SES Creative Lance-Canettes est un jeu d\u2019ext\u00e9rieur amusant con\u00e7u pour les enfants d\u00e8s 3 ans. Il comprend 6 gobelets en plastique num\u00e9rot\u00e9s et d\u00e9cor\u00e9s avec des animaux color\u00e9s, ainsi que deux balles en bois solides. Les enfants empilent les gobelets, visent et les renversent en lan\u00e7ant les balles, d\u00e9veloppant ainsi leur motricit\u00e9, coordination [&hellip;]<\/p>\n","protected":false},"featured_media":110226,"comment_status":"closed","ping_status":"closed","template":"","meta":{"_acf_changed":false},"product_brand":[],"product_cat":[126],"product_tag":[],"class_list":{"0":"post-118125","1":"product","2":"type-product","3":"status-publish","4":"has-post-thumbnail","6":"product_cat-jeux-dexterieur","7":"pa_leeftijd-filter-3-4-ans","8":"pa_meest-populair-bij-garcons-filles","10":"first","11":"instock","12":"shipping-taxable","13":"product-type-simple"},"acf":[],"yoast_head":"<!-- This site is optimized with the Yoast SEO plugin v27.4 - https:\/\/yoast.com\/product\/yoast-seo-wordpress\/ -->\n<title>Lance-canette - SES Creative<\/title>\n<meta name=\"robots\" content=\"index, follow, max-snippet:-1, max-image-preview:large, max-video-preview:-1\" \/>\n<link rel=\"canonical\" href=\"https:\/\/ses-creative.com\/fr\/produit\/lance-canette\/\" \/>\n<meta property=\"og:locale\" content=\"fr_FR\" \/>\n<meta property=\"og:type\" content=\"article\" \/>\n<meta property=\"og:title\" content=\"Lance-canette - SES Creative\" \/>\n<meta property=\"og:description\" content=\"Le jeu SES Creative Lance-Canettes est un jeu d\u2019ext\u00e9rieur amusant con\u00e7u pour les enfants d\u00e8s 3 ans. Il comprend 6 gobelets en plastique num\u00e9rot\u00e9s et d\u00e9cor\u00e9s avec des animaux color\u00e9s, ainsi que deux balles en bois solides. Les enfants empilent les gobelets, visent et les renversent en lan\u00e7ant les balles, d\u00e9veloppant ainsi leur motricit\u00e9, coordination [&hellip;]\" \/>\n<meta property=\"og:url\" content=\"https:\/\/ses-creative.com\/fr\/produit\/lance-canette\/\" \/>\n<meta property=\"og:site_name\" content=\"SES Creative\" \/>\n<meta property=\"article:modified_time\" content=\"2026-02-12T10:22:32+00:00\" \/>\n<meta name=\"twitter:card\" content=\"summary_large_image\" \/>\n<meta name=\"twitter:label1\" content=\"Dur\u00e9e de lecture estim\u00e9e\" \/>\n\t<meta name=\"twitter:data1\" content=\"1 minute\" \/>\n<script type=\"application\/ld+json\" class=\"yoast-schema-graph\">{\"@context\":\"https:\\\/\\\/schema.org\",\"@graph\":[{\"@type\":\"WebPage\",\"@id\":\"https:\\\/\\\/ses-creative.com\\\/fr\\\/produit\\\/lance-canette\\\/\",\"url\":\"https:\\\/\\\/ses-creative.com\\\/fr\\\/produit\\\/lance-canette\\\/\",\"name\":\"Lance-canette - SES Creative\",\"isPartOf\":{\"@id\":\"https:\\\/\\\/ses-creative.com\\\/#website\"},\"primaryImageOfPage\":{\"@id\":\"https:\\\/\\\/ses-creative.com\\\/fr\\\/produit\\\/lance-canette\\\/#primaryimage\"},\"image\":{\"@id\":\"https:\\\/\\\/ses-creative.com\\\/fr\\\/produit\\\/lance-canette\\\/#primaryimage\"},\"thumbnailUrl\":\"https:\\\/\\\/ses-creative.com\\\/wp-content\\\/uploads\\\/2025\\\/12\\\/023111.jpg\",\"datePublished\":\"2026-02-12T10:08:43+00:00\",\"dateModified\":\"2026-02-12T10:22:32+00:00\",\"breadcrumb\":{\"@id\":\"https:\\\/\\\/ses-creative.com\\\/fr\\\/produit\\\/lance-canette\\\/#breadcrumb\"},\"inLanguage\":\"fr-FR\",\"potentialAction\":[{\"@type\":\"ReadAction\",\"target\":[\"https:\\\/\\\/ses-creative.com\\\/fr\\\/produit\\\/lance-canette\\\/\"]}]},{\"@type\":\"ImageObject\",\"inLanguage\":\"fr-FR\",\"@id\":\"https:\\\/\\\/ses-creative.com\\\/fr\\\/produit\\\/lance-canette\\\/#primaryimage\",\"url\":\"https:\\\/\\\/ses-creative.com\\\/wp-content\\\/uploads\\\/2025\\\/12\\\/023111.jpg\",\"contentUrl\":\"https:\\\/\\\/ses-creative.com\\\/wp-content\\\/uploads\\\/2025\\\/12\\\/023111.jpg\",\"width\":2000,\"height\":2000},{\"@type\":\"BreadcrumbList\",\"@id\":\"https:\\\/\\\/ses-creative.com\\\/fr\\\/produit\\\/lance-canette\\\/#breadcrumb\",\"itemListElement\":[{\"@type\":\"ListItem\",\"position\":1,\"name\":\"Boutique\",\"item\":\"https:\\\/\\\/ses-creative.com\\\/fr\\\/boutique\\\/\"},{\"@type\":\"ListItem\",\"position\":2,\"name\":\"Jeux d\u2019ext\u00e9rieur\",\"item\":\"https:\\\/\\\/ses-creative.com\\\/fr\\\/product-categorie\\\/jeux-dexterieur\\\/\"},{\"@type\":\"ListItem\",\"position\":3,\"name\":\"Lance-canette\"}]},{\"@type\":\"WebSite\",\"@id\":\"https:\\\/\\\/ses-creative.com\\\/#website\",\"url\":\"https:\\\/\\\/ses-creative.com\\\/\",\"name\":\"SES Creative\",\"description\":\"\",\"publisher\":{\"@id\":\"https:\\\/\\\/ses-creative.com\\\/#organization\"},\"potentialAction\":[{\"@type\":\"SearchAction\",\"target\":{\"@type\":\"EntryPoint\",\"urlTemplate\":\"https:\\\/\\\/ses-creative.com\\\/?s={search_term_string}\"},\"query-input\":{\"@type\":\"PropertyValueSpecification\",\"valueRequired\":true,\"valueName\":\"search_term_string\"}}],\"inLanguage\":\"fr-FR\"},{\"@type\":\"Organization\",\"@id\":\"https:\\\/\\\/ses-creative.com\\\/#organization\",\"name\":\"SES Creative\",\"url\":\"https:\\\/\\\/ses-creative.com\\\/\",\"logo\":{\"@type\":\"ImageObject\",\"inLanguage\":\"fr-FR\",\"@id\":\"https:\\\/\\\/ses-creative.com\\\/#\\\/schema\\\/logo\\\/image\\\/\",\"url\":\"https:\\\/\\\/ses-creative.com\\\/wp-content\\\/uploads\\\/2025\\\/10\\\/ses-creative-logo.jpg\",\"contentUrl\":\"https:\\\/\\\/ses-creative.com\\\/wp-content\\\/uploads\\\/2025\\\/10\\\/ses-creative-logo.jpg\",\"width\":2037,\"height\":2037,\"caption\":\"SES Creative\"},\"image\":{\"@id\":\"https:\\\/\\\/ses-creative.com\\\/#\\\/schema\\\/logo\\\/image\\\/\"}}]}<\/script>\n<!-- \/ Yoast SEO plugin. -->","yoast_head_json":{"title":"Lance-canette - SES Creative","robots":{"index":"index","follow":"follow","max-snippet":"max-snippet:-1","max-image-preview":"max-image-preview:large","max-video-preview":"max-video-preview:-1"},"canonical":"https:\/\/ses-creative.com\/fr\/produit\/lance-canette\/","og_locale":"fr_FR","og_type":"article","og_title":"Lance-canette - SES Creative","og_description":"Le jeu SES Creative Lance-Canettes est un jeu d\u2019ext\u00e9rieur amusant con\u00e7u pour les enfants d\u00e8s 3 ans. Il comprend 6 gobelets en plastique num\u00e9rot\u00e9s et d\u00e9cor\u00e9s avec des animaux color\u00e9s, ainsi que deux balles en bois solides. Les enfants empilent les gobelets, visent et les renversent en lan\u00e7ant les balles, d\u00e9veloppant ainsi leur motricit\u00e9, coordination [&hellip;]","og_url":"https:\/\/ses-creative.com\/fr\/produit\/lance-canette\/","og_site_name":"SES Creative","article_modified_time":"2026-02-12T10:22:32+00:00","twitter_card":"summary_large_image","twitter_misc":{"Dur\u00e9e de lecture estim\u00e9e":"1 minute"},"schema":{"@context":"https:\/\/schema.org","@graph":[{"@type":"WebPage","@id":"https:\/\/ses-creative.com\/fr\/produit\/lance-canette\/","url":"https:\/\/ses-creative.com\/fr\/produit\/lance-canette\/","name":"Lance-canette - SES Creative","isPartOf":{"@id":"https:\/\/ses-creative.com\/#website"},"primaryImageOfPage":{"@id":"https:\/\/ses-creative.com\/fr\/produit\/lance-canette\/#primaryimage"},"image":{"@id":"https:\/\/ses-creative.com\/fr\/produit\/lance-canette\/#primaryimage"},"thumbnailUrl":"https:\/\/ses-creative.com\/wp-content\/uploads\/2025\/12\/023111.jpg","datePublished":"2026-02-12T10:08:43+00:00","dateModified":"2026-02-12T10:22:32+00:00","breadcrumb":{"@id":"https:\/\/ses-creative.com\/fr\/produit\/lance-canette\/#breadcrumb"},"inLanguage":"fr-FR","potentialAction":[{"@type":"ReadAction","target":["https:\/\/ses-creative.com\/fr\/produit\/lance-canette\/"]}]},{"@type":"ImageObject","inLanguage":"fr-FR","@id":"https:\/\/ses-creative.com\/fr\/produit\/lance-canette\/#primaryimage","url":"https:\/\/ses-creative.com\/wp-content\/uploads\/2025\/12\/023111.jpg","contentUrl":"https:\/\/ses-creative.com\/wp-content\/uploads\/2025\/12\/023111.jpg","width":2000,"height":2000},{"@type":"BreadcrumbList","@id":"https:\/\/ses-creative.com\/fr\/produit\/lance-canette\/#breadcrumb","itemListElement":[{"@type":"ListItem","position":1,"name":"Boutique","item":"https:\/\/ses-creative.com\/fr\/boutique\/"},{"@type":"ListItem","position":2,"name":"Jeux d\u2019ext\u00e9rieur","item":"https:\/\/ses-creative.com\/fr\/product-categorie\/jeux-dexterieur\/"},{"@type":"ListItem","position":3,"name":"Lance-canette"}]},{"@type":"WebSite","@id":"https:\/\/ses-creative.com\/#website","url":"https:\/\/ses-creative.com\/","name":"SES Creative","description":"","publisher":{"@id":"https:\/\/ses-creative.com\/#organization"},"potentialAction":[{"@type":"SearchAction","target":{"@type":"EntryPoint","urlTemplate":"https:\/\/ses-creative.com\/?s={search_term_string}"},"query-input":{"@type":"PropertyValueSpecification","valueRequired":true,"valueName":"search_term_string"}}],"inLanguage":"fr-FR"},{"@type":"Organization","@id":"https:\/\/ses-creative.com\/#organization","name":"SES Creative","url":"https:\/\/ses-creative.com\/","logo":{"@type":"ImageObject","inLanguage":"fr-FR","@id":"https:\/\/ses-creative.com\/#\/schema\/logo\/image\/","url":"https:\/\/ses-creative.com\/wp-content\/uploads\/2025\/10\/ses-creative-logo.jpg","contentUrl":"https:\/\/ses-creative.com\/wp-content\/uploads\/2025\/10\/ses-creative-logo.jpg","width":2037,"height":2037,"caption":"SES Creative"},"image":{"@id":"https:\/\/ses-creative.com\/#\/schema\/logo\/image\/"}}]}},"_links":{"self":[{"href":"https:\/\/ses-creative.com\/fr\/wp-json\/wp\/v2\/product\/118125","targetHints":{"allow":["GET"]}}],"collection":[{"href":"https:\/\/ses-creative.com\/fr\/wp-json\/wp\/v2\/product"}],"about":[{"href":"https:\/\/ses-creative.com\/fr\/wp-json\/wp\/v2\/types\/product"}],"replies":[{"embeddable":true,"href":"https:\/\/ses-creative.com\/fr\/wp-json\/wp\/v2\/comments?post=118125"}],"wp:featuredmedia":[{"embeddable":true,"href":"https:\/\/ses-creative.com\/fr\/wp-json\/wp\/v2\/media\/110226"}],"wp:attachment":[{"href":"https:\/\/ses-creative.com\/fr\/wp-json\/wp\/v2\/media?parent=118125"}],"wp:term":[{"taxonomy":"product_brand","embeddable":true,"href":"https:\/\/ses-creative.com\/fr\/wp-json\/wp\/v2\/product_brand?post=118125"},{"taxonomy":"product_cat","embeddable":true,"href":"https:\/\/ses-creative.com\/fr\/wp-json\/wp\/v2\/product_cat?post=118125"},{"taxonomy":"product_tag","embeddable":true,"href":"https:\/\/ses-creative.com\/fr\/wp-json\/wp\/v2\/product_tag?post=118125"}],"curies":[{"name":"wp","href":"https:\/\/api.w.org\/{rel}","templated":true}]}}