











{"id":118124,"date":"2026-02-12T10:08:43","date_gmt":"2026-02-12T10:08:43","guid":{"rendered":"https:\/\/ses-creative.com\/?post_type=product&#038;p=118124"},"modified":"2026-02-12T10:22:32","modified_gmt":"2026-02-12T10:22:32","slug":"bateau-dequilibre-en-bois","status":"publish","type":"product","link":"https:\/\/ses-creative.com\/fr\/produit\/bateau-dequilibre-en-bois\/","title":{"rendered":"Bateau d?\u00e9quilibre en bois"},"content":{"rendered":"<p>Jeu d&rsquo;\u00e9quilibre passionnant avec le bateau en bois<br \/>\nLe bateau d&rsquo;\u00e9quilibre en bois est un jeu super amusant et stimulant pour les enfants et toute la famille. Lancez le d\u00e9 pour d\u00e9couvrir quel animal doit monter \u00e0 bord. Mais attention ! Parviendrez-vous \u00e0 maintenir tous les animaux en \u00e9quilibre sans qu&rsquo;ils tombent par-dessus bord ?<br \/>\nCe jeu peut \u00eatre jou\u00e9 partout, \u00e0 l&rsquo;int\u00e9rieur comme \u00e0 l&rsquo;ext\u00e9rieur, et convient \u00e0 2 joueurs ou plus. Le set comprend 16 pions animaux color\u00e9s en bois, un d\u00e9 en bois et un sac de rangement pratique.<br \/>\nCe qui rend ce jeu g\u00e9nial<br \/>\n&#8211;    Fabriqu\u00e9 en bois durable<br \/>\n&#8211;    Du plaisir pour petits et grands<br \/>\n&#8211;    Convient \u00e0 2 joueurs ou plus<br \/>\n&#8211;    Peut \u00eatre jou\u00e9 \u00e0 l&rsquo;int\u00e9rieur comme \u00e0 l&rsquo;ext\u00e9rieur<br \/>\n&#8211;    Sac de rangement pratique inclus pour l&#8217;emporter partout<br \/>\nQui maintient les animaux en \u00e9quilibre ?<br \/>\nCe jeu est id\u00e9al pour les enfants \u00e0 partir de 3 ans et garantit des heures de plaisir. Il combine suspense, concentration et motricit\u00e9 fine. Qui parviendra \u00e0 maintenir le bateau en \u00e9quilibre le plus longtemps ?<br \/>\nContenu du set<br \/>\n&#8211;    Bateau en \u00e9quilibre en bois<br \/>\n&#8211;    16 pions animaux en bois<br \/>\n&#8211;    D\u00e9 en bois<br \/>\n&#8211;    Sac de rangement pratique<br \/>\n&#8211;    Instructions<br \/>\nPourquoi choisir SES Creative ?<br \/>\nChez SES Creative, nous accordons une grande importance \u00e0 la s\u00e9curit\u00e9. C&rsquo;est pourquoi nos produits sont fabriqu\u00e9s et test\u00e9s dans notre usine aux Pays-Bas, conform\u00e9ment aux normes de s\u00e9curit\u00e9 europ\u00e9ennes les plus strictes. Les jouets SES Creative sont source de plaisir et permettent aux enfants d&rsquo;\u00eatre fiers de leur travail, ce qui stimule leur cr\u00e9ativit\u00e9 et leur d\u00e9veloppement.<br \/>\nPrenez le d\u00e9 et commencez l&rsquo;aventure !<br \/>\nAvec le bateau \u00e0 bascule en bois de SES Creative, le plaisir est garanti. Emportez le jeu \u00e0 l&rsquo;ext\u00e9rieur ou jouez confortablement \u00e0 l&rsquo;int\u00e9rieur avec vos amis et votre famille. Relevez le d\u00e9fi !<\/p>\n","protected":false},"excerpt":{"rendered":"<p>Jeu d&rsquo;\u00e9quilibre passionnant avec le bateau en bois Le bateau d&rsquo;\u00e9quilibre en bois est un jeu super amusant et stimulant pour les enfants et toute la famille. Lancez le d\u00e9 pour d\u00e9couvrir quel animal doit monter \u00e0 bord. Mais attention ! Parviendrez-vous \u00e0 maintenir tous les animaux en \u00e9quilibre sans qu&rsquo;ils tombent par-dessus bord ? [&hellip;]<\/p>\n","protected":false},"featured_media":110218,"comment_status":"closed","ping_status":"closed","template":"","meta":{"_acf_changed":false},"product_brand":[],"product_cat":[126],"product_tag":[],"class_list":{"0":"post-118124","1":"product","2":"type-product","3":"status-publish","4":"has-post-thumbnail","6":"product_cat-jeux-dexterieur","7":"pa_leeftijd-filter-3-4-ans","8":"pa_meest-populair-bij-garcons-filles","10":"first","11":"instock","12":"shipping-taxable","13":"product-type-simple"},"acf":[],"yoast_head":"<!-- This site is optimized with the Yoast SEO plugin v27.4 - https:\/\/yoast.com\/product\/yoast-seo-wordpress\/ -->\n<title>Bateau d?\u00e9quilibre en bois - SES Creative<\/title>\n<meta name=\"robots\" content=\"index, follow, max-snippet:-1, max-image-preview:large, max-video-preview:-1\" \/>\n<link rel=\"canonical\" href=\"https:\/\/ses-creative.com\/fr\/produit\/bateau-dequilibre-en-bois\/\" \/>\n<meta property=\"og:locale\" content=\"fr_FR\" \/>\n<meta property=\"og:type\" content=\"article\" \/>\n<meta property=\"og:title\" content=\"Bateau d?\u00e9quilibre en bois - SES Creative\" \/>\n<meta property=\"og:description\" content=\"Jeu d&rsquo;\u00e9quilibre passionnant avec le bateau en bois Le bateau d&rsquo;\u00e9quilibre en bois est un jeu super amusant et stimulant pour les enfants et toute la famille. Lancez le d\u00e9 pour d\u00e9couvrir quel animal doit monter \u00e0 bord. Mais attention ! Parviendrez-vous \u00e0 maintenir tous les animaux en \u00e9quilibre sans qu&rsquo;ils tombent par-dessus bord ? [&hellip;]\" \/>\n<meta property=\"og:url\" content=\"https:\/\/ses-creative.com\/fr\/produit\/bateau-dequilibre-en-bois\/\" \/>\n<meta property=\"og:site_name\" content=\"SES Creative\" \/>\n<meta property=\"article:modified_time\" content=\"2026-02-12T10:22:32+00:00\" \/>\n<meta name=\"twitter:card\" content=\"summary_large_image\" \/>\n<meta name=\"twitter:label1\" content=\"Dur\u00e9e de lecture estim\u00e9e\" \/>\n\t<meta name=\"twitter:data1\" content=\"2 minutes\" \/>\n<script type=\"application\/ld+json\" class=\"yoast-schema-graph\">{\"@context\":\"https:\\\/\\\/schema.org\",\"@graph\":[{\"@type\":\"WebPage\",\"@id\":\"https:\\\/\\\/ses-creative.com\\\/fr\\\/produit\\\/bateau-dequilibre-en-bois\\\/\",\"url\":\"https:\\\/\\\/ses-creative.com\\\/fr\\\/produit\\\/bateau-dequilibre-en-bois\\\/\",\"name\":\"Bateau d?\u00e9quilibre en bois - SES Creative\",\"isPartOf\":{\"@id\":\"https:\\\/\\\/ses-creative.com\\\/#website\"},\"primaryImageOfPage\":{\"@id\":\"https:\\\/\\\/ses-creative.com\\\/fr\\\/produit\\\/bateau-dequilibre-en-bois\\\/#primaryimage\"},\"image\":{\"@id\":\"https:\\\/\\\/ses-creative.com\\\/fr\\\/produit\\\/bateau-dequilibre-en-bois\\\/#primaryimage\"},\"thumbnailUrl\":\"https:\\\/\\\/ses-creative.com\\\/wp-content\\\/uploads\\\/2025\\\/12\\\/023091.jpg\",\"datePublished\":\"2026-02-12T10:08:43+00:00\",\"dateModified\":\"2026-02-12T10:22:32+00:00\",\"breadcrumb\":{\"@id\":\"https:\\\/\\\/ses-creative.com\\\/fr\\\/produit\\\/bateau-dequilibre-en-bois\\\/#breadcrumb\"},\"inLanguage\":\"fr-FR\",\"potentialAction\":[{\"@type\":\"ReadAction\",\"target\":[\"https:\\\/\\\/ses-creative.com\\\/fr\\\/produit\\\/bateau-dequilibre-en-bois\\\/\"]}]},{\"@type\":\"ImageObject\",\"inLanguage\":\"fr-FR\",\"@id\":\"https:\\\/\\\/ses-creative.com\\\/fr\\\/produit\\\/bateau-dequilibre-en-bois\\\/#primaryimage\",\"url\":\"https:\\\/\\\/ses-creative.com\\\/wp-content\\\/uploads\\\/2025\\\/12\\\/023091.jpg\",\"contentUrl\":\"https:\\\/\\\/ses-creative.com\\\/wp-content\\\/uploads\\\/2025\\\/12\\\/023091.jpg\",\"width\":2000,\"height\":2000},{\"@type\":\"BreadcrumbList\",\"@id\":\"https:\\\/\\\/ses-creative.com\\\/fr\\\/produit\\\/bateau-dequilibre-en-bois\\\/#breadcrumb\",\"itemListElement\":[{\"@type\":\"ListItem\",\"position\":1,\"name\":\"Boutique\",\"item\":\"https:\\\/\\\/ses-creative.com\\\/fr\\\/boutique\\\/\"},{\"@type\":\"ListItem\",\"position\":2,\"name\":\"Jeux d\u2019ext\u00e9rieur\",\"item\":\"https:\\\/\\\/ses-creative.com\\\/fr\\\/product-categorie\\\/jeux-dexterieur\\\/\"},{\"@type\":\"ListItem\",\"position\":3,\"name\":\"Bateau d?\u00e9quilibre en bois\"}]},{\"@type\":\"WebSite\",\"@id\":\"https:\\\/\\\/ses-creative.com\\\/#website\",\"url\":\"https:\\\/\\\/ses-creative.com\\\/\",\"name\":\"SES Creative\",\"description\":\"\",\"publisher\":{\"@id\":\"https:\\\/\\\/ses-creative.com\\\/#organization\"},\"potentialAction\":[{\"@type\":\"SearchAction\",\"target\":{\"@type\":\"EntryPoint\",\"urlTemplate\":\"https:\\\/\\\/ses-creative.com\\\/?s={search_term_string}\"},\"query-input\":{\"@type\":\"PropertyValueSpecification\",\"valueRequired\":true,\"valueName\":\"search_term_string\"}}],\"inLanguage\":\"fr-FR\"},{\"@type\":\"Organization\",\"@id\":\"https:\\\/\\\/ses-creative.com\\\/#organization\",\"name\":\"SES Creative\",\"url\":\"https:\\\/\\\/ses-creative.com\\\/\",\"logo\":{\"@type\":\"ImageObject\",\"inLanguage\":\"fr-FR\",\"@id\":\"https:\\\/\\\/ses-creative.com\\\/#\\\/schema\\\/logo\\\/image\\\/\",\"url\":\"https:\\\/\\\/ses-creative.com\\\/wp-content\\\/uploads\\\/2025\\\/10\\\/ses-creative-logo.jpg\",\"contentUrl\":\"https:\\\/\\\/ses-creative.com\\\/wp-content\\\/uploads\\\/2025\\\/10\\\/ses-creative-logo.jpg\",\"width\":2037,\"height\":2037,\"caption\":\"SES Creative\"},\"image\":{\"@id\":\"https:\\\/\\\/ses-creative.com\\\/#\\\/schema\\\/logo\\\/image\\\/\"}}]}<\/script>\n<!-- \/ Yoast SEO plugin. -->","yoast_head_json":{"title":"Bateau d?\u00e9quilibre en bois - SES Creative","robots":{"index":"index","follow":"follow","max-snippet":"max-snippet:-1","max-image-preview":"max-image-preview:large","max-video-preview":"max-video-preview:-1"},"canonical":"https:\/\/ses-creative.com\/fr\/produit\/bateau-dequilibre-en-bois\/","og_locale":"fr_FR","og_type":"article","og_title":"Bateau d?\u00e9quilibre en bois - SES Creative","og_description":"Jeu d&rsquo;\u00e9quilibre passionnant avec le bateau en bois Le bateau d&rsquo;\u00e9quilibre en bois est un jeu super amusant et stimulant pour les enfants et toute la famille. Lancez le d\u00e9 pour d\u00e9couvrir quel animal doit monter \u00e0 bord. Mais attention ! Parviendrez-vous \u00e0 maintenir tous les animaux en \u00e9quilibre sans qu&rsquo;ils tombent par-dessus bord ? [&hellip;]","og_url":"https:\/\/ses-creative.com\/fr\/produit\/bateau-dequilibre-en-bois\/","og_site_name":"SES Creative","article_modified_time":"2026-02-12T10:22:32+00:00","twitter_card":"summary_large_image","twitter_misc":{"Dur\u00e9e de lecture estim\u00e9e":"2 minutes"},"schema":{"@context":"https:\/\/schema.org","@graph":[{"@type":"WebPage","@id":"https:\/\/ses-creative.com\/fr\/produit\/bateau-dequilibre-en-bois\/","url":"https:\/\/ses-creative.com\/fr\/produit\/bateau-dequilibre-en-bois\/","name":"Bateau d?\u00e9quilibre en bois - SES Creative","isPartOf":{"@id":"https:\/\/ses-creative.com\/#website"},"primaryImageOfPage":{"@id":"https:\/\/ses-creative.com\/fr\/produit\/bateau-dequilibre-en-bois\/#primaryimage"},"image":{"@id":"https:\/\/ses-creative.com\/fr\/produit\/bateau-dequilibre-en-bois\/#primaryimage"},"thumbnailUrl":"https:\/\/ses-creative.com\/wp-content\/uploads\/2025\/12\/023091.jpg","datePublished":"2026-02-12T10:08:43+00:00","dateModified":"2026-02-12T10:22:32+00:00","breadcrumb":{"@id":"https:\/\/ses-creative.com\/fr\/produit\/bateau-dequilibre-en-bois\/#breadcrumb"},"inLanguage":"fr-FR","potentialAction":[{"@type":"ReadAction","target":["https:\/\/ses-creative.com\/fr\/produit\/bateau-dequilibre-en-bois\/"]}]},{"@type":"ImageObject","inLanguage":"fr-FR","@id":"https:\/\/ses-creative.com\/fr\/produit\/bateau-dequilibre-en-bois\/#primaryimage","url":"https:\/\/ses-creative.com\/wp-content\/uploads\/2025\/12\/023091.jpg","contentUrl":"https:\/\/ses-creative.com\/wp-content\/uploads\/2025\/12\/023091.jpg","width":2000,"height":2000},{"@type":"BreadcrumbList","@id":"https:\/\/ses-creative.com\/fr\/produit\/bateau-dequilibre-en-bois\/#breadcrumb","itemListElement":[{"@type":"ListItem","position":1,"name":"Boutique","item":"https:\/\/ses-creative.com\/fr\/boutique\/"},{"@type":"ListItem","position":2,"name":"Jeux d\u2019ext\u00e9rieur","item":"https:\/\/ses-creative.com\/fr\/product-categorie\/jeux-dexterieur\/"},{"@type":"ListItem","position":3,"name":"Bateau d?\u00e9quilibre en bois"}]},{"@type":"WebSite","@id":"https:\/\/ses-creative.com\/#website","url":"https:\/\/ses-creative.com\/","name":"SES Creative","description":"","publisher":{"@id":"https:\/\/ses-creative.com\/#organization"},"potentialAction":[{"@type":"SearchAction","target":{"@type":"EntryPoint","urlTemplate":"https:\/\/ses-creative.com\/?s={search_term_string}"},"query-input":{"@type":"PropertyValueSpecification","valueRequired":true,"valueName":"search_term_string"}}],"inLanguage":"fr-FR"},{"@type":"Organization","@id":"https:\/\/ses-creative.com\/#organization","name":"SES Creative","url":"https:\/\/ses-creative.com\/","logo":{"@type":"ImageObject","inLanguage":"fr-FR","@id":"https:\/\/ses-creative.com\/#\/schema\/logo\/image\/","url":"https:\/\/ses-creative.com\/wp-content\/uploads\/2025\/10\/ses-creative-logo.jpg","contentUrl":"https:\/\/ses-creative.com\/wp-content\/uploads\/2025\/10\/ses-creative-logo.jpg","width":2037,"height":2037,"caption":"SES Creative"},"image":{"@id":"https:\/\/ses-creative.com\/#\/schema\/logo\/image\/"}}]}},"_links":{"self":[{"href":"https:\/\/ses-creative.com\/fr\/wp-json\/wp\/v2\/product\/118124","targetHints":{"allow":["GET"]}}],"collection":[{"href":"https:\/\/ses-creative.com\/fr\/wp-json\/wp\/v2\/product"}],"about":[{"href":"https:\/\/ses-creative.com\/fr\/wp-json\/wp\/v2\/types\/product"}],"replies":[{"embeddable":true,"href":"https:\/\/ses-creative.com\/fr\/wp-json\/wp\/v2\/comments?post=118124"}],"wp:featuredmedia":[{"embeddable":true,"href":"https:\/\/ses-creative.com\/fr\/wp-json\/wp\/v2\/media\/110218"}],"wp:attachment":[{"href":"https:\/\/ses-creative.com\/fr\/wp-json\/wp\/v2\/media?parent=118124"}],"wp:term":[{"taxonomy":"product_brand","embeddable":true,"href":"https:\/\/ses-creative.com\/fr\/wp-json\/wp\/v2\/product_brand?post=118124"},{"taxonomy":"product_cat","embeddable":true,"href":"https:\/\/ses-creative.com\/fr\/wp-json\/wp\/v2\/product_cat?post=118124"},{"taxonomy":"product_tag","embeddable":true,"href":"https:\/\/ses-creative.com\/fr\/wp-json\/wp\/v2\/product_tag?post=118124"}],"curies":[{"name":"wp","href":"https:\/\/api.w.org\/{rel}","templated":true}]}}