











{"id":118122,"date":"2026-02-12T10:08:43","date_gmt":"2026-02-12T10:08:43","guid":{"rendered":"https:\/\/ses-creative.com\/?post_type=product&#038;p=118122"},"modified":"2026-02-12T10:22:31","modified_gmt":"2026-02-12T10:22:31","slug":"autocollants-pour-fenetres","status":"publish","type":"product","link":"https:\/\/ses-creative.com\/fr\/produit\/autocollants-pour-fenetres\/","title":{"rendered":"Autocollants pour fen\u00eatres"},"content":{"rendered":"<p>D\u00e9corez vos fen\u00eatres avec des autocollants joyeux !<br \/>\nAvec ce set d&rsquo;autocollants pour fen\u00eatres de SES Creative, les enfants peuvent transformer leurs fen\u00eatres en \u0153uvres d&rsquo;art color\u00e9es. Le set contient pas moins de 38 autocollants r\u00e9utilisables avec diff\u00e9rents motifs joyeux. Parfait pour les enfants qui aiment \u00eatre cr\u00e9atifs et d\u00e9corer leur propre espace !<br \/>\nCe qui rend ce set g\u00e9nial<br \/>\n&#8211;    Des autocollants r\u00e9utilisables pour un plaisir sans fin<br \/>\n&#8211;    38 autocollants transparents aux motifs vari\u00e9s<br \/>\n&#8211;    Faciles \u00e0 appliquer sur les fen\u00eatres et \u00e0 retirer sans laisser de traces<br \/>\n&#8211;    Stimule la cr\u00e9ativit\u00e9 et l&rsquo;imagination<br \/>\n&#8211;    Convient aux enfants \u00e0 partir de 3 ans<br \/>\nCr\u00e9ez votre propre art sur vitre<br \/>\nAvec ces autocollants pour fen\u00eatres, les enfants peuvent laisser libre cours \u00e0 leur cr\u00e9ativit\u00e9. Les autocollants transparents sont faciles \u00e0 appliquer et \u00e0 d\u00e9placer, ce qui permet aux enfants de cr\u00e9er sans cesse de nouveaux motifs. Que ce soit pour d\u00e9corer les fen\u00eatres de la chambre, de la salle de jeux ou du salon, ces autocollants garantissent beaucoup de plaisir et apportent une touche personnelle.<br \/>\nLes autocollants ne laissent aucune trace, les parents n&rsquo;ont donc pas \u00e0 s&rsquo;inqui\u00e9ter des dommages caus\u00e9s au verre. Apr\u00e8s utilisation, les autocollants peuvent \u00eatre facilement retir\u00e9s et r\u00e9utilis\u00e9s, pour un plaisir sans fin.<br \/>\nContenu du set<br \/>\n&#8211;    38 autocollants pour fen\u00eatres<br \/>\nPourquoi choisir SES Creative ?<br \/>\nChez SES Creative, nous accordons une grande importance \u00e0 la s\u00e9curit\u00e9. C&rsquo;est pourquoi nos produits sont fabriqu\u00e9s et test\u00e9s dans notre usine aux Pays-Bas, conform\u00e9ment aux normes de s\u00e9curit\u00e9 europ\u00e9ennes les plus strictes. Les jouets SES Creative sont source de plaisir et permettent aux enfants d&rsquo;\u00eatre fiers de leur travail, ce qui stimule leur cr\u00e9ativit\u00e9 et leur d\u00e9veloppement.<br \/>\nCommencez d\u00e8s aujourd&rsquo;hui \u00e0 d\u00e9corer vos fen\u00eatres !<br \/>\nAvec ce set d&rsquo;autocollants pour fen\u00eatres, les enfants peuvent cr\u00e9er leurs propres \u0153uvres d&rsquo;art et laisser libre cours \u00e0 leur cr\u00e9ativit\u00e9. Collez les autocollants, modifiez votre dessin et admirez vos cr\u00e9ations color\u00e9es !<\/p>\n","protected":false},"excerpt":{"rendered":"<p>D\u00e9corez vos fen\u00eatres avec des autocollants joyeux ! Avec ce set d&rsquo;autocollants pour fen\u00eatres de SES Creative, les enfants peuvent transformer leurs fen\u00eatres en \u0153uvres d&rsquo;art color\u00e9es. Le set contient pas moins de 38 autocollants r\u00e9utilisables avec diff\u00e9rents motifs joyeux. Parfait pour les enfants qui aiment \u00eatre cr\u00e9atifs et d\u00e9corer leur propre espace ! Ce [&hellip;]<\/p>\n","protected":false},"featured_media":99308,"comment_status":"closed","ping_status":"closed","template":"","meta":{"_acf_changed":false},"product_brand":[],"product_cat":[126],"product_tag":[],"class_list":{"0":"post-118122","1":"product","2":"type-product","3":"status-publish","4":"has-post-thumbnail","6":"product_cat-jeux-dexterieur","7":"pa_leeftijd-filter-3-4-ans","8":"pa_meest-populair-bij-garcons-filles","10":"first","11":"instock","12":"shipping-taxable","13":"product-type-simple"},"acf":[],"yoast_head":"<!-- This site is optimized with the Yoast SEO plugin v27.4 - https:\/\/yoast.com\/product\/yoast-seo-wordpress\/ -->\n<title>Autocollants pour fen\u00eatres - SES Creative<\/title>\n<meta name=\"robots\" content=\"index, follow, max-snippet:-1, max-image-preview:large, max-video-preview:-1\" \/>\n<link rel=\"canonical\" href=\"https:\/\/ses-creative.com\/fr\/produit\/autocollants-pour-fenetres\/\" \/>\n<meta property=\"og:locale\" content=\"fr_FR\" \/>\n<meta property=\"og:type\" content=\"article\" \/>\n<meta property=\"og:title\" content=\"Autocollants pour fen\u00eatres - SES Creative\" \/>\n<meta property=\"og:description\" content=\"D\u00e9corez vos fen\u00eatres avec des autocollants joyeux ! Avec ce set d&rsquo;autocollants pour fen\u00eatres de SES Creative, les enfants peuvent transformer leurs fen\u00eatres en \u0153uvres d&rsquo;art color\u00e9es. Le set contient pas moins de 38 autocollants r\u00e9utilisables avec diff\u00e9rents motifs joyeux. Parfait pour les enfants qui aiment \u00eatre cr\u00e9atifs et d\u00e9corer leur propre espace ! Ce [&hellip;]\" \/>\n<meta property=\"og:url\" content=\"https:\/\/ses-creative.com\/fr\/produit\/autocollants-pour-fenetres\/\" \/>\n<meta property=\"og:site_name\" content=\"SES Creative\" \/>\n<meta property=\"article:modified_time\" content=\"2026-02-12T10:22:31+00:00\" \/>\n<meta name=\"twitter:card\" content=\"summary_large_image\" \/>\n<meta name=\"twitter:label1\" content=\"Dur\u00e9e de lecture estim\u00e9e\" \/>\n\t<meta name=\"twitter:data1\" content=\"2 minutes\" \/>\n<script type=\"application\/ld+json\" class=\"yoast-schema-graph\">{\"@context\":\"https:\\\/\\\/schema.org\",\"@graph\":[{\"@type\":\"WebPage\",\"@id\":\"https:\\\/\\\/ses-creative.com\\\/fr\\\/produit\\\/autocollants-pour-fenetres\\\/\",\"url\":\"https:\\\/\\\/ses-creative.com\\\/fr\\\/produit\\\/autocollants-pour-fenetres\\\/\",\"name\":\"Autocollants pour fen\u00eatres - SES Creative\",\"isPartOf\":{\"@id\":\"https:\\\/\\\/ses-creative.com\\\/#website\"},\"primaryImageOfPage\":{\"@id\":\"https:\\\/\\\/ses-creative.com\\\/fr\\\/produit\\\/autocollants-pour-fenetres\\\/#primaryimage\"},\"image\":{\"@id\":\"https:\\\/\\\/ses-creative.com\\\/fr\\\/produit\\\/autocollants-pour-fenetres\\\/#primaryimage\"},\"thumbnailUrl\":\"https:\\\/\\\/ses-creative.com\\\/wp-content\\\/uploads\\\/2026\\\/01\\\/023061.jpg\",\"datePublished\":\"2026-02-12T10:08:43+00:00\",\"dateModified\":\"2026-02-12T10:22:31+00:00\",\"breadcrumb\":{\"@id\":\"https:\\\/\\\/ses-creative.com\\\/fr\\\/produit\\\/autocollants-pour-fenetres\\\/#breadcrumb\"},\"inLanguage\":\"fr-FR\",\"potentialAction\":[{\"@type\":\"ReadAction\",\"target\":[\"https:\\\/\\\/ses-creative.com\\\/fr\\\/produit\\\/autocollants-pour-fenetres\\\/\"]}]},{\"@type\":\"ImageObject\",\"inLanguage\":\"fr-FR\",\"@id\":\"https:\\\/\\\/ses-creative.com\\\/fr\\\/produit\\\/autocollants-pour-fenetres\\\/#primaryimage\",\"url\":\"https:\\\/\\\/ses-creative.com\\\/wp-content\\\/uploads\\\/2026\\\/01\\\/023061.jpg\",\"contentUrl\":\"https:\\\/\\\/ses-creative.com\\\/wp-content\\\/uploads\\\/2026\\\/01\\\/023061.jpg\",\"width\":1000,\"height\":1000},{\"@type\":\"BreadcrumbList\",\"@id\":\"https:\\\/\\\/ses-creative.com\\\/fr\\\/produit\\\/autocollants-pour-fenetres\\\/#breadcrumb\",\"itemListElement\":[{\"@type\":\"ListItem\",\"position\":1,\"name\":\"Boutique\",\"item\":\"https:\\\/\\\/ses-creative.com\\\/fr\\\/boutique\\\/\"},{\"@type\":\"ListItem\",\"position\":2,\"name\":\"Jeux d\u2019ext\u00e9rieur\",\"item\":\"https:\\\/\\\/ses-creative.com\\\/fr\\\/product-categorie\\\/jeux-dexterieur\\\/\"},{\"@type\":\"ListItem\",\"position\":3,\"name\":\"Autocollants pour fen\u00eatres\"}]},{\"@type\":\"WebSite\",\"@id\":\"https:\\\/\\\/ses-creative.com\\\/#website\",\"url\":\"https:\\\/\\\/ses-creative.com\\\/\",\"name\":\"SES Creative\",\"description\":\"\",\"publisher\":{\"@id\":\"https:\\\/\\\/ses-creative.com\\\/#organization\"},\"potentialAction\":[{\"@type\":\"SearchAction\",\"target\":{\"@type\":\"EntryPoint\",\"urlTemplate\":\"https:\\\/\\\/ses-creative.com\\\/?s={search_term_string}\"},\"query-input\":{\"@type\":\"PropertyValueSpecification\",\"valueRequired\":true,\"valueName\":\"search_term_string\"}}],\"inLanguage\":\"fr-FR\"},{\"@type\":\"Organization\",\"@id\":\"https:\\\/\\\/ses-creative.com\\\/#organization\",\"name\":\"SES Creative\",\"url\":\"https:\\\/\\\/ses-creative.com\\\/\",\"logo\":{\"@type\":\"ImageObject\",\"inLanguage\":\"fr-FR\",\"@id\":\"https:\\\/\\\/ses-creative.com\\\/#\\\/schema\\\/logo\\\/image\\\/\",\"url\":\"https:\\\/\\\/ses-creative.com\\\/wp-content\\\/uploads\\\/2025\\\/10\\\/ses-creative-logo.jpg\",\"contentUrl\":\"https:\\\/\\\/ses-creative.com\\\/wp-content\\\/uploads\\\/2025\\\/10\\\/ses-creative-logo.jpg\",\"width\":2037,\"height\":2037,\"caption\":\"SES Creative\"},\"image\":{\"@id\":\"https:\\\/\\\/ses-creative.com\\\/#\\\/schema\\\/logo\\\/image\\\/\"}}]}<\/script>\n<!-- \/ Yoast SEO plugin. -->","yoast_head_json":{"title":"Autocollants pour fen\u00eatres - SES Creative","robots":{"index":"index","follow":"follow","max-snippet":"max-snippet:-1","max-image-preview":"max-image-preview:large","max-video-preview":"max-video-preview:-1"},"canonical":"https:\/\/ses-creative.com\/fr\/produit\/autocollants-pour-fenetres\/","og_locale":"fr_FR","og_type":"article","og_title":"Autocollants pour fen\u00eatres - SES Creative","og_description":"D\u00e9corez vos fen\u00eatres avec des autocollants joyeux ! Avec ce set d&rsquo;autocollants pour fen\u00eatres de SES Creative, les enfants peuvent transformer leurs fen\u00eatres en \u0153uvres d&rsquo;art color\u00e9es. Le set contient pas moins de 38 autocollants r\u00e9utilisables avec diff\u00e9rents motifs joyeux. Parfait pour les enfants qui aiment \u00eatre cr\u00e9atifs et d\u00e9corer leur propre espace ! Ce [&hellip;]","og_url":"https:\/\/ses-creative.com\/fr\/produit\/autocollants-pour-fenetres\/","og_site_name":"SES Creative","article_modified_time":"2026-02-12T10:22:31+00:00","twitter_card":"summary_large_image","twitter_misc":{"Dur\u00e9e de lecture estim\u00e9e":"2 minutes"},"schema":{"@context":"https:\/\/schema.org","@graph":[{"@type":"WebPage","@id":"https:\/\/ses-creative.com\/fr\/produit\/autocollants-pour-fenetres\/","url":"https:\/\/ses-creative.com\/fr\/produit\/autocollants-pour-fenetres\/","name":"Autocollants pour fen\u00eatres - SES Creative","isPartOf":{"@id":"https:\/\/ses-creative.com\/#website"},"primaryImageOfPage":{"@id":"https:\/\/ses-creative.com\/fr\/produit\/autocollants-pour-fenetres\/#primaryimage"},"image":{"@id":"https:\/\/ses-creative.com\/fr\/produit\/autocollants-pour-fenetres\/#primaryimage"},"thumbnailUrl":"https:\/\/ses-creative.com\/wp-content\/uploads\/2026\/01\/023061.jpg","datePublished":"2026-02-12T10:08:43+00:00","dateModified":"2026-02-12T10:22:31+00:00","breadcrumb":{"@id":"https:\/\/ses-creative.com\/fr\/produit\/autocollants-pour-fenetres\/#breadcrumb"},"inLanguage":"fr-FR","potentialAction":[{"@type":"ReadAction","target":["https:\/\/ses-creative.com\/fr\/produit\/autocollants-pour-fenetres\/"]}]},{"@type":"ImageObject","inLanguage":"fr-FR","@id":"https:\/\/ses-creative.com\/fr\/produit\/autocollants-pour-fenetres\/#primaryimage","url":"https:\/\/ses-creative.com\/wp-content\/uploads\/2026\/01\/023061.jpg","contentUrl":"https:\/\/ses-creative.com\/wp-content\/uploads\/2026\/01\/023061.jpg","width":1000,"height":1000},{"@type":"BreadcrumbList","@id":"https:\/\/ses-creative.com\/fr\/produit\/autocollants-pour-fenetres\/#breadcrumb","itemListElement":[{"@type":"ListItem","position":1,"name":"Boutique","item":"https:\/\/ses-creative.com\/fr\/boutique\/"},{"@type":"ListItem","position":2,"name":"Jeux d\u2019ext\u00e9rieur","item":"https:\/\/ses-creative.com\/fr\/product-categorie\/jeux-dexterieur\/"},{"@type":"ListItem","position":3,"name":"Autocollants pour fen\u00eatres"}]},{"@type":"WebSite","@id":"https:\/\/ses-creative.com\/#website","url":"https:\/\/ses-creative.com\/","name":"SES Creative","description":"","publisher":{"@id":"https:\/\/ses-creative.com\/#organization"},"potentialAction":[{"@type":"SearchAction","target":{"@type":"EntryPoint","urlTemplate":"https:\/\/ses-creative.com\/?s={search_term_string}"},"query-input":{"@type":"PropertyValueSpecification","valueRequired":true,"valueName":"search_term_string"}}],"inLanguage":"fr-FR"},{"@type":"Organization","@id":"https:\/\/ses-creative.com\/#organization","name":"SES Creative","url":"https:\/\/ses-creative.com\/","logo":{"@type":"ImageObject","inLanguage":"fr-FR","@id":"https:\/\/ses-creative.com\/#\/schema\/logo\/image\/","url":"https:\/\/ses-creative.com\/wp-content\/uploads\/2025\/10\/ses-creative-logo.jpg","contentUrl":"https:\/\/ses-creative.com\/wp-content\/uploads\/2025\/10\/ses-creative-logo.jpg","width":2037,"height":2037,"caption":"SES Creative"},"image":{"@id":"https:\/\/ses-creative.com\/#\/schema\/logo\/image\/"}}]}},"_links":{"self":[{"href":"https:\/\/ses-creative.com\/fr\/wp-json\/wp\/v2\/product\/118122","targetHints":{"allow":["GET"]}}],"collection":[{"href":"https:\/\/ses-creative.com\/fr\/wp-json\/wp\/v2\/product"}],"about":[{"href":"https:\/\/ses-creative.com\/fr\/wp-json\/wp\/v2\/types\/product"}],"replies":[{"embeddable":true,"href":"https:\/\/ses-creative.com\/fr\/wp-json\/wp\/v2\/comments?post=118122"}],"wp:featuredmedia":[{"embeddable":true,"href":"https:\/\/ses-creative.com\/fr\/wp-json\/wp\/v2\/media\/99308"}],"wp:attachment":[{"href":"https:\/\/ses-creative.com\/fr\/wp-json\/wp\/v2\/media?parent=118122"}],"wp:term":[{"taxonomy":"product_brand","embeddable":true,"href":"https:\/\/ses-creative.com\/fr\/wp-json\/wp\/v2\/product_brand?post=118122"},{"taxonomy":"product_cat","embeddable":true,"href":"https:\/\/ses-creative.com\/fr\/wp-json\/wp\/v2\/product_cat?post=118122"},{"taxonomy":"product_tag","embeddable":true,"href":"https:\/\/ses-creative.com\/fr\/wp-json\/wp\/v2\/product_tag?post=118122"}],"curies":[{"name":"wp","href":"https:\/\/api.w.org\/{rel}","templated":true}]}}