











{"id":118121,"date":"2026-02-12T10:08:43","date_gmt":"2026-02-12T10:08:43","guid":{"rendered":"https:\/\/ses-creative.com\/?post_type=product&#038;p=118121"},"modified":"2026-02-12T10:22:31","modified_gmt":"2026-02-12T10:22:31","slug":"animaux-acrobates","status":"publish","type":"product","link":"https:\/\/ses-creative.com\/fr\/produit\/animaux-acrobates\/","title":{"rendered":"Animaux acrobates"},"content":{"rendered":"<p>Transformez chaque espace en terrain de jeu actif avec le kit d\u2019acrobaties animales SES Creative. Destin\u00e9 aux enfants d\u00e8s 5 ans, ce jeu \u00e9ducatif comprend 27 cartes illustr\u00e9es et 1 d\u00e9 pour inventer des s\u00e9quences de mouvements amusantes \u00e0 r\u00e9aliser seul ou en groupe. \u00c0 chaque lancer, une carte est tir\u00e9e et l\u2019enfant doit reproduire une posture inspir\u00e9e d\u2019un animal. Une activit\u00e9 ludique qui stimule l\u2019imaginaire, d\u00e9veloppe l\u2019\u00e9quilibre, la souplesse et favorise la motricit\u00e9 globale tout en maintenant une activit\u00e9 physique r\u00e9guli\u00e8re. Parfait pour jouer en int\u00e9rieur ou en plein air, ce jeu encourage le mouvement, la coordination et la gestion de l\u2019espace tout en renfor\u00e7ant la confiance en soi et la coop\u00e9ration avec les autres. Gr\u00e2ce \u00e0 ses r\u00e8gles simples et accessibles, les enfants peuvent jouer de mani\u00e8re autonome et s\u2019amuser pendant des heures sans besoin de mat\u00e9riel complexe. C\u2019est une excellente id\u00e9e cadeau sportive et originale pour les enfants dynamiques qui aiment relever des d\u00e9fis en s\u2019inspirant du monde animal tout en bougeant librement et avec joie.<\/p>\n","protected":false},"excerpt":{"rendered":"<p>Transformez chaque espace en terrain de jeu actif avec le kit d\u2019acrobaties animales SES Creative. Destin\u00e9 aux enfants d\u00e8s 5 ans, ce jeu \u00e9ducatif comprend 27 cartes illustr\u00e9es et 1 d\u00e9 pour inventer des s\u00e9quences de mouvements amusantes \u00e0 r\u00e9aliser seul ou en groupe. \u00c0 chaque lancer, une carte est tir\u00e9e et l\u2019enfant doit reproduire [&hellip;]<\/p>\n","protected":false},"featured_media":99288,"comment_status":"closed","ping_status":"closed","template":"","meta":{"_acf_changed":false},"product_brand":[],"product_cat":[126],"product_tag":[],"class_list":{"0":"post-118121","1":"product","2":"type-product","3":"status-publish","4":"has-post-thumbnail","6":"product_cat-jeux-dexterieur","7":"pa_collecties-fitness-kids","8":"pa_leeftijd-filter-4-6-ans","9":"pa_meest-populair-bij-garcons-filles","11":"first","12":"instock","13":"shipping-taxable","14":"product-type-simple"},"acf":[],"yoast_head":"<!-- This site is optimized with the Yoast SEO plugin v27.4 - https:\/\/yoast.com\/product\/yoast-seo-wordpress\/ -->\n<title>Animaux acrobates - SES Creative<\/title>\n<meta name=\"robots\" content=\"index, follow, max-snippet:-1, max-image-preview:large, max-video-preview:-1\" \/>\n<link rel=\"canonical\" href=\"https:\/\/ses-creative.com\/fr\/produit\/animaux-acrobates\/\" \/>\n<meta property=\"og:locale\" content=\"fr_FR\" \/>\n<meta property=\"og:type\" content=\"article\" \/>\n<meta property=\"og:title\" content=\"Animaux acrobates - SES Creative\" \/>\n<meta property=\"og:description\" content=\"Transformez chaque espace en terrain de jeu actif avec le kit d\u2019acrobaties animales SES Creative. Destin\u00e9 aux enfants d\u00e8s 5 ans, ce jeu \u00e9ducatif comprend 27 cartes illustr\u00e9es et 1 d\u00e9 pour inventer des s\u00e9quences de mouvements amusantes \u00e0 r\u00e9aliser seul ou en groupe. \u00c0 chaque lancer, une carte est tir\u00e9e et l\u2019enfant doit reproduire [&hellip;]\" \/>\n<meta property=\"og:url\" content=\"https:\/\/ses-creative.com\/fr\/produit\/animaux-acrobates\/\" \/>\n<meta property=\"og:site_name\" content=\"SES Creative\" \/>\n<meta property=\"article:modified_time\" content=\"2026-02-12T10:22:31+00:00\" \/>\n<meta name=\"twitter:card\" content=\"summary_large_image\" \/>\n<meta name=\"twitter:label1\" content=\"Dur\u00e9e de lecture estim\u00e9e\" \/>\n\t<meta name=\"twitter:data1\" content=\"1 minute\" \/>\n<script type=\"application\/ld+json\" class=\"yoast-schema-graph\">{\"@context\":\"https:\\\/\\\/schema.org\",\"@graph\":[{\"@type\":\"WebPage\",\"@id\":\"https:\\\/\\\/ses-creative.com\\\/fr\\\/produit\\\/animaux-acrobates\\\/\",\"url\":\"https:\\\/\\\/ses-creative.com\\\/fr\\\/produit\\\/animaux-acrobates\\\/\",\"name\":\"Animaux acrobates - SES Creative\",\"isPartOf\":{\"@id\":\"https:\\\/\\\/ses-creative.com\\\/#website\"},\"primaryImageOfPage\":{\"@id\":\"https:\\\/\\\/ses-creative.com\\\/fr\\\/produit\\\/animaux-acrobates\\\/#primaryimage\"},\"image\":{\"@id\":\"https:\\\/\\\/ses-creative.com\\\/fr\\\/produit\\\/animaux-acrobates\\\/#primaryimage\"},\"thumbnailUrl\":\"https:\\\/\\\/ses-creative.com\\\/wp-content\\\/uploads\\\/2026\\\/01\\\/023051.jpg\",\"datePublished\":\"2026-02-12T10:08:43+00:00\",\"dateModified\":\"2026-02-12T10:22:31+00:00\",\"breadcrumb\":{\"@id\":\"https:\\\/\\\/ses-creative.com\\\/fr\\\/produit\\\/animaux-acrobates\\\/#breadcrumb\"},\"inLanguage\":\"fr-FR\",\"potentialAction\":[{\"@type\":\"ReadAction\",\"target\":[\"https:\\\/\\\/ses-creative.com\\\/fr\\\/produit\\\/animaux-acrobates\\\/\"]}]},{\"@type\":\"ImageObject\",\"inLanguage\":\"fr-FR\",\"@id\":\"https:\\\/\\\/ses-creative.com\\\/fr\\\/produit\\\/animaux-acrobates\\\/#primaryimage\",\"url\":\"https:\\\/\\\/ses-creative.com\\\/wp-content\\\/uploads\\\/2026\\\/01\\\/023051.jpg\",\"contentUrl\":\"https:\\\/\\\/ses-creative.com\\\/wp-content\\\/uploads\\\/2026\\\/01\\\/023051.jpg\",\"width\":1000,\"height\":1000},{\"@type\":\"BreadcrumbList\",\"@id\":\"https:\\\/\\\/ses-creative.com\\\/fr\\\/produit\\\/animaux-acrobates\\\/#breadcrumb\",\"itemListElement\":[{\"@type\":\"ListItem\",\"position\":1,\"name\":\"Boutique\",\"item\":\"https:\\\/\\\/ses-creative.com\\\/fr\\\/boutique\\\/\"},{\"@type\":\"ListItem\",\"position\":2,\"name\":\"Jeux d\u2019ext\u00e9rieur\",\"item\":\"https:\\\/\\\/ses-creative.com\\\/fr\\\/product-categorie\\\/jeux-dexterieur\\\/\"},{\"@type\":\"ListItem\",\"position\":3,\"name\":\"Animaux acrobates\"}]},{\"@type\":\"WebSite\",\"@id\":\"https:\\\/\\\/ses-creative.com\\\/#website\",\"url\":\"https:\\\/\\\/ses-creative.com\\\/\",\"name\":\"SES Creative\",\"description\":\"\",\"publisher\":{\"@id\":\"https:\\\/\\\/ses-creative.com\\\/#organization\"},\"potentialAction\":[{\"@type\":\"SearchAction\",\"target\":{\"@type\":\"EntryPoint\",\"urlTemplate\":\"https:\\\/\\\/ses-creative.com\\\/?s={search_term_string}\"},\"query-input\":{\"@type\":\"PropertyValueSpecification\",\"valueRequired\":true,\"valueName\":\"search_term_string\"}}],\"inLanguage\":\"fr-FR\"},{\"@type\":\"Organization\",\"@id\":\"https:\\\/\\\/ses-creative.com\\\/#organization\",\"name\":\"SES Creative\",\"url\":\"https:\\\/\\\/ses-creative.com\\\/\",\"logo\":{\"@type\":\"ImageObject\",\"inLanguage\":\"fr-FR\",\"@id\":\"https:\\\/\\\/ses-creative.com\\\/#\\\/schema\\\/logo\\\/image\\\/\",\"url\":\"https:\\\/\\\/ses-creative.com\\\/wp-content\\\/uploads\\\/2025\\\/10\\\/ses-creative-logo.jpg\",\"contentUrl\":\"https:\\\/\\\/ses-creative.com\\\/wp-content\\\/uploads\\\/2025\\\/10\\\/ses-creative-logo.jpg\",\"width\":2037,\"height\":2037,\"caption\":\"SES Creative\"},\"image\":{\"@id\":\"https:\\\/\\\/ses-creative.com\\\/#\\\/schema\\\/logo\\\/image\\\/\"}}]}<\/script>\n<!-- \/ Yoast SEO plugin. -->","yoast_head_json":{"title":"Animaux acrobates - SES Creative","robots":{"index":"index","follow":"follow","max-snippet":"max-snippet:-1","max-image-preview":"max-image-preview:large","max-video-preview":"max-video-preview:-1"},"canonical":"https:\/\/ses-creative.com\/fr\/produit\/animaux-acrobates\/","og_locale":"fr_FR","og_type":"article","og_title":"Animaux acrobates - SES Creative","og_description":"Transformez chaque espace en terrain de jeu actif avec le kit d\u2019acrobaties animales SES Creative. Destin\u00e9 aux enfants d\u00e8s 5 ans, ce jeu \u00e9ducatif comprend 27 cartes illustr\u00e9es et 1 d\u00e9 pour inventer des s\u00e9quences de mouvements amusantes \u00e0 r\u00e9aliser seul ou en groupe. \u00c0 chaque lancer, une carte est tir\u00e9e et l\u2019enfant doit reproduire [&hellip;]","og_url":"https:\/\/ses-creative.com\/fr\/produit\/animaux-acrobates\/","og_site_name":"SES Creative","article_modified_time":"2026-02-12T10:22:31+00:00","twitter_card":"summary_large_image","twitter_misc":{"Dur\u00e9e de lecture estim\u00e9e":"1 minute"},"schema":{"@context":"https:\/\/schema.org","@graph":[{"@type":"WebPage","@id":"https:\/\/ses-creative.com\/fr\/produit\/animaux-acrobates\/","url":"https:\/\/ses-creative.com\/fr\/produit\/animaux-acrobates\/","name":"Animaux acrobates - SES Creative","isPartOf":{"@id":"https:\/\/ses-creative.com\/#website"},"primaryImageOfPage":{"@id":"https:\/\/ses-creative.com\/fr\/produit\/animaux-acrobates\/#primaryimage"},"image":{"@id":"https:\/\/ses-creative.com\/fr\/produit\/animaux-acrobates\/#primaryimage"},"thumbnailUrl":"https:\/\/ses-creative.com\/wp-content\/uploads\/2026\/01\/023051.jpg","datePublished":"2026-02-12T10:08:43+00:00","dateModified":"2026-02-12T10:22:31+00:00","breadcrumb":{"@id":"https:\/\/ses-creative.com\/fr\/produit\/animaux-acrobates\/#breadcrumb"},"inLanguage":"fr-FR","potentialAction":[{"@type":"ReadAction","target":["https:\/\/ses-creative.com\/fr\/produit\/animaux-acrobates\/"]}]},{"@type":"ImageObject","inLanguage":"fr-FR","@id":"https:\/\/ses-creative.com\/fr\/produit\/animaux-acrobates\/#primaryimage","url":"https:\/\/ses-creative.com\/wp-content\/uploads\/2026\/01\/023051.jpg","contentUrl":"https:\/\/ses-creative.com\/wp-content\/uploads\/2026\/01\/023051.jpg","width":1000,"height":1000},{"@type":"BreadcrumbList","@id":"https:\/\/ses-creative.com\/fr\/produit\/animaux-acrobates\/#breadcrumb","itemListElement":[{"@type":"ListItem","position":1,"name":"Boutique","item":"https:\/\/ses-creative.com\/fr\/boutique\/"},{"@type":"ListItem","position":2,"name":"Jeux d\u2019ext\u00e9rieur","item":"https:\/\/ses-creative.com\/fr\/product-categorie\/jeux-dexterieur\/"},{"@type":"ListItem","position":3,"name":"Animaux acrobates"}]},{"@type":"WebSite","@id":"https:\/\/ses-creative.com\/#website","url":"https:\/\/ses-creative.com\/","name":"SES Creative","description":"","publisher":{"@id":"https:\/\/ses-creative.com\/#organization"},"potentialAction":[{"@type":"SearchAction","target":{"@type":"EntryPoint","urlTemplate":"https:\/\/ses-creative.com\/?s={search_term_string}"},"query-input":{"@type":"PropertyValueSpecification","valueRequired":true,"valueName":"search_term_string"}}],"inLanguage":"fr-FR"},{"@type":"Organization","@id":"https:\/\/ses-creative.com\/#organization","name":"SES Creative","url":"https:\/\/ses-creative.com\/","logo":{"@type":"ImageObject","inLanguage":"fr-FR","@id":"https:\/\/ses-creative.com\/#\/schema\/logo\/image\/","url":"https:\/\/ses-creative.com\/wp-content\/uploads\/2025\/10\/ses-creative-logo.jpg","contentUrl":"https:\/\/ses-creative.com\/wp-content\/uploads\/2025\/10\/ses-creative-logo.jpg","width":2037,"height":2037,"caption":"SES Creative"},"image":{"@id":"https:\/\/ses-creative.com\/#\/schema\/logo\/image\/"}}]}},"_links":{"self":[{"href":"https:\/\/ses-creative.com\/fr\/wp-json\/wp\/v2\/product\/118121","targetHints":{"allow":["GET"]}}],"collection":[{"href":"https:\/\/ses-creative.com\/fr\/wp-json\/wp\/v2\/product"}],"about":[{"href":"https:\/\/ses-creative.com\/fr\/wp-json\/wp\/v2\/types\/product"}],"replies":[{"embeddable":true,"href":"https:\/\/ses-creative.com\/fr\/wp-json\/wp\/v2\/comments?post=118121"}],"wp:featuredmedia":[{"embeddable":true,"href":"https:\/\/ses-creative.com\/fr\/wp-json\/wp\/v2\/media\/99288"}],"wp:attachment":[{"href":"https:\/\/ses-creative.com\/fr\/wp-json\/wp\/v2\/media?parent=118121"}],"wp:term":[{"taxonomy":"product_brand","embeddable":true,"href":"https:\/\/ses-creative.com\/fr\/wp-json\/wp\/v2\/product_brand?post=118121"},{"taxonomy":"product_cat","embeddable":true,"href":"https:\/\/ses-creative.com\/fr\/wp-json\/wp\/v2\/product_cat?post=118121"},{"taxonomy":"product_tag","embeddable":true,"href":"https:\/\/ses-creative.com\/fr\/wp-json\/wp\/v2\/product_tag?post=118121"}],"curies":[{"name":"wp","href":"https:\/\/api.w.org\/{rel}","templated":true}]}}