











{"id":118120,"date":"2026-02-12T10:08:42","date_gmt":"2026-02-12T10:08:42","guid":{"rendered":"https:\/\/ses-creative.com\/?post_type=product&#038;p=118120"},"modified":"2026-02-12T10:22:31","modified_gmt":"2026-02-12T10:22:31","slug":"attrape-la-balle-deau-splash","status":"publish","type":"product","link":"https:\/\/ses-creative.com\/fr\/produit\/attrape-la-balle-deau-splash\/","title":{"rendered":"Attrape la balle d?eau Splash"},"content":{"rendered":"<p>Du plaisir \u00e9claboussant avec le Splash Water Catch Ball<br \/>\nPr\u00e9parez-vous \u00e0 une grande bataille d&rsquo;eau avec le set Splash Water Vangbal de SES Creative ! Ce set est parfait pour une journ\u00e9e ensoleill\u00e9e et offre un plaisir de jeu sans fin. Les balles Splash Water peuvent \u00eatre utilis\u00e9es \u00e0 sec ou mouill\u00e9es et constituent une alternative parfaite et durable aux ballons d&rsquo;eau. Lancez les balles \u00e0 l&rsquo;aide des outils pratiques et essayez d&rsquo;\u00e9clabousser votre adversaire, ou travaillez ensemble et voyez combien de fois vous pouvez vous les lancer sans les faire tomber. Avec les 12 balles r\u00e9utilisables, chaque jeu est garanti d&rsquo;\u00eatre un succ\u00e8s \u00e9clatant !<br \/>\nCe qui rend ce set g\u00e9nial<br \/>\n&#8211;    Alternative durable aux ballons d&rsquo;eau<br \/>\n&#8211;    Les outils de lancer et d&rsquo;attraper vous permettent de lancer plus loin<br \/>\n&#8211;    R\u00e9utilisables et utilisables aussi bien mouill\u00e9es que s\u00e8ches<br \/>\n&#8211;    Les balles Splash absorbent beaucoup d&rsquo;eau pour un effet maximal<br \/>\n&#8211;    Facile \u00e0 rincer et \u00e0 nettoyer<br \/>\nUne activit\u00e9 \u00e9clatante pour toute la famille<br \/>\nLe set Splash Water Catching Ball est id\u00e9al pour les enfants \u00e0 partir de 3 ans et offre de nombreuses possibilit\u00e9s de jeux actifs en plein air. Parfait pour une chaude journ\u00e9e d&rsquo;\u00e9t\u00e9 dans le jardin, au parc ou \u00e0 la plage.<br \/>\nContenu du set<br \/>\n&#8211;    2 outils de lancer et d&rsquo;attraper<br \/>\n&#8211;    12 balles Splash Water de diff\u00e9rentes couleurs<br \/>\nPourquoi choisir SES Creative ?<br \/>\nChez SES Creative, nous accordons une grande importance \u00e0 la s\u00e9curit\u00e9. C&rsquo;est pourquoi nos produits sont fabriqu\u00e9s et test\u00e9s dans notre usine aux Pays-Bas, conform\u00e9ment aux normes de s\u00e9curit\u00e9 europ\u00e9ennes les plus strictes. Les jouets SES Creative sont source de plaisir et permettent aux enfants d&rsquo;\u00eatre fiers de leur travail, ce qui stimule leur cr\u00e9ativit\u00e9 et leur d\u00e9veloppement.<br \/>\nQue la bataille d&rsquo;eau commence !<br \/>\nPrenez votre kit de balles Splash Water Catch et pr\u00e9parez-vous \u00e0 vous amuser sans fin avec l&rsquo;eau. Lancez, attrapez et \u00e9claboussez \u00e0 volont\u00e9 avec ce kit amusant et durable !<\/p>\n","protected":false},"excerpt":{"rendered":"<p>Du plaisir \u00e9claboussant avec le Splash Water Catch Ball Pr\u00e9parez-vous \u00e0 une grande bataille d&rsquo;eau avec le set Splash Water Vangbal de SES Creative ! Ce set est parfait pour une journ\u00e9e ensoleill\u00e9e et offre un plaisir de jeu sans fin. Les balles Splash Water peuvent \u00eatre utilis\u00e9es \u00e0 sec ou mouill\u00e9es et constituent une [&hellip;]<\/p>\n","protected":false},"featured_media":99268,"comment_status":"closed","ping_status":"closed","template":"","meta":{"_acf_changed":false},"product_brand":[],"product_cat":[126],"product_tag":[],"class_list":{"0":"post-118120","1":"product","2":"type-product","3":"status-publish","4":"has-post-thumbnail","6":"product_cat-jeux-dexterieur","7":"pa_collecties-splash-water-balls","8":"pa_leeftijd-filter-3-4-ans","9":"pa_meest-populair-bij-garcons-filles","11":"first","12":"instock","13":"shipping-taxable","14":"product-type-simple"},"acf":[],"yoast_head":"<!-- This site is optimized with the Yoast SEO plugin v27.4 - https:\/\/yoast.com\/product\/yoast-seo-wordpress\/ -->\n<title>Attrape la balle d?eau Splash - SES Creative<\/title>\n<meta name=\"robots\" content=\"index, follow, max-snippet:-1, max-image-preview:large, max-video-preview:-1\" \/>\n<link rel=\"canonical\" href=\"https:\/\/ses-creative.com\/fr\/produit\/attrape-la-balle-deau-splash\/\" \/>\n<meta property=\"og:locale\" content=\"fr_FR\" \/>\n<meta property=\"og:type\" content=\"article\" \/>\n<meta property=\"og:title\" content=\"Attrape la balle d?eau Splash - SES Creative\" \/>\n<meta property=\"og:description\" content=\"Du plaisir \u00e9claboussant avec le Splash Water Catch Ball Pr\u00e9parez-vous \u00e0 une grande bataille d&rsquo;eau avec le set Splash Water Vangbal de SES Creative ! Ce set est parfait pour une journ\u00e9e ensoleill\u00e9e et offre un plaisir de jeu sans fin. Les balles Splash Water peuvent \u00eatre utilis\u00e9es \u00e0 sec ou mouill\u00e9es et constituent une [&hellip;]\" \/>\n<meta property=\"og:url\" content=\"https:\/\/ses-creative.com\/fr\/produit\/attrape-la-balle-deau-splash\/\" \/>\n<meta property=\"og:site_name\" content=\"SES Creative\" \/>\n<meta property=\"article:modified_time\" content=\"2026-02-12T10:22:31+00:00\" \/>\n<meta name=\"twitter:card\" content=\"summary_large_image\" \/>\n<meta name=\"twitter:label1\" content=\"Dur\u00e9e de lecture estim\u00e9e\" \/>\n\t<meta name=\"twitter:data1\" content=\"2 minutes\" \/>\n<script type=\"application\/ld+json\" class=\"yoast-schema-graph\">{\"@context\":\"https:\\\/\\\/schema.org\",\"@graph\":[{\"@type\":\"WebPage\",\"@id\":\"https:\\\/\\\/ses-creative.com\\\/fr\\\/produit\\\/attrape-la-balle-deau-splash\\\/\",\"url\":\"https:\\\/\\\/ses-creative.com\\\/fr\\\/produit\\\/attrape-la-balle-deau-splash\\\/\",\"name\":\"Attrape la balle d?eau Splash - SES Creative\",\"isPartOf\":{\"@id\":\"https:\\\/\\\/ses-creative.com\\\/#website\"},\"primaryImageOfPage\":{\"@id\":\"https:\\\/\\\/ses-creative.com\\\/fr\\\/produit\\\/attrape-la-balle-deau-splash\\\/#primaryimage\"},\"image\":{\"@id\":\"https:\\\/\\\/ses-creative.com\\\/fr\\\/produit\\\/attrape-la-balle-deau-splash\\\/#primaryimage\"},\"thumbnailUrl\":\"https:\\\/\\\/ses-creative.com\\\/wp-content\\\/uploads\\\/2026\\\/01\\\/023041.jpg\",\"datePublished\":\"2026-02-12T10:08:42+00:00\",\"dateModified\":\"2026-02-12T10:22:31+00:00\",\"breadcrumb\":{\"@id\":\"https:\\\/\\\/ses-creative.com\\\/fr\\\/produit\\\/attrape-la-balle-deau-splash\\\/#breadcrumb\"},\"inLanguage\":\"fr-FR\",\"potentialAction\":[{\"@type\":\"ReadAction\",\"target\":[\"https:\\\/\\\/ses-creative.com\\\/fr\\\/produit\\\/attrape-la-balle-deau-splash\\\/\"]}]},{\"@type\":\"ImageObject\",\"inLanguage\":\"fr-FR\",\"@id\":\"https:\\\/\\\/ses-creative.com\\\/fr\\\/produit\\\/attrape-la-balle-deau-splash\\\/#primaryimage\",\"url\":\"https:\\\/\\\/ses-creative.com\\\/wp-content\\\/uploads\\\/2026\\\/01\\\/023041.jpg\",\"contentUrl\":\"https:\\\/\\\/ses-creative.com\\\/wp-content\\\/uploads\\\/2026\\\/01\\\/023041.jpg\",\"width\":1000,\"height\":1000},{\"@type\":\"BreadcrumbList\",\"@id\":\"https:\\\/\\\/ses-creative.com\\\/fr\\\/produit\\\/attrape-la-balle-deau-splash\\\/#breadcrumb\",\"itemListElement\":[{\"@type\":\"ListItem\",\"position\":1,\"name\":\"Boutique\",\"item\":\"https:\\\/\\\/ses-creative.com\\\/fr\\\/boutique\\\/\"},{\"@type\":\"ListItem\",\"position\":2,\"name\":\"Jeux d\u2019ext\u00e9rieur\",\"item\":\"https:\\\/\\\/ses-creative.com\\\/fr\\\/product-categorie\\\/jeux-dexterieur\\\/\"},{\"@type\":\"ListItem\",\"position\":3,\"name\":\"Attrape la balle d?eau Splash\"}]},{\"@type\":\"WebSite\",\"@id\":\"https:\\\/\\\/ses-creative.com\\\/#website\",\"url\":\"https:\\\/\\\/ses-creative.com\\\/\",\"name\":\"SES Creative\",\"description\":\"\",\"publisher\":{\"@id\":\"https:\\\/\\\/ses-creative.com\\\/#organization\"},\"potentialAction\":[{\"@type\":\"SearchAction\",\"target\":{\"@type\":\"EntryPoint\",\"urlTemplate\":\"https:\\\/\\\/ses-creative.com\\\/?s={search_term_string}\"},\"query-input\":{\"@type\":\"PropertyValueSpecification\",\"valueRequired\":true,\"valueName\":\"search_term_string\"}}],\"inLanguage\":\"fr-FR\"},{\"@type\":\"Organization\",\"@id\":\"https:\\\/\\\/ses-creative.com\\\/#organization\",\"name\":\"SES Creative\",\"url\":\"https:\\\/\\\/ses-creative.com\\\/\",\"logo\":{\"@type\":\"ImageObject\",\"inLanguage\":\"fr-FR\",\"@id\":\"https:\\\/\\\/ses-creative.com\\\/#\\\/schema\\\/logo\\\/image\\\/\",\"url\":\"https:\\\/\\\/ses-creative.com\\\/wp-content\\\/uploads\\\/2025\\\/10\\\/ses-creative-logo.jpg\",\"contentUrl\":\"https:\\\/\\\/ses-creative.com\\\/wp-content\\\/uploads\\\/2025\\\/10\\\/ses-creative-logo.jpg\",\"width\":2037,\"height\":2037,\"caption\":\"SES Creative\"},\"image\":{\"@id\":\"https:\\\/\\\/ses-creative.com\\\/#\\\/schema\\\/logo\\\/image\\\/\"}}]}<\/script>\n<!-- \/ Yoast SEO plugin. -->","yoast_head_json":{"title":"Attrape la balle d?eau Splash - SES Creative","robots":{"index":"index","follow":"follow","max-snippet":"max-snippet:-1","max-image-preview":"max-image-preview:large","max-video-preview":"max-video-preview:-1"},"canonical":"https:\/\/ses-creative.com\/fr\/produit\/attrape-la-balle-deau-splash\/","og_locale":"fr_FR","og_type":"article","og_title":"Attrape la balle d?eau Splash - SES Creative","og_description":"Du plaisir \u00e9claboussant avec le Splash Water Catch Ball Pr\u00e9parez-vous \u00e0 une grande bataille d&rsquo;eau avec le set Splash Water Vangbal de SES Creative ! Ce set est parfait pour une journ\u00e9e ensoleill\u00e9e et offre un plaisir de jeu sans fin. Les balles Splash Water peuvent \u00eatre utilis\u00e9es \u00e0 sec ou mouill\u00e9es et constituent une [&hellip;]","og_url":"https:\/\/ses-creative.com\/fr\/produit\/attrape-la-balle-deau-splash\/","og_site_name":"SES Creative","article_modified_time":"2026-02-12T10:22:31+00:00","twitter_card":"summary_large_image","twitter_misc":{"Dur\u00e9e de lecture estim\u00e9e":"2 minutes"},"schema":{"@context":"https:\/\/schema.org","@graph":[{"@type":"WebPage","@id":"https:\/\/ses-creative.com\/fr\/produit\/attrape-la-balle-deau-splash\/","url":"https:\/\/ses-creative.com\/fr\/produit\/attrape-la-balle-deau-splash\/","name":"Attrape la balle d?eau Splash - SES Creative","isPartOf":{"@id":"https:\/\/ses-creative.com\/#website"},"primaryImageOfPage":{"@id":"https:\/\/ses-creative.com\/fr\/produit\/attrape-la-balle-deau-splash\/#primaryimage"},"image":{"@id":"https:\/\/ses-creative.com\/fr\/produit\/attrape-la-balle-deau-splash\/#primaryimage"},"thumbnailUrl":"https:\/\/ses-creative.com\/wp-content\/uploads\/2026\/01\/023041.jpg","datePublished":"2026-02-12T10:08:42+00:00","dateModified":"2026-02-12T10:22:31+00:00","breadcrumb":{"@id":"https:\/\/ses-creative.com\/fr\/produit\/attrape-la-balle-deau-splash\/#breadcrumb"},"inLanguage":"fr-FR","potentialAction":[{"@type":"ReadAction","target":["https:\/\/ses-creative.com\/fr\/produit\/attrape-la-balle-deau-splash\/"]}]},{"@type":"ImageObject","inLanguage":"fr-FR","@id":"https:\/\/ses-creative.com\/fr\/produit\/attrape-la-balle-deau-splash\/#primaryimage","url":"https:\/\/ses-creative.com\/wp-content\/uploads\/2026\/01\/023041.jpg","contentUrl":"https:\/\/ses-creative.com\/wp-content\/uploads\/2026\/01\/023041.jpg","width":1000,"height":1000},{"@type":"BreadcrumbList","@id":"https:\/\/ses-creative.com\/fr\/produit\/attrape-la-balle-deau-splash\/#breadcrumb","itemListElement":[{"@type":"ListItem","position":1,"name":"Boutique","item":"https:\/\/ses-creative.com\/fr\/boutique\/"},{"@type":"ListItem","position":2,"name":"Jeux d\u2019ext\u00e9rieur","item":"https:\/\/ses-creative.com\/fr\/product-categorie\/jeux-dexterieur\/"},{"@type":"ListItem","position":3,"name":"Attrape la balle d?eau Splash"}]},{"@type":"WebSite","@id":"https:\/\/ses-creative.com\/#website","url":"https:\/\/ses-creative.com\/","name":"SES Creative","description":"","publisher":{"@id":"https:\/\/ses-creative.com\/#organization"},"potentialAction":[{"@type":"SearchAction","target":{"@type":"EntryPoint","urlTemplate":"https:\/\/ses-creative.com\/?s={search_term_string}"},"query-input":{"@type":"PropertyValueSpecification","valueRequired":true,"valueName":"search_term_string"}}],"inLanguage":"fr-FR"},{"@type":"Organization","@id":"https:\/\/ses-creative.com\/#organization","name":"SES Creative","url":"https:\/\/ses-creative.com\/","logo":{"@type":"ImageObject","inLanguage":"fr-FR","@id":"https:\/\/ses-creative.com\/#\/schema\/logo\/image\/","url":"https:\/\/ses-creative.com\/wp-content\/uploads\/2025\/10\/ses-creative-logo.jpg","contentUrl":"https:\/\/ses-creative.com\/wp-content\/uploads\/2025\/10\/ses-creative-logo.jpg","width":2037,"height":2037,"caption":"SES Creative"},"image":{"@id":"https:\/\/ses-creative.com\/#\/schema\/logo\/image\/"}}]}},"_links":{"self":[{"href":"https:\/\/ses-creative.com\/fr\/wp-json\/wp\/v2\/product\/118120","targetHints":{"allow":["GET"]}}],"collection":[{"href":"https:\/\/ses-creative.com\/fr\/wp-json\/wp\/v2\/product"}],"about":[{"href":"https:\/\/ses-creative.com\/fr\/wp-json\/wp\/v2\/types\/product"}],"replies":[{"embeddable":true,"href":"https:\/\/ses-creative.com\/fr\/wp-json\/wp\/v2\/comments?post=118120"}],"wp:featuredmedia":[{"embeddable":true,"href":"https:\/\/ses-creative.com\/fr\/wp-json\/wp\/v2\/media\/99268"}],"wp:attachment":[{"href":"https:\/\/ses-creative.com\/fr\/wp-json\/wp\/v2\/media?parent=118120"}],"wp:term":[{"taxonomy":"product_brand","embeddable":true,"href":"https:\/\/ses-creative.com\/fr\/wp-json\/wp\/v2\/product_brand?post=118120"},{"taxonomy":"product_cat","embeddable":true,"href":"https:\/\/ses-creative.com\/fr\/wp-json\/wp\/v2\/product_cat?post=118120"},{"taxonomy":"product_tag","embeddable":true,"href":"https:\/\/ses-creative.com\/fr\/wp-json\/wp\/v2\/product_tag?post=118120"}],"curies":[{"name":"wp","href":"https:\/\/api.w.org\/{rel}","templated":true}]}}