











{"id":118119,"date":"2026-02-12T10:08:42","date_gmt":"2026-02-12T10:08:42","guid":{"rendered":"https:\/\/ses-creative.com\/?post_type=product&#038;p=118119"},"modified":"2026-02-12T10:22:31","modified_gmt":"2026-02-12T10:22:31","slug":"kubb-junior","status":"publish","type":"product","link":"https:\/\/ses-creative.com\/fr\/produit\/kubb-junior\/","title":{"rendered":"Kubb junior"},"content":{"rendered":"<p>Devenez un champion viking avec Kubb Jr. !<br \/>\nAffrontez vos adversaires comme de vrais Vikings avec Kubb Jr. ! Quelle \u00e9quipe sera la premi\u00e8re \u00e0 renverser le puissant lion et \u00e0 remporter la victoire ? Rejoignez les animaux aux casques bleus ou rejoignez l&rsquo;\u00e9quipe rouge. R\u00e9partissez les \u00e9quipes, pr\u00e9parez le terrain et lancez le combat. Essayez d&rsquo;abord de renverser les c\u00f4nes de votre adversaire, puis attaquez-vous au grand roi lion. Vous avez fini de jouer ? Gr\u00e2ce au sac de rangement pratique, vous pouvez facilement emporter le jeu partout avec vous.<br \/>\nCe qui rend ce set g\u00e9nial<br \/>\n&#8211;    Des pi\u00e8ces en bois v\u00e9ritable pour une exp\u00e9rience de jeu authentique<br \/>\n&#8211;    Pi\u00e8ces joyeusement illustr\u00e9es pour encore plus de plaisir<br \/>\n&#8211;    Version junior avec des instructions claires<br \/>\n&#8211;    Sac de rangement pratique pour emporter le jeu partout avec vous<br \/>\n&#8211;    Parfait pour une utilisation en ext\u00e9rieur<br \/>\nCommencez le jeu et remportez la victoire !<br \/>\nKubb Jr. est le jeu id\u00e9al pour les aventures en plein air avec la famille et les amis. Il offre des heures de plaisir et permet aux enfants de d\u00e9couvrir ce que c&rsquo;est que d&rsquo;\u00eatre un vrai Viking. Convient aux enfants \u00e0 partir de 6 ans.<br \/>\nContenu du set<br \/>\n&#8211;    1 roi en bois<br \/>\n&#8211;    6 piquets cibles en bois<br \/>\n&#8211;    4 b\u00e2tons de lancer<br \/>\n&#8211;    Autocollants repr\u00e9sentant des animaux vikings pour d\u00e9corer les objets<br \/>\n&#8211;    Sac de rangement en tissu<br \/>\n&#8211; Instructions<br \/>\nPourquoi choisir SES Creative ?<br \/>\nChez SES Creative, nous accordons une grande importance \u00e0 la s\u00e9curit\u00e9. C&rsquo;est pourquoi nos produits sont fabriqu\u00e9s et test\u00e9s dans notre usine aux Pays-Bas, conform\u00e9ment aux normes de s\u00e9curit\u00e9 europ\u00e9ennes les plus strictes. Les jouets SES Creative sont source de plaisir et permettent aux enfants d&rsquo;\u00eatre fiers de leur travail, ce qui stimule leur cr\u00e9ativit\u00e9 et leur d\u00e9veloppement.<br \/>\nPr\u00eat pour le combat ?<br \/>\nRelevez le d\u00e9fi et montrez quelle \u00e9quipe est la plus forte avec Kubb Jr. de SES Creative. Rassemblez votre \u00e9quipe, pr\u00e9parez-vous et lancez-vous dans un jeu en plein air \u00e9pique !<\/p>\n","protected":false},"excerpt":{"rendered":"<p>Devenez un champion viking avec Kubb Jr. ! Affrontez vos adversaires comme de vrais Vikings avec Kubb Jr. ! Quelle \u00e9quipe sera la premi\u00e8re \u00e0 renverser le puissant lion et \u00e0 remporter la victoire ? Rejoignez les animaux aux casques bleus ou rejoignez l&rsquo;\u00e9quipe rouge. R\u00e9partissez les \u00e9quipes, pr\u00e9parez le terrain et lancez le combat. [&hellip;]<\/p>\n","protected":false},"featured_media":99248,"comment_status":"closed","ping_status":"closed","template":"","meta":{"_acf_changed":false},"product_brand":[],"product_cat":[126],"product_tag":[],"class_list":{"0":"post-118119","1":"product","2":"type-product","3":"status-publish","4":"has-post-thumbnail","6":"product_cat-jeux-dexterieur","7":"pa_leeftijd-filter-4-6-ans","8":"pa_meest-populair-bij-garcons-filles","10":"first","11":"instock","12":"shipping-taxable","13":"product-type-simple"},"acf":[],"yoast_head":"<!-- This site is optimized with the Yoast SEO plugin v27.4 - https:\/\/yoast.com\/product\/yoast-seo-wordpress\/ -->\n<title>Kubb junior - SES Creative<\/title>\n<meta name=\"robots\" content=\"index, follow, max-snippet:-1, max-image-preview:large, max-video-preview:-1\" \/>\n<link rel=\"canonical\" href=\"https:\/\/ses-creative.com\/fr\/produit\/kubb-junior\/\" \/>\n<meta property=\"og:locale\" content=\"fr_FR\" \/>\n<meta property=\"og:type\" content=\"article\" \/>\n<meta property=\"og:title\" content=\"Kubb junior - SES Creative\" \/>\n<meta property=\"og:description\" content=\"Devenez un champion viking avec Kubb Jr. ! Affrontez vos adversaires comme de vrais Vikings avec Kubb Jr. ! Quelle \u00e9quipe sera la premi\u00e8re \u00e0 renverser le puissant lion et \u00e0 remporter la victoire ? Rejoignez les animaux aux casques bleus ou rejoignez l&rsquo;\u00e9quipe rouge. R\u00e9partissez les \u00e9quipes, pr\u00e9parez le terrain et lancez le combat. [&hellip;]\" \/>\n<meta property=\"og:url\" content=\"https:\/\/ses-creative.com\/fr\/produit\/kubb-junior\/\" \/>\n<meta property=\"og:site_name\" content=\"SES Creative\" \/>\n<meta property=\"article:modified_time\" content=\"2026-02-12T10:22:31+00:00\" \/>\n<meta name=\"twitter:card\" content=\"summary_large_image\" \/>\n<meta name=\"twitter:label1\" content=\"Dur\u00e9e de lecture estim\u00e9e\" \/>\n\t<meta name=\"twitter:data1\" content=\"2 minutes\" \/>\n<script type=\"application\/ld+json\" class=\"yoast-schema-graph\">{\"@context\":\"https:\\\/\\\/schema.org\",\"@graph\":[{\"@type\":\"WebPage\",\"@id\":\"https:\\\/\\\/ses-creative.com\\\/fr\\\/produit\\\/kubb-junior\\\/\",\"url\":\"https:\\\/\\\/ses-creative.com\\\/fr\\\/produit\\\/kubb-junior\\\/\",\"name\":\"Kubb junior - SES Creative\",\"isPartOf\":{\"@id\":\"https:\\\/\\\/ses-creative.com\\\/#website\"},\"primaryImageOfPage\":{\"@id\":\"https:\\\/\\\/ses-creative.com\\\/fr\\\/produit\\\/kubb-junior\\\/#primaryimage\"},\"image\":{\"@id\":\"https:\\\/\\\/ses-creative.com\\\/fr\\\/produit\\\/kubb-junior\\\/#primaryimage\"},\"thumbnailUrl\":\"https:\\\/\\\/ses-creative.com\\\/wp-content\\\/uploads\\\/2026\\\/01\\\/022971.jpg\",\"datePublished\":\"2026-02-12T10:08:42+00:00\",\"dateModified\":\"2026-02-12T10:22:31+00:00\",\"breadcrumb\":{\"@id\":\"https:\\\/\\\/ses-creative.com\\\/fr\\\/produit\\\/kubb-junior\\\/#breadcrumb\"},\"inLanguage\":\"fr-FR\",\"potentialAction\":[{\"@type\":\"ReadAction\",\"target\":[\"https:\\\/\\\/ses-creative.com\\\/fr\\\/produit\\\/kubb-junior\\\/\"]}]},{\"@type\":\"ImageObject\",\"inLanguage\":\"fr-FR\",\"@id\":\"https:\\\/\\\/ses-creative.com\\\/fr\\\/produit\\\/kubb-junior\\\/#primaryimage\",\"url\":\"https:\\\/\\\/ses-creative.com\\\/wp-content\\\/uploads\\\/2026\\\/01\\\/022971.jpg\",\"contentUrl\":\"https:\\\/\\\/ses-creative.com\\\/wp-content\\\/uploads\\\/2026\\\/01\\\/022971.jpg\",\"width\":1000,\"height\":1000},{\"@type\":\"BreadcrumbList\",\"@id\":\"https:\\\/\\\/ses-creative.com\\\/fr\\\/produit\\\/kubb-junior\\\/#breadcrumb\",\"itemListElement\":[{\"@type\":\"ListItem\",\"position\":1,\"name\":\"Boutique\",\"item\":\"https:\\\/\\\/ses-creative.com\\\/fr\\\/boutique\\\/\"},{\"@type\":\"ListItem\",\"position\":2,\"name\":\"Jeux d\u2019ext\u00e9rieur\",\"item\":\"https:\\\/\\\/ses-creative.com\\\/fr\\\/product-categorie\\\/jeux-dexterieur\\\/\"},{\"@type\":\"ListItem\",\"position\":3,\"name\":\"Kubb junior\"}]},{\"@type\":\"WebSite\",\"@id\":\"https:\\\/\\\/ses-creative.com\\\/#website\",\"url\":\"https:\\\/\\\/ses-creative.com\\\/\",\"name\":\"SES Creative\",\"description\":\"\",\"publisher\":{\"@id\":\"https:\\\/\\\/ses-creative.com\\\/#organization\"},\"potentialAction\":[{\"@type\":\"SearchAction\",\"target\":{\"@type\":\"EntryPoint\",\"urlTemplate\":\"https:\\\/\\\/ses-creative.com\\\/?s={search_term_string}\"},\"query-input\":{\"@type\":\"PropertyValueSpecification\",\"valueRequired\":true,\"valueName\":\"search_term_string\"}}],\"inLanguage\":\"fr-FR\"},{\"@type\":\"Organization\",\"@id\":\"https:\\\/\\\/ses-creative.com\\\/#organization\",\"name\":\"SES Creative\",\"url\":\"https:\\\/\\\/ses-creative.com\\\/\",\"logo\":{\"@type\":\"ImageObject\",\"inLanguage\":\"fr-FR\",\"@id\":\"https:\\\/\\\/ses-creative.com\\\/#\\\/schema\\\/logo\\\/image\\\/\",\"url\":\"https:\\\/\\\/ses-creative.com\\\/wp-content\\\/uploads\\\/2025\\\/10\\\/ses-creative-logo.jpg\",\"contentUrl\":\"https:\\\/\\\/ses-creative.com\\\/wp-content\\\/uploads\\\/2025\\\/10\\\/ses-creative-logo.jpg\",\"width\":2037,\"height\":2037,\"caption\":\"SES Creative\"},\"image\":{\"@id\":\"https:\\\/\\\/ses-creative.com\\\/#\\\/schema\\\/logo\\\/image\\\/\"}}]}<\/script>\n<!-- \/ Yoast SEO plugin. -->","yoast_head_json":{"title":"Kubb junior - SES Creative","robots":{"index":"index","follow":"follow","max-snippet":"max-snippet:-1","max-image-preview":"max-image-preview:large","max-video-preview":"max-video-preview:-1"},"canonical":"https:\/\/ses-creative.com\/fr\/produit\/kubb-junior\/","og_locale":"fr_FR","og_type":"article","og_title":"Kubb junior - SES Creative","og_description":"Devenez un champion viking avec Kubb Jr. ! Affrontez vos adversaires comme de vrais Vikings avec Kubb Jr. ! Quelle \u00e9quipe sera la premi\u00e8re \u00e0 renverser le puissant lion et \u00e0 remporter la victoire ? Rejoignez les animaux aux casques bleus ou rejoignez l&rsquo;\u00e9quipe rouge. R\u00e9partissez les \u00e9quipes, pr\u00e9parez le terrain et lancez le combat. [&hellip;]","og_url":"https:\/\/ses-creative.com\/fr\/produit\/kubb-junior\/","og_site_name":"SES Creative","article_modified_time":"2026-02-12T10:22:31+00:00","twitter_card":"summary_large_image","twitter_misc":{"Dur\u00e9e de lecture estim\u00e9e":"2 minutes"},"schema":{"@context":"https:\/\/schema.org","@graph":[{"@type":"WebPage","@id":"https:\/\/ses-creative.com\/fr\/produit\/kubb-junior\/","url":"https:\/\/ses-creative.com\/fr\/produit\/kubb-junior\/","name":"Kubb junior - SES Creative","isPartOf":{"@id":"https:\/\/ses-creative.com\/#website"},"primaryImageOfPage":{"@id":"https:\/\/ses-creative.com\/fr\/produit\/kubb-junior\/#primaryimage"},"image":{"@id":"https:\/\/ses-creative.com\/fr\/produit\/kubb-junior\/#primaryimage"},"thumbnailUrl":"https:\/\/ses-creative.com\/wp-content\/uploads\/2026\/01\/022971.jpg","datePublished":"2026-02-12T10:08:42+00:00","dateModified":"2026-02-12T10:22:31+00:00","breadcrumb":{"@id":"https:\/\/ses-creative.com\/fr\/produit\/kubb-junior\/#breadcrumb"},"inLanguage":"fr-FR","potentialAction":[{"@type":"ReadAction","target":["https:\/\/ses-creative.com\/fr\/produit\/kubb-junior\/"]}]},{"@type":"ImageObject","inLanguage":"fr-FR","@id":"https:\/\/ses-creative.com\/fr\/produit\/kubb-junior\/#primaryimage","url":"https:\/\/ses-creative.com\/wp-content\/uploads\/2026\/01\/022971.jpg","contentUrl":"https:\/\/ses-creative.com\/wp-content\/uploads\/2026\/01\/022971.jpg","width":1000,"height":1000},{"@type":"BreadcrumbList","@id":"https:\/\/ses-creative.com\/fr\/produit\/kubb-junior\/#breadcrumb","itemListElement":[{"@type":"ListItem","position":1,"name":"Boutique","item":"https:\/\/ses-creative.com\/fr\/boutique\/"},{"@type":"ListItem","position":2,"name":"Jeux d\u2019ext\u00e9rieur","item":"https:\/\/ses-creative.com\/fr\/product-categorie\/jeux-dexterieur\/"},{"@type":"ListItem","position":3,"name":"Kubb junior"}]},{"@type":"WebSite","@id":"https:\/\/ses-creative.com\/#website","url":"https:\/\/ses-creative.com\/","name":"SES Creative","description":"","publisher":{"@id":"https:\/\/ses-creative.com\/#organization"},"potentialAction":[{"@type":"SearchAction","target":{"@type":"EntryPoint","urlTemplate":"https:\/\/ses-creative.com\/?s={search_term_string}"},"query-input":{"@type":"PropertyValueSpecification","valueRequired":true,"valueName":"search_term_string"}}],"inLanguage":"fr-FR"},{"@type":"Organization","@id":"https:\/\/ses-creative.com\/#organization","name":"SES Creative","url":"https:\/\/ses-creative.com\/","logo":{"@type":"ImageObject","inLanguage":"fr-FR","@id":"https:\/\/ses-creative.com\/#\/schema\/logo\/image\/","url":"https:\/\/ses-creative.com\/wp-content\/uploads\/2025\/10\/ses-creative-logo.jpg","contentUrl":"https:\/\/ses-creative.com\/wp-content\/uploads\/2025\/10\/ses-creative-logo.jpg","width":2037,"height":2037,"caption":"SES Creative"},"image":{"@id":"https:\/\/ses-creative.com\/#\/schema\/logo\/image\/"}}]}},"_links":{"self":[{"href":"https:\/\/ses-creative.com\/fr\/wp-json\/wp\/v2\/product\/118119","targetHints":{"allow":["GET"]}}],"collection":[{"href":"https:\/\/ses-creative.com\/fr\/wp-json\/wp\/v2\/product"}],"about":[{"href":"https:\/\/ses-creative.com\/fr\/wp-json\/wp\/v2\/types\/product"}],"replies":[{"embeddable":true,"href":"https:\/\/ses-creative.com\/fr\/wp-json\/wp\/v2\/comments?post=118119"}],"wp:featuredmedia":[{"embeddable":true,"href":"https:\/\/ses-creative.com\/fr\/wp-json\/wp\/v2\/media\/99248"}],"wp:attachment":[{"href":"https:\/\/ses-creative.com\/fr\/wp-json\/wp\/v2\/media?parent=118119"}],"wp:term":[{"taxonomy":"product_brand","embeddable":true,"href":"https:\/\/ses-creative.com\/fr\/wp-json\/wp\/v2\/product_brand?post=118119"},{"taxonomy":"product_cat","embeddable":true,"href":"https:\/\/ses-creative.com\/fr\/wp-json\/wp\/v2\/product_cat?post=118119"},{"taxonomy":"product_tag","embeddable":true,"href":"https:\/\/ses-creative.com\/fr\/wp-json\/wp\/v2\/product_tag?post=118119"}],"curies":[{"name":"wp","href":"https:\/\/api.w.org\/{rel}","templated":true}]}}