











{"id":118118,"date":"2026-02-12T10:08:42","date_gmt":"2026-02-12T10:08:42","guid":{"rendered":"https:\/\/ses-creative.com\/?post_type=product&#038;p=118118"},"modified":"2026-02-12T10:22:31","modified_gmt":"2026-02-12T10:22:31","slug":"finntoss-jr-jeu-de-lancer-finlandais-junior","status":"publish","type":"product","link":"https:\/\/ses-creative.com\/fr\/produit\/finntoss-jr-jeu-de-lancer-finlandais-junior\/","title":{"rendered":"Finntoss Jr. &#8211; Jeu de lancer finlandais junior"},"content":{"rendered":"<p>Finntoss Jr. : le jeu de quilles finlandais amusant et stimulant pour les enfants<br \/>\n\u00cates-vous pr\u00eat \u00e0 montrer vos talents de joueur de quilles ? Avec Finntoss Jr., vous pouvez affronter votre famille et vos amis et essayer d&rsquo;\u00eatre le premier \u00e0 marquer 10 points ! Jouez \u00e0 ce jeu stimulant dans le parc, sur la plage, sur le trottoir ou dans le jardin. Les quilles en forme d&rsquo;animaux rigolos valent des points, et vous devez les renverser \u00e0 l&rsquo;aide du b\u00e2ton en bois. Qui sera le premier \u00e0 atteindre exactement 10 points ? Lisez attentivement les instructions avant de commencer et lancez-vous \u00e0 la conqu\u00eate de la victoire !<br \/>\nCe qui rend ce set g\u00e9nial<br \/>\n&#8211;    Des pi\u00e8ces en bois v\u00e9ritable pour une sensation de jeu authentique<br \/>\n&#8211;    C\u00f4nes joyeusement illustr\u00e9s pour encore plus de plaisir<br \/>\n&#8211;    Version junior avec un syst\u00e8me de comptage des points simple<br \/>\n&#8211;    Instructions avec feuille de score \u00e0 remplir<br \/>\n&#8211;    Sac de rangement pratique pour emporter le jeu partout avec soi<br \/>\nQui sera le premier \u00e0 atteindre 10 points ?<br \/>\nFinntoss Jr. est un jeu d&rsquo;ext\u00e9rieur g\u00e9nial qui met au d\u00e9fi les enfants \u00e0 partir de 4 ans de faire preuve de pr\u00e9cision et de patience. Ce jeu garantit un plaisir sans fin et une comp\u00e9tition saine, id\u00e9al pour les journ\u00e9es actives en plein air.<br \/>\nContenu du set<br \/>\n&#8211;    6 quilles en bois<br \/>\n&#8211; 1 b\u00e2ton de lancer en bois<br \/>\n&#8211;    Autocollants avec des t\u00eates d&rsquo;animaux et des points<br \/>\n&#8211;    Sac de rangement en tissu<br \/>\n&#8211;    Instructions<br \/>\nPourquoi choisir SES Creative ?<br \/>\nChez SES Creative, nous accordons une grande importance \u00e0 la s\u00e9curit\u00e9. C&rsquo;est pourquoi nos produits sont fabriqu\u00e9s et test\u00e9s dans notre usine aux Pays-Bas, conform\u00e9ment aux normes de s\u00e9curit\u00e9 europ\u00e9ennes les plus strictes. Les jouets SES Creative sont source de plaisir et permettent aux enfants d&rsquo;\u00eatre fiers de leur travail, ce qui stimule leur cr\u00e9ativit\u00e9 et leur d\u00e9veloppement.<br \/>\nRelevez le d\u00e9fi avec Finntoss Jr. !<br \/>\nR\u00e9unissez vos amis ou votre famille et lancez-vous dans une partie passionnante de quilles finlandaises. Avec Finntoss Jr., vous avez toujours un jeu amusant et stimulant \u00e0 port\u00e9e de main, o\u00f9 que vous soyez !<\/p>\n","protected":false},"excerpt":{"rendered":"<p>Finntoss Jr. : le jeu de quilles finlandais amusant et stimulant pour les enfants \u00cates-vous pr\u00eat \u00e0 montrer vos talents de joueur de quilles ? Avec Finntoss Jr., vous pouvez affronter votre famille et vos amis et essayer d&rsquo;\u00eatre le premier \u00e0 marquer 10 points ! Jouez \u00e0 ce jeu stimulant dans le parc, sur [&hellip;]<\/p>\n","protected":false},"featured_media":110268,"comment_status":"closed","ping_status":"closed","template":"","meta":{"_acf_changed":false},"product_brand":[],"product_cat":[126],"product_tag":[],"class_list":{"0":"post-118118","1":"product","2":"type-product","3":"status-publish","4":"has-post-thumbnail","6":"product_cat-jeux-dexterieur","7":"pa_leeftijd-filter-4-6-ans","8":"pa_meest-populair-bij-garcons-filles","10":"first","11":"instock","12":"shipping-taxable","13":"product-type-simple"},"acf":[],"yoast_head":"<!-- This site is optimized with the Yoast SEO plugin v27.4 - https:\/\/yoast.com\/product\/yoast-seo-wordpress\/ -->\n<title>Finntoss Jr. - Jeu de lancer finlandais junior - SES Creative<\/title>\n<meta name=\"robots\" content=\"index, follow, max-snippet:-1, max-image-preview:large, max-video-preview:-1\" \/>\n<link rel=\"canonical\" href=\"https:\/\/ses-creative.com\/fr\/produit\/finntoss-jr-jeu-de-lancer-finlandais-junior\/\" \/>\n<meta property=\"og:locale\" content=\"fr_FR\" \/>\n<meta property=\"og:type\" content=\"article\" \/>\n<meta property=\"og:title\" content=\"Finntoss Jr. - Jeu de lancer finlandais junior - SES Creative\" \/>\n<meta property=\"og:description\" content=\"Finntoss Jr. : le jeu de quilles finlandais amusant et stimulant pour les enfants \u00cates-vous pr\u00eat \u00e0 montrer vos talents de joueur de quilles ? Avec Finntoss Jr., vous pouvez affronter votre famille et vos amis et essayer d&rsquo;\u00eatre le premier \u00e0 marquer 10 points ! Jouez \u00e0 ce jeu stimulant dans le parc, sur [&hellip;]\" \/>\n<meta property=\"og:url\" content=\"https:\/\/ses-creative.com\/fr\/produit\/finntoss-jr-jeu-de-lancer-finlandais-junior\/\" \/>\n<meta property=\"og:site_name\" content=\"SES Creative\" \/>\n<meta property=\"article:modified_time\" content=\"2026-02-12T10:22:31+00:00\" \/>\n<meta name=\"twitter:card\" content=\"summary_large_image\" \/>\n<meta name=\"twitter:label1\" content=\"Dur\u00e9e de lecture estim\u00e9e\" \/>\n\t<meta name=\"twitter:data1\" content=\"2 minutes\" \/>\n<script type=\"application\/ld+json\" class=\"yoast-schema-graph\">{\"@context\":\"https:\\\/\\\/schema.org\",\"@graph\":[{\"@type\":\"WebPage\",\"@id\":\"https:\\\/\\\/ses-creative.com\\\/fr\\\/produit\\\/finntoss-jr-jeu-de-lancer-finlandais-junior\\\/\",\"url\":\"https:\\\/\\\/ses-creative.com\\\/fr\\\/produit\\\/finntoss-jr-jeu-de-lancer-finlandais-junior\\\/\",\"name\":\"Finntoss Jr. - Jeu de lancer finlandais junior - SES Creative\",\"isPartOf\":{\"@id\":\"https:\\\/\\\/ses-creative.com\\\/#website\"},\"primaryImageOfPage\":{\"@id\":\"https:\\\/\\\/ses-creative.com\\\/fr\\\/produit\\\/finntoss-jr-jeu-de-lancer-finlandais-junior\\\/#primaryimage\"},\"image\":{\"@id\":\"https:\\\/\\\/ses-creative.com\\\/fr\\\/produit\\\/finntoss-jr-jeu-de-lancer-finlandais-junior\\\/#primaryimage\"},\"thumbnailUrl\":\"https:\\\/\\\/ses-creative.com\\\/wp-content\\\/uploads\\\/2025\\\/12\\\/24284_1945008088.jpg\",\"datePublished\":\"2026-02-12T10:08:42+00:00\",\"dateModified\":\"2026-02-12T10:22:31+00:00\",\"breadcrumb\":{\"@id\":\"https:\\\/\\\/ses-creative.com\\\/fr\\\/produit\\\/finntoss-jr-jeu-de-lancer-finlandais-junior\\\/#breadcrumb\"},\"inLanguage\":\"fr-FR\",\"potentialAction\":[{\"@type\":\"ReadAction\",\"target\":[\"https:\\\/\\\/ses-creative.com\\\/fr\\\/produit\\\/finntoss-jr-jeu-de-lancer-finlandais-junior\\\/\"]}]},{\"@type\":\"ImageObject\",\"inLanguage\":\"fr-FR\",\"@id\":\"https:\\\/\\\/ses-creative.com\\\/fr\\\/produit\\\/finntoss-jr-jeu-de-lancer-finlandais-junior\\\/#primaryimage\",\"url\":\"https:\\\/\\\/ses-creative.com\\\/wp-content\\\/uploads\\\/2025\\\/12\\\/24284_1945008088.jpg\",\"contentUrl\":\"https:\\\/\\\/ses-creative.com\\\/wp-content\\\/uploads\\\/2025\\\/12\\\/24284_1945008088.jpg\",\"width\":1500,\"height\":1083},{\"@type\":\"BreadcrumbList\",\"@id\":\"https:\\\/\\\/ses-creative.com\\\/fr\\\/produit\\\/finntoss-jr-jeu-de-lancer-finlandais-junior\\\/#breadcrumb\",\"itemListElement\":[{\"@type\":\"ListItem\",\"position\":1,\"name\":\"Boutique\",\"item\":\"https:\\\/\\\/ses-creative.com\\\/fr\\\/boutique\\\/\"},{\"@type\":\"ListItem\",\"position\":2,\"name\":\"Jeux d\u2019ext\u00e9rieur\",\"item\":\"https:\\\/\\\/ses-creative.com\\\/fr\\\/product-categorie\\\/jeux-dexterieur\\\/\"},{\"@type\":\"ListItem\",\"position\":3,\"name\":\"Finntoss Jr. &#8211; Jeu de lancer finlandais junior\"}]},{\"@type\":\"WebSite\",\"@id\":\"https:\\\/\\\/ses-creative.com\\\/#website\",\"url\":\"https:\\\/\\\/ses-creative.com\\\/\",\"name\":\"SES Creative\",\"description\":\"\",\"publisher\":{\"@id\":\"https:\\\/\\\/ses-creative.com\\\/#organization\"},\"potentialAction\":[{\"@type\":\"SearchAction\",\"target\":{\"@type\":\"EntryPoint\",\"urlTemplate\":\"https:\\\/\\\/ses-creative.com\\\/?s={search_term_string}\"},\"query-input\":{\"@type\":\"PropertyValueSpecification\",\"valueRequired\":true,\"valueName\":\"search_term_string\"}}],\"inLanguage\":\"fr-FR\"},{\"@type\":\"Organization\",\"@id\":\"https:\\\/\\\/ses-creative.com\\\/#organization\",\"name\":\"SES Creative\",\"url\":\"https:\\\/\\\/ses-creative.com\\\/\",\"logo\":{\"@type\":\"ImageObject\",\"inLanguage\":\"fr-FR\",\"@id\":\"https:\\\/\\\/ses-creative.com\\\/#\\\/schema\\\/logo\\\/image\\\/\",\"url\":\"https:\\\/\\\/ses-creative.com\\\/wp-content\\\/uploads\\\/2025\\\/10\\\/ses-creative-logo.jpg\",\"contentUrl\":\"https:\\\/\\\/ses-creative.com\\\/wp-content\\\/uploads\\\/2025\\\/10\\\/ses-creative-logo.jpg\",\"width\":2037,\"height\":2037,\"caption\":\"SES Creative\"},\"image\":{\"@id\":\"https:\\\/\\\/ses-creative.com\\\/#\\\/schema\\\/logo\\\/image\\\/\"}}]}<\/script>\n<!-- \/ Yoast SEO plugin. -->","yoast_head_json":{"title":"Finntoss Jr. - Jeu de lancer finlandais junior - SES Creative","robots":{"index":"index","follow":"follow","max-snippet":"max-snippet:-1","max-image-preview":"max-image-preview:large","max-video-preview":"max-video-preview:-1"},"canonical":"https:\/\/ses-creative.com\/fr\/produit\/finntoss-jr-jeu-de-lancer-finlandais-junior\/","og_locale":"fr_FR","og_type":"article","og_title":"Finntoss Jr. - Jeu de lancer finlandais junior - SES Creative","og_description":"Finntoss Jr. : le jeu de quilles finlandais amusant et stimulant pour les enfants \u00cates-vous pr\u00eat \u00e0 montrer vos talents de joueur de quilles ? Avec Finntoss Jr., vous pouvez affronter votre famille et vos amis et essayer d&rsquo;\u00eatre le premier \u00e0 marquer 10 points ! Jouez \u00e0 ce jeu stimulant dans le parc, sur [&hellip;]","og_url":"https:\/\/ses-creative.com\/fr\/produit\/finntoss-jr-jeu-de-lancer-finlandais-junior\/","og_site_name":"SES Creative","article_modified_time":"2026-02-12T10:22:31+00:00","twitter_card":"summary_large_image","twitter_misc":{"Dur\u00e9e de lecture estim\u00e9e":"2 minutes"},"schema":{"@context":"https:\/\/schema.org","@graph":[{"@type":"WebPage","@id":"https:\/\/ses-creative.com\/fr\/produit\/finntoss-jr-jeu-de-lancer-finlandais-junior\/","url":"https:\/\/ses-creative.com\/fr\/produit\/finntoss-jr-jeu-de-lancer-finlandais-junior\/","name":"Finntoss Jr. - Jeu de lancer finlandais junior - SES Creative","isPartOf":{"@id":"https:\/\/ses-creative.com\/#website"},"primaryImageOfPage":{"@id":"https:\/\/ses-creative.com\/fr\/produit\/finntoss-jr-jeu-de-lancer-finlandais-junior\/#primaryimage"},"image":{"@id":"https:\/\/ses-creative.com\/fr\/produit\/finntoss-jr-jeu-de-lancer-finlandais-junior\/#primaryimage"},"thumbnailUrl":"https:\/\/ses-creative.com\/wp-content\/uploads\/2025\/12\/24284_1945008088.jpg","datePublished":"2026-02-12T10:08:42+00:00","dateModified":"2026-02-12T10:22:31+00:00","breadcrumb":{"@id":"https:\/\/ses-creative.com\/fr\/produit\/finntoss-jr-jeu-de-lancer-finlandais-junior\/#breadcrumb"},"inLanguage":"fr-FR","potentialAction":[{"@type":"ReadAction","target":["https:\/\/ses-creative.com\/fr\/produit\/finntoss-jr-jeu-de-lancer-finlandais-junior\/"]}]},{"@type":"ImageObject","inLanguage":"fr-FR","@id":"https:\/\/ses-creative.com\/fr\/produit\/finntoss-jr-jeu-de-lancer-finlandais-junior\/#primaryimage","url":"https:\/\/ses-creative.com\/wp-content\/uploads\/2025\/12\/24284_1945008088.jpg","contentUrl":"https:\/\/ses-creative.com\/wp-content\/uploads\/2025\/12\/24284_1945008088.jpg","width":1500,"height":1083},{"@type":"BreadcrumbList","@id":"https:\/\/ses-creative.com\/fr\/produit\/finntoss-jr-jeu-de-lancer-finlandais-junior\/#breadcrumb","itemListElement":[{"@type":"ListItem","position":1,"name":"Boutique","item":"https:\/\/ses-creative.com\/fr\/boutique\/"},{"@type":"ListItem","position":2,"name":"Jeux d\u2019ext\u00e9rieur","item":"https:\/\/ses-creative.com\/fr\/product-categorie\/jeux-dexterieur\/"},{"@type":"ListItem","position":3,"name":"Finntoss Jr. &#8211; Jeu de lancer finlandais junior"}]},{"@type":"WebSite","@id":"https:\/\/ses-creative.com\/#website","url":"https:\/\/ses-creative.com\/","name":"SES Creative","description":"","publisher":{"@id":"https:\/\/ses-creative.com\/#organization"},"potentialAction":[{"@type":"SearchAction","target":{"@type":"EntryPoint","urlTemplate":"https:\/\/ses-creative.com\/?s={search_term_string}"},"query-input":{"@type":"PropertyValueSpecification","valueRequired":true,"valueName":"search_term_string"}}],"inLanguage":"fr-FR"},{"@type":"Organization","@id":"https:\/\/ses-creative.com\/#organization","name":"SES Creative","url":"https:\/\/ses-creative.com\/","logo":{"@type":"ImageObject","inLanguage":"fr-FR","@id":"https:\/\/ses-creative.com\/#\/schema\/logo\/image\/","url":"https:\/\/ses-creative.com\/wp-content\/uploads\/2025\/10\/ses-creative-logo.jpg","contentUrl":"https:\/\/ses-creative.com\/wp-content\/uploads\/2025\/10\/ses-creative-logo.jpg","width":2037,"height":2037,"caption":"SES Creative"},"image":{"@id":"https:\/\/ses-creative.com\/#\/schema\/logo\/image\/"}}]}},"_links":{"self":[{"href":"https:\/\/ses-creative.com\/fr\/wp-json\/wp\/v2\/product\/118118","targetHints":{"allow":["GET"]}}],"collection":[{"href":"https:\/\/ses-creative.com\/fr\/wp-json\/wp\/v2\/product"}],"about":[{"href":"https:\/\/ses-creative.com\/fr\/wp-json\/wp\/v2\/types\/product"}],"replies":[{"embeddable":true,"href":"https:\/\/ses-creative.com\/fr\/wp-json\/wp\/v2\/comments?post=118118"}],"wp:featuredmedia":[{"embeddable":true,"href":"https:\/\/ses-creative.com\/fr\/wp-json\/wp\/v2\/media\/110268"}],"wp:attachment":[{"href":"https:\/\/ses-creative.com\/fr\/wp-json\/wp\/v2\/media?parent=118118"}],"wp:term":[{"taxonomy":"product_brand","embeddable":true,"href":"https:\/\/ses-creative.com\/fr\/wp-json\/wp\/v2\/product_brand?post=118118"},{"taxonomy":"product_cat","embeddable":true,"href":"https:\/\/ses-creative.com\/fr\/wp-json\/wp\/v2\/product_cat?post=118118"},{"taxonomy":"product_tag","embeddable":true,"href":"https:\/\/ses-creative.com\/fr\/wp-json\/wp\/v2\/product_tag?post=118118"}],"curies":[{"name":"wp","href":"https:\/\/api.w.org\/{rel}","templated":true}]}}