











{"id":118116,"date":"2026-02-12T10:08:42","date_gmt":"2026-02-12T10:08:42","guid":{"rendered":"https:\/\/ses-creative.com\/?post_type=product&#038;p=118116"},"modified":"2026-02-12T10:22:31","modified_gmt":"2026-02-12T10:22:31","slug":"mega-yatzy-junior-2","status":"publish","type":"product","link":"https:\/\/ses-creative.com\/fr\/produit\/mega-yatzy-junior-2\/","title":{"rendered":"Mega Yatzy junior"},"content":{"rendered":"<p>Mega Yatzy Junior : suspense et plaisir pour toute la famille !<br \/>\nD\u00e9couvrez le suspense du jeu de d\u00e9s classique avec une touche amusante pour les plus petits ! Avec SES Creative Mega Yatzy Junior, les enfants peuvent tenter leur chance et d\u00e9velopper leurs comp\u00e9tences tout en s&rsquo;amusant avec leurs amis et leur famille. Ce jeu est sp\u00e9cialement con\u00e7u pour les jeunes joueurs \u00e2g\u00e9s de 4 ans et plus.<br \/>\nLancez les d\u00e9s et essayez de former des combinaisons telles qu&rsquo;une suite, un full ou m\u00eame un Yatzy ! Notez votre score sur le bloc-notes et voyez qui accumule le plus de points. Les instructions claires vous permettent de commencer rapidement et de profiter pleinement du jeu.<br \/>\nCe qui rend ce jeu g\u00e9nial<br \/>\n&#8211;    Jeu de d\u00e9s classique dans un emballage tendance adapt\u00e9 aux enfants<br \/>\n&#8211;    Avec de jolies figurines d&rsquo;animaux qui rendent le jeu encore plus amusant<br \/>\n&#8211;    D\u00e9veloppement de la r\u00e9flexion strat\u00e9gique, du calcul et de la planification<br \/>\n&#8211;    Amusant pour toute la famille<br \/>\n&#8211;    Avec de gros d\u00e9s en bois<br \/>\nAmusant et \u00e9ducatif<br \/>\nSES Creative Mega Yatzy Junior est parfait pour passer des soir\u00e9es agr\u00e9ables en famille. Le jeu est facile \u00e0 comprendre et offre des possibilit\u00e9s infinies de variation, ce qui le rend toujours passionnant. Les gros d\u00e9s sont faciles \u00e0 manipuler pour les petites mains et les blocs de score color\u00e9s rendent le jeu encore plus amusant. Ce jeu offre non seulement des heures de plaisir, mais aide \u00e9galement \u00e0 d\u00e9velopper les comp\u00e9tences math\u00e9matiques, la r\u00e9flexion strat\u00e9gique et l&rsquo;interaction sociale. Les enfants apprennent \u00e0 compter, \u00e0 additionner et \u00e0 planifier tout en essayant d&rsquo;obtenir les meilleurs scores.<br \/>\nContenu du set<br \/>\n&#8211;    5 gros d\u00e9s<br \/>\n&#8211;    Bloc de score<br \/>\n&#8211;    Crayon<br \/>\n&#8211;    Mode d&#8217;emploi<br \/>\nPourquoi choisir SES Creative ?<br \/>\nChez SES Creative, nous accordons une grande importance \u00e0 la s\u00e9curit\u00e9. C&rsquo;est pourquoi nos produits sont fabriqu\u00e9s et test\u00e9s dans notre usine aux Pays-Bas, conform\u00e9ment aux normes de s\u00e9curit\u00e9 europ\u00e9ennes les plus strictes. Les jouets SES Creative sont source de plaisir et permettent aux enfants d&rsquo;\u00eatre fiers de leur travail, ce qui stimule leur cr\u00e9ativit\u00e9 et leur d\u00e9veloppement.<br \/>\nVivez le frisson du Mega Yatzy !<br \/>\n\u00cates-vous pr\u00eat pour un d\u00e9fi passionnant ? Alors procurez-vous le Mega Yatzy Junior de SES Creative et passez des heures \u00e0 vous amuser avec vos amis et votre famille. Qu&rsquo;attendez-vous ? Lancez les d\u00e9s et visez le meilleur score !<\/p>\n","protected":false},"excerpt":{"rendered":"<p>Mega Yatzy Junior : suspense et plaisir pour toute la famille ! D\u00e9couvrez le suspense du jeu de d\u00e9s classique avec une touche amusante pour les plus petits ! Avec SES Creative Mega Yatzy Junior, les enfants peuvent tenter leur chance et d\u00e9velopper leurs comp\u00e9tences tout en s&rsquo;amusant avec leurs amis et leur famille. Ce [&hellip;]<\/p>\n","protected":false},"featured_media":110251,"comment_status":"closed","ping_status":"closed","template":"","meta":{"_acf_changed":false},"product_brand":[],"product_cat":[126],"product_tag":[],"class_list":{"0":"post-118116","1":"product","2":"type-product","3":"status-publish","4":"has-post-thumbnail","6":"product_cat-jeux-dexterieur","7":"pa_leeftijd-filter-4-6-ans","8":"pa_meest-populair-bij-garcons-filles","10":"first","11":"instock","12":"shipping-taxable","13":"product-type-simple"},"acf":[],"yoast_head":"<!-- This site is optimized with the Yoast SEO plugin v27.4 - https:\/\/yoast.com\/product\/yoast-seo-wordpress\/ -->\n<title>Mega Yatzy junior - SES Creative<\/title>\n<meta name=\"robots\" content=\"index, follow, max-snippet:-1, max-image-preview:large, max-video-preview:-1\" \/>\n<link rel=\"canonical\" href=\"https:\/\/ses-creative.com\/fr\/produit\/mega-yatzy-junior-2\/\" \/>\n<meta property=\"og:locale\" content=\"fr_FR\" \/>\n<meta property=\"og:type\" content=\"article\" \/>\n<meta property=\"og:title\" content=\"Mega Yatzy junior - SES Creative\" \/>\n<meta property=\"og:description\" content=\"Mega Yatzy Junior : suspense et plaisir pour toute la famille ! D\u00e9couvrez le suspense du jeu de d\u00e9s classique avec une touche amusante pour les plus petits ! Avec SES Creative Mega Yatzy Junior, les enfants peuvent tenter leur chance et d\u00e9velopper leurs comp\u00e9tences tout en s&rsquo;amusant avec leurs amis et leur famille. Ce [&hellip;]\" \/>\n<meta property=\"og:url\" content=\"https:\/\/ses-creative.com\/fr\/produit\/mega-yatzy-junior-2\/\" \/>\n<meta property=\"og:site_name\" content=\"SES Creative\" \/>\n<meta property=\"article:modified_time\" content=\"2026-02-12T10:22:31+00:00\" \/>\n<meta name=\"twitter:card\" content=\"summary_large_image\" \/>\n<meta name=\"twitter:label1\" content=\"Dur\u00e9e de lecture estim\u00e9e\" \/>\n\t<meta name=\"twitter:data1\" content=\"2 minutes\" \/>\n<script type=\"application\/ld+json\" class=\"yoast-schema-graph\">{\"@context\":\"https:\\\/\\\/schema.org\",\"@graph\":[{\"@type\":\"WebPage\",\"@id\":\"https:\\\/\\\/ses-creative.com\\\/fr\\\/produit\\\/mega-yatzy-junior-2\\\/\",\"url\":\"https:\\\/\\\/ses-creative.com\\\/fr\\\/produit\\\/mega-yatzy-junior-2\\\/\",\"name\":\"Mega Yatzy junior - SES Creative\",\"isPartOf\":{\"@id\":\"https:\\\/\\\/ses-creative.com\\\/#website\"},\"primaryImageOfPage\":{\"@id\":\"https:\\\/\\\/ses-creative.com\\\/fr\\\/produit\\\/mega-yatzy-junior-2\\\/#primaryimage\"},\"image\":{\"@id\":\"https:\\\/\\\/ses-creative.com\\\/fr\\\/produit\\\/mega-yatzy-junior-2\\\/#primaryimage\"},\"thumbnailUrl\":\"https:\\\/\\\/ses-creative.com\\\/wp-content\\\/uploads\\\/2025\\\/12\\\/02294.jpeg\",\"datePublished\":\"2026-02-12T10:08:42+00:00\",\"dateModified\":\"2026-02-12T10:22:31+00:00\",\"breadcrumb\":{\"@id\":\"https:\\\/\\\/ses-creative.com\\\/fr\\\/produit\\\/mega-yatzy-junior-2\\\/#breadcrumb\"},\"inLanguage\":\"fr-FR\",\"potentialAction\":[{\"@type\":\"ReadAction\",\"target\":[\"https:\\\/\\\/ses-creative.com\\\/fr\\\/produit\\\/mega-yatzy-junior-2\\\/\"]}]},{\"@type\":\"ImageObject\",\"inLanguage\":\"fr-FR\",\"@id\":\"https:\\\/\\\/ses-creative.com\\\/fr\\\/produit\\\/mega-yatzy-junior-2\\\/#primaryimage\",\"url\":\"https:\\\/\\\/ses-creative.com\\\/wp-content\\\/uploads\\\/2025\\\/12\\\/02294.jpeg\",\"contentUrl\":\"https:\\\/\\\/ses-creative.com\\\/wp-content\\\/uploads\\\/2025\\\/12\\\/02294.jpeg\",\"width\":2000,\"height\":2000},{\"@type\":\"BreadcrumbList\",\"@id\":\"https:\\\/\\\/ses-creative.com\\\/fr\\\/produit\\\/mega-yatzy-junior-2\\\/#breadcrumb\",\"itemListElement\":[{\"@type\":\"ListItem\",\"position\":1,\"name\":\"Boutique\",\"item\":\"https:\\\/\\\/ses-creative.com\\\/fr\\\/boutique\\\/\"},{\"@type\":\"ListItem\",\"position\":2,\"name\":\"Jeux d\u2019ext\u00e9rieur\",\"item\":\"https:\\\/\\\/ses-creative.com\\\/fr\\\/product-categorie\\\/jeux-dexterieur\\\/\"},{\"@type\":\"ListItem\",\"position\":3,\"name\":\"Mega Yatzy junior\"}]},{\"@type\":\"WebSite\",\"@id\":\"https:\\\/\\\/ses-creative.com\\\/#website\",\"url\":\"https:\\\/\\\/ses-creative.com\\\/\",\"name\":\"SES Creative\",\"description\":\"\",\"publisher\":{\"@id\":\"https:\\\/\\\/ses-creative.com\\\/#organization\"},\"potentialAction\":[{\"@type\":\"SearchAction\",\"target\":{\"@type\":\"EntryPoint\",\"urlTemplate\":\"https:\\\/\\\/ses-creative.com\\\/?s={search_term_string}\"},\"query-input\":{\"@type\":\"PropertyValueSpecification\",\"valueRequired\":true,\"valueName\":\"search_term_string\"}}],\"inLanguage\":\"fr-FR\"},{\"@type\":\"Organization\",\"@id\":\"https:\\\/\\\/ses-creative.com\\\/#organization\",\"name\":\"SES Creative\",\"url\":\"https:\\\/\\\/ses-creative.com\\\/\",\"logo\":{\"@type\":\"ImageObject\",\"inLanguage\":\"fr-FR\",\"@id\":\"https:\\\/\\\/ses-creative.com\\\/#\\\/schema\\\/logo\\\/image\\\/\",\"url\":\"https:\\\/\\\/ses-creative.com\\\/wp-content\\\/uploads\\\/2025\\\/10\\\/ses-creative-logo.jpg\",\"contentUrl\":\"https:\\\/\\\/ses-creative.com\\\/wp-content\\\/uploads\\\/2025\\\/10\\\/ses-creative-logo.jpg\",\"width\":2037,\"height\":2037,\"caption\":\"SES Creative\"},\"image\":{\"@id\":\"https:\\\/\\\/ses-creative.com\\\/#\\\/schema\\\/logo\\\/image\\\/\"}}]}<\/script>\n<!-- \/ Yoast SEO plugin. -->","yoast_head_json":{"title":"Mega Yatzy junior - SES Creative","robots":{"index":"index","follow":"follow","max-snippet":"max-snippet:-1","max-image-preview":"max-image-preview:large","max-video-preview":"max-video-preview:-1"},"canonical":"https:\/\/ses-creative.com\/fr\/produit\/mega-yatzy-junior-2\/","og_locale":"fr_FR","og_type":"article","og_title":"Mega Yatzy junior - SES Creative","og_description":"Mega Yatzy Junior : suspense et plaisir pour toute la famille ! D\u00e9couvrez le suspense du jeu de d\u00e9s classique avec une touche amusante pour les plus petits ! Avec SES Creative Mega Yatzy Junior, les enfants peuvent tenter leur chance et d\u00e9velopper leurs comp\u00e9tences tout en s&rsquo;amusant avec leurs amis et leur famille. Ce [&hellip;]","og_url":"https:\/\/ses-creative.com\/fr\/produit\/mega-yatzy-junior-2\/","og_site_name":"SES Creative","article_modified_time":"2026-02-12T10:22:31+00:00","twitter_card":"summary_large_image","twitter_misc":{"Dur\u00e9e de lecture estim\u00e9e":"2 minutes"},"schema":{"@context":"https:\/\/schema.org","@graph":[{"@type":"WebPage","@id":"https:\/\/ses-creative.com\/fr\/produit\/mega-yatzy-junior-2\/","url":"https:\/\/ses-creative.com\/fr\/produit\/mega-yatzy-junior-2\/","name":"Mega Yatzy junior - SES Creative","isPartOf":{"@id":"https:\/\/ses-creative.com\/#website"},"primaryImageOfPage":{"@id":"https:\/\/ses-creative.com\/fr\/produit\/mega-yatzy-junior-2\/#primaryimage"},"image":{"@id":"https:\/\/ses-creative.com\/fr\/produit\/mega-yatzy-junior-2\/#primaryimage"},"thumbnailUrl":"https:\/\/ses-creative.com\/wp-content\/uploads\/2025\/12\/02294.jpeg","datePublished":"2026-02-12T10:08:42+00:00","dateModified":"2026-02-12T10:22:31+00:00","breadcrumb":{"@id":"https:\/\/ses-creative.com\/fr\/produit\/mega-yatzy-junior-2\/#breadcrumb"},"inLanguage":"fr-FR","potentialAction":[{"@type":"ReadAction","target":["https:\/\/ses-creative.com\/fr\/produit\/mega-yatzy-junior-2\/"]}]},{"@type":"ImageObject","inLanguage":"fr-FR","@id":"https:\/\/ses-creative.com\/fr\/produit\/mega-yatzy-junior-2\/#primaryimage","url":"https:\/\/ses-creative.com\/wp-content\/uploads\/2025\/12\/02294.jpeg","contentUrl":"https:\/\/ses-creative.com\/wp-content\/uploads\/2025\/12\/02294.jpeg","width":2000,"height":2000},{"@type":"BreadcrumbList","@id":"https:\/\/ses-creative.com\/fr\/produit\/mega-yatzy-junior-2\/#breadcrumb","itemListElement":[{"@type":"ListItem","position":1,"name":"Boutique","item":"https:\/\/ses-creative.com\/fr\/boutique\/"},{"@type":"ListItem","position":2,"name":"Jeux d\u2019ext\u00e9rieur","item":"https:\/\/ses-creative.com\/fr\/product-categorie\/jeux-dexterieur\/"},{"@type":"ListItem","position":3,"name":"Mega Yatzy junior"}]},{"@type":"WebSite","@id":"https:\/\/ses-creative.com\/#website","url":"https:\/\/ses-creative.com\/","name":"SES Creative","description":"","publisher":{"@id":"https:\/\/ses-creative.com\/#organization"},"potentialAction":[{"@type":"SearchAction","target":{"@type":"EntryPoint","urlTemplate":"https:\/\/ses-creative.com\/?s={search_term_string}"},"query-input":{"@type":"PropertyValueSpecification","valueRequired":true,"valueName":"search_term_string"}}],"inLanguage":"fr-FR"},{"@type":"Organization","@id":"https:\/\/ses-creative.com\/#organization","name":"SES Creative","url":"https:\/\/ses-creative.com\/","logo":{"@type":"ImageObject","inLanguage":"fr-FR","@id":"https:\/\/ses-creative.com\/#\/schema\/logo\/image\/","url":"https:\/\/ses-creative.com\/wp-content\/uploads\/2025\/10\/ses-creative-logo.jpg","contentUrl":"https:\/\/ses-creative.com\/wp-content\/uploads\/2025\/10\/ses-creative-logo.jpg","width":2037,"height":2037,"caption":"SES Creative"},"image":{"@id":"https:\/\/ses-creative.com\/#\/schema\/logo\/image\/"}}]}},"_links":{"self":[{"href":"https:\/\/ses-creative.com\/fr\/wp-json\/wp\/v2\/product\/118116","targetHints":{"allow":["GET"]}}],"collection":[{"href":"https:\/\/ses-creative.com\/fr\/wp-json\/wp\/v2\/product"}],"about":[{"href":"https:\/\/ses-creative.com\/fr\/wp-json\/wp\/v2\/types\/product"}],"replies":[{"embeddable":true,"href":"https:\/\/ses-creative.com\/fr\/wp-json\/wp\/v2\/comments?post=118116"}],"wp:featuredmedia":[{"embeddable":true,"href":"https:\/\/ses-creative.com\/fr\/wp-json\/wp\/v2\/media\/110251"}],"wp:attachment":[{"href":"https:\/\/ses-creative.com\/fr\/wp-json\/wp\/v2\/media?parent=118116"}],"wp:term":[{"taxonomy":"product_brand","embeddable":true,"href":"https:\/\/ses-creative.com\/fr\/wp-json\/wp\/v2\/product_brand?post=118116"},{"taxonomy":"product_cat","embeddable":true,"href":"https:\/\/ses-creative.com\/fr\/wp-json\/wp\/v2\/product_cat?post=118116"},{"taxonomy":"product_tag","embeddable":true,"href":"https:\/\/ses-creative.com\/fr\/wp-json\/wp\/v2\/product_tag?post=118116"}],"curies":[{"name":"wp","href":"https:\/\/api.w.org\/{rel}","templated":true}]}}