











{"id":118115,"date":"2026-02-12T10:08:42","date_gmt":"2026-02-12T10:08:42","guid":{"rendered":"https:\/\/ses-creative.com\/?post_type=product&#038;p=118115"},"modified":"2026-02-12T10:22:31","modified_gmt":"2026-02-12T10:22:31","slug":"croquet-et-lancer-de-sacs","status":"publish","type":"product","link":"https:\/\/ses-creative.com\/fr\/produit\/croquet-et-lancer-de-sacs\/","title":{"rendered":"Croquet et lancer de sacs"},"content":{"rendered":"<p>Deux jeux classiques en un : croquet et lancer de sacs de graines !<br \/>\nVous aimez les jeux d&rsquo;ext\u00e9rieur ? Alors ce jeu 2 en 1 est fait pour vous ! Jouez au croquet avec vos amis ou d\u00e9fiez-les \u00e0 une partie de lancer de sacs de graines. Ce jeu polyvalent vous garantit des heures de plaisir, aussi bien dans le jardin qu&rsquo;au parc.<br \/>\nPlacez les demi-portes et essayez de faire passer la balle \u00e0 travers toutes les portes \u00e0 l&rsquo;aide du maillet de croquet. Vous avez termin\u00e9 le croquet ? Il suffit de relier deux portes entre elles pour cr\u00e9er un but pour le lancer de sacs de graines. Gr\u00e2ce au sac de rangement pratique, vous pouvez emporter le jeu partout avec vous !<br \/>\nCe qui rend ce set g\u00e9nial<br \/>\n&#8211;    Jeux 2 en 1 : croquet et lancer de sacs de graines<br \/>\n&#8211;    Fabriqu\u00e9 en bois v\u00e9ritable<br \/>\n&#8211;    Pi\u00e8ces joliment illustr\u00e9es pour encore plus de plaisir avec ces jeux classiques<br \/>\n&#8211;    Sac de rangement pratique pour emporter le jeu partout avec vous<br \/>\n&#8211;    Parfait pour jouer ensemble \u00e0 l&rsquo;ext\u00e9rieur<br \/>\nDeux fois plus de plaisir !<br \/>\nQue vous jouiez au croquet ou au jeu de bonhomme, ce set vous garantit des heures de plaisir. Id\u00e9al pour les enfants \u00e0 partir de 4 ans, il est parfait pour jouer entre amis ou en famille.<br \/>\nContenu du set<br \/>\n&#8211;    4 arceaux en bois pour le croquet, transformables pour le jeu de sacs de graines<br \/>\n&#8211;    2 maillets de croquet en bois<br \/>\n&#8211;    2 boules en bois<br \/>\n&#8211;    2 sacs de graines<br \/>\n&#8211;    Sac de rangement pratique et solide<br \/>\n&#8211;    Instructions<br \/>\nPourquoi choisir SES Creative ?<br \/>\nChez SES Creative, nous accordons une grande importance \u00e0 la s\u00e9curit\u00e9. C&rsquo;est pourquoi nos produits sont fabriqu\u00e9s et test\u00e9s dans notre usine aux Pays-Bas, conform\u00e9ment aux normes de s\u00e9curit\u00e9 europ\u00e9ennes les plus strictes. Les jouets SES Creative sont source de plaisir et permettent aux enfants d&rsquo;\u00eatre fiers de leur travail, ce qui stimule leur cr\u00e9ativit\u00e9 et leur d\u00e9veloppement.<br \/>\nRelevez le d\u00e9fi !<br \/>\nPrenez les maillets de croquet et les sacs de graines et lancez-vous dans un jeu amusant en plein air. Avec ce set 2 en 1, vous avez toujours un jeu amusant \u00e0 port\u00e9e de main !<\/p>\n","protected":false},"excerpt":{"rendered":"<p>Deux jeux classiques en un : croquet et lancer de sacs de graines ! Vous aimez les jeux d&rsquo;ext\u00e9rieur ? Alors ce jeu 2 en 1 est fait pour vous ! Jouez au croquet avec vos amis ou d\u00e9fiez-les \u00e0 une partie de lancer de sacs de graines. Ce jeu polyvalent vous garantit des heures [&hellip;]<\/p>\n","protected":false},"featured_media":99228,"comment_status":"closed","ping_status":"closed","template":"","meta":{"_acf_changed":false},"product_brand":[],"product_cat":[126],"product_tag":[],"class_list":{"0":"post-118115","1":"product","2":"type-product","3":"status-publish","4":"has-post-thumbnail","6":"product_cat-jeux-dexterieur","7":"pa_leeftijd-filter-4-6-ans","8":"pa_meest-populair-bij-garcons-filles","10":"first","11":"instock","12":"shipping-taxable","13":"product-type-simple"},"acf":[],"yoast_head":"<!-- This site is optimized with the Yoast SEO plugin v27.4 - https:\/\/yoast.com\/product\/yoast-seo-wordpress\/ -->\n<title>Croquet et lancer de sacs - SES Creative<\/title>\n<meta name=\"robots\" content=\"index, follow, max-snippet:-1, max-image-preview:large, max-video-preview:-1\" \/>\n<link rel=\"canonical\" href=\"https:\/\/ses-creative.com\/fr\/produit\/croquet-et-lancer-de-sacs\/\" \/>\n<meta property=\"og:locale\" content=\"fr_FR\" \/>\n<meta property=\"og:type\" content=\"article\" \/>\n<meta property=\"og:title\" content=\"Croquet et lancer de sacs - SES Creative\" \/>\n<meta property=\"og:description\" content=\"Deux jeux classiques en un : croquet et lancer de sacs de graines ! Vous aimez les jeux d&rsquo;ext\u00e9rieur ? Alors ce jeu 2 en 1 est fait pour vous ! Jouez au croquet avec vos amis ou d\u00e9fiez-les \u00e0 une partie de lancer de sacs de graines. Ce jeu polyvalent vous garantit des heures [&hellip;]\" \/>\n<meta property=\"og:url\" content=\"https:\/\/ses-creative.com\/fr\/produit\/croquet-et-lancer-de-sacs\/\" \/>\n<meta property=\"og:site_name\" content=\"SES Creative\" \/>\n<meta property=\"article:modified_time\" content=\"2026-02-12T10:22:31+00:00\" \/>\n<meta name=\"twitter:card\" content=\"summary_large_image\" \/>\n<meta name=\"twitter:label1\" content=\"Dur\u00e9e de lecture estim\u00e9e\" \/>\n\t<meta name=\"twitter:data1\" content=\"2 minutes\" \/>\n<script type=\"application\/ld+json\" class=\"yoast-schema-graph\">{\"@context\":\"https:\\\/\\\/schema.org\",\"@graph\":[{\"@type\":\"WebPage\",\"@id\":\"https:\\\/\\\/ses-creative.com\\\/fr\\\/produit\\\/croquet-et-lancer-de-sacs\\\/\",\"url\":\"https:\\\/\\\/ses-creative.com\\\/fr\\\/produit\\\/croquet-et-lancer-de-sacs\\\/\",\"name\":\"Croquet et lancer de sacs - SES Creative\",\"isPartOf\":{\"@id\":\"https:\\\/\\\/ses-creative.com\\\/#website\"},\"primaryImageOfPage\":{\"@id\":\"https:\\\/\\\/ses-creative.com\\\/fr\\\/produit\\\/croquet-et-lancer-de-sacs\\\/#primaryimage\"},\"image\":{\"@id\":\"https:\\\/\\\/ses-creative.com\\\/fr\\\/produit\\\/croquet-et-lancer-de-sacs\\\/#primaryimage\"},\"thumbnailUrl\":\"https:\\\/\\\/ses-creative.com\\\/wp-content\\\/uploads\\\/2026\\\/01\\\/022931.jpg\",\"datePublished\":\"2026-02-12T10:08:42+00:00\",\"dateModified\":\"2026-02-12T10:22:31+00:00\",\"breadcrumb\":{\"@id\":\"https:\\\/\\\/ses-creative.com\\\/fr\\\/produit\\\/croquet-et-lancer-de-sacs\\\/#breadcrumb\"},\"inLanguage\":\"fr-FR\",\"potentialAction\":[{\"@type\":\"ReadAction\",\"target\":[\"https:\\\/\\\/ses-creative.com\\\/fr\\\/produit\\\/croquet-et-lancer-de-sacs\\\/\"]}]},{\"@type\":\"ImageObject\",\"inLanguage\":\"fr-FR\",\"@id\":\"https:\\\/\\\/ses-creative.com\\\/fr\\\/produit\\\/croquet-et-lancer-de-sacs\\\/#primaryimage\",\"url\":\"https:\\\/\\\/ses-creative.com\\\/wp-content\\\/uploads\\\/2026\\\/01\\\/022931.jpg\",\"contentUrl\":\"https:\\\/\\\/ses-creative.com\\\/wp-content\\\/uploads\\\/2026\\\/01\\\/022931.jpg\",\"width\":1000,\"height\":1000},{\"@type\":\"BreadcrumbList\",\"@id\":\"https:\\\/\\\/ses-creative.com\\\/fr\\\/produit\\\/croquet-et-lancer-de-sacs\\\/#breadcrumb\",\"itemListElement\":[{\"@type\":\"ListItem\",\"position\":1,\"name\":\"Boutique\",\"item\":\"https:\\\/\\\/ses-creative.com\\\/fr\\\/boutique\\\/\"},{\"@type\":\"ListItem\",\"position\":2,\"name\":\"Jeux d\u2019ext\u00e9rieur\",\"item\":\"https:\\\/\\\/ses-creative.com\\\/fr\\\/product-categorie\\\/jeux-dexterieur\\\/\"},{\"@type\":\"ListItem\",\"position\":3,\"name\":\"Croquet et lancer de sacs\"}]},{\"@type\":\"WebSite\",\"@id\":\"https:\\\/\\\/ses-creative.com\\\/#website\",\"url\":\"https:\\\/\\\/ses-creative.com\\\/\",\"name\":\"SES Creative\",\"description\":\"\",\"publisher\":{\"@id\":\"https:\\\/\\\/ses-creative.com\\\/#organization\"},\"potentialAction\":[{\"@type\":\"SearchAction\",\"target\":{\"@type\":\"EntryPoint\",\"urlTemplate\":\"https:\\\/\\\/ses-creative.com\\\/?s={search_term_string}\"},\"query-input\":{\"@type\":\"PropertyValueSpecification\",\"valueRequired\":true,\"valueName\":\"search_term_string\"}}],\"inLanguage\":\"fr-FR\"},{\"@type\":\"Organization\",\"@id\":\"https:\\\/\\\/ses-creative.com\\\/#organization\",\"name\":\"SES Creative\",\"url\":\"https:\\\/\\\/ses-creative.com\\\/\",\"logo\":{\"@type\":\"ImageObject\",\"inLanguage\":\"fr-FR\",\"@id\":\"https:\\\/\\\/ses-creative.com\\\/#\\\/schema\\\/logo\\\/image\\\/\",\"url\":\"https:\\\/\\\/ses-creative.com\\\/wp-content\\\/uploads\\\/2025\\\/10\\\/ses-creative-logo.jpg\",\"contentUrl\":\"https:\\\/\\\/ses-creative.com\\\/wp-content\\\/uploads\\\/2025\\\/10\\\/ses-creative-logo.jpg\",\"width\":2037,\"height\":2037,\"caption\":\"SES Creative\"},\"image\":{\"@id\":\"https:\\\/\\\/ses-creative.com\\\/#\\\/schema\\\/logo\\\/image\\\/\"}}]}<\/script>\n<!-- \/ Yoast SEO plugin. -->","yoast_head_json":{"title":"Croquet et lancer de sacs - SES Creative","robots":{"index":"index","follow":"follow","max-snippet":"max-snippet:-1","max-image-preview":"max-image-preview:large","max-video-preview":"max-video-preview:-1"},"canonical":"https:\/\/ses-creative.com\/fr\/produit\/croquet-et-lancer-de-sacs\/","og_locale":"fr_FR","og_type":"article","og_title":"Croquet et lancer de sacs - SES Creative","og_description":"Deux jeux classiques en un : croquet et lancer de sacs de graines ! Vous aimez les jeux d&rsquo;ext\u00e9rieur ? Alors ce jeu 2 en 1 est fait pour vous ! Jouez au croquet avec vos amis ou d\u00e9fiez-les \u00e0 une partie de lancer de sacs de graines. Ce jeu polyvalent vous garantit des heures [&hellip;]","og_url":"https:\/\/ses-creative.com\/fr\/produit\/croquet-et-lancer-de-sacs\/","og_site_name":"SES Creative","article_modified_time":"2026-02-12T10:22:31+00:00","twitter_card":"summary_large_image","twitter_misc":{"Dur\u00e9e de lecture estim\u00e9e":"2 minutes"},"schema":{"@context":"https:\/\/schema.org","@graph":[{"@type":"WebPage","@id":"https:\/\/ses-creative.com\/fr\/produit\/croquet-et-lancer-de-sacs\/","url":"https:\/\/ses-creative.com\/fr\/produit\/croquet-et-lancer-de-sacs\/","name":"Croquet et lancer de sacs - SES Creative","isPartOf":{"@id":"https:\/\/ses-creative.com\/#website"},"primaryImageOfPage":{"@id":"https:\/\/ses-creative.com\/fr\/produit\/croquet-et-lancer-de-sacs\/#primaryimage"},"image":{"@id":"https:\/\/ses-creative.com\/fr\/produit\/croquet-et-lancer-de-sacs\/#primaryimage"},"thumbnailUrl":"https:\/\/ses-creative.com\/wp-content\/uploads\/2026\/01\/022931.jpg","datePublished":"2026-02-12T10:08:42+00:00","dateModified":"2026-02-12T10:22:31+00:00","breadcrumb":{"@id":"https:\/\/ses-creative.com\/fr\/produit\/croquet-et-lancer-de-sacs\/#breadcrumb"},"inLanguage":"fr-FR","potentialAction":[{"@type":"ReadAction","target":["https:\/\/ses-creative.com\/fr\/produit\/croquet-et-lancer-de-sacs\/"]}]},{"@type":"ImageObject","inLanguage":"fr-FR","@id":"https:\/\/ses-creative.com\/fr\/produit\/croquet-et-lancer-de-sacs\/#primaryimage","url":"https:\/\/ses-creative.com\/wp-content\/uploads\/2026\/01\/022931.jpg","contentUrl":"https:\/\/ses-creative.com\/wp-content\/uploads\/2026\/01\/022931.jpg","width":1000,"height":1000},{"@type":"BreadcrumbList","@id":"https:\/\/ses-creative.com\/fr\/produit\/croquet-et-lancer-de-sacs\/#breadcrumb","itemListElement":[{"@type":"ListItem","position":1,"name":"Boutique","item":"https:\/\/ses-creative.com\/fr\/boutique\/"},{"@type":"ListItem","position":2,"name":"Jeux d\u2019ext\u00e9rieur","item":"https:\/\/ses-creative.com\/fr\/product-categorie\/jeux-dexterieur\/"},{"@type":"ListItem","position":3,"name":"Croquet et lancer de sacs"}]},{"@type":"WebSite","@id":"https:\/\/ses-creative.com\/#website","url":"https:\/\/ses-creative.com\/","name":"SES Creative","description":"","publisher":{"@id":"https:\/\/ses-creative.com\/#organization"},"potentialAction":[{"@type":"SearchAction","target":{"@type":"EntryPoint","urlTemplate":"https:\/\/ses-creative.com\/?s={search_term_string}"},"query-input":{"@type":"PropertyValueSpecification","valueRequired":true,"valueName":"search_term_string"}}],"inLanguage":"fr-FR"},{"@type":"Organization","@id":"https:\/\/ses-creative.com\/#organization","name":"SES Creative","url":"https:\/\/ses-creative.com\/","logo":{"@type":"ImageObject","inLanguage":"fr-FR","@id":"https:\/\/ses-creative.com\/#\/schema\/logo\/image\/","url":"https:\/\/ses-creative.com\/wp-content\/uploads\/2025\/10\/ses-creative-logo.jpg","contentUrl":"https:\/\/ses-creative.com\/wp-content\/uploads\/2025\/10\/ses-creative-logo.jpg","width":2037,"height":2037,"caption":"SES Creative"},"image":{"@id":"https:\/\/ses-creative.com\/#\/schema\/logo\/image\/"}}]}},"_links":{"self":[{"href":"https:\/\/ses-creative.com\/fr\/wp-json\/wp\/v2\/product\/118115","targetHints":{"allow":["GET"]}}],"collection":[{"href":"https:\/\/ses-creative.com\/fr\/wp-json\/wp\/v2\/product"}],"about":[{"href":"https:\/\/ses-creative.com\/fr\/wp-json\/wp\/v2\/types\/product"}],"replies":[{"embeddable":true,"href":"https:\/\/ses-creative.com\/fr\/wp-json\/wp\/v2\/comments?post=118115"}],"wp:featuredmedia":[{"embeddable":true,"href":"https:\/\/ses-creative.com\/fr\/wp-json\/wp\/v2\/media\/99228"}],"wp:attachment":[{"href":"https:\/\/ses-creative.com\/fr\/wp-json\/wp\/v2\/media?parent=118115"}],"wp:term":[{"taxonomy":"product_brand","embeddable":true,"href":"https:\/\/ses-creative.com\/fr\/wp-json\/wp\/v2\/product_brand?post=118115"},{"taxonomy":"product_cat","embeddable":true,"href":"https:\/\/ses-creative.com\/fr\/wp-json\/wp\/v2\/product_cat?post=118115"},{"taxonomy":"product_tag","embeddable":true,"href":"https:\/\/ses-creative.com\/fr\/wp-json\/wp\/v2\/product_tag?post=118115"}],"curies":[{"name":"wp","href":"https:\/\/api.w.org\/{rel}","templated":true}]}}