











{"id":118114,"date":"2026-02-12T10:08:41","date_gmt":"2026-02-12T10:08:41","guid":{"rendered":"https:\/\/ses-creative.com\/?post_type=product&#038;p=118114"},"modified":"2026-02-12T10:22:30","modified_gmt":"2026-02-12T10:22:30","slug":"parachute-toucan-volant","status":"publish","type":"product","link":"https:\/\/ses-creative.com\/fr\/produit\/parachute-toucan-volant\/","title":{"rendered":"Parachute toucan volant"},"content":{"rendered":"<p>Faites voler le toucan haut dans les airs avec le parachute !<br \/>\nYouhou, regardez comme le toucan vole haut ! Avec ce parachute amusant, les enfants peuvent faire s&rsquo;envoler le toucan et le regarder redescendre en toute s\u00e9curit\u00e9. C&rsquo;est une fa\u00e7on amusante de jouer dehors et de d\u00e9couvrir jusqu&rsquo;o\u00f9 le toucan peut voler !<br \/>\nCe qui rend ce set g\u00e9nial<br \/>\n&#8211;    Fabriqu\u00e9 dans un mat\u00e9riau solide pour une utilisation en ext\u00e9rieur<br \/>\n&#8211;    Facile \u00e0 utiliser pour les enfants de 3 ans et plus<br \/>\n&#8211; Encourage le jeu en plein air et l&rsquo;activit\u00e9 physique<br \/>\n&#8211; Des heures de plaisir garanties<br \/>\n&#8211;    Encourage le jeu en groupe et le travail d&rsquo;\u00e9quipe<br \/>\n\u00c0 quelle hauteur votre toucan peut-il voler ?<br \/>\nLancez le toucan avec son parachute dans les airs et regardez-le descendre en planant gracieusement. Les enfants peuvent essayer de faire voler le toucan de plus en plus haut, ce qui garantit des heures de plaisir et de d\u00e9fis.<br \/>\nContenu du set<br \/>\n&#8211; Parachute de 2 m\u00e8tres de diam\u00e8tre<br \/>\n&#8211; Peluche toucan<br \/>\nPourquoi choisir SES Creative ?<br \/>\nChez SES Creative, nous accordons une grande importance \u00e0 la s\u00e9curit\u00e9. C&rsquo;est pourquoi nos produits sont fabriqu\u00e9s et test\u00e9s dans notre usine aux Pays-Bas, conform\u00e9ment aux normes de s\u00e9curit\u00e9 europ\u00e9ennes les plus strictes. Les jouets SES Creative sont source de plaisir et permettent aux enfants d&rsquo;\u00eatre fiers de leur travail, ce qui stimule leur cr\u00e9ativit\u00e9 et leur d\u00e9veloppement.<br \/>\nCommencez l&rsquo;aventure avec le toucan volant !<br \/>\nD\u00e9couvrez le plaisir de jouer dehors avec le toucan volant Parachute. Parfait pour les enfants qui aiment l&rsquo;action et l&rsquo;aventure, et un excellent moyen de rester actif !<\/p>\n","protected":false},"excerpt":{"rendered":"<p>Faites voler le toucan haut dans les airs avec le parachute ! Youhou, regardez comme le toucan vole haut ! Avec ce parachute amusant, les enfants peuvent faire s&rsquo;envoler le toucan et le regarder redescendre en toute s\u00e9curit\u00e9. C&rsquo;est une fa\u00e7on amusante de jouer dehors et de d\u00e9couvrir jusqu&rsquo;o\u00f9 le toucan peut voler ! Ce [&hellip;]<\/p>\n","protected":false},"featured_media":110300,"comment_status":"closed","ping_status":"closed","template":"","meta":{"_acf_changed":false},"product_brand":[],"product_cat":[126],"product_tag":[],"class_list":{"0":"post-118114","1":"product","2":"type-product","3":"status-publish","4":"has-post-thumbnail","6":"product_cat-jeux-dexterieur","7":"pa_leeftijd-filter-3-4-ans","8":"pa_meest-populair-bij-garcons-filles","10":"first","11":"instock","12":"shipping-taxable","13":"product-type-simple"},"acf":[],"yoast_head":"<!-- This site is optimized with the Yoast SEO plugin v27.4 - https:\/\/yoast.com\/product\/yoast-seo-wordpress\/ -->\n<title>Parachute toucan volant - SES Creative<\/title>\n<meta name=\"robots\" content=\"index, follow, max-snippet:-1, max-image-preview:large, max-video-preview:-1\" \/>\n<link rel=\"canonical\" href=\"https:\/\/ses-creative.com\/fr\/produit\/parachute-toucan-volant\/\" \/>\n<meta property=\"og:locale\" content=\"fr_FR\" \/>\n<meta property=\"og:type\" content=\"article\" \/>\n<meta property=\"og:title\" content=\"Parachute toucan volant - SES Creative\" \/>\n<meta property=\"og:description\" content=\"Faites voler le toucan haut dans les airs avec le parachute ! Youhou, regardez comme le toucan vole haut ! Avec ce parachute amusant, les enfants peuvent faire s&rsquo;envoler le toucan et le regarder redescendre en toute s\u00e9curit\u00e9. C&rsquo;est une fa\u00e7on amusante de jouer dehors et de d\u00e9couvrir jusqu&rsquo;o\u00f9 le toucan peut voler ! Ce [&hellip;]\" \/>\n<meta property=\"og:url\" content=\"https:\/\/ses-creative.com\/fr\/produit\/parachute-toucan-volant\/\" \/>\n<meta property=\"og:site_name\" content=\"SES Creative\" \/>\n<meta property=\"article:modified_time\" content=\"2026-02-12T10:22:30+00:00\" \/>\n<meta name=\"twitter:card\" content=\"summary_large_image\" \/>\n<meta name=\"twitter:label1\" content=\"Dur\u00e9e de lecture estim\u00e9e\" \/>\n\t<meta name=\"twitter:data1\" content=\"1 minute\" \/>\n<script type=\"application\/ld+json\" class=\"yoast-schema-graph\">{\"@context\":\"https:\\\/\\\/schema.org\",\"@graph\":[{\"@type\":\"WebPage\",\"@id\":\"https:\\\/\\\/ses-creative.com\\\/fr\\\/produit\\\/parachute-toucan-volant\\\/\",\"url\":\"https:\\\/\\\/ses-creative.com\\\/fr\\\/produit\\\/parachute-toucan-volant\\\/\",\"name\":\"Parachute toucan volant - SES Creative\",\"isPartOf\":{\"@id\":\"https:\\\/\\\/ses-creative.com\\\/#website\"},\"primaryImageOfPage\":{\"@id\":\"https:\\\/\\\/ses-creative.com\\\/fr\\\/produit\\\/parachute-toucan-volant\\\/#primaryimage\"},\"image\":{\"@id\":\"https:\\\/\\\/ses-creative.com\\\/fr\\\/produit\\\/parachute-toucan-volant\\\/#primaryimage\"},\"thumbnailUrl\":\"https:\\\/\\\/ses-creative.com\\\/wp-content\\\/uploads\\\/2025\\\/12\\\/34017_4243931236.jpg\",\"datePublished\":\"2026-02-12T10:08:41+00:00\",\"dateModified\":\"2026-02-12T10:22:30+00:00\",\"breadcrumb\":{\"@id\":\"https:\\\/\\\/ses-creative.com\\\/fr\\\/produit\\\/parachute-toucan-volant\\\/#breadcrumb\"},\"inLanguage\":\"fr-FR\",\"potentialAction\":[{\"@type\":\"ReadAction\",\"target\":[\"https:\\\/\\\/ses-creative.com\\\/fr\\\/produit\\\/parachute-toucan-volant\\\/\"]}]},{\"@type\":\"ImageObject\",\"inLanguage\":\"fr-FR\",\"@id\":\"https:\\\/\\\/ses-creative.com\\\/fr\\\/produit\\\/parachute-toucan-volant\\\/#primaryimage\",\"url\":\"https:\\\/\\\/ses-creative.com\\\/wp-content\\\/uploads\\\/2025\\\/12\\\/34017_4243931236.jpg\",\"contentUrl\":\"https:\\\/\\\/ses-creative.com\\\/wp-content\\\/uploads\\\/2025\\\/12\\\/34017_4243931236.jpg\",\"width\":2008,\"height\":1417},{\"@type\":\"BreadcrumbList\",\"@id\":\"https:\\\/\\\/ses-creative.com\\\/fr\\\/produit\\\/parachute-toucan-volant\\\/#breadcrumb\",\"itemListElement\":[{\"@type\":\"ListItem\",\"position\":1,\"name\":\"Boutique\",\"item\":\"https:\\\/\\\/ses-creative.com\\\/fr\\\/boutique\\\/\"},{\"@type\":\"ListItem\",\"position\":2,\"name\":\"Jeux d\u2019ext\u00e9rieur\",\"item\":\"https:\\\/\\\/ses-creative.com\\\/fr\\\/product-categorie\\\/jeux-dexterieur\\\/\"},{\"@type\":\"ListItem\",\"position\":3,\"name\":\"Parachute toucan volant\"}]},{\"@type\":\"WebSite\",\"@id\":\"https:\\\/\\\/ses-creative.com\\\/#website\",\"url\":\"https:\\\/\\\/ses-creative.com\\\/\",\"name\":\"SES Creative\",\"description\":\"\",\"publisher\":{\"@id\":\"https:\\\/\\\/ses-creative.com\\\/#organization\"},\"potentialAction\":[{\"@type\":\"SearchAction\",\"target\":{\"@type\":\"EntryPoint\",\"urlTemplate\":\"https:\\\/\\\/ses-creative.com\\\/?s={search_term_string}\"},\"query-input\":{\"@type\":\"PropertyValueSpecification\",\"valueRequired\":true,\"valueName\":\"search_term_string\"}}],\"inLanguage\":\"fr-FR\"},{\"@type\":\"Organization\",\"@id\":\"https:\\\/\\\/ses-creative.com\\\/#organization\",\"name\":\"SES Creative\",\"url\":\"https:\\\/\\\/ses-creative.com\\\/\",\"logo\":{\"@type\":\"ImageObject\",\"inLanguage\":\"fr-FR\",\"@id\":\"https:\\\/\\\/ses-creative.com\\\/#\\\/schema\\\/logo\\\/image\\\/\",\"url\":\"https:\\\/\\\/ses-creative.com\\\/wp-content\\\/uploads\\\/2025\\\/10\\\/ses-creative-logo.jpg\",\"contentUrl\":\"https:\\\/\\\/ses-creative.com\\\/wp-content\\\/uploads\\\/2025\\\/10\\\/ses-creative-logo.jpg\",\"width\":2037,\"height\":2037,\"caption\":\"SES Creative\"},\"image\":{\"@id\":\"https:\\\/\\\/ses-creative.com\\\/#\\\/schema\\\/logo\\\/image\\\/\"}}]}<\/script>\n<!-- \/ Yoast SEO plugin. -->","yoast_head_json":{"title":"Parachute toucan volant - SES Creative","robots":{"index":"index","follow":"follow","max-snippet":"max-snippet:-1","max-image-preview":"max-image-preview:large","max-video-preview":"max-video-preview:-1"},"canonical":"https:\/\/ses-creative.com\/fr\/produit\/parachute-toucan-volant\/","og_locale":"fr_FR","og_type":"article","og_title":"Parachute toucan volant - SES Creative","og_description":"Faites voler le toucan haut dans les airs avec le parachute ! Youhou, regardez comme le toucan vole haut ! Avec ce parachute amusant, les enfants peuvent faire s&rsquo;envoler le toucan et le regarder redescendre en toute s\u00e9curit\u00e9. C&rsquo;est une fa\u00e7on amusante de jouer dehors et de d\u00e9couvrir jusqu&rsquo;o\u00f9 le toucan peut voler ! Ce [&hellip;]","og_url":"https:\/\/ses-creative.com\/fr\/produit\/parachute-toucan-volant\/","og_site_name":"SES Creative","article_modified_time":"2026-02-12T10:22:30+00:00","twitter_card":"summary_large_image","twitter_misc":{"Dur\u00e9e de lecture estim\u00e9e":"1 minute"},"schema":{"@context":"https:\/\/schema.org","@graph":[{"@type":"WebPage","@id":"https:\/\/ses-creative.com\/fr\/produit\/parachute-toucan-volant\/","url":"https:\/\/ses-creative.com\/fr\/produit\/parachute-toucan-volant\/","name":"Parachute toucan volant - SES Creative","isPartOf":{"@id":"https:\/\/ses-creative.com\/#website"},"primaryImageOfPage":{"@id":"https:\/\/ses-creative.com\/fr\/produit\/parachute-toucan-volant\/#primaryimage"},"image":{"@id":"https:\/\/ses-creative.com\/fr\/produit\/parachute-toucan-volant\/#primaryimage"},"thumbnailUrl":"https:\/\/ses-creative.com\/wp-content\/uploads\/2025\/12\/34017_4243931236.jpg","datePublished":"2026-02-12T10:08:41+00:00","dateModified":"2026-02-12T10:22:30+00:00","breadcrumb":{"@id":"https:\/\/ses-creative.com\/fr\/produit\/parachute-toucan-volant\/#breadcrumb"},"inLanguage":"fr-FR","potentialAction":[{"@type":"ReadAction","target":["https:\/\/ses-creative.com\/fr\/produit\/parachute-toucan-volant\/"]}]},{"@type":"ImageObject","inLanguage":"fr-FR","@id":"https:\/\/ses-creative.com\/fr\/produit\/parachute-toucan-volant\/#primaryimage","url":"https:\/\/ses-creative.com\/wp-content\/uploads\/2025\/12\/34017_4243931236.jpg","contentUrl":"https:\/\/ses-creative.com\/wp-content\/uploads\/2025\/12\/34017_4243931236.jpg","width":2008,"height":1417},{"@type":"BreadcrumbList","@id":"https:\/\/ses-creative.com\/fr\/produit\/parachute-toucan-volant\/#breadcrumb","itemListElement":[{"@type":"ListItem","position":1,"name":"Boutique","item":"https:\/\/ses-creative.com\/fr\/boutique\/"},{"@type":"ListItem","position":2,"name":"Jeux d\u2019ext\u00e9rieur","item":"https:\/\/ses-creative.com\/fr\/product-categorie\/jeux-dexterieur\/"},{"@type":"ListItem","position":3,"name":"Parachute toucan volant"}]},{"@type":"WebSite","@id":"https:\/\/ses-creative.com\/#website","url":"https:\/\/ses-creative.com\/","name":"SES Creative","description":"","publisher":{"@id":"https:\/\/ses-creative.com\/#organization"},"potentialAction":[{"@type":"SearchAction","target":{"@type":"EntryPoint","urlTemplate":"https:\/\/ses-creative.com\/?s={search_term_string}"},"query-input":{"@type":"PropertyValueSpecification","valueRequired":true,"valueName":"search_term_string"}}],"inLanguage":"fr-FR"},{"@type":"Organization","@id":"https:\/\/ses-creative.com\/#organization","name":"SES Creative","url":"https:\/\/ses-creative.com\/","logo":{"@type":"ImageObject","inLanguage":"fr-FR","@id":"https:\/\/ses-creative.com\/#\/schema\/logo\/image\/","url":"https:\/\/ses-creative.com\/wp-content\/uploads\/2025\/10\/ses-creative-logo.jpg","contentUrl":"https:\/\/ses-creative.com\/wp-content\/uploads\/2025\/10\/ses-creative-logo.jpg","width":2037,"height":2037,"caption":"SES Creative"},"image":{"@id":"https:\/\/ses-creative.com\/#\/schema\/logo\/image\/"}}]}},"_links":{"self":[{"href":"https:\/\/ses-creative.com\/fr\/wp-json\/wp\/v2\/product\/118114","targetHints":{"allow":["GET"]}}],"collection":[{"href":"https:\/\/ses-creative.com\/fr\/wp-json\/wp\/v2\/product"}],"about":[{"href":"https:\/\/ses-creative.com\/fr\/wp-json\/wp\/v2\/types\/product"}],"replies":[{"embeddable":true,"href":"https:\/\/ses-creative.com\/fr\/wp-json\/wp\/v2\/comments?post=118114"}],"wp:featuredmedia":[{"embeddable":true,"href":"https:\/\/ses-creative.com\/fr\/wp-json\/wp\/v2\/media\/110300"}],"wp:attachment":[{"href":"https:\/\/ses-creative.com\/fr\/wp-json\/wp\/v2\/media?parent=118114"}],"wp:term":[{"taxonomy":"product_brand","embeddable":true,"href":"https:\/\/ses-creative.com\/fr\/wp-json\/wp\/v2\/product_brand?post=118114"},{"taxonomy":"product_cat","embeddable":true,"href":"https:\/\/ses-creative.com\/fr\/wp-json\/wp\/v2\/product_cat?post=118114"},{"taxonomy":"product_tag","embeddable":true,"href":"https:\/\/ses-creative.com\/fr\/wp-json\/wp\/v2\/product_tag?post=118114"}],"curies":[{"name":"wp","href":"https:\/\/api.w.org\/{rel}","templated":true}]}}