











{"id":118113,"date":"2026-02-12T10:08:41","date_gmt":"2026-02-12T10:08:41","guid":{"rendered":"https:\/\/ses-creative.com\/?post_type=product&#038;p=118113"},"modified":"2026-02-12T10:22:30","modified_gmt":"2026-02-12T10:22:30","slug":"animal-yoga-2","status":"publish","type":"product","link":"https:\/\/ses-creative.com\/fr\/produit\/animal-yoga-2\/","title":{"rendered":"Animal yoga"},"content":{"rendered":"<p>Initiez vos enfants au yoga de fa\u00e7on ludique avec Animal Yoga de SES Creative ! Ce jeu interactif propose 27 postures inspir\u00e9es des animaux, permettant aux enfants d\u2019apprendre \u00e0 bouger, s\u2019\u00e9tirer et se relaxer tout en s\u2019amusant.<\/p>\n<p>Ce kit contient :<br \/>\n\u2714 2 tapis de yoga adapt\u00e9s aux enfants<br \/>\n\u2714 1 roue \u00e0 tourner pour choisir les postures<br \/>\n\u2714 27 cartes illustr\u00e9es avec diff\u00e9rentes positions de yoga<\/p>\n<p>Comment jouer ? Faites tourner la roue et piochez une carte. Retournez-la pour d\u00e9couvrir l\u2019animal et la posture \u00e0 reproduire. D\u00e9veloppez votre souplesse en imitant un chat ou d\u00e9tendez-vous comme un paresseux ! Ce jeu permet aux enfants d\u2019am\u00e9liorer leur \u00e9quilibre, coordination, concentration et confiance en soi tout en profitant d\u2019un moment de d\u00e9tente bienveillant.<\/p>\n<p>Gr\u00e2ce \u00e0 des mat\u00e9riaux r\u00e9sistants et des accessoires solides, ce set peut \u00eatre utilis\u00e9 \u00e0 l\u2019int\u00e9rieur comme \u00e0 l\u2019ext\u00e9rieur. Il peut se jouer seul ou en groupe, en famille ou en classe.<\/p>\n<p>Depuis plus de 50 ans, SES Creative con\u00e7oit des jeux \u00e9ducatifs et cr\u00e9atifs favorisant l\u2019apprentissage et le bien-\u00eatre des enfants. Ce kit est une excellente id\u00e9e cadeau pour un anniversaire ou une activit\u00e9 zen \u00e0 partager ! Convient aux enfants d\u00e8s 3 ans.<\/p>\n","protected":false},"excerpt":{"rendered":"<p>Initiez vos enfants au yoga de fa\u00e7on ludique avec Animal Yoga de SES Creative ! Ce jeu interactif propose 27 postures inspir\u00e9es des animaux, permettant aux enfants d\u2019apprendre \u00e0 bouger, s\u2019\u00e9tirer et se relaxer tout en s\u2019amusant. Ce kit contient : \u2714 2 tapis de yoga adapt\u00e9s aux enfants \u2714 1 roue \u00e0 tourner pour [&hellip;]<\/p>\n","protected":false},"featured_media":99208,"comment_status":"closed","ping_status":"closed","template":"","meta":{"_acf_changed":false},"product_brand":[],"product_cat":[126],"product_tag":[],"class_list":{"0":"post-118113","1":"product","2":"type-product","3":"status-publish","4":"has-post-thumbnail","6":"product_cat-jeux-dexterieur","7":"pa_collecties-fitness-kids","8":"pa_leeftijd-filter-3-4-ans","9":"pa_meest-populair-bij-garcons-filles","11":"first","12":"instock","13":"shipping-taxable","14":"product-type-simple"},"acf":[],"yoast_head":"<!-- This site is optimized with the Yoast SEO plugin v27.4 - https:\/\/yoast.com\/product\/yoast-seo-wordpress\/ -->\n<title>Animal yoga - SES Creative<\/title>\n<meta name=\"robots\" content=\"index, follow, max-snippet:-1, max-image-preview:large, max-video-preview:-1\" \/>\n<link rel=\"canonical\" href=\"https:\/\/ses-creative.com\/fr\/produit\/animal-yoga-2\/\" \/>\n<meta property=\"og:locale\" content=\"fr_FR\" \/>\n<meta property=\"og:type\" content=\"article\" \/>\n<meta property=\"og:title\" content=\"Animal yoga - SES Creative\" \/>\n<meta property=\"og:description\" content=\"Initiez vos enfants au yoga de fa\u00e7on ludique avec Animal Yoga de SES Creative ! Ce jeu interactif propose 27 postures inspir\u00e9es des animaux, permettant aux enfants d\u2019apprendre \u00e0 bouger, s\u2019\u00e9tirer et se relaxer tout en s\u2019amusant. Ce kit contient : \u2714 2 tapis de yoga adapt\u00e9s aux enfants \u2714 1 roue \u00e0 tourner pour [&hellip;]\" \/>\n<meta property=\"og:url\" content=\"https:\/\/ses-creative.com\/fr\/produit\/animal-yoga-2\/\" \/>\n<meta property=\"og:site_name\" content=\"SES Creative\" \/>\n<meta property=\"article:modified_time\" content=\"2026-02-12T10:22:30+00:00\" \/>\n<meta name=\"twitter:card\" content=\"summary_large_image\" \/>\n<meta name=\"twitter:label1\" content=\"Dur\u00e9e de lecture estim\u00e9e\" \/>\n\t<meta name=\"twitter:data1\" content=\"1 minute\" \/>\n<script type=\"application\/ld+json\" class=\"yoast-schema-graph\">{\"@context\":\"https:\\\/\\\/schema.org\",\"@graph\":[{\"@type\":\"WebPage\",\"@id\":\"https:\\\/\\\/ses-creative.com\\\/fr\\\/produit\\\/animal-yoga-2\\\/\",\"url\":\"https:\\\/\\\/ses-creative.com\\\/fr\\\/produit\\\/animal-yoga-2\\\/\",\"name\":\"Animal yoga - SES Creative\",\"isPartOf\":{\"@id\":\"https:\\\/\\\/ses-creative.com\\\/#website\"},\"primaryImageOfPage\":{\"@id\":\"https:\\\/\\\/ses-creative.com\\\/fr\\\/produit\\\/animal-yoga-2\\\/#primaryimage\"},\"image\":{\"@id\":\"https:\\\/\\\/ses-creative.com\\\/fr\\\/produit\\\/animal-yoga-2\\\/#primaryimage\"},\"thumbnailUrl\":\"https:\\\/\\\/ses-creative.com\\\/wp-content\\\/uploads\\\/2026\\\/01\\\/022881.jpg\",\"datePublished\":\"2026-02-12T10:08:41+00:00\",\"dateModified\":\"2026-02-12T10:22:30+00:00\",\"breadcrumb\":{\"@id\":\"https:\\\/\\\/ses-creative.com\\\/fr\\\/produit\\\/animal-yoga-2\\\/#breadcrumb\"},\"inLanguage\":\"fr-FR\",\"potentialAction\":[{\"@type\":\"ReadAction\",\"target\":[\"https:\\\/\\\/ses-creative.com\\\/fr\\\/produit\\\/animal-yoga-2\\\/\"]}]},{\"@type\":\"ImageObject\",\"inLanguage\":\"fr-FR\",\"@id\":\"https:\\\/\\\/ses-creative.com\\\/fr\\\/produit\\\/animal-yoga-2\\\/#primaryimage\",\"url\":\"https:\\\/\\\/ses-creative.com\\\/wp-content\\\/uploads\\\/2026\\\/01\\\/022881.jpg\",\"contentUrl\":\"https:\\\/\\\/ses-creative.com\\\/wp-content\\\/uploads\\\/2026\\\/01\\\/022881.jpg\",\"width\":1000,\"height\":1000},{\"@type\":\"BreadcrumbList\",\"@id\":\"https:\\\/\\\/ses-creative.com\\\/fr\\\/produit\\\/animal-yoga-2\\\/#breadcrumb\",\"itemListElement\":[{\"@type\":\"ListItem\",\"position\":1,\"name\":\"Boutique\",\"item\":\"https:\\\/\\\/ses-creative.com\\\/fr\\\/boutique\\\/\"},{\"@type\":\"ListItem\",\"position\":2,\"name\":\"Jeux d\u2019ext\u00e9rieur\",\"item\":\"https:\\\/\\\/ses-creative.com\\\/fr\\\/product-categorie\\\/jeux-dexterieur\\\/\"},{\"@type\":\"ListItem\",\"position\":3,\"name\":\"Animal yoga\"}]},{\"@type\":\"WebSite\",\"@id\":\"https:\\\/\\\/ses-creative.com\\\/#website\",\"url\":\"https:\\\/\\\/ses-creative.com\\\/\",\"name\":\"SES Creative\",\"description\":\"\",\"publisher\":{\"@id\":\"https:\\\/\\\/ses-creative.com\\\/#organization\"},\"potentialAction\":[{\"@type\":\"SearchAction\",\"target\":{\"@type\":\"EntryPoint\",\"urlTemplate\":\"https:\\\/\\\/ses-creative.com\\\/?s={search_term_string}\"},\"query-input\":{\"@type\":\"PropertyValueSpecification\",\"valueRequired\":true,\"valueName\":\"search_term_string\"}}],\"inLanguage\":\"fr-FR\"},{\"@type\":\"Organization\",\"@id\":\"https:\\\/\\\/ses-creative.com\\\/#organization\",\"name\":\"SES Creative\",\"url\":\"https:\\\/\\\/ses-creative.com\\\/\",\"logo\":{\"@type\":\"ImageObject\",\"inLanguage\":\"fr-FR\",\"@id\":\"https:\\\/\\\/ses-creative.com\\\/#\\\/schema\\\/logo\\\/image\\\/\",\"url\":\"https:\\\/\\\/ses-creative.com\\\/wp-content\\\/uploads\\\/2025\\\/10\\\/ses-creative-logo.jpg\",\"contentUrl\":\"https:\\\/\\\/ses-creative.com\\\/wp-content\\\/uploads\\\/2025\\\/10\\\/ses-creative-logo.jpg\",\"width\":2037,\"height\":2037,\"caption\":\"SES Creative\"},\"image\":{\"@id\":\"https:\\\/\\\/ses-creative.com\\\/#\\\/schema\\\/logo\\\/image\\\/\"}}]}<\/script>\n<!-- \/ Yoast SEO plugin. -->","yoast_head_json":{"title":"Animal yoga - SES Creative","robots":{"index":"index","follow":"follow","max-snippet":"max-snippet:-1","max-image-preview":"max-image-preview:large","max-video-preview":"max-video-preview:-1"},"canonical":"https:\/\/ses-creative.com\/fr\/produit\/animal-yoga-2\/","og_locale":"fr_FR","og_type":"article","og_title":"Animal yoga - SES Creative","og_description":"Initiez vos enfants au yoga de fa\u00e7on ludique avec Animal Yoga de SES Creative ! Ce jeu interactif propose 27 postures inspir\u00e9es des animaux, permettant aux enfants d\u2019apprendre \u00e0 bouger, s\u2019\u00e9tirer et se relaxer tout en s\u2019amusant. Ce kit contient : \u2714 2 tapis de yoga adapt\u00e9s aux enfants \u2714 1 roue \u00e0 tourner pour [&hellip;]","og_url":"https:\/\/ses-creative.com\/fr\/produit\/animal-yoga-2\/","og_site_name":"SES Creative","article_modified_time":"2026-02-12T10:22:30+00:00","twitter_card":"summary_large_image","twitter_misc":{"Dur\u00e9e de lecture estim\u00e9e":"1 minute"},"schema":{"@context":"https:\/\/schema.org","@graph":[{"@type":"WebPage","@id":"https:\/\/ses-creative.com\/fr\/produit\/animal-yoga-2\/","url":"https:\/\/ses-creative.com\/fr\/produit\/animal-yoga-2\/","name":"Animal yoga - SES Creative","isPartOf":{"@id":"https:\/\/ses-creative.com\/#website"},"primaryImageOfPage":{"@id":"https:\/\/ses-creative.com\/fr\/produit\/animal-yoga-2\/#primaryimage"},"image":{"@id":"https:\/\/ses-creative.com\/fr\/produit\/animal-yoga-2\/#primaryimage"},"thumbnailUrl":"https:\/\/ses-creative.com\/wp-content\/uploads\/2026\/01\/022881.jpg","datePublished":"2026-02-12T10:08:41+00:00","dateModified":"2026-02-12T10:22:30+00:00","breadcrumb":{"@id":"https:\/\/ses-creative.com\/fr\/produit\/animal-yoga-2\/#breadcrumb"},"inLanguage":"fr-FR","potentialAction":[{"@type":"ReadAction","target":["https:\/\/ses-creative.com\/fr\/produit\/animal-yoga-2\/"]}]},{"@type":"ImageObject","inLanguage":"fr-FR","@id":"https:\/\/ses-creative.com\/fr\/produit\/animal-yoga-2\/#primaryimage","url":"https:\/\/ses-creative.com\/wp-content\/uploads\/2026\/01\/022881.jpg","contentUrl":"https:\/\/ses-creative.com\/wp-content\/uploads\/2026\/01\/022881.jpg","width":1000,"height":1000},{"@type":"BreadcrumbList","@id":"https:\/\/ses-creative.com\/fr\/produit\/animal-yoga-2\/#breadcrumb","itemListElement":[{"@type":"ListItem","position":1,"name":"Boutique","item":"https:\/\/ses-creative.com\/fr\/boutique\/"},{"@type":"ListItem","position":2,"name":"Jeux d\u2019ext\u00e9rieur","item":"https:\/\/ses-creative.com\/fr\/product-categorie\/jeux-dexterieur\/"},{"@type":"ListItem","position":3,"name":"Animal yoga"}]},{"@type":"WebSite","@id":"https:\/\/ses-creative.com\/#website","url":"https:\/\/ses-creative.com\/","name":"SES Creative","description":"","publisher":{"@id":"https:\/\/ses-creative.com\/#organization"},"potentialAction":[{"@type":"SearchAction","target":{"@type":"EntryPoint","urlTemplate":"https:\/\/ses-creative.com\/?s={search_term_string}"},"query-input":{"@type":"PropertyValueSpecification","valueRequired":true,"valueName":"search_term_string"}}],"inLanguage":"fr-FR"},{"@type":"Organization","@id":"https:\/\/ses-creative.com\/#organization","name":"SES Creative","url":"https:\/\/ses-creative.com\/","logo":{"@type":"ImageObject","inLanguage":"fr-FR","@id":"https:\/\/ses-creative.com\/#\/schema\/logo\/image\/","url":"https:\/\/ses-creative.com\/wp-content\/uploads\/2025\/10\/ses-creative-logo.jpg","contentUrl":"https:\/\/ses-creative.com\/wp-content\/uploads\/2025\/10\/ses-creative-logo.jpg","width":2037,"height":2037,"caption":"SES Creative"},"image":{"@id":"https:\/\/ses-creative.com\/#\/schema\/logo\/image\/"}}]}},"_links":{"self":[{"href":"https:\/\/ses-creative.com\/fr\/wp-json\/wp\/v2\/product\/118113","targetHints":{"allow":["GET"]}}],"collection":[{"href":"https:\/\/ses-creative.com\/fr\/wp-json\/wp\/v2\/product"}],"about":[{"href":"https:\/\/ses-creative.com\/fr\/wp-json\/wp\/v2\/types\/product"}],"replies":[{"embeddable":true,"href":"https:\/\/ses-creative.com\/fr\/wp-json\/wp\/v2\/comments?post=118113"}],"wp:featuredmedia":[{"embeddable":true,"href":"https:\/\/ses-creative.com\/fr\/wp-json\/wp\/v2\/media\/99208"}],"wp:attachment":[{"href":"https:\/\/ses-creative.com\/fr\/wp-json\/wp\/v2\/media?parent=118113"}],"wp:term":[{"taxonomy":"product_brand","embeddable":true,"href":"https:\/\/ses-creative.com\/fr\/wp-json\/wp\/v2\/product_brand?post=118113"},{"taxonomy":"product_cat","embeddable":true,"href":"https:\/\/ses-creative.com\/fr\/wp-json\/wp\/v2\/product_cat?post=118113"},{"taxonomy":"product_tag","embeddable":true,"href":"https:\/\/ses-creative.com\/fr\/wp-json\/wp\/v2\/product_tag?post=118113"}],"curies":[{"name":"wp","href":"https:\/\/api.w.org\/{rel}","templated":true}]}}