











{"id":118112,"date":"2026-02-12T10:08:41","date_gmt":"2026-02-12T10:08:41","guid":{"rendered":"https:\/\/ses-creative.com\/?post_type=product&#038;p=118112"},"modified":"2026-02-12T10:22:30","modified_gmt":"2026-02-12T10:22:30","slug":"mousse-de-bulles-elephant","status":"publish","type":"product","link":"https:\/\/ses-creative.com\/fr\/produit\/mousse-de-bulles-elephant\/","title":{"rendered":"Mousse de bulles &#8211; \u00c9l\u00e9phant"},"content":{"rendered":"<p>Mousse \u00e0 bulles &#8211; \u00c9l\u00e9phant : faites les plus grosses bulles !<br \/>\nAvec la mousse \u00e0 bulles SES Creative &#8211; \u00c9l\u00e9phant, vous pouvez faire des bulles de la mani\u00e8re la plus amusante qui soit. Mais attendez, l&rsquo;\u00e9l\u00e9phant n&rsquo;a pas de trompe ! Le ferez-vous appara\u00eetre en soufflant des bulles ? Remplissez l&rsquo;\u00e9l\u00e9phant de savon et utilisez le soufflet pour cr\u00e9er des bulles impressionnantes. L&rsquo;adorable \u00e9l\u00e9phant est facile \u00e0 tenir, ce qui vous permet de souffler facilement de la mousse.<br \/>\nCe qui rend ce set g\u00e9nial<br \/>\n&#8211;    Th\u00e8me \u00e9l\u00e9phant amusant<br \/>\n&#8211;    Cr\u00e9ez les bulles les plus amusantes avec l&rsquo;outil \u00e0 bulles en forme d&rsquo;\u00e9l\u00e9phant<br \/>\n&#8211;    Convient aux enfants \u00e0 partir de 3 ans<br \/>\n&#8211;    Facile \u00e0 nettoyer et r\u00e9utilisable<br \/>\n&#8211;    Savon sp\u00e9cial, sans danger pour les enfants<br \/>\nDu plaisir \u00e0 faire des bulles en plein air<br \/>\nLe Bubble Foam &#8211; Elephant est con\u00e7u pour rendre le soufflage de bulles plus amusant et plus facile pour les enfants. Gr\u00e2ce \u00e0 la solution savonneuse et \u00e0 la conception conviviale de l&rsquo;\u00e9l\u00e9phant, les enfants peuvent facilement cr\u00e9er de la mousse. La buse garantit un r\u00e9sultat parfait et le cercle en tissu \u00e9ponge aide \u00e0 cr\u00e9er la trompe de l&rsquo;\u00e9l\u00e9phant en mousse. Id\u00e9al pour les journ\u00e9es d&rsquo;\u00e9t\u00e9 pleines de plaisir dans le jardin ou au parc !<br \/>\nContenu du set<br \/>\n&#8211;    Outil \u00e0 mousse en forme d&rsquo;\u00e9l\u00e9phant<br \/>\n&#8211;    Embout souffleur<br \/>\n&#8211;    Cercle en tissu \u00e9ponge<br \/>\n&#8211;    50 ml de savon liquide<br \/>\nPourquoi choisir SES Creative ?<br \/>\nChez SES Creative, nous accordons une grande importance \u00e0 la s\u00e9curit\u00e9. C&rsquo;est pourquoi nos produits sont fabriqu\u00e9s et test\u00e9s dans notre usine aux Pays-Bas, conform\u00e9ment aux normes de s\u00e9curit\u00e9 europ\u00e9ennes les plus strictes. Les jouets SES Creative sont source de plaisir et permettent aux enfants d&rsquo;\u00eatre fiers de leur travail, ce qui stimule leur cr\u00e9ativit\u00e9 et leur d\u00e9veloppement.<br \/>\nFaites voler les bulles !<br \/>\nProcurez-vous le kit Bubble Foam &#8211; Elephant et d\u00e9couvrez le plaisir de faire des bulles. Parfait pour un apr\u00e8s-midi plein d&rsquo;action et de plaisir en plein air. Qu&rsquo;attendez-vous ? Faites les plus belles bulles avec cet \u00e9l\u00e9phant joyeux !<\/p>\n","protected":false},"excerpt":{"rendered":"<p>Mousse \u00e0 bulles &#8211; \u00c9l\u00e9phant : faites les plus grosses bulles ! Avec la mousse \u00e0 bulles SES Creative &#8211; \u00c9l\u00e9phant, vous pouvez faire des bulles de la mani\u00e8re la plus amusante qui soit. Mais attendez, l&rsquo;\u00e9l\u00e9phant n&rsquo;a pas de trompe ! Le ferez-vous appara\u00eetre en soufflant des bulles ? Remplissez l&rsquo;\u00e9l\u00e9phant de savon et [&hellip;]<\/p>\n","protected":false},"featured_media":110292,"comment_status":"closed","ping_status":"closed","template":"","meta":{"_acf_changed":false},"product_brand":[],"product_cat":[126],"product_tag":[],"class_list":{"0":"post-118112","1":"product","2":"type-product","3":"status-publish","4":"has-post-thumbnail","6":"product_cat-jeux-dexterieur","7":"pa_leeftijd-filter-3-4-ans","8":"pa_meest-populair-bij-garcons-filles","10":"first","11":"instock","12":"shipping-taxable","13":"product-type-simple"},"acf":[],"yoast_head":"<!-- This site is optimized with the Yoast SEO plugin v27.4 - https:\/\/yoast.com\/product\/yoast-seo-wordpress\/ -->\n<title>Mousse de bulles - \u00c9l\u00e9phant - SES Creative<\/title>\n<meta name=\"robots\" content=\"index, follow, max-snippet:-1, max-image-preview:large, max-video-preview:-1\" \/>\n<link rel=\"canonical\" href=\"https:\/\/ses-creative.com\/fr\/produit\/mousse-de-bulles-elephant\/\" \/>\n<meta property=\"og:locale\" content=\"fr_FR\" \/>\n<meta property=\"og:type\" content=\"article\" \/>\n<meta property=\"og:title\" content=\"Mousse de bulles - \u00c9l\u00e9phant - SES Creative\" \/>\n<meta property=\"og:description\" content=\"Mousse \u00e0 bulles &#8211; \u00c9l\u00e9phant : faites les plus grosses bulles ! Avec la mousse \u00e0 bulles SES Creative &#8211; \u00c9l\u00e9phant, vous pouvez faire des bulles de la mani\u00e8re la plus amusante qui soit. Mais attendez, l&rsquo;\u00e9l\u00e9phant n&rsquo;a pas de trompe ! Le ferez-vous appara\u00eetre en soufflant des bulles ? Remplissez l&rsquo;\u00e9l\u00e9phant de savon et [&hellip;]\" \/>\n<meta property=\"og:url\" content=\"https:\/\/ses-creative.com\/fr\/produit\/mousse-de-bulles-elephant\/\" \/>\n<meta property=\"og:site_name\" content=\"SES Creative\" \/>\n<meta property=\"article:modified_time\" content=\"2026-02-12T10:22:30+00:00\" \/>\n<meta name=\"twitter:card\" content=\"summary_large_image\" \/>\n<meta name=\"twitter:label1\" content=\"Dur\u00e9e de lecture estim\u00e9e\" \/>\n\t<meta name=\"twitter:data1\" content=\"2 minutes\" \/>\n<script type=\"application\/ld+json\" class=\"yoast-schema-graph\">{\"@context\":\"https:\\\/\\\/schema.org\",\"@graph\":[{\"@type\":\"WebPage\",\"@id\":\"https:\\\/\\\/ses-creative.com\\\/fr\\\/produit\\\/mousse-de-bulles-elephant\\\/\",\"url\":\"https:\\\/\\\/ses-creative.com\\\/fr\\\/produit\\\/mousse-de-bulles-elephant\\\/\",\"name\":\"Mousse de bulles - \u00c9l\u00e9phant - SES Creative\",\"isPartOf\":{\"@id\":\"https:\\\/\\\/ses-creative.com\\\/#website\"},\"primaryImageOfPage\":{\"@id\":\"https:\\\/\\\/ses-creative.com\\\/fr\\\/produit\\\/mousse-de-bulles-elephant\\\/#primaryimage\"},\"image\":{\"@id\":\"https:\\\/\\\/ses-creative.com\\\/fr\\\/produit\\\/mousse-de-bulles-elephant\\\/#primaryimage\"},\"thumbnailUrl\":\"https:\\\/\\\/ses-creative.com\\\/wp-content\\\/uploads\\\/2025\\\/12\\\/130551.jpeg\",\"datePublished\":\"2026-02-12T10:08:41+00:00\",\"dateModified\":\"2026-02-12T10:22:30+00:00\",\"breadcrumb\":{\"@id\":\"https:\\\/\\\/ses-creative.com\\\/fr\\\/produit\\\/mousse-de-bulles-elephant\\\/#breadcrumb\"},\"inLanguage\":\"fr-FR\",\"potentialAction\":[{\"@type\":\"ReadAction\",\"target\":[\"https:\\\/\\\/ses-creative.com\\\/fr\\\/produit\\\/mousse-de-bulles-elephant\\\/\"]}]},{\"@type\":\"ImageObject\",\"inLanguage\":\"fr-FR\",\"@id\":\"https:\\\/\\\/ses-creative.com\\\/fr\\\/produit\\\/mousse-de-bulles-elephant\\\/#primaryimage\",\"url\":\"https:\\\/\\\/ses-creative.com\\\/wp-content\\\/uploads\\\/2025\\\/12\\\/130551.jpeg\",\"contentUrl\":\"https:\\\/\\\/ses-creative.com\\\/wp-content\\\/uploads\\\/2025\\\/12\\\/130551.jpeg\",\"width\":1920,\"height\":1920},{\"@type\":\"BreadcrumbList\",\"@id\":\"https:\\\/\\\/ses-creative.com\\\/fr\\\/produit\\\/mousse-de-bulles-elephant\\\/#breadcrumb\",\"itemListElement\":[{\"@type\":\"ListItem\",\"position\":1,\"name\":\"Boutique\",\"item\":\"https:\\\/\\\/ses-creative.com\\\/fr\\\/boutique\\\/\"},{\"@type\":\"ListItem\",\"position\":2,\"name\":\"Jeux d\u2019ext\u00e9rieur\",\"item\":\"https:\\\/\\\/ses-creative.com\\\/fr\\\/product-categorie\\\/jeux-dexterieur\\\/\"},{\"@type\":\"ListItem\",\"position\":3,\"name\":\"Mousse de bulles &#8211; \u00c9l\u00e9phant\"}]},{\"@type\":\"WebSite\",\"@id\":\"https:\\\/\\\/ses-creative.com\\\/#website\",\"url\":\"https:\\\/\\\/ses-creative.com\\\/\",\"name\":\"SES Creative\",\"description\":\"\",\"publisher\":{\"@id\":\"https:\\\/\\\/ses-creative.com\\\/#organization\"},\"potentialAction\":[{\"@type\":\"SearchAction\",\"target\":{\"@type\":\"EntryPoint\",\"urlTemplate\":\"https:\\\/\\\/ses-creative.com\\\/?s={search_term_string}\"},\"query-input\":{\"@type\":\"PropertyValueSpecification\",\"valueRequired\":true,\"valueName\":\"search_term_string\"}}],\"inLanguage\":\"fr-FR\"},{\"@type\":\"Organization\",\"@id\":\"https:\\\/\\\/ses-creative.com\\\/#organization\",\"name\":\"SES Creative\",\"url\":\"https:\\\/\\\/ses-creative.com\\\/\",\"logo\":{\"@type\":\"ImageObject\",\"inLanguage\":\"fr-FR\",\"@id\":\"https:\\\/\\\/ses-creative.com\\\/#\\\/schema\\\/logo\\\/image\\\/\",\"url\":\"https:\\\/\\\/ses-creative.com\\\/wp-content\\\/uploads\\\/2025\\\/10\\\/ses-creative-logo.jpg\",\"contentUrl\":\"https:\\\/\\\/ses-creative.com\\\/wp-content\\\/uploads\\\/2025\\\/10\\\/ses-creative-logo.jpg\",\"width\":2037,\"height\":2037,\"caption\":\"SES Creative\"},\"image\":{\"@id\":\"https:\\\/\\\/ses-creative.com\\\/#\\\/schema\\\/logo\\\/image\\\/\"}}]}<\/script>\n<!-- \/ Yoast SEO plugin. -->","yoast_head_json":{"title":"Mousse de bulles - \u00c9l\u00e9phant - SES Creative","robots":{"index":"index","follow":"follow","max-snippet":"max-snippet:-1","max-image-preview":"max-image-preview:large","max-video-preview":"max-video-preview:-1"},"canonical":"https:\/\/ses-creative.com\/fr\/produit\/mousse-de-bulles-elephant\/","og_locale":"fr_FR","og_type":"article","og_title":"Mousse de bulles - \u00c9l\u00e9phant - SES Creative","og_description":"Mousse \u00e0 bulles &#8211; \u00c9l\u00e9phant : faites les plus grosses bulles ! Avec la mousse \u00e0 bulles SES Creative &#8211; \u00c9l\u00e9phant, vous pouvez faire des bulles de la mani\u00e8re la plus amusante qui soit. Mais attendez, l&rsquo;\u00e9l\u00e9phant n&rsquo;a pas de trompe ! Le ferez-vous appara\u00eetre en soufflant des bulles ? Remplissez l&rsquo;\u00e9l\u00e9phant de savon et [&hellip;]","og_url":"https:\/\/ses-creative.com\/fr\/produit\/mousse-de-bulles-elephant\/","og_site_name":"SES Creative","article_modified_time":"2026-02-12T10:22:30+00:00","twitter_card":"summary_large_image","twitter_misc":{"Dur\u00e9e de lecture estim\u00e9e":"2 minutes"},"schema":{"@context":"https:\/\/schema.org","@graph":[{"@type":"WebPage","@id":"https:\/\/ses-creative.com\/fr\/produit\/mousse-de-bulles-elephant\/","url":"https:\/\/ses-creative.com\/fr\/produit\/mousse-de-bulles-elephant\/","name":"Mousse de bulles - \u00c9l\u00e9phant - SES Creative","isPartOf":{"@id":"https:\/\/ses-creative.com\/#website"},"primaryImageOfPage":{"@id":"https:\/\/ses-creative.com\/fr\/produit\/mousse-de-bulles-elephant\/#primaryimage"},"image":{"@id":"https:\/\/ses-creative.com\/fr\/produit\/mousse-de-bulles-elephant\/#primaryimage"},"thumbnailUrl":"https:\/\/ses-creative.com\/wp-content\/uploads\/2025\/12\/130551.jpeg","datePublished":"2026-02-12T10:08:41+00:00","dateModified":"2026-02-12T10:22:30+00:00","breadcrumb":{"@id":"https:\/\/ses-creative.com\/fr\/produit\/mousse-de-bulles-elephant\/#breadcrumb"},"inLanguage":"fr-FR","potentialAction":[{"@type":"ReadAction","target":["https:\/\/ses-creative.com\/fr\/produit\/mousse-de-bulles-elephant\/"]}]},{"@type":"ImageObject","inLanguage":"fr-FR","@id":"https:\/\/ses-creative.com\/fr\/produit\/mousse-de-bulles-elephant\/#primaryimage","url":"https:\/\/ses-creative.com\/wp-content\/uploads\/2025\/12\/130551.jpeg","contentUrl":"https:\/\/ses-creative.com\/wp-content\/uploads\/2025\/12\/130551.jpeg","width":1920,"height":1920},{"@type":"BreadcrumbList","@id":"https:\/\/ses-creative.com\/fr\/produit\/mousse-de-bulles-elephant\/#breadcrumb","itemListElement":[{"@type":"ListItem","position":1,"name":"Boutique","item":"https:\/\/ses-creative.com\/fr\/boutique\/"},{"@type":"ListItem","position":2,"name":"Jeux d\u2019ext\u00e9rieur","item":"https:\/\/ses-creative.com\/fr\/product-categorie\/jeux-dexterieur\/"},{"@type":"ListItem","position":3,"name":"Mousse de bulles &#8211; \u00c9l\u00e9phant"}]},{"@type":"WebSite","@id":"https:\/\/ses-creative.com\/#website","url":"https:\/\/ses-creative.com\/","name":"SES Creative","description":"","publisher":{"@id":"https:\/\/ses-creative.com\/#organization"},"potentialAction":[{"@type":"SearchAction","target":{"@type":"EntryPoint","urlTemplate":"https:\/\/ses-creative.com\/?s={search_term_string}"},"query-input":{"@type":"PropertyValueSpecification","valueRequired":true,"valueName":"search_term_string"}}],"inLanguage":"fr-FR"},{"@type":"Organization","@id":"https:\/\/ses-creative.com\/#organization","name":"SES Creative","url":"https:\/\/ses-creative.com\/","logo":{"@type":"ImageObject","inLanguage":"fr-FR","@id":"https:\/\/ses-creative.com\/#\/schema\/logo\/image\/","url":"https:\/\/ses-creative.com\/wp-content\/uploads\/2025\/10\/ses-creative-logo.jpg","contentUrl":"https:\/\/ses-creative.com\/wp-content\/uploads\/2025\/10\/ses-creative-logo.jpg","width":2037,"height":2037,"caption":"SES Creative"},"image":{"@id":"https:\/\/ses-creative.com\/#\/schema\/logo\/image\/"}}]}},"_links":{"self":[{"href":"https:\/\/ses-creative.com\/fr\/wp-json\/wp\/v2\/product\/118112","targetHints":{"allow":["GET"]}}],"collection":[{"href":"https:\/\/ses-creative.com\/fr\/wp-json\/wp\/v2\/product"}],"about":[{"href":"https:\/\/ses-creative.com\/fr\/wp-json\/wp\/v2\/types\/product"}],"replies":[{"embeddable":true,"href":"https:\/\/ses-creative.com\/fr\/wp-json\/wp\/v2\/comments?post=118112"}],"wp:featuredmedia":[{"embeddable":true,"href":"https:\/\/ses-creative.com\/fr\/wp-json\/wp\/v2\/media\/110292"}],"wp:attachment":[{"href":"https:\/\/ses-creative.com\/fr\/wp-json\/wp\/v2\/media?parent=118112"}],"wp:term":[{"taxonomy":"product_brand","embeddable":true,"href":"https:\/\/ses-creative.com\/fr\/wp-json\/wp\/v2\/product_brand?post=118112"},{"taxonomy":"product_cat","embeddable":true,"href":"https:\/\/ses-creative.com\/fr\/wp-json\/wp\/v2\/product_cat?post=118112"},{"taxonomy":"product_tag","embeddable":true,"href":"https:\/\/ses-creative.com\/fr\/wp-json\/wp\/v2\/product_tag?post=118112"}],"curies":[{"name":"wp","href":"https:\/\/api.w.org\/{rel}","templated":true}]}}