











{"id":118111,"date":"2026-02-12T10:08:41","date_gmt":"2026-02-12T10:08:41","guid":{"rendered":"https:\/\/ses-creative.com\/?post_type=product&#038;p=118111"},"modified":"2026-02-12T10:22:30","modified_gmt":"2026-02-12T10:22:30","slug":"bulles-licorne","status":"publish","type":"product","link":"https:\/\/ses-creative.com\/fr\/produit\/bulles-licorne\/","title":{"rendered":"Bulles licorne"},"content":{"rendered":"<p>Faites des bulles magiques avec Unicorn Bubbles !<br \/>\nFaire des bulles, c&rsquo;est amusant, mais faire des bulles avec une licorne, c&rsquo;est encore plus magique ! Avec le kit \u00e0 bulles Unicorn Bubbles, les enfants peuvent cr\u00e9er des bulles extra larges \u00e0 l&rsquo;aide de l&rsquo;outil sp\u00e9cial licorne. Parfait pour les jeunes r\u00eaveurs qui aiment jouer dehors et veulent faire les plus grosses bulles avec une touche de magie !<br \/>\nCe qui rend ce kit g\u00e9nial<br \/>\n&#8211;    Liquide \u00e0 bulles ultra puissant pour des bulles extra larges<br \/>\n&#8211;    Outil licorne pour un effet magique<br \/>\n&#8211;    Faites les bulles les plus amusantes avec le kit \u00e0 bulles sur le th\u00e8me des licornes<br \/>\n&#8211;    Le savon se lave facilement des v\u00eatements<br \/>\n&#8211;    Parfait pour les enfants \u00e0 partir de 3 ans<br \/>\nCr\u00e9ez des bulles enchant\u00e9es avec Unicorn Bubbles<br \/>\nAvec ce kit, les enfants peuvent faire les bulles les plus grosses et les plus magiques qu&rsquo;ils aient jamais vues. L&rsquo;outil \u00e0 bulles licorne rend le jeu en ext\u00e9rieur encore plus amusant et, gr\u00e2ce \u00e0 l&rsquo;anneau \u00e0 bulles solide, ils peuvent cr\u00e9er des bulles enchant\u00e9es. Ce kit est id\u00e9al pour les parents qui veulent que leurs enfants profitent d&rsquo;un jeu actif et magique en ext\u00e9rieur. Il offre une fa\u00e7on amusante de jouer dehors tout en d\u00e9veloppant la motricit\u00e9.<br \/>\nContenu du kit<br \/>\n&#8211;    Outil \u00e0 bulles licorne en mousse<br \/>\n&#8211;    Anneau \u00e0 bulles<br \/>\n&#8211;    200 ml de savon \u00e0 bulles<br \/>\nPourquoi choisir SES Creative ?<br \/>\nChez SES Creative, nous accordons une grande importance \u00e0 la s\u00e9curit\u00e9. C&rsquo;est pourquoi nos produits sont fabriqu\u00e9s et test\u00e9s dans notre usine aux Pays-Bas, conform\u00e9ment aux normes de s\u00e9curit\u00e9 europ\u00e9ennes les plus strictes. Les jouets SES Creative sont source de plaisir et permettent aux enfants d&rsquo;\u00eatre fiers de leur travail, ce qui stimule leur cr\u00e9ativit\u00e9 et leur d\u00e9veloppement.<br \/>\nCommencez d\u00e8s aujourd&rsquo;hui \u00e0 faire des bulles magiques<br \/>\nD\u00e9couvrez le plaisir de faire des bulles magiques avec le kit \u00e0 bulles Unicorn Bubbles. Parfait pour une journ\u00e9e ensoleill\u00e9e pleine de plaisir enchanteur !<\/p>\n","protected":false},"excerpt":{"rendered":"<p>Faites des bulles magiques avec Unicorn Bubbles ! Faire des bulles, c&rsquo;est amusant, mais faire des bulles avec une licorne, c&rsquo;est encore plus magique ! Avec le kit \u00e0 bulles Unicorn Bubbles, les enfants peuvent cr\u00e9er des bulles extra larges \u00e0 l&rsquo;aide de l&rsquo;outil sp\u00e9cial licorne. Parfait pour les jeunes r\u00eaveurs qui aiment jouer dehors [&hellip;]<\/p>\n","protected":false},"featured_media":110284,"comment_status":"closed","ping_status":"closed","template":"","meta":{"_acf_changed":false},"product_brand":[],"product_cat":[126],"product_tag":[],"class_list":{"0":"post-118111","1":"product","2":"type-product","3":"status-publish","4":"has-post-thumbnail","6":"product_cat-jeux-dexterieur","7":"pa_leeftijd-filter-3-4-ans","8":"pa_meest-populair-bij-garcons-filles","10":"first","11":"instock","12":"shipping-taxable","13":"product-type-simple"},"acf":[],"yoast_head":"<!-- This site is optimized with the Yoast SEO plugin v27.4 - https:\/\/yoast.com\/product\/yoast-seo-wordpress\/ -->\n<title>Bulles licorne - SES Creative<\/title>\n<meta name=\"robots\" content=\"index, follow, max-snippet:-1, max-image-preview:large, max-video-preview:-1\" \/>\n<link rel=\"canonical\" href=\"https:\/\/ses-creative.com\/fr\/produit\/bulles-licorne\/\" \/>\n<meta property=\"og:locale\" content=\"fr_FR\" \/>\n<meta property=\"og:type\" content=\"article\" \/>\n<meta property=\"og:title\" content=\"Bulles licorne - SES Creative\" \/>\n<meta property=\"og:description\" content=\"Faites des bulles magiques avec Unicorn Bubbles ! Faire des bulles, c&rsquo;est amusant, mais faire des bulles avec une licorne, c&rsquo;est encore plus magique ! Avec le kit \u00e0 bulles Unicorn Bubbles, les enfants peuvent cr\u00e9er des bulles extra larges \u00e0 l&rsquo;aide de l&rsquo;outil sp\u00e9cial licorne. Parfait pour les jeunes r\u00eaveurs qui aiment jouer dehors [&hellip;]\" \/>\n<meta property=\"og:url\" content=\"https:\/\/ses-creative.com\/fr\/produit\/bulles-licorne\/\" \/>\n<meta property=\"og:site_name\" content=\"SES Creative\" \/>\n<meta property=\"article:modified_time\" content=\"2026-02-12T10:22:30+00:00\" \/>\n<meta name=\"twitter:card\" content=\"summary_large_image\" \/>\n<meta name=\"twitter:label1\" content=\"Dur\u00e9e de lecture estim\u00e9e\" \/>\n\t<meta name=\"twitter:data1\" content=\"2 minutes\" \/>\n<script type=\"application\/ld+json\" class=\"yoast-schema-graph\">{\"@context\":\"https:\\\/\\\/schema.org\",\"@graph\":[{\"@type\":\"WebPage\",\"@id\":\"https:\\\/\\\/ses-creative.com\\\/fr\\\/produit\\\/bulles-licorne\\\/\",\"url\":\"https:\\\/\\\/ses-creative.com\\\/fr\\\/produit\\\/bulles-licorne\\\/\",\"name\":\"Bulles licorne - SES Creative\",\"isPartOf\":{\"@id\":\"https:\\\/\\\/ses-creative.com\\\/#website\"},\"primaryImageOfPage\":{\"@id\":\"https:\\\/\\\/ses-creative.com\\\/fr\\\/produit\\\/bulles-licorne\\\/#primaryimage\"},\"image\":{\"@id\":\"https:\\\/\\\/ses-creative.com\\\/fr\\\/produit\\\/bulles-licorne\\\/#primaryimage\"},\"thumbnailUrl\":\"https:\\\/\\\/ses-creative.com\\\/wp-content\\\/uploads\\\/2025\\\/12\\\/02278.jpeg\",\"datePublished\":\"2026-02-12T10:08:41+00:00\",\"dateModified\":\"2026-02-12T10:22:30+00:00\",\"breadcrumb\":{\"@id\":\"https:\\\/\\\/ses-creative.com\\\/fr\\\/produit\\\/bulles-licorne\\\/#breadcrumb\"},\"inLanguage\":\"fr-FR\",\"potentialAction\":[{\"@type\":\"ReadAction\",\"target\":[\"https:\\\/\\\/ses-creative.com\\\/fr\\\/produit\\\/bulles-licorne\\\/\"]}]},{\"@type\":\"ImageObject\",\"inLanguage\":\"fr-FR\",\"@id\":\"https:\\\/\\\/ses-creative.com\\\/fr\\\/produit\\\/bulles-licorne\\\/#primaryimage\",\"url\":\"https:\\\/\\\/ses-creative.com\\\/wp-content\\\/uploads\\\/2025\\\/12\\\/02278.jpeg\",\"contentUrl\":\"https:\\\/\\\/ses-creative.com\\\/wp-content\\\/uploads\\\/2025\\\/12\\\/02278.jpeg\",\"width\":2000,\"height\":2000},{\"@type\":\"BreadcrumbList\",\"@id\":\"https:\\\/\\\/ses-creative.com\\\/fr\\\/produit\\\/bulles-licorne\\\/#breadcrumb\",\"itemListElement\":[{\"@type\":\"ListItem\",\"position\":1,\"name\":\"Boutique\",\"item\":\"https:\\\/\\\/ses-creative.com\\\/fr\\\/boutique\\\/\"},{\"@type\":\"ListItem\",\"position\":2,\"name\":\"Jeux d\u2019ext\u00e9rieur\",\"item\":\"https:\\\/\\\/ses-creative.com\\\/fr\\\/product-categorie\\\/jeux-dexterieur\\\/\"},{\"@type\":\"ListItem\",\"position\":3,\"name\":\"Bulles licorne\"}]},{\"@type\":\"WebSite\",\"@id\":\"https:\\\/\\\/ses-creative.com\\\/#website\",\"url\":\"https:\\\/\\\/ses-creative.com\\\/\",\"name\":\"SES Creative\",\"description\":\"\",\"publisher\":{\"@id\":\"https:\\\/\\\/ses-creative.com\\\/#organization\"},\"potentialAction\":[{\"@type\":\"SearchAction\",\"target\":{\"@type\":\"EntryPoint\",\"urlTemplate\":\"https:\\\/\\\/ses-creative.com\\\/?s={search_term_string}\"},\"query-input\":{\"@type\":\"PropertyValueSpecification\",\"valueRequired\":true,\"valueName\":\"search_term_string\"}}],\"inLanguage\":\"fr-FR\"},{\"@type\":\"Organization\",\"@id\":\"https:\\\/\\\/ses-creative.com\\\/#organization\",\"name\":\"SES Creative\",\"url\":\"https:\\\/\\\/ses-creative.com\\\/\",\"logo\":{\"@type\":\"ImageObject\",\"inLanguage\":\"fr-FR\",\"@id\":\"https:\\\/\\\/ses-creative.com\\\/#\\\/schema\\\/logo\\\/image\\\/\",\"url\":\"https:\\\/\\\/ses-creative.com\\\/wp-content\\\/uploads\\\/2025\\\/10\\\/ses-creative-logo.jpg\",\"contentUrl\":\"https:\\\/\\\/ses-creative.com\\\/wp-content\\\/uploads\\\/2025\\\/10\\\/ses-creative-logo.jpg\",\"width\":2037,\"height\":2037,\"caption\":\"SES Creative\"},\"image\":{\"@id\":\"https:\\\/\\\/ses-creative.com\\\/#\\\/schema\\\/logo\\\/image\\\/\"}}]}<\/script>\n<!-- \/ Yoast SEO plugin. -->","yoast_head_json":{"title":"Bulles licorne - SES Creative","robots":{"index":"index","follow":"follow","max-snippet":"max-snippet:-1","max-image-preview":"max-image-preview:large","max-video-preview":"max-video-preview:-1"},"canonical":"https:\/\/ses-creative.com\/fr\/produit\/bulles-licorne\/","og_locale":"fr_FR","og_type":"article","og_title":"Bulles licorne - SES Creative","og_description":"Faites des bulles magiques avec Unicorn Bubbles ! Faire des bulles, c&rsquo;est amusant, mais faire des bulles avec une licorne, c&rsquo;est encore plus magique ! Avec le kit \u00e0 bulles Unicorn Bubbles, les enfants peuvent cr\u00e9er des bulles extra larges \u00e0 l&rsquo;aide de l&rsquo;outil sp\u00e9cial licorne. Parfait pour les jeunes r\u00eaveurs qui aiment jouer dehors [&hellip;]","og_url":"https:\/\/ses-creative.com\/fr\/produit\/bulles-licorne\/","og_site_name":"SES Creative","article_modified_time":"2026-02-12T10:22:30+00:00","twitter_card":"summary_large_image","twitter_misc":{"Dur\u00e9e de lecture estim\u00e9e":"2 minutes"},"schema":{"@context":"https:\/\/schema.org","@graph":[{"@type":"WebPage","@id":"https:\/\/ses-creative.com\/fr\/produit\/bulles-licorne\/","url":"https:\/\/ses-creative.com\/fr\/produit\/bulles-licorne\/","name":"Bulles licorne - SES Creative","isPartOf":{"@id":"https:\/\/ses-creative.com\/#website"},"primaryImageOfPage":{"@id":"https:\/\/ses-creative.com\/fr\/produit\/bulles-licorne\/#primaryimage"},"image":{"@id":"https:\/\/ses-creative.com\/fr\/produit\/bulles-licorne\/#primaryimage"},"thumbnailUrl":"https:\/\/ses-creative.com\/wp-content\/uploads\/2025\/12\/02278.jpeg","datePublished":"2026-02-12T10:08:41+00:00","dateModified":"2026-02-12T10:22:30+00:00","breadcrumb":{"@id":"https:\/\/ses-creative.com\/fr\/produit\/bulles-licorne\/#breadcrumb"},"inLanguage":"fr-FR","potentialAction":[{"@type":"ReadAction","target":["https:\/\/ses-creative.com\/fr\/produit\/bulles-licorne\/"]}]},{"@type":"ImageObject","inLanguage":"fr-FR","@id":"https:\/\/ses-creative.com\/fr\/produit\/bulles-licorne\/#primaryimage","url":"https:\/\/ses-creative.com\/wp-content\/uploads\/2025\/12\/02278.jpeg","contentUrl":"https:\/\/ses-creative.com\/wp-content\/uploads\/2025\/12\/02278.jpeg","width":2000,"height":2000},{"@type":"BreadcrumbList","@id":"https:\/\/ses-creative.com\/fr\/produit\/bulles-licorne\/#breadcrumb","itemListElement":[{"@type":"ListItem","position":1,"name":"Boutique","item":"https:\/\/ses-creative.com\/fr\/boutique\/"},{"@type":"ListItem","position":2,"name":"Jeux d\u2019ext\u00e9rieur","item":"https:\/\/ses-creative.com\/fr\/product-categorie\/jeux-dexterieur\/"},{"@type":"ListItem","position":3,"name":"Bulles licorne"}]},{"@type":"WebSite","@id":"https:\/\/ses-creative.com\/#website","url":"https:\/\/ses-creative.com\/","name":"SES Creative","description":"","publisher":{"@id":"https:\/\/ses-creative.com\/#organization"},"potentialAction":[{"@type":"SearchAction","target":{"@type":"EntryPoint","urlTemplate":"https:\/\/ses-creative.com\/?s={search_term_string}"},"query-input":{"@type":"PropertyValueSpecification","valueRequired":true,"valueName":"search_term_string"}}],"inLanguage":"fr-FR"},{"@type":"Organization","@id":"https:\/\/ses-creative.com\/#organization","name":"SES Creative","url":"https:\/\/ses-creative.com\/","logo":{"@type":"ImageObject","inLanguage":"fr-FR","@id":"https:\/\/ses-creative.com\/#\/schema\/logo\/image\/","url":"https:\/\/ses-creative.com\/wp-content\/uploads\/2025\/10\/ses-creative-logo.jpg","contentUrl":"https:\/\/ses-creative.com\/wp-content\/uploads\/2025\/10\/ses-creative-logo.jpg","width":2037,"height":2037,"caption":"SES Creative"},"image":{"@id":"https:\/\/ses-creative.com\/#\/schema\/logo\/image\/"}}]}},"_links":{"self":[{"href":"https:\/\/ses-creative.com\/fr\/wp-json\/wp\/v2\/product\/118111","targetHints":{"allow":["GET"]}}],"collection":[{"href":"https:\/\/ses-creative.com\/fr\/wp-json\/wp\/v2\/product"}],"about":[{"href":"https:\/\/ses-creative.com\/fr\/wp-json\/wp\/v2\/types\/product"}],"replies":[{"embeddable":true,"href":"https:\/\/ses-creative.com\/fr\/wp-json\/wp\/v2\/comments?post=118111"}],"wp:featuredmedia":[{"embeddable":true,"href":"https:\/\/ses-creative.com\/fr\/wp-json\/wp\/v2\/media\/110284"}],"wp:attachment":[{"href":"https:\/\/ses-creative.com\/fr\/wp-json\/wp\/v2\/media?parent=118111"}],"wp:term":[{"taxonomy":"product_brand","embeddable":true,"href":"https:\/\/ses-creative.com\/fr\/wp-json\/wp\/v2\/product_brand?post=118111"},{"taxonomy":"product_cat","embeddable":true,"href":"https:\/\/ses-creative.com\/fr\/wp-json\/wp\/v2\/product_cat?post=118111"},{"taxonomy":"product_tag","embeddable":true,"href":"https:\/\/ses-creative.com\/fr\/wp-json\/wp\/v2\/product_tag?post=118111"}],"curies":[{"name":"wp","href":"https:\/\/api.w.org\/{rel}","templated":true}]}}