











{"id":118110,"date":"2026-02-12T10:08:41","date_gmt":"2026-02-12T10:08:41","guid":{"rendered":"https:\/\/ses-creative.com\/?post_type=product&#038;p=118110"},"modified":"2026-02-12T10:22:30","modified_gmt":"2026-02-12T10:22:30","slug":"bulles-papillon","status":"publish","type":"product","link":"https:\/\/ses-creative.com\/fr\/produit\/bulles-papillon\/","title":{"rendered":"Bulles papillon"},"content":{"rendered":"<p>Laissez le papillon voler avec des bulles !<br \/>\nAvec ce magnifique outil \u00e0 bulles en forme de papillon, vous pouvez cr\u00e9er une multitude de petites bulles. Le design unique du papillon rend le soufflage de bulles encore plus magique et amusant pour tous les enfants. Trempez le papillon dans la solution \u00e0 bulles et agitez-le dans les airs pour cr\u00e9er un nuage de petites bulles. Vous vous sentirez comme une princesse !<br \/>\nCe qui rend ce set g\u00e9nial<br \/>\n&#8211;    Cr\u00e9ez une multitude de petites bulles en une seule fois<br \/>\n&#8211;    Solution \u00e0 bulles ultra puissante pour des bulles extra larges<br \/>\n&#8211;    Outil en forme de papillon pour encore plus de plaisir<br \/>\n&#8211;    Sentez-vous comme une princesse avec ces bulles magiques<br \/>\n&#8211;    Id\u00e9al pour jouer dehors et pour les f\u00eates<br \/>\nCr\u00e9ez un spectacle magique<br \/>\nL&rsquo;utilisation du souffleur de bulles papillon est simple et amusante. Trempez le papillon dans le liquide \u00e0 bulles, retirez-le d\u00e9licatement et agitez-le dans les airs. Regardez appara\u00eetre un nuage de petites bulles et laissez la magie op\u00e9rer !<br \/>\nContenu du kit<br \/>\n&#8211;    Bubble tool papillon<br \/>\n&#8211;    200 ml de liquide \u00e0 bulles<br \/>\n&#8211;    Petite assiette<br \/>\nPourquoi choisir SES Creative ?<br \/>\nChez SES Creative, nous accordons une grande importance \u00e0 la s\u00e9curit\u00e9. C&rsquo;est pourquoi nos produits sont fabriqu\u00e9s et test\u00e9s dans notre usine aux Pays-Bas, conform\u00e9ment aux normes de s\u00e9curit\u00e9 europ\u00e9ennes les plus strictes. Les jouets SES Creative sont source de plaisir et permettent aux enfants d&rsquo;\u00eatre fiers de leur travail, ce qui stimule leur cr\u00e9ativit\u00e9 et leur d\u00e9veloppement.<br \/>\nD\u00e9couvrez d\u00e8s aujourd&rsquo;hui le plaisir du souffleur de bulles papillon !<br \/>\nCe souffleur de bulles papillon garantit des heures de plaisir en plein air. Parfait pour les enfants qui aiment jouer dehors, faire voler des bulles et s&rsquo;amuser sans fin !<\/p>\n","protected":false},"excerpt":{"rendered":"<p>Laissez le papillon voler avec des bulles ! Avec ce magnifique outil \u00e0 bulles en forme de papillon, vous pouvez cr\u00e9er une multitude de petites bulles. Le design unique du papillon rend le soufflage de bulles encore plus magique et amusant pour tous les enfants. Trempez le papillon dans la solution \u00e0 bulles et agitez-le [&hellip;]<\/p>\n","protected":false},"featured_media":110276,"comment_status":"closed","ping_status":"closed","template":"","meta":{"_acf_changed":false},"product_brand":[],"product_cat":[126],"product_tag":[],"class_list":{"0":"post-118110","1":"product","2":"type-product","3":"status-publish","4":"has-post-thumbnail","6":"product_cat-jeux-dexterieur","7":"pa_leeftijd-filter-3-4-ans","8":"pa_meest-populair-bij-garcons-filles","10":"first","11":"instock","12":"shipping-taxable","13":"product-type-simple"},"acf":[],"yoast_head":"<!-- This site is optimized with the Yoast SEO plugin v27.4 - https:\/\/yoast.com\/product\/yoast-seo-wordpress\/ -->\n<title>Bulles papillon - SES Creative<\/title>\n<meta name=\"robots\" content=\"index, follow, max-snippet:-1, max-image-preview:large, max-video-preview:-1\" \/>\n<link rel=\"canonical\" href=\"https:\/\/ses-creative.com\/fr\/produit\/bulles-papillon\/\" \/>\n<meta property=\"og:locale\" content=\"fr_FR\" \/>\n<meta property=\"og:type\" content=\"article\" \/>\n<meta property=\"og:title\" content=\"Bulles papillon - SES Creative\" \/>\n<meta property=\"og:description\" content=\"Laissez le papillon voler avec des bulles ! Avec ce magnifique outil \u00e0 bulles en forme de papillon, vous pouvez cr\u00e9er une multitude de petites bulles. Le design unique du papillon rend le soufflage de bulles encore plus magique et amusant pour tous les enfants. Trempez le papillon dans la solution \u00e0 bulles et agitez-le [&hellip;]\" \/>\n<meta property=\"og:url\" content=\"https:\/\/ses-creative.com\/fr\/produit\/bulles-papillon\/\" \/>\n<meta property=\"og:site_name\" content=\"SES Creative\" \/>\n<meta property=\"article:modified_time\" content=\"2026-02-12T10:22:30+00:00\" \/>\n<meta name=\"twitter:card\" content=\"summary_large_image\" \/>\n<meta name=\"twitter:label1\" content=\"Dur\u00e9e de lecture estim\u00e9e\" \/>\n\t<meta name=\"twitter:data1\" content=\"2 minutes\" \/>\n<script type=\"application\/ld+json\" class=\"yoast-schema-graph\">{\"@context\":\"https:\\\/\\\/schema.org\",\"@graph\":[{\"@type\":\"WebPage\",\"@id\":\"https:\\\/\\\/ses-creative.com\\\/fr\\\/produit\\\/bulles-papillon\\\/\",\"url\":\"https:\\\/\\\/ses-creative.com\\\/fr\\\/produit\\\/bulles-papillon\\\/\",\"name\":\"Bulles papillon - SES Creative\",\"isPartOf\":{\"@id\":\"https:\\\/\\\/ses-creative.com\\\/#website\"},\"primaryImageOfPage\":{\"@id\":\"https:\\\/\\\/ses-creative.com\\\/fr\\\/produit\\\/bulles-papillon\\\/#primaryimage\"},\"image\":{\"@id\":\"https:\\\/\\\/ses-creative.com\\\/fr\\\/produit\\\/bulles-papillon\\\/#primaryimage\"},\"thumbnailUrl\":\"https:\\\/\\\/ses-creative.com\\\/wp-content\\\/uploads\\\/2025\\\/12\\\/02276.jpeg\",\"datePublished\":\"2026-02-12T10:08:41+00:00\",\"dateModified\":\"2026-02-12T10:22:30+00:00\",\"breadcrumb\":{\"@id\":\"https:\\\/\\\/ses-creative.com\\\/fr\\\/produit\\\/bulles-papillon\\\/#breadcrumb\"},\"inLanguage\":\"fr-FR\",\"potentialAction\":[{\"@type\":\"ReadAction\",\"target\":[\"https:\\\/\\\/ses-creative.com\\\/fr\\\/produit\\\/bulles-papillon\\\/\"]}]},{\"@type\":\"ImageObject\",\"inLanguage\":\"fr-FR\",\"@id\":\"https:\\\/\\\/ses-creative.com\\\/fr\\\/produit\\\/bulles-papillon\\\/#primaryimage\",\"url\":\"https:\\\/\\\/ses-creative.com\\\/wp-content\\\/uploads\\\/2025\\\/12\\\/02276.jpeg\",\"contentUrl\":\"https:\\\/\\\/ses-creative.com\\\/wp-content\\\/uploads\\\/2025\\\/12\\\/02276.jpeg\",\"width\":2000,\"height\":2000},{\"@type\":\"BreadcrumbList\",\"@id\":\"https:\\\/\\\/ses-creative.com\\\/fr\\\/produit\\\/bulles-papillon\\\/#breadcrumb\",\"itemListElement\":[{\"@type\":\"ListItem\",\"position\":1,\"name\":\"Boutique\",\"item\":\"https:\\\/\\\/ses-creative.com\\\/fr\\\/boutique\\\/\"},{\"@type\":\"ListItem\",\"position\":2,\"name\":\"Jeux d\u2019ext\u00e9rieur\",\"item\":\"https:\\\/\\\/ses-creative.com\\\/fr\\\/product-categorie\\\/jeux-dexterieur\\\/\"},{\"@type\":\"ListItem\",\"position\":3,\"name\":\"Bulles papillon\"}]},{\"@type\":\"WebSite\",\"@id\":\"https:\\\/\\\/ses-creative.com\\\/#website\",\"url\":\"https:\\\/\\\/ses-creative.com\\\/\",\"name\":\"SES Creative\",\"description\":\"\",\"publisher\":{\"@id\":\"https:\\\/\\\/ses-creative.com\\\/#organization\"},\"potentialAction\":[{\"@type\":\"SearchAction\",\"target\":{\"@type\":\"EntryPoint\",\"urlTemplate\":\"https:\\\/\\\/ses-creative.com\\\/?s={search_term_string}\"},\"query-input\":{\"@type\":\"PropertyValueSpecification\",\"valueRequired\":true,\"valueName\":\"search_term_string\"}}],\"inLanguage\":\"fr-FR\"},{\"@type\":\"Organization\",\"@id\":\"https:\\\/\\\/ses-creative.com\\\/#organization\",\"name\":\"SES Creative\",\"url\":\"https:\\\/\\\/ses-creative.com\\\/\",\"logo\":{\"@type\":\"ImageObject\",\"inLanguage\":\"fr-FR\",\"@id\":\"https:\\\/\\\/ses-creative.com\\\/#\\\/schema\\\/logo\\\/image\\\/\",\"url\":\"https:\\\/\\\/ses-creative.com\\\/wp-content\\\/uploads\\\/2025\\\/10\\\/ses-creative-logo.jpg\",\"contentUrl\":\"https:\\\/\\\/ses-creative.com\\\/wp-content\\\/uploads\\\/2025\\\/10\\\/ses-creative-logo.jpg\",\"width\":2037,\"height\":2037,\"caption\":\"SES Creative\"},\"image\":{\"@id\":\"https:\\\/\\\/ses-creative.com\\\/#\\\/schema\\\/logo\\\/image\\\/\"}}]}<\/script>\n<!-- \/ Yoast SEO plugin. -->","yoast_head_json":{"title":"Bulles papillon - SES Creative","robots":{"index":"index","follow":"follow","max-snippet":"max-snippet:-1","max-image-preview":"max-image-preview:large","max-video-preview":"max-video-preview:-1"},"canonical":"https:\/\/ses-creative.com\/fr\/produit\/bulles-papillon\/","og_locale":"fr_FR","og_type":"article","og_title":"Bulles papillon - SES Creative","og_description":"Laissez le papillon voler avec des bulles ! Avec ce magnifique outil \u00e0 bulles en forme de papillon, vous pouvez cr\u00e9er une multitude de petites bulles. Le design unique du papillon rend le soufflage de bulles encore plus magique et amusant pour tous les enfants. Trempez le papillon dans la solution \u00e0 bulles et agitez-le [&hellip;]","og_url":"https:\/\/ses-creative.com\/fr\/produit\/bulles-papillon\/","og_site_name":"SES Creative","article_modified_time":"2026-02-12T10:22:30+00:00","twitter_card":"summary_large_image","twitter_misc":{"Dur\u00e9e de lecture estim\u00e9e":"2 minutes"},"schema":{"@context":"https:\/\/schema.org","@graph":[{"@type":"WebPage","@id":"https:\/\/ses-creative.com\/fr\/produit\/bulles-papillon\/","url":"https:\/\/ses-creative.com\/fr\/produit\/bulles-papillon\/","name":"Bulles papillon - SES Creative","isPartOf":{"@id":"https:\/\/ses-creative.com\/#website"},"primaryImageOfPage":{"@id":"https:\/\/ses-creative.com\/fr\/produit\/bulles-papillon\/#primaryimage"},"image":{"@id":"https:\/\/ses-creative.com\/fr\/produit\/bulles-papillon\/#primaryimage"},"thumbnailUrl":"https:\/\/ses-creative.com\/wp-content\/uploads\/2025\/12\/02276.jpeg","datePublished":"2026-02-12T10:08:41+00:00","dateModified":"2026-02-12T10:22:30+00:00","breadcrumb":{"@id":"https:\/\/ses-creative.com\/fr\/produit\/bulles-papillon\/#breadcrumb"},"inLanguage":"fr-FR","potentialAction":[{"@type":"ReadAction","target":["https:\/\/ses-creative.com\/fr\/produit\/bulles-papillon\/"]}]},{"@type":"ImageObject","inLanguage":"fr-FR","@id":"https:\/\/ses-creative.com\/fr\/produit\/bulles-papillon\/#primaryimage","url":"https:\/\/ses-creative.com\/wp-content\/uploads\/2025\/12\/02276.jpeg","contentUrl":"https:\/\/ses-creative.com\/wp-content\/uploads\/2025\/12\/02276.jpeg","width":2000,"height":2000},{"@type":"BreadcrumbList","@id":"https:\/\/ses-creative.com\/fr\/produit\/bulles-papillon\/#breadcrumb","itemListElement":[{"@type":"ListItem","position":1,"name":"Boutique","item":"https:\/\/ses-creative.com\/fr\/boutique\/"},{"@type":"ListItem","position":2,"name":"Jeux d\u2019ext\u00e9rieur","item":"https:\/\/ses-creative.com\/fr\/product-categorie\/jeux-dexterieur\/"},{"@type":"ListItem","position":3,"name":"Bulles papillon"}]},{"@type":"WebSite","@id":"https:\/\/ses-creative.com\/#website","url":"https:\/\/ses-creative.com\/","name":"SES Creative","description":"","publisher":{"@id":"https:\/\/ses-creative.com\/#organization"},"potentialAction":[{"@type":"SearchAction","target":{"@type":"EntryPoint","urlTemplate":"https:\/\/ses-creative.com\/?s={search_term_string}"},"query-input":{"@type":"PropertyValueSpecification","valueRequired":true,"valueName":"search_term_string"}}],"inLanguage":"fr-FR"},{"@type":"Organization","@id":"https:\/\/ses-creative.com\/#organization","name":"SES Creative","url":"https:\/\/ses-creative.com\/","logo":{"@type":"ImageObject","inLanguage":"fr-FR","@id":"https:\/\/ses-creative.com\/#\/schema\/logo\/image\/","url":"https:\/\/ses-creative.com\/wp-content\/uploads\/2025\/10\/ses-creative-logo.jpg","contentUrl":"https:\/\/ses-creative.com\/wp-content\/uploads\/2025\/10\/ses-creative-logo.jpg","width":2037,"height":2037,"caption":"SES Creative"},"image":{"@id":"https:\/\/ses-creative.com\/#\/schema\/logo\/image\/"}}]}},"_links":{"self":[{"href":"https:\/\/ses-creative.com\/fr\/wp-json\/wp\/v2\/product\/118110","targetHints":{"allow":["GET"]}}],"collection":[{"href":"https:\/\/ses-creative.com\/fr\/wp-json\/wp\/v2\/product"}],"about":[{"href":"https:\/\/ses-creative.com\/fr\/wp-json\/wp\/v2\/types\/product"}],"replies":[{"embeddable":true,"href":"https:\/\/ses-creative.com\/fr\/wp-json\/wp\/v2\/comments?post=118110"}],"wp:featuredmedia":[{"embeddable":true,"href":"https:\/\/ses-creative.com\/fr\/wp-json\/wp\/v2\/media\/110276"}],"wp:attachment":[{"href":"https:\/\/ses-creative.com\/fr\/wp-json\/wp\/v2\/media?parent=118110"}],"wp:term":[{"taxonomy":"product_brand","embeddable":true,"href":"https:\/\/ses-creative.com\/fr\/wp-json\/wp\/v2\/product_brand?post=118110"},{"taxonomy":"product_cat","embeddable":true,"href":"https:\/\/ses-creative.com\/fr\/wp-json\/wp\/v2\/product_cat?post=118110"},{"taxonomy":"product_tag","embeddable":true,"href":"https:\/\/ses-creative.com\/fr\/wp-json\/wp\/v2\/product_tag?post=118110"}],"curies":[{"name":"wp","href":"https:\/\/api.w.org\/{rel}","templated":true}]}}