











{"id":118106,"date":"2026-02-12T10:08:40","date_gmt":"2026-02-12T10:08:40","guid":{"rendered":"https:\/\/ses-creative.com\/?post_type=product&#038;p=118106"},"modified":"2026-02-12T10:22:30","modified_gmt":"2026-02-12T10:22:30","slug":"debout-dans-une-bulle-geante","status":"publish","type":"product","link":"https:\/\/ses-creative.com\/fr\/produit\/debout-dans-une-bulle-geante\/","title":{"rendered":"Debout dans une bulle g\u00e9ante"},"content":{"rendered":"<p>Ce kit original permet aux enfants de cr\u00e9er une bulle g\u00e9ante autour d\u2019eux gr\u00e2ce \u00e0 une solution savonneuse sp\u00e9ciale et un cerceau surdimensionn\u00e9. L\u2019activit\u00e9 consiste \u00e0 se placer dans une piscine gonflable remplie de savon, puis \u00e0 tirer doucement un anneau mont\u00e9 \u00e0 l\u2019aide de huit pi\u00e8ces pour faire monter une bulle verticale. La solution incluse (750 ml) a \u00e9t\u00e9 d\u00e9velopp\u00e9e pour cr\u00e9er des bulles stables et de grande taille. Ce jeu sensoriel favorise l\u2019exp\u00e9rimentation, la coordination et le contr\u00f4le des gestes. Fonctionne sans piles, adapt\u00e9 aux activit\u00e9s de plein air pendant les beaux jours. Tous les \u00e9l\u00e9ments sont r\u00e9utilisables, lavables et pens\u00e9s pour une utilisation s\u00e9curis\u00e9e par les enfants d\u00e8s 5 ans. Fabriqu\u00e9 aux Pays-Bas par SES Creative, ce jouet est conforme \u00e0 des normes strictes de s\u00e9curit\u00e9. Gr\u00e2ce \u00e0 ses \u00e9l\u00e9ments robustes et lavables, le kit peut \u00eatre utilis\u00e9 \u00e0 plusieurs reprises dans diff\u00e9rents environnements. Adapt\u00e9 \u00e0 des f\u00eates d&rsquo;anniversaire, activit\u00e9s de plein air ou animations collectives, il transforme chaque moment en exp\u00e9rience visuelle m\u00e9morable.<\/p>\n","protected":false},"excerpt":{"rendered":"<p>Ce kit original permet aux enfants de cr\u00e9er une bulle g\u00e9ante autour d\u2019eux gr\u00e2ce \u00e0 une solution savonneuse sp\u00e9ciale et un cerceau surdimensionn\u00e9. L\u2019activit\u00e9 consiste \u00e0 se placer dans une piscine gonflable remplie de savon, puis \u00e0 tirer doucement un anneau mont\u00e9 \u00e0 l\u2019aide de huit pi\u00e8ces pour faire monter une bulle verticale. La solution [&hellip;]<\/p>\n","protected":false},"featured_media":99148,"comment_status":"closed","ping_status":"closed","template":"","meta":{"_acf_changed":false},"product_brand":[],"product_cat":[126],"product_tag":[],"class_list":{"0":"post-118106","1":"product","2":"type-product","3":"status-publish","4":"has-post-thumbnail","6":"product_cat-jeux-dexterieur","7":"pa_leeftijd-filter-4-6-ans","8":"pa_meest-populair-bij-garcons-filles","10":"first","11":"instock","12":"shipping-taxable","13":"product-type-simple"},"acf":[],"yoast_head":"<!-- This site is optimized with the Yoast SEO plugin v27.4 - https:\/\/yoast.com\/product\/yoast-seo-wordpress\/ -->\n<title>Debout dans une bulle g\u00e9ante - SES Creative<\/title>\n<meta name=\"robots\" content=\"index, follow, max-snippet:-1, max-image-preview:large, max-video-preview:-1\" \/>\n<link rel=\"canonical\" href=\"https:\/\/ses-creative.com\/fr\/produit\/debout-dans-une-bulle-geante\/\" \/>\n<meta property=\"og:locale\" content=\"fr_FR\" \/>\n<meta property=\"og:type\" content=\"article\" \/>\n<meta property=\"og:title\" content=\"Debout dans une bulle g\u00e9ante - SES Creative\" \/>\n<meta property=\"og:description\" content=\"Ce kit original permet aux enfants de cr\u00e9er une bulle g\u00e9ante autour d\u2019eux gr\u00e2ce \u00e0 une solution savonneuse sp\u00e9ciale et un cerceau surdimensionn\u00e9. L\u2019activit\u00e9 consiste \u00e0 se placer dans une piscine gonflable remplie de savon, puis \u00e0 tirer doucement un anneau mont\u00e9 \u00e0 l\u2019aide de huit pi\u00e8ces pour faire monter une bulle verticale. La solution [&hellip;]\" \/>\n<meta property=\"og:url\" content=\"https:\/\/ses-creative.com\/fr\/produit\/debout-dans-une-bulle-geante\/\" \/>\n<meta property=\"og:site_name\" content=\"SES Creative\" \/>\n<meta property=\"article:modified_time\" content=\"2026-02-12T10:22:30+00:00\" \/>\n<meta name=\"twitter:card\" content=\"summary_large_image\" \/>\n<meta name=\"twitter:label1\" content=\"Dur\u00e9e de lecture estim\u00e9e\" \/>\n\t<meta name=\"twitter:data1\" content=\"1 minute\" \/>\n<script type=\"application\/ld+json\" class=\"yoast-schema-graph\">{\"@context\":\"https:\\\/\\\/schema.org\",\"@graph\":[{\"@type\":\"WebPage\",\"@id\":\"https:\\\/\\\/ses-creative.com\\\/fr\\\/produit\\\/debout-dans-une-bulle-geante\\\/\",\"url\":\"https:\\\/\\\/ses-creative.com\\\/fr\\\/produit\\\/debout-dans-une-bulle-geante\\\/\",\"name\":\"Debout dans une bulle g\u00e9ante - SES Creative\",\"isPartOf\":{\"@id\":\"https:\\\/\\\/ses-creative.com\\\/#website\"},\"primaryImageOfPage\":{\"@id\":\"https:\\\/\\\/ses-creative.com\\\/fr\\\/produit\\\/debout-dans-une-bulle-geante\\\/#primaryimage\"},\"image\":{\"@id\":\"https:\\\/\\\/ses-creative.com\\\/fr\\\/produit\\\/debout-dans-une-bulle-geante\\\/#primaryimage\"},\"thumbnailUrl\":\"https:\\\/\\\/ses-creative.com\\\/wp-content\\\/uploads\\\/2026\\\/01\\\/022571.jpg\",\"datePublished\":\"2026-02-12T10:08:40+00:00\",\"dateModified\":\"2026-02-12T10:22:30+00:00\",\"breadcrumb\":{\"@id\":\"https:\\\/\\\/ses-creative.com\\\/fr\\\/produit\\\/debout-dans-une-bulle-geante\\\/#breadcrumb\"},\"inLanguage\":\"fr-FR\",\"potentialAction\":[{\"@type\":\"ReadAction\",\"target\":[\"https:\\\/\\\/ses-creative.com\\\/fr\\\/produit\\\/debout-dans-une-bulle-geante\\\/\"]}]},{\"@type\":\"ImageObject\",\"inLanguage\":\"fr-FR\",\"@id\":\"https:\\\/\\\/ses-creative.com\\\/fr\\\/produit\\\/debout-dans-une-bulle-geante\\\/#primaryimage\",\"url\":\"https:\\\/\\\/ses-creative.com\\\/wp-content\\\/uploads\\\/2026\\\/01\\\/022571.jpg\",\"contentUrl\":\"https:\\\/\\\/ses-creative.com\\\/wp-content\\\/uploads\\\/2026\\\/01\\\/022571.jpg\",\"width\":1000,\"height\":1000},{\"@type\":\"BreadcrumbList\",\"@id\":\"https:\\\/\\\/ses-creative.com\\\/fr\\\/produit\\\/debout-dans-une-bulle-geante\\\/#breadcrumb\",\"itemListElement\":[{\"@type\":\"ListItem\",\"position\":1,\"name\":\"Boutique\",\"item\":\"https:\\\/\\\/ses-creative.com\\\/fr\\\/boutique\\\/\"},{\"@type\":\"ListItem\",\"position\":2,\"name\":\"Jeux d\u2019ext\u00e9rieur\",\"item\":\"https:\\\/\\\/ses-creative.com\\\/fr\\\/product-categorie\\\/jeux-dexterieur\\\/\"},{\"@type\":\"ListItem\",\"position\":3,\"name\":\"Debout dans une bulle g\u00e9ante\"}]},{\"@type\":\"WebSite\",\"@id\":\"https:\\\/\\\/ses-creative.com\\\/#website\",\"url\":\"https:\\\/\\\/ses-creative.com\\\/\",\"name\":\"SES Creative\",\"description\":\"\",\"publisher\":{\"@id\":\"https:\\\/\\\/ses-creative.com\\\/#organization\"},\"potentialAction\":[{\"@type\":\"SearchAction\",\"target\":{\"@type\":\"EntryPoint\",\"urlTemplate\":\"https:\\\/\\\/ses-creative.com\\\/?s={search_term_string}\"},\"query-input\":{\"@type\":\"PropertyValueSpecification\",\"valueRequired\":true,\"valueName\":\"search_term_string\"}}],\"inLanguage\":\"fr-FR\"},{\"@type\":\"Organization\",\"@id\":\"https:\\\/\\\/ses-creative.com\\\/#organization\",\"name\":\"SES Creative\",\"url\":\"https:\\\/\\\/ses-creative.com\\\/\",\"logo\":{\"@type\":\"ImageObject\",\"inLanguage\":\"fr-FR\",\"@id\":\"https:\\\/\\\/ses-creative.com\\\/#\\\/schema\\\/logo\\\/image\\\/\",\"url\":\"https:\\\/\\\/ses-creative.com\\\/wp-content\\\/uploads\\\/2025\\\/10\\\/ses-creative-logo.jpg\",\"contentUrl\":\"https:\\\/\\\/ses-creative.com\\\/wp-content\\\/uploads\\\/2025\\\/10\\\/ses-creative-logo.jpg\",\"width\":2037,\"height\":2037,\"caption\":\"SES Creative\"},\"image\":{\"@id\":\"https:\\\/\\\/ses-creative.com\\\/#\\\/schema\\\/logo\\\/image\\\/\"}}]}<\/script>\n<!-- \/ Yoast SEO plugin. -->","yoast_head_json":{"title":"Debout dans une bulle g\u00e9ante - SES Creative","robots":{"index":"index","follow":"follow","max-snippet":"max-snippet:-1","max-image-preview":"max-image-preview:large","max-video-preview":"max-video-preview:-1"},"canonical":"https:\/\/ses-creative.com\/fr\/produit\/debout-dans-une-bulle-geante\/","og_locale":"fr_FR","og_type":"article","og_title":"Debout dans une bulle g\u00e9ante - SES Creative","og_description":"Ce kit original permet aux enfants de cr\u00e9er une bulle g\u00e9ante autour d\u2019eux gr\u00e2ce \u00e0 une solution savonneuse sp\u00e9ciale et un cerceau surdimensionn\u00e9. L\u2019activit\u00e9 consiste \u00e0 se placer dans une piscine gonflable remplie de savon, puis \u00e0 tirer doucement un anneau mont\u00e9 \u00e0 l\u2019aide de huit pi\u00e8ces pour faire monter une bulle verticale. La solution [&hellip;]","og_url":"https:\/\/ses-creative.com\/fr\/produit\/debout-dans-une-bulle-geante\/","og_site_name":"SES Creative","article_modified_time":"2026-02-12T10:22:30+00:00","twitter_card":"summary_large_image","twitter_misc":{"Dur\u00e9e de lecture estim\u00e9e":"1 minute"},"schema":{"@context":"https:\/\/schema.org","@graph":[{"@type":"WebPage","@id":"https:\/\/ses-creative.com\/fr\/produit\/debout-dans-une-bulle-geante\/","url":"https:\/\/ses-creative.com\/fr\/produit\/debout-dans-une-bulle-geante\/","name":"Debout dans une bulle g\u00e9ante - SES Creative","isPartOf":{"@id":"https:\/\/ses-creative.com\/#website"},"primaryImageOfPage":{"@id":"https:\/\/ses-creative.com\/fr\/produit\/debout-dans-une-bulle-geante\/#primaryimage"},"image":{"@id":"https:\/\/ses-creative.com\/fr\/produit\/debout-dans-une-bulle-geante\/#primaryimage"},"thumbnailUrl":"https:\/\/ses-creative.com\/wp-content\/uploads\/2026\/01\/022571.jpg","datePublished":"2026-02-12T10:08:40+00:00","dateModified":"2026-02-12T10:22:30+00:00","breadcrumb":{"@id":"https:\/\/ses-creative.com\/fr\/produit\/debout-dans-une-bulle-geante\/#breadcrumb"},"inLanguage":"fr-FR","potentialAction":[{"@type":"ReadAction","target":["https:\/\/ses-creative.com\/fr\/produit\/debout-dans-une-bulle-geante\/"]}]},{"@type":"ImageObject","inLanguage":"fr-FR","@id":"https:\/\/ses-creative.com\/fr\/produit\/debout-dans-une-bulle-geante\/#primaryimage","url":"https:\/\/ses-creative.com\/wp-content\/uploads\/2026\/01\/022571.jpg","contentUrl":"https:\/\/ses-creative.com\/wp-content\/uploads\/2026\/01\/022571.jpg","width":1000,"height":1000},{"@type":"BreadcrumbList","@id":"https:\/\/ses-creative.com\/fr\/produit\/debout-dans-une-bulle-geante\/#breadcrumb","itemListElement":[{"@type":"ListItem","position":1,"name":"Boutique","item":"https:\/\/ses-creative.com\/fr\/boutique\/"},{"@type":"ListItem","position":2,"name":"Jeux d\u2019ext\u00e9rieur","item":"https:\/\/ses-creative.com\/fr\/product-categorie\/jeux-dexterieur\/"},{"@type":"ListItem","position":3,"name":"Debout dans une bulle g\u00e9ante"}]},{"@type":"WebSite","@id":"https:\/\/ses-creative.com\/#website","url":"https:\/\/ses-creative.com\/","name":"SES Creative","description":"","publisher":{"@id":"https:\/\/ses-creative.com\/#organization"},"potentialAction":[{"@type":"SearchAction","target":{"@type":"EntryPoint","urlTemplate":"https:\/\/ses-creative.com\/?s={search_term_string}"},"query-input":{"@type":"PropertyValueSpecification","valueRequired":true,"valueName":"search_term_string"}}],"inLanguage":"fr-FR"},{"@type":"Organization","@id":"https:\/\/ses-creative.com\/#organization","name":"SES Creative","url":"https:\/\/ses-creative.com\/","logo":{"@type":"ImageObject","inLanguage":"fr-FR","@id":"https:\/\/ses-creative.com\/#\/schema\/logo\/image\/","url":"https:\/\/ses-creative.com\/wp-content\/uploads\/2025\/10\/ses-creative-logo.jpg","contentUrl":"https:\/\/ses-creative.com\/wp-content\/uploads\/2025\/10\/ses-creative-logo.jpg","width":2037,"height":2037,"caption":"SES Creative"},"image":{"@id":"https:\/\/ses-creative.com\/#\/schema\/logo\/image\/"}}]}},"_links":{"self":[{"href":"https:\/\/ses-creative.com\/fr\/wp-json\/wp\/v2\/product\/118106","targetHints":{"allow":["GET"]}}],"collection":[{"href":"https:\/\/ses-creative.com\/fr\/wp-json\/wp\/v2\/product"}],"about":[{"href":"https:\/\/ses-creative.com\/fr\/wp-json\/wp\/v2\/types\/product"}],"replies":[{"embeddable":true,"href":"https:\/\/ses-creative.com\/fr\/wp-json\/wp\/v2\/comments?post=118106"}],"wp:featuredmedia":[{"embeddable":true,"href":"https:\/\/ses-creative.com\/fr\/wp-json\/wp\/v2\/media\/99148"}],"wp:attachment":[{"href":"https:\/\/ses-creative.com\/fr\/wp-json\/wp\/v2\/media?parent=118106"}],"wp:term":[{"taxonomy":"product_brand","embeddable":true,"href":"https:\/\/ses-creative.com\/fr\/wp-json\/wp\/v2\/product_brand?post=118106"},{"taxonomy":"product_cat","embeddable":true,"href":"https:\/\/ses-creative.com\/fr\/wp-json\/wp\/v2\/product_cat?post=118106"},{"taxonomy":"product_tag","embeddable":true,"href":"https:\/\/ses-creative.com\/fr\/wp-json\/wp\/v2\/product_tag?post=118106"}],"curies":[{"name":"wp","href":"https:\/\/api.w.org\/{rel}","templated":true}]}}