











{"id":118104,"date":"2026-02-12T10:08:40","date_gmt":"2026-02-12T10:08:40","guid":{"rendered":"https:\/\/ses-creative.com\/?post_type=product&#038;p=118104"},"modified":"2026-02-12T10:22:29","modified_gmt":"2026-02-12T10:22:29","slug":"mega-bubbles-xxl-faire-des-bulles-geantes","status":"publish","type":"product","link":"https:\/\/ses-creative.com\/fr\/produit\/mega-bubbles-xxl-faire-des-bulles-geantes\/","title":{"rendered":"Mega bubbles XXL &#8211; faire des bulles g\u00e9antes"},"content":{"rendered":"<p>Offrez \u00e0 votre enfant une exp\u00e9rience magique et pleine de rires avec le kit Bulles G\u00e9antes SES Creative. Con\u00e7u pour les enfants d\u00e8s 3 ans, ce coffret permet de cr\u00e9er de magnifiques bulles de savon XXL en un seul mouvement. Id\u00e9al pour le jardin, le parc ou la plage, ce jeu ext\u00e9rieur d\u00e9veloppe la motricit\u00e9, la coordination et stimule la cr\u00e9ativit\u00e9 tout en favorisant les jeux en plein air. Le kit comprend une baguette \u00e0 bulles solide, facile \u00e0 manipuler par les petites mains, ainsi qu\u2019une solution \u00e0 bulles non toxique, s\u00fbre pour les enfants et test\u00e9e dermatologiquement. C\u2019est l\u2019activit\u00e9 parfaite pour les journ\u00e9es ensoleill\u00e9es, les f\u00eates ou les vacances. Ce jouet bulles g\u00e9antes assure des heures de divertissement actif, encourage le jeu collectif et procure un effet spectaculaire \u00e0 chaque bulle cr\u00e9\u00e9e. Un indispensable des jeux d\u2019\u00e9t\u00e9 qui \u00e9merveille petits et grands, transformant chaque moment dehors en f\u00eate color\u00e9e et joyeuse, \u00e0 vivre seul ou en famille pour encore plus de plaisir.<\/p>\n","protected":false},"excerpt":{"rendered":"<p>Offrez \u00e0 votre enfant une exp\u00e9rience magique et pleine de rires avec le kit Bulles G\u00e9antes SES Creative. Con\u00e7u pour les enfants d\u00e8s 3 ans, ce coffret permet de cr\u00e9er de magnifiques bulles de savon XXL en un seul mouvement. Id\u00e9al pour le jardin, le parc ou la plage, ce jeu ext\u00e9rieur d\u00e9veloppe la motricit\u00e9, [&hellip;]<\/p>\n","protected":false},"featured_media":99108,"comment_status":"closed","ping_status":"closed","template":"","meta":{"_acf_changed":false},"product_brand":[],"product_cat":[126],"product_tag":[],"class_list":{"0":"post-118104","1":"product","2":"type-product","3":"status-publish","4":"has-post-thumbnail","6":"product_cat-jeux-dexterieur","7":"pa_collecties-mega-bubbles","8":"pa_leeftijd-filter-4-6-ans","9":"pa_meest-populair-bij-garcons-filles","11":"first","12":"instock","13":"shipping-taxable","14":"product-type-simple"},"acf":[],"yoast_head":"<!-- This site is optimized with the Yoast SEO plugin v27.4 - https:\/\/yoast.com\/product\/yoast-seo-wordpress\/ -->\n<title>Mega bubbles XXL - faire des bulles g\u00e9antes - SES Creative<\/title>\n<meta name=\"robots\" content=\"index, follow, max-snippet:-1, max-image-preview:large, max-video-preview:-1\" \/>\n<link rel=\"canonical\" href=\"https:\/\/ses-creative.com\/fr\/produit\/mega-bubbles-xxl-faire-des-bulles-geantes\/\" \/>\n<meta property=\"og:locale\" content=\"fr_FR\" \/>\n<meta property=\"og:type\" content=\"article\" \/>\n<meta property=\"og:title\" content=\"Mega bubbles XXL - faire des bulles g\u00e9antes - SES Creative\" \/>\n<meta property=\"og:description\" content=\"Offrez \u00e0 votre enfant une exp\u00e9rience magique et pleine de rires avec le kit Bulles G\u00e9antes SES Creative. Con\u00e7u pour les enfants d\u00e8s 3 ans, ce coffret permet de cr\u00e9er de magnifiques bulles de savon XXL en un seul mouvement. Id\u00e9al pour le jardin, le parc ou la plage, ce jeu ext\u00e9rieur d\u00e9veloppe la motricit\u00e9, [&hellip;]\" \/>\n<meta property=\"og:url\" content=\"https:\/\/ses-creative.com\/fr\/produit\/mega-bubbles-xxl-faire-des-bulles-geantes\/\" \/>\n<meta property=\"og:site_name\" content=\"SES Creative\" \/>\n<meta property=\"article:modified_time\" content=\"2026-02-12T10:22:29+00:00\" \/>\n<meta name=\"twitter:card\" content=\"summary_large_image\" \/>\n<meta name=\"twitter:label1\" content=\"Dur\u00e9e de lecture estim\u00e9e\" \/>\n\t<meta name=\"twitter:data1\" content=\"1 minute\" \/>\n<script type=\"application\/ld+json\" class=\"yoast-schema-graph\">{\"@context\":\"https:\\\/\\\/schema.org\",\"@graph\":[{\"@type\":\"WebPage\",\"@id\":\"https:\\\/\\\/ses-creative.com\\\/fr\\\/produit\\\/mega-bubbles-xxl-faire-des-bulles-geantes\\\/\",\"url\":\"https:\\\/\\\/ses-creative.com\\\/fr\\\/produit\\\/mega-bubbles-xxl-faire-des-bulles-geantes\\\/\",\"name\":\"Mega bubbles XXL - faire des bulles g\u00e9antes - SES Creative\",\"isPartOf\":{\"@id\":\"https:\\\/\\\/ses-creative.com\\\/#website\"},\"primaryImageOfPage\":{\"@id\":\"https:\\\/\\\/ses-creative.com\\\/fr\\\/produit\\\/mega-bubbles-xxl-faire-des-bulles-geantes\\\/#primaryimage\"},\"image\":{\"@id\":\"https:\\\/\\\/ses-creative.com\\\/fr\\\/produit\\\/mega-bubbles-xxl-faire-des-bulles-geantes\\\/#primaryimage\"},\"thumbnailUrl\":\"https:\\\/\\\/ses-creative.com\\\/wp-content\\\/uploads\\\/2026\\\/01\\\/022521.jpg\",\"datePublished\":\"2026-02-12T10:08:40+00:00\",\"dateModified\":\"2026-02-12T10:22:29+00:00\",\"breadcrumb\":{\"@id\":\"https:\\\/\\\/ses-creative.com\\\/fr\\\/produit\\\/mega-bubbles-xxl-faire-des-bulles-geantes\\\/#breadcrumb\"},\"inLanguage\":\"fr-FR\",\"potentialAction\":[{\"@type\":\"ReadAction\",\"target\":[\"https:\\\/\\\/ses-creative.com\\\/fr\\\/produit\\\/mega-bubbles-xxl-faire-des-bulles-geantes\\\/\"]}]},{\"@type\":\"ImageObject\",\"inLanguage\":\"fr-FR\",\"@id\":\"https:\\\/\\\/ses-creative.com\\\/fr\\\/produit\\\/mega-bubbles-xxl-faire-des-bulles-geantes\\\/#primaryimage\",\"url\":\"https:\\\/\\\/ses-creative.com\\\/wp-content\\\/uploads\\\/2026\\\/01\\\/022521.jpg\",\"contentUrl\":\"https:\\\/\\\/ses-creative.com\\\/wp-content\\\/uploads\\\/2026\\\/01\\\/022521.jpg\",\"width\":1000,\"height\":1000},{\"@type\":\"BreadcrumbList\",\"@id\":\"https:\\\/\\\/ses-creative.com\\\/fr\\\/produit\\\/mega-bubbles-xxl-faire-des-bulles-geantes\\\/#breadcrumb\",\"itemListElement\":[{\"@type\":\"ListItem\",\"position\":1,\"name\":\"Boutique\",\"item\":\"https:\\\/\\\/ses-creative.com\\\/fr\\\/boutique\\\/\"},{\"@type\":\"ListItem\",\"position\":2,\"name\":\"Jeux d\u2019ext\u00e9rieur\",\"item\":\"https:\\\/\\\/ses-creative.com\\\/fr\\\/product-categorie\\\/jeux-dexterieur\\\/\"},{\"@type\":\"ListItem\",\"position\":3,\"name\":\"Mega bubbles XXL &#8211; faire des bulles g\u00e9antes\"}]},{\"@type\":\"WebSite\",\"@id\":\"https:\\\/\\\/ses-creative.com\\\/#website\",\"url\":\"https:\\\/\\\/ses-creative.com\\\/\",\"name\":\"SES Creative\",\"description\":\"\",\"publisher\":{\"@id\":\"https:\\\/\\\/ses-creative.com\\\/#organization\"},\"potentialAction\":[{\"@type\":\"SearchAction\",\"target\":{\"@type\":\"EntryPoint\",\"urlTemplate\":\"https:\\\/\\\/ses-creative.com\\\/?s={search_term_string}\"},\"query-input\":{\"@type\":\"PropertyValueSpecification\",\"valueRequired\":true,\"valueName\":\"search_term_string\"}}],\"inLanguage\":\"fr-FR\"},{\"@type\":\"Organization\",\"@id\":\"https:\\\/\\\/ses-creative.com\\\/#organization\",\"name\":\"SES Creative\",\"url\":\"https:\\\/\\\/ses-creative.com\\\/\",\"logo\":{\"@type\":\"ImageObject\",\"inLanguage\":\"fr-FR\",\"@id\":\"https:\\\/\\\/ses-creative.com\\\/#\\\/schema\\\/logo\\\/image\\\/\",\"url\":\"https:\\\/\\\/ses-creative.com\\\/wp-content\\\/uploads\\\/2025\\\/10\\\/ses-creative-logo.jpg\",\"contentUrl\":\"https:\\\/\\\/ses-creative.com\\\/wp-content\\\/uploads\\\/2025\\\/10\\\/ses-creative-logo.jpg\",\"width\":2037,\"height\":2037,\"caption\":\"SES Creative\"},\"image\":{\"@id\":\"https:\\\/\\\/ses-creative.com\\\/#\\\/schema\\\/logo\\\/image\\\/\"}}]}<\/script>\n<!-- \/ Yoast SEO plugin. -->","yoast_head_json":{"title":"Mega bubbles XXL - faire des bulles g\u00e9antes - SES Creative","robots":{"index":"index","follow":"follow","max-snippet":"max-snippet:-1","max-image-preview":"max-image-preview:large","max-video-preview":"max-video-preview:-1"},"canonical":"https:\/\/ses-creative.com\/fr\/produit\/mega-bubbles-xxl-faire-des-bulles-geantes\/","og_locale":"fr_FR","og_type":"article","og_title":"Mega bubbles XXL - faire des bulles g\u00e9antes - SES Creative","og_description":"Offrez \u00e0 votre enfant une exp\u00e9rience magique et pleine de rires avec le kit Bulles G\u00e9antes SES Creative. Con\u00e7u pour les enfants d\u00e8s 3 ans, ce coffret permet de cr\u00e9er de magnifiques bulles de savon XXL en un seul mouvement. Id\u00e9al pour le jardin, le parc ou la plage, ce jeu ext\u00e9rieur d\u00e9veloppe la motricit\u00e9, [&hellip;]","og_url":"https:\/\/ses-creative.com\/fr\/produit\/mega-bubbles-xxl-faire-des-bulles-geantes\/","og_site_name":"SES Creative","article_modified_time":"2026-02-12T10:22:29+00:00","twitter_card":"summary_large_image","twitter_misc":{"Dur\u00e9e de lecture estim\u00e9e":"1 minute"},"schema":{"@context":"https:\/\/schema.org","@graph":[{"@type":"WebPage","@id":"https:\/\/ses-creative.com\/fr\/produit\/mega-bubbles-xxl-faire-des-bulles-geantes\/","url":"https:\/\/ses-creative.com\/fr\/produit\/mega-bubbles-xxl-faire-des-bulles-geantes\/","name":"Mega bubbles XXL - faire des bulles g\u00e9antes - SES Creative","isPartOf":{"@id":"https:\/\/ses-creative.com\/#website"},"primaryImageOfPage":{"@id":"https:\/\/ses-creative.com\/fr\/produit\/mega-bubbles-xxl-faire-des-bulles-geantes\/#primaryimage"},"image":{"@id":"https:\/\/ses-creative.com\/fr\/produit\/mega-bubbles-xxl-faire-des-bulles-geantes\/#primaryimage"},"thumbnailUrl":"https:\/\/ses-creative.com\/wp-content\/uploads\/2026\/01\/022521.jpg","datePublished":"2026-02-12T10:08:40+00:00","dateModified":"2026-02-12T10:22:29+00:00","breadcrumb":{"@id":"https:\/\/ses-creative.com\/fr\/produit\/mega-bubbles-xxl-faire-des-bulles-geantes\/#breadcrumb"},"inLanguage":"fr-FR","potentialAction":[{"@type":"ReadAction","target":["https:\/\/ses-creative.com\/fr\/produit\/mega-bubbles-xxl-faire-des-bulles-geantes\/"]}]},{"@type":"ImageObject","inLanguage":"fr-FR","@id":"https:\/\/ses-creative.com\/fr\/produit\/mega-bubbles-xxl-faire-des-bulles-geantes\/#primaryimage","url":"https:\/\/ses-creative.com\/wp-content\/uploads\/2026\/01\/022521.jpg","contentUrl":"https:\/\/ses-creative.com\/wp-content\/uploads\/2026\/01\/022521.jpg","width":1000,"height":1000},{"@type":"BreadcrumbList","@id":"https:\/\/ses-creative.com\/fr\/produit\/mega-bubbles-xxl-faire-des-bulles-geantes\/#breadcrumb","itemListElement":[{"@type":"ListItem","position":1,"name":"Boutique","item":"https:\/\/ses-creative.com\/fr\/boutique\/"},{"@type":"ListItem","position":2,"name":"Jeux d\u2019ext\u00e9rieur","item":"https:\/\/ses-creative.com\/fr\/product-categorie\/jeux-dexterieur\/"},{"@type":"ListItem","position":3,"name":"Mega bubbles XXL &#8211; faire des bulles g\u00e9antes"}]},{"@type":"WebSite","@id":"https:\/\/ses-creative.com\/#website","url":"https:\/\/ses-creative.com\/","name":"SES Creative","description":"","publisher":{"@id":"https:\/\/ses-creative.com\/#organization"},"potentialAction":[{"@type":"SearchAction","target":{"@type":"EntryPoint","urlTemplate":"https:\/\/ses-creative.com\/?s={search_term_string}"},"query-input":{"@type":"PropertyValueSpecification","valueRequired":true,"valueName":"search_term_string"}}],"inLanguage":"fr-FR"},{"@type":"Organization","@id":"https:\/\/ses-creative.com\/#organization","name":"SES Creative","url":"https:\/\/ses-creative.com\/","logo":{"@type":"ImageObject","inLanguage":"fr-FR","@id":"https:\/\/ses-creative.com\/#\/schema\/logo\/image\/","url":"https:\/\/ses-creative.com\/wp-content\/uploads\/2025\/10\/ses-creative-logo.jpg","contentUrl":"https:\/\/ses-creative.com\/wp-content\/uploads\/2025\/10\/ses-creative-logo.jpg","width":2037,"height":2037,"caption":"SES Creative"},"image":{"@id":"https:\/\/ses-creative.com\/#\/schema\/logo\/image\/"}}]}},"_links":{"self":[{"href":"https:\/\/ses-creative.com\/fr\/wp-json\/wp\/v2\/product\/118104","targetHints":{"allow":["GET"]}}],"collection":[{"href":"https:\/\/ses-creative.com\/fr\/wp-json\/wp\/v2\/product"}],"about":[{"href":"https:\/\/ses-creative.com\/fr\/wp-json\/wp\/v2\/types\/product"}],"replies":[{"embeddable":true,"href":"https:\/\/ses-creative.com\/fr\/wp-json\/wp\/v2\/comments?post=118104"}],"wp:featuredmedia":[{"embeddable":true,"href":"https:\/\/ses-creative.com\/fr\/wp-json\/wp\/v2\/media\/99108"}],"wp:attachment":[{"href":"https:\/\/ses-creative.com\/fr\/wp-json\/wp\/v2\/media?parent=118104"}],"wp:term":[{"taxonomy":"product_brand","embeddable":true,"href":"https:\/\/ses-creative.com\/fr\/wp-json\/wp\/v2\/product_brand?post=118104"},{"taxonomy":"product_cat","embeddable":true,"href":"https:\/\/ses-creative.com\/fr\/wp-json\/wp\/v2\/product_cat?post=118104"},{"taxonomy":"product_tag","embeddable":true,"href":"https:\/\/ses-creative.com\/fr\/wp-json\/wp\/v2\/product_tag?post=118104"}],"curies":[{"name":"wp","href":"https:\/\/api.w.org\/{rel}","templated":true}]}}