











{"id":118103,"date":"2026-02-12T10:08:39","date_gmt":"2026-02-12T10:08:39","guid":{"rendered":"https:\/\/ses-creative.com\/?post_type=product&#038;p=118103"},"modified":"2026-02-12T10:22:29","modified_gmt":"2026-02-12T10:22:29","slug":"faire-des-bulles-geantes","status":"publish","type":"product","link":"https:\/\/ses-creative.com\/fr\/produit\/faire-des-bulles-geantes\/","title":{"rendered":"Faire des bulles g\u00e9antes"},"content":{"rendered":"<p>Avec ce kit bulles g\u00e9antes, les enfants peuvent cr\u00e9er des bulles de savon spectaculaires en quelques gestes simples. Le savon liquide puissant inclus permet de r\u00e9aliser des bulles pouvant atteindre plus de 3 m\u00e8tres de longueur. Il suffit de tremper la ficelle dans le bac, d\u2019ouvrir lentement les b\u00e2tonnets et d\u2019observer la bulle se former avant de s\u2019envoler doucement dans les airs.<\/p>\n<p>L\u2019outil est con\u00e7u pour une utilisation facile, m\u00eame pour les plus jeunes. Les enfants peuvent exp\u00e9rimenter en cr\u00e9ant des bulles de diff\u00e9rentes tailles et m\u00eame souffler doucement pour former une petite bulle \u00e0 l\u2019int\u00e9rieur d\u2019une plus grande. Gr\u00e2ce \u00e0 la recharge disponible, le jeu peut \u00eatre prolong\u00e9 \u00e0 volont\u00e9, garantissant des heures de plaisir en ext\u00e9rieur.<\/p>\n<p>Id\u00e9al pour les f\u00eates, les sorties au parc ou les apr\u00e8s-midis en plein air, ce jeu bulles de savon est une activit\u00e9 qui amuse les enfants tout en d\u00e9veloppant leur coordination et leur souffle. Ce kit est une excellente id\u00e9e de cadeau pour les enfants d\u00e8s 5 ans, leur offrant la possibilit\u00e9 de d\u00e9couvrir la magie des bulles g\u00e9antes et de partager ce moment avec leurs amis et leur famille.<\/p>\n","protected":false},"excerpt":{"rendered":"<p>Avec ce kit bulles g\u00e9antes, les enfants peuvent cr\u00e9er des bulles de savon spectaculaires en quelques gestes simples. Le savon liquide puissant inclus permet de r\u00e9aliser des bulles pouvant atteindre plus de 3 m\u00e8tres de longueur. Il suffit de tremper la ficelle dans le bac, d\u2019ouvrir lentement les b\u00e2tonnets et d\u2019observer la bulle se former [&hellip;]<\/p>\n","protected":false},"featured_media":99088,"comment_status":"closed","ping_status":"closed","template":"","meta":{"_acf_changed":false},"product_brand":[],"product_cat":[126],"product_tag":[],"class_list":{"0":"post-118103","1":"product","2":"type-product","3":"status-publish","4":"has-post-thumbnail","6":"product_cat-jeux-dexterieur","7":"pa_collecties-mega-bubbles","8":"pa_leeftijd-filter-4-6-ans","9":"pa_meest-populair-bij-garcons-filles","11":"first","12":"instock","13":"shipping-taxable","14":"product-type-simple"},"acf":[],"yoast_head":"<!-- This site is optimized with the Yoast SEO plugin v27.4 - https:\/\/yoast.com\/product\/yoast-seo-wordpress\/ -->\n<title>Faire des bulles g\u00e9antes - SES Creative<\/title>\n<meta name=\"robots\" content=\"index, follow, max-snippet:-1, max-image-preview:large, max-video-preview:-1\" \/>\n<link rel=\"canonical\" href=\"https:\/\/ses-creative.com\/fr\/produit\/faire-des-bulles-geantes\/\" \/>\n<meta property=\"og:locale\" content=\"fr_FR\" \/>\n<meta property=\"og:type\" content=\"article\" \/>\n<meta property=\"og:title\" content=\"Faire des bulles g\u00e9antes - SES Creative\" \/>\n<meta property=\"og:description\" content=\"Avec ce kit bulles g\u00e9antes, les enfants peuvent cr\u00e9er des bulles de savon spectaculaires en quelques gestes simples. Le savon liquide puissant inclus permet de r\u00e9aliser des bulles pouvant atteindre plus de 3 m\u00e8tres de longueur. Il suffit de tremper la ficelle dans le bac, d\u2019ouvrir lentement les b\u00e2tonnets et d\u2019observer la bulle se former [&hellip;]\" \/>\n<meta property=\"og:url\" content=\"https:\/\/ses-creative.com\/fr\/produit\/faire-des-bulles-geantes\/\" \/>\n<meta property=\"og:site_name\" content=\"SES Creative\" \/>\n<meta property=\"article:modified_time\" content=\"2026-02-12T10:22:29+00:00\" \/>\n<meta name=\"twitter:card\" content=\"summary_large_image\" \/>\n<meta name=\"twitter:label1\" content=\"Dur\u00e9e de lecture estim\u00e9e\" \/>\n\t<meta name=\"twitter:data1\" content=\"1 minute\" \/>\n<script type=\"application\/ld+json\" class=\"yoast-schema-graph\">{\"@context\":\"https:\\\/\\\/schema.org\",\"@graph\":[{\"@type\":\"WebPage\",\"@id\":\"https:\\\/\\\/ses-creative.com\\\/fr\\\/produit\\\/faire-des-bulles-geantes\\\/\",\"url\":\"https:\\\/\\\/ses-creative.com\\\/fr\\\/produit\\\/faire-des-bulles-geantes\\\/\",\"name\":\"Faire des bulles g\u00e9antes - SES Creative\",\"isPartOf\":{\"@id\":\"https:\\\/\\\/ses-creative.com\\\/#website\"},\"primaryImageOfPage\":{\"@id\":\"https:\\\/\\\/ses-creative.com\\\/fr\\\/produit\\\/faire-des-bulles-geantes\\\/#primaryimage\"},\"image\":{\"@id\":\"https:\\\/\\\/ses-creative.com\\\/fr\\\/produit\\\/faire-des-bulles-geantes\\\/#primaryimage\"},\"thumbnailUrl\":\"https:\\\/\\\/ses-creative.com\\\/wp-content\\\/uploads\\\/2026\\\/01\\\/022511.jpg\",\"datePublished\":\"2026-02-12T10:08:39+00:00\",\"dateModified\":\"2026-02-12T10:22:29+00:00\",\"breadcrumb\":{\"@id\":\"https:\\\/\\\/ses-creative.com\\\/fr\\\/produit\\\/faire-des-bulles-geantes\\\/#breadcrumb\"},\"inLanguage\":\"fr-FR\",\"potentialAction\":[{\"@type\":\"ReadAction\",\"target\":[\"https:\\\/\\\/ses-creative.com\\\/fr\\\/produit\\\/faire-des-bulles-geantes\\\/\"]}]},{\"@type\":\"ImageObject\",\"inLanguage\":\"fr-FR\",\"@id\":\"https:\\\/\\\/ses-creative.com\\\/fr\\\/produit\\\/faire-des-bulles-geantes\\\/#primaryimage\",\"url\":\"https:\\\/\\\/ses-creative.com\\\/wp-content\\\/uploads\\\/2026\\\/01\\\/022511.jpg\",\"contentUrl\":\"https:\\\/\\\/ses-creative.com\\\/wp-content\\\/uploads\\\/2026\\\/01\\\/022511.jpg\",\"width\":1000,\"height\":1000},{\"@type\":\"BreadcrumbList\",\"@id\":\"https:\\\/\\\/ses-creative.com\\\/fr\\\/produit\\\/faire-des-bulles-geantes\\\/#breadcrumb\",\"itemListElement\":[{\"@type\":\"ListItem\",\"position\":1,\"name\":\"Boutique\",\"item\":\"https:\\\/\\\/ses-creative.com\\\/fr\\\/boutique\\\/\"},{\"@type\":\"ListItem\",\"position\":2,\"name\":\"Jeux d\u2019ext\u00e9rieur\",\"item\":\"https:\\\/\\\/ses-creative.com\\\/fr\\\/product-categorie\\\/jeux-dexterieur\\\/\"},{\"@type\":\"ListItem\",\"position\":3,\"name\":\"Faire des bulles g\u00e9antes\"}]},{\"@type\":\"WebSite\",\"@id\":\"https:\\\/\\\/ses-creative.com\\\/#website\",\"url\":\"https:\\\/\\\/ses-creative.com\\\/\",\"name\":\"SES Creative\",\"description\":\"\",\"publisher\":{\"@id\":\"https:\\\/\\\/ses-creative.com\\\/#organization\"},\"potentialAction\":[{\"@type\":\"SearchAction\",\"target\":{\"@type\":\"EntryPoint\",\"urlTemplate\":\"https:\\\/\\\/ses-creative.com\\\/?s={search_term_string}\"},\"query-input\":{\"@type\":\"PropertyValueSpecification\",\"valueRequired\":true,\"valueName\":\"search_term_string\"}}],\"inLanguage\":\"fr-FR\"},{\"@type\":\"Organization\",\"@id\":\"https:\\\/\\\/ses-creative.com\\\/#organization\",\"name\":\"SES Creative\",\"url\":\"https:\\\/\\\/ses-creative.com\\\/\",\"logo\":{\"@type\":\"ImageObject\",\"inLanguage\":\"fr-FR\",\"@id\":\"https:\\\/\\\/ses-creative.com\\\/#\\\/schema\\\/logo\\\/image\\\/\",\"url\":\"https:\\\/\\\/ses-creative.com\\\/wp-content\\\/uploads\\\/2025\\\/10\\\/ses-creative-logo.jpg\",\"contentUrl\":\"https:\\\/\\\/ses-creative.com\\\/wp-content\\\/uploads\\\/2025\\\/10\\\/ses-creative-logo.jpg\",\"width\":2037,\"height\":2037,\"caption\":\"SES Creative\"},\"image\":{\"@id\":\"https:\\\/\\\/ses-creative.com\\\/#\\\/schema\\\/logo\\\/image\\\/\"}}]}<\/script>\n<!-- \/ Yoast SEO plugin. -->","yoast_head_json":{"title":"Faire des bulles g\u00e9antes - SES Creative","robots":{"index":"index","follow":"follow","max-snippet":"max-snippet:-1","max-image-preview":"max-image-preview:large","max-video-preview":"max-video-preview:-1"},"canonical":"https:\/\/ses-creative.com\/fr\/produit\/faire-des-bulles-geantes\/","og_locale":"fr_FR","og_type":"article","og_title":"Faire des bulles g\u00e9antes - SES Creative","og_description":"Avec ce kit bulles g\u00e9antes, les enfants peuvent cr\u00e9er des bulles de savon spectaculaires en quelques gestes simples. Le savon liquide puissant inclus permet de r\u00e9aliser des bulles pouvant atteindre plus de 3 m\u00e8tres de longueur. Il suffit de tremper la ficelle dans le bac, d\u2019ouvrir lentement les b\u00e2tonnets et d\u2019observer la bulle se former [&hellip;]","og_url":"https:\/\/ses-creative.com\/fr\/produit\/faire-des-bulles-geantes\/","og_site_name":"SES Creative","article_modified_time":"2026-02-12T10:22:29+00:00","twitter_card":"summary_large_image","twitter_misc":{"Dur\u00e9e de lecture estim\u00e9e":"1 minute"},"schema":{"@context":"https:\/\/schema.org","@graph":[{"@type":"WebPage","@id":"https:\/\/ses-creative.com\/fr\/produit\/faire-des-bulles-geantes\/","url":"https:\/\/ses-creative.com\/fr\/produit\/faire-des-bulles-geantes\/","name":"Faire des bulles g\u00e9antes - SES Creative","isPartOf":{"@id":"https:\/\/ses-creative.com\/#website"},"primaryImageOfPage":{"@id":"https:\/\/ses-creative.com\/fr\/produit\/faire-des-bulles-geantes\/#primaryimage"},"image":{"@id":"https:\/\/ses-creative.com\/fr\/produit\/faire-des-bulles-geantes\/#primaryimage"},"thumbnailUrl":"https:\/\/ses-creative.com\/wp-content\/uploads\/2026\/01\/022511.jpg","datePublished":"2026-02-12T10:08:39+00:00","dateModified":"2026-02-12T10:22:29+00:00","breadcrumb":{"@id":"https:\/\/ses-creative.com\/fr\/produit\/faire-des-bulles-geantes\/#breadcrumb"},"inLanguage":"fr-FR","potentialAction":[{"@type":"ReadAction","target":["https:\/\/ses-creative.com\/fr\/produit\/faire-des-bulles-geantes\/"]}]},{"@type":"ImageObject","inLanguage":"fr-FR","@id":"https:\/\/ses-creative.com\/fr\/produit\/faire-des-bulles-geantes\/#primaryimage","url":"https:\/\/ses-creative.com\/wp-content\/uploads\/2026\/01\/022511.jpg","contentUrl":"https:\/\/ses-creative.com\/wp-content\/uploads\/2026\/01\/022511.jpg","width":1000,"height":1000},{"@type":"BreadcrumbList","@id":"https:\/\/ses-creative.com\/fr\/produit\/faire-des-bulles-geantes\/#breadcrumb","itemListElement":[{"@type":"ListItem","position":1,"name":"Boutique","item":"https:\/\/ses-creative.com\/fr\/boutique\/"},{"@type":"ListItem","position":2,"name":"Jeux d\u2019ext\u00e9rieur","item":"https:\/\/ses-creative.com\/fr\/product-categorie\/jeux-dexterieur\/"},{"@type":"ListItem","position":3,"name":"Faire des bulles g\u00e9antes"}]},{"@type":"WebSite","@id":"https:\/\/ses-creative.com\/#website","url":"https:\/\/ses-creative.com\/","name":"SES Creative","description":"","publisher":{"@id":"https:\/\/ses-creative.com\/#organization"},"potentialAction":[{"@type":"SearchAction","target":{"@type":"EntryPoint","urlTemplate":"https:\/\/ses-creative.com\/?s={search_term_string}"},"query-input":{"@type":"PropertyValueSpecification","valueRequired":true,"valueName":"search_term_string"}}],"inLanguage":"fr-FR"},{"@type":"Organization","@id":"https:\/\/ses-creative.com\/#organization","name":"SES Creative","url":"https:\/\/ses-creative.com\/","logo":{"@type":"ImageObject","inLanguage":"fr-FR","@id":"https:\/\/ses-creative.com\/#\/schema\/logo\/image\/","url":"https:\/\/ses-creative.com\/wp-content\/uploads\/2025\/10\/ses-creative-logo.jpg","contentUrl":"https:\/\/ses-creative.com\/wp-content\/uploads\/2025\/10\/ses-creative-logo.jpg","width":2037,"height":2037,"caption":"SES Creative"},"image":{"@id":"https:\/\/ses-creative.com\/#\/schema\/logo\/image\/"}}]}},"_links":{"self":[{"href":"https:\/\/ses-creative.com\/fr\/wp-json\/wp\/v2\/product\/118103","targetHints":{"allow":["GET"]}}],"collection":[{"href":"https:\/\/ses-creative.com\/fr\/wp-json\/wp\/v2\/product"}],"about":[{"href":"https:\/\/ses-creative.com\/fr\/wp-json\/wp\/v2\/types\/product"}],"replies":[{"embeddable":true,"href":"https:\/\/ses-creative.com\/fr\/wp-json\/wp\/v2\/comments?post=118103"}],"wp:featuredmedia":[{"embeddable":true,"href":"https:\/\/ses-creative.com\/fr\/wp-json\/wp\/v2\/media\/99088"}],"wp:attachment":[{"href":"https:\/\/ses-creative.com\/fr\/wp-json\/wp\/v2\/media?parent=118103"}],"wp:term":[{"taxonomy":"product_brand","embeddable":true,"href":"https:\/\/ses-creative.com\/fr\/wp-json\/wp\/v2\/product_brand?post=118103"},{"taxonomy":"product_cat","embeddable":true,"href":"https:\/\/ses-creative.com\/fr\/wp-json\/wp\/v2\/product_cat?post=118103"},{"taxonomy":"product_tag","embeddable":true,"href":"https:\/\/ses-creative.com\/fr\/wp-json\/wp\/v2\/product_tag?post=118103"}],"curies":[{"name":"wp","href":"https:\/\/api.w.org\/{rel}","templated":true}]}}