











{"id":118102,"date":"2026-02-12T10:08:39","date_gmt":"2026-02-12T10:08:39","guid":{"rendered":"https:\/\/ses-creative.com\/?post_type=product&#038;p=118102"},"modified":"2026-02-12T10:22:29","modified_gmt":"2026-02-12T10:22:29","slug":"attaque-de-bulles-par-dinosaure","status":"publish","type":"product","link":"https:\/\/ses-creative.com\/fr\/produit\/attaque-de-bulles-par-dinosaure\/","title":{"rendered":"Attaque de bulles par dinosaure"},"content":{"rendered":"<p>Attrapez des bulles avec le Bubble Happer Dino !<br \/>\nCe dinosaure vorace n&rsquo;a qu&rsquo;un seul objectif : attraper toutes les bulles ! Avec le set Bubble Happer Dino, les enfants peuvent souffler et attraper des bulles \u00e0 l&rsquo;infini. La pince dinosaure rend encore plus amusant le fait de courir apr\u00e8s les bulles et de les attraper. Parfait pour s&rsquo;amuser dehors par une journ\u00e9e ensoleill\u00e9e !<br \/>\nCe qui rend ce kit g\u00e9nial<br \/>\n&#8211;    Liquide \u00e0 bulles puissant pour des bulles extra larges<br \/>\n&#8211;    Pince en forme de dinosaure robuste<br \/>\n&#8211;    Soufflez des bulles pour les attraper ensuite avec la pince en forme de dinosaure<br \/>\n&#8211;    Le savon \u00e0 bulles se lave facilement des v\u00eatements<br \/>\n&#8211;    Parfait pour les enfants \u00e0 partir de 3 ans<br \/>\nAttrapez et soufflez des bulles avec plaisir<br \/>\nAvec ce set, les enfants peuvent non seulement souffler des bulles, mais aussi les attraper avec la pince dinosaure amusante. La solution \u00e0 bulles r\u00e9sistante permet de cr\u00e9er des bulles extra larges, tandis que la pince dinosaure rend le jeu encore plus passionnant. Id\u00e9al pour jouer activement \u00e0 l&rsquo;ext\u00e9rieur et s&rsquo;amuser pendant des heures. Ce set est parfait pour les parents qui veulent que leurs enfants profitent d&rsquo;un jeu sain et actif \u00e0 l&rsquo;ext\u00e9rieur. Il offre une fa\u00e7on amusante de jouer \u00e0 l&rsquo;ext\u00e9rieur tout en d\u00e9veloppant la motricit\u00e9.<br \/>\nContenu du set<br \/>\n&#8211;    Pince dinosaure<br \/>\n&#8211;    200 ml de solution pour bulles avec souffleur<br \/>\nPourquoi choisir SES Creative ?<br \/>\nChez SES Creative, nous accordons une grande importance \u00e0 la s\u00e9curit\u00e9. C&rsquo;est pourquoi nos produits sont fabriqu\u00e9s et test\u00e9s dans notre usine aux Pays-Bas, conform\u00e9ment aux normes de s\u00e9curit\u00e9 europ\u00e9ennes les plus strictes. Les jouets SES Creative sont source de plaisir et permettent aux enfants d&rsquo;\u00eatre fiers de leur travail, ce qui stimule leur cr\u00e9ativit\u00e9 et leur d\u00e9veloppement.<br \/>\nCommencez d\u00e8s aujourd&rsquo;hui \u00e0 attraper des bulles<br \/>\nD\u00e9couvrez le plaisir de faire et d&rsquo;attraper des bulles avec le Bubble Happer Dino. Parfait pour une journ\u00e9e ensoleill\u00e9e pleine de plaisir !<\/p>\n","protected":false},"excerpt":{"rendered":"<p>Attrapez des bulles avec le Bubble Happer Dino ! Ce dinosaure vorace n&rsquo;a qu&rsquo;un seul objectif : attraper toutes les bulles ! Avec le set Bubble Happer Dino, les enfants peuvent souffler et attraper des bulles \u00e0 l&rsquo;infini. La pince dinosaure rend encore plus amusant le fait de courir apr\u00e8s les bulles et de les [&hellip;]<\/p>\n","protected":false},"featured_media":110308,"comment_status":"closed","ping_status":"closed","template":"","meta":{"_acf_changed":false},"product_brand":[],"product_cat":[126],"product_tag":[],"class_list":{"0":"post-118102","1":"product","2":"type-product","3":"status-publish","4":"has-post-thumbnail","6":"product_cat-jeux-dexterieur","7":"pa_leeftijd-filter-3-4-ans","8":"pa_meest-populair-bij-garcons-filles","10":"first","11":"instock","12":"shipping-taxable","13":"product-type-simple"},"acf":[],"yoast_head":"<!-- This site is optimized with the Yoast SEO plugin v27.4 - https:\/\/yoast.com\/product\/yoast-seo-wordpress\/ -->\n<title>Attaque de bulles par dinosaure - SES Creative<\/title>\n<meta name=\"robots\" content=\"index, follow, max-snippet:-1, max-image-preview:large, max-video-preview:-1\" \/>\n<link rel=\"canonical\" href=\"https:\/\/ses-creative.com\/fr\/produit\/attaque-de-bulles-par-dinosaure\/\" \/>\n<meta property=\"og:locale\" content=\"fr_FR\" \/>\n<meta property=\"og:type\" content=\"article\" \/>\n<meta property=\"og:title\" content=\"Attaque de bulles par dinosaure - SES Creative\" \/>\n<meta property=\"og:description\" content=\"Attrapez des bulles avec le Bubble Happer Dino ! Ce dinosaure vorace n&rsquo;a qu&rsquo;un seul objectif : attraper toutes les bulles ! Avec le set Bubble Happer Dino, les enfants peuvent souffler et attraper des bulles \u00e0 l&rsquo;infini. La pince dinosaure rend encore plus amusant le fait de courir apr\u00e8s les bulles et de les [&hellip;]\" \/>\n<meta property=\"og:url\" content=\"https:\/\/ses-creative.com\/fr\/produit\/attaque-de-bulles-par-dinosaure\/\" \/>\n<meta property=\"og:site_name\" content=\"SES Creative\" \/>\n<meta property=\"article:modified_time\" content=\"2026-02-12T10:22:29+00:00\" \/>\n<meta name=\"twitter:card\" content=\"summary_large_image\" \/>\n<meta name=\"twitter:label1\" content=\"Dur\u00e9e de lecture estim\u00e9e\" \/>\n\t<meta name=\"twitter:data1\" content=\"2 minutes\" \/>\n<script type=\"application\/ld+json\" class=\"yoast-schema-graph\">{\"@context\":\"https:\\\/\\\/schema.org\",\"@graph\":[{\"@type\":\"WebPage\",\"@id\":\"https:\\\/\\\/ses-creative.com\\\/fr\\\/produit\\\/attaque-de-bulles-par-dinosaure\\\/\",\"url\":\"https:\\\/\\\/ses-creative.com\\\/fr\\\/produit\\\/attaque-de-bulles-par-dinosaure\\\/\",\"name\":\"Attaque de bulles par dinosaure - SES Creative\",\"isPartOf\":{\"@id\":\"https:\\\/\\\/ses-creative.com\\\/#website\"},\"primaryImageOfPage\":{\"@id\":\"https:\\\/\\\/ses-creative.com\\\/fr\\\/produit\\\/attaque-de-bulles-par-dinosaure\\\/#primaryimage\"},\"image\":{\"@id\":\"https:\\\/\\\/ses-creative.com\\\/fr\\\/produit\\\/attaque-de-bulles-par-dinosaure\\\/#primaryimage\"},\"thumbnailUrl\":\"https:\\\/\\\/ses-creative.com\\\/wp-content\\\/uploads\\\/2025\\\/12\\\/02250.jpeg\",\"datePublished\":\"2026-02-12T10:08:39+00:00\",\"dateModified\":\"2026-02-12T10:22:29+00:00\",\"breadcrumb\":{\"@id\":\"https:\\\/\\\/ses-creative.com\\\/fr\\\/produit\\\/attaque-de-bulles-par-dinosaure\\\/#breadcrumb\"},\"inLanguage\":\"fr-FR\",\"potentialAction\":[{\"@type\":\"ReadAction\",\"target\":[\"https:\\\/\\\/ses-creative.com\\\/fr\\\/produit\\\/attaque-de-bulles-par-dinosaure\\\/\"]}]},{\"@type\":\"ImageObject\",\"inLanguage\":\"fr-FR\",\"@id\":\"https:\\\/\\\/ses-creative.com\\\/fr\\\/produit\\\/attaque-de-bulles-par-dinosaure\\\/#primaryimage\",\"url\":\"https:\\\/\\\/ses-creative.com\\\/wp-content\\\/uploads\\\/2025\\\/12\\\/02250.jpeg\",\"contentUrl\":\"https:\\\/\\\/ses-creative.com\\\/wp-content\\\/uploads\\\/2025\\\/12\\\/02250.jpeg\",\"width\":2000,\"height\":2000},{\"@type\":\"BreadcrumbList\",\"@id\":\"https:\\\/\\\/ses-creative.com\\\/fr\\\/produit\\\/attaque-de-bulles-par-dinosaure\\\/#breadcrumb\",\"itemListElement\":[{\"@type\":\"ListItem\",\"position\":1,\"name\":\"Boutique\",\"item\":\"https:\\\/\\\/ses-creative.com\\\/fr\\\/boutique\\\/\"},{\"@type\":\"ListItem\",\"position\":2,\"name\":\"Jeux d\u2019ext\u00e9rieur\",\"item\":\"https:\\\/\\\/ses-creative.com\\\/fr\\\/product-categorie\\\/jeux-dexterieur\\\/\"},{\"@type\":\"ListItem\",\"position\":3,\"name\":\"Attaque de bulles par dinosaure\"}]},{\"@type\":\"WebSite\",\"@id\":\"https:\\\/\\\/ses-creative.com\\\/#website\",\"url\":\"https:\\\/\\\/ses-creative.com\\\/\",\"name\":\"SES Creative\",\"description\":\"\",\"publisher\":{\"@id\":\"https:\\\/\\\/ses-creative.com\\\/#organization\"},\"potentialAction\":[{\"@type\":\"SearchAction\",\"target\":{\"@type\":\"EntryPoint\",\"urlTemplate\":\"https:\\\/\\\/ses-creative.com\\\/?s={search_term_string}\"},\"query-input\":{\"@type\":\"PropertyValueSpecification\",\"valueRequired\":true,\"valueName\":\"search_term_string\"}}],\"inLanguage\":\"fr-FR\"},{\"@type\":\"Organization\",\"@id\":\"https:\\\/\\\/ses-creative.com\\\/#organization\",\"name\":\"SES Creative\",\"url\":\"https:\\\/\\\/ses-creative.com\\\/\",\"logo\":{\"@type\":\"ImageObject\",\"inLanguage\":\"fr-FR\",\"@id\":\"https:\\\/\\\/ses-creative.com\\\/#\\\/schema\\\/logo\\\/image\\\/\",\"url\":\"https:\\\/\\\/ses-creative.com\\\/wp-content\\\/uploads\\\/2025\\\/10\\\/ses-creative-logo.jpg\",\"contentUrl\":\"https:\\\/\\\/ses-creative.com\\\/wp-content\\\/uploads\\\/2025\\\/10\\\/ses-creative-logo.jpg\",\"width\":2037,\"height\":2037,\"caption\":\"SES Creative\"},\"image\":{\"@id\":\"https:\\\/\\\/ses-creative.com\\\/#\\\/schema\\\/logo\\\/image\\\/\"}}]}<\/script>\n<!-- \/ Yoast SEO plugin. -->","yoast_head_json":{"title":"Attaque de bulles par dinosaure - SES Creative","robots":{"index":"index","follow":"follow","max-snippet":"max-snippet:-1","max-image-preview":"max-image-preview:large","max-video-preview":"max-video-preview:-1"},"canonical":"https:\/\/ses-creative.com\/fr\/produit\/attaque-de-bulles-par-dinosaure\/","og_locale":"fr_FR","og_type":"article","og_title":"Attaque de bulles par dinosaure - SES Creative","og_description":"Attrapez des bulles avec le Bubble Happer Dino ! Ce dinosaure vorace n&rsquo;a qu&rsquo;un seul objectif : attraper toutes les bulles ! Avec le set Bubble Happer Dino, les enfants peuvent souffler et attraper des bulles \u00e0 l&rsquo;infini. La pince dinosaure rend encore plus amusant le fait de courir apr\u00e8s les bulles et de les [&hellip;]","og_url":"https:\/\/ses-creative.com\/fr\/produit\/attaque-de-bulles-par-dinosaure\/","og_site_name":"SES Creative","article_modified_time":"2026-02-12T10:22:29+00:00","twitter_card":"summary_large_image","twitter_misc":{"Dur\u00e9e de lecture estim\u00e9e":"2 minutes"},"schema":{"@context":"https:\/\/schema.org","@graph":[{"@type":"WebPage","@id":"https:\/\/ses-creative.com\/fr\/produit\/attaque-de-bulles-par-dinosaure\/","url":"https:\/\/ses-creative.com\/fr\/produit\/attaque-de-bulles-par-dinosaure\/","name":"Attaque de bulles par dinosaure - SES Creative","isPartOf":{"@id":"https:\/\/ses-creative.com\/#website"},"primaryImageOfPage":{"@id":"https:\/\/ses-creative.com\/fr\/produit\/attaque-de-bulles-par-dinosaure\/#primaryimage"},"image":{"@id":"https:\/\/ses-creative.com\/fr\/produit\/attaque-de-bulles-par-dinosaure\/#primaryimage"},"thumbnailUrl":"https:\/\/ses-creative.com\/wp-content\/uploads\/2025\/12\/02250.jpeg","datePublished":"2026-02-12T10:08:39+00:00","dateModified":"2026-02-12T10:22:29+00:00","breadcrumb":{"@id":"https:\/\/ses-creative.com\/fr\/produit\/attaque-de-bulles-par-dinosaure\/#breadcrumb"},"inLanguage":"fr-FR","potentialAction":[{"@type":"ReadAction","target":["https:\/\/ses-creative.com\/fr\/produit\/attaque-de-bulles-par-dinosaure\/"]}]},{"@type":"ImageObject","inLanguage":"fr-FR","@id":"https:\/\/ses-creative.com\/fr\/produit\/attaque-de-bulles-par-dinosaure\/#primaryimage","url":"https:\/\/ses-creative.com\/wp-content\/uploads\/2025\/12\/02250.jpeg","contentUrl":"https:\/\/ses-creative.com\/wp-content\/uploads\/2025\/12\/02250.jpeg","width":2000,"height":2000},{"@type":"BreadcrumbList","@id":"https:\/\/ses-creative.com\/fr\/produit\/attaque-de-bulles-par-dinosaure\/#breadcrumb","itemListElement":[{"@type":"ListItem","position":1,"name":"Boutique","item":"https:\/\/ses-creative.com\/fr\/boutique\/"},{"@type":"ListItem","position":2,"name":"Jeux d\u2019ext\u00e9rieur","item":"https:\/\/ses-creative.com\/fr\/product-categorie\/jeux-dexterieur\/"},{"@type":"ListItem","position":3,"name":"Attaque de bulles par dinosaure"}]},{"@type":"WebSite","@id":"https:\/\/ses-creative.com\/#website","url":"https:\/\/ses-creative.com\/","name":"SES Creative","description":"","publisher":{"@id":"https:\/\/ses-creative.com\/#organization"},"potentialAction":[{"@type":"SearchAction","target":{"@type":"EntryPoint","urlTemplate":"https:\/\/ses-creative.com\/?s={search_term_string}"},"query-input":{"@type":"PropertyValueSpecification","valueRequired":true,"valueName":"search_term_string"}}],"inLanguage":"fr-FR"},{"@type":"Organization","@id":"https:\/\/ses-creative.com\/#organization","name":"SES Creative","url":"https:\/\/ses-creative.com\/","logo":{"@type":"ImageObject","inLanguage":"fr-FR","@id":"https:\/\/ses-creative.com\/#\/schema\/logo\/image\/","url":"https:\/\/ses-creative.com\/wp-content\/uploads\/2025\/10\/ses-creative-logo.jpg","contentUrl":"https:\/\/ses-creative.com\/wp-content\/uploads\/2025\/10\/ses-creative-logo.jpg","width":2037,"height":2037,"caption":"SES Creative"},"image":{"@id":"https:\/\/ses-creative.com\/#\/schema\/logo\/image\/"}}]}},"_links":{"self":[{"href":"https:\/\/ses-creative.com\/fr\/wp-json\/wp\/v2\/product\/118102","targetHints":{"allow":["GET"]}}],"collection":[{"href":"https:\/\/ses-creative.com\/fr\/wp-json\/wp\/v2\/product"}],"about":[{"href":"https:\/\/ses-creative.com\/fr\/wp-json\/wp\/v2\/types\/product"}],"replies":[{"embeddable":true,"href":"https:\/\/ses-creative.com\/fr\/wp-json\/wp\/v2\/comments?post=118102"}],"wp:featuredmedia":[{"embeddable":true,"href":"https:\/\/ses-creative.com\/fr\/wp-json\/wp\/v2\/media\/110308"}],"wp:attachment":[{"href":"https:\/\/ses-creative.com\/fr\/wp-json\/wp\/v2\/media?parent=118102"}],"wp:term":[{"taxonomy":"product_brand","embeddable":true,"href":"https:\/\/ses-creative.com\/fr\/wp-json\/wp\/v2\/product_brand?post=118102"},{"taxonomy":"product_cat","embeddable":true,"href":"https:\/\/ses-creative.com\/fr\/wp-json\/wp\/v2\/product_cat?post=118102"},{"taxonomy":"product_tag","embeddable":true,"href":"https:\/\/ses-creative.com\/fr\/wp-json\/wp\/v2\/product_tag?post=118102"}],"curies":[{"name":"wp","href":"https:\/\/api.w.org\/{rel}","templated":true}]}}