











{"id":118101,"date":"2026-02-12T10:08:39","date_gmt":"2026-02-12T10:08:39","guid":{"rendered":"https:\/\/ses-creative.com\/?post_type=product&#038;p=118101"},"modified":"2026-02-12T10:22:29","modified_gmt":"2026-02-12T10:22:29","slug":"twist-pieds-et-mains","status":"publish","type":"product","link":"https:\/\/ses-creative.com\/fr\/produit\/twist-pieds-et-mains\/","title":{"rendered":"Twist pieds et mains"},"content":{"rendered":"<p>Hands and Feet Twist : un jeu actif et amusant pour l&rsquo;int\u00e9rieur et l&rsquo;ext\u00e9rieur !<br \/>\nAvec le set Twist mains et pieds de SES Creative, vous pouvez jouer \u00e0 un jeu amusant et actif partout ! Posez les mains et les pieds en mousse color\u00e9s sur le sol et essayez de marcher avec vos mains et vos pieds sur les bonnes couleurs. Ce jeu garantit beaucoup de mouvement et de plaisir, id\u00e9al pour une journ\u00e9e ludique entre amis ou en famille.<br \/>\nPlacez les mains et les pieds en mousse au hasard sur le sol. Une personne annonce une combinaison de couleurs, par exemple \u00ab main gauche sur le bleu \u00bb et \u00ab pied droit sur le jaune \u00bb, et les autres joueurs doivent se mettre dans la bonne position le plus rapidement possible. Qui restera debout le plus longtemps sans tomber ?<br \/>\nCe qui rend ce jeu g\u00e9nial<br \/>\n&#8211;    Cr\u00e9ez votre propre plateau de jeu en pla\u00e7ant les mains en mousse comme vous le souhaitez<br \/>\n&#8211;    Jeu actif en plein air<br \/>\n&#8211;    Bon pour la coordination et la motricit\u00e9<br \/>\n&#8211;    Jouer ensemble, activit\u00e9 de groupe<br \/>\nJouez activement, partout !<br \/>\nLe jeu Hands and Feet Twist encourage l&rsquo;activit\u00e9 physique et aide les enfants \u00e0 d\u00e9velopper leur motricit\u00e9 et leur coordination. Il est parfait pour jouer \u00e0 l&rsquo;int\u00e9rieur comme \u00e0 l&rsquo;ext\u00e9rieur et garantit une exp\u00e9rience de jeu saine et active. Le jeu est facile \u00e0 mettre en place et garantit des moments hilarants ! C&rsquo;est \u00e9galement un jeu id\u00e9al pour les activit\u00e9s de groupe, les f\u00eates d&rsquo;anniversaire ou simplement pour passer un apr\u00e8s-midi agr\u00e9able dans le jardin.<br \/>\nContenu du set<br \/>\n&#8211;    16 mains en mousse de 4 couleurs diff\u00e9rentes<br \/>\n&#8211;    16 pieds en mousse de 4 couleurs<br \/>\n&#8211;    Plateau tournant<br \/>\nPourquoi choisir SES Creative ?<br \/>\nChez SES Creative, nous accordons une grande importance \u00e0 la s\u00e9curit\u00e9. C&rsquo;est pourquoi nos produits sont fabriqu\u00e9s et test\u00e9s dans notre usine aux Pays-Bas, conform\u00e9ment aux normes de s\u00e9curit\u00e9 europ\u00e9ennes les plus strictes. Les jouets SES Creative sont source de plaisir et permettent aux enfants d&rsquo;\u00eatre fiers de leur travail, ce qui stimule leur cr\u00e9ativit\u00e9 et leur d\u00e9veloppement.<br \/>\nPr\u00eat pour une aventure Twist ?<br \/>\nProcurez-vous le set Twist mains et pieds et commencez d\u00e8s aujourd&rsquo;hui \u00e0 jouer \u00e0 ce jeu actif et stimulant. Parfait pour une journ\u00e9e pleine d&rsquo;action et de plaisir. Qu&rsquo;attendez-vous ? D\u00e9fiez vos amis et votre famille pour une aventure Twist !<\/p>\n","protected":false},"excerpt":{"rendered":"<p>Hands and Feet Twist : un jeu actif et amusant pour l&rsquo;int\u00e9rieur et l&rsquo;ext\u00e9rieur ! Avec le set Twist mains et pieds de SES Creative, vous pouvez jouer \u00e0 un jeu amusant et actif partout ! Posez les mains et les pieds en mousse color\u00e9s sur le sol et essayez de marcher avec vos mains [&hellip;]<\/p>\n","protected":false},"featured_media":99068,"comment_status":"closed","ping_status":"closed","template":"","meta":{"_acf_changed":false},"product_brand":[],"product_cat":[126],"product_tag":[],"class_list":{"0":"post-118101","1":"product","2":"type-product","3":"status-publish","4":"has-post-thumbnail","6":"product_cat-jeux-dexterieur","7":"pa_collecties-fitness-kids","8":"pa_leeftijd-filter-3-4-ans","9":"pa_meest-populair-bij-garcons-filles","11":"first","12":"instock","13":"shipping-taxable","14":"product-type-simple"},"acf":[],"yoast_head":"<!-- This site is optimized with the Yoast SEO plugin v27.4 - https:\/\/yoast.com\/product\/yoast-seo-wordpress\/ -->\n<title>Twist pieds et mains - SES Creative<\/title>\n<meta name=\"robots\" content=\"index, follow, max-snippet:-1, max-image-preview:large, max-video-preview:-1\" \/>\n<link rel=\"canonical\" href=\"https:\/\/ses-creative.com\/fr\/produit\/twist-pieds-et-mains\/\" \/>\n<meta property=\"og:locale\" content=\"fr_FR\" \/>\n<meta property=\"og:type\" content=\"article\" \/>\n<meta property=\"og:title\" content=\"Twist pieds et mains - SES Creative\" \/>\n<meta property=\"og:description\" content=\"Hands and Feet Twist : un jeu actif et amusant pour l&rsquo;int\u00e9rieur et l&rsquo;ext\u00e9rieur ! Avec le set Twist mains et pieds de SES Creative, vous pouvez jouer \u00e0 un jeu amusant et actif partout ! Posez les mains et les pieds en mousse color\u00e9s sur le sol et essayez de marcher avec vos mains [&hellip;]\" \/>\n<meta property=\"og:url\" content=\"https:\/\/ses-creative.com\/fr\/produit\/twist-pieds-et-mains\/\" \/>\n<meta property=\"og:site_name\" content=\"SES Creative\" \/>\n<meta property=\"article:modified_time\" content=\"2026-02-12T10:22:29+00:00\" \/>\n<meta name=\"twitter:card\" content=\"summary_large_image\" \/>\n<meta name=\"twitter:label1\" content=\"Dur\u00e9e de lecture estim\u00e9e\" \/>\n\t<meta name=\"twitter:data1\" content=\"2 minutes\" \/>\n<script type=\"application\/ld+json\" class=\"yoast-schema-graph\">{\"@context\":\"https:\\\/\\\/schema.org\",\"@graph\":[{\"@type\":\"WebPage\",\"@id\":\"https:\\\/\\\/ses-creative.com\\\/fr\\\/produit\\\/twist-pieds-et-mains\\\/\",\"url\":\"https:\\\/\\\/ses-creative.com\\\/fr\\\/produit\\\/twist-pieds-et-mains\\\/\",\"name\":\"Twist pieds et mains - SES Creative\",\"isPartOf\":{\"@id\":\"https:\\\/\\\/ses-creative.com\\\/#website\"},\"primaryImageOfPage\":{\"@id\":\"https:\\\/\\\/ses-creative.com\\\/fr\\\/produit\\\/twist-pieds-et-mains\\\/#primaryimage\"},\"image\":{\"@id\":\"https:\\\/\\\/ses-creative.com\\\/fr\\\/produit\\\/twist-pieds-et-mains\\\/#primaryimage\"},\"thumbnailUrl\":\"https:\\\/\\\/ses-creative.com\\\/wp-content\\\/uploads\\\/2026\\\/01\\\/022491.jpg\",\"datePublished\":\"2026-02-12T10:08:39+00:00\",\"dateModified\":\"2026-02-12T10:22:29+00:00\",\"breadcrumb\":{\"@id\":\"https:\\\/\\\/ses-creative.com\\\/fr\\\/produit\\\/twist-pieds-et-mains\\\/#breadcrumb\"},\"inLanguage\":\"fr-FR\",\"potentialAction\":[{\"@type\":\"ReadAction\",\"target\":[\"https:\\\/\\\/ses-creative.com\\\/fr\\\/produit\\\/twist-pieds-et-mains\\\/\"]}]},{\"@type\":\"ImageObject\",\"inLanguage\":\"fr-FR\",\"@id\":\"https:\\\/\\\/ses-creative.com\\\/fr\\\/produit\\\/twist-pieds-et-mains\\\/#primaryimage\",\"url\":\"https:\\\/\\\/ses-creative.com\\\/wp-content\\\/uploads\\\/2026\\\/01\\\/022491.jpg\",\"contentUrl\":\"https:\\\/\\\/ses-creative.com\\\/wp-content\\\/uploads\\\/2026\\\/01\\\/022491.jpg\",\"width\":1000,\"height\":1000},{\"@type\":\"BreadcrumbList\",\"@id\":\"https:\\\/\\\/ses-creative.com\\\/fr\\\/produit\\\/twist-pieds-et-mains\\\/#breadcrumb\",\"itemListElement\":[{\"@type\":\"ListItem\",\"position\":1,\"name\":\"Boutique\",\"item\":\"https:\\\/\\\/ses-creative.com\\\/fr\\\/boutique\\\/\"},{\"@type\":\"ListItem\",\"position\":2,\"name\":\"Jeux d\u2019ext\u00e9rieur\",\"item\":\"https:\\\/\\\/ses-creative.com\\\/fr\\\/product-categorie\\\/jeux-dexterieur\\\/\"},{\"@type\":\"ListItem\",\"position\":3,\"name\":\"Twist pieds et mains\"}]},{\"@type\":\"WebSite\",\"@id\":\"https:\\\/\\\/ses-creative.com\\\/#website\",\"url\":\"https:\\\/\\\/ses-creative.com\\\/\",\"name\":\"SES Creative\",\"description\":\"\",\"publisher\":{\"@id\":\"https:\\\/\\\/ses-creative.com\\\/#organization\"},\"potentialAction\":[{\"@type\":\"SearchAction\",\"target\":{\"@type\":\"EntryPoint\",\"urlTemplate\":\"https:\\\/\\\/ses-creative.com\\\/?s={search_term_string}\"},\"query-input\":{\"@type\":\"PropertyValueSpecification\",\"valueRequired\":true,\"valueName\":\"search_term_string\"}}],\"inLanguage\":\"fr-FR\"},{\"@type\":\"Organization\",\"@id\":\"https:\\\/\\\/ses-creative.com\\\/#organization\",\"name\":\"SES Creative\",\"url\":\"https:\\\/\\\/ses-creative.com\\\/\",\"logo\":{\"@type\":\"ImageObject\",\"inLanguage\":\"fr-FR\",\"@id\":\"https:\\\/\\\/ses-creative.com\\\/#\\\/schema\\\/logo\\\/image\\\/\",\"url\":\"https:\\\/\\\/ses-creative.com\\\/wp-content\\\/uploads\\\/2025\\\/10\\\/ses-creative-logo.jpg\",\"contentUrl\":\"https:\\\/\\\/ses-creative.com\\\/wp-content\\\/uploads\\\/2025\\\/10\\\/ses-creative-logo.jpg\",\"width\":2037,\"height\":2037,\"caption\":\"SES Creative\"},\"image\":{\"@id\":\"https:\\\/\\\/ses-creative.com\\\/#\\\/schema\\\/logo\\\/image\\\/\"}}]}<\/script>\n<!-- \/ Yoast SEO plugin. -->","yoast_head_json":{"title":"Twist pieds et mains - SES Creative","robots":{"index":"index","follow":"follow","max-snippet":"max-snippet:-1","max-image-preview":"max-image-preview:large","max-video-preview":"max-video-preview:-1"},"canonical":"https:\/\/ses-creative.com\/fr\/produit\/twist-pieds-et-mains\/","og_locale":"fr_FR","og_type":"article","og_title":"Twist pieds et mains - SES Creative","og_description":"Hands and Feet Twist : un jeu actif et amusant pour l&rsquo;int\u00e9rieur et l&rsquo;ext\u00e9rieur ! Avec le set Twist mains et pieds de SES Creative, vous pouvez jouer \u00e0 un jeu amusant et actif partout ! Posez les mains et les pieds en mousse color\u00e9s sur le sol et essayez de marcher avec vos mains [&hellip;]","og_url":"https:\/\/ses-creative.com\/fr\/produit\/twist-pieds-et-mains\/","og_site_name":"SES Creative","article_modified_time":"2026-02-12T10:22:29+00:00","twitter_card":"summary_large_image","twitter_misc":{"Dur\u00e9e de lecture estim\u00e9e":"2 minutes"},"schema":{"@context":"https:\/\/schema.org","@graph":[{"@type":"WebPage","@id":"https:\/\/ses-creative.com\/fr\/produit\/twist-pieds-et-mains\/","url":"https:\/\/ses-creative.com\/fr\/produit\/twist-pieds-et-mains\/","name":"Twist pieds et mains - SES Creative","isPartOf":{"@id":"https:\/\/ses-creative.com\/#website"},"primaryImageOfPage":{"@id":"https:\/\/ses-creative.com\/fr\/produit\/twist-pieds-et-mains\/#primaryimage"},"image":{"@id":"https:\/\/ses-creative.com\/fr\/produit\/twist-pieds-et-mains\/#primaryimage"},"thumbnailUrl":"https:\/\/ses-creative.com\/wp-content\/uploads\/2026\/01\/022491.jpg","datePublished":"2026-02-12T10:08:39+00:00","dateModified":"2026-02-12T10:22:29+00:00","breadcrumb":{"@id":"https:\/\/ses-creative.com\/fr\/produit\/twist-pieds-et-mains\/#breadcrumb"},"inLanguage":"fr-FR","potentialAction":[{"@type":"ReadAction","target":["https:\/\/ses-creative.com\/fr\/produit\/twist-pieds-et-mains\/"]}]},{"@type":"ImageObject","inLanguage":"fr-FR","@id":"https:\/\/ses-creative.com\/fr\/produit\/twist-pieds-et-mains\/#primaryimage","url":"https:\/\/ses-creative.com\/wp-content\/uploads\/2026\/01\/022491.jpg","contentUrl":"https:\/\/ses-creative.com\/wp-content\/uploads\/2026\/01\/022491.jpg","width":1000,"height":1000},{"@type":"BreadcrumbList","@id":"https:\/\/ses-creative.com\/fr\/produit\/twist-pieds-et-mains\/#breadcrumb","itemListElement":[{"@type":"ListItem","position":1,"name":"Boutique","item":"https:\/\/ses-creative.com\/fr\/boutique\/"},{"@type":"ListItem","position":2,"name":"Jeux d\u2019ext\u00e9rieur","item":"https:\/\/ses-creative.com\/fr\/product-categorie\/jeux-dexterieur\/"},{"@type":"ListItem","position":3,"name":"Twist pieds et mains"}]},{"@type":"WebSite","@id":"https:\/\/ses-creative.com\/#website","url":"https:\/\/ses-creative.com\/","name":"SES Creative","description":"","publisher":{"@id":"https:\/\/ses-creative.com\/#organization"},"potentialAction":[{"@type":"SearchAction","target":{"@type":"EntryPoint","urlTemplate":"https:\/\/ses-creative.com\/?s={search_term_string}"},"query-input":{"@type":"PropertyValueSpecification","valueRequired":true,"valueName":"search_term_string"}}],"inLanguage":"fr-FR"},{"@type":"Organization","@id":"https:\/\/ses-creative.com\/#organization","name":"SES Creative","url":"https:\/\/ses-creative.com\/","logo":{"@type":"ImageObject","inLanguage":"fr-FR","@id":"https:\/\/ses-creative.com\/#\/schema\/logo\/image\/","url":"https:\/\/ses-creative.com\/wp-content\/uploads\/2025\/10\/ses-creative-logo.jpg","contentUrl":"https:\/\/ses-creative.com\/wp-content\/uploads\/2025\/10\/ses-creative-logo.jpg","width":2037,"height":2037,"caption":"SES Creative"},"image":{"@id":"https:\/\/ses-creative.com\/#\/schema\/logo\/image\/"}}]}},"_links":{"self":[{"href":"https:\/\/ses-creative.com\/fr\/wp-json\/wp\/v2\/product\/118101","targetHints":{"allow":["GET"]}}],"collection":[{"href":"https:\/\/ses-creative.com\/fr\/wp-json\/wp\/v2\/product"}],"about":[{"href":"https:\/\/ses-creative.com\/fr\/wp-json\/wp\/v2\/types\/product"}],"replies":[{"embeddable":true,"href":"https:\/\/ses-creative.com\/fr\/wp-json\/wp\/v2\/comments?post=118101"}],"wp:featuredmedia":[{"embeddable":true,"href":"https:\/\/ses-creative.com\/fr\/wp-json\/wp\/v2\/media\/99068"}],"wp:attachment":[{"href":"https:\/\/ses-creative.com\/fr\/wp-json\/wp\/v2\/media?parent=118101"}],"wp:term":[{"taxonomy":"product_brand","embeddable":true,"href":"https:\/\/ses-creative.com\/fr\/wp-json\/wp\/v2\/product_brand?post=118101"},{"taxonomy":"product_cat","embeddable":true,"href":"https:\/\/ses-creative.com\/fr\/wp-json\/wp\/v2\/product_cat?post=118101"},{"taxonomy":"product_tag","embeddable":true,"href":"https:\/\/ses-creative.com\/fr\/wp-json\/wp\/v2\/product_tag?post=118101"}],"curies":[{"name":"wp","href":"https:\/\/api.w.org\/{rel}","templated":true}]}}